{"id":458,"date":"2015-08-10T15:45:09","date_gmt":"2015-08-10T18:45:09","guid":{"rendered":"https:\/\/wp.ufpel.edu.br\/agrometeorologia\/?page_id=458"},"modified":"2026-04-03T00:03:58","modified_gmt":"2026-04-03T03:03:58","slug":"movimento-aparente-do-sol","status":"publish","type":"page","link":"https:\/\/wp.ufpel.edu.br\/agrometeorologia\/informacoes\/movimento-aparente-do-sol\/","title":{"rendered":"Movimento aparente do Sol"},"content":{"rendered":"<p><span style=\"color: #008080;\"><strong>#Anima\u00e7\u00f5es Interativas sobre o movimento aparente do Sol<\/strong><\/span><\/p>\n<p>A anima\u00e7\u00e3o interativa abaixo mostra a varia\u00e7\u00e3o do comprimento do dia em horas (Number of Daylight Hours) ao longo do ano para a latitude escolhida (em graus). Note que no Hemist\u00e9rio Norte (HN) o sinal \u00e9 positivo e no Hemisf\u00e9rio Sul (HS) \u00e9 negativo.<\/p>\n<p>Aproveite para verificar a varia\u00e7\u00e3o da\u00a0dura\u00e7\u00e3o do comprimento do dia em diferentes dias do ano e para diferentes latitudes.<\/p>\n<p><span style=\"color: #ff0000;\">ATEN\u00c7\u00c3O<\/span>: esta anima\u00e7\u00e3o foi desenvolvida no HN, assim a nomenclatura dos equin\u00f3cios e solst\u00edcios \u00e9 invertida, como foi discutido em aula. Deste modo, o Solst\u00edcio de ver\u00e3o no HS corresponde ao &#8216;winter solstice&#8217; e o Solst\u00edcio de inverno no HS corresponde ao &#8216;summer solstice&#8217;. Da mesma forma, o equin\u00f3cio de primavera no HS equivale ao &#8216;vernal equinox&#8217; e o equin\u00f3cio de outono no HS corresponde ao &#8216;autumnal equinox&#8217;.<\/p>\n<p>&nbsp;<\/p>\n<p><a href=\"https:\/\/astro.unl.edu\/classaction\/animations\/coordsmotion\/daylighthoursexplorer.html\"><img data-recalc-dims=\"1\" class=\"\" src=\"https:\/\/i0.wp.com\/wp.ufpel.edu.br\/agrometeorologia\/files\/2022\/08\/2022-08-08.png?resize=578%2C298&#038;ssl=1\" width=\"578\" height=\"298\" \/><\/a><\/p>\n<p>Nesta outra anima\u00e7\u00e3o interativa \u00e9 poss\u00edvel obervar as rela\u00e7\u00f5es Terra-Sol\u00a0ao longo de um ano, demonstrando como as esta\u00e7\u00f5es ocorrem. Este simulador permite a escolha latitude do observador clicando e deslocando o observador sobre a ilustra\u00e7\u00e3o do globo.<br \/>\nAproveite para simular para diferentes situa\u00e7\u00f5es: colocando o observador na linha do equador, tr\u00f3picos de Capric\u00f3rnio e de c\u00e2ncer, nos circulos polares, latitude aproximada de Pelotas (-31\u00ba) e\/ou qualquer outra latitude de interesse.<\/p>\n<p><a href=\"https:\/\/astro.unl.edu\/classaction\/animations\/coordsmotion\/eclipticsimulator.html\"><img data-recalc-dims=\"1\" class=\"\" src=\"https:\/\/i0.wp.com\/wp.ufpel.edu.br\/agrometeorologia\/files\/2022\/08\/2022-08-08-2.png?resize=575%2C401&#038;ssl=1\" width=\"575\" height=\"401\" \/><\/a><\/p>\n<p>&nbsp;<\/p>\n<p><a href=\"https:\/\/astro.unl.edu\/classaction\/animations\/coordsmotion\/sunmotions.html\"><img data-recalc-dims=\"1\" class=\"\" src=\"https:\/\/i0.wp.com\/wp.ufpel.edu.br\/agrometeorologia\/files\/2022\/08\/2022-08-08-1.png?resize=568%2C387&#038;ssl=1\" width=\"568\" height=\"387\" \/><\/a><\/p>\n<p>Cr\u00e9ditos das anima\u00e7\u00f5es: <a href=\"http:\/\/astro.unl.edu\/\">http:\/\/astro.unl.edu\/<\/a><\/p>\n<p>&nbsp;<\/p>\n<p><span style=\"color: #008080; font-size: 14pt;\"><strong>#Movimento aparente do Sol (V\u00eddeo)<\/strong><\/span><\/p>\n<p>V\u00eddeo sobre a influ\u00eancia do movimento de transla\u00e7\u00e3o da Terra e da inclina\u00e7\u00e3o do eixo terrestre na ocorr\u00eancia de esta\u00e7\u00f5es do ano.\u00a0Relaciona a inclina\u00e7\u00e3o dos raios solares e o trajeto dos mesmos na atmosfera terrestre\u00a0com as esta\u00e7\u00f5es do ano e analisa a posi\u00e7\u00e3o da Terra face ao Sol nos dias de Solst\u00edcio e de Equin\u00f3cio.<\/p>\n<p><iframe title=\"Esta\u00e7\u00f5es do ano\" width=\"500\" height=\"281\" src=\"https:\/\/www.youtube.com\/embed\/HB9-Eol7CGI?feature=oembed\" frameborder=\"0\" allow=\"accelerometer; autoplay; clipboard-write; encrypted-media; gyroscope; picture-in-picture; web-share\" referrerpolicy=\"strict-origin-when-cross-origin\" allowfullscreen><\/iframe><\/p>\n<p>Cr\u00e9ditos do v\u00eddeo:\u00a0http:\/\/www.casadasciencias.org\/<\/p>\n","protected":false},"excerpt":{"rendered":"<p>#Anima\u00e7\u00f5es Interativas sobre o movimento aparente do Sol A anima\u00e7\u00e3o interativa abaixo mostra a varia\u00e7\u00e3o do comprimento do dia em horas (Number of Daylight Hours) ao longo do ano para a latitude escolhida (em graus). Note que no Hemist\u00e9rio Norte (HN) o sinal \u00e9 positivo e no Hemisf\u00e9rio Sul (HS) \u00e9 negativo. Aproveite para verificar [&hellip;]<\/p>\n","protected":false},"author":322,"featured_media":0,"parent":48,"menu_order":0,"comment_status":"closed","ping_status":"closed","template":"","meta":{"jetpack_post_was_ever_published":false,"footnotes":""},"class_list":["post-458","page","type-page","status-publish","hentry"],"jetpack_sharing_enabled":true,"jetpack_shortlink":"https:\/\/wp.me\/P4ZCJ0-7o","_links":{"self":[{"href":"https:\/\/wp.ufpel.edu.br\/agrometeorologia\/wp-json\/wp\/v2\/pages\/458","targetHints":{"allow":["GET"]}}],"collection":[{"href":"https:\/\/wp.ufpel.edu.br\/agrometeorologia\/wp-json\/wp\/v2\/pages"}],"about":[{"href":"https:\/\/wp.ufpel.edu.br\/agrometeorologia\/wp-json\/wp\/v2\/types\/page"}],"author":[{"embeddable":true,"href":"https:\/\/wp.ufpel.edu.br\/agrometeorologia\/wp-json\/wp\/v2\/users\/322"}],"replies":[{"embeddable":true,"href":"https:\/\/wp.ufpel.edu.br\/agrometeorologia\/wp-json\/wp\/v2\/comments?post=458"}],"version-history":[{"count":4,"href":"https:\/\/wp.ufpel.edu.br\/agrometeorologia\/wp-json\/wp\/v2\/pages\/458\/revisions"}],"predecessor-version":[{"id":1776,"href":"https:\/\/wp.ufpel.edu.br\/agrometeorologia\/wp-json\/wp\/v2\/pages\/458\/revisions\/1776"}],"up":[{"embeddable":true,"href":"https:\/\/wp.ufpel.edu.br\/agrometeorologia\/wp-json\/wp\/v2\/pages\/48"}],"wp:attachment":[{"href":"https:\/\/wp.ufpel.edu.br\/agrometeorologia\/wp-json\/wp\/v2\/media?parent=458"}],"curies":[{"name":"wp","href":"https:\/\/api.w.org\/{rel}","templated":true}]}}