{"id":21,"date":"2014-08-28T16:13:07","date_gmt":"2014-08-28T19:13:07","guid":{"rendered":"https:\/\/wp.ufpel.edu.br\/agrometeorologia\/?page_id=21"},"modified":"2025-12-12T12:49:39","modified_gmt":"2025-12-12T15:49:39","slug":"sobre","status":"publish","type":"page","link":"https:\/\/wp.ufpel.edu.br\/agrometeorologia\/","title":{"rendered":"Sobre"},"content":{"rendered":"<p>A \u00e1rea de Agrometeorologia da FAEM oferece duas disciplinas de gradua\u00e7\u00e3o, para o curso de Agronomia, e quatro disciplinas de p\u00f3s-gradua\u00e7\u00e3o, para o <span style=\"color: #0000ff;\"><a style=\"color: #0000ff;\" href=\"https:\/\/wp.ufpel.edu.br\/spaf\/\"><strong>Programa de<\/strong>\u00a0<strong>P\u00f3s-gradua\u00e7\u00e3o em Sistemas de Produ\u00e7\u00e3o Agr\u00edcola Familiar<\/strong><\/a><\/span>; \u00a0coordena, juntamente com a Embrapa, a\u00a0<span style=\"color: #0000ff;\"><strong><a style=\"color: #0000ff;\" href=\"http:\/\/agromet.cpact.embrapa.br\/estacao\/\">Esta\u00e7\u00e3o Agroclimatol\u00f3gica de Pelotas<\/a><\/strong><\/span>; e representa a UFPel no\u00a0Conselho Permanente de Agrometeorologia Aplicada do Estado do Rio Grande do Sul (<span style=\"color: #0000ff;\"><strong><a style=\"color: #0000ff;\" href=\"https:\/\/www.agricultura.rs.gov.br\/agrometeorologia\">COPAAERGS<\/a><\/strong><\/span>). S\u00e3o desenvolvidas pesquisas em:<\/p>\n<ul>\n<li>Bioclimatologia Vegetal<\/li>\n<li>Ambiente protegido<\/li>\n<li>Balan\u00e7o de energia em sistemas agr\u00edcolas<\/li>\n<li>Fenologia<\/li>\n<li>Intera\u00e7\u00e3o Plantas x Ambiente<\/li>\n<li>Rela\u00e7\u00f5es \u00c1gua x Planta x Solo x Atmosfera<\/li>\n<\/ul>\n<p class=\"jetpack-slideshow-noscript robots-nocontent\">Este slideshow necessita de JavaScript.<\/p><div id=\"gallery-21-1-slideshow\" class=\"jetpack-slideshow-window jetpack-slideshow jetpack-slideshow-black\" data-trans=\"fade\" data-autostart=\"1\" data-gallery=\"[{&quot;src&quot;:&quot;https:\\\/\\\/i0.wp.com\\\/wp.ufpel.edu.br\\\/agrometeorologia\\\/files\\\/2016\\\/05\\\/20160510_152133-1.jpg?fit=980%2C552\\u0026ssl=1&quot;,&quot;id&quot;:&quot;663&quot;,&quot;title&quot;:&quot;20160510_152133&quot;,&quot;alt&quot;:&quot;&quot;,&quot;caption&quot;:&quot;Visita \\u00e0 Esta\\u00e7\\u00e3o Agroclimatol\\u00f3gica&quot;,&quot;itemprop&quot;:&quot;image&quot;},{&quot;src&quot;:&quot;https:\\\/\\\/i0.wp.com\\\/wp.ufpel.edu.br\\\/agrometeorologia\\\/files\\\/2015\\\/09\\\/Slide1.jpg?fit=791%2C587\\u0026ssl=1&quot;,&quot;id&quot;:&quot;517&quot;,&quot;title&quot;:&quot;Slide1&quot;,&quot;alt&quot;:&quot;&quot;,&quot;caption&quot;:&quot;Experimento Videira&quot;,&quot;itemprop&quot;:&quot;image&quot;},{&quot;src&quot;:&quot;https:\\\/\\\/i0.wp.com\\\/wp.ufpel.edu.br\\\/agrometeorologia\\\/files\\\/2018\\\/03\\\/P_20180319_155925_vHDR_Auto.jpg?fit=1177%2C662\\u0026ssl=1&quot;,&quot;id&quot;:&quot;1063&quot;,&quot;title&quot;:&quot;P_20180319_155925_vHDR_Auto&quot;,&quot;alt&quot;:&quot;&quot;,&quot;caption&quot;:&quot;Experimento Capim Sud\\u00e3o&quot;,&quot;itemprop&quot;:&quot;image&quot;},{&quot;src&quot;:&quot;https:\\\/\\\/i0.wp.com\\\/wp.ufpel.edu.br\\\/agrometeorologia\\\/files\\\/2014\\\/08\\\/estacao2-e1441202982136.jpg?fit=900%2C675\\u0026ssl=1&quot;,&quot;id&quot;:&quot;17&quot;,&quot;title&quot;:&quot;OLYMPUS DIGITAL CAMERA&quot;,&quot;alt&quot;:&quot;&quot;,&quot;caption&quot;:&quot;Esta\\u00e7\\u00e3o Agroclimatol\\u00f3gica de Pelotas (Cap\\u00e3o do Le\\u00e3o, RS)&quot;,&quot;itemprop&quot;:&quot;image&quot;},{&quot;src&quot;:&quot;https:\\\/\\\/i0.wp.com\\\/wp.ufpel.edu.br\\\/agrometeorologia\\\/files\\\/2016\\\/05\\\/ambiente-protegido.jpg?fit=741%2C556\\u0026ssl=1&quot;,&quot;id&quot;:&quot;664&quot;,&quot;title&quot;:&quot;Experimento em ambiente protegido&quot;,&quot;alt&quot;:&quot;&quot;,&quot;caption&quot;:&quot;&quot;,&quot;itemprop&quot;:&quot;image&quot;},{&quot;src&quot;:&quot;https:\\\/\\\/i0.wp.com\\\/wp.ufpel.edu.br\\\/agrometeorologia\\\/files\\\/2016\\\/05\\\/citros.jpg?fit=540%2C720\\u0026ssl=1&quot;,&quot;id&quot;:&quot;665&quot;,&quot;title&quot;:&quot;citros&quot;,&quot;alt&quot;:&quot;&quot;,&quot;caption&quot;:&quot;Experimento em citros&quot;,&quot;itemprop&quot;:&quot;image&quot;}]\" itemscope itemtype=\"https:\/\/schema.org\/ImageGallery\"><\/div>\n<hr \/>\n<p style=\"text-align: center;\">\n","protected":false},"excerpt":{"rendered":"<p>A \u00e1rea de Agrometeorologia da FAEM oferece duas disciplinas de gradua\u00e7\u00e3o, para o curso de Agronomia, e quatro disciplinas de p\u00f3s-gradua\u00e7\u00e3o, para o Programa de\u00a0P\u00f3s-gradua\u00e7\u00e3o em Sistemas de Produ\u00e7\u00e3o Agr\u00edcola Familiar; \u00a0coordena, juntamente com a Embrapa, a\u00a0Esta\u00e7\u00e3o Agroclimatol\u00f3gica de Pelotas; e representa a UFPel no\u00a0Conselho Permanente de Agrometeorologia Aplicada do Estado do Rio Grande do [&hellip;]<\/p>\n","protected":false},"author":322,"featured_media":0,"parent":0,"menu_order":0,"comment_status":"closed","ping_status":"closed","template":"","meta":{"jetpack_post_was_ever_published":false,"footnotes":""},"class_list":["post-21","page","type-page","status-publish","hentry"],"jetpack_sharing_enabled":false,"jetpack_shortlink":"https:\/\/wp.me\/P4ZCJ0-l","_links":{"self":[{"href":"https:\/\/wp.ufpel.edu.br\/agrometeorologia\/wp-json\/wp\/v2\/pages\/21","targetHints":{"allow":["GET"]}}],"collection":[{"href":"https:\/\/wp.ufpel.edu.br\/agrometeorologia\/wp-json\/wp\/v2\/pages"}],"about":[{"href":"https:\/\/wp.ufpel.edu.br\/agrometeorologia\/wp-json\/wp\/v2\/types\/page"}],"author":[{"embeddable":true,"href":"https:\/\/wp.ufpel.edu.br\/agrometeorologia\/wp-json\/wp\/v2\/users\/322"}],"replies":[{"embeddable":true,"href":"https:\/\/wp.ufpel.edu.br\/agrometeorologia\/wp-json\/wp\/v2\/comments?post=21"}],"version-history":[{"count":4,"href":"https:\/\/wp.ufpel.edu.br\/agrometeorologia\/wp-json\/wp\/v2\/pages\/21\/revisions"}],"predecessor-version":[{"id":1769,"href":"https:\/\/wp.ufpel.edu.br\/agrometeorologia\/wp-json\/wp\/v2\/pages\/21\/revisions\/1769"}],"wp:attachment":[{"href":"https:\/\/wp.ufpel.edu.br\/agrometeorologia\/wp-json\/wp\/v2\/media?parent=21"}],"curies":[{"name":"wp","href":"https:\/\/api.w.org\/{rel}","templated":true}]}}