{"id":122,"date":"2014-08-29T11:06:15","date_gmt":"2014-08-29T14:06:15","guid":{"rendered":"https:\/\/wp.ufpel.edu.br\/agrometeorologia\/?page_id=122"},"modified":"2015-03-31T11:28:33","modified_gmt":"2015-03-31T14:28:33","slug":"instrumentos-meteorologicos","status":"publish","type":"page","link":"https:\/\/wp.ufpel.edu.br\/agrometeorologia\/informacoes\/instrumentos-meteorologicos\/","title":{"rendered":"Instrumentos Meteorol\u00f3gicos"},"content":{"rendered":"<p>Um dos requisitos b\u00e1sicos para qualquer estudo cient\u00edfico da atmosfera \u00e9 a observa\u00e7\u00e3o. Embora os nossos sentidos, em especial a vis\u00e3o e o tato, permitam realizar uma s\u00e9rie de observa\u00e7\u00f5es na natureza (observa\u00e7\u00f5es sensoriais), como, por exemplo, a dire\u00e7\u00e3o do vento, atrav\u00e9s do movimento das folhas ou da dire\u00e7\u00e3o da fuma\u00e7a em uma chamin\u00e9, invariavelmente, somos obrigados a recorrer ao uso de instrumentos para medidas precisas (observa\u00e7\u00f5es instrumentais) Em meteorologia, os par\u00e2metros medidos com o uso de instrumentos s\u00e3o:<\/p>\n<ul>\n<li>Dura\u00e7\u00e3o do brilho solar;<\/li>\n<li>Temperatura do ar, da \u00e1gua e do solo;<\/li>\n<li>Press\u00e3o atmosf\u00e9rica;<\/li>\n<li>Umidade do solo;<\/li>\n<li>Velocidade e dire\u00e7\u00e3o do vento;<\/li>\n<li>Quantidade e dura\u00e7\u00e3o da chuva;<\/li>\n<li>Quantidade de evapora\u00e7\u00e3o e evapotranspira\u00e7\u00e3o;<\/li>\n<li>Radia\u00e7\u00e3o solar.<\/li>\n<\/ul>\n<p><span style=\"color: #000000\">Os instrumentos meteorol\u00f3gicos para fins cient\u00edficos devem atender aos seguintes requisitos: regularidade de funcionamento, precis\u00e3o, comodidade de manejo e solidez de constru\u00e7\u00e3o.<\/span><br style=\"color: #000000\" \/><br style=\"color: #000000\" \/><span style=\"color: #000000\">De acordo com a maneira de realizar a leitura, os instrumentos meteorol\u00f3gicos podem ser divididos em duas categorias: instrumentos de leitura direta e instrumentos registradores. Os primeiros s\u00e3o mais precisos, por\u00e9m cada medida necessita de uma leitura. Os instrumentos registradores permitem um registro cont\u00ednuo do valor da medida<\/span><br style=\"color: #000000\" \/><br style=\"color: #000000\" \/><span style=\"color: #000000\">Instrumentos meteorol\u00f3gicos mais comuns utilizados em esta\u00e7\u00f5es meteorol\u00f3gicas convencionais s\u00e3o:<\/span><br style=\"color: #000000\" \/><br style=\"color: #000000\" \/><span style=\"color: #000000\">Anem\u00f3grafo &#8211;\u00a0<\/span><span style=\"color: #3366ff\"><a style=\"color: #3366ff\" href=\"https:\/\/wp.ufpel.edu.br\/agrometeorologia\/files\/2014\/08\/anemografo141.jpg\">mede<\/a><\/span><span style=\"color: #000000\"><span style=\"color: #3366ff\">\u00a0<\/span>e\u00a0<\/span><span style=\"color: #3366ff\"><a style=\"color: #3366ff\" href=\"https:\/\/wp.ufpel.edu.br\/agrometeorologia\/files\/2014\/08\/anemografo106.jpg\">registra<\/a><\/span><span style=\"color: #000000\">\u00a0continuamente a dire\u00e7\u00e3o (em graus) da velocidade do vento (m s<\/span><sup style=\"color: #000000\">-1<\/sup><span style=\"color: #000000\">), a dist\u00e2ncia total (em Km) percorrida pelo vento e as rajadas (em m s<\/span><sup style=\"color: #000000\">-1<\/sup><span style=\"color: #000000\">).<\/span><br style=\"color: #000000\" \/><br style=\"color: #000000\" \/><span style=\"color: #3366ff\"><a style=\"color: #3366ff\" href=\"https:\/\/wp.ufpel.edu.br\/agrometeorologia\/files\/2014\/08\/anemometro14a1.jpg\" target=\"_blank\">Anem\u00f4metro<\/a><\/span><span style=\"color: #000000\">\u00a0&#8211; Mede a velocidade do vento (m s<\/span><sup style=\"color: #000000\">-1<\/sup><span style=\"color: #000000\">) e, em alguns tipos, tamb\u00e9m a dire\u00e7\u00e3o<\/span><br style=\"color: #000000\" \/><span style=\"color: #000000\">(em graus).<\/span><br style=\"color: #000000\" \/><br style=\"color: #000000\" \/><span style=\"color: #3366ff\"><a style=\"color: #3366ff\" href=\"https:\/\/wp.ufpel.edu.br\/agrometeorologia\/files\/2014\/08\/Barografo.jpg\" target=\"_blank\">Bar\u00f3grafo<\/a><\/span><span style=\"color: #000000\">\u00a0&#8211; Registra continuamente a press\u00e3o atmosf\u00e9rica em mil\u00edmetros de merc\u00fario (mm Hg) o em milibares (mb). No Sistema Internacional de Unidades, a unidade de press\u00e3o \u00e9 o hectopascal (hPa). 1 hPa = 1 mb.<\/span><br style=\"color: #000000\" \/><br style=\"color: #000000\" \/><span style=\"color: #3366ff\"><a style=\"color: #3366ff\" href=\"https:\/\/wp.ufpel.edu.br\/agrometeorologia\/files\/2014\/08\/barografo109.jpg\" target=\"_blank\">Bar\u00f4metro de Merc\u00fario<\/a><\/span><span style=\"color: #000000\"><span style=\"color: #3366ff\">\u00a0<\/span>&#8211; Instrumento para medir a press\u00e3o atmosf\u00e9rica, a qual se equilibra com o peso de uma coluna de merc\u00fario. As unidades de medida s\u00e3o: mil\u00edmetro de merc\u00fario (mm Hg),\u00a0 milibar (mb) e hectopascal (hPa).<\/span><br style=\"color: #000000\" \/><br style=\"color: #000000\" \/><span style=\"color: #3366ff\"><a style=\"color: #3366ff\" href=\"http:\/\/asignatura.us.es\/pfitotecnia\/textosC\/imagenes\/Fig33.jpg\" target=\"_blank\">Evapor\u00edmetro de Pich\u00e9<\/a><\/span><span style=\"color: #000000\">\u00a0<\/span><span style=\"color: #000000\">\u00a0<\/span><span style=\"color: #000000\">&#8211; Instrumento para medir a quantidade de \u00e1gua que evapora para atmosfera durante um intervalo de tempo. Denomina-se tamb\u00e9m como um\u00a0<\/span><span style=\"color: #3366ff;text-decoration: underline\">atm\u00f4metro<\/span><span style=\"color: #000000\">. A unidade de medida \u00e9 mil\u00edmetro de \u00e1gua evaporada.<\/span><br style=\"color: #000000\" \/><br style=\"color: #000000\" \/><span style=\"color: #3366ff\"><a style=\"color: #3366ff\" href=\"https:\/\/wp.ufpel.edu.br\/agrometeorologia\/files\/2014\/08\/heliografo41.jpg\" target=\"_blank\">Heli\u00f3grafo<\/a><\/span><span style=\"color: #000000\">\u00a0&#8211; Instrumento que registra a dura\u00e7\u00e3o da insola\u00e7\u00e3o ou brilho solar, em horas e d\u00e9cimos.<\/span><br style=\"color: #000000\" \/><br style=\"color: #000000\" \/><span style=\"color: #3366ff\"><a style=\"color: #3366ff\" href=\"https:\/\/wp.ufpel.edu.br\/agrometeorologia\/files\/2014\/08\/higrografo.jpg\" target=\"_blank\">Higr\u00f3grafo<\/a><\/span><span style=\"color: #000000\"><span style=\"color: #3366ff\">\u00a0<\/span>&#8211; Instrumento que registra a umidade relativa do ar (%).<\/span><br style=\"color: #000000\" \/><br style=\"color: #000000\" \/><span style=\"color: #3366ff\"><a style=\"color: #3366ff\" href=\"https:\/\/wp.ufpel.edu.br\/agrometeorologia\/files\/2014\/08\/higrotermografo.jpg\" target=\"_blank\">Termohigr\u00f3grafo<\/a><\/span><span style=\"color: #000000\"><span style=\"color: #3366ff\">\u00a0<\/span>&#8211; Mede e registra, simultaneamente, a temperatura (\u00b0C) e a umidade relativa do ar (%).<\/span><br style=\"color: #000000\" \/><br style=\"color: #000000\" \/><span style=\"color: #3366ff\"><a style=\"color: #3366ff\" href=\"https:\/\/wp.ufpel.edu.br\/agrometeorologia\/files\/2014\/08\/microbarografo.jpg\" target=\"_blank\">Microbar\u00f3grafo<\/a><\/span><span style=\"color: #000000\"><span style=\"color: #3366ff\">\u00a0<\/span>&#8211; Semelhante ao bar\u00f3grafo, por\u00e9m mede e registra varia\u00e7\u00f5es da press\u00e3o muito menores.<\/span><br style=\"color: #000000\" \/><br style=\"color: #000000\" \/><span style=\"color: #3366ff\"><a style=\"color: #3366ff\" href=\"images\/piranometro.jpg\" target=\"_blank\">Piran\u00f4metro<\/a><\/span><span style=\"color: #000000\">\u00a0&#8211; Mede a radia\u00e7\u00e3o solar global.<\/span><br style=\"color: #000000\" \/><br style=\"color: #000000\" \/><span style=\"color: #3366ff\"><a style=\"color: #3366ff\" href=\"https:\/\/wp.ufpel.edu.br\/agrometeorologia\/files\/2014\/08\/pluviografo.jpg\" target=\"_blank\">Pluvi\u00f3grafo<\/a><\/span><span style=\"color: #000000\">\u00a0&#8211; Mede e registra a quantidade e a dura\u00e7\u00e3o da chuva.<\/span><br style=\"color: #000000\" \/><br style=\"color: #000000\" \/><span style=\"color: #3366ff\"><a style=\"color: #3366ff\" href=\"https:\/\/wp.ufpel.edu.br\/agrometeorologia\/files\/2014\/08\/pluvimometro86.jpg\" target=\"_blank\">Pluvi\u00f4metro<\/a><\/span><span style=\"color: #000000\">\u00a0&#8211; Mede a quantidade de chuva.<\/span><br style=\"color: #000000\" \/><br style=\"color: #000000\" \/><span style=\"color: #3366ff\"><a style=\"color: #3366ff\" href=\"https:\/\/wp.ufpel.edu.br\/agrometeorologia\/files\/2014\/08\/psicrometro.jpg\" target=\"_blank\">Psicr\u00f4metro<\/a><\/span><span style=\"color: #000000\"><span style=\"color: #3366ff\">\u00a0<\/span>&#8211; Permite o c\u00e1lculo da umidade relativa do ar (%) a partir das medidas das temperaturas de bulbo seco e \u00famido.<\/span><br style=\"color: #000000\" \/><br style=\"color: #000000\" \/><span style=\"color: #3366ff\"><a style=\"color: #3366ff\" href=\"https:\/\/wp.ufpel.edu.br\/agrometeorologia\/files\/2014\/08\/tanque_classea.jpg\" target=\"_blank\">Tanque Evaporim\u00e9trico<\/a><\/span><span style=\"color: #000000\"><span style=\"color: #3366ff\">\u00a0<\/span>&#8211; Mede a evapora\u00e7\u00e3o em mil\u00edmetros (mm) pela diminui\u00e7\u00e3o do n\u00edvel da \u00e1gua.<\/span><br style=\"color: #000000\" \/><br style=\"color: #000000\" \/><span style=\"color: #3366ff\"><a style=\"color: #3366ff\" href=\"https:\/\/wp.ufpel.edu.br\/agrometeorologia\/files\/2014\/08\/termografo.jpg\" target=\"_blank\">Term\u00f3grafo<\/a><\/span><span style=\"color: #000000\">\u00a0&#8211; Registra a temperatura do ar.<\/span><br style=\"color: #000000\" \/><br style=\"color: #000000\" \/><span style=\"color: #3366ff\"><a style=\"color: #3366ff\" href=\"https:\/\/wp.ufpel.edu.br\/agrometeorologia\/files\/2014\/08\/termmaxmin.jpg\" target=\"_blank\">Term\u00f4metros de M\u00e1xima e M\u00ednima<\/a><\/span><span style=\"color: #000000\">\u00a0&#8211; Indicam as temperaturas m\u00e1xima e m\u00ednima do ar (\u00b0C) ocorridas no dia.<\/span><br style=\"color: #000000\" \/><br style=\"color: #000000\" \/><span style=\"color: #3366ff\"><a style=\"color: #3366ff\" href=\"https:\/\/wp.ufpel.edu.br\/agrometeorologia\/files\/2014\/08\/termsolo.jpg\" target=\"_blank\">Geoterm\u00f4metros<\/a><\/span><span style=\"color: #000000\"><span style=\"color: #3366ff\">\u00a0<\/span>&#8211; Indicam a temperatura do solo em diversas profundidades<\/span><\/p>\n","protected":false},"excerpt":{"rendered":"<p>Um dos requisitos b\u00e1sicos para qualquer estudo cient\u00edfico da atmosfera \u00e9 a observa\u00e7\u00e3o. Embora os nossos sentidos, em especial a vis\u00e3o e o tato, permitam realizar uma s\u00e9rie de observa\u00e7\u00f5es na natureza (observa\u00e7\u00f5es sensoriais), como, por exemplo, a dire\u00e7\u00e3o do vento, atrav\u00e9s do movimento das folhas ou da dire\u00e7\u00e3o da fuma\u00e7a em uma chamin\u00e9, invariavelmente, [&hellip;]<\/p>\n","protected":false},"author":322,"featured_media":0,"parent":48,"menu_order":0,"comment_status":"closed","ping_status":"closed","template":"","meta":{"jetpack_post_was_ever_published":false,"footnotes":""},"class_list":["post-122","page","type-page","status-publish","hentry"],"jetpack_sharing_enabled":true,"jetpack_shortlink":"https:\/\/wp.me\/P4ZCJ0-1Y","_links":{"self":[{"href":"https:\/\/wp.ufpel.edu.br\/agrometeorologia\/wp-json\/wp\/v2\/pages\/122","targetHints":{"allow":["GET"]}}],"collection":[{"href":"https:\/\/wp.ufpel.edu.br\/agrometeorologia\/wp-json\/wp\/v2\/pages"}],"about":[{"href":"https:\/\/wp.ufpel.edu.br\/agrometeorologia\/wp-json\/wp\/v2\/types\/page"}],"author":[{"embeddable":true,"href":"https:\/\/wp.ufpel.edu.br\/agrometeorologia\/wp-json\/wp\/v2\/users\/322"}],"replies":[{"embeddable":true,"href":"https:\/\/wp.ufpel.edu.br\/agrometeorologia\/wp-json\/wp\/v2\/comments?post=122"}],"version-history":[{"count":11,"href":"https:\/\/wp.ufpel.edu.br\/agrometeorologia\/wp-json\/wp\/v2\/pages\/122\/revisions"}],"predecessor-version":[{"id":339,"href":"https:\/\/wp.ufpel.edu.br\/agrometeorologia\/wp-json\/wp\/v2\/pages\/122\/revisions\/339"}],"up":[{"embeddable":true,"href":"https:\/\/wp.ufpel.edu.br\/agrometeorologia\/wp-json\/wp\/v2\/pages\/48"}],"wp:attachment":[{"href":"https:\/\/wp.ufpel.edu.br\/agrometeorologia\/wp-json\/wp\/v2\/media?parent=122"}],"curies":[{"name":"wp","href":"https:\/\/api.w.org\/{rel}","templated":true}]}}