{"id":1079,"date":"2018-03-28T15:20:56","date_gmt":"2018-03-28T18:20:56","guid":{"rendered":"https:\/\/wp.ufpel.edu.br\/agrometeorologia\/?page_id=1079"},"modified":"2025-04-25T09:25:44","modified_gmt":"2025-04-25T12:25:44","slug":"disciplinas-da-pos-graduacao","status":"publish","type":"page","link":"https:\/\/wp.ufpel.edu.br\/agrometeorologia\/ementa-da-disciplina\/disciplinas-da-pos-graduacao\/","title":{"rendered":"Disciplinas da P\u00f3s-gradua\u00e7\u00e3o"},"content":{"rendered":"<h2 style=\"text-align: start;\"><strong><span style=\"color: #3366ff;\">ADVERSIDADES CLIM\u00c1TICAS NA AGRICULTURA <\/span><\/strong><span style=\"font-size: 12pt;\"><em><span style=\"color: #3366ff;\"><span style=\"color: #000000;\">(Ofertada no PPG SPAF no 2\u00ba semestre letivo)<\/span><\/span><\/em><\/span><strong><span style=\"color: #3366ff;\"><br \/>\n<\/span><\/strong><\/h2>\n<p>c\u00f3digo: 218165 | carga hor\u00e1ria: 4-0-0 | II semestre<\/p>\n<p>Regente: <a class=\"link\" href=\"https:\/\/wp.ufpel.edu.br\/spaf\/docentes\/edgar-ricardo-schoffel\/\">Edgar Ricardo Sch\u00f6ffel<\/a><\/p>\n<p>Colaborador: <a class=\"link\" href=\"https:\/\/wp.ufpel.edu.br\/spaf\/docentes\/roberto-trentin\/\">Roberto Trentin<\/a><\/p>\n<p>Ementa:<br \/>\nFundamentos sobre a forma\u00e7\u00e3o, previs\u00e3o e determina\u00e7\u00e3o dos fen\u00f4menos clim\u00e1ticos adversos: temperaturas extremas, d\u00e9ficit h\u00eddrico, chuvas excessivas, granizo e vento. Medidas para controle ou combate das adversidades clim\u00e1ticas. Influ\u00eancia das adversidades clim\u00e1ticas na produ\u00e7\u00e3o das principais esp\u00e9cies cultivadas.<\/p>\n<p>&nbsp;<\/p>\n<hr \/>\n<h2><span style=\"color: #3366ff;\"><strong>AGROMETEOROLOGIA\u00a0<\/strong><span style=\"font-size: 12pt;\"><em><span style=\"color: #000000;\">(Ofertada no PPG SPAF no 1\u00ba semestre letivo)<\/span><\/em><\/span><\/span><\/h2>\n<p>c\u00f3digo: 218065 | carga hor\u00e1ria: 4-0-0 | I semestre<\/p>\n<p>Regente: <a class=\"link\" href=\"https:\/\/wp.ufpel.edu.br\/spaf\/docentes\/edgar-ricardo-schoffel\/\">Edgar Ricardo Sch\u00f6ffel<\/a><\/p>\n<p>Colaborador: <a class=\"link\" href=\"https:\/\/wp.ufpel.edu.br\/spaf\/docentes\/roberto-trentin\/\">Roberto Trentin<\/a><\/p>\n<div class=\"docente\">Ementa:<br \/>\nCaracteriza\u00e7\u00e3o da radia\u00e7\u00e3o solar, intercepta\u00e7\u00e3o e uso pelas culturas. Balan\u00e7o de energia. Modifica\u00e7\u00f5es t\u00e9rmicas do solo. Exig\u00eancias t\u00e9rmicas das culturas. Consumo de \u00e1gua. Balan\u00e7o h\u00eddrico. Elementos clim\u00e1ticos adversos (geada, precipita\u00e7\u00f5es excessivas \u2026). Caracteriza\u00e7\u00e3o agroclim\u00e1tica de ambientes protegidos.<\/div>\n<div class=\"docente\"><\/div>\n<div class=\"docente\">\n<hr \/>\n<h2><span style=\"color: #3366ff;\"><strong>ECOLOGIA AGR\u00cdCOLA<span style=\"font-size: 14pt;\">\u00a0<\/span><\/strong><span style=\"font-size: 12pt;\"><em><span style=\"color: #000000;\">(Ofertada no PPG SPAF no 2\u00ba semestre letivo)<\/span><\/em><\/span><\/span><\/h2>\n<\/div>\n<div class=\"docente\">c\u00f3digo: D001031 | carga hor\u00e1ria: 4-0-0 | II semestre<\/div>\n<div class=\"docente\">\n<p>Regente:\u00a0<a href=\"https:\/\/wp.ufpel.edu.br\/spaf\/docentes\/roberto-trentin\/\">Roberto Trentin<\/a><\/p>\n<p>Colaborador: <a href=\"https:\/\/wp.ufpel.edu.br\/spaf\/docentes\/edgar-ricardo-schoffel\/\">Edgar Ricardo Sch\u00f6ffel<\/a><\/p>\n<p>Ementa:<br \/>\nConceitos e fundamentos b\u00e1sicos de ecologia. Ecologia aplicada \u00e0s esp\u00e9cies vegetais. Fatores ecol\u00f3gicos que afetam o crescimento e desenvolvimento dos vegetais e a produtividade das culturas agr\u00edcolas. Avalia\u00e7\u00e3o do crescimento e desenvolvimento das plantas cultivadas.\u00a0 Zoneamento agr\u00edcola e sua utiliza\u00e7\u00e3o no planejamento das atividades agr\u00edcolas.<\/p>\n<\/div>\n<div class=\"docente\"><\/div>\n<div class=\"docente\">\n<hr \/>\n<h2><strong style=\"color: #3366ff; font-size: 16px;\"><span style=\"font-size: 18pt;\">Fenologia de culturas anuais e perenes<\/span> <\/strong><em style=\"color: #3366ff; font-size: 16px;\"><span style=\"color: #000000;\">(Ofertada no PPG SPAF no 2\u00ba semestre letivo)<\/span><\/em><\/h2>\n<\/div>\n<p>c\u00f3digo: 218080 | carga hor\u00e1ria: 4-0-0 | I semestre<\/p>\n<p>Regente:\u00a0<a href=\"https:\/\/wp.ufpel.edu.br\/spaf\/docentes\/roberto-trentin\/\">Roberto Trentin<\/a><\/p>\n<p>Colaborador: <a href=\"https:\/\/wp.ufpel.edu.br\/spaf\/docentes\/edgar-ricardo-schoffel\/\">Edgar Ricardo Sch\u00f6ffel<\/a><\/p>\n<div class=\"docente\">Ementa:<br \/>\nEntender os principais conceitos envolvidos em estudos do desenvolvimento vegetal. Apresenta\u00e7\u00e3o das escalas de desenvolvimento das principais culturas agr\u00edcolas anuais e perenes. Descri\u00e7\u00e3o e an\u00e1lise dos crit\u00e9rios utilizados em cada escala de desenvolvimento e estudo dos principais fatores ecol\u00f3gicos que governam a taxa de desenvolvimento em cada fase do ciclo de desenvolvimento. Estudo de modelos matem\u00e1ticos que podem ser empregados na simula\u00e7\u00e3o da data de ocorr\u00eancia dos principais est\u00e1gios de desenvolvimento e da taxa de emiss\u00e3o de folhas.<\/div>\n","protected":false},"excerpt":{"rendered":"<p>ADVERSIDADES CLIM\u00c1TICAS NA AGRICULTURA (Ofertada no PPG SPAF no 2\u00ba semestre letivo) c\u00f3digo: 218165 | carga hor\u00e1ria: 4-0-0 | II semestre Regente: Edgar Ricardo Sch\u00f6ffel Colaborador: Roberto Trentin Ementa: Fundamentos sobre a forma\u00e7\u00e3o, previs\u00e3o e determina\u00e7\u00e3o dos fen\u00f4menos clim\u00e1ticos adversos: temperaturas extremas, d\u00e9ficit h\u00eddrico, chuvas excessivas, granizo e vento. Medidas para controle ou combate das [&hellip;]<\/p>\n","protected":false},"author":322,"featured_media":0,"parent":34,"menu_order":0,"comment_status":"closed","ping_status":"closed","template":"","meta":{"jetpack_post_was_ever_published":false,"footnotes":""},"class_list":["post-1079","page","type-page","status-publish","hentry"],"jetpack_sharing_enabled":true,"jetpack_shortlink":"https:\/\/wp.me\/P4ZCJ0-hp","_links":{"self":[{"href":"https:\/\/wp.ufpel.edu.br\/agrometeorologia\/wp-json\/wp\/v2\/pages\/1079","targetHints":{"allow":["GET"]}}],"collection":[{"href":"https:\/\/wp.ufpel.edu.br\/agrometeorologia\/wp-json\/wp\/v2\/pages"}],"about":[{"href":"https:\/\/wp.ufpel.edu.br\/agrometeorologia\/wp-json\/wp\/v2\/types\/page"}],"author":[{"embeddable":true,"href":"https:\/\/wp.ufpel.edu.br\/agrometeorologia\/wp-json\/wp\/v2\/users\/322"}],"replies":[{"embeddable":true,"href":"https:\/\/wp.ufpel.edu.br\/agrometeorologia\/wp-json\/wp\/v2\/comments?post=1079"}],"version-history":[{"count":4,"href":"https:\/\/wp.ufpel.edu.br\/agrometeorologia\/wp-json\/wp\/v2\/pages\/1079\/revisions"}],"predecessor-version":[{"id":1729,"href":"https:\/\/wp.ufpel.edu.br\/agrometeorologia\/wp-json\/wp\/v2\/pages\/1079\/revisions\/1729"}],"up":[{"embeddable":true,"href":"https:\/\/wp.ufpel.edu.br\/agrometeorologia\/wp-json\/wp\/v2\/pages\/34"}],"wp:attachment":[{"href":"https:\/\/wp.ufpel.edu.br\/agrometeorologia\/wp-json\/wp\/v2\/media?parent=1079"}],"curies":[{"name":"wp","href":"https:\/\/api.w.org\/{rel}","templated":true}]}}