{"id":1075,"date":"2018-03-28T15:16:29","date_gmt":"2018-03-28T18:16:29","guid":{"rendered":"https:\/\/wp.ufpel.edu.br\/agrometeorologia\/?page_id=1075"},"modified":"2025-04-25T09:23:24","modified_gmt":"2025-04-25T12:23:24","slug":"bioclimatologia-vegetal-graduacao-em-agronomia-optativa","status":"publish","type":"page","link":"https:\/\/wp.ufpel.edu.br\/agrometeorologia\/ementa-da-disciplina\/bioclimatologia-vegetal-graduacao-em-agronomia-optativa\/","title":{"rendered":"Bioclimatologia vegetal [Gradua\u00e7\u00e3o em Agronomia &#8211; optativa]"},"content":{"rendered":"<h2><strong><span style=\"color: #3366ff;\">BIOCLIMATOLOGIA VEGETAL \u00a0<\/span><\/strong><span style=\"color: #3366ff;\"><em><span style=\"color: #000000;\">(Disciplina optativa do curso de Agronomia-FAEM-UFPel)<\/span><\/em><\/span><\/h2>\n<p><span style=\"text-decoration: underline;\">Professores<\/span>:<\/p>\n<p>Edgar Ricardo Sch\u00f6ffel<\/p>\n<p>Roberto Trentin<\/p>\n<p><u><span style=\"font-family: 'Georgia',serif; color: #333333;\">Ementa<\/span><\/u><span style=\"font-family: 'Georgia',serif; color: #333333;\">: Condicionantes agrometeorol\u00f3gicos da produtividade. \u00cdndices bioclim\u00e1ticos. Eventos adversos e minimiza\u00e7\u00e3o dos seus efeitos. Cultivos em ambiente Protegido. Zoneamento Agr\u00edcola.<\/span><\/p>\n<p style=\"text-align: start;\"><span style=\"font-family: 'Georgia',serif; color: #333333;\"><u>Objetivos gerais<\/u>:Proporcionar aos alunos meios para compreender e caracterizar os fen\u00f4menos que atuam na forma\u00e7\u00e3o do tempo e clima. Compreender como as vari\u00e1reis meteorol\u00f3gicas afetam o crescimento e o desenvolvimento vegetal em ambientes naturais e protegidos e inter-relacion\u00e1-los com as atividades agr\u00edcolas.<span class=\"apple-converted-space\">\u00a0<\/span><\/span><\/p>\n<p style=\"text-align: start;\"><u><span style=\"font-family: 'Georgia',serif; color: #333333;\">Carga Hor\u00e1ria<\/span><\/u><span style=\"font-family: 'Georgia',serif; color: #333333;\">: 2-0-2<\/span><\/p>\n<p style=\"text-align: start;\"><u><span style=\"font-family: 'Georgia',serif; color: #333333;\">Programa<\/span><\/u><span style=\"font-family: 'Georgia',serif; color: #333333;\">:\u00a0Unidade I. Condicionantes agrometeorol\u00f3gicos da produtividade: Disponibilidade h\u00eddrica; Temperatura; Radia\u00e7\u00e3o solar. Estimativa da Produtividade Potencial; Estimativa da Produtividade Real; Sistemas de Previs\u00e3o de Safra;<span class=\"apple-converted-space\">\u00a0<\/span>Unidade II. \u00cdndices bioclim\u00e1ticos: Graus-dia, Horas de Frio, Fotoperiodismo, Evapotranspira\u00e7\u00e3o;<span class=\"apple-converted-space\">\u00a0<\/span>Unidade III. Eventos adversos e minimiza\u00e7\u00e3o dos seus efeitos: Geada; Chuva Excessiva; Granizo; Seca e veranico; Vento Intenso;<span class=\"apple-converted-space\">\u00a0<\/span>Unidade IV. Cultivos em ambiente Protegido: Micrometeorologia do ambiente protegido; Potencial de utiliza\u00e7\u00e3o de ambientes protegidos para produ\u00e7\u00e3o vegetal;<span class=\"apple-converted-space\">\u00a0<\/span>Unidade V. Zoneamento Agr\u00edcola: Zoneamento Agr\u00edcola no Brasil; Zoneamento Agr\u00edcola de Aptid\u00e3o Clim\u00e1tica; Zoneamento Agr\u00edcola de Risco Clim\u00e1tico; Impacto das Mudan\u00e7as Clim\u00e1ticas no Zoneamento Agr\u00edcola Brasileiro.<\/span><\/p>\n<p>&nbsp;<\/p>\n","protected":false},"excerpt":{"rendered":"<p>BIOCLIMATOLOGIA VEGETAL \u00a0(Disciplina optativa do curso de Agronomia-FAEM-UFPel) Professores: Edgar Ricardo Sch\u00f6ffel Roberto Trentin Ementa: Condicionantes agrometeorol\u00f3gicos da produtividade. \u00cdndices bioclim\u00e1ticos. Eventos adversos e minimiza\u00e7\u00e3o dos seus efeitos. Cultivos em ambiente Protegido. Zoneamento Agr\u00edcola. Objetivos gerais:Proporcionar aos alunos meios para compreender e caracterizar os fen\u00f4menos que atuam na forma\u00e7\u00e3o do tempo e clima. Compreender como [&hellip;]<\/p>\n","protected":false},"author":322,"featured_media":0,"parent":34,"menu_order":0,"comment_status":"closed","ping_status":"closed","template":"","meta":{"jetpack_post_was_ever_published":false,"footnotes":""},"class_list":["post-1075","page","type-page","status-publish","hentry"],"jetpack_sharing_enabled":true,"jetpack_shortlink":"https:\/\/wp.me\/P4ZCJ0-hl","_links":{"self":[{"href":"https:\/\/wp.ufpel.edu.br\/agrometeorologia\/wp-json\/wp\/v2\/pages\/1075","targetHints":{"allow":["GET"]}}],"collection":[{"href":"https:\/\/wp.ufpel.edu.br\/agrometeorologia\/wp-json\/wp\/v2\/pages"}],"about":[{"href":"https:\/\/wp.ufpel.edu.br\/agrometeorologia\/wp-json\/wp\/v2\/types\/page"}],"author":[{"embeddable":true,"href":"https:\/\/wp.ufpel.edu.br\/agrometeorologia\/wp-json\/wp\/v2\/users\/322"}],"replies":[{"embeddable":true,"href":"https:\/\/wp.ufpel.edu.br\/agrometeorologia\/wp-json\/wp\/v2\/comments?post=1075"}],"version-history":[{"count":6,"href":"https:\/\/wp.ufpel.edu.br\/agrometeorologia\/wp-json\/wp\/v2\/pages\/1075\/revisions"}],"predecessor-version":[{"id":1728,"href":"https:\/\/wp.ufpel.edu.br\/agrometeorologia\/wp-json\/wp\/v2\/pages\/1075\/revisions\/1728"}],"up":[{"embeddable":true,"href":"https:\/\/wp.ufpel.edu.br\/agrometeorologia\/wp-json\/wp\/v2\/pages\/34"}],"wp:attachment":[{"href":"https:\/\/wp.ufpel.edu.br\/agrometeorologia\/wp-json\/wp\/v2\/media?parent=1075"}],"curies":[{"name":"wp","href":"https:\/\/api.w.org\/{rel}","templated":true}]}}