{"id":41,"date":"2016-08-22T15:47:42","date_gmt":"2016-08-22T18:47:42","guid":{"rendered":"https:\/\/wp.ufpel.edu.br\/agostini\/?page_id=41"},"modified":"2024-05-09T15:20:08","modified_gmt":"2024-05-09T18:20:08","slug":"inicio","status":"publish","type":"page","link":"https:\/\/wp.ufpel.edu.br\/agostini\/","title":{"rendered":"Home"},"content":{"rendered":"<p><strong><img loading=\"lazy\" decoding=\"async\" class=\"wp-image-322 size-thumbnail alignright\" src=\"https:\/\/wp.ufpel.edu.br\/agostini\/files\/2024\/05\/agostini-200x200.jpg\" alt=\"\" width=\"200\" height=\"200\" \/>Luciano Volcan Agostini\u00a0<\/strong>\u00e9 professor titular da <a href=\"http:\/\/portal.ufpel.edu.br\/\">Universidade Federal de Pelotas<\/a> (UFPel), onde ingressou no ano de 2002. Atualmente \u00e9 bolsista de Produtividade em Pesquisa (PQ) do CNPq na categoria 1C. \u00c9 fundador e l\u00edder do <em><a href=\"https:\/\/wp.ufpel.edu.br\/vitech\/\">Video Technology Reserach Group<\/a><\/em> (ViTech), fundador do <a href=\"http:\/\/inf.ufpel.edu.br\/gaci\/\">Grupo de Arquiteturas e Circuitos Integrados<\/a> (GACI) e fundador e primeiro tutor do <a href=\"https:\/\/wp.ufpel.edu.br\/petcomp\/\">PET Computa\u00e7\u00e3o<\/a> na UFPel. \u00c9 professor e pesquisador dos cursos de Mestrado e Doutorado em Computa\u00e7\u00e3o do <a href=\"http:\/\/inf.ufpel.edu.br\/ppgc\/\">Programa de P\u00f3s-Gradua\u00e7\u00e3o em Computa\u00e7\u00e3o<\/a> e dos cursos de Bacharelado em Ci\u00eancia da Computa\u00e7\u00e3o e Engenharia de Computa\u00e7\u00e3o da UFPel. Realizou p\u00f3s-doutoramento na <a href=\"https:\/\/www.ulisboa.pt\/\">Universidade de Lisboa<\/a> (entre 2017 e 2018). \u00c9 doutor (2007) e mestre (2002) em Ci\u00eancias da Computa\u00e7\u00e3o no <a href=\"https:\/\/www.inf.ufrgs.br\/ppgc\/\">Programa de P\u00f3s-Gradua\u00e7\u00e3o em Computa\u00e7\u00e3o<\/a> (PPGC) da <a href=\"http:\/\/www.ufrgs.br\/ufrgs\/inicial\">Universidade Federal do Rio Grande do Sul<\/a> (UFRGS) e bacharel em Inform\u00e1tica pela UFPel (1998). Foi Pr\u00f3-Reitor de Pesquisa e P\u00f3s-Gradua\u00e7\u00e3o da UFPel entre 2013 e 2017, quando foi respons\u00e1vel pela cria\u00e7\u00e3o da <a href=\"https:\/\/wp.ufpel.edu.br\/conectar\/\">Incubadora Conectar<\/a> (primeira incubadora da UFPel), liderou a cria\u00e7\u00e3o da SIEPE (<a href=\"https:\/\/wp.ufpel.edu.br\/siiepe\/\">Semana Integrada de Ensino, Pesquisa e Extens\u00e3o<\/a>), deu suporte para a cria\u00e7\u00e3o de 20 novos cursos de mestrado ou doutorado, entre outras conquistas importantes. Foi Presidente do Conselho Municipal de Ci\u00eancia e Tecnologia de Pelotas-RS entre 2013 e 2017, quando foi um dos l\u00edderes da implanta\u00e7\u00e3o do <a href=\"https:\/\/pelotasparquetecnologico.com.br\/\">Pelotas Parque Tecnol\u00f3gico<\/a>, primeiro parque tecnol\u00f3gico de Pelotas. \u00c9 Coordenador do Comit\u00ea de Assessoramento em Ci\u00eancias da Computa\u00e7\u00e3o e Informa\u00e7\u00e3o da <a href=\"https:\/\/fapergs.rs.gov.br\/inicial\">Funda\u00e7\u00e3o de Amparo \u00e0 Pesquisa do Estado do Rio Grande do Sul<\/a> (FAPERGS). Possui diversos pr\u00eamios de melhor artigo em eventos internacionais e nacionais. Participou em atividades de organiza\u00e7\u00e3o de diversos eventos nacionais e internacionais (SBCCI, SBMicro, LASCAS, ICECS, AICAS, ISCAS, etc). \u00c9 Editor Associado da IEEE Transactions on Circuits for Video Technology (TCSVT), do IEEE Open Journal of Circuits and Systems (OJCAS) e do Frontiers in Imaging. Foi Editor Convidado da IEEE Transactions on Circuits and Systems I: Regular Papers (TCAS-I) e da Springer Analog Integrated Circuits and Signal Processing (ALOG).Tem experi\u00eancia na \u00e1rea de Ci\u00eancia da Computa\u00e7\u00e3o, com \u00eanfase em sistemas digitais, arquitetura e organiza\u00e7\u00e3o de computadores e compress\u00e3o de dados. Sua pesquisa \u00e9 concentrada nos seguintes temas: projeto de hardware para compress\u00e3o de imagens e v\u00eddeos, algoritmos para compress\u00e3o de v\u00eddeos, codificadores AV1, VVC, VP9, HEVC e H.264\/AVC, codifica\u00e7\u00e3o 3D, 360, light fields e nuvens de pontos, projeto digital com FPGAs e ASICs e microeletr\u00f4nica. \u00c9 Senior Member da IEEE e da ACM. Na IEEE faz parte da IEEE CAS, da IEEE SP e da IEEE CS. Na IEEE CAS \u00e9 membro eleito do Multimedia Systems Applications Technical Committee (MSATC) e do Visual Signal Processing and Communications Technical Committee (VSPC) e fez parte do IEEE CAS Society Distinguished Lecturer Selection Committee. \u00c9 membro da SBC e da SBMicro. \u00c9 integrante do Conselho da SBMicro, do Comit\u00ea Gestor da CECCI\/SBC e Coordenador do Steering Committee do SBCCI.<\/p>\n<p>O curr\u00edculo Lattes completo est\u00e1 apresentado <a href=\"http:\/\/lattes.cnpq.br\/9604735363839730\">neste link<\/a>.<\/p>\n","protected":false},"excerpt":{"rendered":"<p>Luciano Volcan Agostini\u00a0\u00e9 professor titular da Universidade Federal de Pelotas (UFPel), onde ingressou no ano de 2002. Atualmente \u00e9 bolsista de Produtividade em Pesquisa (PQ) do CNPq na categoria 1C. \u00c9 fundador e l\u00edder do Video Technology Reserach Group (ViTech), &hellip; <a href=\"https:\/\/wp.ufpel.edu.br\/agostini\/\">Continue lendo <span class=\"meta-nav\">&rarr;<\/span><\/a><\/p>\n","protected":false},"author":685,"featured_media":322,"parent":0,"menu_order":0,"comment_status":"closed","ping_status":"closed","template":"","meta":{"footnotes":""},"class_list":["post-41","page","type-page","status-publish","has-post-thumbnail","hentry"],"_links":{"self":[{"href":"https:\/\/wp.ufpel.edu.br\/agostini\/wp-json\/wp\/v2\/pages\/41","targetHints":{"allow":["GET"]}}],"collection":[{"href":"https:\/\/wp.ufpel.edu.br\/agostini\/wp-json\/wp\/v2\/pages"}],"about":[{"href":"https:\/\/wp.ufpel.edu.br\/agostini\/wp-json\/wp\/v2\/types\/page"}],"author":[{"embeddable":true,"href":"https:\/\/wp.ufpel.edu.br\/agostini\/wp-json\/wp\/v2\/users\/685"}],"replies":[{"embeddable":true,"href":"https:\/\/wp.ufpel.edu.br\/agostini\/wp-json\/wp\/v2\/comments?post=41"}],"version-history":[{"count":31,"href":"https:\/\/wp.ufpel.edu.br\/agostini\/wp-json\/wp\/v2\/pages\/41\/revisions"}],"predecessor-version":[{"id":381,"href":"https:\/\/wp.ufpel.edu.br\/agostini\/wp-json\/wp\/v2\/pages\/41\/revisions\/381"}],"wp:featuredmedia":[{"embeddable":true,"href":"https:\/\/wp.ufpel.edu.br\/agostini\/wp-json\/wp\/v2\/media\/322"}],"wp:attachment":[{"href":"https:\/\/wp.ufpel.edu.br\/agostini\/wp-json\/wp\/v2\/media?parent=41"}],"curies":[{"name":"wp","href":"https:\/\/api.w.org\/{rel}","templated":true}]}}