{"id":384,"date":"2024-05-14T00:05:26","date_gmt":"2024-05-14T03:05:26","guid":{"rendered":"https:\/\/wp.ufpel.edu.br\/agostini\/?page_id=384"},"modified":"2024-05-14T00:09:13","modified_gmt":"2024-05-14T03:09:13","slug":"memorial-academico","status":"publish","type":"page","link":"https:\/\/wp.ufpel.edu.br\/agostini\/memorial-academico\/","title":{"rendered":"Memorial Acad\u00eamico"},"content":{"rendered":"<p><a href=\"https:\/\/www.youtube.com\/watch?v=QEYwEgJnDHI\"><img loading=\"lazy\" decoding=\"async\" class=\"wp-image-386 aligncenter\" src=\"https:\/\/wp.ufpel.edu.br\/agostini\/files\/2024\/05\/WhatsApp-Image-2024-05-14-at-00.03.49-400x335.jpeg\" alt=\"\" width=\"325\" height=\"274\" \/><\/a>Nesta p\u00e1gina estou compartilhando o Memorial Acad\u00eamico que produzi no processo de promo\u00e7\u00e3o para Professor Titular na UFPel. O texto foi constru\u00eddo com muita reflex\u00e3o sobre a minha hist\u00f3ria de vida e sobre minha trajet\u00f3ria acad\u00eamica.<\/p>\n<p>A apresenta\u00e7\u00e3o do Memorial Acad\u00eamico aconteceu no dia 12 de setembro de 2023, sendo a banca composta pelos professores Gerson Cavalheiro (UFPel), Sergio Bampi (UFRGS), Jos\u00e9 Lu\u00eds G\u00fcntzel (UFSC) e Eduardo Silva (UFRJ).<\/p>\n<p>O texto do meu Memorial Acad\u00eamico, cujo t\u00edtulo foi Percursos, est\u00e1 dispon\u00edvel no link abaixo.<\/p>\n<p>A defesa do Memorial Acad\u00eamico est\u00e1 dispon\u00edvel no YouTube, neste <a href=\"https:\/\/www.youtube.com\/watch?v=QEYwEgJnDHI\">link<\/a>.<\/p>\n","protected":false},"excerpt":{"rendered":"<p>Nesta p\u00e1gina estou compartilhando o Memorial Acad\u00eamico que produzi no processo de promo\u00e7\u00e3o para Professor Titular na UFPel. O texto foi constru\u00eddo com muita reflex\u00e3o sobre a minha hist\u00f3ria de vida e sobre minha trajet\u00f3ria acad\u00eamica. A apresenta\u00e7\u00e3o do Memorial &hellip; <a href=\"https:\/\/wp.ufpel.edu.br\/agostini\/memorial-academico\/\">Continue lendo <span class=\"meta-nav\">&rarr;<\/span><\/a><\/p>\n","protected":false},"author":685,"featured_media":0,"parent":0,"menu_order":0,"comment_status":"closed","ping_status":"closed","template":"","meta":{"footnotes":""},"class_list":["post-384","page","type-page","status-publish","hentry"],"_links":{"self":[{"href":"https:\/\/wp.ufpel.edu.br\/agostini\/wp-json\/wp\/v2\/pages\/384","targetHints":{"allow":["GET"]}}],"collection":[{"href":"https:\/\/wp.ufpel.edu.br\/agostini\/wp-json\/wp\/v2\/pages"}],"about":[{"href":"https:\/\/wp.ufpel.edu.br\/agostini\/wp-json\/wp\/v2\/types\/page"}],"author":[{"embeddable":true,"href":"https:\/\/wp.ufpel.edu.br\/agostini\/wp-json\/wp\/v2\/users\/685"}],"replies":[{"embeddable":true,"href":"https:\/\/wp.ufpel.edu.br\/agostini\/wp-json\/wp\/v2\/comments?post=384"}],"version-history":[{"count":3,"href":"https:\/\/wp.ufpel.edu.br\/agostini\/wp-json\/wp\/v2\/pages\/384\/revisions"}],"predecessor-version":[{"id":391,"href":"https:\/\/wp.ufpel.edu.br\/agostini\/wp-json\/wp\/v2\/pages\/384\/revisions\/391"}],"wp:attachment":[{"href":"https:\/\/wp.ufpel.edu.br\/agostini\/wp-json\/wp\/v2\/media?parent=384"}],"curies":[{"name":"wp","href":"https:\/\/api.w.org\/{rel}","templated":true}]}}