{"id":285,"date":"2017-11-09T10:47:19","date_gmt":"2017-11-09T12:47:19","guid":{"rendered":"https:\/\/wp.ufpel.edu.br\/agostini\/?page_id=285"},"modified":"2024-05-06T20:21:51","modified_gmt":"2024-05-06T23:21:51","slug":"premios-e-titulos","status":"publish","type":"page","link":"https:\/\/wp.ufpel.edu.br\/agostini\/premios-e-titulos\/","title":{"rendered":"Pr\u00eamios e T\u00edtulos"},"content":{"rendered":"<div class=\"layout-cell layout-cell-3 text-align-right\">\n<div>\n<div class=\"layout-cell layout-cell-3 text-align-right\">\n<div>\n<div class=\"layout-cell layout-cell-3 text-align-right\">\n<div style=\"text-align: right;\"><em>*** Atualizado em 6 de maio de 2024 ***<\/em><\/div>\n<div class=\"layout-cell-pad-5 text-align-right\"><b>2024<\/b><\/div>\n<\/div>\n<div class=\"layout-cell layout-cell-9\">\n<ul>\n<li class=\"layout-cell-pad-5\">Honorable Mention Award no IEEE 15th Latin American Symposium on Circuits and Systems (LASCAS 2024) pelo artigo Speeding Up the AV1 Global Warped Motion Compensation, IEEE CAS.<\/li>\n<\/ul>\n<\/div>\n<div class=\"layout-cell layout-cell-3 text-align-right\">\n<div class=\"layout-cell-pad-5 text-align-right\"><b>2023<\/b><\/div>\n<\/div>\n<div class=\"layout-cell layout-cell-9\">\n<ul>\n<li class=\"layout-cell-pad-5\">Honorable Mention Award no 36th Symposium on Integrated Circuits and Systems Design (SBCCI 2023) pelo artigo 4K UHD@60fps Design For The VVC Affine Motion Estimation Reconstructor, IEEE, ACM, SBC e SBMicro.<\/li>\n<li class=\"layout-cell-pad-5\">Honorable Mention Award no 23rd Microelectronics Students Forum (SForum 2023) pelo artigo A Hardware Design for Linear Equation System Solving of VVC Affine ME, SBMicro.<\/li>\n<\/ul>\n<\/div>\n<div class=\"layout-cell layout-cell-3 text-align-right\">\n<div class=\"layout-cell-pad-5 text-align-right\"><b>2022<\/b><\/div>\n<\/div>\n<div class=\"layout-cell layout-cell-9\">\n<ul>\n<li class=\"layout-cell-pad-5\">Honorable Mention Award no 35th Symposium on Integrated Circuits and Systems Design (SBCCI 2022) pelo artigo Direction-Based Fast Mode Decision and Hardware Design for the AV1 Intra Prediction. IEEE, ACM, SBC e SBMicro.<\/li>\n<li class=\"layout-cell-pad-5\">Best Undergraduate Poster Award no CASSW-RS 2022 pelo p\u00f4ster &#8220;Accelerating the AV1 Global Warped Motion Compensation&#8221;. IEEE CAS.<\/li>\n<li class=\"layout-cell-pad-5\">Best Poster (1st place) &#8211; Graduate Category na DPVSA 2022 pelo poster &#8220;A Hardware-Friendly and Configurable Heuristic Targeting VVC Inter-Frame Prediction&#8221;. IEEE CAS e IEEE SPS.<\/li>\n<li class=\"layout-cell-pad-5\">Best Poster (3rd place) &#8211; Graduate Category na DPVSA 2022 pelo poster &#8220;Efficient Architecture for VVC Angular Intra Prediction based on a Hardware-Friendly Heuristic&#8221;. IEEE CAS e IEEE SPS.<\/li>\n<li class=\"layout-cell-pad-5\">Best Poster (3rd place) &#8211; Undergraduate Category na DPVSA 2022 pelo poster &#8220;Accelerating the AV1 Global Warped Motion Compensation&#8221;. IEEE CAS e IEEE SPS.<\/li>\n<\/ul>\n<\/div>\n<div class=\"layout-cell layout-cell-3 text-align-right\">\n<div>\n<div class=\"layout-cell layout-cell-3 text-align-right\">\n<div class=\"layout-cell-pad-5 text-align-right\"><b>2021<\/b><\/div>\n<\/div>\n<\/div>\n<\/div>\n<div class=\"layout-cell layout-cell-9\">\n<ul>\n<li class=\"layout-cell-pad-5\">Co-orientador do trabalho vencedor do Pr\u00eamio de Melhor Disserta\u00e7\u00e3o de Mestrado no WebMedia 2021 (Iago Storch), Simp\u00f3sio Brasileiro de Sistemas Multim\u00eddia e Web (WebMedia).<\/li>\n<li class=\"layout-cell-pad-5\">Best Poster (2nd place) &#8211; Undergraduate Category na DPVSA 2021 pelo poster &#8220;Adaptive Complexity Controller for the AV1 Encoder&#8221;, IEEE CAS e IEEE SPS.<\/li>\n<li class=\"layout-cell-pad-5\">Best Poster (3rd place) &#8211; Undergraduate Category na DPVSA 2021 pelo poster &#8220;Complexity Reduction of H.266\/VVC Encoders Using Decision Trees&#8221;, IEEE CAS e IEEE SPS.<\/li>\n<li class=\"layout-cell-pad-5\">Best Poster (2nd place) &#8211; Graduate Category na DPVSA 2021 pelo poster &#8220;Heuristic Based Solution for Cost Reduction of SAD\/SSE Operations in AV1 Intra Prediction&#8221;, IEEE CAS e IEEE SPS.<\/li>\n<\/ul>\n<\/div>\n<div class=\"layout-cell layout-cell-3 text-align-right\"><\/div>\n<div class=\"layout-cell layout-cell-3 text-align-right\">\n<div class=\"layout-cell-pad-5 text-align-right\"><b>2020<\/b><\/div>\n<\/div>\n<div class=\"layout-cell layout-cell-9\">\n<ul>\n<li class=\"layout-cell-pad-5\">Co-orientador do trabalho agraciado com a Men\u00e7\u00e3o Honrosa do Pr\u00eamio CAPES de Tese 2020 da \u00e1rea de Ci\u00eancia da Computa\u00e7\u00e3o (Gustavo Freitas Sanchez), CAPES.<\/li>\n<li class=\"layout-cell-pad-5\">Best Paper Award no SBCCI 2020 pelo artigo &#8216;Directional Intra Frame Prediction Architecture with Edge Filter and Upsampling for AV1 Video Coding&#8217;. IEEE, ACM, SBC e SBMicro.<\/li>\n<li class=\"layout-cell-pad-5\">Co-orientador do trabalho vencedor do Pr\u00eamio de Melhor Disserta\u00e7\u00e3o de Mestrado na \u00e1rea de Projeto, CAD e Teste de Circuitos Integrados (Jones Goebel). Sociedade Brasileira de Microeletr\u00f4nica e Centro Nacional de Tecnologia Eletr\u00f4nica Avan\u00e7ada.<\/li>\n<li class=\"layout-cell-pad-5\">Co-orientador do trabalho vencedor do Pr\u00eamio de Melhor Tese de Doutorado na \u00e1rea de Projeto, CAD e Teste de Circuitos Integrados (Gustavo Sanchez). Sociedade Brasileira de Microeletr\u00f4nica e Centro Nacional de Tecnologia Eletr\u00f4nica Avan\u00e7ada.<\/li>\n<li class=\"layout-cell-pad-5\">Best Poster Award na DPVSA 2020 pelo p\u00f4ster &#8216;A DBF Hardware Architecture for the AV1 Decoder&#8217;. IEEE CAS e IEEE SPS.<\/li>\n<li class=\"layout-cell-pad-5\">Best Undergraduate Poster Award no CASSW-RS 2020 pelo p\u00f4ster &#8216;Memory Profiling of H.266 Versatile Video Coding Standard&#8217;. IEEE CAS.<\/li>\n<li class=\"layout-cell-pad-5\">Second Place Undergraduate Poster Award no CASSW-RS 2020 pelo p\u00f4ster &#8216;Directional Intra Frame Prediction Architecture with Edge Filter and Upsampling for AV1 Video Coding&#8217;. IEEE CAS.<\/li>\n<li class=\"layout-cell-pad-5\">Third Place Undergraduate Poster Award no CASSW-RS 2020 pelo p\u00f4ster &#8216;Dedicated Hardware Designs for the CDEF In Loop Filter to the AV1 Decoder Targeting 4K UHD Videos&#8217;. IEEE CAS.<\/li>\n<li class=\"layout-cell-pad-5\">Third Place Graduate Poster Award no CASSW-RS 2020 pelo p\u00f4ster &#8216;4D-DCT Hardware Architecture for JPEG Pleno Light Field Coding&#8217;. IEEE CAS.<\/li>\n<li class=\"layout-cell-pad-5\">Best Paper Award no SIM 2020 pelo Artigo &#8216;An AV1 Constrained Directional Enhancement Filter Architecture for 4K@60fps Videos&#8217;. SBC (Sociedade Brasileira de Computa\u00e7\u00e3o) e SBMicro (Sociedade Brasileira de Microeletr\u00f4nica).<\/li>\n<\/ul>\n<\/div>\n<div class=\"layout-cell layout-cell-3 text-align-right\">\n<div class=\"layout-cell-pad-5 text-align-right\"><\/div>\n<\/div>\n<div class=\"layout-cell layout-cell-3 text-align-right\">\n<div class=\"layout-cell-pad-5 text-align-right\"><b>2019<\/b><\/div>\n<\/div>\n<div class=\"layout-cell layout-cell-9\">\n<ul>\n<li class=\"layout-cell-pad-5\">Bolsista de Produtividade em Pesquisa &#8211; PQ 1D, Comit\u00ea Assessor de Microeletr\u00f4nica &#8211; CNPq.<\/li>\n<li class=\"layout-cell-pad-5\">Co-orientador do trabalho vencedor do Pr\u00eamio de Melhor Disserta\u00e7\u00e3o de Mestrado na \u00e1rea de Projeto, CAD e Teste de Circuitos Integrados (Luciano Braatz). Sociedade Brasileira de Microeletr\u00f4nica e Centro Nacional de Tecnologia Eletr\u00f4nica Avan\u00e7ada.<\/li>\n<li class=\"layout-cell-pad-5\">Best Paper Award no SIM 2019 pelo Artigo &#8216;HEVC Video Coding Using Decision Trees for a Memory-Friendly Tiles Workload Balance&#8217;, SBC (Sociedade Brasileira de Computa\u00e7\u00e3o) e SBMicro (Sociedade Brasileira de Microeletr\u00f4nica).<\/li>\n<\/ul>\n<\/div>\n<div class=\"layout-cell layout-cell-3 text-align-right\"><\/div>\n<div class=\"layout-cell layout-cell-3 text-align-right\">\n<div class=\"layout-cell-pad-5 text-align-right\"><b>2018<\/b><\/div>\n<\/div>\n<\/div>\n<\/div>\n<div class=\"layout-cell layout-cell-9\">\n<ul>\n<li>Orientador do aluno vencedor do 15\u00ba Pr\u00eamio Destaque na Inicia\u00e7\u00e3o Cient\u00edfica e Tecnol\u00f3gica Categoria Ci\u00eancias Exatas, da Terra e Engenharias (Iago Coelho Storch), CNPq.<\/li>\n<li>Best Paper Award no 18th Student Forum (SFORUM 2018) pelo artigo &#8220;Energy-Aware HEVC Transrating based on Frame Partitioning Inheritance&#8221;, SBC (Sociedade Brasileira de Computa\u00e7\u00e3o) e SBMicro (Sociedade Brasileira de Microeletr\u00f4nica).<\/li>\n<li>Honorable Mention Award no 31st Symposium on Integrated Circuits and Systems Design (SBCCI 2018) pelo artigo 3D-HEVC DMM-1 Parallelism Exploration Targeting Multicore Systems, IEEE, ACM, SBC e SBMicro.<\/li>\n<\/ul>\n<div class=\"layout-cell layout-cell-9\"><\/div>\n<\/div>\n<\/div>\n<div class=\"layout-cell-pad-5 text-align-right\"><b>2017<\/b><\/div>\n<\/div>\n<div class=\"layout-cell layout-cell-9\">\n<ul>\n<li class=\"layout-cell-pad-5\">Bolsa de Est\u00e1gio S\u00eanior no Exterior (Instituto Superior T\u00e9cnico da Universidade de Lisboa &#8211; Portugal), CAPES.<\/li>\n<li class=\"layout-cell-pad-5\">ACM Senior Member, Association for Computing Machinery &#8211; ACM.<\/li>\n<li>\n<div class=\"layout-cell layout-cell-9\">\n<div class=\"layout-cell-pad-5\">Best Paper Award no VII Brazilian Symposium on Computing Systems Engineering (SBESC) pelo artigo &#8220;Cache Memory Energy Efficiency Exploration for the HEVC Motion Estimation&#8221;, SBC, IFIP.<\/div>\n<\/div>\n<\/li>\n<li class=\"layout-cell-pad-5\">Best Paper Award no SIM 2017, pelo artigo &#8220;High Speed Tiling Algorithm for Parallel HEVC Encoding&#8221;, SBC, SBMicro.<\/li>\n<\/ul>\n<\/div>\n<div class=\"layout-cell layout-cell-3 text-align-right\">\n<div class=\"layout-cell-pad-5 text-align-right\"><b>2016<\/b><\/div>\n<\/div>\n<div class=\"layout-cell layout-cell-9\">\n<ul>\n<li class=\"layout-cell-pad-5\">Bolsista de Produtividade em Pesquisa &#8211; PQ2, Comit\u00ea Assessor de Microeletr\u00f4nica &#8211; CNPq.<\/li>\n<li class=\"layout-cell-pad-5\">Men\u00e7\u00e3o Honrosa no XXXIV SBrT, pelo artigo &#8220;Avalia\u00e7\u00e3o do potencial m\u00e1ximo de speedup usando Tiles para compress\u00e3o de v\u00eddeo paralela segundo o padr\u00e3o HEVC&#8221;, Sociedade Brasileira de Telecomunica\u00e7\u00f5es.<\/li>\n<\/ul>\n<div class=\"layout-cell-pad-5\"><b>2015<\/b><\/div>\n<\/div>\n<div class=\"layout-cell layout-cell-9\">\n<ul>\n<li class=\"layout-cell-pad-5\">Best Paper Award no 28th Symposium on Integrated Circuits and Systems Design (SBCCI) pelo artigo &#8220;Memory-Aware and High-Throughput Hardware Design for the HEVC Fractional Motion Estimation&#8221;, IEEE, ACM, SBC e SBMicro.<\/li>\n<li class=\"layout-cell-pad-5\">Best Paper Award no SIM 2015, pelo artigo A Hardware Architecture for an HEVC Motion Compensation Luminance Interpolator, SBC (Sociedade Brasileira de Computa\u00e7\u00e3o) e SBMicro (Sociedade Brasileira de Microeletr\u00f4nica).<\/li>\n<li class=\"layout-cell-pad-5\">Orientador do trabalho premiado com o terceiro lugar na \u00e1rea de Ci\u00eancias Exatas no XXIV Congresso de Inicia\u00e7\u00e3o Cient\u00edfica (aluno Guilherme Povala), Universidade Federal de Pelotas &#8211; UFPel.<\/li>\n<\/ul>\n<\/div>\n<div class=\"layout-cell layout-cell-3 text-align-right\">\n<div class=\"layout-cell-pad-5 text-align-right\"><b>2014<\/b><\/div>\n<\/div>\n<div class=\"layout-cell layout-cell-9\">\n<ul>\n<li class=\"layout-cell-pad-5\">Co-orientador do artigo premiado na \u00e1rea Engenharias no ENPOS 2014. Mestrando Dieison Soares Silveira., Encontro de P\u00f3s-Gradua\u00e7\u00e3o (ENPOS) da UFPel.<\/li>\n<li class=\"layout-cell-pad-5\">Best Paper Award no 21st IEEE International Conference on Electronics Circuits and Systems (ICECS), pelo artigo &#8220;Classification-Based Early Termination for Coding Tree Structure Decision in HEVC&#8221;, IEEE, IEEE CAS.<\/li>\n<\/ul>\n<\/div>\n<div class=\"layout-cell layout-cell-3 text-align-right\">\n<div class=\"layout-cell-pad-5 text-align-right\"><b>2013<\/b><\/div>\n<\/div>\n<div class=\"layout-cell layout-cell-9\">\n<ul>\n<li>Bolsista de Produtividade em Pesquisa &#8211; PQ2, Comit\u00ea Assessor de Microeletr\u00f4nica &#8211; CNPq.<\/li>\n<li>\n<div class=\"layout-cell layout-cell-9\">Patrono, Formandos em Ci\u00eancia da Computa\u00e7\u00e3o da UFPel &#8211; 2012\/2.<\/div>\n<\/li>\n<li class=\"layout-cell-pad-5\">Co-orientador da disserta\u00e7\u00e3o premiada no Concurso de Teses e Disserta\u00e7\u00f5es da SBMicro como Melhor Disserta\u00e7\u00e3o de Mestrado &#8211; Categoria Projeto, CAD e Teste de Circuitos Integrados (aluno Felipe Sampaio), SBMicro &#8211; Sociedade Brasileira de Microeletr\u00f4nica.<\/li>\n<li class=\"layout-cell-pad-5\">Altera Best Paper Award no SPL 2012, pelo artigo Memory Bandwidth Reduction in Video Coding Systems Through Context Adaptive Lossless Reference Frame Compression, SPL 2012 Organizing Committee.<\/li>\n<li class=\"layout-cell-pad-5\">Best Paper Award &#8211; Circuits and Systems Design no SForum 2012 pelo artigo New Quarter Random Search Motion Estimation Algorithm: a Great Quality-Cost Trade-Off, Sociedade Brasileira de Microeletr\u00f4nica &#8211; SBMicro.<\/li>\n<li class=\"layout-cell-pad-5\">Best Paper Award &#8211; Cicuits and Systems Design no SIM 2013, pelo artigo Energy-Efficient Memory Hierarchy for Motion and Disparity Estimation in Multiview Video Coding, SBC (Sociedade Brasileira de Computa\u00e7\u00e3o) e SBMicro (Sociedade Brasileira de Microeletr\u00f4nica).<\/li>\n<li class=\"layout-cell-pad-5\">Orientador do trabalho premiado com o primeiro lugar na \u00e1rea de Ci\u00eancias Exatas no XXII Congresso de Inicia\u00e7\u00e3o Cient\u00edfica (aluno Jos\u00e9 Cl\u00e1udio de Souza J\u00fanior), Universidade Federal de Pelotas &#8211; UFPel.<\/li>\n<li class=\"layout-cell-pad-5\">Co-orientador do trabalho premiado com o segundo lugar na \u00e1rea de Ci\u00eancias Exatas no XXII Congresso de Inicia\u00e7\u00e3o Cient\u00edfica (aluno Henrique do Amarilho Maich), Universidade Federal de Pelotas &#8211; UFPel.<\/li>\n<li class=\"layout-cell-pad-5\">Co-orientador do artigo premiado com o segundo lugar no Concurso de Trabalhos de Inicia\u00e7\u00e3o Cient\u00edfica da SBC (aluno Jucemar Monteiro), Sociedade Brasileira de Computa\u00e7\u00e3o &#8211; SBC.<\/li>\n<li class=\"layout-cell-pad-5\">Orientador do artigo premiado na modalidade oral da \u00e1rea Engenharias no ENPOS 2012. Mestrando Ricardo Garcia Jeske., Encontro de P\u00f3s-Gradua\u00e7\u00e3o (ENPOS) da UFPel.<\/li>\n<li class=\"layout-cell-pad-5\">Co-orientador do artigo premiado na modalidade p\u00f4ster da \u00e1rea de Ci\u00eancias Exatas no ENPOS 2012. Mestrando Vladimir Afonso., Encontro de P\u00f3s-Gradua\u00e7\u00e3o (ENPOS) da UFPel.<\/li>\n<li class=\"layout-cell-pad-5\">Co-orientador do trabalho premiado com o primeiro lugar na \u00e1rea de ci\u00eancias exatas e da terra na modalidade oral no XXI Congresso de Inicia\u00e7\u00e3o Cient\u00edfica (aluno Vin\u00edcius Neves Possani), Universidade Federal de Pelotas.<\/li>\n<\/ul>\n<\/div>\n<div class=\"layout-cell layout-cell-3 text-align-right\">\n<div class=\"layout-cell-pad-5 text-align-right\"><b>2011<\/b><\/div>\n<\/div>\n<div class=\"layout-cell layout-cell-9\">\n<ul>\n<li>HiPEAC Paper Award pelo artigo &#8220;Run-Time Adaptive Energy-Aware Motion and Disparity Estimation in Multiview Video Coding&#8221;, publicado no ACM\/IEEE\/EDA 48th Design Automation Conference &#8211; DAC\u00b411, European Network of Excellence on High Performance and Embedded Architecture and Compilation HiPEAC.<\/li>\n<li>Altera Best Paper Award no SPL 2011, pelo artigo A H.264\/AVC Quarter-Pixel Motion Estimation Refinement Architecture Targeting High Resolution Video, IEEE CAS.<\/li>\n<li>IEEE Senior Member, Institute of Electrical and Electronics Engineers &#8211; IEEE.<\/li>\n<li class=\"layout-cell-pad-5\">Best Paper Award &#8211; Undergraduate Work no SIM 2011, pelo artigo Multilevel Data Reuse Scheme for Off-Chip Memory Accesses Reduction Applied to a Motion Estimation Architecture, SBC (Sociedade Brasileira de Computa\u00e7\u00e3o) e SBMicro (Sociedade Brasileira de Microeletr\u00f4nica).<\/li>\n<li class=\"layout-cell-pad-5\">Best Paper Award no SForum 2011, pelo artigo &#8220;A Fast Random Based Motion Estimation Search Algorithm&#8221;, SBMicro &#8211; Sociedade Brasileira de Microeletr\u00f4nica.<\/li>\n<li>Co-orientador do trabalho premiado com o primeiro lugar na \u00e1rea de ci\u00eancias exatas na modalidade poster no XX Congresso de Inicia\u00e7\u00e3o Cient\u00edfica (aluno Vin\u00edcius Neves Possani), Universidade Federal de Pelotas.<\/li>\n<li>Orientador do trabalho premiado com o terceiro lugar na \u00e1rea de ci\u00eancias exatas na modalidade oral no XX Congresso de Inicia\u00e7\u00e3o Cient\u00edfica (aluno Marcel Moscarelli Corr\u00eaa), Universidade Federal de Pelotas.<\/li>\n<\/ul>\n<\/div>\n<div class=\"layout-cell layout-cell-3 text-align-right\">\n<div class=\"layout-cell-pad-5 text-align-right\"><b>2010<\/b><\/div>\n<\/div>\n<div class=\"layout-cell layout-cell-9\">\n<ul>\n<li>Best Paper Award no AFMS 2010 , pelo artigo Evaluating Two Implementations of the Component Responsible for Decoding Video and Audio in the Brazilian Digital TV Middleware, FTRA &#8211; Future Technology Research Association International &#8211; Korea.<\/li>\n<li>Best Paper Award &#8211; Undergraduate Work no SIM 2010, pelo artigo A Dedicated Hardware Solution for the H.264\/AVC Half-Pixel Interpolation Unit, SBC (Sociedade Brasileira de Computa\u00e7\u00e3o) e SBMicro (Sociedade Brasileira de Microeletr\u00f4nica).<\/li>\n<li>Best Paper Award &#8211; Undergraduate Work no SIM 2010, pelo artigo A Low Cost Real Time Motion Estimation\/Compensation Architecture for the H.264\/AVC, SBC (Sociedade Brasileira de Computa\u00e7\u00e3o) e SBMicro (Sociedade Brasileira de Microeletr\u00f4nica).<\/li>\n<li>Best Undergraduate Paper Award no SForum 2010, pelo artigo Transistor Networks Design Using a Graph-Based Approach, SBMicro &#8211; Sociedade Brasileira de Microeletr\u00f4nica.<\/li>\n<li>Co-orientador do trabalho premiado com o terceiro lugar na \u00e1rea de ci\u00eancias exatas na modalidade oral no XIX Congresso de Inicia\u00e7\u00e3o Cient\u00edfica (aluno Vin\u00edcius Neves Possani), Universidade Federal de Pelotas.<\/li>\n<li>Co-orientador do trabalho premiado com o segundo lugar na \u00e1rea de ci\u00eancias exatas na modalidade poster no XIX Congresso de Inicia\u00e7\u00e3o Cient\u00edfica (aluno Marco Beckmann), Universidade Federal de Pelotas.<\/li>\n<\/ul>\n<\/div>\n<div class=\"layout-cell layout-cell-3 text-align-right\">\n<div class=\"layout-cell-pad-5 text-align-right\"><b>2009<\/b><\/div>\n<\/div>\n<div class=\"layout-cell layout-cell-9\">\n<ul>\n<li class=\"layout-cell-pad-5\">Professor Homenageado, Formados em Ci\u00eancia da Computa\u00e7\u00e3o da UFPel &#8211; 2008\/2.<\/li>\n<li class=\"layout-cell-pad-5\">PhD Work &#8211; Best Paper Award no SIM 2009, pelo artigo SystemC Modeling for H.264\/AVC Intra Frame Video Encoder, SBC (Sociedade Brasileira de Computa\u00e7\u00e3o) e SBMicro (Sociedade Brasileira de Microeletr\u00f4nica).<\/li>\n<li class=\"layout-cell-pad-5\">Master Work &#8211; Best Paper Award no SIM 2009, pelo artigo A Real Time H.264\/AVC Main Profile Intra Frame Prediction Hardware Architecture for High Definition Video Coding, SBC (Sociedade Brasileira de Computa\u00e7\u00e3o) e SBMicro (Sociedade Brasileira de Microeletr\u00f4nica).<\/li>\n<li class=\"layout-cell-pad-5\">Master Work &#8211; Mention of Honor no SIM 2009, pelo artigo H.264\/AVC Variable Block Size Motion Estimation for Real-Time 1080HD Video Encoding, SBC (Sociedade Brasileira de Computa\u00e7\u00e3o) e SBMicro (Sociedade Brasileira de Microeletr\u00f4nica).<\/li>\n<li class=\"layout-cell-pad-5\">Undergraduated Work &#8211; Mention of Honor no SIM 2009, pelo artigo Dedicated Architecture for the T\/Q\/IQ\/IT Loop Focusing the H.264\/AVC Intra Prediction, SBC (Sociedade Brasileira de Computa\u00e7\u00e3o) e SBMicro (Sociedade Brasileira de Microeletr\u00f4nica).<\/li>\n<\/ul>\n<\/div>\n<div class=\"layout-cell layout-cell-3 text-align-right\">\n<div class=\"layout-cell-pad-5 text-align-right\"><b>2008<\/b><\/div>\n<\/div>\n<div class=\"layout-cell layout-cell-9\">\n<ul>\n<li class=\"layout-cell-pad-5\">Professor Homenageado, Formados em Ci\u00eancia da Computa\u00e7\u00e3o da UFPel &#8211; 2008\/1.<\/li>\n<li class=\"layout-cell-pad-5\">Best Poster Award no SForum 2008, pelo artigo Transient Fault-Tolerant Fast Adders Implemented in FPGAS, SBMicro (Sociedade Brasileira de Microeletr\u00f4nica).<\/li>\n<\/ul>\n<\/div>\n<div class=\"layout-cell layout-cell-3 text-align-right\">\n<div class=\"layout-cell-pad-5 text-align-right\"><b>2007<\/b><\/div>\n<\/div>\n<div class=\"layout-cell layout-cell-9\">\n<ul>\n<li class=\"layout-cell-pad-5\">Professor Homenageado, Formados em Ci\u00eancia da Computa\u00e7\u00e3o da UFPel &#8211; 2007\/2.<\/li>\n<li class=\"layout-cell-pad-5\">Best Paper in Multimedia Hardware and Image Sensor Technologies no PSIVT 2007 (Chile) pelo artigo A Pipelined 8&#215;8 2-D Forward DCT Hardware Architecture for H.264\/AVC High Profile Encoder, IEEE (Institute of Electrical and Electronics Engineers).<\/li>\n<li class=\"layout-cell-pad-5\">Orientador do trabalho premiado com o primeiro lugar na \u00e1rea de ci\u00eancias exatas no XVI Congresso de Inicia\u00e7\u00e3o Cient\u00edfica (aluna Fabiane Konrad Rediess), Universidade Federal de Pelotas.<\/li>\n<\/ul>\n<\/div>\n<div class=\"layout-cell layout-cell-3 text-align-right\">\n<div class=\"layout-cell-pad-5 text-align-right\"><b>2006<\/b><\/div>\n<\/div>\n<div class=\"layout-cell layout-cell-9\">\n<ul>\n<li class=\"layout-cell-pad-5\">Orientador do trabalho premiado com o primeiro lugar na \u00e1rea de engenharias no XV Congresso de Inicia\u00e7\u00e3o Cient\u00edfica (aluna Fabiane Konrad Rediess), Universidade Federal de Pelotas.<\/li>\n<li class=\"layout-cell-pad-5\">Co-orientador do trabalho premiado com o terceiro lugar na \u00e1rea de engenharias no XV Congresso de Inicia\u00e7\u00e3o Cient\u00edfica (aluno Guilherme Corr\u00eaa Ribeiro), Universidade Federal de Pelotas.<\/li>\n<li class=\"layout-cell-pad-5\">Professor Homenageado, Formados em Ci\u00eancia da Computa\u00e7\u00e3o da UFPel &#8211; 2006\/2.<\/li>\n<li>Homenagem de Reconhecimento por Realiza\u00e7\u00e3o de Trabalhos Volunt\u00e1rios, C\u00e2mara Municipal de Pelotas.<\/li>\n<li>Altera Best Paper Award no SPL 2006, pelo artigo Forward and Inverse 2-D DCT Architectures for H.264\/AVC Video Compression Directed to HDTV, SPL 2006 &#8211; Southern Programmable Logic Conference.<\/li>\n<li>Melhor Apresenta\u00e7\u00e3o de Trabalho no SIM 2006 (aluno Jo\u00e3o Alberto Vortmman) com o artigo Dedicated Hardware Architectures for H.264\/AVC Exp-Golomb Coding and Decoding, SBC (Sociedade Brasileira de Computa\u00e7\u00e3o) e SBMicro (Sociedade Brasileira de Microeletr\u00f4nica).<\/li>\n<\/ul>\n<\/div>\n<div class=\"layout-cell layout-cell-3 text-align-right\">\n<div class=\"layout-cell-pad-5 text-align-right\"><b>2005<\/b><\/div>\n<\/div>\n<div class=\"layout-cell layout-cell-9\">\n<ul>\n<li class=\"layout-cell-pad-5\">Orientador do trabalho premiado com o segundo lugar na \u00e1rea de engenharias no XIV<\/li>\n<li class=\"layout-cell-pad-5\">Congresso de Inicia\u00e7\u00e3o Cient\u00edfica (aluno Andr\u00e9 Marcelo Coelho da Silva), Universidade Federal de Pelotas.<\/li>\n<\/ul>\n<\/div>\n<div class=\"layout-cell layout-cell-3 text-align-right\">\n<div class=\"layout-cell-pad-5 text-align-right\"><b>2004<\/b><\/div>\n<\/div>\n<div class=\"layout-cell layout-cell-9\">\n<ul>\n<li>Paraninfo, Formandos em Ci\u00eancia da Computa\u00e7\u00e3o da UFPel &#8211; 2004\/2.<\/li>\n<li>Orientador do trabalho premiado com o primeiro lugar na \u00e1rea de engenharias no XIII Congresso de Inicia\u00e7\u00e3o Cient\u00edfica (aluno Marcelo Schiavon Porto), Universidade Federal de Pelotas.<\/li>\n<\/ul>\n<\/div>\n<div class=\"layout-cell layout-cell-3 text-align-right\">\n<div class=\"layout-cell-pad-5 text-align-right\"><b>2003<\/b><\/div>\n<\/div>\n<div class=\"layout-cell layout-cell-9\">\n<ul>\n<li>Orientador do trabalho premiado com o primeiro lugar na \u00e1rea de engenharias no XII Congresso de Inicia\u00e7\u00e3o Cient\u00edfica (aluna Tha\u00edsa Leal da Silva), Universidade Federal de Pelotas.<\/li>\n<li>Professor Homenageado, Formandos em Ci\u00eancia da Computa\u00e7\u00e3o da UFPel &#8211; 2003\/2.<\/li>\n<\/ul>\n<\/div>\n<div class=\"layout-cell layout-cell-9\">\n<div class=\"layout-cell-pad-5\"><b>2002<\/b><\/div>\n<\/div>\n<div class=\"layout-cell layout-cell-9\">\n<ul>\n<li class=\"layout-cell-pad-5\">Orientador do trabalho premiado com o segundo lugar na \u00e1rea de ci\u00eancias exatas no XI Congresso de Inicia\u00e7\u00e3o Cient\u00edfica (aluno Roger Endrigo Carvalho Porto), Universidade Federal de Pelotas.<\/li>\n<\/ul>\n<\/div>\n","protected":false},"excerpt":{"rendered":"<p>*** Atualizado em 6 de maio de 2024 *** 2024 Honorable Mention Award no IEEE 15th Latin American Symposium on Circuits and Systems (LASCAS 2024) pelo artigo Speeding Up the AV1 Global Warped Motion Compensation, IEEE CAS. 2023 Honorable Mention &hellip; <a href=\"https:\/\/wp.ufpel.edu.br\/agostini\/premios-e-titulos\/\">Continue lendo <span class=\"meta-nav\">&rarr;<\/span><\/a><\/p>\n","protected":false},"author":685,"featured_media":0,"parent":0,"menu_order":0,"comment_status":"closed","ping_status":"closed","template":"","meta":{"footnotes":""},"class_list":["post-285","page","type-page","status-publish","hentry"],"_links":{"self":[{"href":"https:\/\/wp.ufpel.edu.br\/agostini\/wp-json\/wp\/v2\/pages\/285","targetHints":{"allow":["GET"]}}],"collection":[{"href":"https:\/\/wp.ufpel.edu.br\/agostini\/wp-json\/wp\/v2\/pages"}],"about":[{"href":"https:\/\/wp.ufpel.edu.br\/agostini\/wp-json\/wp\/v2\/types\/page"}],"author":[{"embeddable":true,"href":"https:\/\/wp.ufpel.edu.br\/agostini\/wp-json\/wp\/v2\/users\/685"}],"replies":[{"embeddable":true,"href":"https:\/\/wp.ufpel.edu.br\/agostini\/wp-json\/wp\/v2\/comments?post=285"}],"version-history":[{"count":7,"href":"https:\/\/wp.ufpel.edu.br\/agostini\/wp-json\/wp\/v2\/pages\/285\/revisions"}],"predecessor-version":[{"id":339,"href":"https:\/\/wp.ufpel.edu.br\/agostini\/wp-json\/wp\/v2\/pages\/285\/revisions\/339"}],"wp:attachment":[{"href":"https:\/\/wp.ufpel.edu.br\/agostini\/wp-json\/wp\/v2\/media?parent=285"}],"curies":[{"name":"wp","href":"https:\/\/api.w.org\/{rel}","templated":true}]}}