{"id":23,"date":"2016-08-22T15:19:03","date_gmt":"2016-08-22T18:19:03","guid":{"rendered":"https:\/\/wp.ufpel.edu.br\/agostini\/?page_id=23"},"modified":"2024-05-09T10:43:26","modified_gmt":"2024-05-09T13:43:26","slug":"projetos-financiados","status":"publish","type":"page","link":"https:\/\/wp.ufpel.edu.br\/agostini\/projetos-financiados\/","title":{"rendered":"Projetos Financiados"},"content":{"rendered":"<p style=\"text-align: right;\"><em>*** Atualizado em 6 de maio de 2024 ***<\/em><\/p>\n<p>Os\u00a0projetos de pesquisa que coordenei ou participei da equipe e que obtiveram financiamento (finalizados ou em execu\u00e7\u00e3o), est\u00e3o listados abaixo.<\/p>\n<p><strong>Projetos Coordenados:<\/strong><\/p>\n<ul>\n<li><strong>Projeto:<\/strong> Solu\u00e7\u00f5es Eficientes para Codecs de V\u00eddeo VVC e AV1 Usando Hardware Dedicado e Aprendizado de M\u00e1quina<br \/>\n<strong>Edital:<\/strong> Bolsa PQ CNPq (progress\u00e3o para n\u00edvel 1C)<br \/>\n<strong>Status:<\/strong> Em andamento<\/li>\n<li><strong>Projeto:<\/strong> Projeto de Hardware Eficiente para a Codifica\u00e7\u00e3o de Sinais Visuais do Estado-da-Arte: VVC, AV1 e Light-Fields<br \/>\n<strong>Edital:<\/strong> Universal 2021 CNPq<br \/>\n<strong>Status:<\/strong> Em andamento<\/li>\n<li><strong>Projeto:<\/strong> Aprendizado de M\u00e1quina e Hardware Dedicado para Solu\u00e7\u00f5es Eficientes de Codificadores de V\u00eddeo VVC e AV1<br \/>\n<strong>Edital:<\/strong> PqG 2021 FAPERGS<br \/>\n<strong>Status:<\/strong> Em andamento<\/li>\n<li><strong>Projeto:<\/strong> Utilizando Aprendizado de M\u00e1quina para Redu\u00e7\u00e3o de Complexidade Computacional do Novo Padr\u00e3o Versatile Video Coding &#8211; Part II<br \/>\n<strong>Edital:<\/strong> TCC em IA 2022 CNPq<br \/>\n<strong>Status:<\/strong> Finalizado<\/li>\n<li><strong>Projeto:<\/strong> Utilizando Aprendizado de M\u00e1quina para Redu\u00e7\u00e3o de Complexidade Computacional do Novo Padr\u00e3o Versatile Video Coding<br \/>\n<strong>Edital:<\/strong> TCC em IA 2021 CNPq<br \/>\n<strong>Status:<\/strong> Finalizado<\/li>\n<li><strong>Projeto:<\/strong> Arquiteturas e Algoritmos para a Codifica\u00e7\u00e3o de Imagens e V\u00eddeos Tridimensionais<br \/>\n<strong>Edital:<\/strong> Bolsa PQ CNPq (progress\u00e3o para n\u00edvel 1D)<br \/>\n<strong>Status:<\/strong> Finalizado<\/li>\n<li><strong>Projeto:<\/strong> Projeto de Hardware de Baixo Consumo para Codifica\u00e7\u00e3o de V\u00eddeos com o Uso de Computa\u00e7\u00e3o Aproximada<br \/>\n<strong>Edital:<\/strong> Universal 2018 CNPq<br \/>\n<strong>Status:<\/strong> Finalizado<\/li>\n<li><strong>Projeto:<\/strong> Coopera\u00e7\u00e3o entre o PPGC-UFPel e a Universidade de Lisboa na Investiga\u00e7\u00e3o sobre Codifica\u00e7\u00e3o de V\u00eddeos de Alto Desempenho com Paralelismo Massivo em GPUs e Computa\u00e7\u00e3o Aproximada<br \/>\n<strong>Edital:<\/strong> Internacionaliza\u00e7\u00e3o 2018 FAPERGS<br \/>\n<strong>Status:<\/strong> Finalizado<\/li>\n<li><strong>Projeto:<\/strong> Codifica\u00e7\u00e3o de V\u00eddeo de Alto Desempenho com Paralelismo Massivo em GPUs e Computa\u00e7\u00e3o Aproximada<br \/>\n<strong>Edital:<\/strong> CAPES\/FCT 2018 (coopera\u00e7\u00e3o com Universidade de Lisboa)<br \/>\n<strong>Status:<\/strong> Finalizado<\/li>\n<li><strong>Projeto:<\/strong> Otimiza\u00e7\u00f5es Algor\u00edtmicas e Projeto de Hardware para Codecs de V\u00eddeo Compat\u00edveis com o Padr\u00e3o HEVC<br \/>\n<strong>Edital:<\/strong> Est\u00e1gio S\u00eanior no Exterior 2016 CAPES<br \/>\n<strong>Status:<\/strong> Finalizado<\/li>\n<li><strong>Projeto:<\/strong> Algoritmos Eficientes para a Codifica\u00e7\u00e3o de V\u00eddeos em Sistemas Embarcados Adaptativos<br \/>\n<strong>Edital:<\/strong> PRONEM-FAPERGS 2014 (em rede entre UFPel, UFRGS e UFSM)<br \/>\n<strong>Status:<\/strong> Finalizado<\/li>\n<li><strong>Projeto:<\/strong> Heur\u00edsticas, Otimiza\u00e7\u00f5es Algor\u00edtmicas e Projetos Arquiteturais para o Padr\u00e3o HEVC de Codifica\u00e7\u00e3o de V\u00eddeos Digitais: Solu\u00e7\u00f5es Integradas no Desenvolvimento de Hardware Dedicado para Aplicativos M\u00f3veis e Sistemas Embarcados em Geral<br \/>\n<strong>Edital:<\/strong> PqG FAPERGS 2013<br \/>\n<strong>Status:<\/strong> Finalizado<\/li>\n<li><strong>Projeto:<\/strong> Otimiza\u00e7\u00f5es Algor\u00edtmicas e Projeto de Hardware para CODECs de V\u00eddeo Compat\u00edveis com o Padr\u00e3o HEVC<br \/>\n<strong>Edital:<\/strong> Bolsa PQ CNPq 2015 (renova\u00e7\u00e3o bolsa n\u00edvel 2)<br \/>\n<strong>Status:<\/strong> Finalizado<\/li>\n<li><strong>Projeto:<\/strong> Heur\u00edsticas, Otimiza\u00e7\u00f5es Algor\u00edtmicas e Projetos Arquiteturais para o Padr\u00e3o HEVC de Codifica\u00e7\u00e3o de V\u00eddeos Digitais: Solu\u00e7\u00f5es Integradas no Desenvolvimento de Hardware Dedicado para Aplicativos M\u00f3veis e Sistemas Embarcados em Geral<br \/>\n<strong>Edital:<\/strong> Universal CNPq 2013<br \/>\n<strong>Status:<\/strong> Finalizado<\/li>\n<li><strong>Projeto:<\/strong> Algoritmos e arquitecturas para codificadores de v\u00eddeo 3D compat\u00edveis com norma HEVC\/H.265<br \/>\n<strong>Edital:<\/strong> CAPES FCT 2013 (coopera\u00e7\u00e3o com a Universidade de Coimbra)<br \/>\n<strong>Status:<\/strong> Finalizado<\/li>\n<li><strong>Projeto:<\/strong> Estudo e Desenvolvimento de T\u00e9cnicas para Redu\u00e7\u00e3o e Controle Din\u00e2mico da Complexidade Computacional de Codificadores de V\u00eddeo de Alta Efici\u00eancia<br \/>\n<strong>Edital:<\/strong> BJT CAPES 2014<br \/>\n<strong>Status:<\/strong> Finalizado<\/li>\n<li><strong>Projeto:<\/strong> Hardware e Software para a Compress\u00e3o de V\u00eddeos Digitais Segundo o Padr\u00e3o Emergente HEVC<br \/>\n<strong>Edital:<\/strong> Bolsa PQ CNPq 2011 (n\u00edvel 2)<br \/>\n<strong>Status:<\/strong> Finalizado<\/li>\n<li><strong>Projeto:<\/strong> Implementa\u00e7\u00e3o de Solu\u00e7\u00f5es Eficientes para M\u00f3dulos do Middleware Ginga do Sistema Brasileiro de TV Digital e Desenvolvimento de Aplicativos Embarcados para Estudo de Caso<br \/>\n<strong>Edital:<\/strong> PqG FAPERGS 2010<br \/>\n<strong>Status:<\/strong> Finalizado<\/li>\n<li><strong>Projeto:<\/strong> Investiga\u00e7\u00e3o e Desenvolvimento de Hardware e Software para Compress\u00e3o de V\u00eddeo Escal\u00e1vel com Foco no Sistema Brasileiro de TV Digital<br \/>\n<strong>Edital:<\/strong> Universal CNPq 2009<br \/>\n<strong>Status:<\/strong> Finalizado<\/li>\n<li><strong>Projeto:<\/strong> Investiga\u00e7\u00e3o e Desenvolvimento de Hardware para Compress\u00e3o de V\u00eddeo Escal\u00e1vel com Foco no Sistema Brasileiro de TV Digital<br \/>\n<strong>Edital:<\/strong> ARD FAPERGS 2009<br \/>\n<strong>Status:<\/strong> Finalizado<\/li>\n<li><strong>Projeto:<\/strong> Projeto de Arquiteturas para Compress\u00e3o de Imagens e V\u00eddeo Utilizando Metodologias de Reuso de Hardware<br \/>\n<strong>Edital:<\/strong> PROADE3 FAPERGS 2006<br \/>\n<strong>Status:<\/strong> Finalizado<\/li>\n<\/ul>\n<p><strong>Projetos em\u00a0Colabora\u00e7\u00e3o:<\/strong><\/p>\n<ul>\n<li><strong>Projeto:<\/strong> Desenvolvimento de Solu\u00e7\u00f5es para a Compress\u00e3o de V\u00eddeo de Alta Defini\u00e7\u00e3o em Dispositivos M\u00f3veis<br \/>\n<strong>Edital:<\/strong> ARD\/PPP FAPERGS 2014<br \/>\n<strong>Status:<\/strong> Aguardando a libera\u00e7\u00e3o de recursos<\/li>\n<li><strong>Projeto:<\/strong> VideoArch3D \u2013 T\u00e9cnicas Eficientes em Pot\u00eancia para Sistemas Multim\u00eddia 3-dimensional<br \/>\n<strong>Edital:<\/strong> PROBAL CAPES 2009 para coopera\u00e7\u00e3o com a Alemanha (UFRGS, UFPel e KIT)<br \/>\n<strong>Status:<\/strong> Finalizado<\/li>\n<li><strong>Projeto:<\/strong> SisChip: Concep\u00e7\u00e3o e S\u00edntese de Sistemas em Chip<br \/>\n<strong>Edital:<\/strong> PRONEX CNPq 2009 (projeto em rede coordenado pela UFRGS)<br \/>\n<strong>Status:<\/strong> Finalizado<\/li>\n<li><strong>Projeto:<\/strong> Sistema em Chip para o Terminal de Acesso do Sistema Brasileiro de Televis\u00e3o Digital<br \/>\n<strong>Edital:<\/strong> CTIC\/RNP\/FINEP 2009 (projeto em rede coordenado pela UFRGS)<br \/>\n<strong>Status:<\/strong> Finalizado<\/li>\n<li><strong>Projeto:<\/strong> GingaCDN: Ginga Code Development Network<br \/>\n<strong>Edital:<\/strong> FINEP CTIC\/RNP\/FINEP 2009 (projeto em rede coordenado pela UFPB)<br \/>\n<strong>Status:<\/strong> Finalizado<\/li>\n<li><strong>Projeto:<\/strong> Cons\u00f3rcio para Forma\u00e7\u00e3o de Recursos Humanos em N\u00edvel de P\u00f3s-Gradua\u00e7\u00e3o para TV Digital &#8211; Codifica\u00e7\u00e3o de Sinal Fonte e Projeto de Circuitos Integrados, Hardware e Firmware para SBTVD<br \/>\n<strong>Edital:<\/strong> RHTVD CAPES 2007 (projeto em rede coordenado pela UFRGS)<br \/>\n<strong>Status:<\/strong> Finalizado<\/li>\n<\/ul>\n","protected":false},"excerpt":{"rendered":"<p>*** Atualizado em 6 de maio de 2024 *** Os\u00a0projetos de pesquisa que coordenei ou participei da equipe e que obtiveram financiamento (finalizados ou em execu\u00e7\u00e3o), est\u00e3o listados abaixo. Projetos Coordenados: Projeto: Solu\u00e7\u00f5es Eficientes para Codecs de V\u00eddeo VVC e &hellip; <a href=\"https:\/\/wp.ufpel.edu.br\/agostini\/projetos-financiados\/\">Continue lendo <span class=\"meta-nav\">&rarr;<\/span><\/a><\/p>\n","protected":false},"author":685,"featured_media":0,"parent":0,"menu_order":4,"comment_status":"closed","ping_status":"closed","template":"","meta":{"footnotes":""},"class_list":["post-23","page","type-page","status-publish","hentry"],"_links":{"self":[{"href":"https:\/\/wp.ufpel.edu.br\/agostini\/wp-json\/wp\/v2\/pages\/23","targetHints":{"allow":["GET"]}}],"collection":[{"href":"https:\/\/wp.ufpel.edu.br\/agostini\/wp-json\/wp\/v2\/pages"}],"about":[{"href":"https:\/\/wp.ufpel.edu.br\/agostini\/wp-json\/wp\/v2\/types\/page"}],"author":[{"embeddable":true,"href":"https:\/\/wp.ufpel.edu.br\/agostini\/wp-json\/wp\/v2\/users\/685"}],"replies":[{"embeddable":true,"href":"https:\/\/wp.ufpel.edu.br\/agostini\/wp-json\/wp\/v2\/comments?post=23"}],"version-history":[{"count":7,"href":"https:\/\/wp.ufpel.edu.br\/agostini\/wp-json\/wp\/v2\/pages\/23\/revisions"}],"predecessor-version":[{"id":380,"href":"https:\/\/wp.ufpel.edu.br\/agostini\/wp-json\/wp\/v2\/pages\/23\/revisions\/380"}],"wp:attachment":[{"href":"https:\/\/wp.ufpel.edu.br\/agostini\/wp-json\/wp\/v2\/media?parent=23"}],"curies":[{"name":"wp","href":"https:\/\/api.w.org\/{rel}","templated":true}]}}