{"id":20,"date":"2016-08-22T15:17:15","date_gmt":"2016-08-22T18:17:15","guid":{"rendered":"https:\/\/wp.ufpel.edu.br\/agostini\/?page_id=20"},"modified":"2018-08-01T10:30:46","modified_gmt":"2018-08-01T13:30:46","slug":"disciplinas-ministradas","status":"publish","type":"page","link":"https:\/\/wp.ufpel.edu.br\/agostini\/disciplinas-ministradas\/","title":{"rendered":"Disciplinas Ministradas"},"content":{"rendered":"<p>As disciplinas que ministro est\u00e3o listadas abaixo. Seus conte\u00fados est\u00e3o dispon\u00edveis no AVA institucional.<\/p>\n<ul>\n<li>Arquitetura e Organiza\u00e7\u00e3o de Computadores I\u00a0(na Engenharia e na Ci\u00eancia da Computa\u00e7\u00e3o)<\/li>\n<li>Computa\u00e7\u00e3o e Sociedade (na Engenharia e na Ci\u00eancia da Computa\u00e7\u00e3o)<\/li>\n<li>Projeto Avan\u00e7ado de Sistemas Digitais (no Mestrado e Doutorado em Computa\u00e7\u00e3o)<\/li>\n<li>Arquitetura de Computadores\u00a0(no Mestrado e Doutorado em Computa\u00e7\u00e3o)<\/li>\n<li>Princ\u00edpios de Codifica\u00e7\u00e3o de V\u00eddeos Digitais\u00a0(no Mestrado e Doutorado em Computa\u00e7\u00e3o)<\/li>\n<\/ul>\n","protected":false},"excerpt":{"rendered":"<p>As disciplinas que ministro est\u00e3o listadas abaixo. Seus conte\u00fados est\u00e3o dispon\u00edveis no AVA institucional. Arquitetura e Organiza\u00e7\u00e3o de Computadores I\u00a0(na Engenharia e na Ci\u00eancia da Computa\u00e7\u00e3o) Computa\u00e7\u00e3o e Sociedade (na Engenharia e na Ci\u00eancia da Computa\u00e7\u00e3o) Projeto Avan\u00e7ado de Sistemas &hellip; <a href=\"https:\/\/wp.ufpel.edu.br\/agostini\/disciplinas-ministradas\/\">Continue lendo <span class=\"meta-nav\">&rarr;<\/span><\/a><\/p>\n","protected":false},"author":685,"featured_media":0,"parent":0,"menu_order":6,"comment_status":"closed","ping_status":"closed","template":"","meta":{"footnotes":""},"class_list":["post-20","page","type-page","status-publish","hentry"],"_links":{"self":[{"href":"https:\/\/wp.ufpel.edu.br\/agostini\/wp-json\/wp\/v2\/pages\/20","targetHints":{"allow":["GET"]}}],"collection":[{"href":"https:\/\/wp.ufpel.edu.br\/agostini\/wp-json\/wp\/v2\/pages"}],"about":[{"href":"https:\/\/wp.ufpel.edu.br\/agostini\/wp-json\/wp\/v2\/types\/page"}],"author":[{"embeddable":true,"href":"https:\/\/wp.ufpel.edu.br\/agostini\/wp-json\/wp\/v2\/users\/685"}],"replies":[{"embeddable":true,"href":"https:\/\/wp.ufpel.edu.br\/agostini\/wp-json\/wp\/v2\/comments?post=20"}],"version-history":[{"count":3,"href":"https:\/\/wp.ufpel.edu.br\/agostini\/wp-json\/wp\/v2\/pages\/20\/revisions"}],"predecessor-version":[{"id":312,"href":"https:\/\/wp.ufpel.edu.br\/agostini\/wp-json\/wp\/v2\/pages\/20\/revisions\/312"}],"wp:attachment":[{"href":"https:\/\/wp.ufpel.edu.br\/agostini\/wp-json\/wp\/v2\/media?parent=20"}],"curies":[{"name":"wp","href":"https:\/\/api.w.org\/{rel}","templated":true}]}}