{"id":45,"date":"2023-06-09T19:28:06","date_gmt":"2023-06-09T22:28:06","guid":{"rendered":"https:\/\/wp.ufpel.edu.br\/agimos\/?page_id=45"},"modified":"2024-04-15T11:31:11","modified_gmt":"2024-04-15T14:31:11","slug":"laboratorio-agimos-de-politicas-culturais","status":"publish","type":"page","link":"https:\/\/wp.ufpel.edu.br\/agimos\/laboratorio-agimos-de-politicas-culturais\/","title":{"rendered":"Laborat\u00f3rio Agimos de Pol\u00edticas Culturais"},"content":{"rendered":"\n<h2 class=\"wp-block-heading\">1\u00ba &#8211; Semin\u00e1rio Agimos de Pol\u00edticas Culturais &#8211; 11\/03\/2024<\/h2>\n\n\n\n<figure class=\"wp-block-gallery has-nested-images columns-default is-cropped wp-block-gallery-1 is-layout-flex wp-block-gallery-is-layout-flex\">\n<figure class=\"wp-block-image size-large\"><img loading=\"lazy\" decoding=\"async\" width=\"1024\" height=\"683\" data-id=\"409\" src=\"https:\/\/wp.ufpel.edu.br\/agimos\/files\/2024\/04\/s-01-1024x683.jpg\" alt=\"\" class=\"wp-image-409\" srcset=\"https:\/\/wp.ufpel.edu.br\/agimos\/files\/2024\/04\/s-01-1024x683.jpg 1024w, https:\/\/wp.ufpel.edu.br\/agimos\/files\/2024\/04\/s-01-400x267.jpg 400w, https:\/\/wp.ufpel.edu.br\/agimos\/files\/2024\/04\/s-01-768x512.jpg 768w, https:\/\/wp.ufpel.edu.br\/agimos\/files\/2024\/04\/s-01-1536x1024.jpg 1536w, https:\/\/wp.ufpel.edu.br\/agimos\/files\/2024\/04\/s-01-2048x1365.jpg 2048w\" sizes=\"auto, (max-width: 1024px) 100vw, 1024px\" \/><\/figure>\n\n\n\n<figure class=\"wp-block-image size-large\"><img loading=\"lazy\" decoding=\"async\" width=\"1024\" height=\"683\" data-id=\"413\" src=\"https:\/\/wp.ufpel.edu.br\/agimos\/files\/2024\/04\/s-02-1024x683.jpg\" alt=\"\" class=\"wp-image-413\" srcset=\"https:\/\/wp.ufpel.edu.br\/agimos\/files\/2024\/04\/s-02-1024x683.jpg 1024w, https:\/\/wp.ufpel.edu.br\/agimos\/files\/2024\/04\/s-02-400x267.jpg 400w, https:\/\/wp.ufpel.edu.br\/agimos\/files\/2024\/04\/s-02-768x512.jpg 768w, https:\/\/wp.ufpel.edu.br\/agimos\/files\/2024\/04\/s-02-1536x1024.jpg 1536w, https:\/\/wp.ufpel.edu.br\/agimos\/files\/2024\/04\/s-02-2048x1366.jpg 2048w\" sizes=\"auto, (max-width: 1024px) 100vw, 1024px\" \/><\/figure>\n\n\n\n<figure class=\"wp-block-image size-large\"><img loading=\"lazy\" decoding=\"async\" width=\"1024\" height=\"819\" data-id=\"410\" src=\"https:\/\/wp.ufpel.edu.br\/agimos\/files\/2024\/04\/s-03-1024x819.jpg\" alt=\"\" class=\"wp-image-410\" srcset=\"https:\/\/wp.ufpel.edu.br\/agimos\/files\/2024\/04\/s-03-1024x819.jpg 1024w, https:\/\/wp.ufpel.edu.br\/agimos\/files\/2024\/04\/s-03-400x320.jpg 400w, https:\/\/wp.ufpel.edu.br\/agimos\/files\/2024\/04\/s-03-768x614.jpg 768w, https:\/\/wp.ufpel.edu.br\/agimos\/files\/2024\/04\/s-03-1536x1229.jpg 1536w, https:\/\/wp.ufpel.edu.br\/agimos\/files\/2024\/04\/s-03-2048x1638.jpg 2048w\" sizes=\"auto, (max-width: 1024px) 100vw, 1024px\" \/><\/figure>\n\n\n\n<figure class=\"wp-block-image size-large\"><img loading=\"lazy\" decoding=\"async\" width=\"1024\" height=\"683\" data-id=\"412\" src=\"https:\/\/wp.ufpel.edu.br\/agimos\/files\/2024\/04\/s-04-1024x683.jpg\" alt=\"\" class=\"wp-image-412\" srcset=\"https:\/\/wp.ufpel.edu.br\/agimos\/files\/2024\/04\/s-04-1024x683.jpg 1024w, https:\/\/wp.ufpel.edu.br\/agimos\/files\/2024\/04\/s-04-400x267.jpg 400w, https:\/\/wp.ufpel.edu.br\/agimos\/files\/2024\/04\/s-04-768x512.jpg 768w, https:\/\/wp.ufpel.edu.br\/agimos\/files\/2024\/04\/s-04-1536x1024.jpg 1536w, https:\/\/wp.ufpel.edu.br\/agimos\/files\/2024\/04\/s-04-2048x1365.jpg 2048w\" sizes=\"auto, (max-width: 1024px) 100vw, 1024px\" \/><\/figure>\n\n\n\n<figure class=\"wp-block-image size-large\"><img loading=\"lazy\" decoding=\"async\" width=\"1024\" height=\"683\" data-id=\"408\" src=\"https:\/\/wp.ufpel.edu.br\/agimos\/files\/2024\/04\/s-05-1024x683.jpg\" alt=\"\" class=\"wp-image-408\" srcset=\"https:\/\/wp.ufpel.edu.br\/agimos\/files\/2024\/04\/s-05-1024x683.jpg 1024w, https:\/\/wp.ufpel.edu.br\/agimos\/files\/2024\/04\/s-05-400x267.jpg 400w, https:\/\/wp.ufpel.edu.br\/agimos\/files\/2024\/04\/s-05-768x512.jpg 768w, https:\/\/wp.ufpel.edu.br\/agimos\/files\/2024\/04\/s-05-1536x1024.jpg 1536w, https:\/\/wp.ufpel.edu.br\/agimos\/files\/2024\/04\/s-05-2048x1365.jpg 2048w\" sizes=\"auto, (max-width: 1024px) 100vw, 1024px\" \/><\/figure>\n\n\n\n<figure class=\"wp-block-image size-large\"><img loading=\"lazy\" decoding=\"async\" width=\"1024\" height=\"683\" data-id=\"411\" src=\"https:\/\/wp.ufpel.edu.br\/agimos\/files\/2024\/04\/s-06-1024x683.jpg\" alt=\"\" class=\"wp-image-411\" srcset=\"https:\/\/wp.ufpel.edu.br\/agimos\/files\/2024\/04\/s-06-1024x683.jpg 1024w, https:\/\/wp.ufpel.edu.br\/agimos\/files\/2024\/04\/s-06-400x267.jpg 400w, https:\/\/wp.ufpel.edu.br\/agimos\/files\/2024\/04\/s-06-768x512.jpg 768w, https:\/\/wp.ufpel.edu.br\/agimos\/files\/2024\/04\/s-06-1536x1024.jpg 1536w, https:\/\/wp.ufpel.edu.br\/agimos\/files\/2024\/04\/s-06-2048x1365.jpg 2048w\" sizes=\"auto, (max-width: 1024px) 100vw, 1024px\" \/><\/figure>\n\n\n\n<figure class=\"wp-block-image size-large\"><img loading=\"lazy\" decoding=\"async\" width=\"1024\" height=\"683\" data-id=\"414\" src=\"https:\/\/wp.ufpel.edu.br\/agimos\/files\/2024\/04\/s-07-1024x683.jpg\" alt=\"\" class=\"wp-image-414\" srcset=\"https:\/\/wp.ufpel.edu.br\/agimos\/files\/2024\/04\/s-07-1024x683.jpg 1024w, https:\/\/wp.ufpel.edu.br\/agimos\/files\/2024\/04\/s-07-400x267.jpg 400w, https:\/\/wp.ufpel.edu.br\/agimos\/files\/2024\/04\/s-07-768x512.jpg 768w, https:\/\/wp.ufpel.edu.br\/agimos\/files\/2024\/04\/s-07-1536x1024.jpg 1536w, https:\/\/wp.ufpel.edu.br\/agimos\/files\/2024\/04\/s-07-2048x1366.jpg 2048w\" sizes=\"auto, (max-width: 1024px) 100vw, 1024px\" \/><\/figure>\n\n\n\n<figure class=\"wp-block-image size-large\"><img loading=\"lazy\" decoding=\"async\" width=\"1024\" height=\"683\" data-id=\"415\" src=\"https:\/\/wp.ufpel.edu.br\/agimos\/files\/2024\/04\/s-09-1024x683.jpg\" alt=\"\" class=\"wp-image-415\" srcset=\"https:\/\/wp.ufpel.edu.br\/agimos\/files\/2024\/04\/s-09-1024x683.jpg 1024w, https:\/\/wp.ufpel.edu.br\/agimos\/files\/2024\/04\/s-09-400x267.jpg 400w, https:\/\/wp.ufpel.edu.br\/agimos\/files\/2024\/04\/s-09-768x512.jpg 768w, https:\/\/wp.ufpel.edu.br\/agimos\/files\/2024\/04\/s-09-1536x1024.jpg 1536w, https:\/\/wp.ufpel.edu.br\/agimos\/files\/2024\/04\/s-09-2048x1365.jpg 2048w\" sizes=\"auto, (max-width: 1024px) 100vw, 1024px\" \/><\/figure>\n\n\n\n<figure class=\"wp-block-image size-large\"><img loading=\"lazy\" decoding=\"async\" width=\"1024\" height=\"683\" data-id=\"416\" src=\"https:\/\/wp.ufpel.edu.br\/agimos\/files\/2024\/04\/s01b-1024x683.jpg\" alt=\"\" class=\"wp-image-416\" srcset=\"https:\/\/wp.ufpel.edu.br\/agimos\/files\/2024\/04\/s01b-1024x683.jpg 1024w, https:\/\/wp.ufpel.edu.br\/agimos\/files\/2024\/04\/s01b-400x267.jpg 400w, https:\/\/wp.ufpel.edu.br\/agimos\/files\/2024\/04\/s01b-768x512.jpg 768w, https:\/\/wp.ufpel.edu.br\/agimos\/files\/2024\/04\/s01b-1536x1024.jpg 1536w, https:\/\/wp.ufpel.edu.br\/agimos\/files\/2024\/04\/s01b-2048x1365.jpg 2048w\" sizes=\"auto, (max-width: 1024px) 100vw, 1024px\" \/><\/figure>\n\n\n\n<figure class=\"wp-block-image size-large\"><img loading=\"lazy\" decoding=\"async\" width=\"1024\" height=\"683\" data-id=\"417\" src=\"https:\/\/wp.ufpel.edu.br\/agimos\/files\/2024\/04\/s-10-1024x683.jpg\" alt=\"\" class=\"wp-image-417\" srcset=\"https:\/\/wp.ufpel.edu.br\/agimos\/files\/2024\/04\/s-10-1024x683.jpg 1024w, https:\/\/wp.ufpel.edu.br\/agimos\/files\/2024\/04\/s-10-400x267.jpg 400w, https:\/\/wp.ufpel.edu.br\/agimos\/files\/2024\/04\/s-10-768x512.jpg 768w, https:\/\/wp.ufpel.edu.br\/agimos\/files\/2024\/04\/s-10-1536x1024.jpg 1536w, https:\/\/wp.ufpel.edu.br\/agimos\/files\/2024\/04\/s-10-2048x1366.jpg 2048w\" sizes=\"auto, (max-width: 1024px) 100vw, 1024px\" \/><\/figure>\n<\/figure>\n\n\n<p style=\"text-align: justify;\">Com o objetivo de lan\u00e7ar a <strong>Agimos<\/strong> &#8211; Ag\u00eancia de Ind\u00fastria Criativa e Mobiliza\u00e7\u00e3o Social em parceria com a Comiss\u00e3o de Dirigentes Culturais da Zona Sul &#8211; <strong>Codic Sul<\/strong>, foram convidados dirigentes de todos os munic\u00edpios participantes da Azonasul &#8211; Associa\u00e7\u00e3o dos Munic\u00edpios da Zona Sul do Rio Grande do Sul, Secretaria de Estado da Cultura Sedac, Sebrae, Iphan, MinCSul e Azonasul.<\/p>\n<p style=\"text-align: justify;\">O evento foi realizado no Audit\u00f3rio do Museu do Doce e contou com a presen\u00e7a de dirigentes culturais dos munic\u00edpios de <strong>Arroio Grande<\/strong>, <strong>Arroio do Padre<\/strong>, <strong>Pedro Os\u00f3rio,<\/strong> <strong>Piratini<\/strong>, <strong>Pelotas<\/strong>, <strong>Rio Grande<\/strong>, <strong>Santana da Boa Vista<\/strong>, <strong>S\u00e3o Louren\u00e7o do Sul<\/strong> e <strong>Turu\u00e7u<\/strong>, al\u00e9m de autoridades representando a Universidade Federal de Pelotas (<strong>UFPel<\/strong>) (Vice-Reitoria e PREC), Funda\u00e7\u00e3o Delfim Mendes Silveira (<strong>FDMS<\/strong>), Associa\u00e7\u00e3o dos Munic\u00edpios da Zona Sul (<strong>Azonasul<\/strong>), o Escrit\u00f3rio do Minist\u00e9rio da Cultura do Rio Grande do Sul (<strong>MinCSul<\/strong>), Escrit\u00f3rio Sul do Instituto do Patrim\u00f4nio Hist\u00f3rico e Art\u00edstico Nacional (<strong>Iphan<\/strong>), a Funda\u00e7\u00e3o Universidade do Rio Grande <strong>(FURG)\u00a0<\/strong>e membros do Conselho Municipal de Cultura de Pelotas (<strong>Concult-Pel<\/strong>).<\/p>\n<p style=\"text-align: justify;\">Na <strong>mesa de abertura<\/strong>, contamos com a presen\u00e7a de <strong>Eraldo Pinheiro<\/strong> (Pr\u00f3-Reitor de Extens\u00e3o e Cultura); <strong>Mariana Martinez<\/strong> (Coordenadora MinC-Sul); <strong>Silvana Orlandi<\/strong> (Gabinete da Vice Reitoria UFPel), <strong>C\u00e9sar Bergoli<\/strong> &#8211; (Diretor Presidente da FDMS); <strong>Paulo Pedrozo<\/strong> (Secult &#8211; Pelotas); <strong>Annie Fernandes<\/strong> (Concult &#8211; Pelotas); <strong>Karisa Barros<\/strong> &#8211; (Azonasul); <strong>Anelize Carriconde<\/strong> (Coordenadora CODIC-Sul e Secret\u00e1ria Geral CODIC-RS).\u00a0<\/p>\n<p>Confira os registros e a programa\u00e7\u00e3o do evento.<\/p>\n<p>Not\u00edcias e Links externos:<\/p>\n<p><a href=\"https:\/\/mapacultural.agimos.org.br\/evento\/69\/\">Evento no Mapa Cultural Agimos<\/a><\/p>\n<p><a href=\"https:\/\/fundacoesufpel.com.br\/fdms\/2024\/03\/18\/projeto-agimos\/\">Publica\u00e7\u00e3o FDMS<\/a><\/p>\n<p><a href=\"https:\/\/www.facebook.com\/DACFURG\/posts\/pfbid0mU1Qwp1GDPJBX6rK3skTMErbxbPyzcFLgsbdWiMh4vqrSrcn7yq36bNhxYzVaz2al\">Publica\u00e7\u00e3o DAC-FURG<\/a><\/p>\n<p><a href=\"https:\/\/diariopopular.com.br\/cultura_e_entretenimento\/pnab_aproxima_ainda_mais_o_minc_dos_municipios.581087\">Di\u00e1rio Popular &#8211; Men\u00e7\u00e3o ao Semin\u00e1rio<\/a><\/p>\n<p>&nbsp;<\/p>\n\n\n<h2 class=\"wp-block-heading\">Semin\u00e1rio Agimos de Pol\u00edticas Culturais: Azonasul Territ\u00f3rio Criativo &#8211; Programa\u00e7\u00e3o<\/h2>\n\n\n\n<figure class=\"wp-block-gallery has-nested-images columns-default is-cropped wp-block-gallery-2 is-layout-flex wp-block-gallery-is-layout-flex\">\n<figure class=\"wp-block-image size-large\"><img loading=\"lazy\" decoding=\"async\" width=\"1024\" height=\"1024\" data-id=\"401\" src=\"https:\/\/wp.ufpel.edu.br\/agimos\/files\/2024\/04\/card-01-agimos-ok-1024x1024.png\" alt=\"\" class=\"wp-image-401\" srcset=\"https:\/\/wp.ufpel.edu.br\/agimos\/files\/2024\/04\/card-01-agimos-ok-1024x1024.png 1024w, https:\/\/wp.ufpel.edu.br\/agimos\/files\/2024\/04\/card-01-agimos-ok-400x400.png 400w, https:\/\/wp.ufpel.edu.br\/agimos\/files\/2024\/04\/card-01-agimos-ok-200x200.png 200w, https:\/\/wp.ufpel.edu.br\/agimos\/files\/2024\/04\/card-01-agimos-ok-768x768.png 768w, https:\/\/wp.ufpel.edu.br\/agimos\/files\/2024\/04\/card-01-agimos-ok.png 1080w\" sizes=\"auto, (max-width: 1024px) 100vw, 1024px\" \/><\/figure>\n\n\n\n<figure class=\"wp-block-image size-large\"><img loading=\"lazy\" decoding=\"async\" width=\"1016\" height=\"1024\" data-id=\"402\" src=\"https:\/\/wp.ufpel.edu.br\/agimos\/files\/2024\/04\/card-02-agimos-ok-1016x1024.png\" alt=\"\" class=\"wp-image-402\" srcset=\"https:\/\/wp.ufpel.edu.br\/agimos\/files\/2024\/04\/card-02-agimos-ok-1016x1024.png 1016w, https:\/\/wp.ufpel.edu.br\/agimos\/files\/2024\/04\/card-02-agimos-ok-397x400.png 397w, https:\/\/wp.ufpel.edu.br\/agimos\/files\/2024\/04\/card-02-agimos-ok-768x774.png 768w, https:\/\/wp.ufpel.edu.br\/agimos\/files\/2024\/04\/card-02-agimos-ok.png 1080w\" sizes=\"auto, (max-width: 1016px) 100vw, 1016px\" \/><\/figure>\n\n\n\n<figure class=\"wp-block-image size-large\"><img loading=\"lazy\" decoding=\"async\" width=\"1024\" height=\"1022\" data-id=\"403\" src=\"https:\/\/wp.ufpel.edu.br\/agimos\/files\/2024\/04\/card-03-agimos-ok-1024x1022.png\" alt=\"\" class=\"wp-image-403\" srcset=\"https:\/\/wp.ufpel.edu.br\/agimos\/files\/2024\/04\/card-03-agimos-ok-1024x1022.png 1024w, https:\/\/wp.ufpel.edu.br\/agimos\/files\/2024\/04\/card-03-agimos-ok-400x400.png 400w, https:\/\/wp.ufpel.edu.br\/agimos\/files\/2024\/04\/card-03-agimos-ok-200x200.png 200w, https:\/\/wp.ufpel.edu.br\/agimos\/files\/2024\/04\/card-03-agimos-ok-768x767.png 768w, https:\/\/wp.ufpel.edu.br\/agimos\/files\/2024\/04\/card-03-agimos-ok.png 1079w\" sizes=\"auto, (max-width: 1024px) 100vw, 1024px\" \/><\/figure>\n\n\n\n<figure class=\"wp-block-image size-large\"><img loading=\"lazy\" decoding=\"async\" width=\"1024\" height=\"1021\" data-id=\"404\" src=\"https:\/\/wp.ufpel.edu.br\/agimos\/files\/2024\/04\/card-04-agimos-ok-1024x1021.png\" alt=\"\" class=\"wp-image-404\" srcset=\"https:\/\/wp.ufpel.edu.br\/agimos\/files\/2024\/04\/card-04-agimos-ok-1024x1021.png 1024w, https:\/\/wp.ufpel.edu.br\/agimos\/files\/2024\/04\/card-04-agimos-ok-400x400.png 400w, https:\/\/wp.ufpel.edu.br\/agimos\/files\/2024\/04\/card-04-agimos-ok-200x200.png 200w, https:\/\/wp.ufpel.edu.br\/agimos\/files\/2024\/04\/card-04-agimos-ok-768x766.png 768w, https:\/\/wp.ufpel.edu.br\/agimos\/files\/2024\/04\/card-04-agimos-ok.png 1080w\" sizes=\"auto, (max-width: 1024px) 100vw, 1024px\" \/><\/figure>\n\n\n\n<figure class=\"wp-block-image size-large\"><img loading=\"lazy\" decoding=\"async\" width=\"1024\" height=\"1021\" data-id=\"405\" src=\"https:\/\/wp.ufpel.edu.br\/agimos\/files\/2024\/04\/card-05-agimos-ok-1024x1021.png\" alt=\"\" class=\"wp-image-405\" srcset=\"https:\/\/wp.ufpel.edu.br\/agimos\/files\/2024\/04\/card-05-agimos-ok-1024x1021.png 1024w, https:\/\/wp.ufpel.edu.br\/agimos\/files\/2024\/04\/card-05-agimos-ok-400x400.png 400w, https:\/\/wp.ufpel.edu.br\/agimos\/files\/2024\/04\/card-05-agimos-ok-200x200.png 200w, https:\/\/wp.ufpel.edu.br\/agimos\/files\/2024\/04\/card-05-agimos-ok-768x766.png 768w, https:\/\/wp.ufpel.edu.br\/agimos\/files\/2024\/04\/card-05-agimos-ok.png 1080w\" sizes=\"auto, (max-width: 1024px) 100vw, 1024px\" \/><\/figure>\n\n\n\n<figure class=\"wp-block-image size-large\"><img loading=\"lazy\" decoding=\"async\" width=\"720\" height=\"1024\" data-id=\"406\" src=\"https:\/\/wp.ufpel.edu.br\/agimos\/files\/2024\/04\/Semina\u0301rio-Agimos-01-720x1024.png\" alt=\"\" class=\"wp-image-406\" srcset=\"https:\/\/wp.ufpel.edu.br\/agimos\/files\/2024\/04\/Semina\u0301rio-Agimos-01-720x1024.png 720w, https:\/\/wp.ufpel.edu.br\/agimos\/files\/2024\/04\/Semina\u0301rio-Agimos-01-281x400.png 281w, https:\/\/wp.ufpel.edu.br\/agimos\/files\/2024\/04\/Semina\u0301rio-Agimos-01-768x1092.png 768w, https:\/\/wp.ufpel.edu.br\/agimos\/files\/2024\/04\/Semina\u0301rio-Agimos-01-1080x1536.png 1080w, https:\/\/wp.ufpel.edu.br\/agimos\/files\/2024\/04\/Semina\u0301rio-Agimos-01-1440x2048.png 1440w, https:\/\/wp.ufpel.edu.br\/agimos\/files\/2024\/04\/Semina\u0301rio-Agimos-01.png 1753w\" sizes=\"auto, (max-width: 720px) 100vw, 720px\" \/><\/figure>\n\n\n\n<figure class=\"wp-block-image size-large\"><img loading=\"lazy\" decoding=\"async\" width=\"721\" height=\"1024\" data-id=\"407\" src=\"https:\/\/wp.ufpel.edu.br\/agimos\/files\/2024\/04\/Semina\u0301rio-Agimos-02-721x1024.png\" alt=\"\" class=\"wp-image-407\" srcset=\"https:\/\/wp.ufpel.edu.br\/agimos\/files\/2024\/04\/Semina\u0301rio-Agimos-02-721x1024.png 721w, https:\/\/wp.ufpel.edu.br\/agimos\/files\/2024\/04\/Semina\u0301rio-Agimos-02-282x400.png 282w, https:\/\/wp.ufpel.edu.br\/agimos\/files\/2024\/04\/Semina\u0301rio-Agimos-02-768x1090.png 768w, https:\/\/wp.ufpel.edu.br\/agimos\/files\/2024\/04\/Semina\u0301rio-Agimos-02-1082x1536.png 1082w, https:\/\/wp.ufpel.edu.br\/agimos\/files\/2024\/04\/Semina\u0301rio-Agimos-02-1443x2048.png 1443w, https:\/\/wp.ufpel.edu.br\/agimos\/files\/2024\/04\/Semina\u0301rio-Agimos-02.png 1753w\" sizes=\"auto, (max-width: 721px) 100vw, 721px\" \/><\/figure>\n<\/figure>\n\n\n\n<h2 class=\"wp-block-heading\">Sobre o Laborat\u00f3rio Agimos de Pol\u00edticas Culturais<\/h2>\n\n\n\n<p>O Grupo de pesquisa em Produ\u00e7\u00e3o e Pol\u00edticas Culturais \u00e9 um dos bra\u00e7os da AGIMOS. A\u00e7\u00e3o em curso desde setembro de 2022, possui um forte vi\u00e9s de inser\u00e7\u00e3o no campo pr\u00e1tico de pesquisa, investigando potencialidades e lacunas do campo da cultura em n\u00edvel regional, a partir dos conceitos de <em>Habitus, Campo e Capital, de <\/em>Pierre Bourdieu.<\/p>\n\n\n\n<p>Assim, o projeto funciona como observat\u00f3rio do campo de produ\u00e7\u00e3o cultural na Regi\u00e3o Funcional 5 do RS, no extremo sul do Estado, que re\u00fane 22 munic\u00edpios, realizando levantamentos de informa\u00e7\u00f5es sobre o campo cultural e acompanhamento dos munic\u00edpios, em parceria com o Conselho Dirigente da Associa\u00e7\u00e3o dos Munic\u00edpios da Zona Sul &#8211; CODIC-Azonasul.&nbsp;<\/p>\n\n\n\n<p>O acompanhamento \u00e0s gest\u00f5es de cultura e comunidades culturais oferece redes, e acervo de informa\u00e7\u00f5es. Entre os anos de 2022 e 2023, a aproxima\u00e7\u00e3o da UFPel \u00e0s gest\u00f5es de cultura ocorreu acerca de dois grandes temas: 1) estrutura\u00e7\u00e3o dos Sistemas Municipais de Cultura e 2) ades\u00e3o municipal \u00e0 Lei Paulo Gustavo. Junto ao CODIC-Azonasul, a AGIMOS UFPel vem realizando as Caravanas Culturais, com debates presenciais em alguns munic\u00edpios.&nbsp;<\/p>\n\n\n\n<p>Busca-se com esse projeto contribuir concretamente, enquanto universidade, com o contexto local e regional de cultura, fomentando a participa\u00e7\u00e3o de gest\u00f5es e comunidades nas inst\u00e2ncias de debate sobre cultura e nos mecanismos de fomento \u00e0 produ\u00e7\u00e3o em arte e cultura.&nbsp; Fomentar mobiliza\u00e7\u00f5es locais, visibilizar e fortalecer a cadeia produtiva da cultura e os Sistemas Municipais de Cultura \u00e9 um caminho para gerar indicadores cultural e assim, compreender as din\u00e2micas e refer\u00eancias do campo cultural, desenvolver frentes de trabalho nos munic\u00edpios e balizar futuras pol\u00edticas p\u00fablicas para o setor.&nbsp;<\/p>\n\n\n\n<h2 class=\"wp-block-heading\">Caravanas Culturais LPG &#8211; Codic-Sul &#8211; Agimos <\/h2>\n\n\n\n<p>Reportagem realizada pela Secult Arroio Grande sobre as a\u00e7\u00f5es realizadas em Arroio do Padre, Turu\u00e7u e Morro Redondo sobre a implementa\u00e7\u00e3o da Lei Paulo Gustavo na regi\u00e3o<\/p>\n\n\n\n<hr class=\"wp-block-separator has-alpha-channel-opacity is-style-wide\"\/>\n\n\n\n<figure class=\"wp-block-video\"><video height=\"480\" style=\"aspect-ratio: 848 \/ 480;\" width=\"848\" controls src=\"https:\/\/wp.ufpel.edu.br\/agimos\/files\/2023\/06\/Video-de-Caroline-Savedra-_1.mp4\"><\/video><\/figure>\n\n\n\n<p><\/p>\n","protected":false},"excerpt":{"rendered":"<p>1\u00ba &#8211; Semin\u00e1rio Agimos de Pol\u00edticas Culturais &#8211; 11\/03\/2024 Com o objetivo de lan\u00e7ar a Agimos &#8211; Ag\u00eancia de Ind\u00fastria Criativa e Mobiliza\u00e7\u00e3o Social em parceria com a Comiss\u00e3o de Dirigentes Culturais da Zona Sul &#8211; Codic Sul, foram convidados dirigentes de todos os munic\u00edpios participantes da Azonasul &#8211; Associa\u00e7\u00e3o dos Munic\u00edpios da Zona Sul &hellip; <a href=\"https:\/\/wp.ufpel.edu.br\/agimos\/laboratorio-agimos-de-politicas-culturais\/\" class=\"more-link\">Continue lendo <span class=\"screen-reader-text\">Laborat\u00f3rio Agimos de Pol\u00edticas Culturais<\/span> <span class=\"meta-nav\">&rarr;<\/span><\/a><\/p>\n","protected":false},"author":1298,"featured_media":0,"parent":0,"menu_order":0,"comment_status":"closed","ping_status":"closed","template":"","meta":{"footnotes":""},"class_list":["post-45","page","type-page","status-publish","hentry"],"_links":{"self":[{"href":"https:\/\/wp.ufpel.edu.br\/agimos\/wp-json\/wp\/v2\/pages\/45","targetHints":{"allow":["GET"]}}],"collection":[{"href":"https:\/\/wp.ufpel.edu.br\/agimos\/wp-json\/wp\/v2\/pages"}],"about":[{"href":"https:\/\/wp.ufpel.edu.br\/agimos\/wp-json\/wp\/v2\/types\/page"}],"author":[{"embeddable":true,"href":"https:\/\/wp.ufpel.edu.br\/agimos\/wp-json\/wp\/v2\/users\/1298"}],"replies":[{"embeddable":true,"href":"https:\/\/wp.ufpel.edu.br\/agimos\/wp-json\/wp\/v2\/comments?post=45"}],"version-history":[{"count":13,"href":"https:\/\/wp.ufpel.edu.br\/agimos\/wp-json\/wp\/v2\/pages\/45\/revisions"}],"predecessor-version":[{"id":422,"href":"https:\/\/wp.ufpel.edu.br\/agimos\/wp-json\/wp\/v2\/pages\/45\/revisions\/422"}],"wp:attachment":[{"href":"https:\/\/wp.ufpel.edu.br\/agimos\/wp-json\/wp\/v2\/media?parent=45"}],"curies":[{"name":"wp","href":"https:\/\/api.w.org\/{rel}","templated":true}]}}