{"id":44,"date":"2023-06-09T19:28:06","date_gmt":"2023-06-09T22:28:06","guid":{"rendered":"https:\/\/wp.ufpel.edu.br\/agimos\/?page_id=44"},"modified":"2024-04-15T10:13:20","modified_gmt":"2024-04-15T13:13:20","slug":"premio","status":"publish","type":"page","link":"https:\/\/wp.ufpel.edu.br\/agimos\/premio\/","title":{"rendered":"Pr\u00eamio AGIMOS de Produ\u00e7\u00e3o Musical"},"content":{"rendered":"\n<h5 class=\"wp-block-heading\"><\/h5>\n\n\n\n<p class=\"has-text-align-left has-green-color has-text-color has-medium-font-size\"><strong>Resultado do Pr\u00eamio AGIMOS<\/strong><\/p>\n\n\n\n<figure class=\"wp-block-embed is-type-wp-embed is-provider-funda-o-delfim-mendes-silveira wp-block-embed-funda-o-delfim-mendes-silveira\"><div class=\"wp-block-embed__wrapper\">\n<blockquote class=\"wp-embedded-content\" data-secret=\"HLhOBdIcqv\"><a href=\"https:\/\/fundacoesufpel.com.br\/fdms\/2023\/08\/14\/edital-agimos-001-2023-aberto\/\">Pr\u00eamio AGIMOS de Produ\u00e7\u00e3o Musical 2023<\/a><\/blockquote><iframe loading=\"lazy\" class=\"wp-embedded-content\" sandbox=\"allow-scripts\" security=\"restricted\" style=\"position: absolute; clip: rect(1px, 1px, 1px, 1px);\" title=\"&#8220;Pr\u00eamio AGIMOS de Produ\u00e7\u00e3o Musical 2023&#8221; &#8212; FUNDA\u00c7\u00c3O DELFIM MENDES SILVEIRA\" src=\"https:\/\/fundacoesufpel.com.br\/fdms\/2023\/08\/14\/edital-agimos-001-2023-aberto\/embed\/#?secret=vWfmpaLbIu#?secret=HLhOBdIcqv\" data-secret=\"HLhOBdIcqv\" width=\"474\" height=\"267\" frameborder=\"0\" marginwidth=\"0\" marginheight=\"0\" scrolling=\"no\"><\/iframe>\n<\/div><\/figure>\n\n\n\n<p><a href=\"https:\/\/fundacoesufpel.com.br\/fdms\/wp-content\/uploads\/sites\/3\/2023\/11\/NOVA-PUBLICACAO-PREMIACAO.docx.pdf\">https:\/\/fundacoesufpel.com.br\/fdms\/wp-content\/uploads\/sites\/3\/2023\/11\/NOVA-PUBLICACAO-PREMIACAO.docx.pdf<\/a><\/p>\n\n\n\n<hr class=\"wp-block-separator has-alpha-channel-opacity\"\/>\n\n\n\n<p>Leia atentamente o edital, cadastre-se no Mapa Cultural AGIMOS e inscreva-se em <a href=\"https:\/\/mapacultural.agimos.org.br\/oportunidade\/7\/#info\">https:\/\/mapacultural.agimos.org.br\/oportunidade\/7\/#info<\/a><\/p>\n\n\n\n<div data-wp-interactive=\"core\/file\" class=\"wp-block-file\"><object data-wp-bind--hidden=\"!state.hasPdfPreview\" hidden class=\"wp-block-file__embed\" data=\"https:\/\/wp.ufpel.edu.br\/agimos\/files\/2023\/08\/edital-AGIMOS-001-2023.pdf\" type=\"application\/pdf\" style=\"width:100%;height:600px\" aria-label=\"Incorporado de Edital AGIMOS 001-2023.\"><\/object><a id=\"wp-block-file--media-baee9c94-41be-4f5e-8c3c-7ef8ef39f943\" href=\"https:\/\/wp.ufpel.edu.br\/agimos\/files\/2023\/08\/edital-AGIMOS-001-2023.pdf\">Edital AGIMOS 001-2023<\/a><a href=\"https:\/\/wp.ufpel.edu.br\/agimos\/files\/2023\/08\/edital-AGIMOS-001-2023.pdf\" class=\"wp-block-file__button wp-element-button\" download aria-describedby=\"wp-block-file--media-baee9c94-41be-4f5e-8c3c-7ef8ef39f943\">Baixar<\/a><\/div>\n\n\n\n<figure class=\"wp-block-image\"><img loading=\"lazy\" decoding=\"async\" width=\"1260\" height=\"240\" src=\"https:\/\/wp.ufpel.edu.br\/agimos\/files\/2023\/06\/Banner-site02-1.png\" alt=\"\" class=\"wp-image-124\" srcset=\"https:\/\/wp.ufpel.edu.br\/agimos\/files\/2023\/06\/Banner-site02-1.png 1260w, https:\/\/wp.ufpel.edu.br\/agimos\/files\/2023\/06\/Banner-site02-1-400x76.png 400w, https:\/\/wp.ufpel.edu.br\/agimos\/files\/2023\/06\/Banner-site02-1-1024x195.png 1024w, https:\/\/wp.ufpel.edu.br\/agimos\/files\/2023\/06\/Banner-site02-1-768x146.png 768w\" sizes=\"auto, (max-width: 1260px) 100vw, 1260px\" \/><\/figure>\n\n\n\n<figure class=\"wp-block-embed is-type-video is-provider-youtube wp-block-embed-youtube wp-embed-aspect-4-3 wp-has-aspect-ratio\"><div class=\"wp-block-embed__wrapper\">\n<iframe loading=\"lazy\" title=\"CADASTRO NO MAPA CULTURAL AGIMOS TUTORIAL\" width=\"474\" height=\"267\" src=\"https:\/\/www.youtube.com\/embed\/P-sanedYdn4?feature=oembed\" frameborder=\"0\" allow=\"accelerometer; autoplay; clipboard-write; encrypted-media; gyroscope; picture-in-picture; web-share\" referrerpolicy=\"strict-origin-when-cross-origin\" allowfullscreen><\/iframe>\n<\/div><\/figure>\n\n\n\n<figure class=\"wp-block-embed is-type-video is-provider-youtube wp-block-embed-youtube wp-embed-aspect-4-3 wp-has-aspect-ratio\"><div class=\"wp-block-embed__wrapper\">\n<iframe loading=\"lazy\" title=\"INSCRI\u00c7\u00c3O PREMIO AGIMOS DE PRODUCAO MUSICAL TUTORIAL\" width=\"474\" height=\"267\" src=\"https:\/\/www.youtube.com\/embed\/0hzeOIVgfnY?feature=oembed\" frameborder=\"0\" allow=\"accelerometer; autoplay; clipboard-write; encrypted-media; gyroscope; picture-in-picture; web-share\" referrerpolicy=\"strict-origin-when-cross-origin\" allowfullscreen><\/iframe>\n<\/div><figcaption class=\"wp-element-caption\">Tutorial de Inscri\u00e7\u00e3o Pr\u00eamio Agimos de Produ\u00e7\u00e3o Musical<\/figcaption><\/figure>\n\n\n\n<p><\/p>\n","protected":false},"excerpt":{"rendered":"<p>Resultado do Pr\u00eamio AGIMOS https:\/\/fundacoesufpel.com.br\/fdms\/wp-content\/uploads\/sites\/3\/2023\/11\/NOVA-PUBLICACAO-PREMIACAO.docx.pdf Leia atentamente o edital, cadastre-se no Mapa Cultural AGIMOS e inscreva-se em https:\/\/mapacultural.agimos.org.br\/oportunidade\/7\/#info<\/p>\n","protected":false},"author":1298,"featured_media":0,"parent":0,"menu_order":0,"comment_status":"closed","ping_status":"closed","template":"","meta":{"footnotes":""},"class_list":["post-44","page","type-page","status-publish","hentry"],"_links":{"self":[{"href":"https:\/\/wp.ufpel.edu.br\/agimos\/wp-json\/wp\/v2\/pages\/44","targetHints":{"allow":["GET"]}}],"collection":[{"href":"https:\/\/wp.ufpel.edu.br\/agimos\/wp-json\/wp\/v2\/pages"}],"about":[{"href":"https:\/\/wp.ufpel.edu.br\/agimos\/wp-json\/wp\/v2\/types\/page"}],"author":[{"embeddable":true,"href":"https:\/\/wp.ufpel.edu.br\/agimos\/wp-json\/wp\/v2\/users\/1298"}],"replies":[{"embeddable":true,"href":"https:\/\/wp.ufpel.edu.br\/agimos\/wp-json\/wp\/v2\/comments?post=44"}],"version-history":[{"count":15,"href":"https:\/\/wp.ufpel.edu.br\/agimos\/wp-json\/wp\/v2\/pages\/44\/revisions"}],"predecessor-version":[{"id":421,"href":"https:\/\/wp.ufpel.edu.br\/agimos\/wp-json\/wp\/v2\/pages\/44\/revisions\/421"}],"wp:attachment":[{"href":"https:\/\/wp.ufpel.edu.br\/agimos\/wp-json\/wp\/v2\/media?parent=44"}],"curies":[{"name":"wp","href":"https:\/\/api.w.org\/{rel}","templated":true}]}}