{"id":43,"date":"2023-06-09T19:28:05","date_gmt":"2023-06-09T22:28:05","guid":{"rendered":"https:\/\/wp.ufpel.edu.br\/agimos\/?page_id=43"},"modified":"2024-11-16T17:21:18","modified_gmt":"2024-11-16T20:21:18","slug":"mapacultural","status":"publish","type":"page","link":"https:\/\/wp.ufpel.edu.br\/agimos\/mapacultural\/","title":{"rendered":"Mapa Cultural AGIMOS"},"content":{"rendered":"\n<h4 class=\"wp-block-heading\">O que \u00e9 um &#8220;Mapa Cultural&#8221;?<\/h4>\n\n\n\n<p>O <strong>Mapa Cultural<\/strong> foi desenvolvido pela empresa <strong><a href=\"https:\/\/hacklab.com.br\/\">hacklab\/<\/a><\/strong> com o intuito de ser uma plataforma de gest\u00e3o colaborativa e transparente da cultural, ou seja, \u00e9 uma ferramenta virtual que permite com que o gestor p\u00fablico visualize com maior facilidade o territ\u00f3rio cultural da regi\u00e3o em que se encontra. O Mapa Cultural tem a ideia de ser um ambiente em que se promove uma rela\u00e7\u00e3o mais \u00edntima entre o agente produtor cultural, profissionais da \u00e1rea de arte e cultura e a comunidade local. <\/p>\n\n\n\n<p><a href=\"https:\/\/mapacultural.agimos.org.br\/\">https:\/\/mapacultural.agimos.org.br\/<\/a><\/p>\n\n\n\n<p class=\"has-medium-gray-color has-text-color has-small-font-size\">Texto parafraseado de <a href=\"https:\/\/hacklab.com.br\/projetos\/mapas-culturais\/\">hacklab\/<\/a>.<\/p>\n\n\n\n<hr class=\"wp-block-separator has-alpha-channel-opacity is-style-wide\"\/>\n\n\n\n<figure class=\"wp-block-embed is-type-video is-provider-youtube wp-block-embed-youtube wp-embed-aspect-4-3 wp-has-aspect-ratio\"><div class=\"wp-block-embed__wrapper\">\n<iframe loading=\"lazy\" title=\"CADASTRO NO MAPA CULTURAL AGIMOS TUTORIAL\" width=\"474\" height=\"267\" src=\"https:\/\/www.youtube.com\/embed\/P-sanedYdn4?feature=oembed\" frameborder=\"0\" allow=\"accelerometer; autoplay; clipboard-write; encrypted-media; gyroscope; picture-in-picture; web-share\" referrerpolicy=\"strict-origin-when-cross-origin\" allowfullscreen><\/iframe>\n<\/div><figcaption class=\"wp-element-caption\">Tutorial Mapa Cultural &#8211; <a href=\"https:\/\/mapacultural.agimos.org.br\/\" target=\"_blank\" rel=\"noreferrer noopener\">https:\/\/mapacultural.agimos.org.br\/<\/a><\/figcaption><\/figure>\n\n\n\n<div data-wp-interactive=\"core\/file\" class=\"wp-block-file\"><object data-wp-bind--hidden=\"!state.hasPdfPreview\" hidden class=\"wp-block-file__embed\" data=\"https:\/\/wp.ufpel.edu.br\/agimos\/files\/2023\/08\/TUTORIAL-CADASTRO-MAPA.pdf\" type=\"application\/pdf\" style=\"width:100%;height:600px\" aria-label=\"Incorporado de TUTORIAL-CADASTRO-MAPA.\"><\/object><a id=\"wp-block-file--media-9f9666bc-a648-4d0f-9fc3-b03eda0f38bd\" href=\"https:\/\/wp.ufpel.edu.br\/agimos\/files\/2023\/08\/TUTORIAL-CADASTRO-MAPA.pdf\">TUTORIAL-CADASTRO-MAPA<\/a><a href=\"https:\/\/wp.ufpel.edu.br\/agimos\/files\/2023\/08\/TUTORIAL-CADASTRO-MAPA.pdf\" class=\"wp-block-file__button wp-element-button\" download aria-describedby=\"wp-block-file--media-9f9666bc-a648-4d0f-9fc3-b03eda0f38bd\">Baixar<\/a><\/div>\n\n\n\n<h4 class=\"wp-block-heading\">Qual o impacto do Mapa Cultural?<\/h4>\n\n\n\n<p>Com a implementa\u00e7\u00e3o do Mapa Cultural junto a <strong>Universidade Federal de Pelotas <\/strong>(UFPel) e a empresa <strong>hacklab\/<\/strong>, haver\u00e1 a facilita\u00e7\u00e3o do artista, m\u00fasico, dan\u00e7arino, etc, de divulgar seu trabalho ao p\u00fablico e ser reconhecido por isso; da mesma forma que a comunidade em geral ter\u00e1 o conhecimento das a\u00e7\u00f5es culturais que acontecem na cidade com facilidade.<\/p>\n\n\n\n<p>Junto ao Mapa Cultural, o <strong><a href=\"https:\/\/wp.ufpel.edu.br\/agimos\/premio-agimos-de-producao-cultural\/\" data-type=\"URL\" data-id=\"https:\/\/wp.ufpel.edu.br\/agimos\/premio-agimos-de-producao-cultural\/\">Pr\u00eamio AGIMOS de Produ\u00e7\u00e3o Cultural<\/a><\/strong> se incluir\u00e1 nesse meio, sendo o Mapa Cultural a forma de cadastro e divulga\u00e7\u00e3o do pr\u00f3prio evento de premia\u00e7\u00e3o.<\/p>\n\n\n\n<hr class=\"wp-block-separator has-alpha-channel-opacity is-style-wide\"\/>\n\n\n\n<h4 class=\"wp-block-heading\">O Mapa Cultural AGIMOS<\/h4>\n\n\n\n<p>A plataforma <strong>Mapa Cultural AGIMOS<\/strong> visa atualizar e ampliar a plataforma Mapa Cultural pr\u00e9-existente, disponibilizando novas solu\u00e7\u00f5es:<\/p>\n\n\n\n<p>a) Implementa\u00e7\u00e3o da plataforma de <strong>cadastramento cultural<\/strong>: a partir dessa plataforma, \u00e9 poss\u00edvel com que o pequeno artista e produtor local se cadastre e tenha um meio de profissionalizar e divulgar seu trabalho, trazendo-o maiores oportunidades e visibilidade na comunidade.<\/p>\n\n\n\n<p>b) Funcionalidade<strong> Cidadania Cultural<\/strong>: possibilitar\u00e1 a organiza\u00e7\u00e3o setorial e a intera\u00e7\u00e3o com colegiados e conselhos de pol\u00edticas culturais por meio de plataformas livres associadas como a <strong>Helios Voting<\/strong> e a <strong>DecidimRS<\/strong>.<\/p>\n\n\n\n<p>c)<strong> Ferramentas de divulga\u00e7\u00e3o<\/strong>: a partir do Mapa Cultural AGIMOS, haver\u00e1 o desenvolvimento de ferramentas para a divulga\u00e7\u00e3o do produtor art\u00edstico, atrav\u00e9s do compartilhamento em redes sociais, mailing e assinatura de boletins informativos enviados ao grande p\u00fablico.<\/p>\n\n\n\n<figure class=\"wp-block-embed is-type-video is-provider-youtube wp-block-embed-youtube wp-embed-aspect-16-9 wp-has-aspect-ratio\"><div class=\"wp-block-embed__wrapper\">\n<iframe loading=\"lazy\" title=\"Como cadastrar Eventos e Espa\u00e7os no Mapa Cultural - Tutorial\" width=\"474\" height=\"267\" src=\"https:\/\/www.youtube.com\/embed\/hW5wE9B5PE8?start=607&#038;feature=oembed\" frameborder=\"0\" allow=\"accelerometer; autoplay; clipboard-write; encrypted-media; gyroscope; picture-in-picture; web-share\" referrerpolicy=\"strict-origin-when-cross-origin\" allowfullscreen><\/iframe>\n<\/div><figcaption class=\"wp-element-caption\">Tutorial Agimos para Cadastro de Eventos e Espa\u00e7os no Mapa Cultural<\/figcaption><\/figure>\n\n\n\n<p><\/p>\n","protected":false},"excerpt":{"rendered":"<p>O que \u00e9 um &#8220;Mapa Cultural&#8221;? O Mapa Cultural foi desenvolvido pela empresa hacklab\/ com o intuito de ser uma plataforma de gest\u00e3o colaborativa e transparente da cultural, ou seja, \u00e9 uma ferramenta virtual que permite com que o gestor p\u00fablico visualize com maior facilidade o territ\u00f3rio cultural da regi\u00e3o em que se encontra. O &hellip; <a href=\"https:\/\/wp.ufpel.edu.br\/agimos\/mapacultural\/\" class=\"more-link\">Continue lendo <span class=\"screen-reader-text\">Mapa Cultural AGIMOS<\/span> <span class=\"meta-nav\">&rarr;<\/span><\/a><\/p>\n","protected":false},"author":1298,"featured_media":0,"parent":0,"menu_order":0,"comment_status":"closed","ping_status":"closed","template":"","meta":{"footnotes":""},"class_list":["post-43","page","type-page","status-publish","hentry"],"_links":{"self":[{"href":"https:\/\/wp.ufpel.edu.br\/agimos\/wp-json\/wp\/v2\/pages\/43","targetHints":{"allow":["GET"]}}],"collection":[{"href":"https:\/\/wp.ufpel.edu.br\/agimos\/wp-json\/wp\/v2\/pages"}],"about":[{"href":"https:\/\/wp.ufpel.edu.br\/agimos\/wp-json\/wp\/v2\/types\/page"}],"author":[{"embeddable":true,"href":"https:\/\/wp.ufpel.edu.br\/agimos\/wp-json\/wp\/v2\/users\/1298"}],"replies":[{"embeddable":true,"href":"https:\/\/wp.ufpel.edu.br\/agimos\/wp-json\/wp\/v2\/comments?post=43"}],"version-history":[{"count":8,"href":"https:\/\/wp.ufpel.edu.br\/agimos\/wp-json\/wp\/v2\/pages\/43\/revisions"}],"predecessor-version":[{"id":433,"href":"https:\/\/wp.ufpel.edu.br\/agimos\/wp-json\/wp\/v2\/pages\/43\/revisions\/433"}],"wp:attachment":[{"href":"https:\/\/wp.ufpel.edu.br\/agimos\/wp-json\/wp\/v2\/media?parent=43"}],"curies":[{"name":"wp","href":"https:\/\/api.w.org\/{rel}","templated":true}]}}