{"id":42,"date":"2023-06-09T19:28:05","date_gmt":"2023-06-09T22:28:05","guid":{"rendered":"https:\/\/wp.ufpel.edu.br\/agimos\/?page_id=42"},"modified":"2023-06-22T21:19:52","modified_gmt":"2023-06-23T00:19:52","slug":"caderno-agimos-mapeamento-de-danca","status":"publish","type":"page","link":"https:\/\/wp.ufpel.edu.br\/agimos\/caderno-agimos-mapeamento-de-danca\/","title":{"rendered":"Caderno Agimos: Mapeamento de Dan\u00e7a"},"content":{"rendered":"\n<p>Trata-se de um E-book organizado pelos participantes da iniciativa pioneira do <strong>Mapeamento da Dan\u00e7a no Rio Grande do Sul<\/strong>&nbsp; (<a href=\"https:\/\/sites.google.com\/view\/mapeamentodancars\">https:\/\/sites.google.com\/view\/mapeamentodancars<\/a>), que envolveu 19 entidades do setor, sendo 5 universidades e mais de 1.500 agentes cadastrados no RS. O caderno comp\u00f5e-se de publica\u00e7\u00e3o coletiva, com cerca de cinco cap\u00edtulos sobre resultados preliminares e aspectos metodol\u00f3gicos do mapeamento. Organiza\u00e7\u00e3o: Maria Falkembach (UFPEL).<\/p>\n\n\n\n<p>E-book visa lan\u00e7ar reflex\u00f5es sobre metodologias, resultados e experi\u00eancias em mapeamento cultural, objetivando promover indicativos para a plataforma MAPA CULTURAL AGIMOS, voltada a todo o setor cultural.<\/p>\n\n\n\n<hr class=\"wp-block-separator has-alpha-channel-opacity is-style-wide\"\/>\n\n\n\n<h4 class=\"wp-block-heading\">O que \u00e9 o Mapeamento da Dan\u00e7a no RS?<\/h4>\n\n\n\n<p>O Mapeamento da Dan\u00e7a \u00e9 uma pesquisa que tem a finalidade de realizar um levantamento de dados para an\u00e1lise da cadeia produtiva da dan\u00e7a no estado. Os dados servir\u00e3o para tra\u00e7ar um perfil do setor e orientar a\u00e7\u00f5es e pol\u00edticas p\u00fablicas para o esse campo no Rio Grande do Sul. Essa pesquisa \u00e9 uma demanda da comunidade da dan\u00e7a do Estado e foi indicada como necessidade no Plano Setorial de Dan\u00e7a, de 2014 e no Plano Estadual de Cultura, de 2015.<\/p>\n\n\n\n<p>O Mapeamento da Dan\u00e7a no Rio Grande do Sul \u00e9 constru\u00eddo a partir das discuss\u00f5es e proposi\u00e7\u00f5es do Grupo de Trabalho que re\u00fane 19 entidades representativas do setor da dan\u00e7a no Rio Grande do Sul. O grupo foi constitu\u00eddo em abril de 2020 reunindo institui\u00e7\u00f5es nas esferas governamental, universit\u00e1ria, institucional, art\u00edstica e de articula\u00e7\u00e3o pol\u00edtica do segmento.<\/p>\n\n\n\n<p style=\"font-size:12px\">Texto retirado de <a href=\"https:\/\/sites.google.com\/view\/mapeamentodancars\">Mapeamento da Dan\u00e7a RS<\/a><\/p>\n","protected":false},"excerpt":{"rendered":"<p>Trata-se de um E-book organizado pelos participantes da iniciativa pioneira do Mapeamento da Dan\u00e7a no Rio Grande do Sul&nbsp; (https:\/\/sites.google.com\/view\/mapeamentodancars), que envolveu 19 entidades do setor, sendo 5 universidades e mais de 1.500 agentes cadastrados no RS. O caderno comp\u00f5e-se de publica\u00e7\u00e3o coletiva, com cerca de cinco cap\u00edtulos sobre resultados preliminares e aspectos metodol\u00f3gicos do &hellip; <a href=\"https:\/\/wp.ufpel.edu.br\/agimos\/caderno-agimos-mapeamento-de-danca\/\" class=\"more-link\">Continue lendo <span class=\"screen-reader-text\">Caderno Agimos: Mapeamento de Dan\u00e7a<\/span> <span class=\"meta-nav\">&rarr;<\/span><\/a><\/p>\n","protected":false},"author":1298,"featured_media":0,"parent":0,"menu_order":0,"comment_status":"closed","ping_status":"closed","template":"","meta":{"footnotes":""},"class_list":["post-42","page","type-page","status-publish","hentry"],"_links":{"self":[{"href":"https:\/\/wp.ufpel.edu.br\/agimos\/wp-json\/wp\/v2\/pages\/42","targetHints":{"allow":["GET"]}}],"collection":[{"href":"https:\/\/wp.ufpel.edu.br\/agimos\/wp-json\/wp\/v2\/pages"}],"about":[{"href":"https:\/\/wp.ufpel.edu.br\/agimos\/wp-json\/wp\/v2\/types\/page"}],"author":[{"embeddable":true,"href":"https:\/\/wp.ufpel.edu.br\/agimos\/wp-json\/wp\/v2\/users\/1298"}],"replies":[{"embeddable":true,"href":"https:\/\/wp.ufpel.edu.br\/agimos\/wp-json\/wp\/v2\/comments?post=42"}],"version-history":[{"count":6,"href":"https:\/\/wp.ufpel.edu.br\/agimos\/wp-json\/wp\/v2\/pages\/42\/revisions"}],"predecessor-version":[{"id":242,"href":"https:\/\/wp.ufpel.edu.br\/agimos\/wp-json\/wp\/v2\/pages\/42\/revisions\/242"}],"wp:attachment":[{"href":"https:\/\/wp.ufpel.edu.br\/agimos\/wp-json\/wp\/v2\/media?parent=42"}],"curies":[{"name":"wp","href":"https:\/\/api.w.org\/{rel}","templated":true}]}}