{"id":40,"date":"2023-06-09T19:28:05","date_gmt":"2023-06-09T22:28:05","guid":{"rendered":"https:\/\/wp.ufpel.edu.br\/agimos\/?page_id=40"},"modified":"2023-06-17T21:21:33","modified_gmt":"2023-06-18T00:21:33","slug":"eixos","status":"publish","type":"page","link":"https:\/\/wp.ufpel.edu.br\/agimos\/eixos\/","title":{"rendered":"Eixos"},"content":{"rendered":"<p style=\"text-align: justify;\">A Agimos &#8211; Ag\u00eancia de Ind\u00fastria Criativa e Mobiliza\u00e7\u00e3o Social lida com quatro\u00a0 eixos de trabalho:<\/p>\n<p><img loading=\"lazy\" decoding=\"async\" class=\"wp-image-93 aligncenter\" src=\"https:\/\/wp.ufpel.edu.br\/agimos\/files\/2023\/06\/ESQUEMA-AGIMOS-400x351.png\" alt=\"Esquema mostrando os 4 eixos com uma seta em formato circular apontando para o sentido hor\u00e1rio. Ao longo desse c\u00edrculo formado pela seta temos quadros em cor verde escura os eixos citados no texto abaixo.\" width=\"523\" height=\"459\" srcset=\"https:\/\/wp.ufpel.edu.br\/agimos\/files\/2023\/06\/ESQUEMA-AGIMOS-400x351.png 400w, https:\/\/wp.ufpel.edu.br\/agimos\/files\/2023\/06\/ESQUEMA-AGIMOS.png 664w\" sizes=\"auto, (max-width: 523px) 100vw, 523px\" \/><\/p>\n<h5>Eixo 1: Caderno Agimos Observa<\/h5>\n<p style=\"text-align: justify;\">Observat\u00f3rio do Mapeamento da Dan\u00e7a no RS. Trata-se do desenvolvimento de um <strong>e-book<\/strong> organizado pelos participantes da iniciativa pioneira do <strong><a href=\"https:\/\/sites.google.com\/view\/mapeamentodancars\">Mapeamento da Dan\u00e7a no Rio Grande do Sul<\/a>,\u00a0<\/strong>que envolveu 19 entidades do setor. Organizado por Maria Falkembach (UFPel).<\/p>\n<h5>Eixo 2: Mapa Cultural Agimos<\/h5>\n<p style=\"text-align: justify;\">Desenvolvimento da plataforma <strong>Mapa Cultural Agimos\u00a0<\/strong>com o intuito de atualizar e ampliar o <a href=\"https:\/\/github.com\/mapasculturais\/mapasculturais\">Mapa Cultural pr\u00e9-existente<\/a>.<\/p>\n<h5>Eixo 3: Escrit\u00f3rio de Produ\u00e7\u00e3o e Distribui\u00e7\u00e3o<\/h5>\n<p style=\"text-align: justify;\">Pr\u00eamio Agimos: Projeto Piloto de Produ\u00e7\u00e3o e Distribui\u00e7\u00e3o Edi\u00e7\u00e3o Panorama da Produ\u00e7\u00e3o Musical Pelotense. Ir\u00e1 divulgar e engajar o Mapa Cultural Agimos, ocorrendo a <strong>premia\u00e7\u00e3o de 16 artistas<\/strong> em quatro segmentos: Hip Hop, Carnaval e Manifesta\u00e7\u00f5es Tradicionais, Can\u00e7\u00e3o Popular e M\u00fasica Instrumental Eletr\u00f4nica.<\/p>\n<h5>Eixo 4: Laborat\u00f3rio de Pol\u00edticas P\u00fablicas e Tecnologias Sociais<\/h5>\n<p style=\"text-align: justify;\">Semin\u00e1rio de produ\u00e7\u00e3o cultural e pol\u00edticas p\u00fablicas para gestores culturais municipais. Apresenta\u00e7\u00e3o da plataforma <strong>Mapa Cultural Agimos<\/strong>, an\u00e1lise dos indicadores e avalia\u00e7\u00e3o do processo, cria\u00e7\u00e3o de parcerias e conv\u00eanios envolvendo os <strong>22 munic\u00edpios da AzonaSul\/RF-5<\/strong>.<\/p>\n","protected":false},"excerpt":{"rendered":"<p>A Agimos &#8211; Ag\u00eancia de Ind\u00fastria Criativa e Mobiliza\u00e7\u00e3o Social lida com quatro\u00a0 eixos de trabalho: Eixo 1: Caderno Agimos Observa Observat\u00f3rio do Mapeamento da Dan\u00e7a no RS. Trata-se do desenvolvimento de um e-book organizado pelos participantes da iniciativa pioneira do Mapeamento da Dan\u00e7a no Rio Grande do Sul,\u00a0que envolveu 19 entidades do setor. Organizado &hellip; <a href=\"https:\/\/wp.ufpel.edu.br\/agimos\/eixos\/\" class=\"more-link\">Continue lendo <span class=\"screen-reader-text\">Eixos<\/span> <span class=\"meta-nav\">&rarr;<\/span><\/a><\/p>\n","protected":false},"author":1298,"featured_media":0,"parent":0,"menu_order":0,"comment_status":"closed","ping_status":"closed","template":"","meta":{"footnotes":""},"class_list":["post-40","page","type-page","status-publish","hentry"],"_links":{"self":[{"href":"https:\/\/wp.ufpel.edu.br\/agimos\/wp-json\/wp\/v2\/pages\/40","targetHints":{"allow":["GET"]}}],"collection":[{"href":"https:\/\/wp.ufpel.edu.br\/agimos\/wp-json\/wp\/v2\/pages"}],"about":[{"href":"https:\/\/wp.ufpel.edu.br\/agimos\/wp-json\/wp\/v2\/types\/page"}],"author":[{"embeddable":true,"href":"https:\/\/wp.ufpel.edu.br\/agimos\/wp-json\/wp\/v2\/users\/1298"}],"replies":[{"embeddable":true,"href":"https:\/\/wp.ufpel.edu.br\/agimos\/wp-json\/wp\/v2\/comments?post=40"}],"version-history":[{"count":7,"href":"https:\/\/wp.ufpel.edu.br\/agimos\/wp-json\/wp\/v2\/pages\/40\/revisions"}],"predecessor-version":[{"id":94,"href":"https:\/\/wp.ufpel.edu.br\/agimos\/wp-json\/wp\/v2\/pages\/40\/revisions\/94"}],"wp:attachment":[{"href":"https:\/\/wp.ufpel.edu.br\/agimos\/wp-json\/wp\/v2\/media?parent=40"}],"curies":[{"name":"wp","href":"https:\/\/api.w.org\/{rel}","templated":true}]}}