{"id":300,"date":"2023-10-06T07:34:56","date_gmt":"2023-10-06T10:34:56","guid":{"rendered":"https:\/\/wp.ufpel.edu.br\/agimos\/?page_id=300"},"modified":"2023-10-06T07:54:21","modified_gmt":"2023-10-06T10:54:21","slug":"a-agimos","status":"publish","type":"page","link":"https:\/\/wp.ufpel.edu.br\/agimos\/","title":{"rendered":""},"content":{"rendered":"\n<p class=\"has-text-color has-large-font-size\" style=\"color:#3b143a\"><strong>A AGIMOS<\/strong><\/p>\n\n\n\n<p>A AGIMOS \u2013 Ag\u00eancia de Ind\u00fastria Criativa e Mobiliza\u00e7\u00e3o Social surge como um polo de economia criativa em Pelotas \u2013 RS junto \u00e0 <a href=\"https:\/\/www.instagram.com\/ufpeloficial\/\">@ufpeloficial<\/a>., com o prop\u00f3sito de fomentar o circuito independente de arte e cultura e contribuir com a estrutura\u00e7\u00e3o do setor cultural na cidade de Pelotas e regi\u00e3o. A ag\u00eancia tamb\u00e9m ir\u00e1 oferecer ferramentas para a gera\u00e7\u00e3o de indicadores culturais, reunindo e produzindo dados em economia da cultura, funcionando assim como observat\u00f3rio do campo.<\/p>\n\n\n\n<p>Com o prop\u00f3sito de fomentar o circuito independente de arte e cultura, contribuir com a estrutura\u00e7\u00e3o do setor cultural na cidade de Pelotas e regi\u00e3o, a ag\u00eancia tamb\u00e9m ir\u00e1 oferecer ferramentas para a gera\u00e7\u00e3o de indicadores culturais, reunindo e produzindo dados em economia da cultura, funcionando assim como observat\u00f3rio do campo.<\/p>\n\n\n\n<p>A realiza\u00e7\u00e3o do projeto AGIMOS&nbsp; \u00e9 viabilizada pela Funda\u00e7\u00e3o Delfim Mendes Silveira <a href=\"https:\/\/www.instagram.com\/fund.fdms\/\">@fund.fdms<\/a>, com apoio do RS Criativo <a href=\"https:\/\/www.instagram.com\/rscriativo\/\">@rscriativo<\/a> e financiamento do FAC Territ\u00f3rios Criativos \u2013 SEDAC\/RS \u2013 <a href=\"https:\/\/www.instagram.com\/sedac_rs\/\">@sedac_rs<\/a>.<\/p>\n\n\n\n<div style=\"height:15px\" aria-hidden=\"true\" class=\"wp-block-spacer\"><\/div>\n\n\n\n<div class=\"wp-block-columns are-vertically-aligned-center is-layout-flex wp-container-core-columns-is-layout-9d6595d7 wp-block-columns-is-layout-flex\">\n<div class=\"wp-block-column is-vertically-aligned-center is-layout-flow wp-block-column-is-layout-flow\" style=\"flex-basis:100%\">\n<div class=\"wp-block-group\"><div class=\"wp-block-group__inner-container is-layout-constrained wp-block-group-is-layout-constrained\">\n<hr class=\"wp-block-separator has-alpha-channel-opacity\"\/>\n<\/div><\/div>\n<\/div>\n<\/div>\n\n\n\n<p>Para saber mais sobre as nossas a\u00e7\u00f5es, projetos e onde estamos, nos siga no Instagram <a href=\"https:\/\/www.instagram.com\/agimos.ufpel\/\"><strong>@agimos.ufpel<\/strong><\/a>! L\u00e1 n\u00f3s estaremos presentes diariamente trazendo atualiza\u00e7\u00f5es sobre a cultura de nossa cidade e regi\u00e3o e, tamb\u00e9m, interagindo com voc\u00eas!<\/p>\n\n\n\n<hr class=\"wp-block-separator has-alpha-channel-opacity\"\/>\n\n\n\n<div style=\"height:15px\" aria-hidden=\"true\" class=\"wp-block-spacer\"><\/div>\n\n\n\n<p class=\"has-text-color has-large-font-size\" style=\"color:#3b143a\"><strong>\u00daltimas not\u00edcias:<\/strong><\/p>\n\n\n<ul class=\"wp-block-latest-posts__list has-dates wp-block-latest-posts\"><li><a class=\"wp-block-latest-posts__post-title\" href=\"https:\/\/wp.ufpel.edu.br\/agimos\/2026\/04\/10\/agimos-esteve-presente-na-programacao-da-semana-de-jazz-y-musica-creativa-da-utec-mercedes-uruguai\/\">Agimos esteve presente na programa\u00e7\u00e3o da Semana de Jazz y Musica Creativa da UTEC, Mercedes, Uruguai<\/a><time datetime=\"2026-04-10T15:47:58-03:00\" class=\"wp-block-latest-posts__post-date\">10\/04\/2026<\/time><div class=\"wp-block-latest-posts__post-excerpt\">A convite da Universidad Tecnol\u00f3gica del Uruguay, foram feitos dois workshops e uma apresenta\u00e7\u00e3o musical. Dia 24 de novembro de 2025, Leandro Maia y Los Desorientados, trio formado pelo professor e pelos estudantes Renan Sosa e Pablo Py\u00f1eiro, apresentou show as 19:30, abrindo as apresenta\u00e7\u00f5es musicais que continuariam ao longo da semana. O show, que &hellip; <a href=\"https:\/\/wp.ufpel.edu.br\/agimos\/2026\/04\/10\/agimos-esteve-presente-na-programacao-da-semana-de-jazz-y-musica-creativa-da-utec-mercedes-uruguai\/\" class=\"more-link\">Continue lendo <span class=\"screen-reader-text\">Agimos esteve presente na programa\u00e7\u00e3o da Semana de Jazz y Musica Creativa da UTEC, Mercedes, Uruguai<\/span> <span class=\"meta-nav\">&rarr;<\/span><\/a><\/div><\/li>\n<li><a class=\"wp-block-latest-posts__post-title\" href=\"https:\/\/wp.ufpel.edu.br\/agimos\/2024\/04\/26\/dialogo-democracia-e-direito-a-cultura\/\">\u201cDi\u00e1logo: Democracia e Direito \u00e0 Cultura<\/a><time datetime=\"2024-04-26T10:28:56-03:00\" class=\"wp-block-latest-posts__post-date\">26\/04\/2024<\/time><div class=\"wp-block-latest-posts__post-excerpt\">O evento \u201cDi\u00e1logo: Democracia e Direito \u00e0 Cultura\u201d \u00e9 uma iniciativa da Comiss\u00e3o de Educa\u00e7\u00e3o, Cultura, Desporto, Ci\u00eancia e Tecnologia em parceria com o Escrit\u00f3rio do Minist\u00e9rio da Cultura no Rio Grande do Sul, com a participa\u00e7\u00e3o do Iphan, Codic Sul, Agimos e Museu do Doce. Com o objetivo de promover o encontro de institui\u00e7\u00f5es &hellip; <a href=\"https:\/\/wp.ufpel.edu.br\/agimos\/2024\/04\/26\/dialogo-democracia-e-direito-a-cultura\/\" class=\"more-link\">Continue lendo <span class=\"screen-reader-text\">\u201cDi\u00e1logo: Democracia e Direito \u00e0 Cultura<\/span> <span class=\"meta-nav\">&rarr;<\/span><\/a><\/div><\/li>\n<li><a class=\"wp-block-latest-posts__post-title\" href=\"https:\/\/wp.ufpel.edu.br\/agimos\/2023\/09\/26\/agimos-news-1\/\">AGIMOS News #1<\/a><time datetime=\"2023-09-26T22:06:36-03:00\" class=\"wp-block-latest-posts__post-date\">26\/09\/2023<\/time><div class=\"wp-block-latest-posts__post-excerpt\">PARTICIPE DO MAPA CULTURAL AGIMOS! Cadastre seu evento &#8211; vai tocar, expor, apresentar, autografar, palestrar, debater? https:\/\/mapacultural.agimos.org.br\/eventos\/#list EVENTOS DA SEMANA * Finalizadas as inscri\u00e7\u00f5es do Pr\u00eamio AGIMOS de Produ\u00e7\u00e3o Musical:&nbsp;https:\/\/mapacultural.agimos.org.br\/oportunidade\/7\/#infoMais de 100 produtores musicais concorrem a 16 pr\u00eamios de R$ 3.000,00 para participar de uma colet\u00e2nea gravada no maior est\u00fadio universit\u00e1rio de grava\u00e7\u00e3o do pa\u00eds, &hellip; <a href=\"https:\/\/wp.ufpel.edu.br\/agimos\/2023\/09\/26\/agimos-news-1\/\" class=\"more-link\">Continue lendo <span class=\"screen-reader-text\">AGIMOS News #1<\/span> <span class=\"meta-nav\">&rarr;<\/span><\/a><\/div><\/li>\n<li><a class=\"wp-block-latest-posts__post-title\" href=\"https:\/\/wp.ufpel.edu.br\/agimos\/2023\/08\/28\/premio-agimos-de-producao-musical\/\">Pr\u00eamio AGIMOS de Produ\u00e7\u00e3o Musical!<\/a><time datetime=\"2023-08-28T16:19:19-03:00\" class=\"wp-block-latest-posts__post-date\">28\/08\/2023<\/time><div class=\"wp-block-latest-posts__post-excerpt\"><\/div><\/li>\n<li><a class=\"wp-block-latest-posts__post-title\" href=\"https:\/\/wp.ufpel.edu.br\/agimos\/2023\/08\/14\/em-breve-premio-agimos-de-producao-musical\/\">EM BREVE: Pr\u00eamio AGIMOS de Produ\u00e7\u00e3o Musical<\/a><time datetime=\"2023-08-14T00:09:51-03:00\" class=\"wp-block-latest-posts__post-date\">14\/08\/2023<\/time><div class=\"wp-block-latest-posts__post-excerpt\">Aten\u00e7\u00e3o para as chamadas do nosso pr\u00eamio: https:\/\/wp.ufpel.edu.br\/agimos\/premio\/<\/div><\/li>\n<li><a class=\"wp-block-latest-posts__post-title\" href=\"https:\/\/wp.ufpel.edu.br\/agimos\/2023\/06\/20\/agimos-no-i-festival-nelu-do-livro\/\">AGIMOS no I Festival NELU do Livro<\/a><time datetime=\"2023-06-20T17:25:23-03:00\" class=\"wp-block-latest-posts__post-date\">20\/06\/2023<\/time><div class=\"wp-block-latest-posts__post-excerpt\">Ontem, segunda-feira dia 19 de junho de 2023, come\u00e7ou o primeiro Festival Nelu do Livro realizado pelo N\u00facleo de Editora e Livraria UFPel e a AGIMOS estar\u00e1 presente! Nessa sexta-feira dia 23 de junho, a AGIMOS se apresentar\u00e1 as 17:30 no Nelu junto com a UFPel e a comunidade universit\u00e1ria e geral. L\u00e1, explicaremos mais &hellip; <a href=\"https:\/\/wp.ufpel.edu.br\/agimos\/2023\/06\/20\/agimos-no-i-festival-nelu-do-livro\/\" class=\"more-link\">Continue lendo <span class=\"screen-reader-text\">AGIMOS no I Festival NELU do Livro<\/span> <span class=\"meta-nav\">&rarr;<\/span><\/a><\/div><\/li>\n<\/ul>\n\n\n<p><\/p>\n","protected":false},"excerpt":{"rendered":"<p>A AGIMOS A AGIMOS \u2013 Ag\u00eancia de Ind\u00fastria Criativa e Mobiliza\u00e7\u00e3o Social surge como um polo de economia criativa em Pelotas \u2013 RS junto \u00e0 @ufpeloficial., com o prop\u00f3sito de fomentar o circuito independente de arte e cultura e contribuir com a estrutura\u00e7\u00e3o do setor cultural na cidade de Pelotas e regi\u00e3o. A ag\u00eancia tamb\u00e9m &hellip; <a href=\"https:\/\/wp.ufpel.edu.br\/agimos\/\" class=\"more-link\">Continue lendo <span class=\"screen-reader-text\"><\/span> <span class=\"meta-nav\">&rarr;<\/span><\/a><\/p>\n","protected":false},"author":1337,"featured_media":0,"parent":0,"menu_order":0,"comment_status":"closed","ping_status":"closed","template":"","meta":{"footnotes":""},"class_list":["post-300","page","type-page","status-publish","hentry"],"_links":{"self":[{"href":"https:\/\/wp.ufpel.edu.br\/agimos\/wp-json\/wp\/v2\/pages\/300","targetHints":{"allow":["GET"]}}],"collection":[{"href":"https:\/\/wp.ufpel.edu.br\/agimos\/wp-json\/wp\/v2\/pages"}],"about":[{"href":"https:\/\/wp.ufpel.edu.br\/agimos\/wp-json\/wp\/v2\/types\/page"}],"author":[{"embeddable":true,"href":"https:\/\/wp.ufpel.edu.br\/agimos\/wp-json\/wp\/v2\/users\/1337"}],"replies":[{"embeddable":true,"href":"https:\/\/wp.ufpel.edu.br\/agimos\/wp-json\/wp\/v2\/comments?post=300"}],"version-history":[{"count":7,"href":"https:\/\/wp.ufpel.edu.br\/agimos\/wp-json\/wp\/v2\/pages\/300\/revisions"}],"predecessor-version":[{"id":314,"href":"https:\/\/wp.ufpel.edu.br\/agimos\/wp-json\/wp\/v2\/pages\/300\/revisions\/314"}],"wp:attachment":[{"href":"https:\/\/wp.ufpel.edu.br\/agimos\/wp-json\/wp\/v2\/media?parent=300"}],"curies":[{"name":"wp","href":"https:\/\/api.w.org\/{rel}","templated":true}]}}