{"id":27,"date":"2023-06-09T19:11:08","date_gmt":"2023-06-09T22:11:08","guid":{"rendered":"https:\/\/wp.ufpel.edu.br\/agimos\/?page_id=27"},"modified":"2023-08-28T16:23:11","modified_gmt":"2023-08-28T19:23:11","slug":"sobre","status":"publish","type":"page","link":"https:\/\/wp.ufpel.edu.br\/agimos\/sobre\/","title":{"rendered":"Sobre"},"content":{"rendered":"\n<div data-wp-interactive=\"core\/file\" class=\"wp-block-file\"><object data-wp-bind--hidden=\"!state.hasPdfPreview\" hidden class=\"wp-block-file__embed\" data=\"https:\/\/wp.ufpel.edu.br\/agimos\/files\/2023\/08\/AGIMOS-Apresentacao-OFICIAL.pdf\" type=\"application\/pdf\" style=\"width:100%;height:600px\" aria-label=\"Incorporado de AGIMOS-Apresentacao-OFICIAL.\"><\/object><a id=\"wp-block-file--media-191ed71b-fe40-4232-8e02-50eaf1a96393\" href=\"https:\/\/wp.ufpel.edu.br\/agimos\/files\/2023\/08\/AGIMOS-Apresentacao-OFICIAL.pdf\">AGIMOS-Apresentacao-OFICIAL<\/a><a href=\"https:\/\/wp.ufpel.edu.br\/agimos\/files\/2023\/08\/AGIMOS-Apresentacao-OFICIAL.pdf\" class=\"wp-block-file__button wp-element-button\" download aria-describedby=\"wp-block-file--media-191ed71b-fe40-4232-8e02-50eaf1a96393\">Baixar<\/a><\/div>\n\n\n\n<h4 class=\"wp-block-heading\">Antecedentes<\/h4>\n\n\n\n<p>A ideia da AGIMOS surge dentro de outros projetos pr\u00e9-existentes dentro da Universidade Federal de Pelotas (UFPel) devido a uma necessidade de <strong>impactar a economia criativa local<\/strong>. Dessa forma, conduziu-se a elabora\u00e7\u00e3o do Plano Municipal de Cultura de Pelotas junto ao presidente do Concult em representa\u00e7\u00e3o do IES\/UFPel.<\/p>\n\n\n\n<p>O <strong>Est\u00fadio de Produ\u00e7\u00e3o Fonogr\u00e1fica da UFPEL e seu papel numa Rede de Ind\u00fastria Criativa<\/strong> (<strong>SEI <\/strong><a href=\"https:\/\/sei.ufpel.edu.br\/sei\/controlador.php?acao=arvore_visualizar&amp;acao_origem=procedimento_visualizar&amp;id_procedimento=1041629&amp;infra_sistema=100000100&amp;infra_unidade_atual=110000282&amp;infra_hash=1b1bcb460bbdb62203d030c9cfd5615fafa5375f7e9ac27f1825fd64e789d329\">23110.008719\/2020-07<\/a><strong> &#8211; deriva\u00e7\u00e3o: RIMA<\/strong>), teve participa\u00e7\u00e3o na equipe do projeto de Revitaliza\u00e7\u00e3o da Antiga Escola de Belas Artes (EBA), contemplada pelo edital BNDES &#8220;Resgatando a Hist\u00f3ria&#8221;.<\/p>\n\n\n\n<hr class=\"wp-block-separator has-alpha-channel-opacity is-style-wide\"\/>\n\n\n\n<h4 class=\"wp-block-heading\">Pr\u00e9-produ\u00e7\u00e3o<\/h4>\n\n\n\n<p>O processo para a produ\u00e7\u00e3o da AGIMOS se inicia atrav\u00e9s do <strong><a href=\"https:\/\/fundacoesufpel.com.br\/fdms\/2022\/05\/02\/fdms-integra-equipe-do-grupo-de-articulacao-em-producao-e-politicas-culturais-da-ufpel\/\">Grupo de Articula\u00e7\u00e3o em Produ\u00e7\u00e3o e Pol\u00edticas Culturais da UFPel<\/a><\/strong>.<\/p>\n\n\n\n<p>Houve a discuss\u00e3o sobre pol\u00edtica cultural na Universidade integrado pela Pr\u00f3-Reitoria de Extens\u00e3o e Cultura (<strong>PREC<\/strong>), Pr\u00f3-Reitoria de Planejamento e Desenvolvimento (<strong>PROPLAN<\/strong>), Funda\u00e7\u00e3o Delfim Mendes (<strong>FDMS<\/strong>), N\u00facleo de Acessibilidade e Inclus\u00e3o (<strong>NAI<\/strong>), <strong>NELU<\/strong>, <strong>CCS<\/strong> (R\u00e1dio e Audiovisual) e Centro de Artes (<strong>CA<\/strong>).<\/p>\n\n\n\n<p>O projeto foi elaborado para o <strong>Edital SEDAC 005\/2022 &#8211; Territ\u00f3rios Criativos<\/strong>, o qual foi contemplado. Tamb\u00e9m foi elaborado projeto para o <strong>Fundo Internacional de Diversidade Cultural &#8211; IFCD\/Unesco<\/strong>, n\u00e3o sendo contemplado por esse, sendo o projeto brasileiro mais pontuado.<\/p>\n\n\n\n<hr class=\"wp-block-separator has-alpha-channel-opacity is-style-wide\"\/>\n\n\n\n<h4 class=\"wp-block-heading\">Objetivos<\/h4>\n\n\n\n<p><b>A AGIMOS (Ag\u00eancia de Ind\u00fastria Criativa e Mobiliza\u00e7\u00e3o Social)<\/b><span style=\"font-weight: 400;\">, tem como objetivos:&nbsp;<\/span><\/p>\n\n\n\n<ul class=\"wp-block-list\">\n<li><span style=\"font-weight: 400;\">Promover solu\u00e7\u00f5es no \u00e2mbito da gest\u00e3o em cultura e produ\u00e7\u00e3o cultural, articulando o setor p\u00fablico e a sociedade civil<\/span><\/li>\n\n\n\n<li><span style=\"font-weight: 400;\">Desenvolver ferramentas e tecnologias sociais para o campo da produ\u00e7\u00e3o cultural<\/span><\/li>\n\n\n\n<li><span style=\"font-weight: 400;\">Identificar as potencialidades das produ\u00e7\u00f5es culturais realizadas pelas pessoas e pelas coletividades locais, posicionando, legitimando e destacando trajet\u00f3rias de agentes culturais e grupos humanos<\/span><\/li>\n<\/ul>\n\n\n\n<p><span style=\"font-weight: 400;\">A AGIMOS ser\u00e1 sediada, futuramente, junto \u00e0 Antiga Escola de Belas da UFPEL (EBA), cujo projeto de revitaliza\u00e7\u00e3o foi selecionado pelo BNDES no Edital &#8220;Resgatando a Hist\u00f3ria&#8221;.<\/span><\/p>\n\n\n\n<hr class=\"wp-block-separator has-alpha-channel-opacity is-style-wide\"\/>\n\n\n\n<h4 class=\"wp-block-heading\">Proposta<\/h4>\n\n\n\n<p>Abarcar a cadeia criativa da cultura atrav\u00e9s de quatro eixos de atua\u00e7\u00e3o:<\/p>\n\n\n\n<ol class=\"wp-block-list\">\n<li>&nbsp;Observat\u00f3rio;<\/li>\n\n\n\n<li>Incubadora;<\/li>\n\n\n\n<li>Escrit\u00f3rio de produ\u00e7\u00e3o e distribui\u00e7\u00e3o;<\/li>\n\n\n\n<li>Laborat\u00f3rio de pol\u00edticas culturais e tecnologias sociais.<\/li>\n<\/ol>\n\n\n\n<p>O projeto envolve pesquisa, elabora\u00e7\u00e3o, produ\u00e7\u00e3o, distribui\u00e7\u00e3o e solu\u00e7\u00f5es de gest\u00e3o.<\/p>\n","protected":false},"excerpt":{"rendered":"<p>Antecedentes A ideia da AGIMOS surge dentro de outros projetos pr\u00e9-existentes dentro da Universidade Federal de Pelotas (UFPel) devido a uma necessidade de impactar a economia criativa local. Dessa forma, conduziu-se a elabora\u00e7\u00e3o do Plano Municipal de Cultura de Pelotas junto ao presidente do Concult em representa\u00e7\u00e3o do IES\/UFPel. O Est\u00fadio de Produ\u00e7\u00e3o Fonogr\u00e1fica da &hellip; <a href=\"https:\/\/wp.ufpel.edu.br\/agimos\/sobre\/\" class=\"more-link\">Continue lendo <span class=\"screen-reader-text\">Sobre<\/span> <span class=\"meta-nav\">&rarr;<\/span><\/a><\/p>\n","protected":false},"author":1298,"featured_media":0,"parent":0,"menu_order":0,"comment_status":"closed","ping_status":"closed","template":"","meta":{"footnotes":""},"class_list":["post-27","page","type-page","status-publish","hentry"],"_links":{"self":[{"href":"https:\/\/wp.ufpel.edu.br\/agimos\/wp-json\/wp\/v2\/pages\/27","targetHints":{"allow":["GET"]}}],"collection":[{"href":"https:\/\/wp.ufpel.edu.br\/agimos\/wp-json\/wp\/v2\/pages"}],"about":[{"href":"https:\/\/wp.ufpel.edu.br\/agimos\/wp-json\/wp\/v2\/types\/page"}],"author":[{"embeddable":true,"href":"https:\/\/wp.ufpel.edu.br\/agimos\/wp-json\/wp\/v2\/users\/1298"}],"replies":[{"embeddable":true,"href":"https:\/\/wp.ufpel.edu.br\/agimos\/wp-json\/wp\/v2\/comments?post=27"}],"version-history":[{"count":10,"href":"https:\/\/wp.ufpel.edu.br\/agimos\/wp-json\/wp\/v2\/pages\/27\/revisions"}],"predecessor-version":[{"id":285,"href":"https:\/\/wp.ufpel.edu.br\/agimos\/wp-json\/wp\/v2\/pages\/27\/revisions\/285"}],"wp:attachment":[{"href":"https:\/\/wp.ufpel.edu.br\/agimos\/wp-json\/wp\/v2\/media?parent=27"}],"curies":[{"name":"wp","href":"https:\/\/api.w.org\/{rel}","templated":true}]}}