{"id":73,"date":"2021-03-18T15:22:16","date_gmt":"2021-03-18T18:22:16","guid":{"rendered":"https:\/\/wp.ufpel.edu.br\/agefriendlycities\/?page_id=73"},"modified":"2021-03-19T13:17:51","modified_gmt":"2021-03-19T16:17:51","slug":"brasil-e-covid","status":"publish","type":"page","link":"https:\/\/wp.ufpel.edu.br\/agefriendlycities\/pt\/brasil-e-covid\/","title":{"rendered":"Brasil e COVID"},"content":{"rendered":"<p style=\"text-align: justify\">O primeiro registro do coronav\u00edrus no Brasil foi em 26 de fevereiro de 2020. Um empres\u00e1rio de 61 anos, que mora em S\u00e3o Paulo, foi infectado ap\u00f3s retornar de uma viagem, entre 9 e 21 de fevereiro de 2020, \u00e0 regi\u00e3o italiana da Lombardia. O novo coronav\u00edrus, que teve seus primeiros casos confirmados vindos da China no final de 2019, \u00e9 tratado como pandemia pela Organiza\u00e7\u00e3o Mundial da Sa\u00fade desde 11 de mar\u00e7o de 2020.<\/p>\n<p style=\"text-align: justify\">Estudos apontam que a grande maioria dos casos do novo coronav\u00edrus apresenta sintomas leves e pode ser tratado nos postos de sa\u00fade ou em casa. No entanto, novas variantes t\u00eam se mostrado mais contagiosas e, na percep\u00e7\u00e3o de m\u00e9dicos, t\u00eam afetado com mais gravidade uma popula\u00e7\u00e3o mais jovem, em vez de apenas idosos e pessoas com comorbidades.<\/p>\n<p style=\"text-align: justify\">Em 2021, os dados da Organiza\u00e7\u00e3o Mundial da Sa\u00fade apontam que o Brasil se consolida como o novo epicentro da pandemia e registra o maior n\u00famero de novas infec\u00e7\u00f5es pela Covid-19 no mundo, no per\u00edodo de 24 horas. At\u00e9 18 de mar\u00e7o de 2021, o Brasil registrou um total de 284.775 mortes, sendo que no dia 17 de mar\u00e7o de 2021 morreram em 24 horas um total de 3.149 pessoas por coronav\u00edrus.<\/p>\n<p style=\"text-align: justify\">Em mar\u00e7o de 2021, apenas 1,5% da popula\u00e7\u00e3o brasileira est\u00e1 totalmente vacinada contra o Covid-19, o sistema de sa\u00fade da maioria dos estados est\u00e1 trabalhando com mais de 100% de leitos ocupados em UTIs-Covid, e o restante da popula\u00e7\u00e3o segue na dicotomia entre manter a economia funcionando ou apoiar um &#8216;lockdown&#8217; para reduzir a dissemina\u00e7\u00e3o do v\u00edrus.<\/p>\n<p><img loading=\"lazy\" decoding=\"async\" class=\"size-full wp-image-153 aligncenter\" src=\"https:\/\/wp.ufpel.edu.br\/agefriendlycities\/files\/2021\/03\/mask-5498470_1920.jpg\" alt=\"\" width=\"1920\" height=\"1280\" srcset=\"https:\/\/wp.ufpel.edu.br\/agefriendlycities\/files\/2021\/03\/mask-5498470_1920.jpg 1920w, https:\/\/wp.ufpel.edu.br\/agefriendlycities\/files\/2021\/03\/mask-5498470_1920-400x267.jpg 400w, https:\/\/wp.ufpel.edu.br\/agefriendlycities\/files\/2021\/03\/mask-5498470_1920-1024x683.jpg 1024w, https:\/\/wp.ufpel.edu.br\/agefriendlycities\/files\/2021\/03\/mask-5498470_1920-768x512.jpg 768w, https:\/\/wp.ufpel.edu.br\/agefriendlycities\/files\/2021\/03\/mask-5498470_1920-1536x1024.jpg 1536w, https:\/\/wp.ufpel.edu.br\/agefriendlycities\/files\/2021\/03\/mask-5498470_1920-624x416.jpg 624w\" sizes=\"auto, (max-width: 1920px) 100vw, 1920px\" \/><\/p>\n","protected":false},"excerpt":{"rendered":"<p>O primeiro registro do coronav\u00edrus no Brasil foi em 26 de fevereiro de 2020. Um empres\u00e1rio de 61 anos, que mora em S\u00e3o Paulo, foi infectado ap\u00f3s retornar de uma viagem, entre 9 e 21 de fevereiro de 2020, \u00e0 regi\u00e3o italiana da Lombardia. O novo coronav\u00edrus, que teve seus primeiros casos confirmados vindos da [&hellip;]<\/p>\n","protected":false},"author":956,"featured_media":0,"parent":0,"menu_order":0,"comment_status":"closed","ping_status":"closed","template":"","meta":{"footnotes":""},"class_list":["post-73","page","type-page","status-publish","hentry"],"_links":{"self":[{"href":"https:\/\/wp.ufpel.edu.br\/agefriendlycities\/wp-json\/wp\/v2\/pages\/73","targetHints":{"allow":["GET"]}}],"collection":[{"href":"https:\/\/wp.ufpel.edu.br\/agefriendlycities\/wp-json\/wp\/v2\/pages"}],"about":[{"href":"https:\/\/wp.ufpel.edu.br\/agefriendlycities\/wp-json\/wp\/v2\/types\/page"}],"author":[{"embeddable":true,"href":"https:\/\/wp.ufpel.edu.br\/agefriendlycities\/wp-json\/wp\/v2\/users\/956"}],"replies":[{"embeddable":true,"href":"https:\/\/wp.ufpel.edu.br\/agefriendlycities\/wp-json\/wp\/v2\/comments?post=73"}],"version-history":[{"count":3,"href":"https:\/\/wp.ufpel.edu.br\/agefriendlycities\/wp-json\/wp\/v2\/pages\/73\/revisions"}],"predecessor-version":[{"id":155,"href":"https:\/\/wp.ufpel.edu.br\/agefriendlycities\/wp-json\/wp\/v2\/pages\/73\/revisions\/155"}],"wp:attachment":[{"href":"https:\/\/wp.ufpel.edu.br\/agefriendlycities\/wp-json\/wp\/v2\/media?parent=73"}],"curies":[{"name":"wp","href":"https:\/\/api.w.org\/{rel}","templated":true}]}}