{"id":54,"date":"2021-03-15T20:44:45","date_gmt":"2021-03-15T23:44:45","guid":{"rendered":"https:\/\/wp.ufpel.edu.br\/agefriendlycities\/?page_id=54"},"modified":"2021-03-19T11:16:28","modified_gmt":"2021-03-19T14:16:28","slug":"equipe","status":"publish","type":"page","link":"https:\/\/wp.ufpel.edu.br\/agefriendlycities\/pt\/equipe\/","title":{"rendered":"Equipe"},"content":{"rendered":"<p><img loading=\"lazy\" decoding=\"async\" class=\"wp-image-109 alignleft\" src=\"https:\/\/wp.ufpel.edu.br\/agefriendlycities\/files\/2021\/03\/Ryan-scaled.jpg\" alt=\"\" width=\"157\" height=\"180\" srcset=\"https:\/\/wp.ufpel.edu.br\/agefriendlycities\/files\/2021\/03\/Ryan-scaled.jpg 2229w, https:\/\/wp.ufpel.edu.br\/agefriendlycities\/files\/2021\/03\/Ryan-348x400.jpg 348w, https:\/\/wp.ufpel.edu.br\/agefriendlycities\/files\/2021\/03\/Ryan-892x1024.jpg 892w, https:\/\/wp.ufpel.edu.br\/agefriendlycities\/files\/2021\/03\/Ryan-768x882.jpg 768w, https:\/\/wp.ufpel.edu.br\/agefriendlycities\/files\/2021\/03\/Ryan-1337x1536.jpg 1337w, https:\/\/wp.ufpel.edu.br\/agefriendlycities\/files\/2021\/03\/Ryan-1783x2048.jpg 1783w, https:\/\/wp.ufpel.edu.br\/agefriendlycities\/files\/2021\/03\/Ryan-624x717.jpg 624w\" sizes=\"auto, (max-width: 157px) 100vw, 157px\" \/>\u00a0 \u00a0<img loading=\"lazy\" decoding=\"async\" class=\"wp-image-110 alignleft\" style=\"font-size: 1rem\" src=\"https:\/\/wp.ufpel.edu.br\/agefriendlycities\/files\/2021\/03\/adri-e1616106639216.jpg\" alt=\"\" width=\"153\" height=\"182\" srcset=\"https:\/\/wp.ufpel.edu.br\/agefriendlycities\/files\/2021\/03\/adri-e1616106639216.jpg 1159w, https:\/\/wp.ufpel.edu.br\/agefriendlycities\/files\/2021\/03\/adri-e1616106639216-338x400.jpg 338w, https:\/\/wp.ufpel.edu.br\/agefriendlycities\/files\/2021\/03\/adri-e1616106639216-865x1024.jpg 865w, https:\/\/wp.ufpel.edu.br\/agefriendlycities\/files\/2021\/03\/adri-e1616106639216-768x909.jpg 768w, https:\/\/wp.ufpel.edu.br\/agefriendlycities\/files\/2021\/03\/adri-e1616106639216-624x739.jpg 624w\" sizes=\"auto, (max-width: 153px) 100vw, 153px\" \/><\/p>\n<p>&nbsp;<\/p>\n<p>&nbsp;<\/p>\n<p>&nbsp;<\/p>\n<p>&nbsp;<\/p>\n<p>Coordena\u00e7\u00e3o do Projeto:<\/p>\n<p>Professor Ryan Woolrych, Heriot-Watt University, UK<\/p>\n<p>Professora Adriana Portella, Universidade Federal de Pelotas, Brasil<\/p>\n<p><img loading=\"lazy\" decoding=\"async\" class=\"wp-image-119 alignleft\" src=\"https:\/\/wp.ufpel.edu.br\/agefriendlycities\/files\/2021\/03\/thais.jpg\" alt=\"\" width=\"156\" height=\"196\" srcset=\"https:\/\/wp.ufpel.edu.br\/agefriendlycities\/files\/2021\/03\/thais.jpg 576w, https:\/\/wp.ufpel.edu.br\/agefriendlycities\/files\/2021\/03\/thais-320x400.jpg 320w\" sizes=\"auto, (max-width: 156px) 100vw, 156px\" \/> \u00a0<img loading=\"lazy\" decoding=\"async\" class=\"wp-image-118 alignleft\" src=\"https:\/\/wp.ufpel.edu.br\/agefriendlycities\/files\/2021\/03\/lauren-159x159-1-e1616107224724.jpg\" alt=\"\" width=\"144\" height=\"195\" \/><\/p>\n<p>&nbsp;<\/p>\n<p>&nbsp;<\/p>\n<p>&nbsp;<\/p>\n<p>&nbsp;<\/p>\n<p>Bolsistas do Projeto financiadas pelo CNPQ (Conselho Nacional de Desenvolvimento Cient\u00edfico e Tecnol\u00f3gico):<\/p>\n<p>Bolsista de Extens\u00e3o no Pa\u00eds, Thais Libardoni, Universidade Federal de Pelotas, Brasil<\/p>\n<p>Bolsista de Inicia\u00e7\u00e3o Cient\u00edfica, Lauren Gon\u00e7alves, Universidade Federal de Pelotas, Brasil<\/p>\n<p><img loading=\"lazy\" decoding=\"async\" class=\"wp-image-121 alignleft\" src=\"https:\/\/wp.ufpel.edu.br\/agefriendlycities\/files\/2021\/03\/amanda-e1596314385735-124x159-1.jpg\" alt=\"\" width=\"152\" height=\"195\" \/> <img loading=\"lazy\" decoding=\"async\" class=\" wp-image-124 alignleft\" src=\"https:\/\/wp.ufpel.edu.br\/agefriendlycities\/files\/2021\/03\/PAMELA-121x159-1.jpg\" alt=\"\" width=\"148\" height=\"194\" \/><\/p>\n<p>&nbsp;<\/p>\n<p>&nbsp;<\/p>\n<p>&nbsp;<\/p>\n<p>&nbsp;<\/p>\n<p>&nbsp;<\/p>\n<p>Colaboradores discentes:<\/p>\n<p>Amanda Ferreira Garcia, Universidade Federal de Pelotas, Brasil<\/p>\n<p>P\u00e2mela Padilha Silveira, Universidade Federal de Pelotas, Brasil<\/p>\n<p><img loading=\"lazy\" decoding=\"async\" class=\"wp-image-120 alignleft\" src=\"https:\/\/wp.ufpel.edu.br\/agefriendlycities\/files\/2021\/03\/gisele-1.jpg\" alt=\"\" width=\"150\" height=\"189\" srcset=\"https:\/\/wp.ufpel.edu.br\/agefriendlycities\/files\/2021\/03\/gisele-1.jpg 381w, https:\/\/wp.ufpel.edu.br\/agefriendlycities\/files\/2021\/03\/gisele-1-317x400.jpg 317w\" sizes=\"auto, (max-width: 150px) 100vw, 150px\" \/>\u00a0 \u00a0<img loading=\"lazy\" decoding=\"async\" class=\"wp-image-111 alignleft\" src=\"https:\/\/wp.ufpel.edu.br\/agefriendlycities\/files\/2021\/03\/biloca.jpg\" alt=\"\" width=\"147\" height=\"189\" \/> \u00a0<img loading=\"lazy\" decoding=\"async\" class=\"wp-image-112 alignleft\" src=\"https:\/\/wp.ufpel.edu.br\/agefriendlycities\/files\/2021\/03\/celina.jpg\" alt=\"\" width=\"119\" height=\"189\" srcset=\"https:\/\/wp.ufpel.edu.br\/agefriendlycities\/files\/2021\/03\/celina.jpg 331w, https:\/\/wp.ufpel.edu.br\/agefriendlycities\/files\/2021\/03\/celina-252x400.jpg 252w\" sizes=\"auto, (max-width: 119px) 100vw, 119px\" \/><\/p>\n<p>&nbsp;<\/p>\n<p>&nbsp;<\/p>\n<p>&nbsp;<\/p>\n<p>&nbsp;<\/p>\n<p>Professores Pesquisadores:<\/p>\n<p>Professora Gisele Pereira, Universidade Federal de Pelotas, Brasil<\/p>\n<p>Professora Ligia Chiarelli, Universidade Federal de Pelotas, Brasil<\/p>\n<p>Professora Celina Britto Corr\u00eaa, Universidade Federal de Pelotas, Brasil<\/p>\n<p><img loading=\"lazy\" decoding=\"async\" class=\" wp-image-117 alignleft\" src=\"https:\/\/wp.ufpel.edu.br\/agefriendlycities\/files\/2021\/03\/Sinval-scaled.jpg\" alt=\"\" width=\"150\" height=\"172\" srcset=\"https:\/\/wp.ufpel.edu.br\/agefriendlycities\/files\/2021\/03\/Sinval-scaled.jpg 2229w, https:\/\/wp.ufpel.edu.br\/agefriendlycities\/files\/2021\/03\/Sinval-348x400.jpg 348w, https:\/\/wp.ufpel.edu.br\/agefriendlycities\/files\/2021\/03\/Sinval-892x1024.jpg 892w, https:\/\/wp.ufpel.edu.br\/agefriendlycities\/files\/2021\/03\/Sinval-768x882.jpg 768w, https:\/\/wp.ufpel.edu.br\/agefriendlycities\/files\/2021\/03\/Sinval-1337x1536.jpg 1337w, https:\/\/wp.ufpel.edu.br\/agefriendlycities\/files\/2021\/03\/Sinval-1783x2048.jpg 1783w, https:\/\/wp.ufpel.edu.br\/agefriendlycities\/files\/2021\/03\/Sinval-624x717.jpg 624w\" sizes=\"auto, (max-width: 150px) 100vw, 150px\" \/> <img loading=\"lazy\" decoding=\"async\" class=\" wp-image-116 alignleft\" src=\"https:\/\/wp.ufpel.edu.br\/agefriendlycities\/files\/2021\/03\/nirce.jpg\" alt=\"\" width=\"122\" height=\"170\" srcset=\"https:\/\/wp.ufpel.edu.br\/agefriendlycities\/files\/2021\/03\/nirce.jpg 1275w, https:\/\/wp.ufpel.edu.br\/agefriendlycities\/files\/2021\/03\/nirce-285x400.jpg 285w, https:\/\/wp.ufpel.edu.br\/agefriendlycities\/files\/2021\/03\/nirce-729x1024.jpg 729w, https:\/\/wp.ufpel.edu.br\/agefriendlycities\/files\/2021\/03\/nirce-768x1078.jpg 768w, https:\/\/wp.ufpel.edu.br\/agefriendlycities\/files\/2021\/03\/nirce-1094x1536.jpg 1094w, https:\/\/wp.ufpel.edu.br\/agefriendlycities\/files\/2021\/03\/nirce-624x876.jpg 624w\" sizes=\"auto, (max-width: 122px) 100vw, 122px\" \/> <img loading=\"lazy\" decoding=\"async\" class=\" wp-image-113 alignleft\" src=\"https:\/\/wp.ufpel.edu.br\/agefriendlycities\/files\/2021\/03\/edu.jpg\" alt=\"\" width=\"136\" height=\"171\" srcset=\"https:\/\/wp.ufpel.edu.br\/agefriendlycities\/files\/2021\/03\/edu.jpg 1235w, https:\/\/wp.ufpel.edu.br\/agefriendlycities\/files\/2021\/03\/edu-319x400.jpg 319w, https:\/\/wp.ufpel.edu.br\/agefriendlycities\/files\/2021\/03\/edu-815x1024.jpg 815w, https:\/\/wp.ufpel.edu.br\/agefriendlycities\/files\/2021\/03\/edu-768x965.jpg 768w, https:\/\/wp.ufpel.edu.br\/agefriendlycities\/files\/2021\/03\/edu-1223x1536.jpg 1223w, https:\/\/wp.ufpel.edu.br\/agefriendlycities\/files\/2021\/03\/edu-624x784.jpg 624w\" sizes=\"auto, (max-width: 136px) 100vw, 136px\" \/><\/p>\n<p>&nbsp;<\/p>\n<p>&nbsp;<\/p>\n<p>&nbsp;<\/p>\n<p>&nbsp;<\/p>\n<p>&nbsp;<\/p>\n<p>Professor Sinval Xavier, Universidade Federal do Rio Grande, Brasil<\/p>\n<p>Professora Nirce Saffer Medvedoski, Universidade Federal de Pelotas, Brasil<\/p>\n<p>Professor Eduardo Rocha, Universidade Federal de Pelotas, Brasil<\/p>\n<p><img loading=\"lazy\" decoding=\"async\" class=\"wp-image-115 alignleft\" style=\"margin-top: 0.857143rem;margin-right: 1.71429rem;margin-bottom: 0.857143rem\" src=\"https:\/\/wp.ufpel.edu.br\/agefriendlycities\/files\/2021\/03\/Isolda-scaled.jpg\" alt=\"\" width=\"155\" height=\"178\" srcset=\"https:\/\/wp.ufpel.edu.br\/agefriendlycities\/files\/2021\/03\/Isolda-scaled.jpg 2228w, https:\/\/wp.ufpel.edu.br\/agefriendlycities\/files\/2021\/03\/Isolda-348x400.jpg 348w, https:\/\/wp.ufpel.edu.br\/agefriendlycities\/files\/2021\/03\/Isolda-891x1024.jpg 891w, https:\/\/wp.ufpel.edu.br\/agefriendlycities\/files\/2021\/03\/Isolda-768x882.jpg 768w, https:\/\/wp.ufpel.edu.br\/agefriendlycities\/files\/2021\/03\/Isolda-1337x1536.jpg 1337w, https:\/\/wp.ufpel.edu.br\/agefriendlycities\/files\/2021\/03\/Isolda-1783x2048.jpg 1783w, https:\/\/wp.ufpel.edu.br\/agefriendlycities\/files\/2021\/03\/Isolda-624x717.jpg 624w\" sizes=\"auto, (max-width: 155px) 100vw, 155px\" \/><\/p>\n<p><img loading=\"lazy\" decoding=\"async\" class=\"wp-image-114 alignleft\" src=\"https:\/\/wp.ufpel.edu.br\/agefriendlycities\/files\/2021\/03\/Hartmut.jpg\" alt=\"\" width=\"138\" height=\"181\" srcset=\"https:\/\/wp.ufpel.edu.br\/agefriendlycities\/files\/2021\/03\/Hartmut.jpg 865w, https:\/\/wp.ufpel.edu.br\/agefriendlycities\/files\/2021\/03\/Hartmut-304x400.jpg 304w, https:\/\/wp.ufpel.edu.br\/agefriendlycities\/files\/2021\/03\/Hartmut-778x1024.jpg 778w, https:\/\/wp.ufpel.edu.br\/agefriendlycities\/files\/2021\/03\/Hartmut-768x1010.jpg 768w, https:\/\/wp.ufpel.edu.br\/agefriendlycities\/files\/2021\/03\/Hartmut-624x821.jpg 624w\" sizes=\"auto, (max-width: 138px) 100vw, 138px\" \/><\/p>\n<p>&nbsp;<\/p>\n<p>&nbsp;<\/p>\n<p>&nbsp;<\/p>\n<p>&nbsp;<\/p>\n<p>&nbsp;<\/p>\n<p>Professora Isolda Gunther, Universidade de Bras\u00edlia, Brasil<\/p>\n<p>Professor Hartmut Gunther, Universidade de Bras\u00edlia, Brasil<\/p>\n","protected":false},"excerpt":{"rendered":"<p>\u00a0 \u00a0 &nbsp; &nbsp; &nbsp; &nbsp; Coordena\u00e7\u00e3o do Projeto: Professor Ryan Woolrych, Heriot-Watt University, UK Professora Adriana Portella, Universidade Federal de Pelotas, Brasil \u00a0 &nbsp; &nbsp; &nbsp; &nbsp; Bolsistas do Projeto financiadas pelo CNPQ (Conselho Nacional de Desenvolvimento Cient\u00edfico e Tecnol\u00f3gico): Bolsista de Extens\u00e3o no Pa\u00eds, Thais Libardoni, Universidade Federal de Pelotas, Brasil Bolsista de [&hellip;]<\/p>\n","protected":false},"author":956,"featured_media":0,"parent":0,"menu_order":0,"comment_status":"closed","ping_status":"closed","template":"","meta":{"footnotes":""},"class_list":["post-54","page","type-page","status-publish","hentry"],"_links":{"self":[{"href":"https:\/\/wp.ufpel.edu.br\/agefriendlycities\/wp-json\/wp\/v2\/pages\/54","targetHints":{"allow":["GET"]}}],"collection":[{"href":"https:\/\/wp.ufpel.edu.br\/agefriendlycities\/wp-json\/wp\/v2\/pages"}],"about":[{"href":"https:\/\/wp.ufpel.edu.br\/agefriendlycities\/wp-json\/wp\/v2\/types\/page"}],"author":[{"embeddable":true,"href":"https:\/\/wp.ufpel.edu.br\/agefriendlycities\/wp-json\/wp\/v2\/users\/956"}],"replies":[{"embeddable":true,"href":"https:\/\/wp.ufpel.edu.br\/agefriendlycities\/wp-json\/wp\/v2\/comments?post=54"}],"version-history":[{"count":6,"href":"https:\/\/wp.ufpel.edu.br\/agefriendlycities\/wp-json\/wp\/v2\/pages\/54\/revisions"}],"predecessor-version":[{"id":108,"href":"https:\/\/wp.ufpel.edu.br\/agefriendlycities\/wp-json\/wp\/v2\/pages\/54\/revisions\/108"}],"wp:attachment":[{"href":"https:\/\/wp.ufpel.edu.br\/agefriendlycities\/wp-json\/wp\/v2\/media?parent=54"}],"curies":[{"name":"wp","href":"https:\/\/api.w.org\/{rel}","templated":true}]}}