{"id":45,"date":"2021-03-15T20:43:51","date_gmt":"2021-03-15T23:43:51","guid":{"rendered":"https:\/\/wp.ufpel.edu.br\/agefriendlycities\/?page_id=45"},"modified":"2021-03-19T11:38:19","modified_gmt":"2021-03-19T14:38:19","slug":"financiamento","status":"publish","type":"page","link":"https:\/\/wp.ufpel.edu.br\/agefriendlycities\/pt\/financiamento\/","title":{"rendered":"Financiamento &amp; Parcerias"},"content":{"rendered":"<p><img loading=\"lazy\" decoding=\"async\" class=\"wp-image-130 alignleft\" src=\"https:\/\/wp.ufpel.edu.br\/agefriendlycities\/files\/2021\/03\/LOGO-PLACEAGE.jpg\" alt=\"\" width=\"135\" height=\"114\" \/>\u00a0<img loading=\"lazy\" decoding=\"async\" class=\" wp-image-133 alignleft\" src=\"https:\/\/wp.ufpel.edu.br\/agefriendlycities\/files\/2021\/03\/ESRC-big-logo.png\" alt=\"\" width=\"138\" height=\"116\" srcset=\"https:\/\/wp.ufpel.edu.br\/agefriendlycities\/files\/2021\/03\/ESRC-big-logo.png 800w, https:\/\/wp.ufpel.edu.br\/agefriendlycities\/files\/2021\/03\/ESRC-big-logo-400x335.png 400w, https:\/\/wp.ufpel.edu.br\/agefriendlycities\/files\/2021\/03\/ESRC-big-logo-768x643.png 768w, https:\/\/wp.ufpel.edu.br\/agefriendlycities\/files\/2021\/03\/ESRC-big-logo-624x523.png 624w\" sizes=\"auto, (max-width: 138px) 100vw, 138px\" \/><img loading=\"lazy\" decoding=\"async\" class=\"wp-image-131 alignleft\" src=\"https:\/\/wp.ufpel.edu.br\/agefriendlycities\/files\/2021\/03\/cnpq-logo-2.png\" alt=\"\" width=\"180\" height=\"78\" srcset=\"https:\/\/wp.ufpel.edu.br\/agefriendlycities\/files\/2021\/03\/cnpq-logo-2.png 2100w, https:\/\/wp.ufpel.edu.br\/agefriendlycities\/files\/2021\/03\/cnpq-logo-2-400x171.png 400w, https:\/\/wp.ufpel.edu.br\/agefriendlycities\/files\/2021\/03\/cnpq-logo-2-1024x437.png 1024w, https:\/\/wp.ufpel.edu.br\/agefriendlycities\/files\/2021\/03\/cnpq-logo-2-768x328.png 768w, https:\/\/wp.ufpel.edu.br\/agefriendlycities\/files\/2021\/03\/cnpq-logo-2-1536x656.png 1536w, https:\/\/wp.ufpel.edu.br\/agefriendlycities\/files\/2021\/03\/cnpq-logo-2-2048x875.png 2048w, https:\/\/wp.ufpel.edu.br\/agefriendlycities\/files\/2021\/03\/cnpq-logo-2-624x267.png 624w\" sizes=\"auto, (max-width: 180px) 100vw, 180px\" \/><\/p>\n<p>&nbsp;<\/p>\n<p>&nbsp;<\/p>\n<p style=\"text-align: justify\">O Projeto PlaceAge-COVID \u00e9 uma continua\u00e7\u00e3o do Projeto <a href=\"https:\/\/wp.ufpel.edu.br\/placeageproject\/\">PlaceAge<\/a>, cujo financiamento \u00e9 pela ag\u00eancia brit\u00e2nica ESRC (<a href=\"https:\/\/esrc.ukri.org\/\">Economic and Social Research Council<\/a>). O PlaceAge-COVID \u00e9 financiado pelo CNPQ (<a href=\"https:\/\/www.gov.br\/cnpq\/pt-br\">Conselho Nacional de Desenvolvimento Cient\u00edfico e Tecnol\u00f3gico<\/a>) no Brasil e parceria com o Reino Unido.<\/p>\n<p>Fazem parte do Projeto PlaceAge-COVID pesquisadores das seguintes institui\u00e7\u00f5es:<\/p>\n<p><img loading=\"lazy\" decoding=\"async\" class=\"alignnone wp-image-134\" src=\"https:\/\/wp.ufpel.edu.br\/agefriendlycities\/files\/2021\/03\/heriot-watt-university-logo.png\" alt=\"\" width=\"124\" height=\"124\" srcset=\"https:\/\/wp.ufpel.edu.br\/agefriendlycities\/files\/2021\/03\/heriot-watt-university-logo.png 320w, https:\/\/wp.ufpel.edu.br\/agefriendlycities\/files\/2021\/03\/heriot-watt-university-logo-200x200.png 200w\" sizes=\"auto, (max-width: 124px) 100vw, 124px\" \/>\u00a0 \u00a0 \u00a0<img loading=\"lazy\" decoding=\"async\" class=\"alignnone wp-image-135\" src=\"https:\/\/wp.ufpel.edu.br\/agefriendlycities\/files\/2021\/03\/Escudo-Colorido-UFPEL_10042014.jpg\" alt=\"\" width=\"123\" height=\"124\" srcset=\"https:\/\/wp.ufpel.edu.br\/agefriendlycities\/files\/2021\/03\/Escudo-Colorido-UFPEL_10042014.jpg 1174w, https:\/\/wp.ufpel.edu.br\/agefriendlycities\/files\/2021\/03\/Escudo-Colorido-UFPEL_10042014-394x400.jpg 394w, https:\/\/wp.ufpel.edu.br\/agefriendlycities\/files\/2021\/03\/Escudo-Colorido-UFPEL_10042014-1009x1024.jpg 1009w, https:\/\/wp.ufpel.edu.br\/agefriendlycities\/files\/2021\/03\/Escudo-Colorido-UFPEL_10042014-200x200.jpg 200w, https:\/\/wp.ufpel.edu.br\/agefriendlycities\/files\/2021\/03\/Escudo-Colorido-UFPEL_10042014-768x780.jpg 768w, https:\/\/wp.ufpel.edu.br\/agefriendlycities\/files\/2021\/03\/Escudo-Colorido-UFPEL_10042014-624x634.jpg 624w\" sizes=\"auto, (max-width: 123px) 100vw, 123px\" \/>\u00a0 \u00a0 \u00a0<img loading=\"lazy\" decoding=\"async\" class=\"alignnone wp-image-136\" src=\"https:\/\/wp.ufpel.edu.br\/agefriendlycities\/files\/2021\/03\/logo_unb.png\" alt=\"\" width=\"137\" height=\"126\" \/>\u00a0 \u00a0 \u00a0<img loading=\"lazy\" decoding=\"async\" class=\"alignnone wp-image-137\" src=\"https:\/\/wp.ufpel.edu.br\/agefriendlycities\/files\/2021\/03\/logo_furg.gif\" alt=\"\" width=\"95\" height=\"124\" \/><\/p>\n<p><a href=\"https:\/\/www.hw.ac.uk\/\">Heriot-Watt University<\/a>, UK<\/p>\n<p><a href=\"https:\/\/portal.ufpel.edu.br\/\">Universidade Federal de Pelotas<\/a>, Brasil<\/p>\n<p><a href=\"https:\/\/www.unb.br\/\">Universidade de Bras\u00edlia<\/a>, Brasil<\/p>\n<p><a href=\"https:\/\/www.furg.br\/\">Universidade Federal de Rio Grande<\/a>, Brasil<\/p>\n","protected":false},"excerpt":{"rendered":"<p>\u00a0 &nbsp; &nbsp; O Projeto PlaceAge-COVID \u00e9 uma continua\u00e7\u00e3o do Projeto PlaceAge, cujo financiamento \u00e9 pela ag\u00eancia brit\u00e2nica ESRC (Economic and Social Research Council). O PlaceAge-COVID \u00e9 financiado pelo CNPQ (Conselho Nacional de Desenvolvimento Cient\u00edfico e Tecnol\u00f3gico) no Brasil e parceria com o Reino Unido. Fazem parte do Projeto PlaceAge-COVID pesquisadores das seguintes institui\u00e7\u00f5es: \u00a0 [&hellip;]<\/p>\n","protected":false},"author":956,"featured_media":0,"parent":0,"menu_order":0,"comment_status":"closed","ping_status":"closed","template":"","meta":{"footnotes":""},"class_list":["post-45","page","type-page","status-publish","hentry"],"_links":{"self":[{"href":"https:\/\/wp.ufpel.edu.br\/agefriendlycities\/wp-json\/wp\/v2\/pages\/45","targetHints":{"allow":["GET"]}}],"collection":[{"href":"https:\/\/wp.ufpel.edu.br\/agefriendlycities\/wp-json\/wp\/v2\/pages"}],"about":[{"href":"https:\/\/wp.ufpel.edu.br\/agefriendlycities\/wp-json\/wp\/v2\/types\/page"}],"author":[{"embeddable":true,"href":"https:\/\/wp.ufpel.edu.br\/agefriendlycities\/wp-json\/wp\/v2\/users\/956"}],"replies":[{"embeddable":true,"href":"https:\/\/wp.ufpel.edu.br\/agefriendlycities\/wp-json\/wp\/v2\/comments?post=45"}],"version-history":[{"count":5,"href":"https:\/\/wp.ufpel.edu.br\/agefriendlycities\/wp-json\/wp\/v2\/pages\/45\/revisions"}],"predecessor-version":[{"id":143,"href":"https:\/\/wp.ufpel.edu.br\/agefriendlycities\/wp-json\/wp\/v2\/pages\/45\/revisions\/143"}],"wp:attachment":[{"href":"https:\/\/wp.ufpel.edu.br\/agefriendlycities\/wp-json\/wp\/v2\/media?parent=45"}],"curies":[{"name":"wp","href":"https:\/\/api.w.org\/{rel}","templated":true}]}}