{"id":10,"date":"2025-10-23T18:58:56","date_gmt":"2025-10-23T21:58:56","guid":{"rendered":"https:\/\/wp.ufpel.edu.br\/aemia\/?page_id=10"},"modified":"2025-10-28T15:20:49","modified_gmt":"2025-10-28T18:20:49","slug":"equipe","status":"publish","type":"page","link":"https:\/\/wp.ufpel.edu.br\/aemia\/equipe\/","title":{"rendered":"Equipe"},"content":{"rendered":"<p><strong>Docentes Orientadoras\/es<\/strong><\/p>\n<ul>\n<li><span style=\"font-weight: 400;\">Prof. Guilherme Ribeiro Corr\u00eaa (PPG Computa\u00e7\u00e3o) &#8211; coordenador<\/span><\/li>\n<li><span style=\"font-weight: 400;\">Profa. Claudia Turra Magni (PPG Antropologia) &#8211; coordenadora adjunta<\/span><\/li>\n<li><span style=\"font-weight: 400;\">Profa. Adriane Borda (PPG Arquitetura e Urbanismo)<br \/>\n<\/span><\/li>\n<li><span style=\"font-weight: 400;\">Profa. <\/span>Antonielle Cantarelli Martins (PPG Letras)<\/li>\n<li><span style=\"font-weight: 400;\">Profa. Brenda Salenave Santana (PPG Computa\u00e7\u00e3o)<\/span><\/li>\n<li><span style=\"font-weight: 400;\">Profa. <\/span>Daniele Borges Bezerra (PPG Antropologia)<\/li>\n<li><span style=\"font-weight: 400;\">Profa. Tatiana Bolivar Lebedeff\u00a0 (PPG Letras)<\/span><\/li>\n<\/ul>\n<p><strong>Pesquisadoras\/es Colaboradoras\/es<\/strong><\/p>\n<ul>\n<li><span style=\"font-weight: 400;\">Profa. <\/span>Alessandra Gasparotto (PPG Hist\u00f3ria)<\/li>\n<li><span style=\"font-weight: 400;\">Prof. <\/span>Carlos Artur Gallo Cabrera (PPG Ci\u00eancia Pol\u00edtica)<\/li>\n<li>Profa. Fernanda Lise (PPG Enfermagem)<\/li>\n<li><span style=\"font-weight: 400;\">Profa. <\/span>Juliane Concei\u00e7\u00e3o Primon Serres (PPG Mem\u00f3ria Social e Patrim\u00f4nio Cultural)<\/li>\n<li><span style=\"font-weight: 400;\">Profa. Paula Maria de S\u00e1 Oliveira Escudeiro (Instituto Polit\u00e9cnico do Porto, Portugal)<\/span><\/li>\n<li><span style=\"font-weight: 400;\">Profa. <\/span>Suele Manjourany Silva Duro (PPG Enfermagem)<\/li>\n<\/ul>\n<p><strong>Doutorandas e Doutorandos<\/strong><\/p>\n<ul>\n<li>Darley Goulart Nunes (PPG Letras) &#8211; Bolsista PAPIN\/CNPq<\/li>\n<li>Edemar Dias Xavier J\u00fanior (PPG Arquitetura e Urbanismo) &#8211; Bolsista PAPIN\/CNPq<\/li>\n<li>Isadora de Leon Torres (PPG Antropologia) &#8211; Bolsista PAPIN\/CNPq<\/li>\n<li>Josef Augusto Oberdan Souza Silva (PPG Computa\u00e7\u00e3o) &#8211; Bolsista PAPIN\/CNPq<\/li>\n<\/ul>\n<p><strong>Mestrandas e Mestrandos<\/strong><\/p>\n<ul>\n<li>Jo\u00e3o Pedro Thurow Tomaszewski (PPG Computa\u00e7\u00e3o) &#8211; Bolsista PAPIN\/CNPq<\/li>\n<li>Lucas dos Santos Pereira (PPG Computa\u00e7\u00e3o) &#8211; Bolsista PAPIN\/CNPq<\/li>\n<li>Victor C\u00e9zar Rodrigues Costa (PPG Computa\u00e7\u00e3o) &#8211; Bolsista PAPIN\/CNPq<\/li>\n<li>Monica Mendes Veiga (PPG Arquitetura e Urbanismo) &#8211; Bolsista PAPIN\/CNPq<\/li>\n<li>Ronney Bruno da Silva Corr\u00eaa (PPG Antropologia) &#8211; Bolsista PAPIN\/CNPq<\/li>\n<\/ul>\n<p><strong>Graduandas e Graduandos<\/strong><\/p>\n<ul>\n<li>Lucas Superti da Silva (Bacharelado em Ci\u00eancia da Computa\u00e7\u00e3o) &#8211; Volunt\u00e1rio<\/li>\n<li>Lu\u00edsa Carvalho B\u00f6hm (Bacharelado em Ci\u00eancia da Computa\u00e7\u00e3o) &#8211; Bolsista FAPERGS\/CNPq<\/li>\n<li>Raphael Fuchs Silveira (Bacharelado em Cinema de Anima\u00e7\u00e3o) &#8211; Bolsista PROEXT\/UFPel<\/li>\n<\/ul>\n","protected":false},"excerpt":{"rendered":"<p>Docentes Orientadoras\/es Prof. Guilherme Ribeiro Corr\u00eaa (PPG Computa\u00e7\u00e3o) &#8211; coordenador Profa. Claudia Turra Magni (PPG Antropologia) &#8211; coordenadora adjunta Profa. Adriane Borda (PPG Arquitetura e Urbanismo) Profa. Antonielle Cantarelli Martins (PPG Letras) Profa. Brenda Salenave Santana (PPG Computa\u00e7\u00e3o) Profa. Daniele Borges Bezerra (PPG Antropologia) Profa. Tatiana Bolivar Lebedeff\u00a0 (PPG Letras) Pesquisadoras\/es Colaboradoras\/es Profa. Alessandra Gasparotto [&hellip;]<\/p>\n","protected":false},"author":748,"featured_media":0,"parent":0,"menu_order":0,"comment_status":"closed","ping_status":"closed","template":"","meta":{"footnotes":""},"class_list":["post-10","page","type-page","status-publish","hentry","post"],"_links":{"self":[{"href":"https:\/\/wp.ufpel.edu.br\/aemia\/wp-json\/wp\/v2\/pages\/10","targetHints":{"allow":["GET"]}}],"collection":[{"href":"https:\/\/wp.ufpel.edu.br\/aemia\/wp-json\/wp\/v2\/pages"}],"about":[{"href":"https:\/\/wp.ufpel.edu.br\/aemia\/wp-json\/wp\/v2\/types\/page"}],"author":[{"embeddable":true,"href":"https:\/\/wp.ufpel.edu.br\/aemia\/wp-json\/wp\/v2\/users\/748"}],"replies":[{"embeddable":true,"href":"https:\/\/wp.ufpel.edu.br\/aemia\/wp-json\/wp\/v2\/comments?post=10"}],"version-history":[{"count":4,"href":"https:\/\/wp.ufpel.edu.br\/aemia\/wp-json\/wp\/v2\/pages\/10\/revisions"}],"predecessor-version":[{"id":58,"href":"https:\/\/wp.ufpel.edu.br\/aemia\/wp-json\/wp\/v2\/pages\/10\/revisions\/58"}],"wp:attachment":[{"href":"https:\/\/wp.ufpel.edu.br\/aemia\/wp-json\/wp\/v2\/media?parent=10"}],"curies":[{"name":"wp","href":"https:\/\/api.w.org\/{rel}","templated":true}]}}