{"id":95,"date":"2020-07-15T11:24:19","date_gmt":"2020-07-15T14:24:19","guid":{"rendered":"https:\/\/wp.ufpel.edu.br\/aeeufpel\/?page_id=95"},"modified":"2021-07-23T14:30:29","modified_gmt":"2021-07-23T17:30:29","slug":"curso-de-aperfeicoamento-em-servico-de-atendimento-educacional-especializado-saee-deficiencia-visual","status":"publish","type":"page","link":"https:\/\/wp.ufpel.edu.br\/aeeufpel\/curso-de-aperfeicoamento-em-servico-de-atendimento-educacional-especializado-saee-deficiencia-visual\/","title":{"rendered":"Curso de Aperfei\u00e7oamento em Servi\u00e7o de Atendimento Educacional Especializado (SAEE) &#8211;  Defici\u00eancia Visual \/ 2020"},"content":{"rendered":"<h3><strong><img loading=\"lazy\" decoding=\"async\" class=\"alignnone wp-image-150 size-full\" src=\"https:\/\/wp.ufpel.edu.br\/aeeufpel\/files\/2020\/07\/banner-logos-ufpel_Prancheta-1-copia-6.jpg\" alt=\"\" width=\"1772\" height=\"250\" srcset=\"https:\/\/wp.ufpel.edu.br\/aeeufpel\/files\/2020\/07\/banner-logos-ufpel_Prancheta-1-copia-6.jpg 1772w, https:\/\/wp.ufpel.edu.br\/aeeufpel\/files\/2020\/07\/banner-logos-ufpel_Prancheta-1-copia-6-400x56.jpg 400w, https:\/\/wp.ufpel.edu.br\/aeeufpel\/files\/2020\/07\/banner-logos-ufpel_Prancheta-1-copia-6-1024x144.jpg 1024w, https:\/\/wp.ufpel.edu.br\/aeeufpel\/files\/2020\/07\/banner-logos-ufpel_Prancheta-1-copia-6-768x108.jpg 768w, https:\/\/wp.ufpel.edu.br\/aeeufpel\/files\/2020\/07\/banner-logos-ufpel_Prancheta-1-copia-6-1536x217.jpg 1536w\" sizes=\"auto, (max-width: 1772px) 100vw, 1772px\" \/><\/strong><\/h3>\n<h3><strong>Modalidade: EAD<\/strong><\/h3>\n<p><strong>Carga hor\u00e1ria: 180 horas<\/strong><\/p>\n<p><strong>P\u00fablico-alvo: professores das redes p\u00fablicas de ensino<\/strong><\/p>\n<p><strong>OBJETIVO: <\/strong>Capacitar, em n\u00edvel de aperfei\u00e7oamento, professores da educa\u00e7\u00e3o p\u00fablica, em\u00a0\u00a0 Atendimento Educacional Especializado, que possibilite a concretiza\u00e7\u00e3o de pol\u00edticas, programas e pr\u00e1ticas que atendam a diversidade dos alunos com Defici\u00eancia Visual.<\/p>\n<h2><strong><br \/>\nPROGRAMA\u00c7\u00c3O:<\/strong><\/h2>\n<p><strong><u>M\u00d3DULO I \u2013 30 horas<\/u><\/strong><\/p>\n<p><strong>Disciplina 1 &#8211; <\/strong>Hist\u00f3ria das Pessoas com Defici\u00eancia Visual: do passado aos dias de hoje \u2013 10 horas<\/p>\n<p><strong>Disciplina 2<\/strong> \u2013 Pol\u00edticas P\u00fablicas e ordenamentos legais que amparam a Educa\u00e7\u00e3o Especial no contexto da Educa\u00e7\u00e3o Inclusiva \u2013 10 horas<\/p>\n<p><strong>Disciplina 3<\/strong> &#8211; Defici\u00eancia Visual: Caracter\u00edsticas Gerais \u2013 10 horas<\/p>\n<p><strong><u>M\u00d3DULO II \u2013 70 horas<\/u><\/strong><\/p>\n<p><strong>Disciplina 4<\/strong> \u2013 Processos de Aprendizagem da pessoa com defici\u00eancia visual \u2013 20 horas<\/p>\n<p><strong>AULA B\u00d4NUS \u2013 <\/strong>Desenho Universal \u2013 10 horas<\/p>\n<p><strong>Disciplina 5<\/strong>&#8211; Estrutura\u00e7\u00e3o do servi\u00e7o de Atendimento Educacional Especializado: legisla\u00e7\u00e3o, organiza\u00e7\u00e3o, estrutura, formas de atendimento e apoio \u2013 30 horas<\/p>\n<p><strong>AULA B\u00d4NUS \u2013 <\/strong>Introdu\u00e7\u00e3o a linguagem Braille- 10 horas<\/p>\n<p><strong><u>M\u00d3DULO III &#8211;\u00a0 80 horas<\/u><\/strong><\/p>\n<p><strong>Disciplina 6- <\/strong>Recursos de Tecnologia Assistiva<\/p>\n<p><u>Aula 1<\/u>&#8211; DOSVOX\/NVDA\/Uso do celular \u2013 15 horas<\/p>\n<p><u>Aula 2<\/u> \u2013 Braille F\u00e1cil e Impressora Braille- 15 horas<\/p>\n<p><strong>AULA B\u00d4NUS\u2013 <\/strong>Audiodescri\u00e7\u00e3o- 10 horas<\/p>\n<p><strong>Disciplina 7<\/strong> &#8211; Pr\u00e1ticas Pedag\u00f3gicas do AEE Aplicadas aos Discentes com Defici\u00eancia Visual \u2013 20 horas<\/p>\n<p><strong>AULA B\u00d4NUS \u2013 <\/strong>Surdocegueira- 10 horas<\/p>\n<p><strong>TRABALHO FINAL<\/strong> &#8211; constru\u00e7\u00e3o da proposta de AEE \u2013 10 horas<\/p>\n<p><strong>SEMIN\u00c1RIO FINAL<\/strong><\/p>\n<p>&nbsp;<\/p>\n","protected":false},"excerpt":{"rendered":"<p>Modalidade: EAD Carga hor\u00e1ria: 180 horas P\u00fablico-alvo: professores das redes p\u00fablicas de ensino OBJETIVO: Capacitar, em n\u00edvel de aperfei\u00e7oamento, professores da educa\u00e7\u00e3o p\u00fablica, em\u00a0\u00a0 Atendimento Educacional Especializado, que possibilite a concretiza\u00e7\u00e3o de pol\u00edticas, programas e pr\u00e1ticas que atendam a diversidade dos alunos com Defici\u00eancia Visual. PROGRAMA\u00c7\u00c3O: M\u00d3DULO I \u2013 30 horas Disciplina 1 &#8211; Hist\u00f3ria [&hellip;]<\/p>\n","protected":false},"author":1031,"featured_media":0,"parent":0,"menu_order":0,"comment_status":"closed","ping_status":"closed","template":"","meta":{"footnotes":""},"class_list":["post-95","page","type-page","status-publish","hentry","post"],"yoast_head":"<!-- This site is optimized with the Yoast SEO plugin v26.7 - https:\/\/yoast.com\/wordpress\/plugins\/seo\/ -->\n<title>Curso de Aperfei\u00e7oamento em Servi\u00e7o de Atendimento Educacional Especializado (SAEE) - Defici\u00eancia Visual \/ 2020 - Forma\u00e7\u00e3o em Servi\u00e7o de Atendimento Educacional Especializado<\/title>\n<meta name=\"robots\" content=\"index, follow, max-snippet:-1, max-image-preview:large, max-video-preview:-1\" \/>\n<link rel=\"canonical\" href=\"https:\/\/wp.ufpel.edu.br\/aeeufpel\/curso-de-aperfeicoamento-em-servico-de-atendimento-educacional-especializado-saee-deficiencia-visual\/\" \/>\n<meta property=\"og:locale\" content=\"pt_BR\" \/>\n<meta property=\"og:type\" content=\"article\" \/>\n<meta property=\"og:title\" content=\"Curso de Aperfei\u00e7oamento em Servi\u00e7o de Atendimento Educacional Especializado (SAEE) - Defici\u00eancia Visual \/ 2020 - Forma\u00e7\u00e3o em Servi\u00e7o de Atendimento Educacional Especializado\" \/>\n<meta property=\"og:description\" content=\"Modalidade: EAD Carga hor\u00e1ria: 180 horas P\u00fablico-alvo: professores das redes p\u00fablicas de ensino OBJETIVO: Capacitar, em n\u00edvel de aperfei\u00e7oamento, professores da educa\u00e7\u00e3o p\u00fablica, em\u00a0\u00a0 Atendimento Educacional Especializado, que possibilite a concretiza\u00e7\u00e3o de pol\u00edticas, programas e pr\u00e1ticas que atendam a diversidade dos alunos com Defici\u00eancia Visual. PROGRAMA\u00c7\u00c3O: M\u00d3DULO I \u2013 30 horas Disciplina 1 &#8211; Hist\u00f3ria [&hellip;]\" \/>\n<meta property=\"og:url\" content=\"https:\/\/wp.ufpel.edu.br\/aeeufpel\/curso-de-aperfeicoamento-em-servico-de-atendimento-educacional-especializado-saee-deficiencia-visual\/\" \/>\n<meta property=\"og:site_name\" content=\"Forma\u00e7\u00e3o em Servi\u00e7o de Atendimento Educacional Especializado\" \/>\n<meta property=\"article:modified_time\" content=\"2021-07-23T17:30:29+00:00\" \/>\n<meta property=\"og:image\" content=\"https:\/\/wp.ufpel.edu.br\/aeeufpel\/files\/2020\/07\/banner-logos-ufpel_Prancheta-1-copia-6.jpg\" \/>\n<meta name=\"twitter:card\" content=\"summary_large_image\" \/>\n<meta name=\"twitter:label1\" content=\"Est. tempo de leitura\" \/>\n\t<meta name=\"twitter:data1\" content=\"1 minuto\" \/>\n<script type=\"application\/ld+json\" class=\"yoast-schema-graph\">{\"@context\":\"https:\/\/schema.org\",\"@graph\":[{\"@type\":\"WebPage\",\"@id\":\"https:\/\/wp.ufpel.edu.br\/aeeufpel\/curso-de-aperfeicoamento-em-servico-de-atendimento-educacional-especializado-saee-deficiencia-visual\/\",\"url\":\"https:\/\/wp.ufpel.edu.br\/aeeufpel\/curso-de-aperfeicoamento-em-servico-de-atendimento-educacional-especializado-saee-deficiencia-visual\/\",\"name\":\"Curso de Aperfei\u00e7oamento em Servi\u00e7o de Atendimento Educacional Especializado (SAEE) - Defici\u00eancia Visual \/ 2020 - Forma\u00e7\u00e3o em Servi\u00e7o de Atendimento Educacional Especializado\",\"isPartOf\":{\"@id\":\"https:\/\/wp.ufpel.edu.br\/aeeufpel\/#website\"},\"primaryImageOfPage\":{\"@id\":\"https:\/\/wp.ufpel.edu.br\/aeeufpel\/curso-de-aperfeicoamento-em-servico-de-atendimento-educacional-especializado-saee-deficiencia-visual\/#primaryimage\"},\"image\":{\"@id\":\"https:\/\/wp.ufpel.edu.br\/aeeufpel\/curso-de-aperfeicoamento-em-servico-de-atendimento-educacional-especializado-saee-deficiencia-visual\/#primaryimage\"},\"thumbnailUrl\":\"https:\/\/wp.ufpel.edu.br\/aeeufpel\/files\/2020\/07\/banner-logos-ufpel_Prancheta-1-copia-6.jpg\",\"datePublished\":\"2020-07-15T14:24:19+00:00\",\"dateModified\":\"2021-07-23T17:30:29+00:00\",\"breadcrumb\":{\"@id\":\"https:\/\/wp.ufpel.edu.br\/aeeufpel\/curso-de-aperfeicoamento-em-servico-de-atendimento-educacional-especializado-saee-deficiencia-visual\/#breadcrumb\"},\"inLanguage\":\"pt-BR\",\"potentialAction\":[{\"@type\":\"ReadAction\",\"target\":[\"https:\/\/wp.ufpel.edu.br\/aeeufpel\/curso-de-aperfeicoamento-em-servico-de-atendimento-educacional-especializado-saee-deficiencia-visual\/\"]}]},{\"@type\":\"ImageObject\",\"inLanguage\":\"pt-BR\",\"@id\":\"https:\/\/wp.ufpel.edu.br\/aeeufpel\/curso-de-aperfeicoamento-em-servico-de-atendimento-educacional-especializado-saee-deficiencia-visual\/#primaryimage\",\"url\":\"https:\/\/wp.ufpel.edu.br\/aeeufpel\/files\/2020\/07\/banner-logos-ufpel_Prancheta-1-copia-6.jpg\",\"contentUrl\":\"https:\/\/wp.ufpel.edu.br\/aeeufpel\/files\/2020\/07\/banner-logos-ufpel_Prancheta-1-copia-6.jpg\",\"width\":1772,\"height\":250},{\"@type\":\"BreadcrumbList\",\"@id\":\"https:\/\/wp.ufpel.edu.br\/aeeufpel\/curso-de-aperfeicoamento-em-servico-de-atendimento-educacional-especializado-saee-deficiencia-visual\/#breadcrumb\",\"itemListElement\":[{\"@type\":\"ListItem\",\"position\":1,\"name\":\"In\u00edcio\",\"item\":\"https:\/\/wp.ufpel.edu.br\/aeeufpel\/\"},{\"@type\":\"ListItem\",\"position\":2,\"name\":\"Curso de Aperfei\u00e7oamento em Servi\u00e7o de Atendimento Educacional Especializado (SAEE) &#8211; Defici\u00eancia Visual \/ 2020\"}]},{\"@type\":\"WebSite\",\"@id\":\"https:\/\/wp.ufpel.edu.br\/aeeufpel\/#website\",\"url\":\"https:\/\/wp.ufpel.edu.br\/aeeufpel\/\",\"name\":\"Forma\u00e7\u00e3o em Servi\u00e7o de Atendimento Educacional Especializado\",\"description\":\"Universidade Federal de Pelotas - UFPEL\",\"potentialAction\":[{\"@type\":\"SearchAction\",\"target\":{\"@type\":\"EntryPoint\",\"urlTemplate\":\"https:\/\/wp.ufpel.edu.br\/aeeufpel\/?s={search_term_string}\"},\"query-input\":{\"@type\":\"PropertyValueSpecification\",\"valueRequired\":true,\"valueName\":\"search_term_string\"}}],\"inLanguage\":\"pt-BR\"}]}<\/script>\n<!-- \/ Yoast SEO plugin. -->","yoast_head_json":{"title":"Curso de Aperfei\u00e7oamento em Servi\u00e7o de Atendimento Educacional Especializado (SAEE) - Defici\u00eancia Visual \/ 2020 - Forma\u00e7\u00e3o em Servi\u00e7o de Atendimento Educacional Especializado","robots":{"index":"index","follow":"follow","max-snippet":"max-snippet:-1","max-image-preview":"max-image-preview:large","max-video-preview":"max-video-preview:-1"},"canonical":"https:\/\/wp.ufpel.edu.br\/aeeufpel\/curso-de-aperfeicoamento-em-servico-de-atendimento-educacional-especializado-saee-deficiencia-visual\/","og_locale":"pt_BR","og_type":"article","og_title":"Curso de Aperfei\u00e7oamento em Servi\u00e7o de Atendimento Educacional Especializado (SAEE) - Defici\u00eancia Visual \/ 2020 - Forma\u00e7\u00e3o em Servi\u00e7o de Atendimento Educacional Especializado","og_description":"Modalidade: EAD Carga hor\u00e1ria: 180 horas P\u00fablico-alvo: professores das redes p\u00fablicas de ensino OBJETIVO: Capacitar, em n\u00edvel de aperfei\u00e7oamento, professores da educa\u00e7\u00e3o p\u00fablica, em\u00a0\u00a0 Atendimento Educacional Especializado, que possibilite a concretiza\u00e7\u00e3o de pol\u00edticas, programas e pr\u00e1ticas que atendam a diversidade dos alunos com Defici\u00eancia Visual. PROGRAMA\u00c7\u00c3O: M\u00d3DULO I \u2013 30 horas Disciplina 1 &#8211; Hist\u00f3ria [&hellip;]","og_url":"https:\/\/wp.ufpel.edu.br\/aeeufpel\/curso-de-aperfeicoamento-em-servico-de-atendimento-educacional-especializado-saee-deficiencia-visual\/","og_site_name":"Forma\u00e7\u00e3o em Servi\u00e7o de Atendimento Educacional Especializado","article_modified_time":"2021-07-23T17:30:29+00:00","og_image":[{"url":"https:\/\/wp.ufpel.edu.br\/aeeufpel\/files\/2020\/07\/banner-logos-ufpel_Prancheta-1-copia-6.jpg","type":"","width":"","height":""}],"twitter_card":"summary_large_image","twitter_misc":{"Est. tempo de leitura":"1 minuto"},"schema":{"@context":"https:\/\/schema.org","@graph":[{"@type":"WebPage","@id":"https:\/\/wp.ufpel.edu.br\/aeeufpel\/curso-de-aperfeicoamento-em-servico-de-atendimento-educacional-especializado-saee-deficiencia-visual\/","url":"https:\/\/wp.ufpel.edu.br\/aeeufpel\/curso-de-aperfeicoamento-em-servico-de-atendimento-educacional-especializado-saee-deficiencia-visual\/","name":"Curso de Aperfei\u00e7oamento em Servi\u00e7o de Atendimento Educacional Especializado (SAEE) - Defici\u00eancia Visual \/ 2020 - Forma\u00e7\u00e3o em Servi\u00e7o de Atendimento Educacional Especializado","isPartOf":{"@id":"https:\/\/wp.ufpel.edu.br\/aeeufpel\/#website"},"primaryImageOfPage":{"@id":"https:\/\/wp.ufpel.edu.br\/aeeufpel\/curso-de-aperfeicoamento-em-servico-de-atendimento-educacional-especializado-saee-deficiencia-visual\/#primaryimage"},"image":{"@id":"https:\/\/wp.ufpel.edu.br\/aeeufpel\/curso-de-aperfeicoamento-em-servico-de-atendimento-educacional-especializado-saee-deficiencia-visual\/#primaryimage"},"thumbnailUrl":"https:\/\/wp.ufpel.edu.br\/aeeufpel\/files\/2020\/07\/banner-logos-ufpel_Prancheta-1-copia-6.jpg","datePublished":"2020-07-15T14:24:19+00:00","dateModified":"2021-07-23T17:30:29+00:00","breadcrumb":{"@id":"https:\/\/wp.ufpel.edu.br\/aeeufpel\/curso-de-aperfeicoamento-em-servico-de-atendimento-educacional-especializado-saee-deficiencia-visual\/#breadcrumb"},"inLanguage":"pt-BR","potentialAction":[{"@type":"ReadAction","target":["https:\/\/wp.ufpel.edu.br\/aeeufpel\/curso-de-aperfeicoamento-em-servico-de-atendimento-educacional-especializado-saee-deficiencia-visual\/"]}]},{"@type":"ImageObject","inLanguage":"pt-BR","@id":"https:\/\/wp.ufpel.edu.br\/aeeufpel\/curso-de-aperfeicoamento-em-servico-de-atendimento-educacional-especializado-saee-deficiencia-visual\/#primaryimage","url":"https:\/\/wp.ufpel.edu.br\/aeeufpel\/files\/2020\/07\/banner-logos-ufpel_Prancheta-1-copia-6.jpg","contentUrl":"https:\/\/wp.ufpel.edu.br\/aeeufpel\/files\/2020\/07\/banner-logos-ufpel_Prancheta-1-copia-6.jpg","width":1772,"height":250},{"@type":"BreadcrumbList","@id":"https:\/\/wp.ufpel.edu.br\/aeeufpel\/curso-de-aperfeicoamento-em-servico-de-atendimento-educacional-especializado-saee-deficiencia-visual\/#breadcrumb","itemListElement":[{"@type":"ListItem","position":1,"name":"In\u00edcio","item":"https:\/\/wp.ufpel.edu.br\/aeeufpel\/"},{"@type":"ListItem","position":2,"name":"Curso de Aperfei\u00e7oamento em Servi\u00e7o de Atendimento Educacional Especializado (SAEE) &#8211; Defici\u00eancia Visual \/ 2020"}]},{"@type":"WebSite","@id":"https:\/\/wp.ufpel.edu.br\/aeeufpel\/#website","url":"https:\/\/wp.ufpel.edu.br\/aeeufpel\/","name":"Forma\u00e7\u00e3o em Servi\u00e7o de Atendimento Educacional Especializado","description":"Universidade Federal de Pelotas - UFPEL","potentialAction":[{"@type":"SearchAction","target":{"@type":"EntryPoint","urlTemplate":"https:\/\/wp.ufpel.edu.br\/aeeufpel\/?s={search_term_string}"},"query-input":{"@type":"PropertyValueSpecification","valueRequired":true,"valueName":"search_term_string"}}],"inLanguage":"pt-BR"}]}},"_links":{"self":[{"href":"https:\/\/wp.ufpel.edu.br\/aeeufpel\/wp-json\/wp\/v2\/pages\/95","targetHints":{"allow":["GET"]}}],"collection":[{"href":"https:\/\/wp.ufpel.edu.br\/aeeufpel\/wp-json\/wp\/v2\/pages"}],"about":[{"href":"https:\/\/wp.ufpel.edu.br\/aeeufpel\/wp-json\/wp\/v2\/types\/page"}],"author":[{"embeddable":true,"href":"https:\/\/wp.ufpel.edu.br\/aeeufpel\/wp-json\/wp\/v2\/users\/1031"}],"replies":[{"embeddable":true,"href":"https:\/\/wp.ufpel.edu.br\/aeeufpel\/wp-json\/wp\/v2\/comments?post=95"}],"version-history":[{"count":10,"href":"https:\/\/wp.ufpel.edu.br\/aeeufpel\/wp-json\/wp\/v2\/pages\/95\/revisions"}],"predecessor-version":[{"id":455,"href":"https:\/\/wp.ufpel.edu.br\/aeeufpel\/wp-json\/wp\/v2\/pages\/95\/revisions\/455"}],"wp:attachment":[{"href":"https:\/\/wp.ufpel.edu.br\/aeeufpel\/wp-json\/wp\/v2\/media?parent=95"}],"curies":[{"name":"wp","href":"https:\/\/api.w.org\/{rel}","templated":true}]}}