{"id":948,"date":"2023-04-25T14:21:21","date_gmt":"2023-04-25T17:21:21","guid":{"rendered":"https:\/\/wp.ufpel.edu.br\/aeeufpel\/?page_id=948"},"modified":"2023-04-25T15:00:24","modified_gmt":"2023-04-25T18:00:24","slug":"aperfeicoamento-em-intervencao-precoce-na-infancia-2023","status":"publish","type":"page","link":"https:\/\/wp.ufpel.edu.br\/aeeufpel\/aperfeicoamento-em-intervencao-precoce-na-infancia-2023\/","title":{"rendered":"Aperfei\u00e7oamento em Interven\u00e7\u00e3o Precoce na Inf\u00e2ncia &#8211; 2023"},"content":{"rendered":"<p><span style=\"font-size: 14pt; font-family: arial, helvetica, sans-serif;\"><img loading=\"lazy\" decoding=\"async\" class=\"size-medium wp-image-954 aligncenter\" src=\"https:\/\/wp.ufpel.edu.br\/aeeufpel\/files\/2023\/04\/logo-intervencao-precoce-400x213.png\" alt=\"\" width=\"400\" height=\"213\" srcset=\"https:\/\/wp.ufpel.edu.br\/aeeufpel\/files\/2023\/04\/logo-intervencao-precoce-400x213.png 400w, https:\/\/wp.ufpel.edu.br\/aeeufpel\/files\/2023\/04\/logo-intervencao-precoce.png 600w\" sizes=\"auto, (max-width: 400px) 100vw, 400px\" \/><\/span><\/p>\n<p><span style=\"font-family: arial, helvetica, sans-serif; font-size: 14pt;\"><strong><span style=\"background-color: #851973; color: #ffffff;\">OBJETIVO:<\/span><\/strong><\/span><\/p>\n<p><span style=\"font-family: arial, helvetica, sans-serif; font-size: 14pt;\"><strong>Proporcionar forma\u00e7\u00e3o em n\u00edvel de aperfei\u00e7oamento no \u00e2mbito da Interven\u00e7\u00e3o Precoce na Inf\u00e2ncia com base na abordagem Centrada na Fam\u00edlia.<\/strong><\/span><\/p>\n<p><span style=\"font-family: arial, helvetica, sans-serif; font-size: 14pt;\"><strong><span style=\"background-color: #851973; color: #ffffff;\">METODOLOGIA:<\/span><\/strong><\/span><\/p>\n<p><span style=\"font-family: arial, helvetica, sans-serif; font-size: 14pt;\"><strong>A forma\u00e7\u00e3o ser\u00e1 oportunizada atrav\u00e9s de atividades \u00e0 dist\u00e2ncia, utilizando a plataforma e-projetos\/UFPEL, envolvendo v\u00eddeoaulas, aulas s\u00edncronas, caderno de estudos, materiais complementares e tutorias.<\/strong><\/span><\/p>\n<p><span style=\"background-color: #851973; color: #ffffff; font-family: arial, helvetica, sans-serif; font-size: 14pt;\"><strong>\u00a0<\/strong><strong>CRONOGRAMA:<\/strong><strong>\u00a0<\/strong><\/span><\/p>\n<table style=\"height: 2152px;\" width=\"699\">\n<thead>\n<tr style=\"height: 104px;\">\n<td style=\"height: 104px;\" width=\"699\">\n<p><span style=\"color: #8f0b65; font-family: arial, helvetica, sans-serif; font-size: 14pt;\"><strong>Abertura do Curso: 02\/06-19 h<\/strong><\/span><\/p>\n<p><span style=\"color: #8f0b65; font-family: arial, helvetica, sans-serif; font-size: 14pt;\"><strong>Semin\u00e1rio de abertura: 03\/06-9h<\/strong><\/span><\/td>\n<\/tr>\n<tr style=\"height: 56px;\">\n<td style=\"height: 56px;\" width=\"699\"><span style=\"font-family: arial, helvetica, sans-serif; font-size: 14pt;\"><strong><span style=\"color: #8f0b65;\">M\u00d3DULO 1:<\/span><br \/>\nInf\u00e2ncia: Pol\u00edticas P\u00fablicas e Ordenamentos Legais<\/strong><\/span><\/td>\n<\/tr>\n<tr style=\"height: 144px;\">\n<td style=\"height: 144px;\" width=\"699\">\n<p><span style=\"font-family: arial, helvetica, sans-serif; font-size: 14pt;\"><strong>Disciplina 1: <\/strong>Educa\u00e7\u00e3o Inclusiva: Pressupostos e Ordenamentos Legais<\/span><\/p>\n<p><span style=\"font-family: arial, helvetica, sans-serif; font-size: 14pt;\">Carga hor\u00e1ria: 10h<\/span><\/td>\n<\/tr>\n<tr style=\"height: 144px;\">\n<td style=\"height: 144px;\" width=\"699\">\n<p><span style=\"font-family: arial, helvetica, sans-serif; font-size: 14pt;\"><strong>Disciplina 2: <\/strong>Marcos legais da Primeira Inf\u00e2ncia<\/span><\/p>\n<p><span style=\"font-family: arial, helvetica, sans-serif; font-size: 14pt;\">Carga hor\u00e1ria: 10h<\/span><\/td>\n<\/tr>\n<tr style=\"height: 56px;\">\n<td style=\"height: 56px;\" width=\"699\"><span style=\"font-family: arial, helvetica, sans-serif; font-size: 14pt;\"><strong><span style=\"color: #8f0b65;\">M\u00d3DULO 2:<\/span><br \/>\nInclus\u00e3o, Educa\u00e7\u00e3o Infantil e Necessidades Espec\u00edficas<\/strong><\/span><\/td>\n<\/tr>\n<tr style=\"height: 132px;\">\n<td style=\"height: 132px;\" width=\"699\">\n<p><span style=\"font-family: arial, helvetica, sans-serif; font-size: 14pt;\"><strong>Disciplina 3: <\/strong>Caracteriza\u00e7\u00f5es Gerais das Defici\u00eancias, Transtornos e Riscos no Desenvolvimento<\/span><\/p>\n<p><span style=\"font-family: arial, helvetica, sans-serif; font-size: 14pt;\">Carga hor\u00e1ria: 20h<\/span><\/td>\n<\/tr>\n<tr style=\"height: 132px;\">\n<td style=\"height: 132px;\" width=\"699\">\n<p><span style=\"font-family: arial, helvetica, sans-serif; font-size: 14pt;\"><strong>Disciplina 4: <\/strong>Desenvolvimento Infantil e sua Import\u00e2ncia para a Compreens\u00e3o do Desenvolvimento da Crian\u00e7a em Risco<\/span><\/p>\n<p><span style=\"font-family: arial, helvetica, sans-serif; font-size: 14pt;\">Carga hor\u00e1ria: 20h<\/span><\/td>\n<\/tr>\n<tr style=\"height: 104px;\">\n<td style=\"height: 104px;\" width=\"699\">\n<p><span style=\"font-family: arial, helvetica, sans-serif; font-size: 14pt;\"><strong>Disciplina 5: <\/strong>Desenho Universal para Aprendizagem (DUA) na Educa\u00e7\u00e3o Infantil<\/span><\/p>\n<p><span style=\"font-family: arial, helvetica, sans-serif; font-size: 14pt;\">Carga hor\u00e1ria: 10h<strong>\u00a0<\/strong><\/span><\/td>\n<\/tr>\n<tr style=\"height: 132px;\">\n<td style=\"height: 132px;\" width=\"699\">\n<p><span style=\"font-family: arial, helvetica, sans-serif; font-size: 14pt;\"><strong>Disciplina 6: <\/strong>Elabora\u00e7\u00e3o de Recursos adaptados para Interven\u00e7\u00e3o Precoce na Inf\u00e2ncia<\/span><\/p>\n<p><span style=\"font-family: arial, helvetica, sans-serif; font-size: 14pt;\">Carga hor\u00e1ria: 10h<\/span><\/td>\n<\/tr>\n<tr style=\"height: 100px;\">\n<td style=\"height: 100px;\" width=\"699\">\n<p><span style=\"font-family: arial, helvetica, sans-serif; font-size: 14pt;\">Aula-b\u00f4nus: Desenvolvimento Cognitivo Infantil<\/span><\/p>\n<p>&nbsp;<\/td>\n<\/tr>\n<tr style=\"height: 56px;\">\n<td style=\"height: 56px;\" width=\"699\"><span style=\"font-family: arial, helvetica, sans-serif; font-size: 14pt;\"><strong><span style=\"color: #8f0b65;\">M\u00d3DULO 3:<\/span><br \/>\nPr\u00e1ticas Recomendadas na Interven\u00e7\u00e3o Precoce na Inf\u00e2ncia <\/strong><\/span><\/td>\n<\/tr>\n<tr style=\"height: 104px;\">\n<td style=\"height: 104px;\" width=\"699\">\n<p><span style=\"font-family: arial, helvetica, sans-serif; font-size: 14pt;\"><strong>Disciplina 7: <\/strong>\u00a0Interven\u00e7\u00e3o Precoce na Inf\u00e2ncia: Colabora\u00e7\u00e3o Intersetorial<\/span><\/p>\n<p><span style=\"font-family: arial, helvetica, sans-serif; font-size: 14pt;\">Carga hor\u00e1ria: 10h<strong>\u00a0<\/strong><\/span><\/td>\n<\/tr>\n<tr style=\"height: 104px;\">\n<td style=\"height: 104px;\" width=\"699\">\n<p><span style=\"font-family: arial, helvetica, sans-serif; font-size: 14pt;\"><strong>Disciplina 8: <\/strong>Interven\u00e7\u00e3o Precoce Centrada na Fam\u00edlia e nos Contextos Naturais<\/span><\/p>\n<p><span style=\"font-family: arial, helvetica, sans-serif; font-size: 14pt;\">Carga hor\u00e1ria: 20h<strong>\u00a0<\/strong><\/span><\/td>\n<\/tr>\n<tr style=\"height: 132px;\">\n<td style=\"height: 132px;\" width=\"699\">\n<p><span style=\"font-family: arial, helvetica, sans-serif; font-size: 14pt;\"><strong>Disciplina 9: <\/strong>Avalia\u00e7\u00e3o da Crian\u00e7a na Interven\u00e7\u00e3o Precoce na Inf\u00e2ncia: Desafios da Avalia\u00e7\u00e3o Aut\u00eantica<\/span><\/p>\n<p><span style=\"font-family: arial, helvetica, sans-serif; font-size: 14pt;\">Carga hor\u00e1ria: 20h<strong>\u00a0<\/strong><\/span><\/td>\n<\/tr>\n<tr style=\"height: 128px;\">\n<td style=\"height: 128px;\" width=\"699\"><span style=\"font-family: arial, helvetica, sans-serif; font-size: 14pt;\"><strong><span style=\"color: #8f0b65;\">M\u00d3DULO 4:<\/span><br \/>\nMonitoriza\u00e7\u00e3o e Planejamentos<\/strong><\/span><\/td>\n<\/tr>\n<tr style=\"height: 104px;\">\n<td style=\"height: 104px;\" width=\"699\">\n<p><span style=\"font-family: arial, helvetica, sans-serif; font-size: 14pt;\"><strong>Disciplina 10: <\/strong>Desenvolvimento do Plano Individual de Interven\u00e7\u00e3o Precoce (PIIP)<\/span><\/p>\n<p><span style=\"font-family: arial, helvetica, sans-serif; font-size: 14pt;\">Carga hor\u00e1ria: 20h<strong>\u00a0<\/strong><\/span><\/td>\n<\/tr>\n<tr style=\"height: 176px;\">\n<td style=\"height: 176px;\" width=\"699\">\n<p><span style=\"font-family: arial, helvetica, sans-serif; font-size: 14pt;\"><strong>Disciplina 11: <\/strong>Monitoramento e avalia\u00e7\u00e3o dos resultados com base no Plano de Interven\u00e7\u00e3o Precoce na Inf\u00e2ncia<\/span><\/p>\n<p><span style=\"font-family: arial, helvetica, sans-serif; font-size: 14pt;\">Carga hor\u00e1ria: 20h<\/span><\/p>\n<p><span style=\"font-family: arial, helvetica, sans-serif; font-size: 14pt;\"><strong>\u00a0<\/strong><\/span><\/td>\n<\/tr>\n<tr style=\"height: 56px;\">\n<td style=\"height: 56px;\" width=\"699\"><span style=\"font-family: arial, helvetica, sans-serif; font-size: 14pt;\"><strong><span style=\"color: #8f0b65;\">M\u00d3DULO 5:<\/span><br \/>\nInterven\u00e7\u00e3o Precoce e a Educa\u00e7\u00e3o Infantil<\/strong><\/span><\/td>\n<\/tr>\n<tr style=\"height: 132px;\">\n<td style=\"height: 132px;\" width=\"699\">\n<p><span style=\"font-family: arial, helvetica, sans-serif; font-size: 14pt;\"><strong>Disciplina 12: <\/strong>Pressupostos\u00a0 da Interven\u00e7\u00e3o Precoce na Inf\u00e2ncia em interface com a Educa\u00e7\u00e3o Infantil e AEE<\/span><\/p>\n<p><span style=\"font-family: arial, helvetica, sans-serif; font-size: 14pt;\">Carga hor\u00e1ria: 10h<strong>\u00a0<\/strong><\/span><\/td>\n<\/tr>\n<tr style=\"height: 56px;\">\n<td style=\"height: 56px;\" width=\"699\"><span style=\"font-family: arial, helvetica, sans-serif; font-size: 14pt;\"><strong><br \/>\n<span style=\"color: #70085d;\">Semin\u00e1rio de Encerramento <\/span><\/strong><span style=\"color: #70085d;\">09\/12<\/span><\/span><\/td>\n<\/tr>\n<\/thead>\n<\/table>\n<p><span style=\"font-family: arial, helvetica, sans-serif; font-size: 14pt;\"><strong>\u00a0<\/strong><\/span><\/p>\n<p><span style=\"font-family: arial, helvetica, sans-serif; font-size: 14pt;\"><strong>\u00a0<\/strong><\/span><\/p>\n","protected":false},"excerpt":{"rendered":"<p>OBJETIVO: Proporcionar forma\u00e7\u00e3o em n\u00edvel de aperfei\u00e7oamento no \u00e2mbito da Interven\u00e7\u00e3o Precoce na Inf\u00e2ncia com base na abordagem Centrada na Fam\u00edlia. METODOLOGIA: A forma\u00e7\u00e3o ser\u00e1 oportunizada atrav\u00e9s de atividades \u00e0 dist\u00e2ncia, utilizando a plataforma e-projetos\/UFPEL, envolvendo v\u00eddeoaulas, aulas s\u00edncronas, caderno de estudos, materiais complementares e tutorias. \u00a0CRONOGRAMA:\u00a0 Abertura do Curso: 02\/06-19 h Semin\u00e1rio de abertura: [&hellip;]<\/p>\n","protected":false},"author":1031,"featured_media":0,"parent":0,"menu_order":0,"comment_status":"closed","ping_status":"closed","template":"","meta":{"footnotes":""},"class_list":["post-948","page","type-page","status-publish","hentry","post"],"yoast_head":"<!-- This site is optimized with the Yoast SEO plugin v26.7 - https:\/\/yoast.com\/wordpress\/plugins\/seo\/ -->\n<title>Aperfei\u00e7oamento em Interven\u00e7\u00e3o Precoce na Inf\u00e2ncia - 2023 - Forma\u00e7\u00e3o em Servi\u00e7o de Atendimento Educacional Especializado<\/title>\n<meta name=\"robots\" content=\"index, follow, max-snippet:-1, max-image-preview:large, max-video-preview:-1\" \/>\n<link rel=\"canonical\" href=\"https:\/\/wp.ufpel.edu.br\/aeeufpel\/aperfeicoamento-em-intervencao-precoce-na-infancia-2023\/\" \/>\n<meta property=\"og:locale\" content=\"pt_BR\" \/>\n<meta property=\"og:type\" content=\"article\" \/>\n<meta property=\"og:title\" content=\"Aperfei\u00e7oamento em Interven\u00e7\u00e3o Precoce na Inf\u00e2ncia - 2023 - Forma\u00e7\u00e3o em Servi\u00e7o de Atendimento Educacional Especializado\" \/>\n<meta property=\"og:description\" content=\"OBJETIVO: Proporcionar forma\u00e7\u00e3o em n\u00edvel de aperfei\u00e7oamento no \u00e2mbito da Interven\u00e7\u00e3o Precoce na Inf\u00e2ncia com base na abordagem Centrada na Fam\u00edlia. METODOLOGIA: A forma\u00e7\u00e3o ser\u00e1 oportunizada atrav\u00e9s de atividades \u00e0 dist\u00e2ncia, utilizando a plataforma e-projetos\/UFPEL, envolvendo v\u00eddeoaulas, aulas s\u00edncronas, caderno de estudos, materiais complementares e tutorias. \u00a0CRONOGRAMA:\u00a0 Abertura do Curso: 02\/06-19 h Semin\u00e1rio de abertura: [&hellip;]\" \/>\n<meta property=\"og:url\" content=\"https:\/\/wp.ufpel.edu.br\/aeeufpel\/aperfeicoamento-em-intervencao-precoce-na-infancia-2023\/\" \/>\n<meta property=\"og:site_name\" content=\"Forma\u00e7\u00e3o em Servi\u00e7o de Atendimento Educacional Especializado\" \/>\n<meta property=\"article:modified_time\" content=\"2023-04-25T18:00:24+00:00\" \/>\n<meta property=\"og:image\" content=\"https:\/\/wp.ufpel.edu.br\/aeeufpel\/files\/2023\/04\/logo-intervencao-precoce-400x213.png\" \/>\n<meta name=\"twitter:card\" content=\"summary_large_image\" \/>\n<meta name=\"twitter:label1\" content=\"Est. tempo de leitura\" \/>\n\t<meta name=\"twitter:data1\" content=\"2 minutos\" \/>\n<script type=\"application\/ld+json\" class=\"yoast-schema-graph\">{\"@context\":\"https:\/\/schema.org\",\"@graph\":[{\"@type\":\"WebPage\",\"@id\":\"https:\/\/wp.ufpel.edu.br\/aeeufpel\/aperfeicoamento-em-intervencao-precoce-na-infancia-2023\/\",\"url\":\"https:\/\/wp.ufpel.edu.br\/aeeufpel\/aperfeicoamento-em-intervencao-precoce-na-infancia-2023\/\",\"name\":\"Aperfei\u00e7oamento em Interven\u00e7\u00e3o Precoce na Inf\u00e2ncia - 2023 - Forma\u00e7\u00e3o em Servi\u00e7o de Atendimento Educacional Especializado\",\"isPartOf\":{\"@id\":\"https:\/\/wp.ufpel.edu.br\/aeeufpel\/#website\"},\"primaryImageOfPage\":{\"@id\":\"https:\/\/wp.ufpel.edu.br\/aeeufpel\/aperfeicoamento-em-intervencao-precoce-na-infancia-2023\/#primaryimage\"},\"image\":{\"@id\":\"https:\/\/wp.ufpel.edu.br\/aeeufpel\/aperfeicoamento-em-intervencao-precoce-na-infancia-2023\/#primaryimage\"},\"thumbnailUrl\":\"https:\/\/wp.ufpel.edu.br\/aeeufpel\/files\/2023\/04\/logo-intervencao-precoce-400x213.png\",\"datePublished\":\"2023-04-25T17:21:21+00:00\",\"dateModified\":\"2023-04-25T18:00:24+00:00\",\"breadcrumb\":{\"@id\":\"https:\/\/wp.ufpel.edu.br\/aeeufpel\/aperfeicoamento-em-intervencao-precoce-na-infancia-2023\/#breadcrumb\"},\"inLanguage\":\"pt-BR\",\"potentialAction\":[{\"@type\":\"ReadAction\",\"target\":[\"https:\/\/wp.ufpel.edu.br\/aeeufpel\/aperfeicoamento-em-intervencao-precoce-na-infancia-2023\/\"]}]},{\"@type\":\"ImageObject\",\"inLanguage\":\"pt-BR\",\"@id\":\"https:\/\/wp.ufpel.edu.br\/aeeufpel\/aperfeicoamento-em-intervencao-precoce-na-infancia-2023\/#primaryimage\",\"url\":\"https:\/\/wp.ufpel.edu.br\/aeeufpel\/files\/2023\/04\/logo-intervencao-precoce.png\",\"contentUrl\":\"https:\/\/wp.ufpel.edu.br\/aeeufpel\/files\/2023\/04\/logo-intervencao-precoce.png\",\"width\":600,\"height\":320},{\"@type\":\"BreadcrumbList\",\"@id\":\"https:\/\/wp.ufpel.edu.br\/aeeufpel\/aperfeicoamento-em-intervencao-precoce-na-infancia-2023\/#breadcrumb\",\"itemListElement\":[{\"@type\":\"ListItem\",\"position\":1,\"name\":\"In\u00edcio\",\"item\":\"https:\/\/wp.ufpel.edu.br\/aeeufpel\/\"},{\"@type\":\"ListItem\",\"position\":2,\"name\":\"Aperfei\u00e7oamento em Interven\u00e7\u00e3o Precoce na Inf\u00e2ncia &#8211; 2023\"}]},{\"@type\":\"WebSite\",\"@id\":\"https:\/\/wp.ufpel.edu.br\/aeeufpel\/#website\",\"url\":\"https:\/\/wp.ufpel.edu.br\/aeeufpel\/\",\"name\":\"Forma\u00e7\u00e3o em Servi\u00e7o de Atendimento Educacional Especializado\",\"description\":\"Universidade Federal de Pelotas - UFPEL\",\"potentialAction\":[{\"@type\":\"SearchAction\",\"target\":{\"@type\":\"EntryPoint\",\"urlTemplate\":\"https:\/\/wp.ufpel.edu.br\/aeeufpel\/?s={search_term_string}\"},\"query-input\":{\"@type\":\"PropertyValueSpecification\",\"valueRequired\":true,\"valueName\":\"search_term_string\"}}],\"inLanguage\":\"pt-BR\"}]}<\/script>\n<!-- \/ Yoast SEO plugin. -->","yoast_head_json":{"title":"Aperfei\u00e7oamento em Interven\u00e7\u00e3o Precoce na Inf\u00e2ncia - 2023 - Forma\u00e7\u00e3o em Servi\u00e7o de Atendimento Educacional Especializado","robots":{"index":"index","follow":"follow","max-snippet":"max-snippet:-1","max-image-preview":"max-image-preview:large","max-video-preview":"max-video-preview:-1"},"canonical":"https:\/\/wp.ufpel.edu.br\/aeeufpel\/aperfeicoamento-em-intervencao-precoce-na-infancia-2023\/","og_locale":"pt_BR","og_type":"article","og_title":"Aperfei\u00e7oamento em Interven\u00e7\u00e3o Precoce na Inf\u00e2ncia - 2023 - Forma\u00e7\u00e3o em Servi\u00e7o de Atendimento Educacional Especializado","og_description":"OBJETIVO: Proporcionar forma\u00e7\u00e3o em n\u00edvel de aperfei\u00e7oamento no \u00e2mbito da Interven\u00e7\u00e3o Precoce na Inf\u00e2ncia com base na abordagem Centrada na Fam\u00edlia. METODOLOGIA: A forma\u00e7\u00e3o ser\u00e1 oportunizada atrav\u00e9s de atividades \u00e0 dist\u00e2ncia, utilizando a plataforma e-projetos\/UFPEL, envolvendo v\u00eddeoaulas, aulas s\u00edncronas, caderno de estudos, materiais complementares e tutorias. \u00a0CRONOGRAMA:\u00a0 Abertura do Curso: 02\/06-19 h Semin\u00e1rio de abertura: [&hellip;]","og_url":"https:\/\/wp.ufpel.edu.br\/aeeufpel\/aperfeicoamento-em-intervencao-precoce-na-infancia-2023\/","og_site_name":"Forma\u00e7\u00e3o em Servi\u00e7o de Atendimento Educacional Especializado","article_modified_time":"2023-04-25T18:00:24+00:00","og_image":[{"url":"https:\/\/wp.ufpel.edu.br\/aeeufpel\/files\/2023\/04\/logo-intervencao-precoce-400x213.png","type":"","width":"","height":""}],"twitter_card":"summary_large_image","twitter_misc":{"Est. tempo de leitura":"2 minutos"},"schema":{"@context":"https:\/\/schema.org","@graph":[{"@type":"WebPage","@id":"https:\/\/wp.ufpel.edu.br\/aeeufpel\/aperfeicoamento-em-intervencao-precoce-na-infancia-2023\/","url":"https:\/\/wp.ufpel.edu.br\/aeeufpel\/aperfeicoamento-em-intervencao-precoce-na-infancia-2023\/","name":"Aperfei\u00e7oamento em Interven\u00e7\u00e3o Precoce na Inf\u00e2ncia - 2023 - Forma\u00e7\u00e3o em Servi\u00e7o de Atendimento Educacional Especializado","isPartOf":{"@id":"https:\/\/wp.ufpel.edu.br\/aeeufpel\/#website"},"primaryImageOfPage":{"@id":"https:\/\/wp.ufpel.edu.br\/aeeufpel\/aperfeicoamento-em-intervencao-precoce-na-infancia-2023\/#primaryimage"},"image":{"@id":"https:\/\/wp.ufpel.edu.br\/aeeufpel\/aperfeicoamento-em-intervencao-precoce-na-infancia-2023\/#primaryimage"},"thumbnailUrl":"https:\/\/wp.ufpel.edu.br\/aeeufpel\/files\/2023\/04\/logo-intervencao-precoce-400x213.png","datePublished":"2023-04-25T17:21:21+00:00","dateModified":"2023-04-25T18:00:24+00:00","breadcrumb":{"@id":"https:\/\/wp.ufpel.edu.br\/aeeufpel\/aperfeicoamento-em-intervencao-precoce-na-infancia-2023\/#breadcrumb"},"inLanguage":"pt-BR","potentialAction":[{"@type":"ReadAction","target":["https:\/\/wp.ufpel.edu.br\/aeeufpel\/aperfeicoamento-em-intervencao-precoce-na-infancia-2023\/"]}]},{"@type":"ImageObject","inLanguage":"pt-BR","@id":"https:\/\/wp.ufpel.edu.br\/aeeufpel\/aperfeicoamento-em-intervencao-precoce-na-infancia-2023\/#primaryimage","url":"https:\/\/wp.ufpel.edu.br\/aeeufpel\/files\/2023\/04\/logo-intervencao-precoce.png","contentUrl":"https:\/\/wp.ufpel.edu.br\/aeeufpel\/files\/2023\/04\/logo-intervencao-precoce.png","width":600,"height":320},{"@type":"BreadcrumbList","@id":"https:\/\/wp.ufpel.edu.br\/aeeufpel\/aperfeicoamento-em-intervencao-precoce-na-infancia-2023\/#breadcrumb","itemListElement":[{"@type":"ListItem","position":1,"name":"In\u00edcio","item":"https:\/\/wp.ufpel.edu.br\/aeeufpel\/"},{"@type":"ListItem","position":2,"name":"Aperfei\u00e7oamento em Interven\u00e7\u00e3o Precoce na Inf\u00e2ncia &#8211; 2023"}]},{"@type":"WebSite","@id":"https:\/\/wp.ufpel.edu.br\/aeeufpel\/#website","url":"https:\/\/wp.ufpel.edu.br\/aeeufpel\/","name":"Forma\u00e7\u00e3o em Servi\u00e7o de Atendimento Educacional Especializado","description":"Universidade Federal de Pelotas - UFPEL","potentialAction":[{"@type":"SearchAction","target":{"@type":"EntryPoint","urlTemplate":"https:\/\/wp.ufpel.edu.br\/aeeufpel\/?s={search_term_string}"},"query-input":{"@type":"PropertyValueSpecification","valueRequired":true,"valueName":"search_term_string"}}],"inLanguage":"pt-BR"}]}},"_links":{"self":[{"href":"https:\/\/wp.ufpel.edu.br\/aeeufpel\/wp-json\/wp\/v2\/pages\/948","targetHints":{"allow":["GET"]}}],"collection":[{"href":"https:\/\/wp.ufpel.edu.br\/aeeufpel\/wp-json\/wp\/v2\/pages"}],"about":[{"href":"https:\/\/wp.ufpel.edu.br\/aeeufpel\/wp-json\/wp\/v2\/types\/page"}],"author":[{"embeddable":true,"href":"https:\/\/wp.ufpel.edu.br\/aeeufpel\/wp-json\/wp\/v2\/users\/1031"}],"replies":[{"embeddable":true,"href":"https:\/\/wp.ufpel.edu.br\/aeeufpel\/wp-json\/wp\/v2\/comments?post=948"}],"version-history":[{"count":16,"href":"https:\/\/wp.ufpel.edu.br\/aeeufpel\/wp-json\/wp\/v2\/pages\/948\/revisions"}],"predecessor-version":[{"id":980,"href":"https:\/\/wp.ufpel.edu.br\/aeeufpel\/wp-json\/wp\/v2\/pages\/948\/revisions\/980"}],"wp:attachment":[{"href":"https:\/\/wp.ufpel.edu.br\/aeeufpel\/wp-json\/wp\/v2\/media?parent=948"}],"curies":[{"name":"wp","href":"https:\/\/api.w.org\/{rel}","templated":true}]}}