{"id":943,"date":"2023-04-13T11:37:08","date_gmt":"2023-04-13T14:37:08","guid":{"rendered":"https:\/\/wp.ufpel.edu.br\/aeeufpel\/?page_id=943"},"modified":"2023-08-04T20:41:20","modified_gmt":"2023-08-04T23:41:20","slug":"2023-2","status":"publish","type":"page","link":"https:\/\/wp.ufpel.edu.br\/aeeufpel\/2023-2\/","title":{"rendered":"2023"},"content":{"rendered":"<p><a href=\"https:\/\/wp.ufpel.edu.br\/aeeufpel\/aperfeicoamento-em-intervencao-precoce-na-infancia-2023\/\"><img loading=\"lazy\" decoding=\"async\" class=\"alignnone wp-image-1063 size-full\" src=\"https:\/\/wp.ufpel.edu.br\/aeeufpel\/files\/2023\/07\/0118_2023_ufpel_banners-site_marcas_1000x600px_junho_Prancheta-1.jpg\" alt=\"\" width=\"1000\" height=\"300\" srcset=\"https:\/\/wp.ufpel.edu.br\/aeeufpel\/files\/2023\/07\/0118_2023_ufpel_banners-site_marcas_1000x600px_junho_Prancheta-1.jpg 1000w, https:\/\/wp.ufpel.edu.br\/aeeufpel\/files\/2023\/07\/0118_2023_ufpel_banners-site_marcas_1000x600px_junho_Prancheta-1-400x120.jpg 400w, https:\/\/wp.ufpel.edu.br\/aeeufpel\/files\/2023\/07\/0118_2023_ufpel_banners-site_marcas_1000x600px_junho_Prancheta-1-768x230.jpg 768w\" sizes=\"auto, (max-width: 1000px) 100vw, 1000px\" \/><\/a><\/p>\n<p><a href=\"https:\/\/wp.ufpel.edu.br\/aeeufpel\/curso-de-aperfeicoamento-em-educacao-inclusiva-para-alunos-com-transtorno-do-espectro-autista-2023\/\"><img loading=\"lazy\" decoding=\"async\" class=\"alignnone wp-image-1065 size-full\" src=\"https:\/\/wp.ufpel.edu.br\/aeeufpel\/files\/2023\/07\/0118_2023_ufpel_banners-site_marcas_1000x600px_junho_Prancheta-1-copia-2.jpg\" alt=\"\" width=\"1000\" height=\"300\" srcset=\"https:\/\/wp.ufpel.edu.br\/aeeufpel\/files\/2023\/07\/0118_2023_ufpel_banners-site_marcas_1000x600px_junho_Prancheta-1-copia-2.jpg 1000w, https:\/\/wp.ufpel.edu.br\/aeeufpel\/files\/2023\/07\/0118_2023_ufpel_banners-site_marcas_1000x600px_junho_Prancheta-1-copia-2-400x120.jpg 400w, https:\/\/wp.ufpel.edu.br\/aeeufpel\/files\/2023\/07\/0118_2023_ufpel_banners-site_marcas_1000x600px_junho_Prancheta-1-copia-2-768x230.jpg 768w\" sizes=\"auto, (max-width: 1000px) 100vw, 1000px\" \/><\/a><\/p>\n<p><a href=\"https:\/\/wp.ufpel.edu.br\/aeeufpel\/curso-de-aperfeicoamento-em-gestao-da-educacao-especial-na-perspectiva-inclusiva-2023\/\"><img loading=\"lazy\" decoding=\"async\" class=\"alignnone wp-image-1066 size-full\" src=\"https:\/\/wp.ufpel.edu.br\/aeeufpel\/files\/2023\/07\/0118_2023_ufpel_banners-site_marcas_1000x600px_junho_Prancheta-1-copia-3.jpg\" alt=\"\" width=\"1000\" height=\"300\" srcset=\"https:\/\/wp.ufpel.edu.br\/aeeufpel\/files\/2023\/07\/0118_2023_ufpel_banners-site_marcas_1000x600px_junho_Prancheta-1-copia-3.jpg 1000w, https:\/\/wp.ufpel.edu.br\/aeeufpel\/files\/2023\/07\/0118_2023_ufpel_banners-site_marcas_1000x600px_junho_Prancheta-1-copia-3-400x120.jpg 400w, https:\/\/wp.ufpel.edu.br\/aeeufpel\/files\/2023\/07\/0118_2023_ufpel_banners-site_marcas_1000x600px_junho_Prancheta-1-copia-3-768x230.jpg 768w\" sizes=\"auto, (max-width: 1000px) 100vw, 1000px\" \/><\/a><\/p>\n<p><a href=\"https:\/\/wp.ufpel.edu.br\/aeeufpel\/curso-de-aperfeicoamento-em-tecnologias-para-a-mediacao-da-aprendizagem-no-contexto-da-educacao-inclusiva-2023\/\"><img loading=\"lazy\" decoding=\"async\" class=\"alignnone wp-image-1067 size-full\" src=\"https:\/\/wp.ufpel.edu.br\/aeeufpel\/files\/2023\/07\/0118_2023_ufpel_banners-site_marcas_1000x600px_junho_Prancheta-1-copia-5.jpg\" alt=\"\" width=\"1000\" height=\"300\" srcset=\"https:\/\/wp.ufpel.edu.br\/aeeufpel\/files\/2023\/07\/0118_2023_ufpel_banners-site_marcas_1000x600px_junho_Prancheta-1-copia-5.jpg 1000w, https:\/\/wp.ufpel.edu.br\/aeeufpel\/files\/2023\/07\/0118_2023_ufpel_banners-site_marcas_1000x600px_junho_Prancheta-1-copia-5-400x120.jpg 400w, https:\/\/wp.ufpel.edu.br\/aeeufpel\/files\/2023\/07\/0118_2023_ufpel_banners-site_marcas_1000x600px_junho_Prancheta-1-copia-5-768x230.jpg 768w\" sizes=\"auto, (max-width: 1000px) 100vw, 1000px\" \/><\/a><\/p>\n<p><a href=\"https:\/\/wp.ufpel.edu.br\/aeeufpel\/curso-de-extensao-em-praticas-e-estrategias-pedagogicas-de-ensino-e-aprendizagem-para-o-atendimento-educacional-especializado-em-ambiente-hospitalar-e-domiciliar-2023\/\"><img loading=\"lazy\" decoding=\"async\" class=\"alignnone wp-image-1110 size-full\" src=\"https:\/\/wp.ufpel.edu.br\/aeeufpel\/files\/2023\/08\/0118_2023_ufpel_banners-site_marcas_1000x600px_junho_Prancheta-1-copia.jpg\" alt=\"\" width=\"1000\" height=\"300\" srcset=\"https:\/\/wp.ufpel.edu.br\/aeeufpel\/files\/2023\/08\/0118_2023_ufpel_banners-site_marcas_1000x600px_junho_Prancheta-1-copia.jpg 1000w, https:\/\/wp.ufpel.edu.br\/aeeufpel\/files\/2023\/08\/0118_2023_ufpel_banners-site_marcas_1000x600px_junho_Prancheta-1-copia-400x120.jpg 400w, https:\/\/wp.ufpel.edu.br\/aeeufpel\/files\/2023\/08\/0118_2023_ufpel_banners-site_marcas_1000x600px_junho_Prancheta-1-copia-768x230.jpg 768w\" sizes=\"auto, (max-width: 1000px) 100vw, 1000px\" \/><\/a><\/p>\n<p><a href=\"https:\/\/wp.ufpel.edu.br\/aeeufpel\/curso-de-extensao-em-praticas-pedagogicas-inclusivas-na-perspectiva-do-desenho-universal-para-a-aprendizagem-2023\/\"><img loading=\"lazy\" decoding=\"async\" class=\"alignnone wp-image-1111 size-full\" src=\"https:\/\/wp.ufpel.edu.br\/aeeufpel\/files\/2023\/08\/0118_2023_ufpel_banners-site_marcas_1000x600px_junho_Prancheta-1-copia-4.jpg\" alt=\"\" width=\"1000\" height=\"300\" srcset=\"https:\/\/wp.ufpel.edu.br\/aeeufpel\/files\/2023\/08\/0118_2023_ufpel_banners-site_marcas_1000x600px_junho_Prancheta-1-copia-4.jpg 1000w, https:\/\/wp.ufpel.edu.br\/aeeufpel\/files\/2023\/08\/0118_2023_ufpel_banners-site_marcas_1000x600px_junho_Prancheta-1-copia-4-400x120.jpg 400w, https:\/\/wp.ufpel.edu.br\/aeeufpel\/files\/2023\/08\/0118_2023_ufpel_banners-site_marcas_1000x600px_junho_Prancheta-1-copia-4-768x230.jpg 768w\" sizes=\"auto, (max-width: 1000px) 100vw, 1000px\" \/><\/a><\/p>\n","protected":false},"excerpt":{"rendered":"","protected":false},"author":1031,"featured_media":0,"parent":0,"menu_order":0,"comment_status":"closed","ping_status":"closed","template":"","meta":{"footnotes":""},"class_list":["post-943","page","type-page","status-publish","hentry","post"],"yoast_head":"<!-- This site is optimized with the Yoast SEO plugin v26.7 - https:\/\/yoast.com\/wordpress\/plugins\/seo\/ -->\n<title>2023 - Forma\u00e7\u00e3o em Servi\u00e7o de Atendimento Educacional Especializado<\/title>\n<meta name=\"robots\" content=\"index, follow, max-snippet:-1, max-image-preview:large, max-video-preview:-1\" \/>\n<link rel=\"canonical\" href=\"https:\/\/wp.ufpel.edu.br\/aeeufpel\/2023-2\/\" \/>\n<meta property=\"og:locale\" content=\"pt_BR\" \/>\n<meta property=\"og:type\" content=\"article\" \/>\n<meta property=\"og:title\" content=\"2023 - Forma\u00e7\u00e3o em Servi\u00e7o de Atendimento Educacional Especializado\" \/>\n<meta property=\"og:url\" content=\"https:\/\/wp.ufpel.edu.br\/aeeufpel\/2023-2\/\" \/>\n<meta property=\"og:site_name\" content=\"Forma\u00e7\u00e3o em Servi\u00e7o de Atendimento Educacional Especializado\" \/>\n<meta property=\"article:modified_time\" content=\"2023-08-04T23:41:20+00:00\" \/>\n<meta property=\"og:image\" content=\"https:\/\/wp.ufpel.edu.br\/aeeufpel\/files\/2023\/07\/0118_2023_ufpel_banners-site_marcas_1000x600px_junho_Prancheta-1.jpg\" \/>\n<meta name=\"twitter:card\" content=\"summary_large_image\" \/>\n<meta name=\"twitter:label1\" content=\"Est. tempo de leitura\" \/>\n\t<meta name=\"twitter:data1\" content=\"2 minutos\" \/>\n<script type=\"application\/ld+json\" class=\"yoast-schema-graph\">{\"@context\":\"https:\/\/schema.org\",\"@graph\":[{\"@type\":\"WebPage\",\"@id\":\"https:\/\/wp.ufpel.edu.br\/aeeufpel\/2023-2\/\",\"url\":\"https:\/\/wp.ufpel.edu.br\/aeeufpel\/2023-2\/\",\"name\":\"2023 - Forma\u00e7\u00e3o em Servi\u00e7o de Atendimento Educacional Especializado\",\"isPartOf\":{\"@id\":\"https:\/\/wp.ufpel.edu.br\/aeeufpel\/#website\"},\"primaryImageOfPage\":{\"@id\":\"https:\/\/wp.ufpel.edu.br\/aeeufpel\/2023-2\/#primaryimage\"},\"image\":{\"@id\":\"https:\/\/wp.ufpel.edu.br\/aeeufpel\/2023-2\/#primaryimage\"},\"thumbnailUrl\":\"https:\/\/wp.ufpel.edu.br\/aeeufpel\/files\/2023\/07\/0118_2023_ufpel_banners-site_marcas_1000x600px_junho_Prancheta-1.jpg\",\"datePublished\":\"2023-04-13T14:37:08+00:00\",\"dateModified\":\"2023-08-04T23:41:20+00:00\",\"breadcrumb\":{\"@id\":\"https:\/\/wp.ufpel.edu.br\/aeeufpel\/2023-2\/#breadcrumb\"},\"inLanguage\":\"pt-BR\",\"potentialAction\":[{\"@type\":\"ReadAction\",\"target\":[\"https:\/\/wp.ufpel.edu.br\/aeeufpel\/2023-2\/\"]}]},{\"@type\":\"ImageObject\",\"inLanguage\":\"pt-BR\",\"@id\":\"https:\/\/wp.ufpel.edu.br\/aeeufpel\/2023-2\/#primaryimage\",\"url\":\"https:\/\/wp.ufpel.edu.br\/aeeufpel\/files\/2023\/07\/0118_2023_ufpel_banners-site_marcas_1000x600px_junho_Prancheta-1.jpg\",\"contentUrl\":\"https:\/\/wp.ufpel.edu.br\/aeeufpel\/files\/2023\/07\/0118_2023_ufpel_banners-site_marcas_1000x600px_junho_Prancheta-1.jpg\",\"width\":1000,\"height\":300},{\"@type\":\"BreadcrumbList\",\"@id\":\"https:\/\/wp.ufpel.edu.br\/aeeufpel\/2023-2\/#breadcrumb\",\"itemListElement\":[{\"@type\":\"ListItem\",\"position\":1,\"name\":\"In\u00edcio\",\"item\":\"https:\/\/wp.ufpel.edu.br\/aeeufpel\/\"},{\"@type\":\"ListItem\",\"position\":2,\"name\":\"2023\"}]},{\"@type\":\"WebSite\",\"@id\":\"https:\/\/wp.ufpel.edu.br\/aeeufpel\/#website\",\"url\":\"https:\/\/wp.ufpel.edu.br\/aeeufpel\/\",\"name\":\"Forma\u00e7\u00e3o em Servi\u00e7o de Atendimento Educacional Especializado\",\"description\":\"Universidade Federal de Pelotas - UFPEL\",\"potentialAction\":[{\"@type\":\"SearchAction\",\"target\":{\"@type\":\"EntryPoint\",\"urlTemplate\":\"https:\/\/wp.ufpel.edu.br\/aeeufpel\/?s={search_term_string}\"},\"query-input\":{\"@type\":\"PropertyValueSpecification\",\"valueRequired\":true,\"valueName\":\"search_term_string\"}}],\"inLanguage\":\"pt-BR\"}]}<\/script>\n<!-- \/ Yoast SEO plugin. -->","yoast_head_json":{"title":"2023 - Forma\u00e7\u00e3o em Servi\u00e7o de Atendimento Educacional Especializado","robots":{"index":"index","follow":"follow","max-snippet":"max-snippet:-1","max-image-preview":"max-image-preview:large","max-video-preview":"max-video-preview:-1"},"canonical":"https:\/\/wp.ufpel.edu.br\/aeeufpel\/2023-2\/","og_locale":"pt_BR","og_type":"article","og_title":"2023 - Forma\u00e7\u00e3o em Servi\u00e7o de Atendimento Educacional Especializado","og_url":"https:\/\/wp.ufpel.edu.br\/aeeufpel\/2023-2\/","og_site_name":"Forma\u00e7\u00e3o em Servi\u00e7o de Atendimento Educacional Especializado","article_modified_time":"2023-08-04T23:41:20+00:00","og_image":[{"url":"https:\/\/wp.ufpel.edu.br\/aeeufpel\/files\/2023\/07\/0118_2023_ufpel_banners-site_marcas_1000x600px_junho_Prancheta-1.jpg","type":"","width":"","height":""}],"twitter_card":"summary_large_image","twitter_misc":{"Est. tempo de leitura":"2 minutos"},"schema":{"@context":"https:\/\/schema.org","@graph":[{"@type":"WebPage","@id":"https:\/\/wp.ufpel.edu.br\/aeeufpel\/2023-2\/","url":"https:\/\/wp.ufpel.edu.br\/aeeufpel\/2023-2\/","name":"2023 - Forma\u00e7\u00e3o em Servi\u00e7o de Atendimento Educacional Especializado","isPartOf":{"@id":"https:\/\/wp.ufpel.edu.br\/aeeufpel\/#website"},"primaryImageOfPage":{"@id":"https:\/\/wp.ufpel.edu.br\/aeeufpel\/2023-2\/#primaryimage"},"image":{"@id":"https:\/\/wp.ufpel.edu.br\/aeeufpel\/2023-2\/#primaryimage"},"thumbnailUrl":"https:\/\/wp.ufpel.edu.br\/aeeufpel\/files\/2023\/07\/0118_2023_ufpel_banners-site_marcas_1000x600px_junho_Prancheta-1.jpg","datePublished":"2023-04-13T14:37:08+00:00","dateModified":"2023-08-04T23:41:20+00:00","breadcrumb":{"@id":"https:\/\/wp.ufpel.edu.br\/aeeufpel\/2023-2\/#breadcrumb"},"inLanguage":"pt-BR","potentialAction":[{"@type":"ReadAction","target":["https:\/\/wp.ufpel.edu.br\/aeeufpel\/2023-2\/"]}]},{"@type":"ImageObject","inLanguage":"pt-BR","@id":"https:\/\/wp.ufpel.edu.br\/aeeufpel\/2023-2\/#primaryimage","url":"https:\/\/wp.ufpel.edu.br\/aeeufpel\/files\/2023\/07\/0118_2023_ufpel_banners-site_marcas_1000x600px_junho_Prancheta-1.jpg","contentUrl":"https:\/\/wp.ufpel.edu.br\/aeeufpel\/files\/2023\/07\/0118_2023_ufpel_banners-site_marcas_1000x600px_junho_Prancheta-1.jpg","width":1000,"height":300},{"@type":"BreadcrumbList","@id":"https:\/\/wp.ufpel.edu.br\/aeeufpel\/2023-2\/#breadcrumb","itemListElement":[{"@type":"ListItem","position":1,"name":"In\u00edcio","item":"https:\/\/wp.ufpel.edu.br\/aeeufpel\/"},{"@type":"ListItem","position":2,"name":"2023"}]},{"@type":"WebSite","@id":"https:\/\/wp.ufpel.edu.br\/aeeufpel\/#website","url":"https:\/\/wp.ufpel.edu.br\/aeeufpel\/","name":"Forma\u00e7\u00e3o em Servi\u00e7o de Atendimento Educacional Especializado","description":"Universidade Federal de Pelotas - UFPEL","potentialAction":[{"@type":"SearchAction","target":{"@type":"EntryPoint","urlTemplate":"https:\/\/wp.ufpel.edu.br\/aeeufpel\/?s={search_term_string}"},"query-input":{"@type":"PropertyValueSpecification","valueRequired":true,"valueName":"search_term_string"}}],"inLanguage":"pt-BR"}]}},"_links":{"self":[{"href":"https:\/\/wp.ufpel.edu.br\/aeeufpel\/wp-json\/wp\/v2\/pages\/943","targetHints":{"allow":["GET"]}}],"collection":[{"href":"https:\/\/wp.ufpel.edu.br\/aeeufpel\/wp-json\/wp\/v2\/pages"}],"about":[{"href":"https:\/\/wp.ufpel.edu.br\/aeeufpel\/wp-json\/wp\/v2\/types\/page"}],"author":[{"embeddable":true,"href":"https:\/\/wp.ufpel.edu.br\/aeeufpel\/wp-json\/wp\/v2\/users\/1031"}],"replies":[{"embeddable":true,"href":"https:\/\/wp.ufpel.edu.br\/aeeufpel\/wp-json\/wp\/v2\/comments?post=943"}],"version-history":[{"count":8,"href":"https:\/\/wp.ufpel.edu.br\/aeeufpel\/wp-json\/wp\/v2\/pages\/943\/revisions"}],"predecessor-version":[{"id":1112,"href":"https:\/\/wp.ufpel.edu.br\/aeeufpel\/wp-json\/wp\/v2\/pages\/943\/revisions\/1112"}],"wp:attachment":[{"href":"https:\/\/wp.ufpel.edu.br\/aeeufpel\/wp-json\/wp\/v2\/media?parent=943"}],"curies":[{"name":"wp","href":"https:\/\/api.w.org\/{rel}","templated":true}]}}