{"id":86,"date":"2020-07-15T11:23:31","date_gmt":"2020-07-15T14:23:31","guid":{"rendered":"https:\/\/wp.ufpel.edu.br\/aeeufpel\/?page_id=86"},"modified":"2021-07-23T14:30:38","modified_gmt":"2021-07-23T17:30:38","slug":"curso-de-especializacao-em-servico-de-atendimento-educacional-especializado-saee","status":"publish","type":"page","link":"https:\/\/wp.ufpel.edu.br\/aeeufpel\/curso-de-especializacao-em-servico-de-atendimento-educacional-especializado-saee\/","title":{"rendered":"Curso de Especializa\u00e7\u00e3o em Servi\u00e7o de Atendimento Educacional Especializado (SAEE) \/ 2020"},"content":{"rendered":"<h3><img loading=\"lazy\" decoding=\"async\" class=\"alignnone wp-image-154 size-full\" src=\"https:\/\/wp.ufpel.edu.br\/aeeufpel\/files\/2020\/07\/banner-logos-ufpel_Prancheta-1-copia-3.jpg\" alt=\"\" width=\"1772\" height=\"250\" srcset=\"https:\/\/wp.ufpel.edu.br\/aeeufpel\/files\/2020\/07\/banner-logos-ufpel_Prancheta-1-copia-3.jpg 1772w, https:\/\/wp.ufpel.edu.br\/aeeufpel\/files\/2020\/07\/banner-logos-ufpel_Prancheta-1-copia-3-400x56.jpg 400w, https:\/\/wp.ufpel.edu.br\/aeeufpel\/files\/2020\/07\/banner-logos-ufpel_Prancheta-1-copia-3-1024x144.jpg 1024w, https:\/\/wp.ufpel.edu.br\/aeeufpel\/files\/2020\/07\/banner-logos-ufpel_Prancheta-1-copia-3-768x108.jpg 768w, https:\/\/wp.ufpel.edu.br\/aeeufpel\/files\/2020\/07\/banner-logos-ufpel_Prancheta-1-copia-3-1536x217.jpg 1536w\" sizes=\"auto, (max-width: 1772px) 100vw, 1772px\" \/><\/h3>\n<h3><strong>Modalidade: EAD<\/strong><\/h3>\n<p><strong>Carga hor\u00e1ria: 360 horas<\/strong><\/p>\n<p><strong>P\u00fablico-alvo: professores das redes p\u00fablicas de ensino<\/strong><\/p>\n<p>Objetivo: Capacitar, em n\u00edvel de especializa\u00e7\u00e3o, professores da educa\u00e7\u00e3o p\u00fablica, em\u00a0\u00a0 Atendimento Educacional Especializado, que possibilite a concretiza\u00e7\u00e3o de pol\u00edticas, programas e pr\u00e1ticas que atendam a diversidade dos alunos \u2013 p\u00fablico alvo da educa\u00e7\u00e3o especial.<\/p>\n<p><strong>SEMIN\u00c1RIO DE ABERTURA<\/strong><\/p>\n<p><strong><u>&#8211; N\u00daCLEO DE FORMA\u00c7\u00c3O GERAL<\/u><\/strong><\/p>\n<p><strong>M\u00d3DULO 1: <\/strong><\/p>\n<p><strong>EIXOS E DISCIPLINAS DO M\u00d3DULO<\/strong><\/p>\n<p><strong>\u00a0<\/strong><\/p>\n<p><strong><u>Eixo: FUNDAMENTOS S\u00d3CIO-HIST\u00d3RICOS E POL\u00cdTICOS DA EDUCA\u00c7\u00c3O INCLUSIVA<\/u><\/strong><\/p>\n<p>&nbsp;<\/p>\n<p><strong>Disciplina 1 \u2013<\/strong> <strong>Percurso s\u00f3cio-hist\u00f3rico e pol\u00edticas p\u00fablicas da Educa\u00e7\u00e3o Inclusiva e o campo das defici\u00eancias<\/strong><\/p>\n<p><strong>\u00a0<\/strong><\/p>\n<p><strong>Carga Hor\u00e1ria:<\/strong> 15 horas<\/p>\n<p>&nbsp;<\/p>\n<p><strong><u>Eixo: TEORIAS DO CONHECIMENTO E DE APRENDIZAGEM<\/u><\/strong><\/p>\n<p><strong>\u00a0<\/strong><\/p>\n<p><strong>Disciplina 1:\u00a0 Processos mentais e de aprendizagem de pessoas com defici\u00eancia, transtornos, altas habilidades e superdota\u00e7\u00e3o.<\/strong><\/p>\n<p><strong>Carga Hor\u00e1ria:<\/strong> 20 horas<\/p>\n<p><strong>Disciplina 2: Transtornos de Aprendizagem. <\/strong><\/p>\n<p><strong>Carga Hor\u00e1ria:<\/strong> 10 horas<\/p>\n<p><strong>Disciplina 3 &#8211; Desenho Universal para a Aprendizagem (DUA)<\/strong><\/p>\n<p><strong>Carga Hor\u00e1ria:<\/strong> 10 horas<\/p>\n<p>&nbsp;<\/p>\n<p><strong><u>Eixo: PRINC\u00cdPIOS DA EDUCA\u00c7\u00c3O ESPECIAL<\/u><\/strong><\/p>\n<p>&nbsp;<\/p>\n<p><strong>\u00a0Disciplina 1 &#8211; Pr\u00e1ticas em Educa\u00e7\u00e3o Especial e Educa\u00e7\u00e3o Inclusiva: salas de recursos, centros de refer\u00eancia, apoios especializados<\/strong><\/p>\n<p><strong>Carga Hor\u00e1ria: 30 horas<\/strong><\/p>\n<p><strong>Disciplina 2 &#8211; Interven\u00e7\u00e3o precoce<\/strong><\/p>\n<p><strong>Carga Hor\u00e1ria: 20 horas<\/strong><\/p>\n<p><strong>\u00a0<\/strong><\/p>\n<p><strong><u>Eixo: TRABALHO CIENT\u00cdFICO<\/u><\/strong><\/p>\n<p><strong><u>\u00a0<\/u><\/strong><\/p>\n<p><strong>Disciplina 1 &#8211; Metodologia do Trabalho Cient\u00edfico.<\/strong><\/p>\n<p><strong>Carga Hor\u00e1ria: 20 horas<\/strong><\/p>\n<p><strong>\u00a0<\/strong><\/p>\n<p><strong>\u00a0<\/strong><\/p>\n<p><strong><u>N\u00daCLEO DE APROFUNDAMENTO E DIVERSIFICA\u00c7\u00c3O DE ESTUDOS PARA A FORMA\u00c7\u00c3O PROFISSIONAL <\/u><\/strong><\/p>\n<p><strong>\u00a0<\/strong><\/p>\n<p><strong>M\u00d3DULO 2 &#8211; ATENDIMENTO EDUCACIONAL ESPECIALIZADO<\/strong><\/p>\n<p><strong>EIXOS E DISCIPLINAS DO M\u00d3DULO:<\/strong><\/p>\n<p><strong>\u00a0<\/strong><\/p>\n<p><strong><u>Eixo: Organiza\u00e7\u00e3o, princ\u00edpios e pr\u00e1ticas do Atendimento Educacional Especializado<\/u><\/strong><\/p>\n<p><strong><u>\u00a0<\/u><\/strong><\/p>\n<p><strong>Disciplina 1: <\/strong><strong>Organiza\u00e7\u00e3o, planejamento e avalia\u00e7\u00e3o do atendimento educacional especializado<\/strong><\/p>\n<p><strong>\u00a0<\/strong><\/p>\n<p><strong>Carga Hor\u00e1ria:<\/strong> 30 horas<\/p>\n<p><strong>Disciplina 2 &#8211; Flexibiliza\u00e7\u00e3o curricular, adapta\u00e7\u00f5es curriculares, PEI, Terminalidade Espec\u00edfica, avan\u00e7o s\u00e9rie\\ano\\conte\u00fados.<\/strong><\/p>\n<p><strong>\u00a0<\/strong><\/p>\n<p><strong>Carga Hor\u00e1ria:<\/strong> 30 horas<\/p>\n<p><strong><u>EIXO: Atendimento educacional especializado e p\u00fablico-alvo da educa\u00e7\u00e3o especial<\/u><\/strong><\/p>\n<p>&nbsp;<\/p>\n<p><strong>\u00a0Disciplina 1 &#8211; AEE \u2013 Defici\u00eancia Intelectual.<\/strong><\/p>\n<p><strong>\u00a0<\/strong><\/p>\n<p><strong>Carga Hor\u00e1ria: <\/strong>30 horas<\/p>\n<p><strong>Disciplina 2 AEE- Transtorno de Espectro Autista<\/strong><\/p>\n<p><strong>\u00a0<\/strong><\/p>\n<p><strong>Carga Hor\u00e1ria: 30 horas<\/strong><\/p>\n<p><strong>Disciplina 3 &#8211; AEE- Defici\u00eancia Visual, surdo-cegueira e AEE \u2013 Defici\u00eancia Auditiva<\/strong><\/p>\n<p><strong>Carga Hor\u00e1ria: <\/strong>20 horas<\/p>\n<p><strong>Disciplina 4 &#8211; AEE-Defici\u00eancia F\u00edsica e AEE- Paralisia Cerebral<\/strong><\/p>\n<p><strong>\u00a0<\/strong><\/p>\n<p><strong>Carga Hor\u00e1ria: <\/strong>20 horas<\/p>\n<p><strong>Disciplina 5- AEE- Transtornos de Aprendizagem<\/strong><\/p>\n<p><strong>Carga Hor\u00e1ria: <\/strong>30 horas<\/p>\n<p><strong>Disciplina 6 \u2013 AEE \u2013 Altas Habilidades\\Superdota\u00e7\u00e3o.<\/strong><\/p>\n<p><strong>\u00a0<\/strong><\/p>\n<p><strong>Carga Hor\u00e1ria: <\/strong>20 horas<\/p>\n<p><strong>Disciplina 7 &#8211; Tecnologia Assistiva<\/strong><\/p>\n<p><strong>\u00a0<\/strong><\/p>\n<p><strong>Carga Hor\u00e1ria: <\/strong>25 horas<\/p>\n<p><strong><u>N\u00daCLEO DE ESTUDOS INTEGRADORES<\/u><\/strong><\/p>\n<p><strong><u>\u00a0<\/u><\/strong><\/p>\n<p><strong>M\u00d3DULO 3: TRABALHO FINAL DE CURSO<\/strong><\/p>\n<p><strong>\u00a0<\/strong><\/p>\n<p><strong>Disciplina: Orienta\u00e7\u00e3o de Trabalho Final de Curso<\/strong><\/p>\n<p><strong>Carga Hor\u00e1ria:<\/strong> 40horas<\/p>\n<p>&nbsp;<\/p>\n","protected":false},"excerpt":{"rendered":"<p>Modalidade: EAD Carga hor\u00e1ria: 360 horas P\u00fablico-alvo: professores das redes p\u00fablicas de ensino Objetivo: Capacitar, em n\u00edvel de especializa\u00e7\u00e3o, professores da educa\u00e7\u00e3o p\u00fablica, em\u00a0\u00a0 Atendimento Educacional Especializado, que possibilite a concretiza\u00e7\u00e3o de pol\u00edticas, programas e pr\u00e1ticas que atendam a diversidade dos alunos \u2013 p\u00fablico alvo da educa\u00e7\u00e3o especial. SEMIN\u00c1RIO DE ABERTURA &#8211; N\u00daCLEO DE FORMA\u00c7\u00c3O [&hellip;]<\/p>\n","protected":false},"author":1031,"featured_media":0,"parent":0,"menu_order":0,"comment_status":"closed","ping_status":"closed","template":"","meta":{"footnotes":""},"class_list":["post-86","page","type-page","status-publish","hentry","post"],"yoast_head":"<!-- This site is optimized with the Yoast SEO plugin v26.7 - https:\/\/yoast.com\/wordpress\/plugins\/seo\/ -->\n<title>Curso de Especializa\u00e7\u00e3o em Servi\u00e7o de Atendimento Educacional Especializado (SAEE) \/ 2020 - Forma\u00e7\u00e3o em Servi\u00e7o de Atendimento Educacional Especializado<\/title>\n<meta name=\"robots\" content=\"index, follow, max-snippet:-1, max-image-preview:large, max-video-preview:-1\" \/>\n<link rel=\"canonical\" href=\"https:\/\/wp.ufpel.edu.br\/aeeufpel\/curso-de-especializacao-em-servico-de-atendimento-educacional-especializado-saee\/\" \/>\n<meta property=\"og:locale\" content=\"pt_BR\" \/>\n<meta property=\"og:type\" content=\"article\" \/>\n<meta property=\"og:title\" content=\"Curso de Especializa\u00e7\u00e3o em Servi\u00e7o de Atendimento Educacional Especializado (SAEE) \/ 2020 - Forma\u00e7\u00e3o em Servi\u00e7o de Atendimento Educacional Especializado\" \/>\n<meta property=\"og:description\" content=\"Modalidade: EAD Carga hor\u00e1ria: 360 horas P\u00fablico-alvo: professores das redes p\u00fablicas de ensino Objetivo: Capacitar, em n\u00edvel de especializa\u00e7\u00e3o, professores da educa\u00e7\u00e3o p\u00fablica, em\u00a0\u00a0 Atendimento Educacional Especializado, que possibilite a concretiza\u00e7\u00e3o de pol\u00edticas, programas e pr\u00e1ticas que atendam a diversidade dos alunos \u2013 p\u00fablico alvo da educa\u00e7\u00e3o especial. SEMIN\u00c1RIO DE ABERTURA &#8211; N\u00daCLEO DE FORMA\u00c7\u00c3O [&hellip;]\" \/>\n<meta property=\"og:url\" content=\"https:\/\/wp.ufpel.edu.br\/aeeufpel\/curso-de-especializacao-em-servico-de-atendimento-educacional-especializado-saee\/\" \/>\n<meta property=\"og:site_name\" content=\"Forma\u00e7\u00e3o em Servi\u00e7o de Atendimento Educacional Especializado\" \/>\n<meta property=\"article:modified_time\" content=\"2021-07-23T17:30:38+00:00\" \/>\n<meta property=\"og:image\" content=\"https:\/\/wp.ufpel.edu.br\/aeeufpel\/files\/2020\/07\/banner-logos-ufpel_Prancheta-1-copia-3.jpg\" \/>\n<meta name=\"twitter:card\" content=\"summary_large_image\" \/>\n<meta name=\"twitter:label1\" content=\"Est. tempo de leitura\" \/>\n\t<meta name=\"twitter:data1\" content=\"2 minutos\" \/>\n<script type=\"application\/ld+json\" class=\"yoast-schema-graph\">{\"@context\":\"https:\/\/schema.org\",\"@graph\":[{\"@type\":\"WebPage\",\"@id\":\"https:\/\/wp.ufpel.edu.br\/aeeufpel\/curso-de-especializacao-em-servico-de-atendimento-educacional-especializado-saee\/\",\"url\":\"https:\/\/wp.ufpel.edu.br\/aeeufpel\/curso-de-especializacao-em-servico-de-atendimento-educacional-especializado-saee\/\",\"name\":\"Curso de Especializa\u00e7\u00e3o em Servi\u00e7o de Atendimento Educacional Especializado (SAEE) \/ 2020 - Forma\u00e7\u00e3o em Servi\u00e7o de Atendimento Educacional Especializado\",\"isPartOf\":{\"@id\":\"https:\/\/wp.ufpel.edu.br\/aeeufpel\/#website\"},\"primaryImageOfPage\":{\"@id\":\"https:\/\/wp.ufpel.edu.br\/aeeufpel\/curso-de-especializacao-em-servico-de-atendimento-educacional-especializado-saee\/#primaryimage\"},\"image\":{\"@id\":\"https:\/\/wp.ufpel.edu.br\/aeeufpel\/curso-de-especializacao-em-servico-de-atendimento-educacional-especializado-saee\/#primaryimage\"},\"thumbnailUrl\":\"https:\/\/wp.ufpel.edu.br\/aeeufpel\/files\/2020\/07\/banner-logos-ufpel_Prancheta-1-copia-3.jpg\",\"datePublished\":\"2020-07-15T14:23:31+00:00\",\"dateModified\":\"2021-07-23T17:30:38+00:00\",\"breadcrumb\":{\"@id\":\"https:\/\/wp.ufpel.edu.br\/aeeufpel\/curso-de-especializacao-em-servico-de-atendimento-educacional-especializado-saee\/#breadcrumb\"},\"inLanguage\":\"pt-BR\",\"potentialAction\":[{\"@type\":\"ReadAction\",\"target\":[\"https:\/\/wp.ufpel.edu.br\/aeeufpel\/curso-de-especializacao-em-servico-de-atendimento-educacional-especializado-saee\/\"]}]},{\"@type\":\"ImageObject\",\"inLanguage\":\"pt-BR\",\"@id\":\"https:\/\/wp.ufpel.edu.br\/aeeufpel\/curso-de-especializacao-em-servico-de-atendimento-educacional-especializado-saee\/#primaryimage\",\"url\":\"https:\/\/wp.ufpel.edu.br\/aeeufpel\/files\/2020\/07\/banner-logos-ufpel_Prancheta-1-copia-3.jpg\",\"contentUrl\":\"https:\/\/wp.ufpel.edu.br\/aeeufpel\/files\/2020\/07\/banner-logos-ufpel_Prancheta-1-copia-3.jpg\",\"width\":1772,\"height\":250},{\"@type\":\"BreadcrumbList\",\"@id\":\"https:\/\/wp.ufpel.edu.br\/aeeufpel\/curso-de-especializacao-em-servico-de-atendimento-educacional-especializado-saee\/#breadcrumb\",\"itemListElement\":[{\"@type\":\"ListItem\",\"position\":1,\"name\":\"In\u00edcio\",\"item\":\"https:\/\/wp.ufpel.edu.br\/aeeufpel\/\"},{\"@type\":\"ListItem\",\"position\":2,\"name\":\"Curso de Especializa\u00e7\u00e3o em Servi\u00e7o de Atendimento Educacional Especializado (SAEE) \/ 2020\"}]},{\"@type\":\"WebSite\",\"@id\":\"https:\/\/wp.ufpel.edu.br\/aeeufpel\/#website\",\"url\":\"https:\/\/wp.ufpel.edu.br\/aeeufpel\/\",\"name\":\"Forma\u00e7\u00e3o em Servi\u00e7o de Atendimento Educacional Especializado\",\"description\":\"Universidade Federal de Pelotas - UFPEL\",\"potentialAction\":[{\"@type\":\"SearchAction\",\"target\":{\"@type\":\"EntryPoint\",\"urlTemplate\":\"https:\/\/wp.ufpel.edu.br\/aeeufpel\/?s={search_term_string}\"},\"query-input\":{\"@type\":\"PropertyValueSpecification\",\"valueRequired\":true,\"valueName\":\"search_term_string\"}}],\"inLanguage\":\"pt-BR\"}]}<\/script>\n<!-- \/ Yoast SEO plugin. -->","yoast_head_json":{"title":"Curso de Especializa\u00e7\u00e3o em Servi\u00e7o de Atendimento Educacional Especializado (SAEE) \/ 2020 - Forma\u00e7\u00e3o em Servi\u00e7o de Atendimento Educacional Especializado","robots":{"index":"index","follow":"follow","max-snippet":"max-snippet:-1","max-image-preview":"max-image-preview:large","max-video-preview":"max-video-preview:-1"},"canonical":"https:\/\/wp.ufpel.edu.br\/aeeufpel\/curso-de-especializacao-em-servico-de-atendimento-educacional-especializado-saee\/","og_locale":"pt_BR","og_type":"article","og_title":"Curso de Especializa\u00e7\u00e3o em Servi\u00e7o de Atendimento Educacional Especializado (SAEE) \/ 2020 - Forma\u00e7\u00e3o em Servi\u00e7o de Atendimento Educacional Especializado","og_description":"Modalidade: EAD Carga hor\u00e1ria: 360 horas P\u00fablico-alvo: professores das redes p\u00fablicas de ensino Objetivo: Capacitar, em n\u00edvel de especializa\u00e7\u00e3o, professores da educa\u00e7\u00e3o p\u00fablica, em\u00a0\u00a0 Atendimento Educacional Especializado, que possibilite a concretiza\u00e7\u00e3o de pol\u00edticas, programas e pr\u00e1ticas que atendam a diversidade dos alunos \u2013 p\u00fablico alvo da educa\u00e7\u00e3o especial. SEMIN\u00c1RIO DE ABERTURA &#8211; N\u00daCLEO DE FORMA\u00c7\u00c3O [&hellip;]","og_url":"https:\/\/wp.ufpel.edu.br\/aeeufpel\/curso-de-especializacao-em-servico-de-atendimento-educacional-especializado-saee\/","og_site_name":"Forma\u00e7\u00e3o em Servi\u00e7o de Atendimento Educacional Especializado","article_modified_time":"2021-07-23T17:30:38+00:00","og_image":[{"url":"https:\/\/wp.ufpel.edu.br\/aeeufpel\/files\/2020\/07\/banner-logos-ufpel_Prancheta-1-copia-3.jpg","type":"","width":"","height":""}],"twitter_card":"summary_large_image","twitter_misc":{"Est. tempo de leitura":"2 minutos"},"schema":{"@context":"https:\/\/schema.org","@graph":[{"@type":"WebPage","@id":"https:\/\/wp.ufpel.edu.br\/aeeufpel\/curso-de-especializacao-em-servico-de-atendimento-educacional-especializado-saee\/","url":"https:\/\/wp.ufpel.edu.br\/aeeufpel\/curso-de-especializacao-em-servico-de-atendimento-educacional-especializado-saee\/","name":"Curso de Especializa\u00e7\u00e3o em Servi\u00e7o de Atendimento Educacional Especializado (SAEE) \/ 2020 - Forma\u00e7\u00e3o em Servi\u00e7o de Atendimento Educacional Especializado","isPartOf":{"@id":"https:\/\/wp.ufpel.edu.br\/aeeufpel\/#website"},"primaryImageOfPage":{"@id":"https:\/\/wp.ufpel.edu.br\/aeeufpel\/curso-de-especializacao-em-servico-de-atendimento-educacional-especializado-saee\/#primaryimage"},"image":{"@id":"https:\/\/wp.ufpel.edu.br\/aeeufpel\/curso-de-especializacao-em-servico-de-atendimento-educacional-especializado-saee\/#primaryimage"},"thumbnailUrl":"https:\/\/wp.ufpel.edu.br\/aeeufpel\/files\/2020\/07\/banner-logos-ufpel_Prancheta-1-copia-3.jpg","datePublished":"2020-07-15T14:23:31+00:00","dateModified":"2021-07-23T17:30:38+00:00","breadcrumb":{"@id":"https:\/\/wp.ufpel.edu.br\/aeeufpel\/curso-de-especializacao-em-servico-de-atendimento-educacional-especializado-saee\/#breadcrumb"},"inLanguage":"pt-BR","potentialAction":[{"@type":"ReadAction","target":["https:\/\/wp.ufpel.edu.br\/aeeufpel\/curso-de-especializacao-em-servico-de-atendimento-educacional-especializado-saee\/"]}]},{"@type":"ImageObject","inLanguage":"pt-BR","@id":"https:\/\/wp.ufpel.edu.br\/aeeufpel\/curso-de-especializacao-em-servico-de-atendimento-educacional-especializado-saee\/#primaryimage","url":"https:\/\/wp.ufpel.edu.br\/aeeufpel\/files\/2020\/07\/banner-logos-ufpel_Prancheta-1-copia-3.jpg","contentUrl":"https:\/\/wp.ufpel.edu.br\/aeeufpel\/files\/2020\/07\/banner-logos-ufpel_Prancheta-1-copia-3.jpg","width":1772,"height":250},{"@type":"BreadcrumbList","@id":"https:\/\/wp.ufpel.edu.br\/aeeufpel\/curso-de-especializacao-em-servico-de-atendimento-educacional-especializado-saee\/#breadcrumb","itemListElement":[{"@type":"ListItem","position":1,"name":"In\u00edcio","item":"https:\/\/wp.ufpel.edu.br\/aeeufpel\/"},{"@type":"ListItem","position":2,"name":"Curso de Especializa\u00e7\u00e3o em Servi\u00e7o de Atendimento Educacional Especializado (SAEE) \/ 2020"}]},{"@type":"WebSite","@id":"https:\/\/wp.ufpel.edu.br\/aeeufpel\/#website","url":"https:\/\/wp.ufpel.edu.br\/aeeufpel\/","name":"Forma\u00e7\u00e3o em Servi\u00e7o de Atendimento Educacional Especializado","description":"Universidade Federal de Pelotas - UFPEL","potentialAction":[{"@type":"SearchAction","target":{"@type":"EntryPoint","urlTemplate":"https:\/\/wp.ufpel.edu.br\/aeeufpel\/?s={search_term_string}"},"query-input":{"@type":"PropertyValueSpecification","valueRequired":true,"valueName":"search_term_string"}}],"inLanguage":"pt-BR"}]}},"_links":{"self":[{"href":"https:\/\/wp.ufpel.edu.br\/aeeufpel\/wp-json\/wp\/v2\/pages\/86","targetHints":{"allow":["GET"]}}],"collection":[{"href":"https:\/\/wp.ufpel.edu.br\/aeeufpel\/wp-json\/wp\/v2\/pages"}],"about":[{"href":"https:\/\/wp.ufpel.edu.br\/aeeufpel\/wp-json\/wp\/v2\/types\/page"}],"author":[{"embeddable":true,"href":"https:\/\/wp.ufpel.edu.br\/aeeufpel\/wp-json\/wp\/v2\/users\/1031"}],"replies":[{"embeddable":true,"href":"https:\/\/wp.ufpel.edu.br\/aeeufpel\/wp-json\/wp\/v2\/comments?post=86"}],"version-history":[{"count":11,"href":"https:\/\/wp.ufpel.edu.br\/aeeufpel\/wp-json\/wp\/v2\/pages\/86\/revisions"}],"predecessor-version":[{"id":457,"href":"https:\/\/wp.ufpel.edu.br\/aeeufpel\/wp-json\/wp\/v2\/pages\/86\/revisions\/457"}],"wp:attachment":[{"href":"https:\/\/wp.ufpel.edu.br\/aeeufpel\/wp-json\/wp\/v2\/media?parent=86"}],"curies":[{"name":"wp","href":"https:\/\/api.w.org\/{rel}","templated":true}]}}