{"id":851,"date":"2022-09-08T09:32:36","date_gmt":"2022-09-08T12:32:36","guid":{"rendered":"https:\/\/wp.ufpel.edu.br\/aeeufpel\/?page_id=851"},"modified":"2024-08-07T09:49:01","modified_gmt":"2024-08-07T12:49:01","slug":"publicacoes","status":"publish","type":"page","link":"https:\/\/wp.ufpel.edu.br\/aeeufpel\/publicacoes\/","title":{"rendered":"Publica\u00e7\u00f5es"},"content":{"rendered":"<p style=\"text-align: center;\"><span style=\"font-family: tahoma, arial, helvetica, sans-serif; font-size: 18pt;\"><strong>Publica\u00e7\u00f5es a partir dos dos Cursos de 2021<\/strong><\/span><\/p>\n<p><a href=\"https:\/\/estudiobrio.com.br\/ufpel\"><img loading=\"lazy\" decoding=\"async\" class=\"wp-image-909 size-large aligncenter\" src=\"https:\/\/wp.ufpel.edu.br\/aeeufpel\/files\/2023\/03\/banner-editora-estudio-brio-1024x512.png\" alt=\"\" width=\"720\" height=\"360\" srcset=\"https:\/\/wp.ufpel.edu.br\/aeeufpel\/files\/2023\/03\/banner-editora-estudio-brio-1024x512.png 1024w, https:\/\/wp.ufpel.edu.br\/aeeufpel\/files\/2023\/03\/banner-editora-estudio-brio-400x200.png 400w, https:\/\/wp.ufpel.edu.br\/aeeufpel\/files\/2023\/03\/banner-editora-estudio-brio-768x384.png 768w, https:\/\/wp.ufpel.edu.br\/aeeufpel\/files\/2023\/03\/banner-editora-estudio-brio-960x480.png 960w, https:\/\/wp.ufpel.edu.br\/aeeufpel\/files\/2023\/03\/banner-editora-estudio-brio.png 1250w\" sizes=\"auto, (max-width: 720px) 100vw, 720px\" \/><\/a><\/p>\n<p>&nbsp;<\/p>\n<p style=\"text-align: center;\"><span style=\"font-family: tahoma, arial, helvetica, sans-serif; font-size: 18pt;\"><strong>Publica\u00e7\u00f5es do Curso de Extens\u00e3o de Servi\u00e7o em Atendimento Educacional Especializado em Tempos de Pandemia &#8211; 2020<\/strong><\/span><br \/>\n<span style=\"font-family: tahoma, arial, helvetica, sans-serif;\"><img loading=\"lazy\" decoding=\"async\" class=\"alignnone size-medium wp-image-871\" src=\"https:\/\/wp.ufpel.edu.br\/aeeufpel\/files\/2022\/09\/Tempos-de-Pandemia-1-284x400.png\" alt=\"\" width=\"284\" height=\"400\" srcset=\"https:\/\/wp.ufpel.edu.br\/aeeufpel\/files\/2022\/09\/Tempos-de-Pandemia-1-284x400.png 284w, https:\/\/wp.ufpel.edu.br\/aeeufpel\/files\/2022\/09\/Tempos-de-Pandemia-1.png 440w\" sizes=\"auto, (max-width: 284px) 100vw, 284px\" \/><\/span><\/p>\n<p style=\"text-align: center;\"><span style=\"font-family: tahoma, arial, helvetica, sans-serif;\">Clique nos links abaixo para visualiza\u00e7\u00e3o:<\/span><\/p>\n<p style=\"text-align: center;\"><span style=\"font-family: tahoma, arial, helvetica, sans-serif;\"><a href=\"https:\/\/wp.ufpel.edu.br\/aeeufpel\/files\/2022\/09\/Caderno-SAEE-versao-digital-06-12-1.pdf\">E-book &#8211; Vers\u00e3o Digital<\/a><\/span><\/p>\n<p>&nbsp;<\/p>\n<p>&nbsp;<\/p>\n","protected":false},"excerpt":{"rendered":"<p>Publica\u00e7\u00f5es a partir dos dos Cursos de 2021 &nbsp; Publica\u00e7\u00f5es do Curso de Extens\u00e3o de Servi\u00e7o em Atendimento Educacional Especializado em Tempos de Pandemia &#8211; 2020 Clique nos links abaixo para visualiza\u00e7\u00e3o: E-book &#8211; Vers\u00e3o Digital &nbsp; &nbsp;<\/p>\n","protected":false},"author":1031,"featured_media":0,"parent":0,"menu_order":0,"comment_status":"closed","ping_status":"closed","template":"","meta":{"footnotes":""},"class_list":["post-851","page","type-page","status-publish","hentry","post"],"yoast_head":"<!-- This site is optimized with the Yoast SEO plugin v26.7 - https:\/\/yoast.com\/wordpress\/plugins\/seo\/ -->\n<title>Publica\u00e7\u00f5es - Forma\u00e7\u00e3o em Servi\u00e7o de Atendimento Educacional Especializado<\/title>\n<meta name=\"robots\" content=\"index, follow, max-snippet:-1, max-image-preview:large, max-video-preview:-1\" \/>\n<link rel=\"canonical\" href=\"https:\/\/wp.ufpel.edu.br\/aeeufpel\/publicacoes\/\" \/>\n<meta property=\"og:locale\" content=\"pt_BR\" \/>\n<meta property=\"og:type\" content=\"article\" \/>\n<meta property=\"og:title\" content=\"Publica\u00e7\u00f5es - Forma\u00e7\u00e3o em Servi\u00e7o de Atendimento Educacional Especializado\" \/>\n<meta property=\"og:description\" content=\"Publica\u00e7\u00f5es a partir dos dos Cursos de 2021 &nbsp; Publica\u00e7\u00f5es do Curso de Extens\u00e3o de Servi\u00e7o em Atendimento Educacional Especializado em Tempos de Pandemia &#8211; 2020 Clique nos links abaixo para visualiza\u00e7\u00e3o: E-book &#8211; Vers\u00e3o Digital &nbsp; &nbsp;\" \/>\n<meta property=\"og:url\" content=\"https:\/\/wp.ufpel.edu.br\/aeeufpel\/publicacoes\/\" \/>\n<meta property=\"og:site_name\" content=\"Forma\u00e7\u00e3o em Servi\u00e7o de Atendimento Educacional Especializado\" \/>\n<meta property=\"article:modified_time\" content=\"2024-08-07T12:49:01+00:00\" \/>\n<meta property=\"og:image\" content=\"https:\/\/wp.ufpel.edu.br\/aeeufpel\/files\/2023\/03\/banner-editora-estudio-brio-1024x512.png\" \/>\n<meta name=\"twitter:card\" content=\"summary_large_image\" \/>\n<meta name=\"twitter:label1\" content=\"Est. tempo de leitura\" \/>\n\t<meta name=\"twitter:data1\" content=\"1 minuto\" \/>\n<script type=\"application\/ld+json\" class=\"yoast-schema-graph\">{\"@context\":\"https:\/\/schema.org\",\"@graph\":[{\"@type\":\"WebPage\",\"@id\":\"https:\/\/wp.ufpel.edu.br\/aeeufpel\/publicacoes\/\",\"url\":\"https:\/\/wp.ufpel.edu.br\/aeeufpel\/publicacoes\/\",\"name\":\"Publica\u00e7\u00f5es - Forma\u00e7\u00e3o em Servi\u00e7o de Atendimento Educacional Especializado\",\"isPartOf\":{\"@id\":\"https:\/\/wp.ufpel.edu.br\/aeeufpel\/#website\"},\"primaryImageOfPage\":{\"@id\":\"https:\/\/wp.ufpel.edu.br\/aeeufpel\/publicacoes\/#primaryimage\"},\"image\":{\"@id\":\"https:\/\/wp.ufpel.edu.br\/aeeufpel\/publicacoes\/#primaryimage\"},\"thumbnailUrl\":\"https:\/\/wp.ufpel.edu.br\/aeeufpel\/files\/2023\/03\/banner-editora-estudio-brio-1024x512.png\",\"datePublished\":\"2022-09-08T12:32:36+00:00\",\"dateModified\":\"2024-08-07T12:49:01+00:00\",\"breadcrumb\":{\"@id\":\"https:\/\/wp.ufpel.edu.br\/aeeufpel\/publicacoes\/#breadcrumb\"},\"inLanguage\":\"pt-BR\",\"potentialAction\":[{\"@type\":\"ReadAction\",\"target\":[\"https:\/\/wp.ufpel.edu.br\/aeeufpel\/publicacoes\/\"]}]},{\"@type\":\"ImageObject\",\"inLanguage\":\"pt-BR\",\"@id\":\"https:\/\/wp.ufpel.edu.br\/aeeufpel\/publicacoes\/#primaryimage\",\"url\":\"https:\/\/wp.ufpel.edu.br\/aeeufpel\/files\/2023\/03\/banner-editora-estudio-brio.png\",\"contentUrl\":\"https:\/\/wp.ufpel.edu.br\/aeeufpel\/files\/2023\/03\/banner-editora-estudio-brio.png\",\"width\":1250,\"height\":625},{\"@type\":\"BreadcrumbList\",\"@id\":\"https:\/\/wp.ufpel.edu.br\/aeeufpel\/publicacoes\/#breadcrumb\",\"itemListElement\":[{\"@type\":\"ListItem\",\"position\":1,\"name\":\"In\u00edcio\",\"item\":\"https:\/\/wp.ufpel.edu.br\/aeeufpel\/\"},{\"@type\":\"ListItem\",\"position\":2,\"name\":\"Publica\u00e7\u00f5es\"}]},{\"@type\":\"WebSite\",\"@id\":\"https:\/\/wp.ufpel.edu.br\/aeeufpel\/#website\",\"url\":\"https:\/\/wp.ufpel.edu.br\/aeeufpel\/\",\"name\":\"Forma\u00e7\u00e3o em Servi\u00e7o de Atendimento Educacional Especializado\",\"description\":\"Universidade Federal de Pelotas - UFPEL\",\"potentialAction\":[{\"@type\":\"SearchAction\",\"target\":{\"@type\":\"EntryPoint\",\"urlTemplate\":\"https:\/\/wp.ufpel.edu.br\/aeeufpel\/?s={search_term_string}\"},\"query-input\":{\"@type\":\"PropertyValueSpecification\",\"valueRequired\":true,\"valueName\":\"search_term_string\"}}],\"inLanguage\":\"pt-BR\"}]}<\/script>\n<!-- \/ Yoast SEO plugin. -->","yoast_head_json":{"title":"Publica\u00e7\u00f5es - Forma\u00e7\u00e3o em Servi\u00e7o de Atendimento Educacional Especializado","robots":{"index":"index","follow":"follow","max-snippet":"max-snippet:-1","max-image-preview":"max-image-preview:large","max-video-preview":"max-video-preview:-1"},"canonical":"https:\/\/wp.ufpel.edu.br\/aeeufpel\/publicacoes\/","og_locale":"pt_BR","og_type":"article","og_title":"Publica\u00e7\u00f5es - Forma\u00e7\u00e3o em Servi\u00e7o de Atendimento Educacional Especializado","og_description":"Publica\u00e7\u00f5es a partir dos dos Cursos de 2021 &nbsp; Publica\u00e7\u00f5es do Curso de Extens\u00e3o de Servi\u00e7o em Atendimento Educacional Especializado em Tempos de Pandemia &#8211; 2020 Clique nos links abaixo para visualiza\u00e7\u00e3o: E-book &#8211; Vers\u00e3o Digital &nbsp; &nbsp;","og_url":"https:\/\/wp.ufpel.edu.br\/aeeufpel\/publicacoes\/","og_site_name":"Forma\u00e7\u00e3o em Servi\u00e7o de Atendimento Educacional Especializado","article_modified_time":"2024-08-07T12:49:01+00:00","og_image":[{"url":"https:\/\/wp.ufpel.edu.br\/aeeufpel\/files\/2023\/03\/banner-editora-estudio-brio-1024x512.png","type":"","width":"","height":""}],"twitter_card":"summary_large_image","twitter_misc":{"Est. tempo de leitura":"1 minuto"},"schema":{"@context":"https:\/\/schema.org","@graph":[{"@type":"WebPage","@id":"https:\/\/wp.ufpel.edu.br\/aeeufpel\/publicacoes\/","url":"https:\/\/wp.ufpel.edu.br\/aeeufpel\/publicacoes\/","name":"Publica\u00e7\u00f5es - Forma\u00e7\u00e3o em Servi\u00e7o de Atendimento Educacional Especializado","isPartOf":{"@id":"https:\/\/wp.ufpel.edu.br\/aeeufpel\/#website"},"primaryImageOfPage":{"@id":"https:\/\/wp.ufpel.edu.br\/aeeufpel\/publicacoes\/#primaryimage"},"image":{"@id":"https:\/\/wp.ufpel.edu.br\/aeeufpel\/publicacoes\/#primaryimage"},"thumbnailUrl":"https:\/\/wp.ufpel.edu.br\/aeeufpel\/files\/2023\/03\/banner-editora-estudio-brio-1024x512.png","datePublished":"2022-09-08T12:32:36+00:00","dateModified":"2024-08-07T12:49:01+00:00","breadcrumb":{"@id":"https:\/\/wp.ufpel.edu.br\/aeeufpel\/publicacoes\/#breadcrumb"},"inLanguage":"pt-BR","potentialAction":[{"@type":"ReadAction","target":["https:\/\/wp.ufpel.edu.br\/aeeufpel\/publicacoes\/"]}]},{"@type":"ImageObject","inLanguage":"pt-BR","@id":"https:\/\/wp.ufpel.edu.br\/aeeufpel\/publicacoes\/#primaryimage","url":"https:\/\/wp.ufpel.edu.br\/aeeufpel\/files\/2023\/03\/banner-editora-estudio-brio.png","contentUrl":"https:\/\/wp.ufpel.edu.br\/aeeufpel\/files\/2023\/03\/banner-editora-estudio-brio.png","width":1250,"height":625},{"@type":"BreadcrumbList","@id":"https:\/\/wp.ufpel.edu.br\/aeeufpel\/publicacoes\/#breadcrumb","itemListElement":[{"@type":"ListItem","position":1,"name":"In\u00edcio","item":"https:\/\/wp.ufpel.edu.br\/aeeufpel\/"},{"@type":"ListItem","position":2,"name":"Publica\u00e7\u00f5es"}]},{"@type":"WebSite","@id":"https:\/\/wp.ufpel.edu.br\/aeeufpel\/#website","url":"https:\/\/wp.ufpel.edu.br\/aeeufpel\/","name":"Forma\u00e7\u00e3o em Servi\u00e7o de Atendimento Educacional Especializado","description":"Universidade Federal de Pelotas - UFPEL","potentialAction":[{"@type":"SearchAction","target":{"@type":"EntryPoint","urlTemplate":"https:\/\/wp.ufpel.edu.br\/aeeufpel\/?s={search_term_string}"},"query-input":{"@type":"PropertyValueSpecification","valueRequired":true,"valueName":"search_term_string"}}],"inLanguage":"pt-BR"}]}},"_links":{"self":[{"href":"https:\/\/wp.ufpel.edu.br\/aeeufpel\/wp-json\/wp\/v2\/pages\/851","targetHints":{"allow":["GET"]}}],"collection":[{"href":"https:\/\/wp.ufpel.edu.br\/aeeufpel\/wp-json\/wp\/v2\/pages"}],"about":[{"href":"https:\/\/wp.ufpel.edu.br\/aeeufpel\/wp-json\/wp\/v2\/types\/page"}],"author":[{"embeddable":true,"href":"https:\/\/wp.ufpel.edu.br\/aeeufpel\/wp-json\/wp\/v2\/users\/1031"}],"replies":[{"embeddable":true,"href":"https:\/\/wp.ufpel.edu.br\/aeeufpel\/wp-json\/wp\/v2\/comments?post=851"}],"version-history":[{"count":15,"href":"https:\/\/wp.ufpel.edu.br\/aeeufpel\/wp-json\/wp\/v2\/pages\/851\/revisions"}],"predecessor-version":[{"id":1244,"href":"https:\/\/wp.ufpel.edu.br\/aeeufpel\/wp-json\/wp\/v2\/pages\/851\/revisions\/1244"}],"wp:attachment":[{"href":"https:\/\/wp.ufpel.edu.br\/aeeufpel\/wp-json\/wp\/v2\/media?parent=851"}],"curies":[{"name":"wp","href":"https:\/\/api.w.org\/{rel}","templated":true}]}}