{"id":80,"date":"2020-07-15T11:22:43","date_gmt":"2020-07-15T14:22:43","guid":{"rendered":"https:\/\/wp.ufpel.edu.br\/aeeufpel\/?page_id=80"},"modified":"2025-04-22T21:41:42","modified_gmt":"2025-04-23T00:41:42","slug":"acessibilidade-no-site","status":"publish","type":"page","link":"https:\/\/wp.ufpel.edu.br\/aeeufpel\/acessibilidade-no-site\/","title":{"rendered":"Acessibilidade no Site"},"content":{"rendered":"<p><a href=\"https:\/\/wp.ufpel.edu.br\/aeeufpel\/files\/2025\/04\/acessibilidade.mp4\"><img loading=\"lazy\" decoding=\"async\" class=\"wp-image-1261 alignleft\" src=\"https:\/\/wp.ufpel.edu.br\/aeeufpel\/files\/2025\/04\/libras-400x400.jpg\" alt=\"\u00cdcone azul com bordas arredondadas, contendo duas m\u00e3os brancas em posi\u00e7\u00e3o de sinaliza\u00e7\u00e3o. Uma m\u00e3o est\u00e1 aberta com os dedos estendidos, enquanto a outra faz um gesto sobre a palma da primeira. Linhas curvas ao redor das m\u00e3os indicam movimento. A imagem simboliza o uso da L\u00edngua Brasileira de Sinais (LIBRAS), voltado \u00e0 acessibilidade para pessoas surdas.\" width=\"73\" height=\"73\" srcset=\"https:\/\/wp.ufpel.edu.br\/aeeufpel\/files\/2025\/04\/libras-400x400.jpg 400w, https:\/\/wp.ufpel.edu.br\/aeeufpel\/files\/2025\/04\/libras-200x200.jpg 200w, https:\/\/wp.ufpel.edu.br\/aeeufpel\/files\/2025\/04\/libras.jpg 768w\" sizes=\"auto, (max-width: 73px) 100vw, 73px\" \/><\/a><a href=\"https:\/\/wp.ufpel.edu.br\/aeeufpel\/files\/2025\/04\/Audio-Acessibilidade-no-site-esv2-90p-bg-10p.mp3\"><img loading=\"lazy\" decoding=\"async\" class=\"wp-image-1262 alignleft\" src=\"https:\/\/wp.ufpel.edu.br\/aeeufpel\/files\/2025\/04\/audiodescricao-400x232.jpg\" alt=\"Logotipo em preto e branco com as letras &quot;AD&quot; em negrito. Ao lado direito das letras, h\u00e1 tr\u00eas ondas curvas, simbolizando som. Abaixo, est\u00e1 escrito &quot;Audiodescri\u00e7\u00e3o&quot;, tamb\u00e9m em negrito, com ondas menores nos dois lados da palavra. A imagem representa o recurso de audiodescri\u00e7\u00e3o para pessoas com defici\u00eancia visual.\" width=\"126\" height=\"73\" srcset=\"https:\/\/wp.ufpel.edu.br\/aeeufpel\/files\/2025\/04\/audiodescricao-400x232.jpg 400w, https:\/\/wp.ufpel.edu.br\/aeeufpel\/files\/2025\/04\/audiodescricao.jpg 720w\" sizes=\"auto, (max-width: 126px) 100vw, 126px\" \/><\/a><\/p>\n<p>&nbsp;<\/p>\n<p>&nbsp;<\/p>\n<p>&nbsp;<\/p>\n<p>Este site responsivo\u00a0\u00e9 desenvolvido em WordPress, pode ser acessado em computadores, tablets e celulares.\u00a0 O menu principal horizontal est\u00e1 localizado no topo do site\u00a0\u00e0 direita. No final do site \u00e0 esquerda h\u00e1 uma \u00e1rea denominada Mapa do Site que exp\u00f5e em lista todas as p\u00e1ginas deste site.<\/p>\n<p>Utilize as ferramentas de acessibilidade\u00a0de seu navegador ou de seu sistema operacional. No Windows, acesse o Painel de Controle e encontre as op\u00e7\u00f5es:<\/p>\n<ul>\n<li>Lente de Aumento ou Lupa<\/li>\n<li>Teclado Virtual<\/li>\n<li>Alto Contraste<\/li>\n<li>Narrador ou Leitor de Tela<\/li>\n<li>Alternativas para sons<\/li>\n<\/ul>\n","protected":false},"excerpt":{"rendered":"<p>&nbsp; &nbsp; &nbsp; Este site responsivo\u00a0\u00e9 desenvolvido em WordPress, pode ser acessado em computadores, tablets e celulares.\u00a0 O menu principal horizontal est\u00e1 localizado no topo do site\u00a0\u00e0 direita. No final do site \u00e0 esquerda h\u00e1 uma \u00e1rea denominada Mapa do Site que exp\u00f5e em lista todas as p\u00e1ginas deste site. Utilize as ferramentas de acessibilidade\u00a0de [&hellip;]<\/p>\n","protected":false},"author":1031,"featured_media":0,"parent":0,"menu_order":0,"comment_status":"closed","ping_status":"closed","template":"","meta":{"footnotes":""},"class_list":["post-80","page","type-page","status-publish","hentry","post"],"yoast_head":"<!-- This site is optimized with the Yoast SEO plugin v26.7 - https:\/\/yoast.com\/wordpress\/plugins\/seo\/ -->\n<title>Acessibilidade no Site - Forma\u00e7\u00e3o em Servi\u00e7o de Atendimento Educacional Especializado<\/title>\n<meta name=\"robots\" content=\"index, follow, max-snippet:-1, max-image-preview:large, max-video-preview:-1\" \/>\n<link rel=\"canonical\" href=\"https:\/\/wp.ufpel.edu.br\/aeeufpel\/acessibilidade-no-site\/\" \/>\n<meta property=\"og:locale\" content=\"pt_BR\" \/>\n<meta property=\"og:type\" content=\"article\" \/>\n<meta property=\"og:title\" content=\"Acessibilidade no Site - Forma\u00e7\u00e3o em Servi\u00e7o de Atendimento Educacional Especializado\" \/>\n<meta property=\"og:description\" content=\"&nbsp; &nbsp; &nbsp; Este site responsivo\u00a0\u00e9 desenvolvido em WordPress, pode ser acessado em computadores, tablets e celulares.\u00a0 O menu principal horizontal est\u00e1 localizado no topo do site\u00a0\u00e0 direita. No final do site \u00e0 esquerda h\u00e1 uma \u00e1rea denominada Mapa do Site que exp\u00f5e em lista todas as p\u00e1ginas deste site. Utilize as ferramentas de acessibilidade\u00a0de [&hellip;]\" \/>\n<meta property=\"og:url\" content=\"https:\/\/wp.ufpel.edu.br\/aeeufpel\/acessibilidade-no-site\/\" \/>\n<meta property=\"og:site_name\" content=\"Forma\u00e7\u00e3o em Servi\u00e7o de Atendimento Educacional Especializado\" \/>\n<meta property=\"article:modified_time\" content=\"2025-04-23T00:41:42+00:00\" \/>\n<meta property=\"og:image\" content=\"https:\/\/wp.ufpel.edu.br\/aeeufpel\/files\/2025\/04\/libras.jpg\" \/>\n\t<meta property=\"og:image:width\" content=\"768\" \/>\n\t<meta property=\"og:image:height\" content=\"767\" \/>\n\t<meta property=\"og:image:type\" content=\"image\/jpeg\" \/>\n<meta name=\"twitter:card\" content=\"summary_large_image\" \/>\n<meta name=\"twitter:label1\" content=\"Est. tempo de leitura\" \/>\n\t<meta name=\"twitter:data1\" content=\"1 minuto\" \/>\n<script type=\"application\/ld+json\" class=\"yoast-schema-graph\">{\"@context\":\"https:\/\/schema.org\",\"@graph\":[{\"@type\":\"WebPage\",\"@id\":\"https:\/\/wp.ufpel.edu.br\/aeeufpel\/acessibilidade-no-site\/\",\"url\":\"https:\/\/wp.ufpel.edu.br\/aeeufpel\/acessibilidade-no-site\/\",\"name\":\"Acessibilidade no Site - Forma\u00e7\u00e3o em Servi\u00e7o de Atendimento Educacional Especializado\",\"isPartOf\":{\"@id\":\"https:\/\/wp.ufpel.edu.br\/aeeufpel\/#website\"},\"primaryImageOfPage\":{\"@id\":\"https:\/\/wp.ufpel.edu.br\/aeeufpel\/acessibilidade-no-site\/#primaryimage\"},\"image\":{\"@id\":\"https:\/\/wp.ufpel.edu.br\/aeeufpel\/acessibilidade-no-site\/#primaryimage\"},\"thumbnailUrl\":\"https:\/\/wp.ufpel.edu.br\/aeeufpel\/files\/2025\/04\/libras-400x400.jpg\",\"datePublished\":\"2020-07-15T14:22:43+00:00\",\"dateModified\":\"2025-04-23T00:41:42+00:00\",\"breadcrumb\":{\"@id\":\"https:\/\/wp.ufpel.edu.br\/aeeufpel\/acessibilidade-no-site\/#breadcrumb\"},\"inLanguage\":\"pt-BR\",\"potentialAction\":[{\"@type\":\"ReadAction\",\"target\":[\"https:\/\/wp.ufpel.edu.br\/aeeufpel\/acessibilidade-no-site\/\"]}]},{\"@type\":\"ImageObject\",\"inLanguage\":\"pt-BR\",\"@id\":\"https:\/\/wp.ufpel.edu.br\/aeeufpel\/acessibilidade-no-site\/#primaryimage\",\"url\":\"https:\/\/wp.ufpel.edu.br\/aeeufpel\/files\/2025\/04\/libras.jpg\",\"contentUrl\":\"https:\/\/wp.ufpel.edu.br\/aeeufpel\/files\/2025\/04\/libras.jpg\",\"width\":768,\"height\":767,\"caption\":\"\u00cdcone azul com bordas arredondadas, contendo duas m\u00e3os brancas em posi\u00e7\u00e3o de sinaliza\u00e7\u00e3o. Uma m\u00e3o est\u00e1 aberta com os dedos estendidos, enquanto a outra faz um gesto sobre a palma da primeira. Linhas curvas ao redor das m\u00e3os indicam movimento. A imagem simboliza o uso da L\u00edngua Brasileira de Sinais (LIBRAS), voltado \u00e0 acessibilidade para pessoas surdas.\"},{\"@type\":\"BreadcrumbList\",\"@id\":\"https:\/\/wp.ufpel.edu.br\/aeeufpel\/acessibilidade-no-site\/#breadcrumb\",\"itemListElement\":[{\"@type\":\"ListItem\",\"position\":1,\"name\":\"In\u00edcio\",\"item\":\"https:\/\/wp.ufpel.edu.br\/aeeufpel\/\"},{\"@type\":\"ListItem\",\"position\":2,\"name\":\"Acessibilidade no Site\"}]},{\"@type\":\"WebSite\",\"@id\":\"https:\/\/wp.ufpel.edu.br\/aeeufpel\/#website\",\"url\":\"https:\/\/wp.ufpel.edu.br\/aeeufpel\/\",\"name\":\"Forma\u00e7\u00e3o em Servi\u00e7o de Atendimento Educacional Especializado\",\"description\":\"Universidade Federal de Pelotas - UFPEL\",\"potentialAction\":[{\"@type\":\"SearchAction\",\"target\":{\"@type\":\"EntryPoint\",\"urlTemplate\":\"https:\/\/wp.ufpel.edu.br\/aeeufpel\/?s={search_term_string}\"},\"query-input\":{\"@type\":\"PropertyValueSpecification\",\"valueRequired\":true,\"valueName\":\"search_term_string\"}}],\"inLanguage\":\"pt-BR\"}]}<\/script>\n<!-- \/ Yoast SEO plugin. -->","yoast_head_json":{"title":"Acessibilidade no Site - Forma\u00e7\u00e3o em Servi\u00e7o de Atendimento Educacional Especializado","robots":{"index":"index","follow":"follow","max-snippet":"max-snippet:-1","max-image-preview":"max-image-preview:large","max-video-preview":"max-video-preview:-1"},"canonical":"https:\/\/wp.ufpel.edu.br\/aeeufpel\/acessibilidade-no-site\/","og_locale":"pt_BR","og_type":"article","og_title":"Acessibilidade no Site - Forma\u00e7\u00e3o em Servi\u00e7o de Atendimento Educacional Especializado","og_description":"&nbsp; &nbsp; &nbsp; Este site responsivo\u00a0\u00e9 desenvolvido em WordPress, pode ser acessado em computadores, tablets e celulares.\u00a0 O menu principal horizontal est\u00e1 localizado no topo do site\u00a0\u00e0 direita. No final do site \u00e0 esquerda h\u00e1 uma \u00e1rea denominada Mapa do Site que exp\u00f5e em lista todas as p\u00e1ginas deste site. Utilize as ferramentas de acessibilidade\u00a0de [&hellip;]","og_url":"https:\/\/wp.ufpel.edu.br\/aeeufpel\/acessibilidade-no-site\/","og_site_name":"Forma\u00e7\u00e3o em Servi\u00e7o de Atendimento Educacional Especializado","article_modified_time":"2025-04-23T00:41:42+00:00","og_image":[{"width":768,"height":767,"url":"https:\/\/wp.ufpel.edu.br\/aeeufpel\/files\/2025\/04\/libras.jpg","type":"image\/jpeg"}],"twitter_card":"summary_large_image","twitter_misc":{"Est. tempo de leitura":"1 minuto"},"schema":{"@context":"https:\/\/schema.org","@graph":[{"@type":"WebPage","@id":"https:\/\/wp.ufpel.edu.br\/aeeufpel\/acessibilidade-no-site\/","url":"https:\/\/wp.ufpel.edu.br\/aeeufpel\/acessibilidade-no-site\/","name":"Acessibilidade no Site - Forma\u00e7\u00e3o em Servi\u00e7o de Atendimento Educacional Especializado","isPartOf":{"@id":"https:\/\/wp.ufpel.edu.br\/aeeufpel\/#website"},"primaryImageOfPage":{"@id":"https:\/\/wp.ufpel.edu.br\/aeeufpel\/acessibilidade-no-site\/#primaryimage"},"image":{"@id":"https:\/\/wp.ufpel.edu.br\/aeeufpel\/acessibilidade-no-site\/#primaryimage"},"thumbnailUrl":"https:\/\/wp.ufpel.edu.br\/aeeufpel\/files\/2025\/04\/libras-400x400.jpg","datePublished":"2020-07-15T14:22:43+00:00","dateModified":"2025-04-23T00:41:42+00:00","breadcrumb":{"@id":"https:\/\/wp.ufpel.edu.br\/aeeufpel\/acessibilidade-no-site\/#breadcrumb"},"inLanguage":"pt-BR","potentialAction":[{"@type":"ReadAction","target":["https:\/\/wp.ufpel.edu.br\/aeeufpel\/acessibilidade-no-site\/"]}]},{"@type":"ImageObject","inLanguage":"pt-BR","@id":"https:\/\/wp.ufpel.edu.br\/aeeufpel\/acessibilidade-no-site\/#primaryimage","url":"https:\/\/wp.ufpel.edu.br\/aeeufpel\/files\/2025\/04\/libras.jpg","contentUrl":"https:\/\/wp.ufpel.edu.br\/aeeufpel\/files\/2025\/04\/libras.jpg","width":768,"height":767,"caption":"\u00cdcone azul com bordas arredondadas, contendo duas m\u00e3os brancas em posi\u00e7\u00e3o de sinaliza\u00e7\u00e3o. Uma m\u00e3o est\u00e1 aberta com os dedos estendidos, enquanto a outra faz um gesto sobre a palma da primeira. Linhas curvas ao redor das m\u00e3os indicam movimento. A imagem simboliza o uso da L\u00edngua Brasileira de Sinais (LIBRAS), voltado \u00e0 acessibilidade para pessoas surdas."},{"@type":"BreadcrumbList","@id":"https:\/\/wp.ufpel.edu.br\/aeeufpel\/acessibilidade-no-site\/#breadcrumb","itemListElement":[{"@type":"ListItem","position":1,"name":"In\u00edcio","item":"https:\/\/wp.ufpel.edu.br\/aeeufpel\/"},{"@type":"ListItem","position":2,"name":"Acessibilidade no Site"}]},{"@type":"WebSite","@id":"https:\/\/wp.ufpel.edu.br\/aeeufpel\/#website","url":"https:\/\/wp.ufpel.edu.br\/aeeufpel\/","name":"Forma\u00e7\u00e3o em Servi\u00e7o de Atendimento Educacional Especializado","description":"Universidade Federal de Pelotas - UFPEL","potentialAction":[{"@type":"SearchAction","target":{"@type":"EntryPoint","urlTemplate":"https:\/\/wp.ufpel.edu.br\/aeeufpel\/?s={search_term_string}"},"query-input":{"@type":"PropertyValueSpecification","valueRequired":true,"valueName":"search_term_string"}}],"inLanguage":"pt-BR"}]}},"_links":{"self":[{"href":"https:\/\/wp.ufpel.edu.br\/aeeufpel\/wp-json\/wp\/v2\/pages\/80","targetHints":{"allow":["GET"]}}],"collection":[{"href":"https:\/\/wp.ufpel.edu.br\/aeeufpel\/wp-json\/wp\/v2\/pages"}],"about":[{"href":"https:\/\/wp.ufpel.edu.br\/aeeufpel\/wp-json\/wp\/v2\/types\/page"}],"author":[{"embeddable":true,"href":"https:\/\/wp.ufpel.edu.br\/aeeufpel\/wp-json\/wp\/v2\/users\/1031"}],"replies":[{"embeddable":true,"href":"https:\/\/wp.ufpel.edu.br\/aeeufpel\/wp-json\/wp\/v2\/comments?post=80"}],"version-history":[{"count":7,"href":"https:\/\/wp.ufpel.edu.br\/aeeufpel\/wp-json\/wp\/v2\/pages\/80\/revisions"}],"predecessor-version":[{"id":1273,"href":"https:\/\/wp.ufpel.edu.br\/aeeufpel\/wp-json\/wp\/v2\/pages\/80\/revisions\/1273"}],"wp:attachment":[{"href":"https:\/\/wp.ufpel.edu.br\/aeeufpel\/wp-json\/wp\/v2\/media?parent=80"}],"curies":[{"name":"wp","href":"https:\/\/api.w.org\/{rel}","templated":true}]}}