{"id":74,"date":"2020-07-15T11:22:03","date_gmt":"2020-07-15T14:22:03","guid":{"rendered":"https:\/\/wp.ufpel.edu.br\/aeeufpel\/?page_id=74"},"modified":"2025-04-22T21:38:37","modified_gmt":"2025-04-23T00:38:37","slug":"quem-somos","status":"publish","type":"page","link":"https:\/\/wp.ufpel.edu.br\/aeeufpel\/quem-somos\/","title":{"rendered":"Quem Somos"},"content":{"rendered":"<p><a href=\"https:\/\/wp.ufpel.edu.br\/aeeufpel\/files\/2025\/04\/quem-somos.mp4\"><img loading=\"lazy\" decoding=\"async\" class=\"wp-image-1261 alignleft\" src=\"https:\/\/wp.ufpel.edu.br\/aeeufpel\/files\/2025\/04\/libras-400x400.jpg\" alt=\"\u00cdcone azul com bordas arredondadas, contendo duas m\u00e3os brancas em posi\u00e7\u00e3o de sinaliza\u00e7\u00e3o. Uma m\u00e3o est\u00e1 aberta com os dedos estendidos, enquanto a outra faz um gesto sobre a palma da primeira. Linhas curvas ao redor das m\u00e3os indicam movimento. A imagem simboliza o uso da L\u00edngua Brasileira de Sinais (LIBRAS), voltado \u00e0 acessibilidade para pessoas surdas.\" width=\"73\" height=\"73\" srcset=\"https:\/\/wp.ufpel.edu.br\/aeeufpel\/files\/2025\/04\/libras-400x400.jpg 400w, https:\/\/wp.ufpel.edu.br\/aeeufpel\/files\/2025\/04\/libras-200x200.jpg 200w, https:\/\/wp.ufpel.edu.br\/aeeufpel\/files\/2025\/04\/libras.jpg 768w\" sizes=\"auto, (max-width: 73px) 100vw, 73px\" \/><\/a><a href=\"https:\/\/wp.ufpel.edu.br\/aeeufpel\/files\/2025\/04\/Audio-Quem-somos.mp3\"><img loading=\"lazy\" decoding=\"async\" class=\"wp-image-1262 alignleft\" src=\"https:\/\/wp.ufpel.edu.br\/aeeufpel\/files\/2025\/04\/audiodescricao-400x232.jpg\" alt=\"Logotipo em preto e branco com as letras &quot;AD&quot; em negrito. Ao lado direito das letras, h\u00e1 tr\u00eas ondas curvas, simbolizando som. Abaixo, est\u00e1 escrito &quot;Audiodescri\u00e7\u00e3o&quot;, tamb\u00e9m em negrito, com ondas menores nos dois lados da palavra. A imagem representa o recurso de audiodescri\u00e7\u00e3o para pessoas com defici\u00eancia visual.\" width=\"126\" height=\"73\" srcset=\"https:\/\/wp.ufpel.edu.br\/aeeufpel\/files\/2025\/04\/audiodescricao-400x232.jpg 400w, https:\/\/wp.ufpel.edu.br\/aeeufpel\/files\/2025\/04\/audiodescricao.jpg 720w\" sizes=\"auto, (max-width: 126px) 100vw, 126px\" \/><\/a><\/p>\n<p>&nbsp;<\/p>\n<p>&nbsp;<\/p>\n<p>&nbsp;<\/p>\n<p><span style=\"font-family: tahoma, arial, helvetica, sans-serif;\">O N\u00facleo de Estudos e Pesquisas em Cogni\u00e7\u00e3o e Aprendizagem (NEPCA)\\ Instituto de Biologia da Universidade Federal de Pelotas, desenvolve deste 2009 a\u00e7\u00f5es de pesquisa, ensino e extens\u00e3o, realiza\u00e7\u00e3o de eventos, publica\u00e7\u00f5es, cursos e disciplinas na gradua\u00e7\u00e3o e p\u00f3s-gradua\u00e7\u00e3o, que tratam das tem\u00e1ticas da inclus\u00e3o, processos de aprendizagem de pessoas com defici\u00eancia, atendimento educacional especializado, forma\u00e7\u00e3o de professores, Transtorno do Espectro Autista, Interven\u00e7\u00e3o Precoce, Metodologias e Recursos Adaptados, entre outros temas relacionados.<\/span><\/p>\n<p><span style=\"font-family: tahoma, arial, helvetica, sans-serif;\">Em 2012, ap\u00f3s aprova\u00e7\u00e3o do edital 2011\\SECADI\\MEC, desenvolveu o Curso \u201cGest\u00e3o da Educa\u00e7\u00e3o Especial na perspectiva da Educa\u00e7\u00e3o Inclusiva\u201d, inicialmente como extens\u00e3o e, a partir de 2014, como aperfei\u00e7oamento., sendo realizadas tr\u00eas edi\u00e7\u00f5es, a saber 2012\\2013, 2013\\2014 e 2014\\2015.<\/span><\/p>\n<p><span style=\"font-family: tahoma, arial, helvetica, sans-serif;\">Em 2017, retomadas as ofertas de forma\u00e7\u00e3o via SECADI, oportunizamos o curso de aperfei\u00e7oamento em Atendimento Educacional Especializado &#8211; Defici\u00eancia Intelectual e em 2018, o curso de aperfei\u00e7oamento em Atendimento Educacional Especializado &#8211; Defici\u00eancia visual, agora propostos para 2020 como reedi\u00e7\u00e3o, com acr\u00e9scimo do curso de Aperfei\u00e7oamento em Servi\u00e7o de Atendimento Educacional Especializado- Transtorno do Espectro Autista, do curso de Extens\u00e3o em Servi\u00e7o de Atendimento Educacional Especializado em tempos de pandemia e o Curso de Especializa\u00e7\u00e3o em Servi\u00e7o de Atendimento Educacional Especializado.<\/span><\/p>\n<p><span style=\"font-family: tahoma, arial, helvetica, sans-serif;\">As equipes de gestores, formadores, tutores e colaboradores, que formam a rede de forma\u00e7\u00e3o destas ofertas, s\u00e3o compostos por profissionais da \u00e1rea e de \u00e1reas afins, mestrandos e doutorandos, com experi\u00eancia e conhecimento no campo da Educa\u00e7\u00e3o Especial.<\/span><\/p>\n<p><span style=\"font-family: tahoma, arial, helvetica, sans-serif;\">A oferta destas forma\u00e7\u00f5es busca, prioritariamente, oportunizar aos professores da rede p\u00fablica, gestores e demais atores dos sistemas de educa\u00e7\u00e3o, conhecimentos, reflex\u00f5es e aprofundamentos que qualifiquem o processo de inclus\u00e3o e de aprendizagem de pessoas com defici\u00eancia, sejam em servi\u00e7os, apoios e atendimentos, quando nas salas de aula comuns das escolas.<\/span><\/p>\n","protected":false},"excerpt":{"rendered":"<p>&nbsp; &nbsp; &nbsp; O N\u00facleo de Estudos e Pesquisas em Cogni\u00e7\u00e3o e Aprendizagem (NEPCA)\\ Instituto de Biologia da Universidade Federal de Pelotas, desenvolve deste 2009 a\u00e7\u00f5es de pesquisa, ensino e extens\u00e3o, realiza\u00e7\u00e3o de eventos, publica\u00e7\u00f5es, cursos e disciplinas na gradua\u00e7\u00e3o e p\u00f3s-gradua\u00e7\u00e3o, que tratam das tem\u00e1ticas da inclus\u00e3o, processos de aprendizagem de pessoas com defici\u00eancia, [&hellip;]<\/p>\n","protected":false},"author":1031,"featured_media":0,"parent":0,"menu_order":0,"comment_status":"closed","ping_status":"closed","template":"","meta":{"footnotes":""},"class_list":["post-74","page","type-page","status-publish","hentry","post"],"yoast_head":"<!-- This site is optimized with the Yoast SEO plugin v26.7 - https:\/\/yoast.com\/wordpress\/plugins\/seo\/ -->\n<title>Quem Somos - Forma\u00e7\u00e3o em Servi\u00e7o de Atendimento Educacional Especializado<\/title>\n<meta name=\"robots\" content=\"index, follow, max-snippet:-1, max-image-preview:large, max-video-preview:-1\" \/>\n<link rel=\"canonical\" href=\"https:\/\/wp.ufpel.edu.br\/aeeufpel\/quem-somos\/\" \/>\n<meta property=\"og:locale\" content=\"pt_BR\" \/>\n<meta property=\"og:type\" content=\"article\" \/>\n<meta property=\"og:title\" content=\"Quem Somos - Forma\u00e7\u00e3o em Servi\u00e7o de Atendimento Educacional Especializado\" \/>\n<meta property=\"og:description\" content=\"&nbsp; &nbsp; &nbsp; O N\u00facleo de Estudos e Pesquisas em Cogni\u00e7\u00e3o e Aprendizagem (NEPCA) Instituto de Biologia da Universidade Federal de Pelotas, desenvolve deste 2009 a\u00e7\u00f5es de pesquisa, ensino e extens\u00e3o, realiza\u00e7\u00e3o de eventos, publica\u00e7\u00f5es, cursos e disciplinas na gradua\u00e7\u00e3o e p\u00f3s-gradua\u00e7\u00e3o, que tratam das tem\u00e1ticas da inclus\u00e3o, processos de aprendizagem de pessoas com defici\u00eancia, [&hellip;]\" \/>\n<meta property=\"og:url\" content=\"https:\/\/wp.ufpel.edu.br\/aeeufpel\/quem-somos\/\" \/>\n<meta property=\"og:site_name\" content=\"Forma\u00e7\u00e3o em Servi\u00e7o de Atendimento Educacional Especializado\" \/>\n<meta property=\"article:modified_time\" content=\"2025-04-23T00:38:37+00:00\" \/>\n<meta property=\"og:image\" content=\"https:\/\/wp.ufpel.edu.br\/aeeufpel\/files\/2025\/04\/libras.jpg\" \/>\n\t<meta property=\"og:image:width\" content=\"768\" \/>\n\t<meta property=\"og:image:height\" content=\"767\" \/>\n\t<meta property=\"og:image:type\" content=\"image\/jpeg\" \/>\n<meta name=\"twitter:card\" content=\"summary_large_image\" \/>\n<meta name=\"twitter:label1\" content=\"Est. tempo de leitura\" \/>\n\t<meta name=\"twitter:data1\" content=\"2 minutos\" \/>\n<script type=\"application\/ld+json\" class=\"yoast-schema-graph\">{\"@context\":\"https:\/\/schema.org\",\"@graph\":[{\"@type\":\"WebPage\",\"@id\":\"https:\/\/wp.ufpel.edu.br\/aeeufpel\/quem-somos\/\",\"url\":\"https:\/\/wp.ufpel.edu.br\/aeeufpel\/quem-somos\/\",\"name\":\"Quem Somos - Forma\u00e7\u00e3o em Servi\u00e7o de Atendimento Educacional Especializado\",\"isPartOf\":{\"@id\":\"https:\/\/wp.ufpel.edu.br\/aeeufpel\/#website\"},\"primaryImageOfPage\":{\"@id\":\"https:\/\/wp.ufpel.edu.br\/aeeufpel\/quem-somos\/#primaryimage\"},\"image\":{\"@id\":\"https:\/\/wp.ufpel.edu.br\/aeeufpel\/quem-somos\/#primaryimage\"},\"thumbnailUrl\":\"https:\/\/wp.ufpel.edu.br\/aeeufpel\/files\/2025\/04\/libras-400x400.jpg\",\"datePublished\":\"2020-07-15T14:22:03+00:00\",\"dateModified\":\"2025-04-23T00:38:37+00:00\",\"breadcrumb\":{\"@id\":\"https:\/\/wp.ufpel.edu.br\/aeeufpel\/quem-somos\/#breadcrumb\"},\"inLanguage\":\"pt-BR\",\"potentialAction\":[{\"@type\":\"ReadAction\",\"target\":[\"https:\/\/wp.ufpel.edu.br\/aeeufpel\/quem-somos\/\"]}]},{\"@type\":\"ImageObject\",\"inLanguage\":\"pt-BR\",\"@id\":\"https:\/\/wp.ufpel.edu.br\/aeeufpel\/quem-somos\/#primaryimage\",\"url\":\"https:\/\/wp.ufpel.edu.br\/aeeufpel\/files\/2025\/04\/libras.jpg\",\"contentUrl\":\"https:\/\/wp.ufpel.edu.br\/aeeufpel\/files\/2025\/04\/libras.jpg\",\"width\":768,\"height\":767,\"caption\":\"\u00cdcone azul com bordas arredondadas, contendo duas m\u00e3os brancas em posi\u00e7\u00e3o de sinaliza\u00e7\u00e3o. Uma m\u00e3o est\u00e1 aberta com os dedos estendidos, enquanto a outra faz um gesto sobre a palma da primeira. Linhas curvas ao redor das m\u00e3os indicam movimento. A imagem simboliza o uso da L\u00edngua Brasileira de Sinais (LIBRAS), voltado \u00e0 acessibilidade para pessoas surdas.\"},{\"@type\":\"BreadcrumbList\",\"@id\":\"https:\/\/wp.ufpel.edu.br\/aeeufpel\/quem-somos\/#breadcrumb\",\"itemListElement\":[{\"@type\":\"ListItem\",\"position\":1,\"name\":\"In\u00edcio\",\"item\":\"https:\/\/wp.ufpel.edu.br\/aeeufpel\/\"},{\"@type\":\"ListItem\",\"position\":2,\"name\":\"Quem Somos\"}]},{\"@type\":\"WebSite\",\"@id\":\"https:\/\/wp.ufpel.edu.br\/aeeufpel\/#website\",\"url\":\"https:\/\/wp.ufpel.edu.br\/aeeufpel\/\",\"name\":\"Forma\u00e7\u00e3o em Servi\u00e7o de Atendimento Educacional Especializado\",\"description\":\"Universidade Federal de Pelotas - UFPEL\",\"potentialAction\":[{\"@type\":\"SearchAction\",\"target\":{\"@type\":\"EntryPoint\",\"urlTemplate\":\"https:\/\/wp.ufpel.edu.br\/aeeufpel\/?s={search_term_string}\"},\"query-input\":{\"@type\":\"PropertyValueSpecification\",\"valueRequired\":true,\"valueName\":\"search_term_string\"}}],\"inLanguage\":\"pt-BR\"}]}<\/script>\n<!-- \/ Yoast SEO plugin. -->","yoast_head_json":{"title":"Quem Somos - Forma\u00e7\u00e3o em Servi\u00e7o de Atendimento Educacional Especializado","robots":{"index":"index","follow":"follow","max-snippet":"max-snippet:-1","max-image-preview":"max-image-preview:large","max-video-preview":"max-video-preview:-1"},"canonical":"https:\/\/wp.ufpel.edu.br\/aeeufpel\/quem-somos\/","og_locale":"pt_BR","og_type":"article","og_title":"Quem Somos - Forma\u00e7\u00e3o em Servi\u00e7o de Atendimento Educacional Especializado","og_description":"&nbsp; &nbsp; &nbsp; O N\u00facleo de Estudos e Pesquisas em Cogni\u00e7\u00e3o e Aprendizagem (NEPCA) Instituto de Biologia da Universidade Federal de Pelotas, desenvolve deste 2009 a\u00e7\u00f5es de pesquisa, ensino e extens\u00e3o, realiza\u00e7\u00e3o de eventos, publica\u00e7\u00f5es, cursos e disciplinas na gradua\u00e7\u00e3o e p\u00f3s-gradua\u00e7\u00e3o, que tratam das tem\u00e1ticas da inclus\u00e3o, processos de aprendizagem de pessoas com defici\u00eancia, [&hellip;]","og_url":"https:\/\/wp.ufpel.edu.br\/aeeufpel\/quem-somos\/","og_site_name":"Forma\u00e7\u00e3o em Servi\u00e7o de Atendimento Educacional Especializado","article_modified_time":"2025-04-23T00:38:37+00:00","og_image":[{"width":768,"height":767,"url":"https:\/\/wp.ufpel.edu.br\/aeeufpel\/files\/2025\/04\/libras.jpg","type":"image\/jpeg"}],"twitter_card":"summary_large_image","twitter_misc":{"Est. tempo de leitura":"2 minutos"},"schema":{"@context":"https:\/\/schema.org","@graph":[{"@type":"WebPage","@id":"https:\/\/wp.ufpel.edu.br\/aeeufpel\/quem-somos\/","url":"https:\/\/wp.ufpel.edu.br\/aeeufpel\/quem-somos\/","name":"Quem Somos - Forma\u00e7\u00e3o em Servi\u00e7o de Atendimento Educacional Especializado","isPartOf":{"@id":"https:\/\/wp.ufpel.edu.br\/aeeufpel\/#website"},"primaryImageOfPage":{"@id":"https:\/\/wp.ufpel.edu.br\/aeeufpel\/quem-somos\/#primaryimage"},"image":{"@id":"https:\/\/wp.ufpel.edu.br\/aeeufpel\/quem-somos\/#primaryimage"},"thumbnailUrl":"https:\/\/wp.ufpel.edu.br\/aeeufpel\/files\/2025\/04\/libras-400x400.jpg","datePublished":"2020-07-15T14:22:03+00:00","dateModified":"2025-04-23T00:38:37+00:00","breadcrumb":{"@id":"https:\/\/wp.ufpel.edu.br\/aeeufpel\/quem-somos\/#breadcrumb"},"inLanguage":"pt-BR","potentialAction":[{"@type":"ReadAction","target":["https:\/\/wp.ufpel.edu.br\/aeeufpel\/quem-somos\/"]}]},{"@type":"ImageObject","inLanguage":"pt-BR","@id":"https:\/\/wp.ufpel.edu.br\/aeeufpel\/quem-somos\/#primaryimage","url":"https:\/\/wp.ufpel.edu.br\/aeeufpel\/files\/2025\/04\/libras.jpg","contentUrl":"https:\/\/wp.ufpel.edu.br\/aeeufpel\/files\/2025\/04\/libras.jpg","width":768,"height":767,"caption":"\u00cdcone azul com bordas arredondadas, contendo duas m\u00e3os brancas em posi\u00e7\u00e3o de sinaliza\u00e7\u00e3o. Uma m\u00e3o est\u00e1 aberta com os dedos estendidos, enquanto a outra faz um gesto sobre a palma da primeira. Linhas curvas ao redor das m\u00e3os indicam movimento. A imagem simboliza o uso da L\u00edngua Brasileira de Sinais (LIBRAS), voltado \u00e0 acessibilidade para pessoas surdas."},{"@type":"BreadcrumbList","@id":"https:\/\/wp.ufpel.edu.br\/aeeufpel\/quem-somos\/#breadcrumb","itemListElement":[{"@type":"ListItem","position":1,"name":"In\u00edcio","item":"https:\/\/wp.ufpel.edu.br\/aeeufpel\/"},{"@type":"ListItem","position":2,"name":"Quem Somos"}]},{"@type":"WebSite","@id":"https:\/\/wp.ufpel.edu.br\/aeeufpel\/#website","url":"https:\/\/wp.ufpel.edu.br\/aeeufpel\/","name":"Forma\u00e7\u00e3o em Servi\u00e7o de Atendimento Educacional Especializado","description":"Universidade Federal de Pelotas - UFPEL","potentialAction":[{"@type":"SearchAction","target":{"@type":"EntryPoint","urlTemplate":"https:\/\/wp.ufpel.edu.br\/aeeufpel\/?s={search_term_string}"},"query-input":{"@type":"PropertyValueSpecification","valueRequired":true,"valueName":"search_term_string"}}],"inLanguage":"pt-BR"}]}},"_links":{"self":[{"href":"https:\/\/wp.ufpel.edu.br\/aeeufpel\/wp-json\/wp\/v2\/pages\/74","targetHints":{"allow":["GET"]}}],"collection":[{"href":"https:\/\/wp.ufpel.edu.br\/aeeufpel\/wp-json\/wp\/v2\/pages"}],"about":[{"href":"https:\/\/wp.ufpel.edu.br\/aeeufpel\/wp-json\/wp\/v2\/types\/page"}],"author":[{"embeddable":true,"href":"https:\/\/wp.ufpel.edu.br\/aeeufpel\/wp-json\/wp\/v2\/users\/1031"}],"replies":[{"embeddable":true,"href":"https:\/\/wp.ufpel.edu.br\/aeeufpel\/wp-json\/wp\/v2\/comments?post=74"}],"version-history":[{"count":9,"href":"https:\/\/wp.ufpel.edu.br\/aeeufpel\/wp-json\/wp\/v2\/pages\/74\/revisions"}],"predecessor-version":[{"id":1272,"href":"https:\/\/wp.ufpel.edu.br\/aeeufpel\/wp-json\/wp\/v2\/pages\/74\/revisions\/1272"}],"wp:attachment":[{"href":"https:\/\/wp.ufpel.edu.br\/aeeufpel\/wp-json\/wp\/v2\/media?parent=74"}],"curies":[{"name":"wp","href":"https:\/\/api.w.org\/{rel}","templated":true}]}}