{"id":692,"date":"2022-04-26T17:14:20","date_gmt":"2022-04-26T20:14:20","guid":{"rendered":"https:\/\/wp.ufpel.edu.br\/aeeufpel\/?page_id=692"},"modified":"2023-04-04T16:27:45","modified_gmt":"2023-04-04T19:27:45","slug":"2022-2","status":"publish","type":"page","link":"https:\/\/wp.ufpel.edu.br\/aeeufpel\/2022-2\/","title":{"rendered":"2022"},"content":{"rendered":"<p><a href=\"https:\/\/wp.ufpel.edu.br\/aeeufpel\/gestao-da-educacao-especial-na-perspectiva-inclusiva-aperfeicoamento-2022\/\"><img loading=\"lazy\" decoding=\"async\" class=\"alignnone wp-image-924 size-full\" src=\"https:\/\/wp.ufpel.edu.br\/aeeufpel\/files\/2023\/04\/0083_2022_ufpel_site_aee-ufpel-cursos-2022_ind_abril_Prancheta-1-copia-2.png\" alt=\"\" width=\"3968\" height=\"778\" srcset=\"https:\/\/wp.ufpel.edu.br\/aeeufpel\/files\/2023\/04\/0083_2022_ufpel_site_aee-ufpel-cursos-2022_ind_abril_Prancheta-1-copia-2.png 3968w, https:\/\/wp.ufpel.edu.br\/aeeufpel\/files\/2023\/04\/0083_2022_ufpel_site_aee-ufpel-cursos-2022_ind_abril_Prancheta-1-copia-2-400x78.png 400w, https:\/\/wp.ufpel.edu.br\/aeeufpel\/files\/2023\/04\/0083_2022_ufpel_site_aee-ufpel-cursos-2022_ind_abril_Prancheta-1-copia-2-1024x201.png 1024w, https:\/\/wp.ufpel.edu.br\/aeeufpel\/files\/2023\/04\/0083_2022_ufpel_site_aee-ufpel-cursos-2022_ind_abril_Prancheta-1-copia-2-768x151.png 768w, https:\/\/wp.ufpel.edu.br\/aeeufpel\/files\/2023\/04\/0083_2022_ufpel_site_aee-ufpel-cursos-2022_ind_abril_Prancheta-1-copia-2-1536x301.png 1536w, https:\/\/wp.ufpel.edu.br\/aeeufpel\/files\/2023\/04\/0083_2022_ufpel_site_aee-ufpel-cursos-2022_ind_abril_Prancheta-1-copia-2-2048x402.png 2048w\" sizes=\"auto, (max-width: 3968px) 100vw, 3968px\" \/><\/a><\/p>\n<p><img loading=\"lazy\" decoding=\"async\" class=\"aligncenter wp-image-923 size-full\" src=\"https:\/\/wp.ufpel.edu.br\/aeeufpel\/files\/2023\/04\/0083_2022_ufpel_site_aee-ufpel-cursos-2022_ind_abril_Prancheta-1-copia-3.png\" alt=\"\" width=\"3968\" height=\"778\" srcset=\"https:\/\/wp.ufpel.edu.br\/aeeufpel\/files\/2023\/04\/0083_2022_ufpel_site_aee-ufpel-cursos-2022_ind_abril_Prancheta-1-copia-3.png 3968w, https:\/\/wp.ufpel.edu.br\/aeeufpel\/files\/2023\/04\/0083_2022_ufpel_site_aee-ufpel-cursos-2022_ind_abril_Prancheta-1-copia-3-400x78.png 400w, https:\/\/wp.ufpel.edu.br\/aeeufpel\/files\/2023\/04\/0083_2022_ufpel_site_aee-ufpel-cursos-2022_ind_abril_Prancheta-1-copia-3-1024x201.png 1024w, https:\/\/wp.ufpel.edu.br\/aeeufpel\/files\/2023\/04\/0083_2022_ufpel_site_aee-ufpel-cursos-2022_ind_abril_Prancheta-1-copia-3-768x151.png 768w, https:\/\/wp.ufpel.edu.br\/aeeufpel\/files\/2023\/04\/0083_2022_ufpel_site_aee-ufpel-cursos-2022_ind_abril_Prancheta-1-copia-3-1536x301.png 1536w, https:\/\/wp.ufpel.edu.br\/aeeufpel\/files\/2023\/04\/0083_2022_ufpel_site_aee-ufpel-cursos-2022_ind_abril_Prancheta-1-copia-3-2048x402.png 2048w\" sizes=\"auto, (max-width: 3968px) 100vw, 3968px\" \/><\/p>\n<p><a href=\"https:\/\/wp.ufpel.edu.br\/aeeufpel\/aee-no-contexto-da-educacao-infantil-aperfeicoamento-2022\/\"><img loading=\"lazy\" decoding=\"async\" class=\"aligncenter wp-image-921 size-full\" src=\"https:\/\/wp.ufpel.edu.br\/aeeufpel\/files\/2023\/04\/0083_2022_ufpel_site_aee-ufpel-cursos-2022_ind_abril_Prancheta-1-copia-1.jpg\" alt=\"\" width=\"1904\" height=\"373\" srcset=\"https:\/\/wp.ufpel.edu.br\/aeeufpel\/files\/2023\/04\/0083_2022_ufpel_site_aee-ufpel-cursos-2022_ind_abril_Prancheta-1-copia-1.jpg 1904w, https:\/\/wp.ufpel.edu.br\/aeeufpel\/files\/2023\/04\/0083_2022_ufpel_site_aee-ufpel-cursos-2022_ind_abril_Prancheta-1-copia-1-400x78.jpg 400w, https:\/\/wp.ufpel.edu.br\/aeeufpel\/files\/2023\/04\/0083_2022_ufpel_site_aee-ufpel-cursos-2022_ind_abril_Prancheta-1-copia-1-1024x201.jpg 1024w, https:\/\/wp.ufpel.edu.br\/aeeufpel\/files\/2023\/04\/0083_2022_ufpel_site_aee-ufpel-cursos-2022_ind_abril_Prancheta-1-copia-1-768x150.jpg 768w, https:\/\/wp.ufpel.edu.br\/aeeufpel\/files\/2023\/04\/0083_2022_ufpel_site_aee-ufpel-cursos-2022_ind_abril_Prancheta-1-copia-1-1536x301.jpg 1536w\" sizes=\"auto, (max-width: 1904px) 100vw, 1904px\" \/><\/a><\/p>\n<p><img loading=\"lazy\" decoding=\"async\" class=\"alignnone wp-image-764 size-full\" src=\"https:\/\/wp.ufpel.edu.br\/aeeufpel\/files\/2022\/05\/0083_2022_ufpel_site_aee-ufpel-cursos-2022_ind_abril_Prancheta-1-copia-5.png\" alt=\"\" width=\"7934\" height=\"1555\" srcset=\"https:\/\/wp.ufpel.edu.br\/aeeufpel\/files\/2022\/05\/0083_2022_ufpel_site_aee-ufpel-cursos-2022_ind_abril_Prancheta-1-copia-5.png 7934w, https:\/\/wp.ufpel.edu.br\/aeeufpel\/files\/2022\/05\/0083_2022_ufpel_site_aee-ufpel-cursos-2022_ind_abril_Prancheta-1-copia-5-400x78.png 400w, https:\/\/wp.ufpel.edu.br\/aeeufpel\/files\/2022\/05\/0083_2022_ufpel_site_aee-ufpel-cursos-2022_ind_abril_Prancheta-1-copia-5-1024x201.png 1024w, https:\/\/wp.ufpel.edu.br\/aeeufpel\/files\/2022\/05\/0083_2022_ufpel_site_aee-ufpel-cursos-2022_ind_abril_Prancheta-1-copia-5-768x151.png 768w, https:\/\/wp.ufpel.edu.br\/aeeufpel\/files\/2022\/05\/0083_2022_ufpel_site_aee-ufpel-cursos-2022_ind_abril_Prancheta-1-copia-5-1536x301.png 1536w, https:\/\/wp.ufpel.edu.br\/aeeufpel\/files\/2022\/05\/0083_2022_ufpel_site_aee-ufpel-cursos-2022_ind_abril_Prancheta-1-copia-5-2048x401.png 2048w\" sizes=\"auto, (max-width: 7934px) 100vw, 7934px\" \/><\/p>\n<p><img loading=\"lazy\" decoding=\"async\" class=\"alignnone wp-image-761 size-full\" src=\"https:\/\/wp.ufpel.edu.br\/aeeufpel\/files\/2022\/05\/0083_2022_ufpel_site_aee-ufpel-cursos-2022_ind_abril_Prancheta-1-scaled.jpg\" alt=\"\" width=\"2560\" height=\"502\" srcset=\"https:\/\/wp.ufpel.edu.br\/aeeufpel\/files\/2022\/05\/0083_2022_ufpel_site_aee-ufpel-cursos-2022_ind_abril_Prancheta-1-scaled.jpg 2560w, https:\/\/wp.ufpel.edu.br\/aeeufpel\/files\/2022\/05\/0083_2022_ufpel_site_aee-ufpel-cursos-2022_ind_abril_Prancheta-1-400x78.jpg 400w, https:\/\/wp.ufpel.edu.br\/aeeufpel\/files\/2022\/05\/0083_2022_ufpel_site_aee-ufpel-cursos-2022_ind_abril_Prancheta-1-1024x201.jpg 1024w, https:\/\/wp.ufpel.edu.br\/aeeufpel\/files\/2022\/05\/0083_2022_ufpel_site_aee-ufpel-cursos-2022_ind_abril_Prancheta-1-768x151.jpg 768w, https:\/\/wp.ufpel.edu.br\/aeeufpel\/files\/2022\/05\/0083_2022_ufpel_site_aee-ufpel-cursos-2022_ind_abril_Prancheta-1-1536x301.jpg 1536w, https:\/\/wp.ufpel.edu.br\/aeeufpel\/files\/2022\/05\/0083_2022_ufpel_site_aee-ufpel-cursos-2022_ind_abril_Prancheta-1-2048x402.jpg 2048w\" sizes=\"auto, (max-width: 2560px) 100vw, 2560px\" \/><\/p>\n<p><a href=\"https:\/\/wp.ufpel.edu.br\/aeeufpel\/atendimento-educacional-especializado-e-as-tecnologias-para-a-mediacao-da-aprendizagem-aperfeicoamento-2022\/\"><img loading=\"lazy\" decoding=\"async\" class=\"alignnone wp-image-760 size-full\" src=\"https:\/\/wp.ufpel.edu.br\/aeeufpel\/files\/2022\/05\/0083_2022_ufpel_site_aee-ufpel-cursos-2022_ind_abril_Prancheta-1-copia-4-scaled.jpg\" alt=\"\" width=\"2560\" height=\"502\" srcset=\"https:\/\/wp.ufpel.edu.br\/aeeufpel\/files\/2022\/05\/0083_2022_ufpel_site_aee-ufpel-cursos-2022_ind_abril_Prancheta-1-copia-4-scaled.jpg 2560w, https:\/\/wp.ufpel.edu.br\/aeeufpel\/files\/2022\/05\/0083_2022_ufpel_site_aee-ufpel-cursos-2022_ind_abril_Prancheta-1-copia-4-400x78.jpg 400w, https:\/\/wp.ufpel.edu.br\/aeeufpel\/files\/2022\/05\/0083_2022_ufpel_site_aee-ufpel-cursos-2022_ind_abril_Prancheta-1-copia-4-1024x201.jpg 1024w, https:\/\/wp.ufpel.edu.br\/aeeufpel\/files\/2022\/05\/0083_2022_ufpel_site_aee-ufpel-cursos-2022_ind_abril_Prancheta-1-copia-4-768x151.jpg 768w, https:\/\/wp.ufpel.edu.br\/aeeufpel\/files\/2022\/05\/0083_2022_ufpel_site_aee-ufpel-cursos-2022_ind_abril_Prancheta-1-copia-4-1536x301.jpg 1536w, https:\/\/wp.ufpel.edu.br\/aeeufpel\/files\/2022\/05\/0083_2022_ufpel_site_aee-ufpel-cursos-2022_ind_abril_Prancheta-1-copia-4-2048x402.jpg 2048w\" sizes=\"auto, (max-width: 2560px) 100vw, 2560px\" \/><\/a><\/p>\n<p>&nbsp;<\/p>\n<p>&nbsp;<\/p>\n<p>&nbsp;<\/p>\n<p>&nbsp;<\/p>\n<p>&nbsp;<\/p>\n","protected":false},"excerpt":{"rendered":"<p>&nbsp; &nbsp; &nbsp; &nbsp; &nbsp;<\/p>\n","protected":false},"author":1031,"featured_media":0,"parent":0,"menu_order":0,"comment_status":"closed","ping_status":"closed","template":"","meta":{"footnotes":""},"class_list":["post-692","page","type-page","status-publish","hentry","post"],"yoast_head":"<!-- This site is optimized with the Yoast SEO plugin v26.7 - https:\/\/yoast.com\/wordpress\/plugins\/seo\/ -->\n<title>2022 - Forma\u00e7\u00e3o em Servi\u00e7o de Atendimento Educacional Especializado<\/title>\n<meta name=\"robots\" content=\"index, follow, max-snippet:-1, max-image-preview:large, max-video-preview:-1\" \/>\n<link rel=\"canonical\" href=\"https:\/\/wp.ufpel.edu.br\/aeeufpel\/2022-2\/\" \/>\n<meta property=\"og:locale\" content=\"pt_BR\" \/>\n<meta property=\"og:type\" content=\"article\" \/>\n<meta property=\"og:title\" content=\"2022 - Forma\u00e7\u00e3o em Servi\u00e7o de Atendimento Educacional Especializado\" \/>\n<meta property=\"og:description\" content=\"&nbsp; &nbsp; &nbsp; &nbsp; &nbsp;\" \/>\n<meta property=\"og:url\" content=\"https:\/\/wp.ufpel.edu.br\/aeeufpel\/2022-2\/\" \/>\n<meta property=\"og:site_name\" content=\"Forma\u00e7\u00e3o em Servi\u00e7o de Atendimento Educacional Especializado\" \/>\n<meta property=\"article:modified_time\" content=\"2023-04-04T19:27:45+00:00\" \/>\n<meta property=\"og:image\" content=\"https:\/\/wp.ufpel.edu.br\/aeeufpel\/files\/2023\/04\/0083_2022_ufpel_site_aee-ufpel-cursos-2022_ind_abril_Prancheta-1-copia-2.png\" \/>\n<meta name=\"twitter:card\" content=\"summary_large_image\" \/>\n<meta name=\"twitter:label1\" content=\"Est. tempo de leitura\" \/>\n\t<meta name=\"twitter:data1\" content=\"2 minutos\" \/>\n<script type=\"application\/ld+json\" class=\"yoast-schema-graph\">{\"@context\":\"https:\/\/schema.org\",\"@graph\":[{\"@type\":\"WebPage\",\"@id\":\"https:\/\/wp.ufpel.edu.br\/aeeufpel\/2022-2\/\",\"url\":\"https:\/\/wp.ufpel.edu.br\/aeeufpel\/2022-2\/\",\"name\":\"2022 - Forma\u00e7\u00e3o em Servi\u00e7o de Atendimento Educacional Especializado\",\"isPartOf\":{\"@id\":\"https:\/\/wp.ufpel.edu.br\/aeeufpel\/#website\"},\"primaryImageOfPage\":{\"@id\":\"https:\/\/wp.ufpel.edu.br\/aeeufpel\/2022-2\/#primaryimage\"},\"image\":{\"@id\":\"https:\/\/wp.ufpel.edu.br\/aeeufpel\/2022-2\/#primaryimage\"},\"thumbnailUrl\":\"https:\/\/wp.ufpel.edu.br\/aeeufpel\/files\/2023\/04\/0083_2022_ufpel_site_aee-ufpel-cursos-2022_ind_abril_Prancheta-1-copia-2.png\",\"datePublished\":\"2022-04-26T20:14:20+00:00\",\"dateModified\":\"2023-04-04T19:27:45+00:00\",\"breadcrumb\":{\"@id\":\"https:\/\/wp.ufpel.edu.br\/aeeufpel\/2022-2\/#breadcrumb\"},\"inLanguage\":\"pt-BR\",\"potentialAction\":[{\"@type\":\"ReadAction\",\"target\":[\"https:\/\/wp.ufpel.edu.br\/aeeufpel\/2022-2\/\"]}]},{\"@type\":\"ImageObject\",\"inLanguage\":\"pt-BR\",\"@id\":\"https:\/\/wp.ufpel.edu.br\/aeeufpel\/2022-2\/#primaryimage\",\"url\":\"https:\/\/wp.ufpel.edu.br\/aeeufpel\/files\/2023\/04\/0083_2022_ufpel_site_aee-ufpel-cursos-2022_ind_abril_Prancheta-1-copia-2.png\",\"contentUrl\":\"https:\/\/wp.ufpel.edu.br\/aeeufpel\/files\/2023\/04\/0083_2022_ufpel_site_aee-ufpel-cursos-2022_ind_abril_Prancheta-1-copia-2.png\",\"width\":3968,\"height\":778},{\"@type\":\"BreadcrumbList\",\"@id\":\"https:\/\/wp.ufpel.edu.br\/aeeufpel\/2022-2\/#breadcrumb\",\"itemListElement\":[{\"@type\":\"ListItem\",\"position\":1,\"name\":\"In\u00edcio\",\"item\":\"https:\/\/wp.ufpel.edu.br\/aeeufpel\/\"},{\"@type\":\"ListItem\",\"position\":2,\"name\":\"2022\"}]},{\"@type\":\"WebSite\",\"@id\":\"https:\/\/wp.ufpel.edu.br\/aeeufpel\/#website\",\"url\":\"https:\/\/wp.ufpel.edu.br\/aeeufpel\/\",\"name\":\"Forma\u00e7\u00e3o em Servi\u00e7o de Atendimento Educacional Especializado\",\"description\":\"Universidade Federal de Pelotas - UFPEL\",\"potentialAction\":[{\"@type\":\"SearchAction\",\"target\":{\"@type\":\"EntryPoint\",\"urlTemplate\":\"https:\/\/wp.ufpel.edu.br\/aeeufpel\/?s={search_term_string}\"},\"query-input\":{\"@type\":\"PropertyValueSpecification\",\"valueRequired\":true,\"valueName\":\"search_term_string\"}}],\"inLanguage\":\"pt-BR\"}]}<\/script>\n<!-- \/ Yoast SEO plugin. -->","yoast_head_json":{"title":"2022 - Forma\u00e7\u00e3o em Servi\u00e7o de Atendimento Educacional Especializado","robots":{"index":"index","follow":"follow","max-snippet":"max-snippet:-1","max-image-preview":"max-image-preview:large","max-video-preview":"max-video-preview:-1"},"canonical":"https:\/\/wp.ufpel.edu.br\/aeeufpel\/2022-2\/","og_locale":"pt_BR","og_type":"article","og_title":"2022 - Forma\u00e7\u00e3o em Servi\u00e7o de Atendimento Educacional Especializado","og_description":"&nbsp; &nbsp; &nbsp; &nbsp; &nbsp;","og_url":"https:\/\/wp.ufpel.edu.br\/aeeufpel\/2022-2\/","og_site_name":"Forma\u00e7\u00e3o em Servi\u00e7o de Atendimento Educacional Especializado","article_modified_time":"2023-04-04T19:27:45+00:00","og_image":[{"url":"https:\/\/wp.ufpel.edu.br\/aeeufpel\/files\/2023\/04\/0083_2022_ufpel_site_aee-ufpel-cursos-2022_ind_abril_Prancheta-1-copia-2.png","type":"","width":"","height":""}],"twitter_card":"summary_large_image","twitter_misc":{"Est. tempo de leitura":"2 minutos"},"schema":{"@context":"https:\/\/schema.org","@graph":[{"@type":"WebPage","@id":"https:\/\/wp.ufpel.edu.br\/aeeufpel\/2022-2\/","url":"https:\/\/wp.ufpel.edu.br\/aeeufpel\/2022-2\/","name":"2022 - Forma\u00e7\u00e3o em Servi\u00e7o de Atendimento Educacional Especializado","isPartOf":{"@id":"https:\/\/wp.ufpel.edu.br\/aeeufpel\/#website"},"primaryImageOfPage":{"@id":"https:\/\/wp.ufpel.edu.br\/aeeufpel\/2022-2\/#primaryimage"},"image":{"@id":"https:\/\/wp.ufpel.edu.br\/aeeufpel\/2022-2\/#primaryimage"},"thumbnailUrl":"https:\/\/wp.ufpel.edu.br\/aeeufpel\/files\/2023\/04\/0083_2022_ufpel_site_aee-ufpel-cursos-2022_ind_abril_Prancheta-1-copia-2.png","datePublished":"2022-04-26T20:14:20+00:00","dateModified":"2023-04-04T19:27:45+00:00","breadcrumb":{"@id":"https:\/\/wp.ufpel.edu.br\/aeeufpel\/2022-2\/#breadcrumb"},"inLanguage":"pt-BR","potentialAction":[{"@type":"ReadAction","target":["https:\/\/wp.ufpel.edu.br\/aeeufpel\/2022-2\/"]}]},{"@type":"ImageObject","inLanguage":"pt-BR","@id":"https:\/\/wp.ufpel.edu.br\/aeeufpel\/2022-2\/#primaryimage","url":"https:\/\/wp.ufpel.edu.br\/aeeufpel\/files\/2023\/04\/0083_2022_ufpel_site_aee-ufpel-cursos-2022_ind_abril_Prancheta-1-copia-2.png","contentUrl":"https:\/\/wp.ufpel.edu.br\/aeeufpel\/files\/2023\/04\/0083_2022_ufpel_site_aee-ufpel-cursos-2022_ind_abril_Prancheta-1-copia-2.png","width":3968,"height":778},{"@type":"BreadcrumbList","@id":"https:\/\/wp.ufpel.edu.br\/aeeufpel\/2022-2\/#breadcrumb","itemListElement":[{"@type":"ListItem","position":1,"name":"In\u00edcio","item":"https:\/\/wp.ufpel.edu.br\/aeeufpel\/"},{"@type":"ListItem","position":2,"name":"2022"}]},{"@type":"WebSite","@id":"https:\/\/wp.ufpel.edu.br\/aeeufpel\/#website","url":"https:\/\/wp.ufpel.edu.br\/aeeufpel\/","name":"Forma\u00e7\u00e3o em Servi\u00e7o de Atendimento Educacional Especializado","description":"Universidade Federal de Pelotas - UFPEL","potentialAction":[{"@type":"SearchAction","target":{"@type":"EntryPoint","urlTemplate":"https:\/\/wp.ufpel.edu.br\/aeeufpel\/?s={search_term_string}"},"query-input":{"@type":"PropertyValueSpecification","valueRequired":true,"valueName":"search_term_string"}}],"inLanguage":"pt-BR"}]}},"_links":{"self":[{"href":"https:\/\/wp.ufpel.edu.br\/aeeufpel\/wp-json\/wp\/v2\/pages\/692","targetHints":{"allow":["GET"]}}],"collection":[{"href":"https:\/\/wp.ufpel.edu.br\/aeeufpel\/wp-json\/wp\/v2\/pages"}],"about":[{"href":"https:\/\/wp.ufpel.edu.br\/aeeufpel\/wp-json\/wp\/v2\/types\/page"}],"author":[{"embeddable":true,"href":"https:\/\/wp.ufpel.edu.br\/aeeufpel\/wp-json\/wp\/v2\/users\/1031"}],"replies":[{"embeddable":true,"href":"https:\/\/wp.ufpel.edu.br\/aeeufpel\/wp-json\/wp\/v2\/comments?post=692"}],"version-history":[{"count":18,"href":"https:\/\/wp.ufpel.edu.br\/aeeufpel\/wp-json\/wp\/v2\/pages\/692\/revisions"}],"predecessor-version":[{"id":934,"href":"https:\/\/wp.ufpel.edu.br\/aeeufpel\/wp-json\/wp\/v2\/pages\/692\/revisions\/934"}],"wp:attachment":[{"href":"https:\/\/wp.ufpel.edu.br\/aeeufpel\/wp-json\/wp\/v2\/media?parent=692"}],"curies":[{"name":"wp","href":"https:\/\/api.w.org\/{rel}","templated":true}]}}