{"id":671,"date":"2022-04-26T12:34:31","date_gmt":"2022-04-26T15:34:31","guid":{"rendered":"https:\/\/wp.ufpel.edu.br\/aeeufpel\/?page_id=671"},"modified":"2022-11-01T14:51:20","modified_gmt":"2022-11-01T17:51:20","slug":"aee-no-contexto-da-educacao-infantil-aperfeicoamento-2022","status":"publish","type":"page","link":"https:\/\/wp.ufpel.edu.br\/aeeufpel\/aee-no-contexto-da-educacao-infantil-aperfeicoamento-2022\/","title":{"rendered":"AEE NO CONTEXTO DA EDUCA\u00c7\u00c3O INFANTIL &#8211; APERFEI\u00c7OAMENTO &#8211; 2022"},"content":{"rendered":"<p><img loading=\"lazy\" decoding=\"async\" class=\"wp-image-673 size-large alignnone\" src=\"https:\/\/wp.ufpel.edu.br\/aeeufpel\/files\/2022\/04\/0071_2022_ufpel_marcas_cursos-aee_600x200px_abril_Prancheta-1-copia-1024x341.png\" alt=\"\" width=\"720\" height=\"240\" srcset=\"https:\/\/wp.ufpel.edu.br\/aeeufpel\/files\/2022\/04\/0071_2022_ufpel_marcas_cursos-aee_600x200px_abril_Prancheta-1-copia-1024x341.png 1024w, https:\/\/wp.ufpel.edu.br\/aeeufpel\/files\/2022\/04\/0071_2022_ufpel_marcas_cursos-aee_600x200px_abril_Prancheta-1-copia-400x133.png 400w, https:\/\/wp.ufpel.edu.br\/aeeufpel\/files\/2022\/04\/0071_2022_ufpel_marcas_cursos-aee_600x200px_abril_Prancheta-1-copia-768x256.png 768w, https:\/\/wp.ufpel.edu.br\/aeeufpel\/files\/2022\/04\/0071_2022_ufpel_marcas_cursos-aee_600x200px_abril_Prancheta-1-copia-1536x512.png 1536w, https:\/\/wp.ufpel.edu.br\/aeeufpel\/files\/2022\/04\/0071_2022_ufpel_marcas_cursos-aee_600x200px_abril_Prancheta-1-copia-2048x683.png 2048w\" sizes=\"auto, (max-width: 720px) 100vw, 720px\" \/><\/p>\n<p><span style=\"color: #ff0000; font-size: 24pt;\"><strong>INSCRI\u00c7\u00d5ES ENCERRADAS<\/strong><\/span><\/p>\n<p><span style=\"font-size: 18pt;\">Per\u00edodo &#8211; 01.02 a 31.07.23<\/span><\/p>\n<p><span style=\"font-size: 18pt;\">Carga hor\u00e1ria &#8211; 180 horas<\/span><\/p>\n<p><span style=\"font-size: 18pt;\">O Curso pretende oportunizar a forma\u00e7\u00e3o continuada para professores da educa\u00e7\u00e3o b\u00e1sica a qual possibilite o planejamento, constru\u00e7\u00e3o e implementa\u00e7\u00e3o de pr\u00e1ticas pedag\u00f3gicas em contexto educacional inclusivo para a Educa\u00e7\u00e3o Infantil. S\u00e3o propostos revis\u00e3o de conceitos e pr\u00e1ticas para o Atendimento Educacional Especializado, as singularidades e desafios para o ensino da educa\u00e7\u00e3o infantil, o desenho universal da aprendizagem, as m\u00faltiplas abordagens acerca do desenvolvimento infantil e o trabalho colaborativo para inclus\u00e3o na sala de aula, a identifica\u00e7\u00e3o, avalia\u00e7\u00e3o e planejamento das interven\u00e7\u00f5es pedag\u00f3gicas no AEE, assim como a cria\u00e7\u00e3o de materiais e recursos adaptados. O curso ser\u00e1 desenvolvido em m\u00f3dulos, semin\u00e1rios, disciplinas, aulas b\u00f4nus, lives e aulas livres extras.<\/span><\/p>\n<p><span style=\"font-size: 18pt;\">Cronograma:<\/span><\/p>\n<table width=\"572\">\n<tbody>\n<tr>\n<td width=\"286\"><strong>M\u00f3dulos &#8211; Disciplinas <\/strong><\/td>\n<td width=\"286\"><strong>Per\u00edodo <\/strong><\/td>\n<\/tr>\n<tr>\n<td width=\"286\"><strong>Aula Inaugural\u00a0 <\/strong><\/td>\n<td width=\"286\"><strong>Dezembro de 2022 <\/strong><\/td>\n<\/tr>\n<tr>\n<td width=\"286\">Semin\u00e1rio de abertura<\/td>\n<td width=\"286\">11.02.2023<\/td>\n<\/tr>\n<tr>\n<td colspan=\"2\" width=\"572\"><strong>M\u00d3DULO 1 &#8211; CONCEP\u00c7\u00d5ES TE\u00d3RICO-PR\u00c1TICAS QUE NORTEIAM A EDUCA\u00c7AO INFANTIL <\/strong><\/td>\n<\/tr>\n<tr>\n<td width=\"286\">Disciplina 1: Inf\u00e2ncia e sua Hist\u00f3ria.<\/td>\n<td width=\"286\">\n<p>12.02.2023 \u2013 18.02.2023<\/p>\n<p>Aula S\u00edncrona: 18.02.2023<\/td>\n<\/tr>\n<tr>\n<td width=\"286\">Disciplina 2: Pol\u00edticas P\u00fablicas para a primeira inf\u00e2ncia.<\/td>\n<td width=\"286\">\n<p>19.02.2023 \u2013 25.02.2023<\/p>\n<p>Aula S\u00edncrona: 25.02.2023<\/td>\n<\/tr>\n<tr>\n<td width=\"286\">Disciplina 3: Pr\u00e1ticas educativas: O l\u00fadico na Educa\u00e7\u00e3o Infantil.<\/td>\n<td width=\"286\">\n<p>26.02.2023 \u2013 11.03.2023<\/p>\n<p>Aula S\u00edncrona: 11.03.2023<\/td>\n<\/tr>\n<tr>\n<td width=\"286\">\n<p>Disciplina 4: Pr\u00e1ticas educacionais:<\/p>\n<p>Organiza\u00e7\u00e3o curricular e projetos did\u00e1ticos para a educa\u00e7\u00e3o infantil.<\/td>\n<td width=\"286\">\n<p>12.03.2023 \u2013 25.03.2023<\/p>\n<p>Aula S\u00edncrona: 25.03.2023<\/td>\n<\/tr>\n<tr>\n<td colspan=\"2\" width=\"572\"><strong>M\u00d3DULO 2 \u2013 DESENVOLVIMENTO INFANTIL E INTERVEN\u00c7\u00c3O PRECOCE<\/strong><\/td>\n<\/tr>\n<\/tbody>\n<\/table>\n<p>&nbsp;<\/p>\n<table width=\"572\">\n<tbody>\n<tr>\n<td width=\"286\">Disciplina 5: Desenvolvimento Infantil.<\/td>\n<td width=\"286\">\n<p>26.03.2023 \u2013 08.04.2023<\/p>\n<p>Aula S\u00edncrona: 10.04.2023<\/td>\n<\/tr>\n<tr>\n<td width=\"286\">Disciplina 6: Interven\u00e7\u00e3o Precoce centrada na inf\u00e2ncia e na fam\u00edlia.<\/td>\n<td width=\"286\">\n<p>09.04.2023 \u2013 22.04.2023<\/p>\n<p>Aula S\u00edncrona: 24.04.2023<\/td>\n<\/tr>\n<tr>\n<td width=\"286\">Disciplina 7: Instrumentos de monitoriza\u00e7\u00e3o.<\/td>\n<td width=\"286\">\n<p>23.04.2023 \u2013 29.04.2023<\/p>\n<p>Aula S\u00edncrona: 29.04.2023<\/td>\n<\/tr>\n<tr>\n<td width=\"286\">\n<p>Per\u00edodo de recupera\u00e7\u00e3o da aprendizagem I e<\/p>\n<p>II.<\/td>\n<td width=\"286\">\n<p>30.04.2023 \u2013 06.05.2023<\/p>\n<p>&nbsp;<\/td>\n<\/tr>\n<tr>\n<td colspan=\"2\" width=\"572\"><strong>M\u00d3DULO 3: EDUCA\u00c7\u00c3O INCLUSIVA E A ORGANIZA\u00c7\u00c3O DOS SERVI\u00c7OS E ATENDIMENTOS <\/strong><\/td>\n<\/tr>\n<tr>\n<td width=\"286\">Disciplina 8: Educa\u00e7\u00e3o Especial e Educa\u00e7\u00e3o Inclusiva.<\/td>\n<td width=\"286\">\n<p>07.05.2023 \u2013 13.05.2023<\/p>\n<p>Aula S\u00edncrona: 13.05.2023<\/td>\n<\/tr>\n<tr>\n<td width=\"286\">Disciplina 9: Caracteriza\u00e7\u00f5es gerais do p\u00fablico da EE.<\/td>\n<td width=\"286\">\n<p>14.05.2023 \u2013 20.05.2023<\/p>\n<p>Aula S\u00edncrona: 20.05.2023<\/td>\n<\/tr>\n<tr>\n<td width=\"286\">\n<p>Disciplina 10: Sala de recursos<\/p>\n<p>Multifuncionais e Atendimento Educacional Especializado na Educa\u00e7\u00e3o Infantil.<\/td>\n<td width=\"286\">\n<p>21.05.2023 \u2013 27.05.2023<\/p>\n<p>Aula S\u00edncrona: 27.05.2023<\/td>\n<\/tr>\n<tr>\n<td width=\"286\">Aula b\u00f4nus: Tecnologia Assistiva.<\/td>\n<td width=\"286\">\n<p>28.05.2023 \u2013 03.06.2023<\/p>\n<p>Aula S\u00edncrona: 03.06.2023<\/td>\n<\/tr>\n<tr>\n<td width=\"286\">Disciplina 11: Desenho Universal para Aprendizagem.<\/td>\n<td width=\"286\">\n<p>04.06.2023 \u2013 10.06.2023<\/p>\n<p>Aula S\u00edncrona: 10.06.2023<\/td>\n<\/tr>\n<tr>\n<td width=\"286\">Per\u00edodo de recupera\u00e7\u00e3o da aprendizagem III<\/td>\n<td width=\"286\">11.06.2023 \u2013 17.06.2023<\/td>\n<\/tr>\n<tr>\n<td width=\"286\">\n<p>Per\u00edodo de elabora\u00e7\u00e3o e entrega do plano de<\/p>\n<p>interven\u00e7\u00e3o em AEE no contexto da<\/p>\n<p>Educa\u00e7\u00e3o infantil<\/td>\n<td width=\"286\">18.06.2023 \u2013 08.07.2023<\/td>\n<\/tr>\n<tr>\n<td width=\"286\">Semin\u00e1rio de encerramento<\/td>\n<td width=\"286\">29.07.2023<\/td>\n<\/tr>\n<\/tbody>\n<\/table>\n<p><span style=\"font-size: 18pt;\">\u00a0<\/span><\/p>\n","protected":false},"excerpt":{"rendered":"<p>INSCRI\u00c7\u00d5ES ENCERRADAS Per\u00edodo &#8211; 01.02 a 31.07.23 Carga hor\u00e1ria &#8211; 180 horas O Curso pretende oportunizar a forma\u00e7\u00e3o continuada para professores da educa\u00e7\u00e3o b\u00e1sica a qual possibilite o planejamento, constru\u00e7\u00e3o e implementa\u00e7\u00e3o de pr\u00e1ticas pedag\u00f3gicas em contexto educacional inclusivo para a Educa\u00e7\u00e3o Infantil. S\u00e3o propostos revis\u00e3o de conceitos e pr\u00e1ticas para o Atendimento Educacional Especializado, [&hellip;]<\/p>\n","protected":false},"author":1031,"featured_media":0,"parent":0,"menu_order":0,"comment_status":"closed","ping_status":"closed","template":"","meta":{"footnotes":""},"class_list":["post-671","page","type-page","status-publish","hentry","post"],"yoast_head":"<!-- This site is optimized with the Yoast SEO plugin v26.7 - https:\/\/yoast.com\/wordpress\/plugins\/seo\/ -->\n<title>AEE NO CONTEXTO DA EDUCA\u00c7\u00c3O INFANTIL - APERFEI\u00c7OAMENTO - 2022 - Forma\u00e7\u00e3o em Servi\u00e7o de Atendimento Educacional Especializado<\/title>\n<meta name=\"robots\" content=\"index, follow, max-snippet:-1, max-image-preview:large, max-video-preview:-1\" \/>\n<link rel=\"canonical\" href=\"https:\/\/wp.ufpel.edu.br\/aeeufpel\/aee-no-contexto-da-educacao-infantil-aperfeicoamento-2022\/\" \/>\n<meta property=\"og:locale\" content=\"pt_BR\" \/>\n<meta property=\"og:type\" content=\"article\" \/>\n<meta property=\"og:title\" content=\"AEE NO CONTEXTO DA EDUCA\u00c7\u00c3O INFANTIL - APERFEI\u00c7OAMENTO - 2022 - Forma\u00e7\u00e3o em Servi\u00e7o de Atendimento Educacional Especializado\" \/>\n<meta property=\"og:description\" content=\"INSCRI\u00c7\u00d5ES ENCERRADAS Per\u00edodo &#8211; 01.02 a 31.07.23 Carga hor\u00e1ria &#8211; 180 horas O Curso pretende oportunizar a forma\u00e7\u00e3o continuada para professores da educa\u00e7\u00e3o b\u00e1sica a qual possibilite o planejamento, constru\u00e7\u00e3o e implementa\u00e7\u00e3o de pr\u00e1ticas pedag\u00f3gicas em contexto educacional inclusivo para a Educa\u00e7\u00e3o Infantil. S\u00e3o propostos revis\u00e3o de conceitos e pr\u00e1ticas para o Atendimento Educacional Especializado, [&hellip;]\" \/>\n<meta property=\"og:url\" content=\"https:\/\/wp.ufpel.edu.br\/aeeufpel\/aee-no-contexto-da-educacao-infantil-aperfeicoamento-2022\/\" \/>\n<meta property=\"og:site_name\" content=\"Forma\u00e7\u00e3o em Servi\u00e7o de Atendimento Educacional Especializado\" \/>\n<meta property=\"article:modified_time\" content=\"2022-11-01T17:51:20+00:00\" \/>\n<meta property=\"og:image\" content=\"https:\/\/wp.ufpel.edu.br\/aeeufpel\/files\/2022\/04\/0071_2022_ufpel_marcas_cursos-aee_600x200px_abril_Prancheta-1-copia-1024x341.png\" \/>\n<meta name=\"twitter:card\" content=\"summary_large_image\" \/>\n<meta name=\"twitter:label1\" content=\"Est. tempo de leitura\" \/>\n\t<meta name=\"twitter:data1\" content=\"3 minutos\" \/>\n<script type=\"application\/ld+json\" class=\"yoast-schema-graph\">{\"@context\":\"https:\/\/schema.org\",\"@graph\":[{\"@type\":\"WebPage\",\"@id\":\"https:\/\/wp.ufpel.edu.br\/aeeufpel\/aee-no-contexto-da-educacao-infantil-aperfeicoamento-2022\/\",\"url\":\"https:\/\/wp.ufpel.edu.br\/aeeufpel\/aee-no-contexto-da-educacao-infantil-aperfeicoamento-2022\/\",\"name\":\"AEE NO CONTEXTO DA EDUCA\u00c7\u00c3O INFANTIL - APERFEI\u00c7OAMENTO - 2022 - Forma\u00e7\u00e3o em Servi\u00e7o de Atendimento Educacional Especializado\",\"isPartOf\":{\"@id\":\"https:\/\/wp.ufpel.edu.br\/aeeufpel\/#website\"},\"primaryImageOfPage\":{\"@id\":\"https:\/\/wp.ufpel.edu.br\/aeeufpel\/aee-no-contexto-da-educacao-infantil-aperfeicoamento-2022\/#primaryimage\"},\"image\":{\"@id\":\"https:\/\/wp.ufpel.edu.br\/aeeufpel\/aee-no-contexto-da-educacao-infantil-aperfeicoamento-2022\/#primaryimage\"},\"thumbnailUrl\":\"https:\/\/wp.ufpel.edu.br\/aeeufpel\/files\/2022\/04\/0071_2022_ufpel_marcas_cursos-aee_600x200px_abril_Prancheta-1-copia-1024x341.png\",\"datePublished\":\"2022-04-26T15:34:31+00:00\",\"dateModified\":\"2022-11-01T17:51:20+00:00\",\"breadcrumb\":{\"@id\":\"https:\/\/wp.ufpel.edu.br\/aeeufpel\/aee-no-contexto-da-educacao-infantil-aperfeicoamento-2022\/#breadcrumb\"},\"inLanguage\":\"pt-BR\",\"potentialAction\":[{\"@type\":\"ReadAction\",\"target\":[\"https:\/\/wp.ufpel.edu.br\/aeeufpel\/aee-no-contexto-da-educacao-infantil-aperfeicoamento-2022\/\"]}]},{\"@type\":\"ImageObject\",\"inLanguage\":\"pt-BR\",\"@id\":\"https:\/\/wp.ufpel.edu.br\/aeeufpel\/aee-no-contexto-da-educacao-infantil-aperfeicoamento-2022\/#primaryimage\",\"url\":\"https:\/\/wp.ufpel.edu.br\/aeeufpel\/files\/2022\/04\/0071_2022_ufpel_marcas_cursos-aee_600x200px_abril_Prancheta-1-copia.png\",\"contentUrl\":\"https:\/\/wp.ufpel.edu.br\/aeeufpel\/files\/2022\/04\/0071_2022_ufpel_marcas_cursos-aee_600x200px_abril_Prancheta-1-copia.png\",\"width\":2501,\"height\":834},{\"@type\":\"BreadcrumbList\",\"@id\":\"https:\/\/wp.ufpel.edu.br\/aeeufpel\/aee-no-contexto-da-educacao-infantil-aperfeicoamento-2022\/#breadcrumb\",\"itemListElement\":[{\"@type\":\"ListItem\",\"position\":1,\"name\":\"In\u00edcio\",\"item\":\"https:\/\/wp.ufpel.edu.br\/aeeufpel\/\"},{\"@type\":\"ListItem\",\"position\":2,\"name\":\"AEE NO CONTEXTO DA EDUCA\u00c7\u00c3O INFANTIL &#8211; APERFEI\u00c7OAMENTO &#8211; 2022\"}]},{\"@type\":\"WebSite\",\"@id\":\"https:\/\/wp.ufpel.edu.br\/aeeufpel\/#website\",\"url\":\"https:\/\/wp.ufpel.edu.br\/aeeufpel\/\",\"name\":\"Forma\u00e7\u00e3o em Servi\u00e7o de Atendimento Educacional Especializado\",\"description\":\"Universidade Federal de Pelotas - UFPEL\",\"potentialAction\":[{\"@type\":\"SearchAction\",\"target\":{\"@type\":\"EntryPoint\",\"urlTemplate\":\"https:\/\/wp.ufpel.edu.br\/aeeufpel\/?s={search_term_string}\"},\"query-input\":{\"@type\":\"PropertyValueSpecification\",\"valueRequired\":true,\"valueName\":\"search_term_string\"}}],\"inLanguage\":\"pt-BR\"}]}<\/script>\n<!-- \/ Yoast SEO plugin. -->","yoast_head_json":{"title":"AEE NO CONTEXTO DA EDUCA\u00c7\u00c3O INFANTIL - APERFEI\u00c7OAMENTO - 2022 - Forma\u00e7\u00e3o em Servi\u00e7o de Atendimento Educacional Especializado","robots":{"index":"index","follow":"follow","max-snippet":"max-snippet:-1","max-image-preview":"max-image-preview:large","max-video-preview":"max-video-preview:-1"},"canonical":"https:\/\/wp.ufpel.edu.br\/aeeufpel\/aee-no-contexto-da-educacao-infantil-aperfeicoamento-2022\/","og_locale":"pt_BR","og_type":"article","og_title":"AEE NO CONTEXTO DA EDUCA\u00c7\u00c3O INFANTIL - APERFEI\u00c7OAMENTO - 2022 - Forma\u00e7\u00e3o em Servi\u00e7o de Atendimento Educacional Especializado","og_description":"INSCRI\u00c7\u00d5ES ENCERRADAS Per\u00edodo &#8211; 01.02 a 31.07.23 Carga hor\u00e1ria &#8211; 180 horas O Curso pretende oportunizar a forma\u00e7\u00e3o continuada para professores da educa\u00e7\u00e3o b\u00e1sica a qual possibilite o planejamento, constru\u00e7\u00e3o e implementa\u00e7\u00e3o de pr\u00e1ticas pedag\u00f3gicas em contexto educacional inclusivo para a Educa\u00e7\u00e3o Infantil. S\u00e3o propostos revis\u00e3o de conceitos e pr\u00e1ticas para o Atendimento Educacional Especializado, [&hellip;]","og_url":"https:\/\/wp.ufpel.edu.br\/aeeufpel\/aee-no-contexto-da-educacao-infantil-aperfeicoamento-2022\/","og_site_name":"Forma\u00e7\u00e3o em Servi\u00e7o de Atendimento Educacional Especializado","article_modified_time":"2022-11-01T17:51:20+00:00","og_image":[{"url":"https:\/\/wp.ufpel.edu.br\/aeeufpel\/files\/2022\/04\/0071_2022_ufpel_marcas_cursos-aee_600x200px_abril_Prancheta-1-copia-1024x341.png","type":"","width":"","height":""}],"twitter_card":"summary_large_image","twitter_misc":{"Est. tempo de leitura":"3 minutos"},"schema":{"@context":"https:\/\/schema.org","@graph":[{"@type":"WebPage","@id":"https:\/\/wp.ufpel.edu.br\/aeeufpel\/aee-no-contexto-da-educacao-infantil-aperfeicoamento-2022\/","url":"https:\/\/wp.ufpel.edu.br\/aeeufpel\/aee-no-contexto-da-educacao-infantil-aperfeicoamento-2022\/","name":"AEE NO CONTEXTO DA EDUCA\u00c7\u00c3O INFANTIL - APERFEI\u00c7OAMENTO - 2022 - Forma\u00e7\u00e3o em Servi\u00e7o de Atendimento Educacional Especializado","isPartOf":{"@id":"https:\/\/wp.ufpel.edu.br\/aeeufpel\/#website"},"primaryImageOfPage":{"@id":"https:\/\/wp.ufpel.edu.br\/aeeufpel\/aee-no-contexto-da-educacao-infantil-aperfeicoamento-2022\/#primaryimage"},"image":{"@id":"https:\/\/wp.ufpel.edu.br\/aeeufpel\/aee-no-contexto-da-educacao-infantil-aperfeicoamento-2022\/#primaryimage"},"thumbnailUrl":"https:\/\/wp.ufpel.edu.br\/aeeufpel\/files\/2022\/04\/0071_2022_ufpel_marcas_cursos-aee_600x200px_abril_Prancheta-1-copia-1024x341.png","datePublished":"2022-04-26T15:34:31+00:00","dateModified":"2022-11-01T17:51:20+00:00","breadcrumb":{"@id":"https:\/\/wp.ufpel.edu.br\/aeeufpel\/aee-no-contexto-da-educacao-infantil-aperfeicoamento-2022\/#breadcrumb"},"inLanguage":"pt-BR","potentialAction":[{"@type":"ReadAction","target":["https:\/\/wp.ufpel.edu.br\/aeeufpel\/aee-no-contexto-da-educacao-infantil-aperfeicoamento-2022\/"]}]},{"@type":"ImageObject","inLanguage":"pt-BR","@id":"https:\/\/wp.ufpel.edu.br\/aeeufpel\/aee-no-contexto-da-educacao-infantil-aperfeicoamento-2022\/#primaryimage","url":"https:\/\/wp.ufpel.edu.br\/aeeufpel\/files\/2022\/04\/0071_2022_ufpel_marcas_cursos-aee_600x200px_abril_Prancheta-1-copia.png","contentUrl":"https:\/\/wp.ufpel.edu.br\/aeeufpel\/files\/2022\/04\/0071_2022_ufpel_marcas_cursos-aee_600x200px_abril_Prancheta-1-copia.png","width":2501,"height":834},{"@type":"BreadcrumbList","@id":"https:\/\/wp.ufpel.edu.br\/aeeufpel\/aee-no-contexto-da-educacao-infantil-aperfeicoamento-2022\/#breadcrumb","itemListElement":[{"@type":"ListItem","position":1,"name":"In\u00edcio","item":"https:\/\/wp.ufpel.edu.br\/aeeufpel\/"},{"@type":"ListItem","position":2,"name":"AEE NO CONTEXTO DA EDUCA\u00c7\u00c3O INFANTIL &#8211; APERFEI\u00c7OAMENTO &#8211; 2022"}]},{"@type":"WebSite","@id":"https:\/\/wp.ufpel.edu.br\/aeeufpel\/#website","url":"https:\/\/wp.ufpel.edu.br\/aeeufpel\/","name":"Forma\u00e7\u00e3o em Servi\u00e7o de Atendimento Educacional Especializado","description":"Universidade Federal de Pelotas - UFPEL","potentialAction":[{"@type":"SearchAction","target":{"@type":"EntryPoint","urlTemplate":"https:\/\/wp.ufpel.edu.br\/aeeufpel\/?s={search_term_string}"},"query-input":{"@type":"PropertyValueSpecification","valueRequired":true,"valueName":"search_term_string"}}],"inLanguage":"pt-BR"}]}},"_links":{"self":[{"href":"https:\/\/wp.ufpel.edu.br\/aeeufpel\/wp-json\/wp\/v2\/pages\/671","targetHints":{"allow":["GET"]}}],"collection":[{"href":"https:\/\/wp.ufpel.edu.br\/aeeufpel\/wp-json\/wp\/v2\/pages"}],"about":[{"href":"https:\/\/wp.ufpel.edu.br\/aeeufpel\/wp-json\/wp\/v2\/types\/page"}],"author":[{"embeddable":true,"href":"https:\/\/wp.ufpel.edu.br\/aeeufpel\/wp-json\/wp\/v2\/users\/1031"}],"replies":[{"embeddable":true,"href":"https:\/\/wp.ufpel.edu.br\/aeeufpel\/wp-json\/wp\/v2\/comments?post=671"}],"version-history":[{"count":14,"href":"https:\/\/wp.ufpel.edu.br\/aeeufpel\/wp-json\/wp\/v2\/pages\/671\/revisions"}],"predecessor-version":[{"id":888,"href":"https:\/\/wp.ufpel.edu.br\/aeeufpel\/wp-json\/wp\/v2\/pages\/671\/revisions\/888"}],"wp:attachment":[{"href":"https:\/\/wp.ufpel.edu.br\/aeeufpel\/wp-json\/wp\/v2\/media?parent=671"}],"curies":[{"name":"wp","href":"https:\/\/api.w.org\/{rel}","templated":true}]}}