{"id":663,"date":"2022-04-26T12:32:41","date_gmt":"2022-04-26T15:32:41","guid":{"rendered":"https:\/\/wp.ufpel.edu.br\/aeeufpel\/?page_id=663"},"modified":"2022-07-18T20:32:51","modified_gmt":"2022-07-18T23:32:51","slug":"gestao-da-educacao-especial-na-perspectiva-inclusiva-aperfeicoamento-2022","status":"publish","type":"page","link":"https:\/\/wp.ufpel.edu.br\/aeeufpel\/gestao-da-educacao-especial-na-perspectiva-inclusiva-aperfeicoamento-2022\/","title":{"rendered":"GEST\u00c3O DA EDUCA\u00c7\u00c3O ESPECIAL NA PERSPECTIVA INCLUSIVA &#8211; APERFEI\u00c7OAMENTO &#8211; 2022"},"content":{"rendered":"<p><img loading=\"lazy\" decoding=\"async\" class=\"wp-image-665 size-large alignnone\" src=\"https:\/\/wp.ufpel.edu.br\/aeeufpel\/files\/2022\/04\/0071_2022_ufpel_marcas_cursos-aee_600x200px_abril_Prancheta-1-copia-2-1024x341.png\" alt=\"\" width=\"720\" height=\"240\" srcset=\"https:\/\/wp.ufpel.edu.br\/aeeufpel\/files\/2022\/04\/0071_2022_ufpel_marcas_cursos-aee_600x200px_abril_Prancheta-1-copia-2-1024x341.png 1024w, https:\/\/wp.ufpel.edu.br\/aeeufpel\/files\/2022\/04\/0071_2022_ufpel_marcas_cursos-aee_600x200px_abril_Prancheta-1-copia-2-400x133.png 400w, https:\/\/wp.ufpel.edu.br\/aeeufpel\/files\/2022\/04\/0071_2022_ufpel_marcas_cursos-aee_600x200px_abril_Prancheta-1-copia-2-768x256.png 768w, https:\/\/wp.ufpel.edu.br\/aeeufpel\/files\/2022\/04\/0071_2022_ufpel_marcas_cursos-aee_600x200px_abril_Prancheta-1-copia-2-1536x512.png 1536w, https:\/\/wp.ufpel.edu.br\/aeeufpel\/files\/2022\/04\/0071_2022_ufpel_marcas_cursos-aee_600x200px_abril_Prancheta-1-copia-2-2048x683.png 2048w\" sizes=\"auto, (max-width: 720px) 100vw, 720px\" \/><\/p>\n<p><span style=\"color: #ff0000; font-size: 24pt;\"><strong><span style=\"color: #ffffff; background-color: #ff0000;\">INSCRI\u00c7\u00d5ES ENCERRADAS PARA ESTE CURSO<\/span><\/strong><\/span><\/p>\n<p>&nbsp;<\/p>\n<p><span style=\"font-size: 18pt;\">Per\u00edodo &#8211; 06.08.22 a 14.01.2023<\/span><\/p>\n<p><span style=\"font-size: 18pt;\">Carga hor\u00e1ria: 180 horas<\/span><\/p>\n<p>&nbsp;<\/p>\n<p><span style=\"font-size: 18pt;\">O Curso de Aperfei\u00e7oamento em Gest\u00e3o da Educa\u00e7\u00e3o Especial na Perspectiva Inclusiva pretende oportunizar a reflex\u00e3o e o debate sobre a Educa\u00e7\u00e3o Inclusiva, princ\u00edpios, pr\u00e1ticas, estrutura e Atendimento Educacional Especializado, analisando o papel do gestor neste contexto. O Curso ser\u00e1 desenvolvido em tr\u00eas m\u00f3dulos, dois semin\u00e1rios, nove disciplinas, al\u00e9m de disciplinas b\u00f4nus, aulas livres e lives.<\/span><\/p>\n<p>&nbsp;<\/p>\n<p><span style=\"font-size: 14pt;\"><strong>CRONOGRAMA<\/strong><\/span><\/p>\n<p>&nbsp;<\/p>\n<table style=\"width: 1275px;\" width=\"748\">\n<tbody>\n<tr>\n<td style=\"width: 1275px;\" width=\"748\"><span style=\"font-size: 14pt;\"><strong>Semin\u00e1rio de abertura: Coordena\u00e7\u00e3o e convidados(as), 10h &#8211; 06\/08\/2022 (dura\u00e7\u00e3o de 2h)<\/strong><\/span><\/td>\n<\/tr>\n<tr>\n<td style=\"width: 1275px;\" width=\"748\"><span style=\"font-size: 14pt;\"><strong>M\u00d3DULO I: Educa\u00e7\u00e3o Inclusiva: Concep\u00e7\u00f5es Te\u00f3rico-pr\u00e1ticas<\/strong><\/span><\/td>\n<\/tr>\n<tr>\n<td style=\"width: 1275px;\" width=\"748\">\n<p><span style=\"font-size: 14pt;\"><strong>Disciplina 1:Educa\u00e7\u00e3o Inclusiva<\/strong><\/span><\/p>\n<p><span style=\"font-size: 14pt;\">Formadora: D\u00e9bora Jacks<\/span><\/p>\n<p><span style=\"font-size: 14pt;\">Carga hor\u00e1ria: 20 horas<\/span><\/p>\n<p><span style=\"font-size: 14pt;\">In\u00edcio: 06\/08\/2022<\/span><\/p>\n<p><span style=\"font-size: 14pt;\">Encerramento: 19\/08\/2022<\/span><\/p>\n<p><span style=\"font-size: 14pt;\">Aula S\u00edncrona: 20\/08\/2022<\/span><\/p>\n<p><span style=\"font-size: 14pt;\">Tarefa: Enquanto durar o per\u00edodo da disciplina.<\/span><\/td>\n<\/tr>\n<tr>\n<td style=\"width: 1275px;\" width=\"748\">\n<p><span style=\"font-size: 14pt;\"><strong>Aula extra: Diversidade e Inclus\u00e3o<\/strong><\/span><\/p>\n<p><span style=\"font-size: 14pt;\">Formador: Rodrigo Vital<\/span><\/p>\n<p><span style=\"font-size: 14pt;\">Carga hor\u00e1ria: 2 horas<\/span><\/p>\n<p><span style=\"font-size: 14pt;\">In\u00edcio: 16\/08\/2022<\/span><\/p>\n<p><span style=\"font-size: 14pt;\">Encerramento: 16\/08\/2022<\/span><\/p>\n<p><span style=\"font-size: 14pt;\">Aula S\u00edncrona: 16\/08\/2022<\/span><\/td>\n<\/tr>\n<tr>\n<td style=\"width: 1275px;\" width=\"748\">\n<p><span style=\"font-size: 14pt;\"><strong>Disciplina 2: Pol\u00edticas P\u00fablicas e ordenamentos legais da educa\u00e7\u00e3o especial no contexto da educa\u00e7\u00e3o inclusiva<\/strong><\/span><\/p>\n<p><span style=\"font-size: 14pt;\">Formador: Denner Pereira<\/span><\/p>\n<p><span style=\"font-size: 14pt;\">Carga hor\u00e1ria: 10 horas<\/span><\/p>\n<p><span style=\"font-size: 14pt;\">In\u00edcio: 20\/08\/2022<\/span><\/p>\n<p><span style=\"font-size: 14pt;\">Encerramento: 26\/08\/2022<\/span><\/p>\n<p><span style=\"font-size: 14pt;\">Aula S\u00edncrona: 27\/08\/2022<\/span><\/p>\n<p><span style=\"font-size: 14pt;\">Tarefa: Enquanto durar o per\u00edodo da disciplina.<\/span><\/td>\n<\/tr>\n<tr>\n<td style=\"width: 1275px;\" width=\"748\">\n<p><span style=\"font-size: 14pt;\"><strong>Disciplina 3: Caracteriza\u00e7\u00f5es gerais das defici\u00eancias e transtornos<\/strong><\/span><\/p>\n<p><span style=\"font-size: 14pt;\">Formadoras: Giovana C\u00f3ssio e Juliana Maia<\/span><\/p>\n<p><span style=\"font-size: 14pt;\">Carga hor\u00e1ria: 20 horas<\/span><\/p>\n<p><span style=\"font-size: 14pt;\">In\u00edcio: 27\/08\/2022<\/span><\/p>\n<p><span style=\"font-size: 14pt;\">Encerramento: 09\/09\/2022<\/span><\/p>\n<p><span style=\"font-size: 14pt;\">Aula S\u00edncrona: 10\/09\/2022<\/span><\/p>\n<p><span style=\"font-size: 14pt;\">Tarefa: Enquanto durar o per\u00edodo da disciplina.<\/span><\/td>\n<\/tr>\n<tr>\n<td style=\"width: 1275px;\" width=\"748\">\n<p><span style=\"font-size: 14pt;\"><strong>Aula b\u00f4nus 1: Desenvolvimento infantil e interven\u00e7\u00e3o precoce<\/strong><\/span><\/p>\n<p><span style=\"font-size: 14pt;\">Formadora: Helena Reis<\/span><\/p>\n<p><span style=\"font-size: 14pt;\">Carga hor\u00e1ria: 10 horas<\/span><\/p>\n<p><span style=\"font-size: 14pt;\">In\u00edcio: 10\/09\/2022<\/span><\/p>\n<p><span style=\"font-size: 14pt;\">Encerramento: 16\/09\/2022<\/span><\/p>\n<p><span style=\"font-size: 14pt;\">Aula S\u00edncrona: 17\/09\/2022<\/span><\/p>\n<p><span style=\"font-size: 14pt;\">Tarefa: Enquanto durar o per\u00edodo da disciplina.<\/span><\/td>\n<\/tr>\n<tr>\n<td style=\"width: 1275px;\" width=\"748\">\n<p><span style=\"font-size: 14pt;\"><strong>Disciplina 4: Fundamentos neurobiol\u00f3gicos da aprendizagem<\/strong><\/span><\/p>\n<p><span style=\"font-size: 14pt;\">Formadora: Rita C\u00f3ssio<\/span><\/p>\n<p><span style=\"font-size: 14pt;\">Carga hor\u00e1ria: 20 horas<\/span><\/p>\n<p><span style=\"font-size: 14pt;\">In\u00edcio: 17\/09\/2022<\/span><\/p>\n<p><span style=\"font-size: 14pt;\">Encerramento: 30\/09\/2022<\/span><\/p>\n<p><span style=\"font-size: 14pt;\">Aula S\u00edncrona: 01\/10\/2022<\/span><\/p>\n<p><span style=\"font-size: 14pt;\">Tarefa: Enquanto durar o per\u00edodo da disciplina.<\/span><\/td>\n<\/tr>\n<tr>\n<td style=\"width: 1275px;\" width=\"748\">\n<p><span style=\"font-size: 14pt;\"><strong>Aula b\u00f4nus 2: Desenho Universal para Aprendizagem (DUA)<\/strong><\/span><\/p>\n<p><span style=\"font-size: 14pt;\">Formadora: Anelise C\u00f3ssio<\/span><\/p>\n<p><span style=\"font-size: 14pt;\">Carga hor\u00e1ria: 15 horas<\/span><\/p>\n<p><span style=\"font-size: 14pt;\">In\u00edcio: 01\/10\/2022<\/span><\/p>\n<p><span style=\"font-size: 14pt;\">Encerramento: 12\/10\/2022<\/span><\/p>\n<p><span style=\"font-size: 14pt;\">Aula S\u00edncrona: 15\/10\/2022<\/span><\/p>\n<p><span style=\"font-size: 14pt;\">Tarefa: Enquanto durar o per\u00edodo da disciplina.<\/span><\/td>\n<\/tr>\n<tr>\n<td style=\"width: 1275px;\" width=\"748\">\n<p><span style=\"font-size: 14pt;\"><strong>Disciplina 5: Tecnologia assistiva e recursos adaptados<\/strong><\/span><\/p>\n<p><span style=\"font-size: 14pt;\">Formadora: Alline Bettin<\/span><\/p>\n<p><span style=\"font-size: 14pt;\">Carga hor\u00e1ria: 20 horas<\/span><\/p>\n<p><span style=\"font-size: 14pt;\">In\u00edcio: 15\/10\/2022<\/span><\/p>\n<p><span style=\"font-size: 14pt;\">Encerramento: 28\/10\/2022<\/span><\/p>\n<p><span style=\"font-size: 14pt;\">Aula S\u00edncrona: 29\/10\/2022<\/span><\/p>\n<p><span style=\"font-size: 14pt;\">Tarefa: Enquanto durar o per\u00edodo da disciplina.<\/span><\/td>\n<\/tr>\n<tr>\n<td style=\"width: 1275px;\" width=\"748\">\n<p><span style=\"font-size: 14pt;\"><strong>Disciplina 6: Redes de apoio e fam\u00edlia no contexto da educa\u00e7\u00e3o especial e inclusiva<\/strong><\/span><\/p>\n<p><span style=\"font-size: 14pt;\">Formadora: Tatiane Amaral<\/span><\/p>\n<p><span style=\"font-size: 14pt;\">Carga hor\u00e1ria: 10 horas<\/span><\/p>\n<p><span style=\"font-size: 14pt;\">In\u00edcio: 29\/10\/2022<\/span><\/p>\n<p><span style=\"font-size: 14pt;\">Encerramento: 04\/11\/2022<\/span><\/p>\n<p><span style=\"font-size: 14pt;\">Aula S\u00edncrona: 05\/11\/2022<\/span><\/p>\n<p><span style=\"font-size: 14pt;\">Tarefa: Enquanto durar o per\u00edodo da disciplina.<\/span><\/td>\n<\/tr>\n<tr>\n<td style=\"width: 1275px;\" width=\"748\"><span style=\"font-size: 14pt;\"><strong>M\u00d3DULO II: Organiza\u00e7\u00e3o e Pr\u00e1tica da Escola Inclusiva<\/strong><\/span><\/td>\n<\/tr>\n<tr>\n<td style=\"width: 1275px;\" width=\"748\">\n<p><span style=\"font-size: 14pt;\"><strong>Disciplina 7: Gest\u00e3o da Educa\u00e7\u00e3o<\/strong><\/span><\/p>\n<p><span style=\"font-size: 14pt;\">Formadora: F\u00e1tima C\u00f3ssio<\/span><\/p>\n<p><span style=\"font-size: 14pt;\">Carga hor\u00e1ria: 10 horas<\/span><\/p>\n<p><span style=\"font-size: 14pt;\">In\u00edcio: 05\/11\/2022<\/span><\/p>\n<p><span style=\"font-size: 14pt;\">Encerramento: 11\/11\/2022<\/span><\/p>\n<p><span style=\"font-size: 14pt;\">Aula S\u00edncrona: 12\/11\/2022<\/span><\/p>\n<p><span style=\"font-size: 14pt;\">Tarefa: Enquanto durar o per\u00edodo da disciplina.<\/span><\/td>\n<\/tr>\n<tr>\n<td style=\"width: 1275px;\" width=\"748\">\n<p><span style=\"font-size: 14pt;\"><strong>Disciplina 8: Organiza\u00e7\u00e3o e Pr\u00e1tica da Escola Inclusiva<\/strong><\/span><\/p>\n<p><span style=\"font-size: 14pt;\">Formadora: Rita C\u00f3ssio<\/span><\/p>\n<p><span style=\"font-size: 14pt;\">Carga hor\u00e1ria: 20 horas<\/span><\/p>\n<p><span style=\"font-size: 14pt;\">In\u00edcio: 12\/11\/2022<\/span><\/p>\n<p><span style=\"font-size: 14pt;\">Encerramento: 25\/11\/2022<\/span><\/p>\n<p><span style=\"font-size: 14pt;\">Aula S\u00edncrona: 26\/11\/2022<\/span><\/p>\n<p><span style=\"font-size: 14pt;\">Tarefa: Enquanto durar o per\u00edodo da disciplina.<\/span><\/td>\n<\/tr>\n<tr>\n<td style=\"width: 1275px;\" width=\"748\">\n<p><span style=\"font-size: 14pt;\"><strong>Aula extra: Index<\/strong><\/span><\/p>\n<p><span style=\"font-size: 14pt;\">Formadora: Convidado(a)<\/span><\/p>\n<p><span style=\"font-size: 14pt;\">Carga hor\u00e1ria: 2 horas<\/span><\/p>\n<p><span style=\"font-size: 14pt;\">In\u00edcio: 22\/11\/2022<\/span><\/p>\n<p><span style=\"font-size: 14pt;\">Encerramento: 22\/11\/2022<\/span><\/p>\n<p><span style=\"font-size: 14pt;\">Aula S\u00edncrona: 22\/11\/2022<\/span><\/td>\n<\/tr>\n<tr>\n<td style=\"width: 1275px;\" width=\"748\">\n<p><span style=\"font-size: 14pt;\"><strong>Disciplina 9: Pr\u00e1ticas na Gest\u00e3o Educacional Especial e Inclusiva<\/strong><\/span><\/p>\n<p><span style=\"font-size: 14pt;\">Formadores: D\u00e9bora Jacks e Ivan Basegio<\/span><\/p>\n<p><span style=\"font-size: 14pt;\">Carga hor\u00e1ria: 30 horas<\/span><\/p>\n<p><span style=\"font-size: 14pt;\">In\u00edcio: 26\/11\/2022<\/span><\/p>\n<p><span style=\"font-size: 14pt;\">Encerramento: 16\/12\/2022<\/span><\/p>\n<p><span style=\"font-size: 14pt;\">Aula S\u00edncrona: 17\/12\/2022<\/span><\/p>\n<p><span style=\"font-size: 14pt;\">Tarefa: Enquanto durar o per\u00edodo da disciplina.<\/span><\/td>\n<\/tr>\n<tr>\n<td style=\"width: 1275px;\" width=\"748\"><span style=\"font-size: 14pt;\"><strong>M\u00d3DULO III: M\u00f3dulo final<\/strong><\/span><\/td>\n<\/tr>\n<tr>\n<td style=\"width: 1275px;\" width=\"748\">\n<p><span style=\"font-size: 14pt;\"><strong>Trabalho final do curso<\/strong><\/span><\/p>\n<p><span style=\"font-size: 14pt;\">Carga hor\u00e1ria: 16 horas<\/span><\/p>\n<p><span style=\"font-size: 14pt;\">In\u00edcio: 17\/12\/2022<\/span><\/p>\n<p><span style=\"font-size: 14pt;\">Encerramento: 08\/01\/2023<\/span><\/td>\n<\/tr>\n<tr>\n<td style=\"width: 1275px;\" width=\"748\"><span style=\"font-size: 14pt;\"><strong>Semin\u00e1rio de encerramento: Coordena\u00e7\u00e3o e convidados(as), 10h &#8211; 14\/01\/2023 (dura\u00e7\u00e3o de 2h)<\/strong><\/span><\/td>\n<\/tr>\n<\/tbody>\n<\/table>\n<p><strong style=\"font-size: 18pt;\">\u00a0<\/strong><\/p>\n<p>&nbsp;<\/p>\n","protected":false},"excerpt":{"rendered":"<p>INSCRI\u00c7\u00d5ES ENCERRADAS PARA ESTE CURSO &nbsp; Per\u00edodo &#8211; 06.08.22 a 14.01.2023 Carga hor\u00e1ria: 180 horas &nbsp; O Curso de Aperfei\u00e7oamento em Gest\u00e3o da Educa\u00e7\u00e3o Especial na Perspectiva Inclusiva pretende oportunizar a reflex\u00e3o e o debate sobre a Educa\u00e7\u00e3o Inclusiva, princ\u00edpios, pr\u00e1ticas, estrutura e Atendimento Educacional Especializado, analisando o papel do gestor neste contexto. O Curso [&hellip;]<\/p>\n","protected":false},"author":1031,"featured_media":0,"parent":0,"menu_order":0,"comment_status":"closed","ping_status":"closed","template":"","meta":{"footnotes":""},"class_list":["post-663","page","type-page","status-publish","hentry","post"],"yoast_head":"<!-- This site is optimized with the Yoast SEO plugin v26.7 - https:\/\/yoast.com\/wordpress\/plugins\/seo\/ -->\n<title>GEST\u00c3O DA EDUCA\u00c7\u00c3O ESPECIAL NA PERSPECTIVA INCLUSIVA - APERFEI\u00c7OAMENTO - 2022 - Forma\u00e7\u00e3o em Servi\u00e7o de Atendimento Educacional Especializado<\/title>\n<meta name=\"robots\" content=\"index, follow, max-snippet:-1, max-image-preview:large, max-video-preview:-1\" \/>\n<link rel=\"canonical\" href=\"https:\/\/wp.ufpel.edu.br\/aeeufpel\/gestao-da-educacao-especial-na-perspectiva-inclusiva-aperfeicoamento-2022\/\" \/>\n<meta property=\"og:locale\" content=\"pt_BR\" \/>\n<meta property=\"og:type\" content=\"article\" \/>\n<meta property=\"og:title\" content=\"GEST\u00c3O DA EDUCA\u00c7\u00c3O ESPECIAL NA PERSPECTIVA INCLUSIVA - APERFEI\u00c7OAMENTO - 2022 - Forma\u00e7\u00e3o em Servi\u00e7o de Atendimento Educacional Especializado\" \/>\n<meta property=\"og:description\" content=\"INSCRI\u00c7\u00d5ES ENCERRADAS PARA ESTE CURSO &nbsp; Per\u00edodo &#8211; 06.08.22 a 14.01.2023 Carga hor\u00e1ria: 180 horas &nbsp; O Curso de Aperfei\u00e7oamento em Gest\u00e3o da Educa\u00e7\u00e3o Especial na Perspectiva Inclusiva pretende oportunizar a reflex\u00e3o e o debate sobre a Educa\u00e7\u00e3o Inclusiva, princ\u00edpios, pr\u00e1ticas, estrutura e Atendimento Educacional Especializado, analisando o papel do gestor neste contexto. O Curso [&hellip;]\" \/>\n<meta property=\"og:url\" content=\"https:\/\/wp.ufpel.edu.br\/aeeufpel\/gestao-da-educacao-especial-na-perspectiva-inclusiva-aperfeicoamento-2022\/\" \/>\n<meta property=\"og:site_name\" content=\"Forma\u00e7\u00e3o em Servi\u00e7o de Atendimento Educacional Especializado\" \/>\n<meta property=\"article:modified_time\" content=\"2022-07-18T23:32:51+00:00\" \/>\n<meta property=\"og:image\" content=\"https:\/\/wp.ufpel.edu.br\/aeeufpel\/files\/2022\/04\/0071_2022_ufpel_marcas_cursos-aee_600x200px_abril_Prancheta-1-copia-2-1024x341.png\" \/>\n<meta name=\"twitter:card\" content=\"summary_large_image\" \/>\n<meta name=\"twitter:label1\" content=\"Est. tempo de leitura\" \/>\n\t<meta name=\"twitter:data1\" content=\"2 minutos\" \/>\n<script type=\"application\/ld+json\" class=\"yoast-schema-graph\">{\"@context\":\"https:\/\/schema.org\",\"@graph\":[{\"@type\":\"WebPage\",\"@id\":\"https:\/\/wp.ufpel.edu.br\/aeeufpel\/gestao-da-educacao-especial-na-perspectiva-inclusiva-aperfeicoamento-2022\/\",\"url\":\"https:\/\/wp.ufpel.edu.br\/aeeufpel\/gestao-da-educacao-especial-na-perspectiva-inclusiva-aperfeicoamento-2022\/\",\"name\":\"GEST\u00c3O DA EDUCA\u00c7\u00c3O ESPECIAL NA PERSPECTIVA INCLUSIVA - APERFEI\u00c7OAMENTO - 2022 - Forma\u00e7\u00e3o em Servi\u00e7o de Atendimento Educacional Especializado\",\"isPartOf\":{\"@id\":\"https:\/\/wp.ufpel.edu.br\/aeeufpel\/#website\"},\"primaryImageOfPage\":{\"@id\":\"https:\/\/wp.ufpel.edu.br\/aeeufpel\/gestao-da-educacao-especial-na-perspectiva-inclusiva-aperfeicoamento-2022\/#primaryimage\"},\"image\":{\"@id\":\"https:\/\/wp.ufpel.edu.br\/aeeufpel\/gestao-da-educacao-especial-na-perspectiva-inclusiva-aperfeicoamento-2022\/#primaryimage\"},\"thumbnailUrl\":\"https:\/\/wp.ufpel.edu.br\/aeeufpel\/files\/2022\/04\/0071_2022_ufpel_marcas_cursos-aee_600x200px_abril_Prancheta-1-copia-2-1024x341.png\",\"datePublished\":\"2022-04-26T15:32:41+00:00\",\"dateModified\":\"2022-07-18T23:32:51+00:00\",\"breadcrumb\":{\"@id\":\"https:\/\/wp.ufpel.edu.br\/aeeufpel\/gestao-da-educacao-especial-na-perspectiva-inclusiva-aperfeicoamento-2022\/#breadcrumb\"},\"inLanguage\":\"pt-BR\",\"potentialAction\":[{\"@type\":\"ReadAction\",\"target\":[\"https:\/\/wp.ufpel.edu.br\/aeeufpel\/gestao-da-educacao-especial-na-perspectiva-inclusiva-aperfeicoamento-2022\/\"]}]},{\"@type\":\"ImageObject\",\"inLanguage\":\"pt-BR\",\"@id\":\"https:\/\/wp.ufpel.edu.br\/aeeufpel\/gestao-da-educacao-especial-na-perspectiva-inclusiva-aperfeicoamento-2022\/#primaryimage\",\"url\":\"https:\/\/wp.ufpel.edu.br\/aeeufpel\/files\/2022\/04\/0071_2022_ufpel_marcas_cursos-aee_600x200px_abril_Prancheta-1-copia-2.png\",\"contentUrl\":\"https:\/\/wp.ufpel.edu.br\/aeeufpel\/files\/2022\/04\/0071_2022_ufpel_marcas_cursos-aee_600x200px_abril_Prancheta-1-copia-2.png\",\"width\":2501,\"height\":834},{\"@type\":\"BreadcrumbList\",\"@id\":\"https:\/\/wp.ufpel.edu.br\/aeeufpel\/gestao-da-educacao-especial-na-perspectiva-inclusiva-aperfeicoamento-2022\/#breadcrumb\",\"itemListElement\":[{\"@type\":\"ListItem\",\"position\":1,\"name\":\"In\u00edcio\",\"item\":\"https:\/\/wp.ufpel.edu.br\/aeeufpel\/\"},{\"@type\":\"ListItem\",\"position\":2,\"name\":\"GEST\u00c3O DA EDUCA\u00c7\u00c3O ESPECIAL NA PERSPECTIVA INCLUSIVA &#8211; APERFEI\u00c7OAMENTO &#8211; 2022\"}]},{\"@type\":\"WebSite\",\"@id\":\"https:\/\/wp.ufpel.edu.br\/aeeufpel\/#website\",\"url\":\"https:\/\/wp.ufpel.edu.br\/aeeufpel\/\",\"name\":\"Forma\u00e7\u00e3o em Servi\u00e7o de Atendimento Educacional Especializado\",\"description\":\"Universidade Federal de Pelotas - UFPEL\",\"potentialAction\":[{\"@type\":\"SearchAction\",\"target\":{\"@type\":\"EntryPoint\",\"urlTemplate\":\"https:\/\/wp.ufpel.edu.br\/aeeufpel\/?s={search_term_string}\"},\"query-input\":{\"@type\":\"PropertyValueSpecification\",\"valueRequired\":true,\"valueName\":\"search_term_string\"}}],\"inLanguage\":\"pt-BR\"}]}<\/script>\n<!-- \/ Yoast SEO plugin. -->","yoast_head_json":{"title":"GEST\u00c3O DA EDUCA\u00c7\u00c3O ESPECIAL NA PERSPECTIVA INCLUSIVA - APERFEI\u00c7OAMENTO - 2022 - Forma\u00e7\u00e3o em Servi\u00e7o de Atendimento Educacional Especializado","robots":{"index":"index","follow":"follow","max-snippet":"max-snippet:-1","max-image-preview":"max-image-preview:large","max-video-preview":"max-video-preview:-1"},"canonical":"https:\/\/wp.ufpel.edu.br\/aeeufpel\/gestao-da-educacao-especial-na-perspectiva-inclusiva-aperfeicoamento-2022\/","og_locale":"pt_BR","og_type":"article","og_title":"GEST\u00c3O DA EDUCA\u00c7\u00c3O ESPECIAL NA PERSPECTIVA INCLUSIVA - APERFEI\u00c7OAMENTO - 2022 - Forma\u00e7\u00e3o em Servi\u00e7o de Atendimento Educacional Especializado","og_description":"INSCRI\u00c7\u00d5ES ENCERRADAS PARA ESTE CURSO &nbsp; Per\u00edodo &#8211; 06.08.22 a 14.01.2023 Carga hor\u00e1ria: 180 horas &nbsp; O Curso de Aperfei\u00e7oamento em Gest\u00e3o da Educa\u00e7\u00e3o Especial na Perspectiva Inclusiva pretende oportunizar a reflex\u00e3o e o debate sobre a Educa\u00e7\u00e3o Inclusiva, princ\u00edpios, pr\u00e1ticas, estrutura e Atendimento Educacional Especializado, analisando o papel do gestor neste contexto. O Curso [&hellip;]","og_url":"https:\/\/wp.ufpel.edu.br\/aeeufpel\/gestao-da-educacao-especial-na-perspectiva-inclusiva-aperfeicoamento-2022\/","og_site_name":"Forma\u00e7\u00e3o em Servi\u00e7o de Atendimento Educacional Especializado","article_modified_time":"2022-07-18T23:32:51+00:00","og_image":[{"url":"https:\/\/wp.ufpel.edu.br\/aeeufpel\/files\/2022\/04\/0071_2022_ufpel_marcas_cursos-aee_600x200px_abril_Prancheta-1-copia-2-1024x341.png","type":"","width":"","height":""}],"twitter_card":"summary_large_image","twitter_misc":{"Est. tempo de leitura":"2 minutos"},"schema":{"@context":"https:\/\/schema.org","@graph":[{"@type":"WebPage","@id":"https:\/\/wp.ufpel.edu.br\/aeeufpel\/gestao-da-educacao-especial-na-perspectiva-inclusiva-aperfeicoamento-2022\/","url":"https:\/\/wp.ufpel.edu.br\/aeeufpel\/gestao-da-educacao-especial-na-perspectiva-inclusiva-aperfeicoamento-2022\/","name":"GEST\u00c3O DA EDUCA\u00c7\u00c3O ESPECIAL NA PERSPECTIVA INCLUSIVA - APERFEI\u00c7OAMENTO - 2022 - Forma\u00e7\u00e3o em Servi\u00e7o de Atendimento Educacional Especializado","isPartOf":{"@id":"https:\/\/wp.ufpel.edu.br\/aeeufpel\/#website"},"primaryImageOfPage":{"@id":"https:\/\/wp.ufpel.edu.br\/aeeufpel\/gestao-da-educacao-especial-na-perspectiva-inclusiva-aperfeicoamento-2022\/#primaryimage"},"image":{"@id":"https:\/\/wp.ufpel.edu.br\/aeeufpel\/gestao-da-educacao-especial-na-perspectiva-inclusiva-aperfeicoamento-2022\/#primaryimage"},"thumbnailUrl":"https:\/\/wp.ufpel.edu.br\/aeeufpel\/files\/2022\/04\/0071_2022_ufpel_marcas_cursos-aee_600x200px_abril_Prancheta-1-copia-2-1024x341.png","datePublished":"2022-04-26T15:32:41+00:00","dateModified":"2022-07-18T23:32:51+00:00","breadcrumb":{"@id":"https:\/\/wp.ufpel.edu.br\/aeeufpel\/gestao-da-educacao-especial-na-perspectiva-inclusiva-aperfeicoamento-2022\/#breadcrumb"},"inLanguage":"pt-BR","potentialAction":[{"@type":"ReadAction","target":["https:\/\/wp.ufpel.edu.br\/aeeufpel\/gestao-da-educacao-especial-na-perspectiva-inclusiva-aperfeicoamento-2022\/"]}]},{"@type":"ImageObject","inLanguage":"pt-BR","@id":"https:\/\/wp.ufpel.edu.br\/aeeufpel\/gestao-da-educacao-especial-na-perspectiva-inclusiva-aperfeicoamento-2022\/#primaryimage","url":"https:\/\/wp.ufpel.edu.br\/aeeufpel\/files\/2022\/04\/0071_2022_ufpel_marcas_cursos-aee_600x200px_abril_Prancheta-1-copia-2.png","contentUrl":"https:\/\/wp.ufpel.edu.br\/aeeufpel\/files\/2022\/04\/0071_2022_ufpel_marcas_cursos-aee_600x200px_abril_Prancheta-1-copia-2.png","width":2501,"height":834},{"@type":"BreadcrumbList","@id":"https:\/\/wp.ufpel.edu.br\/aeeufpel\/gestao-da-educacao-especial-na-perspectiva-inclusiva-aperfeicoamento-2022\/#breadcrumb","itemListElement":[{"@type":"ListItem","position":1,"name":"In\u00edcio","item":"https:\/\/wp.ufpel.edu.br\/aeeufpel\/"},{"@type":"ListItem","position":2,"name":"GEST\u00c3O DA EDUCA\u00c7\u00c3O ESPECIAL NA PERSPECTIVA INCLUSIVA &#8211; APERFEI\u00c7OAMENTO &#8211; 2022"}]},{"@type":"WebSite","@id":"https:\/\/wp.ufpel.edu.br\/aeeufpel\/#website","url":"https:\/\/wp.ufpel.edu.br\/aeeufpel\/","name":"Forma\u00e7\u00e3o em Servi\u00e7o de Atendimento Educacional Especializado","description":"Universidade Federal de Pelotas - UFPEL","potentialAction":[{"@type":"SearchAction","target":{"@type":"EntryPoint","urlTemplate":"https:\/\/wp.ufpel.edu.br\/aeeufpel\/?s={search_term_string}"},"query-input":{"@type":"PropertyValueSpecification","valueRequired":true,"valueName":"search_term_string"}}],"inLanguage":"pt-BR"}]}},"_links":{"self":[{"href":"https:\/\/wp.ufpel.edu.br\/aeeufpel\/wp-json\/wp\/v2\/pages\/663","targetHints":{"allow":["GET"]}}],"collection":[{"href":"https:\/\/wp.ufpel.edu.br\/aeeufpel\/wp-json\/wp\/v2\/pages"}],"about":[{"href":"https:\/\/wp.ufpel.edu.br\/aeeufpel\/wp-json\/wp\/v2\/types\/page"}],"author":[{"embeddable":true,"href":"https:\/\/wp.ufpel.edu.br\/aeeufpel\/wp-json\/wp\/v2\/users\/1031"}],"replies":[{"embeddable":true,"href":"https:\/\/wp.ufpel.edu.br\/aeeufpel\/wp-json\/wp\/v2\/comments?post=663"}],"version-history":[{"count":22,"href":"https:\/\/wp.ufpel.edu.br\/aeeufpel\/wp-json\/wp\/v2\/pages\/663\/revisions"}],"predecessor-version":[{"id":830,"href":"https:\/\/wp.ufpel.edu.br\/aeeufpel\/wp-json\/wp\/v2\/pages\/663\/revisions\/830"}],"wp:attachment":[{"href":"https:\/\/wp.ufpel.edu.br\/aeeufpel\/wp-json\/wp\/v2\/media?parent=663"}],"curies":[{"name":"wp","href":"https:\/\/api.w.org\/{rel}","templated":true}]}}