{"id":652,"date":"2022-04-26T12:29:59","date_gmt":"2022-04-26T15:29:59","guid":{"rendered":"https:\/\/wp.ufpel.edu.br\/aeeufpel\/?page_id=652"},"modified":"2022-07-01T13:12:28","modified_gmt":"2022-07-01T16:12:28","slug":"praticas-pedagogicas-para-o-servico-de-atendimento-educacional-especializado-extensao-2022","status":"publish","type":"page","link":"https:\/\/wp.ufpel.edu.br\/aeeufpel\/praticas-pedagogicas-para-o-servico-de-atendimento-educacional-especializado-extensao-2022\/","title":{"rendered":"PR\u00c1TICAS PEDAG\u00d3GICAS PARA O SERVI\u00c7O DE ATENDIMENTO EDUCACIONAL ESPECIALIZADO &#8211; EXTENS\u00c3O &#8211; 2022"},"content":{"rendered":"<p><img loading=\"lazy\" decoding=\"async\" class=\"alignleft wp-image-654 size-large\" src=\"https:\/\/wp.ufpel.edu.br\/aeeufpel\/files\/2022\/04\/0071_2022_ufpel_marcas_cursos-aee_600x200px_abril_Prancheta-1-1024x342.png\" alt=\"\" width=\"720\" height=\"240\" srcset=\"https:\/\/wp.ufpel.edu.br\/aeeufpel\/files\/2022\/04\/0071_2022_ufpel_marcas_cursos-aee_600x200px_abril_Prancheta-1-1024x342.png 1024w, https:\/\/wp.ufpel.edu.br\/aeeufpel\/files\/2022\/04\/0071_2022_ufpel_marcas_cursos-aee_600x200px_abril_Prancheta-1-400x133.png 400w, https:\/\/wp.ufpel.edu.br\/aeeufpel\/files\/2022\/04\/0071_2022_ufpel_marcas_cursos-aee_600x200px_abril_Prancheta-1-768x256.png 768w, https:\/\/wp.ufpel.edu.br\/aeeufpel\/files\/2022\/04\/0071_2022_ufpel_marcas_cursos-aee_600x200px_abril_Prancheta-1-1536x512.png 1536w, https:\/\/wp.ufpel.edu.br\/aeeufpel\/files\/2022\/04\/0071_2022_ufpel_marcas_cursos-aee_600x200px_abril_Prancheta-1-2048x683.png 2048w\" sizes=\"auto, (max-width: 720px) 100vw, 720px\" \/><\/p>\n<p>&nbsp;<\/p>\n<p>&nbsp;<\/p>\n<p>&nbsp;<\/p>\n<p>&nbsp;<\/p>\n<p>&nbsp;<\/p>\n<p>&nbsp;<\/p>\n<p>&nbsp;<\/p>\n<p><span style=\"color: #ff0000; font-size: 24pt;\"><strong><span style=\"color: #ffffff; background-color: #ff0000;\"><br \/>\nINSCRI\u00c7\u00d5ES ENCERRADAS PARA ESTE CURSO<\/span><\/strong><\/span><\/p>\n<p>&nbsp;<\/p>\n<p><span style=\"font-size: 18pt;\">Carga hor\u00e1ria: 90 horas<\/span><\/p>\n<p><span style=\"font-size: 18pt;\">O curso de extens\u00e3o em pr\u00e1ticas pedag\u00f3gicas para o AEE, pretende estabelecer rela\u00e7\u00f5es te\u00f3rico-pr\u00e1ticas que se traduzam nos cotidianos das escolas e, principalmente, na produ\u00e7\u00e3o de pr\u00e1ticas, materiais acess\u00edveis e recursos que qualifiquem a inclus\u00e3o oportunizada.<\/span><\/p>\n<p><span style=\"font-size: 18pt;\">Ser\u00e1 desenvolvido em dois m\u00f3dulos e seis disciplinas, dois semin\u00e1rios, lives, aulas b\u00f4nus e aulas extras.<\/span><\/p>\n<p>&nbsp;<\/p>\n<p><span style=\"font-size: 18pt;\"><strong>M\u00d3DULO 1<\/strong><\/span><\/p>\n<p><span style=\"font-size: 18pt;\">DISCIPLINA 1 &#8211; <strong>EDUCA\u00c7\u00c3O INCLUSIVA<\/strong><\/span><\/p>\n<p><span style=\"font-size: 18pt;\">DISCIPLINA 2 &#8211; O ATENDIMENTO EDUCACIONAL ESPECIALIZADO<\/span><\/p>\n<p><span style=\"font-size: 18pt;\">DISCIPLINA 3\u00a0 &#8211; DESENHO UNIVERSAL PARA A APRENDIZAGEM<\/span><\/p>\n<p><span style=\"font-size: 18pt;\">DISCIPLINA 4 &#8211; TECNOLOGIA ASSISTIVA<\/span><\/p>\n<p><span style=\"font-size: 18pt;\">LIVE B\u00d4NUS<\/span><\/p>\n<p>&nbsp;<\/p>\n<p><span style=\"font-size: 18pt;\"><strong>M\u00d3DULO 2<\/strong><\/span><\/p>\n<p><span style=\"font-size: 18pt;\">DISCIPLINA 1: PLANEJAMENTO E ORGANIZA\u00c7\u00c3O DA PR\u00c1TICA PEDAG\u00d3GICA<\/span><\/p>\n<p><span style=\"font-size: 18pt;\">DISCIPLINA 2: CONSTRU\u00c7\u00c3O DE PR\u00c1TICAS PARA O AEE<\/span><\/p>\n<p><span style=\"font-size: 18pt;\">lIVE B\u00d4NUS<\/span><\/p>\n","protected":false},"excerpt":{"rendered":"<p>&nbsp; &nbsp; &nbsp; &nbsp; &nbsp; &nbsp; &nbsp; INSCRI\u00c7\u00d5ES ENCERRADAS PARA ESTE CURSO &nbsp; Carga hor\u00e1ria: 90 horas O curso de extens\u00e3o em pr\u00e1ticas pedag\u00f3gicas para o AEE, pretende estabelecer rela\u00e7\u00f5es te\u00f3rico-pr\u00e1ticas que se traduzam nos cotidianos das escolas e, principalmente, na produ\u00e7\u00e3o de pr\u00e1ticas, materiais acess\u00edveis e recursos que qualifiquem a inclus\u00e3o oportunizada. Ser\u00e1 desenvolvido [&hellip;]<\/p>\n","protected":false},"author":1031,"featured_media":0,"parent":0,"menu_order":0,"comment_status":"closed","ping_status":"closed","template":"","meta":{"footnotes":""},"class_list":["post-652","page","type-page","status-publish","hentry","post"],"yoast_head":"<!-- This site is optimized with the Yoast SEO plugin v26.7 - https:\/\/yoast.com\/wordpress\/plugins\/seo\/ -->\n<title>PR\u00c1TICAS PEDAG\u00d3GICAS PARA O SERVI\u00c7O DE ATENDIMENTO EDUCACIONAL ESPECIALIZADO - EXTENS\u00c3O - 2022 - Forma\u00e7\u00e3o em Servi\u00e7o de Atendimento Educacional Especializado<\/title>\n<meta name=\"robots\" content=\"index, follow, max-snippet:-1, max-image-preview:large, max-video-preview:-1\" \/>\n<link rel=\"canonical\" href=\"https:\/\/wp.ufpel.edu.br\/aeeufpel\/praticas-pedagogicas-para-o-servico-de-atendimento-educacional-especializado-extensao-2022\/\" \/>\n<meta property=\"og:locale\" content=\"pt_BR\" \/>\n<meta property=\"og:type\" content=\"article\" \/>\n<meta property=\"og:title\" content=\"PR\u00c1TICAS PEDAG\u00d3GICAS PARA O SERVI\u00c7O DE ATENDIMENTO EDUCACIONAL ESPECIALIZADO - EXTENS\u00c3O - 2022 - Forma\u00e7\u00e3o em Servi\u00e7o de Atendimento Educacional Especializado\" \/>\n<meta property=\"og:description\" content=\"&nbsp; &nbsp; &nbsp; &nbsp; &nbsp; &nbsp; &nbsp; INSCRI\u00c7\u00d5ES ENCERRADAS PARA ESTE CURSO &nbsp; Carga hor\u00e1ria: 90 horas O curso de extens\u00e3o em pr\u00e1ticas pedag\u00f3gicas para o AEE, pretende estabelecer rela\u00e7\u00f5es te\u00f3rico-pr\u00e1ticas que se traduzam nos cotidianos das escolas e, principalmente, na produ\u00e7\u00e3o de pr\u00e1ticas, materiais acess\u00edveis e recursos que qualifiquem a inclus\u00e3o oportunizada. Ser\u00e1 desenvolvido [&hellip;]\" \/>\n<meta property=\"og:url\" content=\"https:\/\/wp.ufpel.edu.br\/aeeufpel\/praticas-pedagogicas-para-o-servico-de-atendimento-educacional-especializado-extensao-2022\/\" \/>\n<meta property=\"og:site_name\" content=\"Forma\u00e7\u00e3o em Servi\u00e7o de Atendimento Educacional Especializado\" \/>\n<meta property=\"article:modified_time\" content=\"2022-07-01T16:12:28+00:00\" \/>\n<meta property=\"og:image\" content=\"https:\/\/wp.ufpel.edu.br\/aeeufpel\/files\/2022\/04\/0071_2022_ufpel_marcas_cursos-aee_600x200px_abril_Prancheta-1-1024x342.png\" \/>\n<meta name=\"twitter:card\" content=\"summary_large_image\" \/>\n<meta name=\"twitter:label1\" content=\"Est. tempo de leitura\" \/>\n\t<meta name=\"twitter:data1\" content=\"1 minuto\" \/>\n<script type=\"application\/ld+json\" class=\"yoast-schema-graph\">{\"@context\":\"https:\/\/schema.org\",\"@graph\":[{\"@type\":\"WebPage\",\"@id\":\"https:\/\/wp.ufpel.edu.br\/aeeufpel\/praticas-pedagogicas-para-o-servico-de-atendimento-educacional-especializado-extensao-2022\/\",\"url\":\"https:\/\/wp.ufpel.edu.br\/aeeufpel\/praticas-pedagogicas-para-o-servico-de-atendimento-educacional-especializado-extensao-2022\/\",\"name\":\"PR\u00c1TICAS PEDAG\u00d3GICAS PARA O SERVI\u00c7O DE ATENDIMENTO EDUCACIONAL ESPECIALIZADO - EXTENS\u00c3O - 2022 - Forma\u00e7\u00e3o em Servi\u00e7o de Atendimento Educacional Especializado\",\"isPartOf\":{\"@id\":\"https:\/\/wp.ufpel.edu.br\/aeeufpel\/#website\"},\"primaryImageOfPage\":{\"@id\":\"https:\/\/wp.ufpel.edu.br\/aeeufpel\/praticas-pedagogicas-para-o-servico-de-atendimento-educacional-especializado-extensao-2022\/#primaryimage\"},\"image\":{\"@id\":\"https:\/\/wp.ufpel.edu.br\/aeeufpel\/praticas-pedagogicas-para-o-servico-de-atendimento-educacional-especializado-extensao-2022\/#primaryimage\"},\"thumbnailUrl\":\"https:\/\/wp.ufpel.edu.br\/aeeufpel\/files\/2022\/04\/0071_2022_ufpel_marcas_cursos-aee_600x200px_abril_Prancheta-1-1024x342.png\",\"datePublished\":\"2022-04-26T15:29:59+00:00\",\"dateModified\":\"2022-07-01T16:12:28+00:00\",\"breadcrumb\":{\"@id\":\"https:\/\/wp.ufpel.edu.br\/aeeufpel\/praticas-pedagogicas-para-o-servico-de-atendimento-educacional-especializado-extensao-2022\/#breadcrumb\"},\"inLanguage\":\"pt-BR\",\"potentialAction\":[{\"@type\":\"ReadAction\",\"target\":[\"https:\/\/wp.ufpel.edu.br\/aeeufpel\/praticas-pedagogicas-para-o-servico-de-atendimento-educacional-especializado-extensao-2022\/\"]}]},{\"@type\":\"ImageObject\",\"inLanguage\":\"pt-BR\",\"@id\":\"https:\/\/wp.ufpel.edu.br\/aeeufpel\/praticas-pedagogicas-para-o-servico-de-atendimento-educacional-especializado-extensao-2022\/#primaryimage\",\"url\":\"https:\/\/wp.ufpel.edu.br\/aeeufpel\/files\/2022\/04\/0071_2022_ufpel_marcas_cursos-aee_600x200px_abril_Prancheta-1.png\",\"contentUrl\":\"https:\/\/wp.ufpel.edu.br\/aeeufpel\/files\/2022\/04\/0071_2022_ufpel_marcas_cursos-aee_600x200px_abril_Prancheta-1.png\",\"width\":2500,\"height\":834},{\"@type\":\"BreadcrumbList\",\"@id\":\"https:\/\/wp.ufpel.edu.br\/aeeufpel\/praticas-pedagogicas-para-o-servico-de-atendimento-educacional-especializado-extensao-2022\/#breadcrumb\",\"itemListElement\":[{\"@type\":\"ListItem\",\"position\":1,\"name\":\"In\u00edcio\",\"item\":\"https:\/\/wp.ufpel.edu.br\/aeeufpel\/\"},{\"@type\":\"ListItem\",\"position\":2,\"name\":\"PR\u00c1TICAS PEDAG\u00d3GICAS PARA O SERVI\u00c7O DE ATENDIMENTO EDUCACIONAL ESPECIALIZADO &#8211; EXTENS\u00c3O &#8211; 2022\"}]},{\"@type\":\"WebSite\",\"@id\":\"https:\/\/wp.ufpel.edu.br\/aeeufpel\/#website\",\"url\":\"https:\/\/wp.ufpel.edu.br\/aeeufpel\/\",\"name\":\"Forma\u00e7\u00e3o em Servi\u00e7o de Atendimento Educacional Especializado\",\"description\":\"Universidade Federal de Pelotas - UFPEL\",\"potentialAction\":[{\"@type\":\"SearchAction\",\"target\":{\"@type\":\"EntryPoint\",\"urlTemplate\":\"https:\/\/wp.ufpel.edu.br\/aeeufpel\/?s={search_term_string}\"},\"query-input\":{\"@type\":\"PropertyValueSpecification\",\"valueRequired\":true,\"valueName\":\"search_term_string\"}}],\"inLanguage\":\"pt-BR\"}]}<\/script>\n<!-- \/ Yoast SEO plugin. -->","yoast_head_json":{"title":"PR\u00c1TICAS PEDAG\u00d3GICAS PARA O SERVI\u00c7O DE ATENDIMENTO EDUCACIONAL ESPECIALIZADO - EXTENS\u00c3O - 2022 - Forma\u00e7\u00e3o em Servi\u00e7o de Atendimento Educacional Especializado","robots":{"index":"index","follow":"follow","max-snippet":"max-snippet:-1","max-image-preview":"max-image-preview:large","max-video-preview":"max-video-preview:-1"},"canonical":"https:\/\/wp.ufpel.edu.br\/aeeufpel\/praticas-pedagogicas-para-o-servico-de-atendimento-educacional-especializado-extensao-2022\/","og_locale":"pt_BR","og_type":"article","og_title":"PR\u00c1TICAS PEDAG\u00d3GICAS PARA O SERVI\u00c7O DE ATENDIMENTO EDUCACIONAL ESPECIALIZADO - EXTENS\u00c3O - 2022 - Forma\u00e7\u00e3o em Servi\u00e7o de Atendimento Educacional Especializado","og_description":"&nbsp; &nbsp; &nbsp; &nbsp; &nbsp; &nbsp; &nbsp; INSCRI\u00c7\u00d5ES ENCERRADAS PARA ESTE CURSO &nbsp; Carga hor\u00e1ria: 90 horas O curso de extens\u00e3o em pr\u00e1ticas pedag\u00f3gicas para o AEE, pretende estabelecer rela\u00e7\u00f5es te\u00f3rico-pr\u00e1ticas que se traduzam nos cotidianos das escolas e, principalmente, na produ\u00e7\u00e3o de pr\u00e1ticas, materiais acess\u00edveis e recursos que qualifiquem a inclus\u00e3o oportunizada. Ser\u00e1 desenvolvido [&hellip;]","og_url":"https:\/\/wp.ufpel.edu.br\/aeeufpel\/praticas-pedagogicas-para-o-servico-de-atendimento-educacional-especializado-extensao-2022\/","og_site_name":"Forma\u00e7\u00e3o em Servi\u00e7o de Atendimento Educacional Especializado","article_modified_time":"2022-07-01T16:12:28+00:00","og_image":[{"url":"https:\/\/wp.ufpel.edu.br\/aeeufpel\/files\/2022\/04\/0071_2022_ufpel_marcas_cursos-aee_600x200px_abril_Prancheta-1-1024x342.png","type":"","width":"","height":""}],"twitter_card":"summary_large_image","twitter_misc":{"Est. tempo de leitura":"1 minuto"},"schema":{"@context":"https:\/\/schema.org","@graph":[{"@type":"WebPage","@id":"https:\/\/wp.ufpel.edu.br\/aeeufpel\/praticas-pedagogicas-para-o-servico-de-atendimento-educacional-especializado-extensao-2022\/","url":"https:\/\/wp.ufpel.edu.br\/aeeufpel\/praticas-pedagogicas-para-o-servico-de-atendimento-educacional-especializado-extensao-2022\/","name":"PR\u00c1TICAS PEDAG\u00d3GICAS PARA O SERVI\u00c7O DE ATENDIMENTO EDUCACIONAL ESPECIALIZADO - EXTENS\u00c3O - 2022 - Forma\u00e7\u00e3o em Servi\u00e7o de Atendimento Educacional Especializado","isPartOf":{"@id":"https:\/\/wp.ufpel.edu.br\/aeeufpel\/#website"},"primaryImageOfPage":{"@id":"https:\/\/wp.ufpel.edu.br\/aeeufpel\/praticas-pedagogicas-para-o-servico-de-atendimento-educacional-especializado-extensao-2022\/#primaryimage"},"image":{"@id":"https:\/\/wp.ufpel.edu.br\/aeeufpel\/praticas-pedagogicas-para-o-servico-de-atendimento-educacional-especializado-extensao-2022\/#primaryimage"},"thumbnailUrl":"https:\/\/wp.ufpel.edu.br\/aeeufpel\/files\/2022\/04\/0071_2022_ufpel_marcas_cursos-aee_600x200px_abril_Prancheta-1-1024x342.png","datePublished":"2022-04-26T15:29:59+00:00","dateModified":"2022-07-01T16:12:28+00:00","breadcrumb":{"@id":"https:\/\/wp.ufpel.edu.br\/aeeufpel\/praticas-pedagogicas-para-o-servico-de-atendimento-educacional-especializado-extensao-2022\/#breadcrumb"},"inLanguage":"pt-BR","potentialAction":[{"@type":"ReadAction","target":["https:\/\/wp.ufpel.edu.br\/aeeufpel\/praticas-pedagogicas-para-o-servico-de-atendimento-educacional-especializado-extensao-2022\/"]}]},{"@type":"ImageObject","inLanguage":"pt-BR","@id":"https:\/\/wp.ufpel.edu.br\/aeeufpel\/praticas-pedagogicas-para-o-servico-de-atendimento-educacional-especializado-extensao-2022\/#primaryimage","url":"https:\/\/wp.ufpel.edu.br\/aeeufpel\/files\/2022\/04\/0071_2022_ufpel_marcas_cursos-aee_600x200px_abril_Prancheta-1.png","contentUrl":"https:\/\/wp.ufpel.edu.br\/aeeufpel\/files\/2022\/04\/0071_2022_ufpel_marcas_cursos-aee_600x200px_abril_Prancheta-1.png","width":2500,"height":834},{"@type":"BreadcrumbList","@id":"https:\/\/wp.ufpel.edu.br\/aeeufpel\/praticas-pedagogicas-para-o-servico-de-atendimento-educacional-especializado-extensao-2022\/#breadcrumb","itemListElement":[{"@type":"ListItem","position":1,"name":"In\u00edcio","item":"https:\/\/wp.ufpel.edu.br\/aeeufpel\/"},{"@type":"ListItem","position":2,"name":"PR\u00c1TICAS PEDAG\u00d3GICAS PARA O SERVI\u00c7O DE ATENDIMENTO EDUCACIONAL ESPECIALIZADO &#8211; EXTENS\u00c3O &#8211; 2022"}]},{"@type":"WebSite","@id":"https:\/\/wp.ufpel.edu.br\/aeeufpel\/#website","url":"https:\/\/wp.ufpel.edu.br\/aeeufpel\/","name":"Forma\u00e7\u00e3o em Servi\u00e7o de Atendimento Educacional Especializado","description":"Universidade Federal de Pelotas - UFPEL","potentialAction":[{"@type":"SearchAction","target":{"@type":"EntryPoint","urlTemplate":"https:\/\/wp.ufpel.edu.br\/aeeufpel\/?s={search_term_string}"},"query-input":{"@type":"PropertyValueSpecification","valueRequired":true,"valueName":"search_term_string"}}],"inLanguage":"pt-BR"}]}},"_links":{"self":[{"href":"https:\/\/wp.ufpel.edu.br\/aeeufpel\/wp-json\/wp\/v2\/pages\/652","targetHints":{"allow":["GET"]}}],"collection":[{"href":"https:\/\/wp.ufpel.edu.br\/aeeufpel\/wp-json\/wp\/v2\/pages"}],"about":[{"href":"https:\/\/wp.ufpel.edu.br\/aeeufpel\/wp-json\/wp\/v2\/types\/page"}],"author":[{"embeddable":true,"href":"https:\/\/wp.ufpel.edu.br\/aeeufpel\/wp-json\/wp\/v2\/users\/1031"}],"replies":[{"embeddable":true,"href":"https:\/\/wp.ufpel.edu.br\/aeeufpel\/wp-json\/wp\/v2\/comments?post=652"}],"version-history":[{"count":14,"href":"https:\/\/wp.ufpel.edu.br\/aeeufpel\/wp-json\/wp\/v2\/pages\/652\/revisions"}],"predecessor-version":[{"id":821,"href":"https:\/\/wp.ufpel.edu.br\/aeeufpel\/wp-json\/wp\/v2\/pages\/652\/revisions\/821"}],"wp:attachment":[{"href":"https:\/\/wp.ufpel.edu.br\/aeeufpel\/wp-json\/wp\/v2\/media?parent=652"}],"curies":[{"name":"wp","href":"https:\/\/api.w.org\/{rel}","templated":true}]}}