{"id":648,"date":"2022-04-26T12:28:38","date_gmt":"2022-04-26T15:28:38","guid":{"rendered":"https:\/\/wp.ufpel.edu.br\/aeeufpel\/?page_id=648"},"modified":"2022-07-01T13:10:48","modified_gmt":"2022-07-01T16:10:48","slug":"atendimento-educacional-especializado-no-contexto-da-educacao-de-jovens-e-adultos-extensao-2022","status":"publish","type":"page","link":"https:\/\/wp.ufpel.edu.br\/aeeufpel\/atendimento-educacional-especializado-no-contexto-da-educacao-de-jovens-e-adultos-extensao-2022\/","title":{"rendered":"ATENDIMENTO EDUCACIONAL ESPECIALIZADO NO CONTEXTO DA EDUCA\u00c7\u00c3O DE JOVENS E ADULTOS &#8211; EXTENS\u00c3O &#8211; 2022"},"content":{"rendered":"<p><img loading=\"lazy\" decoding=\"async\" class=\"wp-image-650 size-large alignnone\" src=\"https:\/\/wp.ufpel.edu.br\/aeeufpel\/files\/2022\/04\/0071_2022_ufpel_marcas_cursos-aee_600x200px_abril_Prancheta-1-copia-5-1024x341.png\" alt=\"\" width=\"720\" height=\"240\" srcset=\"https:\/\/wp.ufpel.edu.br\/aeeufpel\/files\/2022\/04\/0071_2022_ufpel_marcas_cursos-aee_600x200px_abril_Prancheta-1-copia-5-1024x341.png 1024w, https:\/\/wp.ufpel.edu.br\/aeeufpel\/files\/2022\/04\/0071_2022_ufpel_marcas_cursos-aee_600x200px_abril_Prancheta-1-copia-5-400x133.png 400w, https:\/\/wp.ufpel.edu.br\/aeeufpel\/files\/2022\/04\/0071_2022_ufpel_marcas_cursos-aee_600x200px_abril_Prancheta-1-copia-5-768x256.png 768w, https:\/\/wp.ufpel.edu.br\/aeeufpel\/files\/2022\/04\/0071_2022_ufpel_marcas_cursos-aee_600x200px_abril_Prancheta-1-copia-5-1536x512.png 1536w, https:\/\/wp.ufpel.edu.br\/aeeufpel\/files\/2022\/04\/0071_2022_ufpel_marcas_cursos-aee_600x200px_abril_Prancheta-1-copia-5-2048x683.png 2048w\" sizes=\"auto, (max-width: 720px) 100vw, 720px\" \/><\/p>\n<p>&nbsp;<\/p>\n<p style=\"text-align: left;\"><span style=\"color: #ff0000; font-size: 24pt;\"><strong><span style=\"color: #ffffff; background-color: #ff0000;\">INSCRI\u00c7\u00d5ES ENCERRADAS PARA ESTE CURSO<\/span><\/strong><\/span><\/p>\n<p>&nbsp;<\/p>\n<p><span style=\"font-size: 18pt;\">Carga hor\u00e1ria: 90 horas<\/span><\/p>\n<p><span style=\"font-size: 18pt;\">O curso de extens\u00e3o em Atendimento Educacional Especializado no contexto da Educa\u00e7\u00e3o de Jovens e Adultos pretende problematizar as pr\u00e1ticas na EJA e, instrumentalizar os e as docentes no Atendimento Educacional Especializado \u2013 AEE, de modo que estes tenham potencializadas suas condi\u00e7\u00f5es de trabalho com o novo perfil de estudantes dessas classes. Pretende-se contemplar a inova\u00e7\u00e3o da abordagem curricular a partir dos conhecimentos acumulados pelos e pelas seus\/as estudantes; Ser\u00e1 desenvolvido em tr\u00eas m\u00f3dulos e sete disciplinas, dois semin\u00e1rios, aulas b\u00f4nus e lives:<\/span><\/p>\n<p>&nbsp;<\/p>\n<p><span style=\"font-size: 18pt;\"><strong>M\u00d3DULO 1: EIXO TEM\u00c1TICO: SUJEITOS DA EJA E DA EE<\/strong><\/span><\/p>\n<p><span style=\"font-size: 18pt;\">DISCIPLINA 1: SUJEITOS DA EJA: DE QUEM ESTAMOS FALANDO?<\/span><\/p>\n<p><span style=\"font-size: 18pt;\">DISCIPLINA 2: SUJEITOS DA EJA: ESTUDANTES COM DEFICI\u00caNCIA,<\/span><\/p>\n<p><span style=\"font-size: 18pt;\">TRANSTORNO DO ESPECTRO AUTISTA, ALTAS HABILIDADES OU SUPERDOTA\u00c7\u00c3O<\/span><\/p>\n<p><span style=\"font-size: 18pt;\">DISCIPLINA 3 \u2013 TECNOLOGIA ASSISTIVA NA EJA \u2013 AEE<\/span><\/p>\n<p>&nbsp;<\/p>\n<p><span style=\"font-size: 18pt;\"><strong>M\u00d3DULO 2: EIXO TEM\u00c1TICO LEGISLA\u00c7\u00c3O<\/strong><\/span><\/p>\n<p><span style=\"font-size: 18pt;\">DISCIPLINA 4: EDUCA\u00c7\u00c3O INCLUSIVA<\/span><\/p>\n<p><span style=\"font-size: 18pt;\">DISCIPLINA 5: EJA \u2013 POR QUAIS DIREITOS BUSCAMOS?<\/span><\/p>\n<p>&nbsp;<\/p>\n<p><span style=\"font-size: 18pt;\"><strong>M\u00d3DULO 3: EIXO TEM\u00c1TICO &#8211; CURR\u00cdCULO E PLANEJAMENTO<\/strong><\/span><\/p>\n<p><span style=\"font-size: 18pt;\">DISCIPLINA 6: SOBRE QUAIS CONHECIMENTOS<\/span><\/p>\n<p><span style=\"font-size: 18pt;\">DISCIPLINA 7: PROJETOS DE ENSINO NA EJA COM AEE<\/span><\/p>\n<p><span style=\"font-size: 18pt;\">DISCIPLINA B\u00d4NUS &#8211; CORPOREIDADE NA EJA<\/span><\/p>\n<p><span style=\"font-size: 18pt;\">POD CAST: TE LIGA NOS&#8230; PROTAGONISTAS DA HIST\u00d3RIA<\/span><\/p>\n","protected":false},"excerpt":{"rendered":"<p>&nbsp; INSCRI\u00c7\u00d5ES ENCERRADAS PARA ESTE CURSO &nbsp; Carga hor\u00e1ria: 90 horas O curso de extens\u00e3o em Atendimento Educacional Especializado no contexto da Educa\u00e7\u00e3o de Jovens e Adultos pretende problematizar as pr\u00e1ticas na EJA e, instrumentalizar os e as docentes no Atendimento Educacional Especializado \u2013 AEE, de modo que estes tenham potencializadas suas condi\u00e7\u00f5es de trabalho [&hellip;]<\/p>\n","protected":false},"author":1031,"featured_media":0,"parent":0,"menu_order":0,"comment_status":"closed","ping_status":"closed","template":"","meta":{"footnotes":""},"class_list":["post-648","page","type-page","status-publish","hentry","post"],"yoast_head":"<!-- This site is optimized with the Yoast SEO plugin v26.7 - https:\/\/yoast.com\/wordpress\/plugins\/seo\/ -->\n<title>ATENDIMENTO EDUCACIONAL ESPECIALIZADO NO CONTEXTO DA EDUCA\u00c7\u00c3O DE JOVENS E ADULTOS - EXTENS\u00c3O - 2022 - Forma\u00e7\u00e3o em Servi\u00e7o de Atendimento Educacional Especializado<\/title>\n<meta name=\"robots\" content=\"index, follow, max-snippet:-1, max-image-preview:large, max-video-preview:-1\" \/>\n<link rel=\"canonical\" href=\"https:\/\/wp.ufpel.edu.br\/aeeufpel\/atendimento-educacional-especializado-no-contexto-da-educacao-de-jovens-e-adultos-extensao-2022\/\" \/>\n<meta property=\"og:locale\" content=\"pt_BR\" \/>\n<meta property=\"og:type\" content=\"article\" \/>\n<meta property=\"og:title\" content=\"ATENDIMENTO EDUCACIONAL ESPECIALIZADO NO CONTEXTO DA EDUCA\u00c7\u00c3O DE JOVENS E ADULTOS - EXTENS\u00c3O - 2022 - Forma\u00e7\u00e3o em Servi\u00e7o de Atendimento Educacional Especializado\" \/>\n<meta property=\"og:description\" content=\"&nbsp; INSCRI\u00c7\u00d5ES ENCERRADAS PARA ESTE CURSO &nbsp; Carga hor\u00e1ria: 90 horas O curso de extens\u00e3o em Atendimento Educacional Especializado no contexto da Educa\u00e7\u00e3o de Jovens e Adultos pretende problematizar as pr\u00e1ticas na EJA e, instrumentalizar os e as docentes no Atendimento Educacional Especializado \u2013 AEE, de modo que estes tenham potencializadas suas condi\u00e7\u00f5es de trabalho [&hellip;]\" \/>\n<meta property=\"og:url\" content=\"https:\/\/wp.ufpel.edu.br\/aeeufpel\/atendimento-educacional-especializado-no-contexto-da-educacao-de-jovens-e-adultos-extensao-2022\/\" \/>\n<meta property=\"og:site_name\" content=\"Forma\u00e7\u00e3o em Servi\u00e7o de Atendimento Educacional Especializado\" \/>\n<meta property=\"article:modified_time\" content=\"2022-07-01T16:10:48+00:00\" \/>\n<meta property=\"og:image\" content=\"https:\/\/wp.ufpel.edu.br\/aeeufpel\/files\/2022\/04\/0071_2022_ufpel_marcas_cursos-aee_600x200px_abril_Prancheta-1-copia-5-1024x341.png\" \/>\n<meta name=\"twitter:card\" content=\"summary_large_image\" \/>\n<meta name=\"twitter:label1\" content=\"Est. tempo de leitura\" \/>\n\t<meta name=\"twitter:data1\" content=\"1 minuto\" \/>\n<script type=\"application\/ld+json\" class=\"yoast-schema-graph\">{\"@context\":\"https:\/\/schema.org\",\"@graph\":[{\"@type\":\"WebPage\",\"@id\":\"https:\/\/wp.ufpel.edu.br\/aeeufpel\/atendimento-educacional-especializado-no-contexto-da-educacao-de-jovens-e-adultos-extensao-2022\/\",\"url\":\"https:\/\/wp.ufpel.edu.br\/aeeufpel\/atendimento-educacional-especializado-no-contexto-da-educacao-de-jovens-e-adultos-extensao-2022\/\",\"name\":\"ATENDIMENTO EDUCACIONAL ESPECIALIZADO NO CONTEXTO DA EDUCA\u00c7\u00c3O DE JOVENS E ADULTOS - EXTENS\u00c3O - 2022 - Forma\u00e7\u00e3o em Servi\u00e7o de Atendimento Educacional Especializado\",\"isPartOf\":{\"@id\":\"https:\/\/wp.ufpel.edu.br\/aeeufpel\/#website\"},\"primaryImageOfPage\":{\"@id\":\"https:\/\/wp.ufpel.edu.br\/aeeufpel\/atendimento-educacional-especializado-no-contexto-da-educacao-de-jovens-e-adultos-extensao-2022\/#primaryimage\"},\"image\":{\"@id\":\"https:\/\/wp.ufpel.edu.br\/aeeufpel\/atendimento-educacional-especializado-no-contexto-da-educacao-de-jovens-e-adultos-extensao-2022\/#primaryimage\"},\"thumbnailUrl\":\"https:\/\/wp.ufpel.edu.br\/aeeufpel\/files\/2022\/04\/0071_2022_ufpel_marcas_cursos-aee_600x200px_abril_Prancheta-1-copia-5-1024x341.png\",\"datePublished\":\"2022-04-26T15:28:38+00:00\",\"dateModified\":\"2022-07-01T16:10:48+00:00\",\"breadcrumb\":{\"@id\":\"https:\/\/wp.ufpel.edu.br\/aeeufpel\/atendimento-educacional-especializado-no-contexto-da-educacao-de-jovens-e-adultos-extensao-2022\/#breadcrumb\"},\"inLanguage\":\"pt-BR\",\"potentialAction\":[{\"@type\":\"ReadAction\",\"target\":[\"https:\/\/wp.ufpel.edu.br\/aeeufpel\/atendimento-educacional-especializado-no-contexto-da-educacao-de-jovens-e-adultos-extensao-2022\/\"]}]},{\"@type\":\"ImageObject\",\"inLanguage\":\"pt-BR\",\"@id\":\"https:\/\/wp.ufpel.edu.br\/aeeufpel\/atendimento-educacional-especializado-no-contexto-da-educacao-de-jovens-e-adultos-extensao-2022\/#primaryimage\",\"url\":\"https:\/\/wp.ufpel.edu.br\/aeeufpel\/files\/2022\/04\/0071_2022_ufpel_marcas_cursos-aee_600x200px_abril_Prancheta-1-copia-5.png\",\"contentUrl\":\"https:\/\/wp.ufpel.edu.br\/aeeufpel\/files\/2022\/04\/0071_2022_ufpel_marcas_cursos-aee_600x200px_abril_Prancheta-1-copia-5.png\",\"width\":2501,\"height\":834},{\"@type\":\"BreadcrumbList\",\"@id\":\"https:\/\/wp.ufpel.edu.br\/aeeufpel\/atendimento-educacional-especializado-no-contexto-da-educacao-de-jovens-e-adultos-extensao-2022\/#breadcrumb\",\"itemListElement\":[{\"@type\":\"ListItem\",\"position\":1,\"name\":\"In\u00edcio\",\"item\":\"https:\/\/wp.ufpel.edu.br\/aeeufpel\/\"},{\"@type\":\"ListItem\",\"position\":2,\"name\":\"ATENDIMENTO EDUCACIONAL ESPECIALIZADO NO CONTEXTO DA EDUCA\u00c7\u00c3O DE JOVENS E ADULTOS &#8211; EXTENS\u00c3O &#8211; 2022\"}]},{\"@type\":\"WebSite\",\"@id\":\"https:\/\/wp.ufpel.edu.br\/aeeufpel\/#website\",\"url\":\"https:\/\/wp.ufpel.edu.br\/aeeufpel\/\",\"name\":\"Forma\u00e7\u00e3o em Servi\u00e7o de Atendimento Educacional Especializado\",\"description\":\"Universidade Federal de Pelotas - UFPEL\",\"potentialAction\":[{\"@type\":\"SearchAction\",\"target\":{\"@type\":\"EntryPoint\",\"urlTemplate\":\"https:\/\/wp.ufpel.edu.br\/aeeufpel\/?s={search_term_string}\"},\"query-input\":{\"@type\":\"PropertyValueSpecification\",\"valueRequired\":true,\"valueName\":\"search_term_string\"}}],\"inLanguage\":\"pt-BR\"}]}<\/script>\n<!-- \/ Yoast SEO plugin. -->","yoast_head_json":{"title":"ATENDIMENTO EDUCACIONAL ESPECIALIZADO NO CONTEXTO DA EDUCA\u00c7\u00c3O DE JOVENS E ADULTOS - EXTENS\u00c3O - 2022 - Forma\u00e7\u00e3o em Servi\u00e7o de Atendimento Educacional Especializado","robots":{"index":"index","follow":"follow","max-snippet":"max-snippet:-1","max-image-preview":"max-image-preview:large","max-video-preview":"max-video-preview:-1"},"canonical":"https:\/\/wp.ufpel.edu.br\/aeeufpel\/atendimento-educacional-especializado-no-contexto-da-educacao-de-jovens-e-adultos-extensao-2022\/","og_locale":"pt_BR","og_type":"article","og_title":"ATENDIMENTO EDUCACIONAL ESPECIALIZADO NO CONTEXTO DA EDUCA\u00c7\u00c3O DE JOVENS E ADULTOS - EXTENS\u00c3O - 2022 - Forma\u00e7\u00e3o em Servi\u00e7o de Atendimento Educacional Especializado","og_description":"&nbsp; INSCRI\u00c7\u00d5ES ENCERRADAS PARA ESTE CURSO &nbsp; Carga hor\u00e1ria: 90 horas O curso de extens\u00e3o em Atendimento Educacional Especializado no contexto da Educa\u00e7\u00e3o de Jovens e Adultos pretende problematizar as pr\u00e1ticas na EJA e, instrumentalizar os e as docentes no Atendimento Educacional Especializado \u2013 AEE, de modo que estes tenham potencializadas suas condi\u00e7\u00f5es de trabalho [&hellip;]","og_url":"https:\/\/wp.ufpel.edu.br\/aeeufpel\/atendimento-educacional-especializado-no-contexto-da-educacao-de-jovens-e-adultos-extensao-2022\/","og_site_name":"Forma\u00e7\u00e3o em Servi\u00e7o de Atendimento Educacional Especializado","article_modified_time":"2022-07-01T16:10:48+00:00","og_image":[{"url":"https:\/\/wp.ufpel.edu.br\/aeeufpel\/files\/2022\/04\/0071_2022_ufpel_marcas_cursos-aee_600x200px_abril_Prancheta-1-copia-5-1024x341.png","type":"","width":"","height":""}],"twitter_card":"summary_large_image","twitter_misc":{"Est. tempo de leitura":"1 minuto"},"schema":{"@context":"https:\/\/schema.org","@graph":[{"@type":"WebPage","@id":"https:\/\/wp.ufpel.edu.br\/aeeufpel\/atendimento-educacional-especializado-no-contexto-da-educacao-de-jovens-e-adultos-extensao-2022\/","url":"https:\/\/wp.ufpel.edu.br\/aeeufpel\/atendimento-educacional-especializado-no-contexto-da-educacao-de-jovens-e-adultos-extensao-2022\/","name":"ATENDIMENTO EDUCACIONAL ESPECIALIZADO NO CONTEXTO DA EDUCA\u00c7\u00c3O DE JOVENS E ADULTOS - EXTENS\u00c3O - 2022 - Forma\u00e7\u00e3o em Servi\u00e7o de Atendimento Educacional Especializado","isPartOf":{"@id":"https:\/\/wp.ufpel.edu.br\/aeeufpel\/#website"},"primaryImageOfPage":{"@id":"https:\/\/wp.ufpel.edu.br\/aeeufpel\/atendimento-educacional-especializado-no-contexto-da-educacao-de-jovens-e-adultos-extensao-2022\/#primaryimage"},"image":{"@id":"https:\/\/wp.ufpel.edu.br\/aeeufpel\/atendimento-educacional-especializado-no-contexto-da-educacao-de-jovens-e-adultos-extensao-2022\/#primaryimage"},"thumbnailUrl":"https:\/\/wp.ufpel.edu.br\/aeeufpel\/files\/2022\/04\/0071_2022_ufpel_marcas_cursos-aee_600x200px_abril_Prancheta-1-copia-5-1024x341.png","datePublished":"2022-04-26T15:28:38+00:00","dateModified":"2022-07-01T16:10:48+00:00","breadcrumb":{"@id":"https:\/\/wp.ufpel.edu.br\/aeeufpel\/atendimento-educacional-especializado-no-contexto-da-educacao-de-jovens-e-adultos-extensao-2022\/#breadcrumb"},"inLanguage":"pt-BR","potentialAction":[{"@type":"ReadAction","target":["https:\/\/wp.ufpel.edu.br\/aeeufpel\/atendimento-educacional-especializado-no-contexto-da-educacao-de-jovens-e-adultos-extensao-2022\/"]}]},{"@type":"ImageObject","inLanguage":"pt-BR","@id":"https:\/\/wp.ufpel.edu.br\/aeeufpel\/atendimento-educacional-especializado-no-contexto-da-educacao-de-jovens-e-adultos-extensao-2022\/#primaryimage","url":"https:\/\/wp.ufpel.edu.br\/aeeufpel\/files\/2022\/04\/0071_2022_ufpel_marcas_cursos-aee_600x200px_abril_Prancheta-1-copia-5.png","contentUrl":"https:\/\/wp.ufpel.edu.br\/aeeufpel\/files\/2022\/04\/0071_2022_ufpel_marcas_cursos-aee_600x200px_abril_Prancheta-1-copia-5.png","width":2501,"height":834},{"@type":"BreadcrumbList","@id":"https:\/\/wp.ufpel.edu.br\/aeeufpel\/atendimento-educacional-especializado-no-contexto-da-educacao-de-jovens-e-adultos-extensao-2022\/#breadcrumb","itemListElement":[{"@type":"ListItem","position":1,"name":"In\u00edcio","item":"https:\/\/wp.ufpel.edu.br\/aeeufpel\/"},{"@type":"ListItem","position":2,"name":"ATENDIMENTO EDUCACIONAL ESPECIALIZADO NO CONTEXTO DA EDUCA\u00c7\u00c3O DE JOVENS E ADULTOS &#8211; EXTENS\u00c3O &#8211; 2022"}]},{"@type":"WebSite","@id":"https:\/\/wp.ufpel.edu.br\/aeeufpel\/#website","url":"https:\/\/wp.ufpel.edu.br\/aeeufpel\/","name":"Forma\u00e7\u00e3o em Servi\u00e7o de Atendimento Educacional Especializado","description":"Universidade Federal de Pelotas - UFPEL","potentialAction":[{"@type":"SearchAction","target":{"@type":"EntryPoint","urlTemplate":"https:\/\/wp.ufpel.edu.br\/aeeufpel\/?s={search_term_string}"},"query-input":{"@type":"PropertyValueSpecification","valueRequired":true,"valueName":"search_term_string"}}],"inLanguage":"pt-BR"}]}},"_links":{"self":[{"href":"https:\/\/wp.ufpel.edu.br\/aeeufpel\/wp-json\/wp\/v2\/pages\/648","targetHints":{"allow":["GET"]}}],"collection":[{"href":"https:\/\/wp.ufpel.edu.br\/aeeufpel\/wp-json\/wp\/v2\/pages"}],"about":[{"href":"https:\/\/wp.ufpel.edu.br\/aeeufpel\/wp-json\/wp\/v2\/types\/page"}],"author":[{"embeddable":true,"href":"https:\/\/wp.ufpel.edu.br\/aeeufpel\/wp-json\/wp\/v2\/users\/1031"}],"replies":[{"embeddable":true,"href":"https:\/\/wp.ufpel.edu.br\/aeeufpel\/wp-json\/wp\/v2\/comments?post=648"}],"version-history":[{"count":24,"href":"https:\/\/wp.ufpel.edu.br\/aeeufpel\/wp-json\/wp\/v2\/pages\/648\/revisions"}],"predecessor-version":[{"id":818,"href":"https:\/\/wp.ufpel.edu.br\/aeeufpel\/wp-json\/wp\/v2\/pages\/648\/revisions\/818"}],"wp:attachment":[{"href":"https:\/\/wp.ufpel.edu.br\/aeeufpel\/wp-json\/wp\/v2\/media?parent=648"}],"curies":[{"name":"wp","href":"https:\/\/api.w.org\/{rel}","templated":true}]}}