{"id":432,"date":"2021-07-10T10:30:03","date_gmt":"2021-07-10T13:30:03","guid":{"rendered":"https:\/\/wp.ufpel.edu.br\/aeeufpel\/?page_id=432"},"modified":"2021-07-24T21:51:20","modified_gmt":"2021-07-25T00:51:20","slug":"servico-de-atendimento-educacional-especializado-deficiencia-intelectual","status":"publish","type":"page","link":"https:\/\/wp.ufpel.edu.br\/aeeufpel\/servico-de-atendimento-educacional-especializado-deficiencia-intelectual\/","title":{"rendered":"Servi\u00e7o de Atendimento Educacional Especializado &#8211; Defici\u00eancia Intelectual \/ 2021"},"content":{"rendered":"<p><img loading=\"lazy\" decoding=\"async\" class=\"alignnone wp-image-514 size-full\" src=\"https:\/\/wp.ufpel.edu.br\/aeeufpel\/files\/2021\/07\/0263_2021_ufpel_banners-site_cursos-2021_1120x220pc_julho_Prancheta-1-copia-4-2.png\" alt=\"\" width=\"2334\" height=\"369\" srcset=\"https:\/\/wp.ufpel.edu.br\/aeeufpel\/files\/2021\/07\/0263_2021_ufpel_banners-site_cursos-2021_1120x220pc_julho_Prancheta-1-copia-4-2.png 2334w, https:\/\/wp.ufpel.edu.br\/aeeufpel\/files\/2021\/07\/0263_2021_ufpel_banners-site_cursos-2021_1120x220pc_julho_Prancheta-1-copia-4-2-400x63.png 400w, https:\/\/wp.ufpel.edu.br\/aeeufpel\/files\/2021\/07\/0263_2021_ufpel_banners-site_cursos-2021_1120x220pc_julho_Prancheta-1-copia-4-2-1024x162.png 1024w, https:\/\/wp.ufpel.edu.br\/aeeufpel\/files\/2021\/07\/0263_2021_ufpel_banners-site_cursos-2021_1120x220pc_julho_Prancheta-1-copia-4-2-768x121.png 768w, https:\/\/wp.ufpel.edu.br\/aeeufpel\/files\/2021\/07\/0263_2021_ufpel_banners-site_cursos-2021_1120x220pc_julho_Prancheta-1-copia-4-2-1536x243.png 1536w, https:\/\/wp.ufpel.edu.br\/aeeufpel\/files\/2021\/07\/0263_2021_ufpel_banners-site_cursos-2021_1120x220pc_julho_Prancheta-1-copia-4-2-2048x324.png 2048w\" sizes=\"auto, (max-width: 2334px) 100vw, 2334px\" \/><\/p>\n<p><strong>PROGRAMA<\/strong><\/p>\n<p><strong>SEMIN\u00c1RIO DE ABERTURA<\/strong><\/p>\n<p><strong>M\u00d3DULO 1<\/strong><br \/>\n<strong>1.<\/strong> Hist\u00f3ria da Educa\u00e7\u00e3o de Pessoas com Defici\u00eancia Intelectual, conceitos e pr\u00e1ticas da Educa\u00e7\u00e3o Inclusiva &#8211; 10 h<br \/>\n<strong>2.<\/strong> Pol\u00edticas p\u00fablicas e ordenamentos legais que amparam a Educa\u00e7\u00e3o Especial no contexto da Educa\u00e7\u00e3o Inclusiva &#8211; 10 h<br \/>\n<strong>3.<\/strong> Defici\u00eancia Intelectual: conceitos, causas e caracteriza\u00e7\u00f5es &#8211; 20 h<br \/>\n<strong>4.<\/strong> Aprendizagem e Desenvolvimento &#8211; 20 h<br \/>\nAula b\u00f4nus: Desenho Universal da aprendizagem &#8211; 20 h<\/p>\n<p><strong>M\u00d3DULO 2<\/strong><br \/>\n<strong>5.<\/strong> Estrutura\u00e7\u00e3o do Servi\u00e7o de Atendimento Educacional Especializado: legisla\u00e7\u00e3o, organiza\u00e7\u00e3o, estrutura, formas de atendimento e apoio &#8211; 20 h<br \/>\n<strong>6.<\/strong> Processo de identifica\u00e7\u00e3o, avalia\u00e7\u00e3o e planejamento das interven\u00e7\u00f5es pedag\u00f3gicas no AEE-DI &#8211; 20h<br \/>\n<strong>7.<\/strong> Pr\u00e1ticas pedag\u00f3gicas aplicadas ao AEE do estudante com defici\u00eancia intelectual &#8211; 40h<br \/>\n<strong>8.<\/strong> Comunica\u00e7\u00e3o Acess\u00edvel &#8211; 20 h<br \/>\nPer\u00edodo de elabora\u00e7\u00e3o e entrega do plano de interven\u00e7\u00e3o em AEE<\/p>\n<p><strong>Avalia\u00e7\u00e3o do Plano de Interven\u00e7\u00e3o<\/strong><\/p>\n<p><strong>SEMIN\u00c1RIO DE ENCERRAMENTO DE M\u00d3DULOS E ORIENTA\u00c7\u00c3O DO PLANO DE INTERVEN\u00c7\u00c3O EM AEE<\/strong><\/p>\n","protected":false},"excerpt":{"rendered":"<p>PROGRAMA SEMIN\u00c1RIO DE ABERTURA M\u00d3DULO 1 1. Hist\u00f3ria da Educa\u00e7\u00e3o de Pessoas com Defici\u00eancia Intelectual, conceitos e pr\u00e1ticas da Educa\u00e7\u00e3o Inclusiva &#8211; 10 h 2. Pol\u00edticas p\u00fablicas e ordenamentos legais que amparam a Educa\u00e7\u00e3o Especial no contexto da Educa\u00e7\u00e3o Inclusiva &#8211; 10 h 3. Defici\u00eancia Intelectual: conceitos, causas e caracteriza\u00e7\u00f5es &#8211; 20 h 4. Aprendizagem [&hellip;]<\/p>\n","protected":false},"author":1031,"featured_media":0,"parent":0,"menu_order":0,"comment_status":"closed","ping_status":"closed","template":"","meta":{"footnotes":""},"class_list":["post-432","page","type-page","status-publish","hentry","post"],"yoast_head":"<!-- This site is optimized with the Yoast SEO plugin v26.7 - https:\/\/yoast.com\/wordpress\/plugins\/seo\/ -->\n<title>Servi\u00e7o de Atendimento Educacional Especializado - Defici\u00eancia Intelectual \/ 2021 - Forma\u00e7\u00e3o em Servi\u00e7o de Atendimento Educacional Especializado<\/title>\n<meta name=\"robots\" content=\"index, follow, max-snippet:-1, max-image-preview:large, max-video-preview:-1\" \/>\n<link rel=\"canonical\" href=\"https:\/\/wp.ufpel.edu.br\/aeeufpel\/servico-de-atendimento-educacional-especializado-deficiencia-intelectual\/\" \/>\n<meta property=\"og:locale\" content=\"pt_BR\" \/>\n<meta property=\"og:type\" content=\"article\" \/>\n<meta property=\"og:title\" content=\"Servi\u00e7o de Atendimento Educacional Especializado - Defici\u00eancia Intelectual \/ 2021 - Forma\u00e7\u00e3o em Servi\u00e7o de Atendimento Educacional Especializado\" \/>\n<meta property=\"og:description\" content=\"PROGRAMA SEMIN\u00c1RIO DE ABERTURA M\u00d3DULO 1 1. Hist\u00f3ria da Educa\u00e7\u00e3o de Pessoas com Defici\u00eancia Intelectual, conceitos e pr\u00e1ticas da Educa\u00e7\u00e3o Inclusiva &#8211; 10 h 2. Pol\u00edticas p\u00fablicas e ordenamentos legais que amparam a Educa\u00e7\u00e3o Especial no contexto da Educa\u00e7\u00e3o Inclusiva &#8211; 10 h 3. Defici\u00eancia Intelectual: conceitos, causas e caracteriza\u00e7\u00f5es &#8211; 20 h 4. Aprendizagem [&hellip;]\" \/>\n<meta property=\"og:url\" content=\"https:\/\/wp.ufpel.edu.br\/aeeufpel\/servico-de-atendimento-educacional-especializado-deficiencia-intelectual\/\" \/>\n<meta property=\"og:site_name\" content=\"Forma\u00e7\u00e3o em Servi\u00e7o de Atendimento Educacional Especializado\" \/>\n<meta property=\"article:modified_time\" content=\"2021-07-25T00:51:20+00:00\" \/>\n<meta property=\"og:image\" content=\"https:\/\/wp.ufpel.edu.br\/aeeufpel\/files\/2021\/07\/0263_2021_ufpel_banners-site_cursos-2021_1120x220pc_julho_Prancheta-1-copia-4-2.png\" \/>\n<meta name=\"twitter:card\" content=\"summary_large_image\" \/>\n<meta name=\"twitter:label1\" content=\"Est. tempo de leitura\" \/>\n\t<meta name=\"twitter:data1\" content=\"1 minuto\" \/>\n<script type=\"application\/ld+json\" class=\"yoast-schema-graph\">{\"@context\":\"https:\/\/schema.org\",\"@graph\":[{\"@type\":\"WebPage\",\"@id\":\"https:\/\/wp.ufpel.edu.br\/aeeufpel\/servico-de-atendimento-educacional-especializado-deficiencia-intelectual\/\",\"url\":\"https:\/\/wp.ufpel.edu.br\/aeeufpel\/servico-de-atendimento-educacional-especializado-deficiencia-intelectual\/\",\"name\":\"Servi\u00e7o de Atendimento Educacional Especializado - Defici\u00eancia Intelectual \/ 2021 - Forma\u00e7\u00e3o em Servi\u00e7o de Atendimento Educacional Especializado\",\"isPartOf\":{\"@id\":\"https:\/\/wp.ufpel.edu.br\/aeeufpel\/#website\"},\"primaryImageOfPage\":{\"@id\":\"https:\/\/wp.ufpel.edu.br\/aeeufpel\/servico-de-atendimento-educacional-especializado-deficiencia-intelectual\/#primaryimage\"},\"image\":{\"@id\":\"https:\/\/wp.ufpel.edu.br\/aeeufpel\/servico-de-atendimento-educacional-especializado-deficiencia-intelectual\/#primaryimage\"},\"thumbnailUrl\":\"https:\/\/wp.ufpel.edu.br\/aeeufpel\/files\/2021\/07\/0263_2021_ufpel_banners-site_cursos-2021_1120x220pc_julho_Prancheta-1-copia-4-2.png\",\"datePublished\":\"2021-07-10T13:30:03+00:00\",\"dateModified\":\"2021-07-25T00:51:20+00:00\",\"breadcrumb\":{\"@id\":\"https:\/\/wp.ufpel.edu.br\/aeeufpel\/servico-de-atendimento-educacional-especializado-deficiencia-intelectual\/#breadcrumb\"},\"inLanguage\":\"pt-BR\",\"potentialAction\":[{\"@type\":\"ReadAction\",\"target\":[\"https:\/\/wp.ufpel.edu.br\/aeeufpel\/servico-de-atendimento-educacional-especializado-deficiencia-intelectual\/\"]}]},{\"@type\":\"ImageObject\",\"inLanguage\":\"pt-BR\",\"@id\":\"https:\/\/wp.ufpel.edu.br\/aeeufpel\/servico-de-atendimento-educacional-especializado-deficiencia-intelectual\/#primaryimage\",\"url\":\"https:\/\/wp.ufpel.edu.br\/aeeufpel\/files\/2021\/07\/0263_2021_ufpel_banners-site_cursos-2021_1120x220pc_julho_Prancheta-1-copia-4-2.png\",\"contentUrl\":\"https:\/\/wp.ufpel.edu.br\/aeeufpel\/files\/2021\/07\/0263_2021_ufpel_banners-site_cursos-2021_1120x220pc_julho_Prancheta-1-copia-4-2.png\",\"width\":2334,\"height\":369,\"caption\":\"Banner retangular roxo, centralizado \u00e0 esquerda logo circular do curso.\"},{\"@type\":\"BreadcrumbList\",\"@id\":\"https:\/\/wp.ufpel.edu.br\/aeeufpel\/servico-de-atendimento-educacional-especializado-deficiencia-intelectual\/#breadcrumb\",\"itemListElement\":[{\"@type\":\"ListItem\",\"position\":1,\"name\":\"In\u00edcio\",\"item\":\"https:\/\/wp.ufpel.edu.br\/aeeufpel\/\"},{\"@type\":\"ListItem\",\"position\":2,\"name\":\"Servi\u00e7o de Atendimento Educacional Especializado &#8211; Defici\u00eancia Intelectual \/ 2021\"}]},{\"@type\":\"WebSite\",\"@id\":\"https:\/\/wp.ufpel.edu.br\/aeeufpel\/#website\",\"url\":\"https:\/\/wp.ufpel.edu.br\/aeeufpel\/\",\"name\":\"Forma\u00e7\u00e3o em Servi\u00e7o de Atendimento Educacional Especializado\",\"description\":\"Universidade Federal de Pelotas - UFPEL\",\"potentialAction\":[{\"@type\":\"SearchAction\",\"target\":{\"@type\":\"EntryPoint\",\"urlTemplate\":\"https:\/\/wp.ufpel.edu.br\/aeeufpel\/?s={search_term_string}\"},\"query-input\":{\"@type\":\"PropertyValueSpecification\",\"valueRequired\":true,\"valueName\":\"search_term_string\"}}],\"inLanguage\":\"pt-BR\"}]}<\/script>\n<!-- \/ Yoast SEO plugin. -->","yoast_head_json":{"title":"Servi\u00e7o de Atendimento Educacional Especializado - Defici\u00eancia Intelectual \/ 2021 - Forma\u00e7\u00e3o em Servi\u00e7o de Atendimento Educacional Especializado","robots":{"index":"index","follow":"follow","max-snippet":"max-snippet:-1","max-image-preview":"max-image-preview:large","max-video-preview":"max-video-preview:-1"},"canonical":"https:\/\/wp.ufpel.edu.br\/aeeufpel\/servico-de-atendimento-educacional-especializado-deficiencia-intelectual\/","og_locale":"pt_BR","og_type":"article","og_title":"Servi\u00e7o de Atendimento Educacional Especializado - Defici\u00eancia Intelectual \/ 2021 - Forma\u00e7\u00e3o em Servi\u00e7o de Atendimento Educacional Especializado","og_description":"PROGRAMA SEMIN\u00c1RIO DE ABERTURA M\u00d3DULO 1 1. Hist\u00f3ria da Educa\u00e7\u00e3o de Pessoas com Defici\u00eancia Intelectual, conceitos e pr\u00e1ticas da Educa\u00e7\u00e3o Inclusiva &#8211; 10 h 2. Pol\u00edticas p\u00fablicas e ordenamentos legais que amparam a Educa\u00e7\u00e3o Especial no contexto da Educa\u00e7\u00e3o Inclusiva &#8211; 10 h 3. Defici\u00eancia Intelectual: conceitos, causas e caracteriza\u00e7\u00f5es &#8211; 20 h 4. Aprendizagem [&hellip;]","og_url":"https:\/\/wp.ufpel.edu.br\/aeeufpel\/servico-de-atendimento-educacional-especializado-deficiencia-intelectual\/","og_site_name":"Forma\u00e7\u00e3o em Servi\u00e7o de Atendimento Educacional Especializado","article_modified_time":"2021-07-25T00:51:20+00:00","og_image":[{"url":"https:\/\/wp.ufpel.edu.br\/aeeufpel\/files\/2021\/07\/0263_2021_ufpel_banners-site_cursos-2021_1120x220pc_julho_Prancheta-1-copia-4-2.png","type":"","width":"","height":""}],"twitter_card":"summary_large_image","twitter_misc":{"Est. tempo de leitura":"1 minuto"},"schema":{"@context":"https:\/\/schema.org","@graph":[{"@type":"WebPage","@id":"https:\/\/wp.ufpel.edu.br\/aeeufpel\/servico-de-atendimento-educacional-especializado-deficiencia-intelectual\/","url":"https:\/\/wp.ufpel.edu.br\/aeeufpel\/servico-de-atendimento-educacional-especializado-deficiencia-intelectual\/","name":"Servi\u00e7o de Atendimento Educacional Especializado - Defici\u00eancia Intelectual \/ 2021 - Forma\u00e7\u00e3o em Servi\u00e7o de Atendimento Educacional Especializado","isPartOf":{"@id":"https:\/\/wp.ufpel.edu.br\/aeeufpel\/#website"},"primaryImageOfPage":{"@id":"https:\/\/wp.ufpel.edu.br\/aeeufpel\/servico-de-atendimento-educacional-especializado-deficiencia-intelectual\/#primaryimage"},"image":{"@id":"https:\/\/wp.ufpel.edu.br\/aeeufpel\/servico-de-atendimento-educacional-especializado-deficiencia-intelectual\/#primaryimage"},"thumbnailUrl":"https:\/\/wp.ufpel.edu.br\/aeeufpel\/files\/2021\/07\/0263_2021_ufpel_banners-site_cursos-2021_1120x220pc_julho_Prancheta-1-copia-4-2.png","datePublished":"2021-07-10T13:30:03+00:00","dateModified":"2021-07-25T00:51:20+00:00","breadcrumb":{"@id":"https:\/\/wp.ufpel.edu.br\/aeeufpel\/servico-de-atendimento-educacional-especializado-deficiencia-intelectual\/#breadcrumb"},"inLanguage":"pt-BR","potentialAction":[{"@type":"ReadAction","target":["https:\/\/wp.ufpel.edu.br\/aeeufpel\/servico-de-atendimento-educacional-especializado-deficiencia-intelectual\/"]}]},{"@type":"ImageObject","inLanguage":"pt-BR","@id":"https:\/\/wp.ufpel.edu.br\/aeeufpel\/servico-de-atendimento-educacional-especializado-deficiencia-intelectual\/#primaryimage","url":"https:\/\/wp.ufpel.edu.br\/aeeufpel\/files\/2021\/07\/0263_2021_ufpel_banners-site_cursos-2021_1120x220pc_julho_Prancheta-1-copia-4-2.png","contentUrl":"https:\/\/wp.ufpel.edu.br\/aeeufpel\/files\/2021\/07\/0263_2021_ufpel_banners-site_cursos-2021_1120x220pc_julho_Prancheta-1-copia-4-2.png","width":2334,"height":369,"caption":"Banner retangular roxo, centralizado \u00e0 esquerda logo circular do curso."},{"@type":"BreadcrumbList","@id":"https:\/\/wp.ufpel.edu.br\/aeeufpel\/servico-de-atendimento-educacional-especializado-deficiencia-intelectual\/#breadcrumb","itemListElement":[{"@type":"ListItem","position":1,"name":"In\u00edcio","item":"https:\/\/wp.ufpel.edu.br\/aeeufpel\/"},{"@type":"ListItem","position":2,"name":"Servi\u00e7o de Atendimento Educacional Especializado &#8211; Defici\u00eancia Intelectual \/ 2021"}]},{"@type":"WebSite","@id":"https:\/\/wp.ufpel.edu.br\/aeeufpel\/#website","url":"https:\/\/wp.ufpel.edu.br\/aeeufpel\/","name":"Forma\u00e7\u00e3o em Servi\u00e7o de Atendimento Educacional Especializado","description":"Universidade Federal de Pelotas - UFPEL","potentialAction":[{"@type":"SearchAction","target":{"@type":"EntryPoint","urlTemplate":"https:\/\/wp.ufpel.edu.br\/aeeufpel\/?s={search_term_string}"},"query-input":{"@type":"PropertyValueSpecification","valueRequired":true,"valueName":"search_term_string"}}],"inLanguage":"pt-BR"}]}},"_links":{"self":[{"href":"https:\/\/wp.ufpel.edu.br\/aeeufpel\/wp-json\/wp\/v2\/pages\/432","targetHints":{"allow":["GET"]}}],"collection":[{"href":"https:\/\/wp.ufpel.edu.br\/aeeufpel\/wp-json\/wp\/v2\/pages"}],"about":[{"href":"https:\/\/wp.ufpel.edu.br\/aeeufpel\/wp-json\/wp\/v2\/types\/page"}],"author":[{"embeddable":true,"href":"https:\/\/wp.ufpel.edu.br\/aeeufpel\/wp-json\/wp\/v2\/users\/1031"}],"replies":[{"embeddable":true,"href":"https:\/\/wp.ufpel.edu.br\/aeeufpel\/wp-json\/wp\/v2\/comments?post=432"}],"version-history":[{"count":5,"href":"https:\/\/wp.ufpel.edu.br\/aeeufpel\/wp-json\/wp\/v2\/pages\/432\/revisions"}],"predecessor-version":[{"id":534,"href":"https:\/\/wp.ufpel.edu.br\/aeeufpel\/wp-json\/wp\/v2\/pages\/432\/revisions\/534"}],"wp:attachment":[{"href":"https:\/\/wp.ufpel.edu.br\/aeeufpel\/wp-json\/wp\/v2\/media?parent=432"}],"curies":[{"name":"wp","href":"https:\/\/api.w.org\/{rel}","templated":true}]}}