{"id":429,"date":"2021-07-10T10:29:57","date_gmt":"2021-07-10T13:29:57","guid":{"rendered":"https:\/\/wp.ufpel.edu.br\/aeeufpel\/?page_id=429"},"modified":"2021-07-24T21:50:14","modified_gmt":"2021-07-25T00:50:14","slug":"altas-habilidades-ou-superdotacao-identificacao-e-atendimento-educacional-especializado","status":"publish","type":"page","link":"https:\/\/wp.ufpel.edu.br\/aeeufpel\/altas-habilidades-ou-superdotacao-identificacao-e-atendimento-educacional-especializado\/","title":{"rendered":"Altas Habilidades ou Superdota\u00e7\u00e3o: Identifica\u00e7\u00e3o e Atendimento Educacional Especializado \/ 2021"},"content":{"rendered":"<p><img loading=\"lazy\" decoding=\"async\" class=\"alignnone wp-image-518 size-full\" src=\"https:\/\/wp.ufpel.edu.br\/aeeufpel\/files\/2021\/07\/0263_2021_ufpel_banners-site_cursos-2021_1120x220pc_julho_Prancheta-1-copia-3-3.png\" alt=\"\" width=\"2334\" height=\"375\" srcset=\"https:\/\/wp.ufpel.edu.br\/aeeufpel\/files\/2021\/07\/0263_2021_ufpel_banners-site_cursos-2021_1120x220pc_julho_Prancheta-1-copia-3-3.png 2334w, https:\/\/wp.ufpel.edu.br\/aeeufpel\/files\/2021\/07\/0263_2021_ufpel_banners-site_cursos-2021_1120x220pc_julho_Prancheta-1-copia-3-3-400x64.png 400w, https:\/\/wp.ufpel.edu.br\/aeeufpel\/files\/2021\/07\/0263_2021_ufpel_banners-site_cursos-2021_1120x220pc_julho_Prancheta-1-copia-3-3-1024x165.png 1024w, https:\/\/wp.ufpel.edu.br\/aeeufpel\/files\/2021\/07\/0263_2021_ufpel_banners-site_cursos-2021_1120x220pc_julho_Prancheta-1-copia-3-3-768x123.png 768w, https:\/\/wp.ufpel.edu.br\/aeeufpel\/files\/2021\/07\/0263_2021_ufpel_banners-site_cursos-2021_1120x220pc_julho_Prancheta-1-copia-3-3-1536x247.png 1536w, https:\/\/wp.ufpel.edu.br\/aeeufpel\/files\/2021\/07\/0263_2021_ufpel_banners-site_cursos-2021_1120x220pc_julho_Prancheta-1-copia-3-3-2048x329.png 2048w\" sizes=\"auto, (max-width: 2334px) 100vw, 2334px\" \/><\/p>\n<p><strong><span style=\"font-family: tahoma, arial, helvetica, sans-serif\">PROGRAMA:<\/span><\/strong><\/p>\n<p><strong><span style=\"font-family: tahoma, arial, helvetica, sans-serif\">SEMIN\u00c1RIO DE ABERTURA<\/span><\/strong><\/p>\n<p><strong><span style=\"font-family: tahoma, arial, helvetica, sans-serif\">M\u00d3DULO 1:<\/span><\/strong><br \/>\n<span style=\"font-family: tahoma, arial, helvetica, sans-serif\">Conceitos: altas habilidades ou superdota\u00e7\u00e3o (CH: 20h)<\/span><br \/>\n<span style=\"font-family: tahoma, arial, helvetica, sans-serif\">Teorias: altas habilidades ou superdota\u00e7\u00e3o (CH: 20h)<\/span><\/p>\n<p><strong><span style=\"font-family: tahoma, arial, helvetica, sans-serif\">M\u00d3DULO 2:<\/span><\/strong><br \/>\n<span style=\"font-family: tahoma, arial, helvetica, sans-serif\">Caracter\u00edsticas socioemocionais, comportamentais e Intelectuais da pessoa com altas habilidades ou superdota\u00e7\u00e3o (CH: 30h)<\/span><br \/>\n<span style=\"font-family: tahoma, arial, helvetica, sans-serif\">Altas Habilidades ou Superdota\u00e7\u00e3o e outras excepcionalidades e necessidades educacionais especiais (CH: 30h)<\/span><\/p>\n<p><strong><span style=\"font-family: tahoma, arial, helvetica, sans-serif\">M\u00d3DULO 3:<\/span><\/strong><br \/>\n<span style=\"font-family: tahoma, arial, helvetica, sans-serif\">Pol\u00edticas Educacionais no Brasil e avalia\u00e7\u00e3o das altas habilidades ou superdota\u00e7\u00e3o (CH: 15h)<\/span><br \/>\n<span style=\"font-family: tahoma, arial, helvetica, sans-serif\">Altas Habilidades ou Superdota\u00e7\u00e3o e Psicometria (CH: 15h)<\/span><\/p>\n<p><strong><span style=\"font-family: tahoma, arial, helvetica, sans-serif\">M\u00d3DULO 4:<\/span><\/strong><br \/>\n<span style=\"font-family: tahoma, arial, helvetica, sans-serif\">O Atendimento Educacional Especializado dos estudantes com altas habilidades ou superdota\u00e7\u00e3o (CH: 20h)<\/span><br \/>\n<span style=\"font-family: tahoma, arial, helvetica, sans-serif\">Avalia\u00e7\u00e3o Psicopedag\u00f3gica (CH: 30h)<\/span><br \/>\n<span style=\"font-family: tahoma, arial, helvetica, sans-serif\">Revis\u00e3o \u2013 Plant\u00e3o de d\u00favidas \u2013 Entrega do trabalho final<\/span><\/p>\n<p><strong><span style=\"font-family: tahoma, arial, helvetica, sans-serif\">SEMIN\u00c1RIO DE ENCERRAMENTO<\/span><\/strong><\/p>\n","protected":false},"excerpt":{"rendered":"<p>PROGRAMA: SEMIN\u00c1RIO DE ABERTURA M\u00d3DULO 1: Conceitos: altas habilidades ou superdota\u00e7\u00e3o (CH: 20h) Teorias: altas habilidades ou superdota\u00e7\u00e3o (CH: 20h) M\u00d3DULO 2: Caracter\u00edsticas socioemocionais, comportamentais e Intelectuais da pessoa com altas habilidades ou superdota\u00e7\u00e3o (CH: 30h) Altas Habilidades ou Superdota\u00e7\u00e3o e outras excepcionalidades e necessidades educacionais especiais (CH: 30h) M\u00d3DULO 3: Pol\u00edticas Educacionais no Brasil [&hellip;]<\/p>\n","protected":false},"author":1031,"featured_media":0,"parent":0,"menu_order":0,"comment_status":"closed","ping_status":"closed","template":"","meta":{"footnotes":""},"class_list":["post-429","page","type-page","status-publish","hentry","post"],"yoast_head":"<!-- This site is optimized with the Yoast SEO plugin v26.7 - https:\/\/yoast.com\/wordpress\/plugins\/seo\/ -->\n<title>Altas Habilidades ou Superdota\u00e7\u00e3o: Identifica\u00e7\u00e3o e Atendimento Educacional Especializado \/ 2021 - Forma\u00e7\u00e3o em Servi\u00e7o de Atendimento Educacional Especializado<\/title>\n<meta name=\"robots\" content=\"index, follow, max-snippet:-1, max-image-preview:large, max-video-preview:-1\" \/>\n<link rel=\"canonical\" href=\"https:\/\/wp.ufpel.edu.br\/aeeufpel\/altas-habilidades-ou-superdotacao-identificacao-e-atendimento-educacional-especializado\/\" \/>\n<meta property=\"og:locale\" content=\"pt_BR\" \/>\n<meta property=\"og:type\" content=\"article\" \/>\n<meta property=\"og:title\" content=\"Altas Habilidades ou Superdota\u00e7\u00e3o: Identifica\u00e7\u00e3o e Atendimento Educacional Especializado \/ 2021 - Forma\u00e7\u00e3o em Servi\u00e7o de Atendimento Educacional Especializado\" \/>\n<meta property=\"og:description\" content=\"PROGRAMA: SEMIN\u00c1RIO DE ABERTURA M\u00d3DULO 1: Conceitos: altas habilidades ou superdota\u00e7\u00e3o (CH: 20h) Teorias: altas habilidades ou superdota\u00e7\u00e3o (CH: 20h) M\u00d3DULO 2: Caracter\u00edsticas socioemocionais, comportamentais e Intelectuais da pessoa com altas habilidades ou superdota\u00e7\u00e3o (CH: 30h) Altas Habilidades ou Superdota\u00e7\u00e3o e outras excepcionalidades e necessidades educacionais especiais (CH: 30h) M\u00d3DULO 3: Pol\u00edticas Educacionais no Brasil [&hellip;]\" \/>\n<meta property=\"og:url\" content=\"https:\/\/wp.ufpel.edu.br\/aeeufpel\/altas-habilidades-ou-superdotacao-identificacao-e-atendimento-educacional-especializado\/\" \/>\n<meta property=\"og:site_name\" content=\"Forma\u00e7\u00e3o em Servi\u00e7o de Atendimento Educacional Especializado\" \/>\n<meta property=\"article:modified_time\" content=\"2021-07-25T00:50:14+00:00\" \/>\n<meta property=\"og:image\" content=\"https:\/\/wp.ufpel.edu.br\/aeeufpel\/files\/2021\/07\/0263_2021_ufpel_banners-site_cursos-2021_1120x220pc_julho_Prancheta-1-copia-3-3.png\" \/>\n<meta name=\"twitter:card\" content=\"summary_large_image\" \/>\n<meta name=\"twitter:label1\" content=\"Est. tempo de leitura\" \/>\n\t<meta name=\"twitter:data1\" content=\"1 minuto\" \/>\n<script type=\"application\/ld+json\" class=\"yoast-schema-graph\">{\"@context\":\"https:\/\/schema.org\",\"@graph\":[{\"@type\":\"WebPage\",\"@id\":\"https:\/\/wp.ufpel.edu.br\/aeeufpel\/altas-habilidades-ou-superdotacao-identificacao-e-atendimento-educacional-especializado\/\",\"url\":\"https:\/\/wp.ufpel.edu.br\/aeeufpel\/altas-habilidades-ou-superdotacao-identificacao-e-atendimento-educacional-especializado\/\",\"name\":\"Altas Habilidades ou Superdota\u00e7\u00e3o: Identifica\u00e7\u00e3o e Atendimento Educacional Especializado \/ 2021 - Forma\u00e7\u00e3o em Servi\u00e7o de Atendimento Educacional Especializado\",\"isPartOf\":{\"@id\":\"https:\/\/wp.ufpel.edu.br\/aeeufpel\/#website\"},\"primaryImageOfPage\":{\"@id\":\"https:\/\/wp.ufpel.edu.br\/aeeufpel\/altas-habilidades-ou-superdotacao-identificacao-e-atendimento-educacional-especializado\/#primaryimage\"},\"image\":{\"@id\":\"https:\/\/wp.ufpel.edu.br\/aeeufpel\/altas-habilidades-ou-superdotacao-identificacao-e-atendimento-educacional-especializado\/#primaryimage\"},\"thumbnailUrl\":\"https:\/\/wp.ufpel.edu.br\/aeeufpel\/files\/2021\/07\/0263_2021_ufpel_banners-site_cursos-2021_1120x220pc_julho_Prancheta-1-copia-3-3.png\",\"datePublished\":\"2021-07-10T13:29:57+00:00\",\"dateModified\":\"2021-07-25T00:50:14+00:00\",\"breadcrumb\":{\"@id\":\"https:\/\/wp.ufpel.edu.br\/aeeufpel\/altas-habilidades-ou-superdotacao-identificacao-e-atendimento-educacional-especializado\/#breadcrumb\"},\"inLanguage\":\"pt-BR\",\"potentialAction\":[{\"@type\":\"ReadAction\",\"target\":[\"https:\/\/wp.ufpel.edu.br\/aeeufpel\/altas-habilidades-ou-superdotacao-identificacao-e-atendimento-educacional-especializado\/\"]}]},{\"@type\":\"ImageObject\",\"inLanguage\":\"pt-BR\",\"@id\":\"https:\/\/wp.ufpel.edu.br\/aeeufpel\/altas-habilidades-ou-superdotacao-identificacao-e-atendimento-educacional-especializado\/#primaryimage\",\"url\":\"https:\/\/wp.ufpel.edu.br\/aeeufpel\/files\/2021\/07\/0263_2021_ufpel_banners-site_cursos-2021_1120x220pc_julho_Prancheta-1-copia-3-3.png\",\"contentUrl\":\"https:\/\/wp.ufpel.edu.br\/aeeufpel\/files\/2021\/07\/0263_2021_ufpel_banners-site_cursos-2021_1120x220pc_julho_Prancheta-1-copia-3-3.png\",\"width\":2334,\"height\":375,\"caption\":\"Banner retangular laranja, centralizado \u00e0 esquerda logo circular do curso.\"},{\"@type\":\"BreadcrumbList\",\"@id\":\"https:\/\/wp.ufpel.edu.br\/aeeufpel\/altas-habilidades-ou-superdotacao-identificacao-e-atendimento-educacional-especializado\/#breadcrumb\",\"itemListElement\":[{\"@type\":\"ListItem\",\"position\":1,\"name\":\"In\u00edcio\",\"item\":\"https:\/\/wp.ufpel.edu.br\/aeeufpel\/\"},{\"@type\":\"ListItem\",\"position\":2,\"name\":\"Altas Habilidades ou Superdota\u00e7\u00e3o: Identifica\u00e7\u00e3o e Atendimento Educacional Especializado \/ 2021\"}]},{\"@type\":\"WebSite\",\"@id\":\"https:\/\/wp.ufpel.edu.br\/aeeufpel\/#website\",\"url\":\"https:\/\/wp.ufpel.edu.br\/aeeufpel\/\",\"name\":\"Forma\u00e7\u00e3o em Servi\u00e7o de Atendimento Educacional Especializado\",\"description\":\"Universidade Federal de Pelotas - UFPEL\",\"potentialAction\":[{\"@type\":\"SearchAction\",\"target\":{\"@type\":\"EntryPoint\",\"urlTemplate\":\"https:\/\/wp.ufpel.edu.br\/aeeufpel\/?s={search_term_string}\"},\"query-input\":{\"@type\":\"PropertyValueSpecification\",\"valueRequired\":true,\"valueName\":\"search_term_string\"}}],\"inLanguage\":\"pt-BR\"}]}<\/script>\n<!-- \/ Yoast SEO plugin. -->","yoast_head_json":{"title":"Altas Habilidades ou Superdota\u00e7\u00e3o: Identifica\u00e7\u00e3o e Atendimento Educacional Especializado \/ 2021 - Forma\u00e7\u00e3o em Servi\u00e7o de Atendimento Educacional Especializado","robots":{"index":"index","follow":"follow","max-snippet":"max-snippet:-1","max-image-preview":"max-image-preview:large","max-video-preview":"max-video-preview:-1"},"canonical":"https:\/\/wp.ufpel.edu.br\/aeeufpel\/altas-habilidades-ou-superdotacao-identificacao-e-atendimento-educacional-especializado\/","og_locale":"pt_BR","og_type":"article","og_title":"Altas Habilidades ou Superdota\u00e7\u00e3o: Identifica\u00e7\u00e3o e Atendimento Educacional Especializado \/ 2021 - Forma\u00e7\u00e3o em Servi\u00e7o de Atendimento Educacional Especializado","og_description":"PROGRAMA: SEMIN\u00c1RIO DE ABERTURA M\u00d3DULO 1: Conceitos: altas habilidades ou superdota\u00e7\u00e3o (CH: 20h) Teorias: altas habilidades ou superdota\u00e7\u00e3o (CH: 20h) M\u00d3DULO 2: Caracter\u00edsticas socioemocionais, comportamentais e Intelectuais da pessoa com altas habilidades ou superdota\u00e7\u00e3o (CH: 30h) Altas Habilidades ou Superdota\u00e7\u00e3o e outras excepcionalidades e necessidades educacionais especiais (CH: 30h) M\u00d3DULO 3: Pol\u00edticas Educacionais no Brasil [&hellip;]","og_url":"https:\/\/wp.ufpel.edu.br\/aeeufpel\/altas-habilidades-ou-superdotacao-identificacao-e-atendimento-educacional-especializado\/","og_site_name":"Forma\u00e7\u00e3o em Servi\u00e7o de Atendimento Educacional Especializado","article_modified_time":"2021-07-25T00:50:14+00:00","og_image":[{"url":"https:\/\/wp.ufpel.edu.br\/aeeufpel\/files\/2021\/07\/0263_2021_ufpel_banners-site_cursos-2021_1120x220pc_julho_Prancheta-1-copia-3-3.png","type":"","width":"","height":""}],"twitter_card":"summary_large_image","twitter_misc":{"Est. tempo de leitura":"1 minuto"},"schema":{"@context":"https:\/\/schema.org","@graph":[{"@type":"WebPage","@id":"https:\/\/wp.ufpel.edu.br\/aeeufpel\/altas-habilidades-ou-superdotacao-identificacao-e-atendimento-educacional-especializado\/","url":"https:\/\/wp.ufpel.edu.br\/aeeufpel\/altas-habilidades-ou-superdotacao-identificacao-e-atendimento-educacional-especializado\/","name":"Altas Habilidades ou Superdota\u00e7\u00e3o: Identifica\u00e7\u00e3o e Atendimento Educacional Especializado \/ 2021 - Forma\u00e7\u00e3o em Servi\u00e7o de Atendimento Educacional Especializado","isPartOf":{"@id":"https:\/\/wp.ufpel.edu.br\/aeeufpel\/#website"},"primaryImageOfPage":{"@id":"https:\/\/wp.ufpel.edu.br\/aeeufpel\/altas-habilidades-ou-superdotacao-identificacao-e-atendimento-educacional-especializado\/#primaryimage"},"image":{"@id":"https:\/\/wp.ufpel.edu.br\/aeeufpel\/altas-habilidades-ou-superdotacao-identificacao-e-atendimento-educacional-especializado\/#primaryimage"},"thumbnailUrl":"https:\/\/wp.ufpel.edu.br\/aeeufpel\/files\/2021\/07\/0263_2021_ufpel_banners-site_cursos-2021_1120x220pc_julho_Prancheta-1-copia-3-3.png","datePublished":"2021-07-10T13:29:57+00:00","dateModified":"2021-07-25T00:50:14+00:00","breadcrumb":{"@id":"https:\/\/wp.ufpel.edu.br\/aeeufpel\/altas-habilidades-ou-superdotacao-identificacao-e-atendimento-educacional-especializado\/#breadcrumb"},"inLanguage":"pt-BR","potentialAction":[{"@type":"ReadAction","target":["https:\/\/wp.ufpel.edu.br\/aeeufpel\/altas-habilidades-ou-superdotacao-identificacao-e-atendimento-educacional-especializado\/"]}]},{"@type":"ImageObject","inLanguage":"pt-BR","@id":"https:\/\/wp.ufpel.edu.br\/aeeufpel\/altas-habilidades-ou-superdotacao-identificacao-e-atendimento-educacional-especializado\/#primaryimage","url":"https:\/\/wp.ufpel.edu.br\/aeeufpel\/files\/2021\/07\/0263_2021_ufpel_banners-site_cursos-2021_1120x220pc_julho_Prancheta-1-copia-3-3.png","contentUrl":"https:\/\/wp.ufpel.edu.br\/aeeufpel\/files\/2021\/07\/0263_2021_ufpel_banners-site_cursos-2021_1120x220pc_julho_Prancheta-1-copia-3-3.png","width":2334,"height":375,"caption":"Banner retangular laranja, centralizado \u00e0 esquerda logo circular do curso."},{"@type":"BreadcrumbList","@id":"https:\/\/wp.ufpel.edu.br\/aeeufpel\/altas-habilidades-ou-superdotacao-identificacao-e-atendimento-educacional-especializado\/#breadcrumb","itemListElement":[{"@type":"ListItem","position":1,"name":"In\u00edcio","item":"https:\/\/wp.ufpel.edu.br\/aeeufpel\/"},{"@type":"ListItem","position":2,"name":"Altas Habilidades ou Superdota\u00e7\u00e3o: Identifica\u00e7\u00e3o e Atendimento Educacional Especializado \/ 2021"}]},{"@type":"WebSite","@id":"https:\/\/wp.ufpel.edu.br\/aeeufpel\/#website","url":"https:\/\/wp.ufpel.edu.br\/aeeufpel\/","name":"Forma\u00e7\u00e3o em Servi\u00e7o de Atendimento Educacional Especializado","description":"Universidade Federal de Pelotas - UFPEL","potentialAction":[{"@type":"SearchAction","target":{"@type":"EntryPoint","urlTemplate":"https:\/\/wp.ufpel.edu.br\/aeeufpel\/?s={search_term_string}"},"query-input":{"@type":"PropertyValueSpecification","valueRequired":true,"valueName":"search_term_string"}}],"inLanguage":"pt-BR"}]}},"_links":{"self":[{"href":"https:\/\/wp.ufpel.edu.br\/aeeufpel\/wp-json\/wp\/v2\/pages\/429","targetHints":{"allow":["GET"]}}],"collection":[{"href":"https:\/\/wp.ufpel.edu.br\/aeeufpel\/wp-json\/wp\/v2\/pages"}],"about":[{"href":"https:\/\/wp.ufpel.edu.br\/aeeufpel\/wp-json\/wp\/v2\/types\/page"}],"author":[{"embeddable":true,"href":"https:\/\/wp.ufpel.edu.br\/aeeufpel\/wp-json\/wp\/v2\/users\/1031"}],"replies":[{"embeddable":true,"href":"https:\/\/wp.ufpel.edu.br\/aeeufpel\/wp-json\/wp\/v2\/comments?post=429"}],"version-history":[{"count":8,"href":"https:\/\/wp.ufpel.edu.br\/aeeufpel\/wp-json\/wp\/v2\/pages\/429\/revisions"}],"predecessor-version":[{"id":533,"href":"https:\/\/wp.ufpel.edu.br\/aeeufpel\/wp-json\/wp\/v2\/pages\/429\/revisions\/533"}],"wp:attachment":[{"href":"https:\/\/wp.ufpel.edu.br\/aeeufpel\/wp-json\/wp\/v2\/media?parent=429"}],"curies":[{"name":"wp","href":"https:\/\/api.w.org\/{rel}","templated":true}]}}