{"id":420,"date":"2021-07-10T10:29:30","date_gmt":"2021-07-10T13:29:30","guid":{"rendered":"https:\/\/wp.ufpel.edu.br\/aeeufpel\/?page_id=420"},"modified":"2021-07-24T21:43:45","modified_gmt":"2021-07-25T00:43:45","slug":"extensao-servico-de-atendimento-educacional-especializado-e-a-utilizacao-das-tecnologias-como-acesso-a-aprendizagem","status":"publish","type":"page","link":"https:\/\/wp.ufpel.edu.br\/aeeufpel\/extensao-servico-de-atendimento-educacional-especializado-e-a-utilizacao-das-tecnologias-como-acesso-a-aprendizagem\/","title":{"rendered":"Extens\u00e3o &#8211; Servi\u00e7o de Atendimento Educacional Especializado e a utiliza\u00e7\u00e3o das tecnologias como acesso \u00e0 aprendizagem \/ 2021"},"content":{"rendered":"<p><img loading=\"lazy\" decoding=\"async\" class=\"alignnone wp-image-525 size-full\" src=\"https:\/\/wp.ufpel.edu.br\/aeeufpel\/files\/2021\/07\/0263_2021_ufpel_banners-site_cursos-2021_1120x220pc_julho_Prancheta-1-1.png\" alt=\"\" width=\"2334\" height=\"375\" srcset=\"https:\/\/wp.ufpel.edu.br\/aeeufpel\/files\/2021\/07\/0263_2021_ufpel_banners-site_cursos-2021_1120x220pc_julho_Prancheta-1-1.png 2334w, https:\/\/wp.ufpel.edu.br\/aeeufpel\/files\/2021\/07\/0263_2021_ufpel_banners-site_cursos-2021_1120x220pc_julho_Prancheta-1-1-400x64.png 400w, https:\/\/wp.ufpel.edu.br\/aeeufpel\/files\/2021\/07\/0263_2021_ufpel_banners-site_cursos-2021_1120x220pc_julho_Prancheta-1-1-1024x165.png 1024w, https:\/\/wp.ufpel.edu.br\/aeeufpel\/files\/2021\/07\/0263_2021_ufpel_banners-site_cursos-2021_1120x220pc_julho_Prancheta-1-1-768x123.png 768w, https:\/\/wp.ufpel.edu.br\/aeeufpel\/files\/2021\/07\/0263_2021_ufpel_banners-site_cursos-2021_1120x220pc_julho_Prancheta-1-1-1536x247.png 1536w, https:\/\/wp.ufpel.edu.br\/aeeufpel\/files\/2021\/07\/0263_2021_ufpel_banners-site_cursos-2021_1120x220pc_julho_Prancheta-1-1-2048x329.png 2048w\" sizes=\"auto, (max-width: 2334px) 100vw, 2334px\" \/><\/p>\n<p><span style=\"font-family: tahoma, arial, helvetica, sans-serif\"><strong>PROGRAMA:<\/strong><\/span><\/p>\n<p><span style=\"font-family: tahoma, arial, helvetica, sans-serif\"><strong>SEMIN\u00c1RIO DE ABERTURA<\/strong><\/span><br \/>\n<span style=\"font-family: tahoma, arial, helvetica, sans-serif\"><strong>M\u00f3dulo 1<\/strong> &#8211; A oferta do Servi\u00e7o de Atendimento Educacional Especializado focado na utiliza\u00e7\u00e3o das tecnologias e adapta\u00e7\u00e3o de materiais e atividades &#8211; 20 horas<\/span><\/p>\n<p><span style=\"font-family: tahoma, arial, helvetica, sans-serif\"><strong>Disciplina I<\/strong> &#8211; O SAEE e a utiliza\u00e7\u00e3o das tecnologias assistivas<\/span><br \/>\n<span style=\"font-family: tahoma, arial, helvetica, sans-serif\"><strong>Disciplina II<\/strong> &#8211; Produ\u00e7\u00e3o e adapta\u00e7\u00e3o de materiais e atividades na perspectiva do DUA<\/span><\/p>\n<p><span style=\"font-family: tahoma, arial, helvetica, sans-serif\"><strong>M\u00f3dulo 2<\/strong> &#8211; Processo de identifica\u00e7\u00e3o, avalia\u00e7\u00e3o e produ\u00e7\u00e3o de interven\u00e7\u00f5es pedag\u00f3gicas no SAEE para a acessibilidade escolar &#8211; 30 horas<\/span><\/p>\n<p><span style=\"font-family: tahoma, arial, helvetica, sans-serif\"><strong>Disciplina III<\/strong> &#8211; Produ\u00e7\u00e3o de Material Digitais Acess\u00edveis<\/span><br \/>\n<span style=\"font-family: tahoma, arial, helvetica, sans-serif\"><strong>Disciplina IV<\/strong>&#8211; A Audiodescri\u00e7\u00e3o no contexto escolar<\/span><\/p>\n<p><span style=\"font-family: tahoma, arial, helvetica, sans-serif\"><strong>M\u00f3dulo 3 &#8211;<\/strong>\u00a0O SAEE e as Pr\u00e1ticas Pedag\u00f3gicas ofertadas atrav\u00e9s das tecnologias &#8211; 40 horas<\/span><br \/>\n<span style=\"font-family: tahoma, arial, helvetica, sans-serif\"><strong>Disciplina V<\/strong> &#8211; Produ\u00e7\u00e3o de atividades interativas<\/span><br \/>\n<span style=\"font-family: tahoma, arial, helvetica, sans-serif\"><strong>Disciplina VI<\/strong>&#8211; Elabora\u00e7\u00e3o de Jogos e v\u00eddeos educativos<\/span><br \/>\n<span style=\"font-family: tahoma, arial, helvetica, sans-serif\"><strong>Disciplina VII <\/strong>&#8211; Leitura e edi\u00e7\u00e3o de atividades atrav\u00e9s do NVDA e DOSVOX<\/span><br \/>\n<span style=\"font-family: tahoma, arial, helvetica, sans-serif\"><strong>SEMIN\u00c1RIO DE FINAL<\/strong><\/span><\/p>\n","protected":false},"excerpt":{"rendered":"<p>PROGRAMA: SEMIN\u00c1RIO DE ABERTURA M\u00f3dulo 1 &#8211; A oferta do Servi\u00e7o de Atendimento Educacional Especializado focado na utiliza\u00e7\u00e3o das tecnologias e adapta\u00e7\u00e3o de materiais e atividades &#8211; 20 horas Disciplina I &#8211; O SAEE e a utiliza\u00e7\u00e3o das tecnologias assistivas Disciplina II &#8211; Produ\u00e7\u00e3o e adapta\u00e7\u00e3o de materiais e atividades na perspectiva do DUA M\u00f3dulo [&hellip;]<\/p>\n","protected":false},"author":1031,"featured_media":0,"parent":0,"menu_order":0,"comment_status":"closed","ping_status":"closed","template":"","meta":{"footnotes":""},"class_list":["post-420","page","type-page","status-publish","hentry","post"],"yoast_head":"<!-- This site is optimized with the Yoast SEO plugin v26.7 - https:\/\/yoast.com\/wordpress\/plugins\/seo\/ -->\n<title>Extens\u00e3o - Servi\u00e7o de Atendimento Educacional Especializado e a utiliza\u00e7\u00e3o das tecnologias como acesso \u00e0 aprendizagem \/ 2021 - Forma\u00e7\u00e3o em Servi\u00e7o de Atendimento Educacional Especializado<\/title>\n<meta name=\"robots\" content=\"index, follow, max-snippet:-1, max-image-preview:large, max-video-preview:-1\" \/>\n<link rel=\"canonical\" href=\"https:\/\/wp.ufpel.edu.br\/aeeufpel\/extensao-servico-de-atendimento-educacional-especializado-e-a-utilizacao-das-tecnologias-como-acesso-a-aprendizagem\/\" \/>\n<meta property=\"og:locale\" content=\"pt_BR\" \/>\n<meta property=\"og:type\" content=\"article\" \/>\n<meta property=\"og:title\" content=\"Extens\u00e3o - Servi\u00e7o de Atendimento Educacional Especializado e a utiliza\u00e7\u00e3o das tecnologias como acesso \u00e0 aprendizagem \/ 2021 - Forma\u00e7\u00e3o em Servi\u00e7o de Atendimento Educacional Especializado\" \/>\n<meta property=\"og:description\" content=\"PROGRAMA: SEMIN\u00c1RIO DE ABERTURA M\u00f3dulo 1 &#8211; A oferta do Servi\u00e7o de Atendimento Educacional Especializado focado na utiliza\u00e7\u00e3o das tecnologias e adapta\u00e7\u00e3o de materiais e atividades &#8211; 20 horas Disciplina I &#8211; O SAEE e a utiliza\u00e7\u00e3o das tecnologias assistivas Disciplina II &#8211; Produ\u00e7\u00e3o e adapta\u00e7\u00e3o de materiais e atividades na perspectiva do DUA M\u00f3dulo [&hellip;]\" \/>\n<meta property=\"og:url\" content=\"https:\/\/wp.ufpel.edu.br\/aeeufpel\/extensao-servico-de-atendimento-educacional-especializado-e-a-utilizacao-das-tecnologias-como-acesso-a-aprendizagem\/\" \/>\n<meta property=\"og:site_name\" content=\"Forma\u00e7\u00e3o em Servi\u00e7o de Atendimento Educacional Especializado\" \/>\n<meta property=\"article:modified_time\" content=\"2021-07-25T00:43:45+00:00\" \/>\n<meta property=\"og:image\" content=\"https:\/\/wp.ufpel.edu.br\/aeeufpel\/files\/2021\/07\/0263_2021_ufpel_banners-site_cursos-2021_1120x220pc_julho_Prancheta-1-1.png\" \/>\n<meta name=\"twitter:card\" content=\"summary_large_image\" \/>\n<meta name=\"twitter:label1\" content=\"Est. tempo de leitura\" \/>\n\t<meta name=\"twitter:data1\" content=\"1 minuto\" \/>\n<script type=\"application\/ld+json\" class=\"yoast-schema-graph\">{\"@context\":\"https:\/\/schema.org\",\"@graph\":[{\"@type\":\"WebPage\",\"@id\":\"https:\/\/wp.ufpel.edu.br\/aeeufpel\/extensao-servico-de-atendimento-educacional-especializado-e-a-utilizacao-das-tecnologias-como-acesso-a-aprendizagem\/\",\"url\":\"https:\/\/wp.ufpel.edu.br\/aeeufpel\/extensao-servico-de-atendimento-educacional-especializado-e-a-utilizacao-das-tecnologias-como-acesso-a-aprendizagem\/\",\"name\":\"Extens\u00e3o - Servi\u00e7o de Atendimento Educacional Especializado e a utiliza\u00e7\u00e3o das tecnologias como acesso \u00e0 aprendizagem \/ 2021 - Forma\u00e7\u00e3o em Servi\u00e7o de Atendimento Educacional Especializado\",\"isPartOf\":{\"@id\":\"https:\/\/wp.ufpel.edu.br\/aeeufpel\/#website\"},\"primaryImageOfPage\":{\"@id\":\"https:\/\/wp.ufpel.edu.br\/aeeufpel\/extensao-servico-de-atendimento-educacional-especializado-e-a-utilizacao-das-tecnologias-como-acesso-a-aprendizagem\/#primaryimage\"},\"image\":{\"@id\":\"https:\/\/wp.ufpel.edu.br\/aeeufpel\/extensao-servico-de-atendimento-educacional-especializado-e-a-utilizacao-das-tecnologias-como-acesso-a-aprendizagem\/#primaryimage\"},\"thumbnailUrl\":\"https:\/\/wp.ufpel.edu.br\/aeeufpel\/files\/2021\/07\/0263_2021_ufpel_banners-site_cursos-2021_1120x220pc_julho_Prancheta-1-1.png\",\"datePublished\":\"2021-07-10T13:29:30+00:00\",\"dateModified\":\"2021-07-25T00:43:45+00:00\",\"breadcrumb\":{\"@id\":\"https:\/\/wp.ufpel.edu.br\/aeeufpel\/extensao-servico-de-atendimento-educacional-especializado-e-a-utilizacao-das-tecnologias-como-acesso-a-aprendizagem\/#breadcrumb\"},\"inLanguage\":\"pt-BR\",\"potentialAction\":[{\"@type\":\"ReadAction\",\"target\":[\"https:\/\/wp.ufpel.edu.br\/aeeufpel\/extensao-servico-de-atendimento-educacional-especializado-e-a-utilizacao-das-tecnologias-como-acesso-a-aprendizagem\/\"]}]},{\"@type\":\"ImageObject\",\"inLanguage\":\"pt-BR\",\"@id\":\"https:\/\/wp.ufpel.edu.br\/aeeufpel\/extensao-servico-de-atendimento-educacional-especializado-e-a-utilizacao-das-tecnologias-como-acesso-a-aprendizagem\/#primaryimage\",\"url\":\"https:\/\/wp.ufpel.edu.br\/aeeufpel\/files\/2021\/07\/0263_2021_ufpel_banners-site_cursos-2021_1120x220pc_julho_Prancheta-1-1.png\",\"contentUrl\":\"https:\/\/wp.ufpel.edu.br\/aeeufpel\/files\/2021\/07\/0263_2021_ufpel_banners-site_cursos-2021_1120x220pc_julho_Prancheta-1-1.png\",\"width\":2334,\"height\":375,\"caption\":\"Banner retangular na cor vermelha, centralizado \u00e0 esquerda logo circular do curso.\"},{\"@type\":\"BreadcrumbList\",\"@id\":\"https:\/\/wp.ufpel.edu.br\/aeeufpel\/extensao-servico-de-atendimento-educacional-especializado-e-a-utilizacao-das-tecnologias-como-acesso-a-aprendizagem\/#breadcrumb\",\"itemListElement\":[{\"@type\":\"ListItem\",\"position\":1,\"name\":\"In\u00edcio\",\"item\":\"https:\/\/wp.ufpel.edu.br\/aeeufpel\/\"},{\"@type\":\"ListItem\",\"position\":2,\"name\":\"Extens\u00e3o &#8211; Servi\u00e7o de Atendimento Educacional Especializado e a utiliza\u00e7\u00e3o das tecnologias como acesso \u00e0 aprendizagem \/ 2021\"}]},{\"@type\":\"WebSite\",\"@id\":\"https:\/\/wp.ufpel.edu.br\/aeeufpel\/#website\",\"url\":\"https:\/\/wp.ufpel.edu.br\/aeeufpel\/\",\"name\":\"Forma\u00e7\u00e3o em Servi\u00e7o de Atendimento Educacional Especializado\",\"description\":\"Universidade Federal de Pelotas - UFPEL\",\"potentialAction\":[{\"@type\":\"SearchAction\",\"target\":{\"@type\":\"EntryPoint\",\"urlTemplate\":\"https:\/\/wp.ufpel.edu.br\/aeeufpel\/?s={search_term_string}\"},\"query-input\":{\"@type\":\"PropertyValueSpecification\",\"valueRequired\":true,\"valueName\":\"search_term_string\"}}],\"inLanguage\":\"pt-BR\"}]}<\/script>\n<!-- \/ Yoast SEO plugin. -->","yoast_head_json":{"title":"Extens\u00e3o - Servi\u00e7o de Atendimento Educacional Especializado e a utiliza\u00e7\u00e3o das tecnologias como acesso \u00e0 aprendizagem \/ 2021 - Forma\u00e7\u00e3o em Servi\u00e7o de Atendimento Educacional Especializado","robots":{"index":"index","follow":"follow","max-snippet":"max-snippet:-1","max-image-preview":"max-image-preview:large","max-video-preview":"max-video-preview:-1"},"canonical":"https:\/\/wp.ufpel.edu.br\/aeeufpel\/extensao-servico-de-atendimento-educacional-especializado-e-a-utilizacao-das-tecnologias-como-acesso-a-aprendizagem\/","og_locale":"pt_BR","og_type":"article","og_title":"Extens\u00e3o - Servi\u00e7o de Atendimento Educacional Especializado e a utiliza\u00e7\u00e3o das tecnologias como acesso \u00e0 aprendizagem \/ 2021 - Forma\u00e7\u00e3o em Servi\u00e7o de Atendimento Educacional Especializado","og_description":"PROGRAMA: SEMIN\u00c1RIO DE ABERTURA M\u00f3dulo 1 &#8211; A oferta do Servi\u00e7o de Atendimento Educacional Especializado focado na utiliza\u00e7\u00e3o das tecnologias e adapta\u00e7\u00e3o de materiais e atividades &#8211; 20 horas Disciplina I &#8211; O SAEE e a utiliza\u00e7\u00e3o das tecnologias assistivas Disciplina II &#8211; Produ\u00e7\u00e3o e adapta\u00e7\u00e3o de materiais e atividades na perspectiva do DUA M\u00f3dulo [&hellip;]","og_url":"https:\/\/wp.ufpel.edu.br\/aeeufpel\/extensao-servico-de-atendimento-educacional-especializado-e-a-utilizacao-das-tecnologias-como-acesso-a-aprendizagem\/","og_site_name":"Forma\u00e7\u00e3o em Servi\u00e7o de Atendimento Educacional Especializado","article_modified_time":"2021-07-25T00:43:45+00:00","og_image":[{"url":"https:\/\/wp.ufpel.edu.br\/aeeufpel\/files\/2021\/07\/0263_2021_ufpel_banners-site_cursos-2021_1120x220pc_julho_Prancheta-1-1.png","type":"","width":"","height":""}],"twitter_card":"summary_large_image","twitter_misc":{"Est. tempo de leitura":"1 minuto"},"schema":{"@context":"https:\/\/schema.org","@graph":[{"@type":"WebPage","@id":"https:\/\/wp.ufpel.edu.br\/aeeufpel\/extensao-servico-de-atendimento-educacional-especializado-e-a-utilizacao-das-tecnologias-como-acesso-a-aprendizagem\/","url":"https:\/\/wp.ufpel.edu.br\/aeeufpel\/extensao-servico-de-atendimento-educacional-especializado-e-a-utilizacao-das-tecnologias-como-acesso-a-aprendizagem\/","name":"Extens\u00e3o - Servi\u00e7o de Atendimento Educacional Especializado e a utiliza\u00e7\u00e3o das tecnologias como acesso \u00e0 aprendizagem \/ 2021 - Forma\u00e7\u00e3o em Servi\u00e7o de Atendimento Educacional Especializado","isPartOf":{"@id":"https:\/\/wp.ufpel.edu.br\/aeeufpel\/#website"},"primaryImageOfPage":{"@id":"https:\/\/wp.ufpel.edu.br\/aeeufpel\/extensao-servico-de-atendimento-educacional-especializado-e-a-utilizacao-das-tecnologias-como-acesso-a-aprendizagem\/#primaryimage"},"image":{"@id":"https:\/\/wp.ufpel.edu.br\/aeeufpel\/extensao-servico-de-atendimento-educacional-especializado-e-a-utilizacao-das-tecnologias-como-acesso-a-aprendizagem\/#primaryimage"},"thumbnailUrl":"https:\/\/wp.ufpel.edu.br\/aeeufpel\/files\/2021\/07\/0263_2021_ufpel_banners-site_cursos-2021_1120x220pc_julho_Prancheta-1-1.png","datePublished":"2021-07-10T13:29:30+00:00","dateModified":"2021-07-25T00:43:45+00:00","breadcrumb":{"@id":"https:\/\/wp.ufpel.edu.br\/aeeufpel\/extensao-servico-de-atendimento-educacional-especializado-e-a-utilizacao-das-tecnologias-como-acesso-a-aprendizagem\/#breadcrumb"},"inLanguage":"pt-BR","potentialAction":[{"@type":"ReadAction","target":["https:\/\/wp.ufpel.edu.br\/aeeufpel\/extensao-servico-de-atendimento-educacional-especializado-e-a-utilizacao-das-tecnologias-como-acesso-a-aprendizagem\/"]}]},{"@type":"ImageObject","inLanguage":"pt-BR","@id":"https:\/\/wp.ufpel.edu.br\/aeeufpel\/extensao-servico-de-atendimento-educacional-especializado-e-a-utilizacao-das-tecnologias-como-acesso-a-aprendizagem\/#primaryimage","url":"https:\/\/wp.ufpel.edu.br\/aeeufpel\/files\/2021\/07\/0263_2021_ufpel_banners-site_cursos-2021_1120x220pc_julho_Prancheta-1-1.png","contentUrl":"https:\/\/wp.ufpel.edu.br\/aeeufpel\/files\/2021\/07\/0263_2021_ufpel_banners-site_cursos-2021_1120x220pc_julho_Prancheta-1-1.png","width":2334,"height":375,"caption":"Banner retangular na cor vermelha, centralizado \u00e0 esquerda logo circular do curso."},{"@type":"BreadcrumbList","@id":"https:\/\/wp.ufpel.edu.br\/aeeufpel\/extensao-servico-de-atendimento-educacional-especializado-e-a-utilizacao-das-tecnologias-como-acesso-a-aprendizagem\/#breadcrumb","itemListElement":[{"@type":"ListItem","position":1,"name":"In\u00edcio","item":"https:\/\/wp.ufpel.edu.br\/aeeufpel\/"},{"@type":"ListItem","position":2,"name":"Extens\u00e3o &#8211; Servi\u00e7o de Atendimento Educacional Especializado e a utiliza\u00e7\u00e3o das tecnologias como acesso \u00e0 aprendizagem \/ 2021"}]},{"@type":"WebSite","@id":"https:\/\/wp.ufpel.edu.br\/aeeufpel\/#website","url":"https:\/\/wp.ufpel.edu.br\/aeeufpel\/","name":"Forma\u00e7\u00e3o em Servi\u00e7o de Atendimento Educacional Especializado","description":"Universidade Federal de Pelotas - UFPEL","potentialAction":[{"@type":"SearchAction","target":{"@type":"EntryPoint","urlTemplate":"https:\/\/wp.ufpel.edu.br\/aeeufpel\/?s={search_term_string}"},"query-input":{"@type":"PropertyValueSpecification","valueRequired":true,"valueName":"search_term_string"}}],"inLanguage":"pt-BR"}]}},"_links":{"self":[{"href":"https:\/\/wp.ufpel.edu.br\/aeeufpel\/wp-json\/wp\/v2\/pages\/420","targetHints":{"allow":["GET"]}}],"collection":[{"href":"https:\/\/wp.ufpel.edu.br\/aeeufpel\/wp-json\/wp\/v2\/pages"}],"about":[{"href":"https:\/\/wp.ufpel.edu.br\/aeeufpel\/wp-json\/wp\/v2\/types\/page"}],"author":[{"embeddable":true,"href":"https:\/\/wp.ufpel.edu.br\/aeeufpel\/wp-json\/wp\/v2\/users\/1031"}],"replies":[{"embeddable":true,"href":"https:\/\/wp.ufpel.edu.br\/aeeufpel\/wp-json\/wp\/v2\/comments?post=420"}],"version-history":[{"count":7,"href":"https:\/\/wp.ufpel.edu.br\/aeeufpel\/wp-json\/wp\/v2\/pages\/420\/revisions"}],"predecessor-version":[{"id":530,"href":"https:\/\/wp.ufpel.edu.br\/aeeufpel\/wp-json\/wp\/v2\/pages\/420\/revisions\/530"}],"wp:attachment":[{"href":"https:\/\/wp.ufpel.edu.br\/aeeufpel\/wp-json\/wp\/v2\/media?parent=420"}],"curies":[{"name":"wp","href":"https:\/\/api.w.org\/{rel}","templated":true}]}}