{"id":356,"date":"2020-09-16T14:05:32","date_gmt":"2020-09-16T17:05:32","guid":{"rendered":"https:\/\/wp.ufpel.edu.br\/aeeufpel\/?page_id=356"},"modified":"2020-09-16T14:07:10","modified_gmt":"2020-09-16T17:07:10","slug":"links-interessantes","status":"publish","type":"page","link":"https:\/\/wp.ufpel.edu.br\/aeeufpel\/links-interessantes\/","title":{"rendered":"Links Interessantes"},"content":{"rendered":"<h2><strong>Links:<\/strong><\/h2>\n<p><a href=\"http:\/\/www.pessoacomdeficiencia.gov.br\/app\/\" target=\"_blank\" rel=\"noopener noreferrer\">Portal da pessoa com defici\u00eancia<\/a><\/p>\n<p><a href=\"http:\/\/portal.mec.gov.br\/index.php?option=com_docman&amp;view=download&amp;alias=4793-manual-acessibilidade&amp;category_slug=maio-2010-pdf&amp;Itemid=30192\" target=\"_blank\" rel=\"noopener noreferrer\">Manual de acessibilidade espacial para escolas<\/a><\/p>\n<p><a href=\"http:\/\/www.inr.pt\/content\/1\/5\/desenho-universal\">Desenho universal<\/a><\/p>\n<p><a href=\"http:\/\/www.fsdown.org.br\/artigo\/convencao-internacional-das-nacoes-unidas-sobre-os-direitos-das-pessoas-com-deficiencia\/\">Direitos das pessoas com defici\u00eancia<\/a><\/p>\n<p><a href=\"https:\/\/wp.ufpel.edu.br\/nai\/revaies\/\">Revista Acessibilidade e Inclus\u00e3o no Ensino Superior \u2013 RevAIES<\/a><\/p>\n<h2><strong>Softwares:<\/strong><\/h2>\n<p><a href=\"http:\/\/intervox.nce.ufrj.br\/dosvox\/download.htm\" target=\"_blank\" rel=\"noopener noreferrer\">S\u00edntese de voz DOSVOX para Windows<\/a><\/p>\n<p><a href=\"http:\/\/www.freedomscientific.com\/Downloads\/JAWS\" target=\"_blank\" rel=\"noopener noreferrer\">Leitor de tela Jaws para Windows<\/a><\/p>\n<p><a href=\"https:\/\/www.nvaccess.org\/\" target=\"_blank\" rel=\"noopener noreferrer\">Leitor de tela NVDA para Windows<\/a><\/p>\n<p><a href=\"http:\/\/www.techtudo.com.br\/tudo-sobre\/orca-screen-reader.html\" target=\"_blank\" rel=\"noopener noreferrer\">Leitor de tela Orca para Linux<\/a><\/p>\n<p><a href=\"http:\/\/www.virtualvision.com.br\/\" target=\"_blank\" rel=\"noopener noreferrer\">Leitor de tela Virtual Vision para Windows<\/a><\/p>\n<p><a href=\"http:\/\/www.baixaki.com.br\/android\/download\/cpqd-alcance.htm\" target=\"_blank\" rel=\"noopener noreferrer\">Leitor de tela CPqD para Windows<\/a><\/p>\n<p><a href=\"https:\/\/www.onlineocr.net\/\" rel=\"noopener\">Extrair texto edit\u00e1vel de imagens, recurso OCR online<\/a><\/p>\n","protected":false},"excerpt":{"rendered":"<p>Links: Portal da pessoa com defici\u00eancia Manual de acessibilidade espacial para escolas Desenho universal Direitos das pessoas com defici\u00eancia Revista Acessibilidade e Inclus\u00e3o no Ensino Superior \u2013 RevAIES Softwares: S\u00edntese de voz DOSVOX para Windows Leitor de tela Jaws para Windows Leitor de tela NVDA para Windows Leitor de tela Orca para Linux Leitor de [&hellip;]<\/p>\n","protected":false},"author":1031,"featured_media":0,"parent":0,"menu_order":0,"comment_status":"closed","ping_status":"closed","template":"","meta":{"footnotes":""},"class_list":["post-356","page","type-page","status-publish","hentry","post"],"yoast_head":"<!-- This site is optimized with the Yoast SEO plugin v26.7 - https:\/\/yoast.com\/wordpress\/plugins\/seo\/ -->\n<title>Links Interessantes - Forma\u00e7\u00e3o em Servi\u00e7o de Atendimento Educacional Especializado<\/title>\n<meta name=\"robots\" content=\"index, follow, max-snippet:-1, max-image-preview:large, max-video-preview:-1\" \/>\n<link rel=\"canonical\" href=\"https:\/\/wp.ufpel.edu.br\/aeeufpel\/links-interessantes\/\" \/>\n<meta property=\"og:locale\" content=\"pt_BR\" \/>\n<meta property=\"og:type\" content=\"article\" \/>\n<meta property=\"og:title\" content=\"Links Interessantes - Forma\u00e7\u00e3o em Servi\u00e7o de Atendimento Educacional Especializado\" \/>\n<meta property=\"og:description\" content=\"Links: Portal da pessoa com defici\u00eancia Manual de acessibilidade espacial para escolas Desenho universal Direitos das pessoas com defici\u00eancia Revista Acessibilidade e Inclus\u00e3o no Ensino Superior \u2013 RevAIES Softwares: S\u00edntese de voz DOSVOX para Windows Leitor de tela Jaws para Windows Leitor de tela NVDA para Windows Leitor de tela Orca para Linux Leitor de [&hellip;]\" \/>\n<meta property=\"og:url\" content=\"https:\/\/wp.ufpel.edu.br\/aeeufpel\/links-interessantes\/\" \/>\n<meta property=\"og:site_name\" content=\"Forma\u00e7\u00e3o em Servi\u00e7o de Atendimento Educacional Especializado\" \/>\n<meta property=\"article:modified_time\" content=\"2020-09-16T17:07:10+00:00\" \/>\n<meta name=\"twitter:card\" content=\"summary_large_image\" \/>\n<script type=\"application\/ld+json\" class=\"yoast-schema-graph\">{\"@context\":\"https:\/\/schema.org\",\"@graph\":[{\"@type\":\"WebPage\",\"@id\":\"https:\/\/wp.ufpel.edu.br\/aeeufpel\/links-interessantes\/\",\"url\":\"https:\/\/wp.ufpel.edu.br\/aeeufpel\/links-interessantes\/\",\"name\":\"Links Interessantes - Forma\u00e7\u00e3o em Servi\u00e7o de Atendimento Educacional Especializado\",\"isPartOf\":{\"@id\":\"https:\/\/wp.ufpel.edu.br\/aeeufpel\/#website\"},\"datePublished\":\"2020-09-16T17:05:32+00:00\",\"dateModified\":\"2020-09-16T17:07:10+00:00\",\"breadcrumb\":{\"@id\":\"https:\/\/wp.ufpel.edu.br\/aeeufpel\/links-interessantes\/#breadcrumb\"},\"inLanguage\":\"pt-BR\",\"potentialAction\":[{\"@type\":\"ReadAction\",\"target\":[\"https:\/\/wp.ufpel.edu.br\/aeeufpel\/links-interessantes\/\"]}]},{\"@type\":\"BreadcrumbList\",\"@id\":\"https:\/\/wp.ufpel.edu.br\/aeeufpel\/links-interessantes\/#breadcrumb\",\"itemListElement\":[{\"@type\":\"ListItem\",\"position\":1,\"name\":\"In\u00edcio\",\"item\":\"https:\/\/wp.ufpel.edu.br\/aeeufpel\/\"},{\"@type\":\"ListItem\",\"position\":2,\"name\":\"Links Interessantes\"}]},{\"@type\":\"WebSite\",\"@id\":\"https:\/\/wp.ufpel.edu.br\/aeeufpel\/#website\",\"url\":\"https:\/\/wp.ufpel.edu.br\/aeeufpel\/\",\"name\":\"Forma\u00e7\u00e3o em Servi\u00e7o de Atendimento Educacional Especializado\",\"description\":\"Universidade Federal de Pelotas - UFPEL\",\"potentialAction\":[{\"@type\":\"SearchAction\",\"target\":{\"@type\":\"EntryPoint\",\"urlTemplate\":\"https:\/\/wp.ufpel.edu.br\/aeeufpel\/?s={search_term_string}\"},\"query-input\":{\"@type\":\"PropertyValueSpecification\",\"valueRequired\":true,\"valueName\":\"search_term_string\"}}],\"inLanguage\":\"pt-BR\"}]}<\/script>\n<!-- \/ Yoast SEO plugin. -->","yoast_head_json":{"title":"Links Interessantes - Forma\u00e7\u00e3o em Servi\u00e7o de Atendimento Educacional Especializado","robots":{"index":"index","follow":"follow","max-snippet":"max-snippet:-1","max-image-preview":"max-image-preview:large","max-video-preview":"max-video-preview:-1"},"canonical":"https:\/\/wp.ufpel.edu.br\/aeeufpel\/links-interessantes\/","og_locale":"pt_BR","og_type":"article","og_title":"Links Interessantes - Forma\u00e7\u00e3o em Servi\u00e7o de Atendimento Educacional Especializado","og_description":"Links: Portal da pessoa com defici\u00eancia Manual de acessibilidade espacial para escolas Desenho universal Direitos das pessoas com defici\u00eancia Revista Acessibilidade e Inclus\u00e3o no Ensino Superior \u2013 RevAIES Softwares: S\u00edntese de voz DOSVOX para Windows Leitor de tela Jaws para Windows Leitor de tela NVDA para Windows Leitor de tela Orca para Linux Leitor de [&hellip;]","og_url":"https:\/\/wp.ufpel.edu.br\/aeeufpel\/links-interessantes\/","og_site_name":"Forma\u00e7\u00e3o em Servi\u00e7o de Atendimento Educacional Especializado","article_modified_time":"2020-09-16T17:07:10+00:00","twitter_card":"summary_large_image","schema":{"@context":"https:\/\/schema.org","@graph":[{"@type":"WebPage","@id":"https:\/\/wp.ufpel.edu.br\/aeeufpel\/links-interessantes\/","url":"https:\/\/wp.ufpel.edu.br\/aeeufpel\/links-interessantes\/","name":"Links Interessantes - Forma\u00e7\u00e3o em Servi\u00e7o de Atendimento Educacional Especializado","isPartOf":{"@id":"https:\/\/wp.ufpel.edu.br\/aeeufpel\/#website"},"datePublished":"2020-09-16T17:05:32+00:00","dateModified":"2020-09-16T17:07:10+00:00","breadcrumb":{"@id":"https:\/\/wp.ufpel.edu.br\/aeeufpel\/links-interessantes\/#breadcrumb"},"inLanguage":"pt-BR","potentialAction":[{"@type":"ReadAction","target":["https:\/\/wp.ufpel.edu.br\/aeeufpel\/links-interessantes\/"]}]},{"@type":"BreadcrumbList","@id":"https:\/\/wp.ufpel.edu.br\/aeeufpel\/links-interessantes\/#breadcrumb","itemListElement":[{"@type":"ListItem","position":1,"name":"In\u00edcio","item":"https:\/\/wp.ufpel.edu.br\/aeeufpel\/"},{"@type":"ListItem","position":2,"name":"Links Interessantes"}]},{"@type":"WebSite","@id":"https:\/\/wp.ufpel.edu.br\/aeeufpel\/#website","url":"https:\/\/wp.ufpel.edu.br\/aeeufpel\/","name":"Forma\u00e7\u00e3o em Servi\u00e7o de Atendimento Educacional Especializado","description":"Universidade Federal de Pelotas - UFPEL","potentialAction":[{"@type":"SearchAction","target":{"@type":"EntryPoint","urlTemplate":"https:\/\/wp.ufpel.edu.br\/aeeufpel\/?s={search_term_string}"},"query-input":{"@type":"PropertyValueSpecification","valueRequired":true,"valueName":"search_term_string"}}],"inLanguage":"pt-BR"}]}},"_links":{"self":[{"href":"https:\/\/wp.ufpel.edu.br\/aeeufpel\/wp-json\/wp\/v2\/pages\/356","targetHints":{"allow":["GET"]}}],"collection":[{"href":"https:\/\/wp.ufpel.edu.br\/aeeufpel\/wp-json\/wp\/v2\/pages"}],"about":[{"href":"https:\/\/wp.ufpel.edu.br\/aeeufpel\/wp-json\/wp\/v2\/types\/page"}],"author":[{"embeddable":true,"href":"https:\/\/wp.ufpel.edu.br\/aeeufpel\/wp-json\/wp\/v2\/users\/1031"}],"replies":[{"embeddable":true,"href":"https:\/\/wp.ufpel.edu.br\/aeeufpel\/wp-json\/wp\/v2\/comments?post=356"}],"version-history":[{"count":2,"href":"https:\/\/wp.ufpel.edu.br\/aeeufpel\/wp-json\/wp\/v2\/pages\/356\/revisions"}],"predecessor-version":[{"id":360,"href":"https:\/\/wp.ufpel.edu.br\/aeeufpel\/wp-json\/wp\/v2\/pages\/356\/revisions\/360"}],"wp:attachment":[{"href":"https:\/\/wp.ufpel.edu.br\/aeeufpel\/wp-json\/wp\/v2\/media?parent=356"}],"curies":[{"name":"wp","href":"https:\/\/api.w.org\/{rel}","templated":true}]}}