{"id":1388,"date":"2026-02-24T09:52:26","date_gmt":"2026-02-24T12:52:26","guid":{"rendered":"https:\/\/wp.ufpel.edu.br\/aeeufpel\/?page_id=1388"},"modified":"2026-02-24T10:00:44","modified_gmt":"2026-02-24T13:00:44","slug":"curso-de-extensao-em-atendimento-educacional-especializado-e-o-trabalho-colaborativo-do-programa-de-intervencao-precoce-na-infancia-2026","status":"publish","type":"page","link":"https:\/\/wp.ufpel.edu.br\/aeeufpel\/curso-de-extensao-em-atendimento-educacional-especializado-e-o-trabalho-colaborativo-do-programa-de-intervencao-precoce-na-infancia-2026\/","title":{"rendered":"CURSO DE EXTENS\u00c3O EM ATENDIMENTO EDUCACIONAL ESPECIALIZADO E O TRABALHO COLABORATIVO DO PROGRAMA DE INTERVEN\u00c7\u00c3O PRECOCE NA INF\u00c2NCIA \u2013 2026"},"content":{"rendered":"<p><strong>Forma\u00e7\u00e3o para as redes integrantes do ProAPI<\/strong><\/p>\n<p><img loading=\"lazy\" decoding=\"async\" class=\"alignnone wp-image-1384\" src=\"https:\/\/wp.ufpel.edu.br\/aeeufpel\/files\/2026\/02\/016_2026_ufpel_marcas_cursos-2026_ind_fevereiro-02-400x167.png\" alt=\"\" width=\"493\" height=\"206\" srcset=\"https:\/\/wp.ufpel.edu.br\/aeeufpel\/files\/2026\/02\/016_2026_ufpel_marcas_cursos-2026_ind_fevereiro-02-400x167.png 400w, https:\/\/wp.ufpel.edu.br\/aeeufpel\/files\/2026\/02\/016_2026_ufpel_marcas_cursos-2026_ind_fevereiro-02-1024x429.png 1024w, https:\/\/wp.ufpel.edu.br\/aeeufpel\/files\/2026\/02\/016_2026_ufpel_marcas_cursos-2026_ind_fevereiro-02-768x322.png 768w, https:\/\/wp.ufpel.edu.br\/aeeufpel\/files\/2026\/02\/016_2026_ufpel_marcas_cursos-2026_ind_fevereiro-02.png 1500w\" sizes=\"auto, (max-width: 493px) 100vw, 493px\" \/><\/p>\n<p>O Curso de Extens\u00e3o em AEE e o Trabalho Colaborativo do ProAPI, com dura\u00e7\u00e3o de 100 horas\/aulas, objetiva ofertar forma\u00e7\u00e3o continuada na modalidade online <span style=\"color: #ff0000;\">para Profissionais do Atendimento Educacional Especializado da Rede P\u00fablica atuantes na Educa\u00e7\u00e3o B\u00e1sica<\/span>, oportunizando o planejamento, organiza\u00e7\u00e3o, constru\u00e7\u00e3o e implementa\u00e7\u00e3o de pr\u00e1ticas educacionais inclusivas com foco na Educa\u00e7\u00e3o Infantil e na perspectiva intersetorial e transdisciplinar.<\/p>\n<p><strong><span style=\"color: #ff0000;\">Interessados devem entrar em contato pelo e-mail:<\/span> coordenacaocursosaee@gmail.com<\/strong><\/p>\n","protected":false},"excerpt":{"rendered":"<p>Forma\u00e7\u00e3o para as redes integrantes do ProAPI O Curso de Extens\u00e3o em AEE e o Trabalho Colaborativo do ProAPI, com dura\u00e7\u00e3o de 100 horas\/aulas, objetiva ofertar forma\u00e7\u00e3o continuada na modalidade online para Profissionais do Atendimento Educacional Especializado da Rede P\u00fablica atuantes na Educa\u00e7\u00e3o B\u00e1sica, oportunizando o planejamento, organiza\u00e7\u00e3o, constru\u00e7\u00e3o e implementa\u00e7\u00e3o de pr\u00e1ticas educacionais inclusivas [&hellip;]<\/p>\n","protected":false},"author":1031,"featured_media":0,"parent":0,"menu_order":0,"comment_status":"closed","ping_status":"closed","template":"","meta":{"footnotes":""},"class_list":["post-1388","page","type-page","status-publish","hentry","post"],"yoast_head":"<!-- This site is optimized with the Yoast SEO plugin v26.7 - https:\/\/yoast.com\/wordpress\/plugins\/seo\/ -->\n<title>CURSO DE EXTENS\u00c3O EM ATENDIMENTO EDUCACIONAL ESPECIALIZADO E O TRABALHO COLABORATIVO DO PROGRAMA DE INTERVEN\u00c7\u00c3O PRECOCE NA INF\u00c2NCIA \u2013 2026 - Forma\u00e7\u00e3o em Servi\u00e7o de Atendimento Educacional Especializado<\/title>\n<meta name=\"robots\" content=\"index, follow, max-snippet:-1, max-image-preview:large, max-video-preview:-1\" \/>\n<link rel=\"canonical\" href=\"https:\/\/wp.ufpel.edu.br\/aeeufpel\/curso-de-extensao-em-atendimento-educacional-especializado-e-o-trabalho-colaborativo-do-programa-de-intervencao-precoce-na-infancia-2026\/\" \/>\n<meta property=\"og:locale\" content=\"pt_BR\" \/>\n<meta property=\"og:type\" content=\"article\" \/>\n<meta property=\"og:title\" content=\"CURSO DE EXTENS\u00c3O EM ATENDIMENTO EDUCACIONAL ESPECIALIZADO E O TRABALHO COLABORATIVO DO PROGRAMA DE INTERVEN\u00c7\u00c3O PRECOCE NA INF\u00c2NCIA \u2013 2026 - Forma\u00e7\u00e3o em Servi\u00e7o de Atendimento Educacional Especializado\" \/>\n<meta property=\"og:description\" content=\"Forma\u00e7\u00e3o para as redes integrantes do ProAPI O Curso de Extens\u00e3o em AEE e o Trabalho Colaborativo do ProAPI, com dura\u00e7\u00e3o de 100 horas\/aulas, objetiva ofertar forma\u00e7\u00e3o continuada na modalidade online para Profissionais do Atendimento Educacional Especializado da Rede P\u00fablica atuantes na Educa\u00e7\u00e3o B\u00e1sica, oportunizando o planejamento, organiza\u00e7\u00e3o, constru\u00e7\u00e3o e implementa\u00e7\u00e3o de pr\u00e1ticas educacionais inclusivas [&hellip;]\" \/>\n<meta property=\"og:url\" content=\"https:\/\/wp.ufpel.edu.br\/aeeufpel\/curso-de-extensao-em-atendimento-educacional-especializado-e-o-trabalho-colaborativo-do-programa-de-intervencao-precoce-na-infancia-2026\/\" \/>\n<meta property=\"og:site_name\" content=\"Forma\u00e7\u00e3o em Servi\u00e7o de Atendimento Educacional Especializado\" \/>\n<meta property=\"article:modified_time\" content=\"2026-02-24T13:00:44+00:00\" \/>\n<meta property=\"og:image\" content=\"https:\/\/wp.ufpel.edu.br\/aeeufpel\/files\/2026\/02\/016_2026_ufpel_marcas_cursos-2026_ind_fevereiro-02.png\" \/>\n\t<meta property=\"og:image:width\" content=\"1500\" \/>\n\t<meta property=\"og:image:height\" content=\"628\" \/>\n\t<meta property=\"og:image:type\" content=\"image\/png\" \/>\n<meta name=\"twitter:card\" content=\"summary_large_image\" \/>\n<meta name=\"twitter:label1\" content=\"Est. tempo de leitura\" \/>\n\t<meta name=\"twitter:data1\" content=\"1 minuto\" \/>\n<script type=\"application\/ld+json\" class=\"yoast-schema-graph\">{\"@context\":\"https:\/\/schema.org\",\"@graph\":[{\"@type\":\"WebPage\",\"@id\":\"https:\/\/wp.ufpel.edu.br\/aeeufpel\/curso-de-extensao-em-atendimento-educacional-especializado-e-o-trabalho-colaborativo-do-programa-de-intervencao-precoce-na-infancia-2026\/\",\"url\":\"https:\/\/wp.ufpel.edu.br\/aeeufpel\/curso-de-extensao-em-atendimento-educacional-especializado-e-o-trabalho-colaborativo-do-programa-de-intervencao-precoce-na-infancia-2026\/\",\"name\":\"CURSO DE EXTENS\u00c3O EM ATENDIMENTO EDUCACIONAL ESPECIALIZADO E O TRABALHO COLABORATIVO DO PROGRAMA DE INTERVEN\u00c7\u00c3O PRECOCE NA INF\u00c2NCIA \u2013 2026 - Forma\u00e7\u00e3o em Servi\u00e7o de Atendimento Educacional Especializado\",\"isPartOf\":{\"@id\":\"https:\/\/wp.ufpel.edu.br\/aeeufpel\/#website\"},\"primaryImageOfPage\":{\"@id\":\"https:\/\/wp.ufpel.edu.br\/aeeufpel\/curso-de-extensao-em-atendimento-educacional-especializado-e-o-trabalho-colaborativo-do-programa-de-intervencao-precoce-na-infancia-2026\/#primaryimage\"},\"image\":{\"@id\":\"https:\/\/wp.ufpel.edu.br\/aeeufpel\/curso-de-extensao-em-atendimento-educacional-especializado-e-o-trabalho-colaborativo-do-programa-de-intervencao-precoce-na-infancia-2026\/#primaryimage\"},\"thumbnailUrl\":\"https:\/\/wp.ufpel.edu.br\/aeeufpel\/files\/2026\/02\/016_2026_ufpel_marcas_cursos-2026_ind_fevereiro-02-400x167.png\",\"datePublished\":\"2026-02-24T12:52:26+00:00\",\"dateModified\":\"2026-02-24T13:00:44+00:00\",\"breadcrumb\":{\"@id\":\"https:\/\/wp.ufpel.edu.br\/aeeufpel\/curso-de-extensao-em-atendimento-educacional-especializado-e-o-trabalho-colaborativo-do-programa-de-intervencao-precoce-na-infancia-2026\/#breadcrumb\"},\"inLanguage\":\"pt-BR\",\"potentialAction\":[{\"@type\":\"ReadAction\",\"target\":[\"https:\/\/wp.ufpel.edu.br\/aeeufpel\/curso-de-extensao-em-atendimento-educacional-especializado-e-o-trabalho-colaborativo-do-programa-de-intervencao-precoce-na-infancia-2026\/\"]}]},{\"@type\":\"ImageObject\",\"inLanguage\":\"pt-BR\",\"@id\":\"https:\/\/wp.ufpel.edu.br\/aeeufpel\/curso-de-extensao-em-atendimento-educacional-especializado-e-o-trabalho-colaborativo-do-programa-de-intervencao-precoce-na-infancia-2026\/#primaryimage\",\"url\":\"https:\/\/wp.ufpel.edu.br\/aeeufpel\/files\/2026\/02\/016_2026_ufpel_marcas_cursos-2026_ind_fevereiro-02.png\",\"contentUrl\":\"https:\/\/wp.ufpel.edu.br\/aeeufpel\/files\/2026\/02\/016_2026_ufpel_marcas_cursos-2026_ind_fevereiro-02.png\",\"width\":1500,\"height\":628},{\"@type\":\"BreadcrumbList\",\"@id\":\"https:\/\/wp.ufpel.edu.br\/aeeufpel\/curso-de-extensao-em-atendimento-educacional-especializado-e-o-trabalho-colaborativo-do-programa-de-intervencao-precoce-na-infancia-2026\/#breadcrumb\",\"itemListElement\":[{\"@type\":\"ListItem\",\"position\":1,\"name\":\"In\u00edcio\",\"item\":\"https:\/\/wp.ufpel.edu.br\/aeeufpel\/\"},{\"@type\":\"ListItem\",\"position\":2,\"name\":\"CURSO DE EXTENS\u00c3O EM ATENDIMENTO EDUCACIONAL ESPECIALIZADO E O TRABALHO COLABORATIVO DO PROGRAMA DE INTERVEN\u00c7\u00c3O PRECOCE NA INF\u00c2NCIA \u2013 2026\"}]},{\"@type\":\"WebSite\",\"@id\":\"https:\/\/wp.ufpel.edu.br\/aeeufpel\/#website\",\"url\":\"https:\/\/wp.ufpel.edu.br\/aeeufpel\/\",\"name\":\"Forma\u00e7\u00e3o em Servi\u00e7o de Atendimento Educacional Especializado\",\"description\":\"Universidade Federal de Pelotas - UFPEL\",\"potentialAction\":[{\"@type\":\"SearchAction\",\"target\":{\"@type\":\"EntryPoint\",\"urlTemplate\":\"https:\/\/wp.ufpel.edu.br\/aeeufpel\/?s={search_term_string}\"},\"query-input\":{\"@type\":\"PropertyValueSpecification\",\"valueRequired\":true,\"valueName\":\"search_term_string\"}}],\"inLanguage\":\"pt-BR\"}]}<\/script>\n<!-- \/ Yoast SEO plugin. -->","yoast_head_json":{"title":"CURSO DE EXTENS\u00c3O EM ATENDIMENTO EDUCACIONAL ESPECIALIZADO E O TRABALHO COLABORATIVO DO PROGRAMA DE INTERVEN\u00c7\u00c3O PRECOCE NA INF\u00c2NCIA \u2013 2026 - Forma\u00e7\u00e3o em Servi\u00e7o de Atendimento Educacional Especializado","robots":{"index":"index","follow":"follow","max-snippet":"max-snippet:-1","max-image-preview":"max-image-preview:large","max-video-preview":"max-video-preview:-1"},"canonical":"https:\/\/wp.ufpel.edu.br\/aeeufpel\/curso-de-extensao-em-atendimento-educacional-especializado-e-o-trabalho-colaborativo-do-programa-de-intervencao-precoce-na-infancia-2026\/","og_locale":"pt_BR","og_type":"article","og_title":"CURSO DE EXTENS\u00c3O EM ATENDIMENTO EDUCACIONAL ESPECIALIZADO E O TRABALHO COLABORATIVO DO PROGRAMA DE INTERVEN\u00c7\u00c3O PRECOCE NA INF\u00c2NCIA \u2013 2026 - Forma\u00e7\u00e3o em Servi\u00e7o de Atendimento Educacional Especializado","og_description":"Forma\u00e7\u00e3o para as redes integrantes do ProAPI O Curso de Extens\u00e3o em AEE e o Trabalho Colaborativo do ProAPI, com dura\u00e7\u00e3o de 100 horas\/aulas, objetiva ofertar forma\u00e7\u00e3o continuada na modalidade online para Profissionais do Atendimento Educacional Especializado da Rede P\u00fablica atuantes na Educa\u00e7\u00e3o B\u00e1sica, oportunizando o planejamento, organiza\u00e7\u00e3o, constru\u00e7\u00e3o e implementa\u00e7\u00e3o de pr\u00e1ticas educacionais inclusivas [&hellip;]","og_url":"https:\/\/wp.ufpel.edu.br\/aeeufpel\/curso-de-extensao-em-atendimento-educacional-especializado-e-o-trabalho-colaborativo-do-programa-de-intervencao-precoce-na-infancia-2026\/","og_site_name":"Forma\u00e7\u00e3o em Servi\u00e7o de Atendimento Educacional Especializado","article_modified_time":"2026-02-24T13:00:44+00:00","og_image":[{"width":1500,"height":628,"url":"https:\/\/wp.ufpel.edu.br\/aeeufpel\/files\/2026\/02\/016_2026_ufpel_marcas_cursos-2026_ind_fevereiro-02.png","type":"image\/png"}],"twitter_card":"summary_large_image","twitter_misc":{"Est. tempo de leitura":"1 minuto"},"schema":{"@context":"https:\/\/schema.org","@graph":[{"@type":"WebPage","@id":"https:\/\/wp.ufpel.edu.br\/aeeufpel\/curso-de-extensao-em-atendimento-educacional-especializado-e-o-trabalho-colaborativo-do-programa-de-intervencao-precoce-na-infancia-2026\/","url":"https:\/\/wp.ufpel.edu.br\/aeeufpel\/curso-de-extensao-em-atendimento-educacional-especializado-e-o-trabalho-colaborativo-do-programa-de-intervencao-precoce-na-infancia-2026\/","name":"CURSO DE EXTENS\u00c3O EM ATENDIMENTO EDUCACIONAL ESPECIALIZADO E O TRABALHO COLABORATIVO DO PROGRAMA DE INTERVEN\u00c7\u00c3O PRECOCE NA INF\u00c2NCIA \u2013 2026 - Forma\u00e7\u00e3o em Servi\u00e7o de Atendimento Educacional Especializado","isPartOf":{"@id":"https:\/\/wp.ufpel.edu.br\/aeeufpel\/#website"},"primaryImageOfPage":{"@id":"https:\/\/wp.ufpel.edu.br\/aeeufpel\/curso-de-extensao-em-atendimento-educacional-especializado-e-o-trabalho-colaborativo-do-programa-de-intervencao-precoce-na-infancia-2026\/#primaryimage"},"image":{"@id":"https:\/\/wp.ufpel.edu.br\/aeeufpel\/curso-de-extensao-em-atendimento-educacional-especializado-e-o-trabalho-colaborativo-do-programa-de-intervencao-precoce-na-infancia-2026\/#primaryimage"},"thumbnailUrl":"https:\/\/wp.ufpel.edu.br\/aeeufpel\/files\/2026\/02\/016_2026_ufpel_marcas_cursos-2026_ind_fevereiro-02-400x167.png","datePublished":"2026-02-24T12:52:26+00:00","dateModified":"2026-02-24T13:00:44+00:00","breadcrumb":{"@id":"https:\/\/wp.ufpel.edu.br\/aeeufpel\/curso-de-extensao-em-atendimento-educacional-especializado-e-o-trabalho-colaborativo-do-programa-de-intervencao-precoce-na-infancia-2026\/#breadcrumb"},"inLanguage":"pt-BR","potentialAction":[{"@type":"ReadAction","target":["https:\/\/wp.ufpel.edu.br\/aeeufpel\/curso-de-extensao-em-atendimento-educacional-especializado-e-o-trabalho-colaborativo-do-programa-de-intervencao-precoce-na-infancia-2026\/"]}]},{"@type":"ImageObject","inLanguage":"pt-BR","@id":"https:\/\/wp.ufpel.edu.br\/aeeufpel\/curso-de-extensao-em-atendimento-educacional-especializado-e-o-trabalho-colaborativo-do-programa-de-intervencao-precoce-na-infancia-2026\/#primaryimage","url":"https:\/\/wp.ufpel.edu.br\/aeeufpel\/files\/2026\/02\/016_2026_ufpel_marcas_cursos-2026_ind_fevereiro-02.png","contentUrl":"https:\/\/wp.ufpel.edu.br\/aeeufpel\/files\/2026\/02\/016_2026_ufpel_marcas_cursos-2026_ind_fevereiro-02.png","width":1500,"height":628},{"@type":"BreadcrumbList","@id":"https:\/\/wp.ufpel.edu.br\/aeeufpel\/curso-de-extensao-em-atendimento-educacional-especializado-e-o-trabalho-colaborativo-do-programa-de-intervencao-precoce-na-infancia-2026\/#breadcrumb","itemListElement":[{"@type":"ListItem","position":1,"name":"In\u00edcio","item":"https:\/\/wp.ufpel.edu.br\/aeeufpel\/"},{"@type":"ListItem","position":2,"name":"CURSO DE EXTENS\u00c3O EM ATENDIMENTO EDUCACIONAL ESPECIALIZADO E O TRABALHO COLABORATIVO DO PROGRAMA DE INTERVEN\u00c7\u00c3O PRECOCE NA INF\u00c2NCIA \u2013 2026"}]},{"@type":"WebSite","@id":"https:\/\/wp.ufpel.edu.br\/aeeufpel\/#website","url":"https:\/\/wp.ufpel.edu.br\/aeeufpel\/","name":"Forma\u00e7\u00e3o em Servi\u00e7o de Atendimento Educacional Especializado","description":"Universidade Federal de Pelotas - UFPEL","potentialAction":[{"@type":"SearchAction","target":{"@type":"EntryPoint","urlTemplate":"https:\/\/wp.ufpel.edu.br\/aeeufpel\/?s={search_term_string}"},"query-input":{"@type":"PropertyValueSpecification","valueRequired":true,"valueName":"search_term_string"}}],"inLanguage":"pt-BR"}]}},"_links":{"self":[{"href":"https:\/\/wp.ufpel.edu.br\/aeeufpel\/wp-json\/wp\/v2\/pages\/1388","targetHints":{"allow":["GET"]}}],"collection":[{"href":"https:\/\/wp.ufpel.edu.br\/aeeufpel\/wp-json\/wp\/v2\/pages"}],"about":[{"href":"https:\/\/wp.ufpel.edu.br\/aeeufpel\/wp-json\/wp\/v2\/types\/page"}],"author":[{"embeddable":true,"href":"https:\/\/wp.ufpel.edu.br\/aeeufpel\/wp-json\/wp\/v2\/users\/1031"}],"replies":[{"embeddable":true,"href":"https:\/\/wp.ufpel.edu.br\/aeeufpel\/wp-json\/wp\/v2\/comments?post=1388"}],"version-history":[{"count":3,"href":"https:\/\/wp.ufpel.edu.br\/aeeufpel\/wp-json\/wp\/v2\/pages\/1388\/revisions"}],"predecessor-version":[{"id":1396,"href":"https:\/\/wp.ufpel.edu.br\/aeeufpel\/wp-json\/wp\/v2\/pages\/1388\/revisions\/1396"}],"wp:attachment":[{"href":"https:\/\/wp.ufpel.edu.br\/aeeufpel\/wp-json\/wp\/v2\/media?parent=1388"}],"curies":[{"name":"wp","href":"https:\/\/api.w.org\/{rel}","templated":true}]}}