{"id":1379,"date":"2026-02-24T09:55:32","date_gmt":"2026-02-24T12:55:32","guid":{"rendered":"https:\/\/wp.ufpel.edu.br\/aeeufpel\/?page_id=1379"},"modified":"2026-02-24T09:58:43","modified_gmt":"2026-02-24T12:58:43","slug":"2026-2","status":"publish","type":"page","link":"https:\/\/wp.ufpel.edu.br\/aeeufpel\/2026-2\/","title":{"rendered":"2026"},"content":{"rendered":"<p><a href=\"https:\/\/wp.ufpel.edu.br\/aeeufpel\/curso-de-extensao-em-gestao-do-sistema-do-programa-de-atencao-precoce-na-infancia-2026\/\"><img loading=\"lazy\" decoding=\"async\" class=\"alignnone wp-image-1383\" src=\"https:\/\/wp.ufpel.edu.br\/aeeufpel\/files\/2026\/02\/016_2026_ufpel_marcas_cursos-2026_ind_fevereiro-01-400x184.png\" alt=\"\" width=\"463\" height=\"213\" srcset=\"https:\/\/wp.ufpel.edu.br\/aeeufpel\/files\/2026\/02\/016_2026_ufpel_marcas_cursos-2026_ind_fevereiro-01-400x184.png 400w, https:\/\/wp.ufpel.edu.br\/aeeufpel\/files\/2026\/02\/016_2026_ufpel_marcas_cursos-2026_ind_fevereiro-01-1024x472.png 1024w, https:\/\/wp.ufpel.edu.br\/aeeufpel\/files\/2026\/02\/016_2026_ufpel_marcas_cursos-2026_ind_fevereiro-01-768x354.png 768w, https:\/\/wp.ufpel.edu.br\/aeeufpel\/files\/2026\/02\/016_2026_ufpel_marcas_cursos-2026_ind_fevereiro-01.png 1500w\" sizes=\"auto, (max-width: 463px) 100vw, 463px\" \/><\/a><\/p>\n<p><a href=\"https:\/\/wp.ufpel.edu.br\/aeeufpel\/curso-de-extensao-em-atendimento-educacional-especializado-e-o-trabalho-colaborativo-do-programa-de-intervencao-precoce-na-infancia-2026\/\"><img loading=\"lazy\" decoding=\"async\" class=\"alignnone wp-image-1384\" src=\"https:\/\/wp.ufpel.edu.br\/aeeufpel\/files\/2026\/02\/016_2026_ufpel_marcas_cursos-2026_ind_fevereiro-02-400x167.png\" alt=\"\" width=\"467\" height=\"195\" srcset=\"https:\/\/wp.ufpel.edu.br\/aeeufpel\/files\/2026\/02\/016_2026_ufpel_marcas_cursos-2026_ind_fevereiro-02-400x167.png 400w, https:\/\/wp.ufpel.edu.br\/aeeufpel\/files\/2026\/02\/016_2026_ufpel_marcas_cursos-2026_ind_fevereiro-02-1024x429.png 1024w, https:\/\/wp.ufpel.edu.br\/aeeufpel\/files\/2026\/02\/016_2026_ufpel_marcas_cursos-2026_ind_fevereiro-02-768x322.png 768w, https:\/\/wp.ufpel.edu.br\/aeeufpel\/files\/2026\/02\/016_2026_ufpel_marcas_cursos-2026_ind_fevereiro-02.png 1500w\" sizes=\"auto, (max-width: 467px) 100vw, 467px\" \/><\/a><\/p>\n","protected":false},"excerpt":{"rendered":"","protected":false},"author":1031,"featured_media":0,"parent":0,"menu_order":0,"comment_status":"closed","ping_status":"closed","template":"","meta":{"footnotes":""},"class_list":["post-1379","page","type-page","status-publish","hentry","post"],"yoast_head":"<!-- This site is optimized with the Yoast SEO plugin v26.7 - https:\/\/yoast.com\/wordpress\/plugins\/seo\/ -->\n<title>2026 - Forma\u00e7\u00e3o em Servi\u00e7o de Atendimento Educacional Especializado<\/title>\n<meta name=\"robots\" content=\"index, follow, max-snippet:-1, max-image-preview:large, max-video-preview:-1\" \/>\n<link rel=\"canonical\" href=\"https:\/\/wp.ufpel.edu.br\/aeeufpel\/2026-2\/\" \/>\n<meta property=\"og:locale\" content=\"pt_BR\" \/>\n<meta property=\"og:type\" content=\"article\" \/>\n<meta property=\"og:title\" content=\"2026 - Forma\u00e7\u00e3o em Servi\u00e7o de Atendimento Educacional Especializado\" \/>\n<meta property=\"og:url\" content=\"https:\/\/wp.ufpel.edu.br\/aeeufpel\/2026-2\/\" \/>\n<meta property=\"og:site_name\" content=\"Forma\u00e7\u00e3o em Servi\u00e7o de Atendimento Educacional Especializado\" \/>\n<meta property=\"article:modified_time\" content=\"2026-02-24T12:58:43+00:00\" \/>\n<meta property=\"og:image\" content=\"https:\/\/wp.ufpel.edu.br\/aeeufpel\/files\/2026\/02\/016_2026_ufpel_marcas_cursos-2026_ind_fevereiro-01.png\" \/>\n\t<meta property=\"og:image:width\" content=\"1500\" \/>\n\t<meta property=\"og:image:height\" content=\"691\" \/>\n\t<meta property=\"og:image:type\" content=\"image\/png\" \/>\n<meta name=\"twitter:card\" content=\"summary_large_image\" \/>\n<meta name=\"twitter:label1\" content=\"Est. tempo de leitura\" \/>\n\t<meta name=\"twitter:data1\" content=\"1 minuto\" \/>\n<script type=\"application\/ld+json\" class=\"yoast-schema-graph\">{\"@context\":\"https:\/\/schema.org\",\"@graph\":[{\"@type\":\"WebPage\",\"@id\":\"https:\/\/wp.ufpel.edu.br\/aeeufpel\/2026-2\/\",\"url\":\"https:\/\/wp.ufpel.edu.br\/aeeufpel\/2026-2\/\",\"name\":\"2026 - Forma\u00e7\u00e3o em Servi\u00e7o de Atendimento Educacional Especializado\",\"isPartOf\":{\"@id\":\"https:\/\/wp.ufpel.edu.br\/aeeufpel\/#website\"},\"primaryImageOfPage\":{\"@id\":\"https:\/\/wp.ufpel.edu.br\/aeeufpel\/2026-2\/#primaryimage\"},\"image\":{\"@id\":\"https:\/\/wp.ufpel.edu.br\/aeeufpel\/2026-2\/#primaryimage\"},\"thumbnailUrl\":\"https:\/\/wp.ufpel.edu.br\/aeeufpel\/files\/2026\/02\/016_2026_ufpel_marcas_cursos-2026_ind_fevereiro-01-400x184.png\",\"datePublished\":\"2026-02-24T12:55:32+00:00\",\"dateModified\":\"2026-02-24T12:58:43+00:00\",\"breadcrumb\":{\"@id\":\"https:\/\/wp.ufpel.edu.br\/aeeufpel\/2026-2\/#breadcrumb\"},\"inLanguage\":\"pt-BR\",\"potentialAction\":[{\"@type\":\"ReadAction\",\"target\":[\"https:\/\/wp.ufpel.edu.br\/aeeufpel\/2026-2\/\"]}]},{\"@type\":\"ImageObject\",\"inLanguage\":\"pt-BR\",\"@id\":\"https:\/\/wp.ufpel.edu.br\/aeeufpel\/2026-2\/#primaryimage\",\"url\":\"https:\/\/wp.ufpel.edu.br\/aeeufpel\/files\/2026\/02\/016_2026_ufpel_marcas_cursos-2026_ind_fevereiro-01.png\",\"contentUrl\":\"https:\/\/wp.ufpel.edu.br\/aeeufpel\/files\/2026\/02\/016_2026_ufpel_marcas_cursos-2026_ind_fevereiro-01.png\",\"width\":1500,\"height\":691},{\"@type\":\"BreadcrumbList\",\"@id\":\"https:\/\/wp.ufpel.edu.br\/aeeufpel\/2026-2\/#breadcrumb\",\"itemListElement\":[{\"@type\":\"ListItem\",\"position\":1,\"name\":\"In\u00edcio\",\"item\":\"https:\/\/wp.ufpel.edu.br\/aeeufpel\/\"},{\"@type\":\"ListItem\",\"position\":2,\"name\":\"2026\"}]},{\"@type\":\"WebSite\",\"@id\":\"https:\/\/wp.ufpel.edu.br\/aeeufpel\/#website\",\"url\":\"https:\/\/wp.ufpel.edu.br\/aeeufpel\/\",\"name\":\"Forma\u00e7\u00e3o em Servi\u00e7o de Atendimento Educacional Especializado\",\"description\":\"Universidade Federal de Pelotas - UFPEL\",\"potentialAction\":[{\"@type\":\"SearchAction\",\"target\":{\"@type\":\"EntryPoint\",\"urlTemplate\":\"https:\/\/wp.ufpel.edu.br\/aeeufpel\/?s={search_term_string}\"},\"query-input\":{\"@type\":\"PropertyValueSpecification\",\"valueRequired\":true,\"valueName\":\"search_term_string\"}}],\"inLanguage\":\"pt-BR\"}]}<\/script>\n<!-- \/ Yoast SEO plugin. -->","yoast_head_json":{"title":"2026 - Forma\u00e7\u00e3o em Servi\u00e7o de Atendimento Educacional Especializado","robots":{"index":"index","follow":"follow","max-snippet":"max-snippet:-1","max-image-preview":"max-image-preview:large","max-video-preview":"max-video-preview:-1"},"canonical":"https:\/\/wp.ufpel.edu.br\/aeeufpel\/2026-2\/","og_locale":"pt_BR","og_type":"article","og_title":"2026 - Forma\u00e7\u00e3o em Servi\u00e7o de Atendimento Educacional Especializado","og_url":"https:\/\/wp.ufpel.edu.br\/aeeufpel\/2026-2\/","og_site_name":"Forma\u00e7\u00e3o em Servi\u00e7o de Atendimento Educacional Especializado","article_modified_time":"2026-02-24T12:58:43+00:00","og_image":[{"width":1500,"height":691,"url":"https:\/\/wp.ufpel.edu.br\/aeeufpel\/files\/2026\/02\/016_2026_ufpel_marcas_cursos-2026_ind_fevereiro-01.png","type":"image\/png"}],"twitter_card":"summary_large_image","twitter_misc":{"Est. tempo de leitura":"1 minuto"},"schema":{"@context":"https:\/\/schema.org","@graph":[{"@type":"WebPage","@id":"https:\/\/wp.ufpel.edu.br\/aeeufpel\/2026-2\/","url":"https:\/\/wp.ufpel.edu.br\/aeeufpel\/2026-2\/","name":"2026 - Forma\u00e7\u00e3o em Servi\u00e7o de Atendimento Educacional Especializado","isPartOf":{"@id":"https:\/\/wp.ufpel.edu.br\/aeeufpel\/#website"},"primaryImageOfPage":{"@id":"https:\/\/wp.ufpel.edu.br\/aeeufpel\/2026-2\/#primaryimage"},"image":{"@id":"https:\/\/wp.ufpel.edu.br\/aeeufpel\/2026-2\/#primaryimage"},"thumbnailUrl":"https:\/\/wp.ufpel.edu.br\/aeeufpel\/files\/2026\/02\/016_2026_ufpel_marcas_cursos-2026_ind_fevereiro-01-400x184.png","datePublished":"2026-02-24T12:55:32+00:00","dateModified":"2026-02-24T12:58:43+00:00","breadcrumb":{"@id":"https:\/\/wp.ufpel.edu.br\/aeeufpel\/2026-2\/#breadcrumb"},"inLanguage":"pt-BR","potentialAction":[{"@type":"ReadAction","target":["https:\/\/wp.ufpel.edu.br\/aeeufpel\/2026-2\/"]}]},{"@type":"ImageObject","inLanguage":"pt-BR","@id":"https:\/\/wp.ufpel.edu.br\/aeeufpel\/2026-2\/#primaryimage","url":"https:\/\/wp.ufpel.edu.br\/aeeufpel\/files\/2026\/02\/016_2026_ufpel_marcas_cursos-2026_ind_fevereiro-01.png","contentUrl":"https:\/\/wp.ufpel.edu.br\/aeeufpel\/files\/2026\/02\/016_2026_ufpel_marcas_cursos-2026_ind_fevereiro-01.png","width":1500,"height":691},{"@type":"BreadcrumbList","@id":"https:\/\/wp.ufpel.edu.br\/aeeufpel\/2026-2\/#breadcrumb","itemListElement":[{"@type":"ListItem","position":1,"name":"In\u00edcio","item":"https:\/\/wp.ufpel.edu.br\/aeeufpel\/"},{"@type":"ListItem","position":2,"name":"2026"}]},{"@type":"WebSite","@id":"https:\/\/wp.ufpel.edu.br\/aeeufpel\/#website","url":"https:\/\/wp.ufpel.edu.br\/aeeufpel\/","name":"Forma\u00e7\u00e3o em Servi\u00e7o de Atendimento Educacional Especializado","description":"Universidade Federal de Pelotas - UFPEL","potentialAction":[{"@type":"SearchAction","target":{"@type":"EntryPoint","urlTemplate":"https:\/\/wp.ufpel.edu.br\/aeeufpel\/?s={search_term_string}"},"query-input":{"@type":"PropertyValueSpecification","valueRequired":true,"valueName":"search_term_string"}}],"inLanguage":"pt-BR"}]}},"_links":{"self":[{"href":"https:\/\/wp.ufpel.edu.br\/aeeufpel\/wp-json\/wp\/v2\/pages\/1379","targetHints":{"allow":["GET"]}}],"collection":[{"href":"https:\/\/wp.ufpel.edu.br\/aeeufpel\/wp-json\/wp\/v2\/pages"}],"about":[{"href":"https:\/\/wp.ufpel.edu.br\/aeeufpel\/wp-json\/wp\/v2\/types\/page"}],"author":[{"embeddable":true,"href":"https:\/\/wp.ufpel.edu.br\/aeeufpel\/wp-json\/wp\/v2\/users\/1031"}],"replies":[{"embeddable":true,"href":"https:\/\/wp.ufpel.edu.br\/aeeufpel\/wp-json\/wp\/v2\/comments?post=1379"}],"version-history":[{"count":1,"href":"https:\/\/wp.ufpel.edu.br\/aeeufpel\/wp-json\/wp\/v2\/pages\/1379\/revisions"}],"predecessor-version":[{"id":1391,"href":"https:\/\/wp.ufpel.edu.br\/aeeufpel\/wp-json\/wp\/v2\/pages\/1379\/revisions\/1391"}],"wp:attachment":[{"href":"https:\/\/wp.ufpel.edu.br\/aeeufpel\/wp-json\/wp\/v2\/media?parent=1379"}],"curies":[{"name":"wp","href":"https:\/\/api.w.org\/{rel}","templated":true}]}}