{"id":1313,"date":"2025-05-20T21:06:35","date_gmt":"2025-05-21T00:06:35","guid":{"rendered":"https:\/\/wp.ufpel.edu.br\/aeeufpel\/?page_id=1313"},"modified":"2025-06-06T16:19:52","modified_gmt":"2025-06-06T19:19:52","slug":"aperfeicomanento-em-gestao-democratica-a-construcao-da-escola-inclusiva-2025","status":"publish","type":"page","link":"https:\/\/wp.ufpel.edu.br\/aeeufpel\/aperfeicomanento-em-gestao-democratica-a-construcao-da-escola-inclusiva-2025\/","title":{"rendered":"APERFEI\u00c7OMANENTO EM GEST\u00c3O DEMOCR\u00c1TICA: A CONSTRU\u00c7\u00c3O DA ESCOLA INCLUSIVA &#8211; 2025"},"content":{"rendered":"<p><img loading=\"lazy\" decoding=\"async\" class=\"alignnone wp-image-1301\" src=\"https:\/\/wp.ufpel.edu.br\/aeeufpel\/files\/2025\/05\/026_2025_ufpel_marcas_cursos-2025_ind_marco-05-400x172.png\" alt=\"\" width=\"519\" height=\"223\" srcset=\"https:\/\/wp.ufpel.edu.br\/aeeufpel\/files\/2025\/05\/026_2025_ufpel_marcas_cursos-2025_ind_marco-05-400x172.png 400w, https:\/\/wp.ufpel.edu.br\/aeeufpel\/files\/2025\/05\/026_2025_ufpel_marcas_cursos-2025_ind_marco-05.png 451w\" sizes=\"auto, (max-width: 519px) 100vw, 519px\" \/><\/p>\n<p><strong><span style=\"background-color: #ffffff; color: #ff0000;\"><span style=\"color: #ff0000;\">INSCRI\u00c7\u00d5ES ENCERRADAS<\/span><br \/>\n<\/span><\/strong><\/p>\n<p>PER\u00cdODO DO CURSO: Junho a dezembro de 2025<\/p>\n<p><strong>CARGA HOR\u00c1RIA<\/strong>: 180 h\/a<\/p>\n<p><strong>OBJETIVO: <\/strong>Proporcionar forma\u00e7\u00e3o em n\u00edvel de aperfei\u00e7oamento na consolida\u00e7\u00e3o da gest\u00e3o democr\u00e1tica na escola e, assim, na efetividade da inclus\u00e3o de todas as pessoas que a ela t\u00eam acesso como direito p\u00fablico subjetivo, compreendendo que uma escola inclusiva n\u00e3o se efetiva em sua totalidade sem contemplar os princ\u00edpios da gest\u00e3o democr\u00e1tica, dos direitos humanos e dos direitos da pessoa com defici\u00eancia.Oportunizar forma\u00e7\u00e3o continuada para gestores, coordenadores, supervisores, professores e professoras da rede p\u00fablica atuantes na Educa\u00e7\u00e3o B\u00e1sica, incluindo aqueles e aquelas que atuam em salas de AEE, no campo da Gest\u00e3o da Educa\u00e7\u00e3o Especial na Perspectiva Inclusiva. A forma\u00e7\u00e3o proposta intenciona subsidiar a constru\u00e7\u00e3o e a implementa\u00e7\u00e3o de pr\u00e1ticas educacionais inclusivas, a partir de estudo e aprofundamento te\u00f3rico-pr\u00e1tico.<\/p>\n<p><strong>EMENTA:<\/strong>\u00a0\u00a0\u00a0\u00a0\u00a0 A gest\u00e3o democr\u00e1tica da educa\u00e7\u00e3o e da escola foi uma conquista dos movimentos sociais, professores, estudantes e diversos segmentos da sociedade brasileira que, num cen\u00e1rio de transi\u00e7\u00e3o entre o longo per\u00edodo de ditadura militar e a perspectiva de democracia, se tornou uma das grandes pautas nacionais, isto porque havia a compreens\u00e3o de que o direito das pessoas a aprendizagem escolarizada e aos processos de socializa\u00e7\u00e3o e amplia\u00e7\u00e3o cultural na perspectiva da emancipa\u00e7\u00e3o social, ocorre em espa\u00e7os em que a democracia se constitui em princ\u00edpio a ser constru\u00eddo de forma permanente e de maneira participativa. Neste sentido, a gest\u00e3o democr\u00e1tica da educa\u00e7\u00e3o p\u00fablica \u00e9 consagrada na Constitui\u00e7\u00e3o Federal de 1988 e regulamentada pela Lei de Direttrizes e Bases da Educa\u00e7\u00e3o Nacional de 1996, sendo objeto de regramentos estaduais e municipais. O reconhecimento da import\u00e2ncia da democracia na sociedade e, portanto, nas institui\u00e7\u00f5es educacionais, se consolida na medida em que os instrumentos de participa\u00e7\u00e3o contemplam as diferentes e diversificadas demandas da comunidade, sendo perme\u00e1vel \u00e0s mudan\u00e7as de concep\u00e7\u00e3o e de pr\u00e1ticas que promovam o acolhimento \u00e1s diferen\u00e7as, envolvendo planejamento institucional e did\u00e1tico-pedag\u00f3gico, altera\u00e7\u00f5es curriculares e de procedimentos did\u00e1ticos com vistas \u00e0 oportunizar a aprendizagem de todos (as). Ter conhecimento do contexto mais amplo em que ocorrem as disputas entre os diferentes projetos societ\u00e1rios \u00e9 fundamental para que se tome decis\u00f5es no \u00e2mbito pedag\u00f3gico e, assim, se possa tornar a inclus\u00e3o efetiva.Oportunizar a reflex\u00e3o e o debate sobre as pol\u00edticas p\u00fablicas nacionais para a Gest\u00e3o da Educa\u00e7\u00e3o Especial na perspectiva da Educa\u00e7\u00e3o Inclusiva, analisando os reflexos na organiza\u00e7\u00e3o das escolas para o atendimento \u00e0 diversidade, compreendendo os princ\u00edpios, estrutura\u00e7\u00e3o, funcionamento e pr\u00e1ticas de aprendizagem, sala de recursos multifuncionais e outros apoios a que os alunos p\u00fablico da Educa\u00e7\u00e3o Especial tem direito, construindo coletivamente e de forma participativa, a estrutura\u00e7\u00e3o, projeto pol\u00edtico- pedag\u00f3gico e as a\u00e7\u00f5es pr\u00e1ticas que ir\u00e3o ser constru\u00eddas em cada escola participante<\/p>\n<p>&nbsp;<\/p>\n<p>&nbsp;<\/p>\n","protected":false},"excerpt":{"rendered":"<p>INSCRI\u00c7\u00d5ES ENCERRADAS PER\u00cdODO DO CURSO: Junho a dezembro de 2025 CARGA HOR\u00c1RIA: 180 h\/a OBJETIVO: Proporcionar forma\u00e7\u00e3o em n\u00edvel de aperfei\u00e7oamento na consolida\u00e7\u00e3o da gest\u00e3o democr\u00e1tica na escola e, assim, na efetividade da inclus\u00e3o de todas as pessoas que a ela t\u00eam acesso como direito p\u00fablico subjetivo, compreendendo que uma escola inclusiva n\u00e3o se efetiva [&hellip;]<\/p>\n","protected":false},"author":1031,"featured_media":0,"parent":0,"menu_order":0,"comment_status":"closed","ping_status":"closed","template":"","meta":{"footnotes":""},"class_list":["post-1313","page","type-page","status-publish","hentry","post"],"yoast_head":"<!-- This site is optimized with the Yoast SEO plugin v26.7 - https:\/\/yoast.com\/wordpress\/plugins\/seo\/ -->\n<title>APERFEI\u00c7OMANENTO EM GEST\u00c3O DEMOCR\u00c1TICA: A CONSTRU\u00c7\u00c3O DA ESCOLA INCLUSIVA - 2025 - Forma\u00e7\u00e3o em Servi\u00e7o de Atendimento Educacional Especializado<\/title>\n<meta name=\"robots\" content=\"index, follow, max-snippet:-1, max-image-preview:large, max-video-preview:-1\" \/>\n<link rel=\"canonical\" href=\"https:\/\/wp.ufpel.edu.br\/aeeufpel\/aperfeicomanento-em-gestao-democratica-a-construcao-da-escola-inclusiva-2025\/\" \/>\n<meta property=\"og:locale\" content=\"pt_BR\" \/>\n<meta property=\"og:type\" content=\"article\" \/>\n<meta property=\"og:title\" content=\"APERFEI\u00c7OMANENTO EM GEST\u00c3O DEMOCR\u00c1TICA: A CONSTRU\u00c7\u00c3O DA ESCOLA INCLUSIVA - 2025 - Forma\u00e7\u00e3o em Servi\u00e7o de Atendimento Educacional Especializado\" \/>\n<meta property=\"og:description\" content=\"INSCRI\u00c7\u00d5ES ENCERRADAS PER\u00cdODO DO CURSO: Junho a dezembro de 2025 CARGA HOR\u00c1RIA: 180 h\/a OBJETIVO: Proporcionar forma\u00e7\u00e3o em n\u00edvel de aperfei\u00e7oamento na consolida\u00e7\u00e3o da gest\u00e3o democr\u00e1tica na escola e, assim, na efetividade da inclus\u00e3o de todas as pessoas que a ela t\u00eam acesso como direito p\u00fablico subjetivo, compreendendo que uma escola inclusiva n\u00e3o se efetiva [&hellip;]\" \/>\n<meta property=\"og:url\" content=\"https:\/\/wp.ufpel.edu.br\/aeeufpel\/aperfeicomanento-em-gestao-democratica-a-construcao-da-escola-inclusiva-2025\/\" \/>\n<meta property=\"og:site_name\" content=\"Forma\u00e7\u00e3o em Servi\u00e7o de Atendimento Educacional Especializado\" \/>\n<meta property=\"article:modified_time\" content=\"2025-06-06T19:19:52+00:00\" \/>\n<meta property=\"og:image\" content=\"https:\/\/wp.ufpel.edu.br\/aeeufpel\/files\/2025\/05\/026_2025_ufpel_marcas_cursos-2025_ind_marco-05.png\" \/>\n\t<meta property=\"og:image:width\" content=\"451\" \/>\n\t<meta property=\"og:image:height\" content=\"194\" \/>\n\t<meta property=\"og:image:type\" content=\"image\/png\" \/>\n<meta name=\"twitter:card\" content=\"summary_large_image\" \/>\n<meta name=\"twitter:label1\" content=\"Est. tempo de leitura\" \/>\n\t<meta name=\"twitter:data1\" content=\"3 minutos\" \/>\n<script type=\"application\/ld+json\" class=\"yoast-schema-graph\">{\"@context\":\"https:\/\/schema.org\",\"@graph\":[{\"@type\":\"WebPage\",\"@id\":\"https:\/\/wp.ufpel.edu.br\/aeeufpel\/aperfeicomanento-em-gestao-democratica-a-construcao-da-escola-inclusiva-2025\/\",\"url\":\"https:\/\/wp.ufpel.edu.br\/aeeufpel\/aperfeicomanento-em-gestao-democratica-a-construcao-da-escola-inclusiva-2025\/\",\"name\":\"APERFEI\u00c7OMANENTO EM GEST\u00c3O DEMOCR\u00c1TICA: A CONSTRU\u00c7\u00c3O DA ESCOLA INCLUSIVA - 2025 - Forma\u00e7\u00e3o em Servi\u00e7o de Atendimento Educacional Especializado\",\"isPartOf\":{\"@id\":\"https:\/\/wp.ufpel.edu.br\/aeeufpel\/#website\"},\"primaryImageOfPage\":{\"@id\":\"https:\/\/wp.ufpel.edu.br\/aeeufpel\/aperfeicomanento-em-gestao-democratica-a-construcao-da-escola-inclusiva-2025\/#primaryimage\"},\"image\":{\"@id\":\"https:\/\/wp.ufpel.edu.br\/aeeufpel\/aperfeicomanento-em-gestao-democratica-a-construcao-da-escola-inclusiva-2025\/#primaryimage\"},\"thumbnailUrl\":\"https:\/\/wp.ufpel.edu.br\/aeeufpel\/files\/2025\/05\/026_2025_ufpel_marcas_cursos-2025_ind_marco-05-400x172.png\",\"datePublished\":\"2025-05-21T00:06:35+00:00\",\"dateModified\":\"2025-06-06T19:19:52+00:00\",\"breadcrumb\":{\"@id\":\"https:\/\/wp.ufpel.edu.br\/aeeufpel\/aperfeicomanento-em-gestao-democratica-a-construcao-da-escola-inclusiva-2025\/#breadcrumb\"},\"inLanguage\":\"pt-BR\",\"potentialAction\":[{\"@type\":\"ReadAction\",\"target\":[\"https:\/\/wp.ufpel.edu.br\/aeeufpel\/aperfeicomanento-em-gestao-democratica-a-construcao-da-escola-inclusiva-2025\/\"]}]},{\"@type\":\"ImageObject\",\"inLanguage\":\"pt-BR\",\"@id\":\"https:\/\/wp.ufpel.edu.br\/aeeufpel\/aperfeicomanento-em-gestao-democratica-a-construcao-da-escola-inclusiva-2025\/#primaryimage\",\"url\":\"https:\/\/wp.ufpel.edu.br\/aeeufpel\/files\/2025\/05\/026_2025_ufpel_marcas_cursos-2025_ind_marco-05.png\",\"contentUrl\":\"https:\/\/wp.ufpel.edu.br\/aeeufpel\/files\/2025\/05\/026_2025_ufpel_marcas_cursos-2025_ind_marco-05.png\",\"width\":451,\"height\":194},{\"@type\":\"BreadcrumbList\",\"@id\":\"https:\/\/wp.ufpel.edu.br\/aeeufpel\/aperfeicomanento-em-gestao-democratica-a-construcao-da-escola-inclusiva-2025\/#breadcrumb\",\"itemListElement\":[{\"@type\":\"ListItem\",\"position\":1,\"name\":\"In\u00edcio\",\"item\":\"https:\/\/wp.ufpel.edu.br\/aeeufpel\/\"},{\"@type\":\"ListItem\",\"position\":2,\"name\":\"APERFEI\u00c7OMANENTO EM GEST\u00c3O DEMOCR\u00c1TICA: A CONSTRU\u00c7\u00c3O DA ESCOLA INCLUSIVA &#8211; 2025\"}]},{\"@type\":\"WebSite\",\"@id\":\"https:\/\/wp.ufpel.edu.br\/aeeufpel\/#website\",\"url\":\"https:\/\/wp.ufpel.edu.br\/aeeufpel\/\",\"name\":\"Forma\u00e7\u00e3o em Servi\u00e7o de Atendimento Educacional Especializado\",\"description\":\"Universidade Federal de Pelotas - UFPEL\",\"potentialAction\":[{\"@type\":\"SearchAction\",\"target\":{\"@type\":\"EntryPoint\",\"urlTemplate\":\"https:\/\/wp.ufpel.edu.br\/aeeufpel\/?s={search_term_string}\"},\"query-input\":{\"@type\":\"PropertyValueSpecification\",\"valueRequired\":true,\"valueName\":\"search_term_string\"}}],\"inLanguage\":\"pt-BR\"}]}<\/script>\n<!-- \/ Yoast SEO plugin. -->","yoast_head_json":{"title":"APERFEI\u00c7OMANENTO EM GEST\u00c3O DEMOCR\u00c1TICA: A CONSTRU\u00c7\u00c3O DA ESCOLA INCLUSIVA - 2025 - Forma\u00e7\u00e3o em Servi\u00e7o de Atendimento Educacional Especializado","robots":{"index":"index","follow":"follow","max-snippet":"max-snippet:-1","max-image-preview":"max-image-preview:large","max-video-preview":"max-video-preview:-1"},"canonical":"https:\/\/wp.ufpel.edu.br\/aeeufpel\/aperfeicomanento-em-gestao-democratica-a-construcao-da-escola-inclusiva-2025\/","og_locale":"pt_BR","og_type":"article","og_title":"APERFEI\u00c7OMANENTO EM GEST\u00c3O DEMOCR\u00c1TICA: A CONSTRU\u00c7\u00c3O DA ESCOLA INCLUSIVA - 2025 - Forma\u00e7\u00e3o em Servi\u00e7o de Atendimento Educacional Especializado","og_description":"INSCRI\u00c7\u00d5ES ENCERRADAS PER\u00cdODO DO CURSO: Junho a dezembro de 2025 CARGA HOR\u00c1RIA: 180 h\/a OBJETIVO: Proporcionar forma\u00e7\u00e3o em n\u00edvel de aperfei\u00e7oamento na consolida\u00e7\u00e3o da gest\u00e3o democr\u00e1tica na escola e, assim, na efetividade da inclus\u00e3o de todas as pessoas que a ela t\u00eam acesso como direito p\u00fablico subjetivo, compreendendo que uma escola inclusiva n\u00e3o se efetiva [&hellip;]","og_url":"https:\/\/wp.ufpel.edu.br\/aeeufpel\/aperfeicomanento-em-gestao-democratica-a-construcao-da-escola-inclusiva-2025\/","og_site_name":"Forma\u00e7\u00e3o em Servi\u00e7o de Atendimento Educacional Especializado","article_modified_time":"2025-06-06T19:19:52+00:00","og_image":[{"width":451,"height":194,"url":"https:\/\/wp.ufpel.edu.br\/aeeufpel\/files\/2025\/05\/026_2025_ufpel_marcas_cursos-2025_ind_marco-05.png","type":"image\/png"}],"twitter_card":"summary_large_image","twitter_misc":{"Est. tempo de leitura":"3 minutos"},"schema":{"@context":"https:\/\/schema.org","@graph":[{"@type":"WebPage","@id":"https:\/\/wp.ufpel.edu.br\/aeeufpel\/aperfeicomanento-em-gestao-democratica-a-construcao-da-escola-inclusiva-2025\/","url":"https:\/\/wp.ufpel.edu.br\/aeeufpel\/aperfeicomanento-em-gestao-democratica-a-construcao-da-escola-inclusiva-2025\/","name":"APERFEI\u00c7OMANENTO EM GEST\u00c3O DEMOCR\u00c1TICA: A CONSTRU\u00c7\u00c3O DA ESCOLA INCLUSIVA - 2025 - Forma\u00e7\u00e3o em Servi\u00e7o de Atendimento Educacional Especializado","isPartOf":{"@id":"https:\/\/wp.ufpel.edu.br\/aeeufpel\/#website"},"primaryImageOfPage":{"@id":"https:\/\/wp.ufpel.edu.br\/aeeufpel\/aperfeicomanento-em-gestao-democratica-a-construcao-da-escola-inclusiva-2025\/#primaryimage"},"image":{"@id":"https:\/\/wp.ufpel.edu.br\/aeeufpel\/aperfeicomanento-em-gestao-democratica-a-construcao-da-escola-inclusiva-2025\/#primaryimage"},"thumbnailUrl":"https:\/\/wp.ufpel.edu.br\/aeeufpel\/files\/2025\/05\/026_2025_ufpel_marcas_cursos-2025_ind_marco-05-400x172.png","datePublished":"2025-05-21T00:06:35+00:00","dateModified":"2025-06-06T19:19:52+00:00","breadcrumb":{"@id":"https:\/\/wp.ufpel.edu.br\/aeeufpel\/aperfeicomanento-em-gestao-democratica-a-construcao-da-escola-inclusiva-2025\/#breadcrumb"},"inLanguage":"pt-BR","potentialAction":[{"@type":"ReadAction","target":["https:\/\/wp.ufpel.edu.br\/aeeufpel\/aperfeicomanento-em-gestao-democratica-a-construcao-da-escola-inclusiva-2025\/"]}]},{"@type":"ImageObject","inLanguage":"pt-BR","@id":"https:\/\/wp.ufpel.edu.br\/aeeufpel\/aperfeicomanento-em-gestao-democratica-a-construcao-da-escola-inclusiva-2025\/#primaryimage","url":"https:\/\/wp.ufpel.edu.br\/aeeufpel\/files\/2025\/05\/026_2025_ufpel_marcas_cursos-2025_ind_marco-05.png","contentUrl":"https:\/\/wp.ufpel.edu.br\/aeeufpel\/files\/2025\/05\/026_2025_ufpel_marcas_cursos-2025_ind_marco-05.png","width":451,"height":194},{"@type":"BreadcrumbList","@id":"https:\/\/wp.ufpel.edu.br\/aeeufpel\/aperfeicomanento-em-gestao-democratica-a-construcao-da-escola-inclusiva-2025\/#breadcrumb","itemListElement":[{"@type":"ListItem","position":1,"name":"In\u00edcio","item":"https:\/\/wp.ufpel.edu.br\/aeeufpel\/"},{"@type":"ListItem","position":2,"name":"APERFEI\u00c7OMANENTO EM GEST\u00c3O DEMOCR\u00c1TICA: A CONSTRU\u00c7\u00c3O DA ESCOLA INCLUSIVA &#8211; 2025"}]},{"@type":"WebSite","@id":"https:\/\/wp.ufpel.edu.br\/aeeufpel\/#website","url":"https:\/\/wp.ufpel.edu.br\/aeeufpel\/","name":"Forma\u00e7\u00e3o em Servi\u00e7o de Atendimento Educacional Especializado","description":"Universidade Federal de Pelotas - UFPEL","potentialAction":[{"@type":"SearchAction","target":{"@type":"EntryPoint","urlTemplate":"https:\/\/wp.ufpel.edu.br\/aeeufpel\/?s={search_term_string}"},"query-input":{"@type":"PropertyValueSpecification","valueRequired":true,"valueName":"search_term_string"}}],"inLanguage":"pt-BR"}]}},"_links":{"self":[{"href":"https:\/\/wp.ufpel.edu.br\/aeeufpel\/wp-json\/wp\/v2\/pages\/1313","targetHints":{"allow":["GET"]}}],"collection":[{"href":"https:\/\/wp.ufpel.edu.br\/aeeufpel\/wp-json\/wp\/v2\/pages"}],"about":[{"href":"https:\/\/wp.ufpel.edu.br\/aeeufpel\/wp-json\/wp\/v2\/types\/page"}],"author":[{"embeddable":true,"href":"https:\/\/wp.ufpel.edu.br\/aeeufpel\/wp-json\/wp\/v2\/users\/1031"}],"replies":[{"embeddable":true,"href":"https:\/\/wp.ufpel.edu.br\/aeeufpel\/wp-json\/wp\/v2\/comments?post=1313"}],"version-history":[{"count":7,"href":"https:\/\/wp.ufpel.edu.br\/aeeufpel\/wp-json\/wp\/v2\/pages\/1313\/revisions"}],"predecessor-version":[{"id":1376,"href":"https:\/\/wp.ufpel.edu.br\/aeeufpel\/wp-json\/wp\/v2\/pages\/1313\/revisions\/1376"}],"wp:attachment":[{"href":"https:\/\/wp.ufpel.edu.br\/aeeufpel\/wp-json\/wp\/v2\/media?parent=1313"}],"curies":[{"name":"wp","href":"https:\/\/api.w.org\/{rel}","templated":true}]}}