{"id":1307,"date":"2025-05-20T21:05:00","date_gmt":"2025-05-21T00:05:00","guid":{"rendered":"https:\/\/wp.ufpel.edu.br\/aeeufpel\/?page_id=1307"},"modified":"2025-05-30T17:00:47","modified_gmt":"2025-05-30T20:00:47","slug":"aperfeicoamento-em-gestao-da-educacao-especial-na-perspectiva-da-educacao-inclusiva-2025","status":"publish","type":"page","link":"https:\/\/wp.ufpel.edu.br\/aeeufpel\/aperfeicoamento-em-gestao-da-educacao-especial-na-perspectiva-da-educacao-inclusiva-2025\/","title":{"rendered":"APERFEI\u00c7OAMENTO EM GEST\u00c3O DA EDUCA\u00c7\u00c3O ESPECIAL NA PERSPECTIVA DA EDUCA\u00c7\u00c3O INCLUSIVA &#8211; 2025"},"content":{"rendered":"<p><img loading=\"lazy\" decoding=\"async\" class=\"alignnone wp-image-1298\" src=\"https:\/\/wp.ufpel.edu.br\/aeeufpel\/files\/2025\/05\/026_2025_ufpel_marcas_cursos-2025_ind_marco-03-400x190.png\" alt=\"\" width=\"461\" height=\"219\" srcset=\"https:\/\/wp.ufpel.edu.br\/aeeufpel\/files\/2025\/05\/026_2025_ufpel_marcas_cursos-2025_ind_marco-03-400x190.png 400w, https:\/\/wp.ufpel.edu.br\/aeeufpel\/files\/2025\/05\/026_2025_ufpel_marcas_cursos-2025_ind_marco-03.png 456w\" sizes=\"auto, (max-width: 461px) 100vw, 461px\" \/><\/p>\n<p><strong><span style=\"color: #ff0000;\">INSCRI\u00c7\u00d5ES ENCERRADAS<\/span><\/p>\n<p>PER\u00cdODO DO CURSO<\/strong>: Junho a dezembro de 2025<\/p>\n<p><strong>CARGA HOR\u00c1RIA<\/strong>: 180 h\/a<\/p>\n<p><strong>OBJETIVO: <\/strong>Ofertar forma\u00e7\u00e3o continuada para gestores da rede p\u00fablica atuantes na educa\u00e7\u00e3o b\u00e1sica, na \u00e1rea da Gest\u00e3o da Educa\u00e7\u00e3o Especial na Perspectiva Inclusiva, a qual possibilite o planejamento, a constru\u00e7\u00e3o e implementa\u00e7\u00e3o de pr\u00e1ticas educacionais inclusivas.<\/p>\n<p><strong>\u00a0<\/strong><strong>EMENTA: <\/strong>Oportunizar a reflex\u00e3o e o debate sobre as pol\u00edticas p\u00fablicas nacionais para a Gest\u00e3o da Educa\u00e7\u00e3o Especial na perspectiva da Educa\u00e7\u00e3o Inclusiva, analisando os reflexos na organiza\u00e7\u00e3o das escolas para o atendimento \u00e0 diversidade, compreendendo os princ\u00edpios, estrutura\u00e7\u00e3o, funcionamento e pr\u00e1ticas de aprendizagem, sala de recursos multifuncionais e outros apoios a que os alunos p\u00fablico da Educa\u00e7\u00e3o Especial tem direito; Caracterizar o p\u00fablico apoiado pela Educa\u00e7\u00e3o Especial que podem ser atendidos na Sala de Recursos Multifuncionais, capacitando gestores escolares para oferecer suporte adequado \u00e0s necessidades dos respectivos alunos; Compreender os crit\u00e9rios e instrumentos de avalia\u00e7\u00e3o para organiza\u00e7\u00e3o dos planos de atendimento educacional especializado e do planejamento colaborativo Fomentar o uso de tecnologia assistiva e a cria\u00e7\u00e3o de estrat\u00e9gias, recursos e materiais que possibilitem acessibilidade e inclus\u00e3o na perspectiva do Desenho Universal para a Aprendizagem.<\/p>\n","protected":false},"excerpt":{"rendered":"<p>INSCRI\u00c7\u00d5ES ENCERRADAS PER\u00cdODO DO CURSO: Junho a dezembro de 2025 CARGA HOR\u00c1RIA: 180 h\/a OBJETIVO: Ofertar forma\u00e7\u00e3o continuada para gestores da rede p\u00fablica atuantes na educa\u00e7\u00e3o b\u00e1sica, na \u00e1rea da Gest\u00e3o da Educa\u00e7\u00e3o Especial na Perspectiva Inclusiva, a qual possibilite o planejamento, a constru\u00e7\u00e3o e implementa\u00e7\u00e3o de pr\u00e1ticas educacionais inclusivas. \u00a0EMENTA: Oportunizar a reflex\u00e3o e [&hellip;]<\/p>\n","protected":false},"author":1031,"featured_media":0,"parent":0,"menu_order":0,"comment_status":"closed","ping_status":"closed","template":"","meta":{"footnotes":""},"class_list":["post-1307","page","type-page","status-publish","hentry","post"],"yoast_head":"<!-- This site is optimized with the Yoast SEO plugin v26.7 - https:\/\/yoast.com\/wordpress\/plugins\/seo\/ -->\n<title>APERFEI\u00c7OAMENTO EM GEST\u00c3O DA EDUCA\u00c7\u00c3O ESPECIAL NA PERSPECTIVA DA EDUCA\u00c7\u00c3O INCLUSIVA - 2025 - Forma\u00e7\u00e3o em Servi\u00e7o de Atendimento Educacional Especializado<\/title>\n<meta name=\"robots\" content=\"index, follow, max-snippet:-1, max-image-preview:large, max-video-preview:-1\" \/>\n<link rel=\"canonical\" href=\"https:\/\/wp.ufpel.edu.br\/aeeufpel\/aperfeicoamento-em-gestao-da-educacao-especial-na-perspectiva-da-educacao-inclusiva-2025\/\" \/>\n<meta property=\"og:locale\" content=\"pt_BR\" \/>\n<meta property=\"og:type\" content=\"article\" \/>\n<meta property=\"og:title\" content=\"APERFEI\u00c7OAMENTO EM GEST\u00c3O DA EDUCA\u00c7\u00c3O ESPECIAL NA PERSPECTIVA DA EDUCA\u00c7\u00c3O INCLUSIVA - 2025 - Forma\u00e7\u00e3o em Servi\u00e7o de Atendimento Educacional Especializado\" \/>\n<meta property=\"og:description\" content=\"INSCRI\u00c7\u00d5ES ENCERRADAS PER\u00cdODO DO CURSO: Junho a dezembro de 2025 CARGA HOR\u00c1RIA: 180 h\/a OBJETIVO: Ofertar forma\u00e7\u00e3o continuada para gestores da rede p\u00fablica atuantes na educa\u00e7\u00e3o b\u00e1sica, na \u00e1rea da Gest\u00e3o da Educa\u00e7\u00e3o Especial na Perspectiva Inclusiva, a qual possibilite o planejamento, a constru\u00e7\u00e3o e implementa\u00e7\u00e3o de pr\u00e1ticas educacionais inclusivas. \u00a0EMENTA: Oportunizar a reflex\u00e3o e [&hellip;]\" \/>\n<meta property=\"og:url\" content=\"https:\/\/wp.ufpel.edu.br\/aeeufpel\/aperfeicoamento-em-gestao-da-educacao-especial-na-perspectiva-da-educacao-inclusiva-2025\/\" \/>\n<meta property=\"og:site_name\" content=\"Forma\u00e7\u00e3o em Servi\u00e7o de Atendimento Educacional Especializado\" \/>\n<meta property=\"article:modified_time\" content=\"2025-05-30T20:00:47+00:00\" \/>\n<meta property=\"og:image\" content=\"https:\/\/wp.ufpel.edu.br\/aeeufpel\/files\/2025\/05\/026_2025_ufpel_marcas_cursos-2025_ind_marco-03.png\" \/>\n\t<meta property=\"og:image:width\" content=\"456\" \/>\n\t<meta property=\"og:image:height\" content=\"217\" \/>\n\t<meta property=\"og:image:type\" content=\"image\/png\" \/>\n<meta name=\"twitter:card\" content=\"summary_large_image\" \/>\n<meta name=\"twitter:label1\" content=\"Est. tempo de leitura\" \/>\n\t<meta name=\"twitter:data1\" content=\"2 minutos\" \/>\n<script type=\"application\/ld+json\" class=\"yoast-schema-graph\">{\"@context\":\"https:\/\/schema.org\",\"@graph\":[{\"@type\":\"WebPage\",\"@id\":\"https:\/\/wp.ufpel.edu.br\/aeeufpel\/aperfeicoamento-em-gestao-da-educacao-especial-na-perspectiva-da-educacao-inclusiva-2025\/\",\"url\":\"https:\/\/wp.ufpel.edu.br\/aeeufpel\/aperfeicoamento-em-gestao-da-educacao-especial-na-perspectiva-da-educacao-inclusiva-2025\/\",\"name\":\"APERFEI\u00c7OAMENTO EM GEST\u00c3O DA EDUCA\u00c7\u00c3O ESPECIAL NA PERSPECTIVA DA EDUCA\u00c7\u00c3O INCLUSIVA - 2025 - Forma\u00e7\u00e3o em Servi\u00e7o de Atendimento Educacional Especializado\",\"isPartOf\":{\"@id\":\"https:\/\/wp.ufpel.edu.br\/aeeufpel\/#website\"},\"primaryImageOfPage\":{\"@id\":\"https:\/\/wp.ufpel.edu.br\/aeeufpel\/aperfeicoamento-em-gestao-da-educacao-especial-na-perspectiva-da-educacao-inclusiva-2025\/#primaryimage\"},\"image\":{\"@id\":\"https:\/\/wp.ufpel.edu.br\/aeeufpel\/aperfeicoamento-em-gestao-da-educacao-especial-na-perspectiva-da-educacao-inclusiva-2025\/#primaryimage\"},\"thumbnailUrl\":\"https:\/\/wp.ufpel.edu.br\/aeeufpel\/files\/2025\/05\/026_2025_ufpel_marcas_cursos-2025_ind_marco-03-400x190.png\",\"datePublished\":\"2025-05-21T00:05:00+00:00\",\"dateModified\":\"2025-05-30T20:00:47+00:00\",\"breadcrumb\":{\"@id\":\"https:\/\/wp.ufpel.edu.br\/aeeufpel\/aperfeicoamento-em-gestao-da-educacao-especial-na-perspectiva-da-educacao-inclusiva-2025\/#breadcrumb\"},\"inLanguage\":\"pt-BR\",\"potentialAction\":[{\"@type\":\"ReadAction\",\"target\":[\"https:\/\/wp.ufpel.edu.br\/aeeufpel\/aperfeicoamento-em-gestao-da-educacao-especial-na-perspectiva-da-educacao-inclusiva-2025\/\"]}]},{\"@type\":\"ImageObject\",\"inLanguage\":\"pt-BR\",\"@id\":\"https:\/\/wp.ufpel.edu.br\/aeeufpel\/aperfeicoamento-em-gestao-da-educacao-especial-na-perspectiva-da-educacao-inclusiva-2025\/#primaryimage\",\"url\":\"https:\/\/wp.ufpel.edu.br\/aeeufpel\/files\/2025\/05\/026_2025_ufpel_marcas_cursos-2025_ind_marco-03.png\",\"contentUrl\":\"https:\/\/wp.ufpel.edu.br\/aeeufpel\/files\/2025\/05\/026_2025_ufpel_marcas_cursos-2025_ind_marco-03.png\",\"width\":456,\"height\":217},{\"@type\":\"BreadcrumbList\",\"@id\":\"https:\/\/wp.ufpel.edu.br\/aeeufpel\/aperfeicoamento-em-gestao-da-educacao-especial-na-perspectiva-da-educacao-inclusiva-2025\/#breadcrumb\",\"itemListElement\":[{\"@type\":\"ListItem\",\"position\":1,\"name\":\"In\u00edcio\",\"item\":\"https:\/\/wp.ufpel.edu.br\/aeeufpel\/\"},{\"@type\":\"ListItem\",\"position\":2,\"name\":\"APERFEI\u00c7OAMENTO EM GEST\u00c3O DA EDUCA\u00c7\u00c3O ESPECIAL NA PERSPECTIVA DA EDUCA\u00c7\u00c3O INCLUSIVA &#8211; 2025\"}]},{\"@type\":\"WebSite\",\"@id\":\"https:\/\/wp.ufpel.edu.br\/aeeufpel\/#website\",\"url\":\"https:\/\/wp.ufpel.edu.br\/aeeufpel\/\",\"name\":\"Forma\u00e7\u00e3o em Servi\u00e7o de Atendimento Educacional Especializado\",\"description\":\"Universidade Federal de Pelotas - UFPEL\",\"potentialAction\":[{\"@type\":\"SearchAction\",\"target\":{\"@type\":\"EntryPoint\",\"urlTemplate\":\"https:\/\/wp.ufpel.edu.br\/aeeufpel\/?s={search_term_string}\"},\"query-input\":{\"@type\":\"PropertyValueSpecification\",\"valueRequired\":true,\"valueName\":\"search_term_string\"}}],\"inLanguage\":\"pt-BR\"}]}<\/script>\n<!-- \/ Yoast SEO plugin. -->","yoast_head_json":{"title":"APERFEI\u00c7OAMENTO EM GEST\u00c3O DA EDUCA\u00c7\u00c3O ESPECIAL NA PERSPECTIVA DA EDUCA\u00c7\u00c3O INCLUSIVA - 2025 - Forma\u00e7\u00e3o em Servi\u00e7o de Atendimento Educacional Especializado","robots":{"index":"index","follow":"follow","max-snippet":"max-snippet:-1","max-image-preview":"max-image-preview:large","max-video-preview":"max-video-preview:-1"},"canonical":"https:\/\/wp.ufpel.edu.br\/aeeufpel\/aperfeicoamento-em-gestao-da-educacao-especial-na-perspectiva-da-educacao-inclusiva-2025\/","og_locale":"pt_BR","og_type":"article","og_title":"APERFEI\u00c7OAMENTO EM GEST\u00c3O DA EDUCA\u00c7\u00c3O ESPECIAL NA PERSPECTIVA DA EDUCA\u00c7\u00c3O INCLUSIVA - 2025 - Forma\u00e7\u00e3o em Servi\u00e7o de Atendimento Educacional Especializado","og_description":"INSCRI\u00c7\u00d5ES ENCERRADAS PER\u00cdODO DO CURSO: Junho a dezembro de 2025 CARGA HOR\u00c1RIA: 180 h\/a OBJETIVO: Ofertar forma\u00e7\u00e3o continuada para gestores da rede p\u00fablica atuantes na educa\u00e7\u00e3o b\u00e1sica, na \u00e1rea da Gest\u00e3o da Educa\u00e7\u00e3o Especial na Perspectiva Inclusiva, a qual possibilite o planejamento, a constru\u00e7\u00e3o e implementa\u00e7\u00e3o de pr\u00e1ticas educacionais inclusivas. \u00a0EMENTA: Oportunizar a reflex\u00e3o e [&hellip;]","og_url":"https:\/\/wp.ufpel.edu.br\/aeeufpel\/aperfeicoamento-em-gestao-da-educacao-especial-na-perspectiva-da-educacao-inclusiva-2025\/","og_site_name":"Forma\u00e7\u00e3o em Servi\u00e7o de Atendimento Educacional Especializado","article_modified_time":"2025-05-30T20:00:47+00:00","og_image":[{"width":456,"height":217,"url":"https:\/\/wp.ufpel.edu.br\/aeeufpel\/files\/2025\/05\/026_2025_ufpel_marcas_cursos-2025_ind_marco-03.png","type":"image\/png"}],"twitter_card":"summary_large_image","twitter_misc":{"Est. tempo de leitura":"2 minutos"},"schema":{"@context":"https:\/\/schema.org","@graph":[{"@type":"WebPage","@id":"https:\/\/wp.ufpel.edu.br\/aeeufpel\/aperfeicoamento-em-gestao-da-educacao-especial-na-perspectiva-da-educacao-inclusiva-2025\/","url":"https:\/\/wp.ufpel.edu.br\/aeeufpel\/aperfeicoamento-em-gestao-da-educacao-especial-na-perspectiva-da-educacao-inclusiva-2025\/","name":"APERFEI\u00c7OAMENTO EM GEST\u00c3O DA EDUCA\u00c7\u00c3O ESPECIAL NA PERSPECTIVA DA EDUCA\u00c7\u00c3O INCLUSIVA - 2025 - Forma\u00e7\u00e3o em Servi\u00e7o de Atendimento Educacional Especializado","isPartOf":{"@id":"https:\/\/wp.ufpel.edu.br\/aeeufpel\/#website"},"primaryImageOfPage":{"@id":"https:\/\/wp.ufpel.edu.br\/aeeufpel\/aperfeicoamento-em-gestao-da-educacao-especial-na-perspectiva-da-educacao-inclusiva-2025\/#primaryimage"},"image":{"@id":"https:\/\/wp.ufpel.edu.br\/aeeufpel\/aperfeicoamento-em-gestao-da-educacao-especial-na-perspectiva-da-educacao-inclusiva-2025\/#primaryimage"},"thumbnailUrl":"https:\/\/wp.ufpel.edu.br\/aeeufpel\/files\/2025\/05\/026_2025_ufpel_marcas_cursos-2025_ind_marco-03-400x190.png","datePublished":"2025-05-21T00:05:00+00:00","dateModified":"2025-05-30T20:00:47+00:00","breadcrumb":{"@id":"https:\/\/wp.ufpel.edu.br\/aeeufpel\/aperfeicoamento-em-gestao-da-educacao-especial-na-perspectiva-da-educacao-inclusiva-2025\/#breadcrumb"},"inLanguage":"pt-BR","potentialAction":[{"@type":"ReadAction","target":["https:\/\/wp.ufpel.edu.br\/aeeufpel\/aperfeicoamento-em-gestao-da-educacao-especial-na-perspectiva-da-educacao-inclusiva-2025\/"]}]},{"@type":"ImageObject","inLanguage":"pt-BR","@id":"https:\/\/wp.ufpel.edu.br\/aeeufpel\/aperfeicoamento-em-gestao-da-educacao-especial-na-perspectiva-da-educacao-inclusiva-2025\/#primaryimage","url":"https:\/\/wp.ufpel.edu.br\/aeeufpel\/files\/2025\/05\/026_2025_ufpel_marcas_cursos-2025_ind_marco-03.png","contentUrl":"https:\/\/wp.ufpel.edu.br\/aeeufpel\/files\/2025\/05\/026_2025_ufpel_marcas_cursos-2025_ind_marco-03.png","width":456,"height":217},{"@type":"BreadcrumbList","@id":"https:\/\/wp.ufpel.edu.br\/aeeufpel\/aperfeicoamento-em-gestao-da-educacao-especial-na-perspectiva-da-educacao-inclusiva-2025\/#breadcrumb","itemListElement":[{"@type":"ListItem","position":1,"name":"In\u00edcio","item":"https:\/\/wp.ufpel.edu.br\/aeeufpel\/"},{"@type":"ListItem","position":2,"name":"APERFEI\u00c7OAMENTO EM GEST\u00c3O DA EDUCA\u00c7\u00c3O ESPECIAL NA PERSPECTIVA DA EDUCA\u00c7\u00c3O INCLUSIVA &#8211; 2025"}]},{"@type":"WebSite","@id":"https:\/\/wp.ufpel.edu.br\/aeeufpel\/#website","url":"https:\/\/wp.ufpel.edu.br\/aeeufpel\/","name":"Forma\u00e7\u00e3o em Servi\u00e7o de Atendimento Educacional Especializado","description":"Universidade Federal de Pelotas - UFPEL","potentialAction":[{"@type":"SearchAction","target":{"@type":"EntryPoint","urlTemplate":"https:\/\/wp.ufpel.edu.br\/aeeufpel\/?s={search_term_string}"},"query-input":{"@type":"PropertyValueSpecification","valueRequired":true,"valueName":"search_term_string"}}],"inLanguage":"pt-BR"}]}},"_links":{"self":[{"href":"https:\/\/wp.ufpel.edu.br\/aeeufpel\/wp-json\/wp\/v2\/pages\/1307","targetHints":{"allow":["GET"]}}],"collection":[{"href":"https:\/\/wp.ufpel.edu.br\/aeeufpel\/wp-json\/wp\/v2\/pages"}],"about":[{"href":"https:\/\/wp.ufpel.edu.br\/aeeufpel\/wp-json\/wp\/v2\/types\/page"}],"author":[{"embeddable":true,"href":"https:\/\/wp.ufpel.edu.br\/aeeufpel\/wp-json\/wp\/v2\/users\/1031"}],"replies":[{"embeddable":true,"href":"https:\/\/wp.ufpel.edu.br\/aeeufpel\/wp-json\/wp\/v2\/comments?post=1307"}],"version-history":[{"count":4,"href":"https:\/\/wp.ufpel.edu.br\/aeeufpel\/wp-json\/wp\/v2\/pages\/1307\/revisions"}],"predecessor-version":[{"id":1352,"href":"https:\/\/wp.ufpel.edu.br\/aeeufpel\/wp-json\/wp\/v2\/pages\/1307\/revisions\/1352"}],"wp:attachment":[{"href":"https:\/\/wp.ufpel.edu.br\/aeeufpel\/wp-json\/wp\/v2\/media?parent=1307"}],"curies":[{"name":"wp","href":"https:\/\/api.w.org\/{rel}","templated":true}]}}