{"id":120,"date":"2020-07-15T12:32:13","date_gmt":"2020-07-15T15:32:13","guid":{"rendered":"https:\/\/wp.ufpel.edu.br\/aeeufpel\/?page_id=120"},"modified":"2026-02-24T10:21:33","modified_gmt":"2026-02-24T13:21:33","slug":"pagina-inicial","status":"publish","type":"page","link":"https:\/\/wp.ufpel.edu.br\/aeeufpel\/","title":{"rendered":"P\u00e1gina Inicial"},"content":{"rendered":"<div id=\"pl-120\"  class=\"panel-layout\" ><div id=\"pg-120-0\"  class=\"panel-grid panel-has-style\" ><div class=\"wide-grey panel-row-style panel-row-style-for-120-0\" ><div id=\"pgc-120-0-0\"  class=\"panel-grid-cell\" ><div id=\"panel-120-0-0-0\" class=\"so-panel widget widget_media_image panel-first-child\" data-index=\"0\" ><a href=\"https:\/\/wp.ufpel.edu.br\/aeeufpel\/2026-2\/\"><img loading=\"lazy\" decoding=\"async\" width=\"480\" height=\"600\" src=\"https:\/\/wp.ufpel.edu.br\/aeeufpel\/files\/2026\/02\/014_2026_ufpel_card_abertura-inscricoes_1080x1350px_fevereiro-Medio-Pequeno.png\" class=\"image wp-image-1405  attachment-full size-full\" alt=\"Descri\u00e7\u00e3o da imagem#ParaTodosVerem: Banner informativo fundo cinza mescla com branco e elementos gr\u00e1ficos nas cores azul e verde nas bordas e texto escrito com letras coloridas. Na barra superior est\u00e1 escrito Cursos 2026: ATEN\u00c7\u00c3O PARA O PER\u00cdODO DE INSCRI\u00c7\u00d5ES! Agrupados no centro do banner est\u00e3o os logos dos Cursos: Curso de Extens\u00e3o em Atendimento Educacional Especializado e o Trabalho Colaborativo do Programa de Interven\u00e7\u00e3o Precoce na Inf\u00e2ncia 2026 ProAPI; Curso de Extens\u00e3o em Gest\u00e3o do Sistema do Programa de Aten\u00e7\u00e3o Precoce na Inf\u00e2ncia 2026 ProAPI. INSCRI\u00c7\u00d5ES: 23\/02 a 07\/03\/26.Abaixo \u00e0 esquerda o logo da Audiodescri\u00e7\u00e3o e o QRCode de acesso a AD do banner. An\u00e1lise da Documenta\u00e7\u00e3o 7 a 15\/03\/26; Divulga\u00e7\u00e3o dos resultados e in\u00edcio do curso 16\/03\/26. No rodap\u00e9 do banner est\u00e1 escrito: Acompanhe as informa\u00e7\u00f5es em: wp.ufpel.edu.br\/aeeufpel .Abaixo est\u00e3o os logos: Escudo da UFPEL;logo do NEPCA N\u00facleo de Estudos e Pesquisas em Cogni\u00e7\u00e3o e Aprendizagem; logo do ProAPI Programa de Aten\u00e7\u00e3o Precoce na Inf\u00e2ncia; Minist\u00e9rio da Educa\u00e7\u00e3o; Governo do BRASIL do Lado do Povo brasileiro.Fim da descri\u00e7\u00e3o.\" style=\"max-width: 100%; height: auto;\" srcset=\"https:\/\/wp.ufpel.edu.br\/aeeufpel\/files\/2026\/02\/014_2026_ufpel_card_abertura-inscricoes_1080x1350px_fevereiro-Medio-Pequeno.png 480w, https:\/\/wp.ufpel.edu.br\/aeeufpel\/files\/2026\/02\/014_2026_ufpel_card_abertura-inscricoes_1080x1350px_fevereiro-Medio-Pequeno-320x400.png 320w\" sizes=\"auto, (max-width: 480px) 100vw, 480px\" \/><\/a><\/div><div id=\"panel-120-0-0-1\" class=\"so-panel widget widget_sow-button\" data-index=\"1\" ><div\n\t\t\t\n\t\t\tclass=\"so-widget-sow-button so-widget-sow-button-flat-68917d419298-120\"\n\t\t\t\n\t\t><div class=\"ow-button-base ow-button-align-center\"\n>\n\t\t\t<a\n\t\t\t\t\thref=\"https:\/\/wp.ufpel.edu.br\/aeeufpel\/2026-2\/\"\n\t\t\t\t\tclass=\"sowb-button ow-icon-placement-left ow-button-hover\" \t>\n\t\t<span>\n\t\t\t\n\t\t\tForma\u00e7\u00f5es para as redes integrantes do ProAPI. Interessados devem entrar em contato pelo e-mail: coordenacaocursosaee@gmail.com\t\t<\/span>\n\t\t\t<\/a>\n\t<\/div>\n<\/div><\/div><div id=\"panel-120-0-0-2\" class=\"so-panel widget widget_siteorigin-panels-postloop\" data-index=\"2\" ><h3 class=\"widget-title\"><span class=\"vantage-carousel-title\"><span class=\"vantage-carousel-title-text\">Not\u00edcias<\/span><a href=\"#\" class=\"next\" title=\"Pr\u00f3ximo\"><span class=\"vantage-icon-arrow-right\"><\/span><\/a><a href=\"#\" class=\"previous\" title=\"Anterior\"><span class=\"vantage-icon-arrow-left\"><\/span><\/a><\/span><\/h3><div class=\"vantage-carousel-wrapper\">\n\t\n\t<ul\n\t\tclass=\"vantage-carousel\"\n\t\tdata-query=\"{&quot;post_status&quot;:&quot;publish&quot;,&quot;posts_per_page&quot;:10,&quot;post_type&quot;:&quot;post&quot;,&quot;date_type&quot;:&quot;specific&quot;,&quot;date_query&quot;:{&quot;after&quot;:&quot;&quot;,&quot;before&quot;:&quot;&quot;,&quot;inclusive&quot;:true},&quot;date_query_relative&quot;:&quot;{\\&quot;from\\&quot;:{\\&quot;value\\&quot;:0,\\&quot;unit\\&quot;:\\&quot;days\\&quot;},\\&quot;to\\&quot;:{\\&quot;value\\&quot;:0,\\&quot;unit\\&quot;:\\&quot;days\\&quot;}}&quot;,&quot;orderby&quot;:&quot;date&quot;,&quot;order&quot;:&quot;DESC&quot;,&quot;post__not_in&quot;:[120,120],&quot;paged&quot;:1,&quot;fields&quot;:&quot;all&quot;,&quot;lazy_load_term_meta&quot;:true}\"\n\t\tdata-ajax-url=\"https:\/\/wp.ufpel.edu.br\/aeeufpel\/wp-admin\/admin-ajax.php?vantage_carousel_nonce=f9beb21c58\"\n\t>\n\t\t\t\t\t<li class=\"carousel-entry\">\n\t\t\t\t<div class=\"thumbnail\">\n\t\t\t\t\t\t\t\t\t\t\t<a href=\"https:\/\/wp.ufpel.edu.br\/aeeufpel\/2025\/05\/30\/inscricoes-prorrogadas-curso-de-aperfeicoamento-em-gestao-democratica-a-construcao-da-escola-inclusiva\/\" style=\"background-image: url(https:\/\/wp.ufpel.edu.br\/aeeufpel\/files\/2025\/05\/prorrog-demo_Prancheta-1-272x182.png)\">\n\t\t\t\t\t\t<\/a>\n\t\t\t\t\t\t\t\t\t<\/div>\n\t\t\t\t\t\t\t\t<h3><a href=\"https:\/\/wp.ufpel.edu.br\/aeeufpel\/2025\/05\/30\/inscricoes-prorrogadas-curso-de-aperfeicoamento-em-gestao-democratica-a-construcao-da-escola-inclusiva\/\">Inscri\u00e7\u00f5es Prorrogadas \u2013 Curso de Aperfei\u00e7oamento em Gest\u00e3o Democr\u00e1tica: A Constru\u00e7\u00e3o da Escola Inclusiva<\/a><\/h3>\n\t\t\t<\/li>\n\t\t\t\t\t<li class=\"carousel-entry\">\n\t\t\t\t<div class=\"thumbnail\">\n\t\t\t\t\t\t\t\t\t\t\t<a href=\"https:\/\/wp.ufpel.edu.br\/aeeufpel\/2025\/05\/20\/ufpel-abre-inscricoes-para-tres-cursos-gratuitos-na-area-da-educacao-inclusiva\/\" style=\"background-image: url(https:\/\/wp.ufpel.edu.br\/aeeufpel\/files\/2025\/05\/abertura-3-cursos-1-272x182.png)\">\n\t\t\t\t\t\t<\/a>\n\t\t\t\t\t\t\t\t\t<\/div>\n\t\t\t\t\t\t\t\t<h3><a href=\"https:\/\/wp.ufpel.edu.br\/aeeufpel\/2025\/05\/20\/ufpel-abre-inscricoes-para-tres-cursos-gratuitos-na-area-da-educacao-inclusiva\/\">UFPEL abre inscri\u00e7\u00f5es para tr\u00eas cursos gratuitos na \u00e1rea da Educa\u00e7\u00e3o Inclusiva<\/a><\/h3>\n\t\t\t<\/li>\n\t\t\t\t\t<li class=\"carousel-entry\">\n\t\t\t\t<div class=\"thumbnail\">\n\t\t\t\t\t\t\t\t\t\t\t<a href=\"https:\/\/wp.ufpel.edu.br\/aeeufpel\/2025\/05\/16\/ufpel-abre-inscricoes-para-curso-gratuito-em-gestao-da-educacao-especial-na-perspectiva-inclusiva\/\" style=\"background-image: url(https:\/\/wp.ufpel.edu.br\/aeeufpel\/files\/2025\/05\/IMAGEM-INSC-CURSO-GESTAO-272x182.png)\">\n\t\t\t\t\t\t<\/a>\n\t\t\t\t\t\t\t\t\t<\/div>\n\t\t\t\t\t\t\t\t<h3><a href=\"https:\/\/wp.ufpel.edu.br\/aeeufpel\/2025\/05\/16\/ufpel-abre-inscricoes-para-curso-gratuito-em-gestao-da-educacao-especial-na-perspectiva-inclusiva\/\">UFPEL abre inscri\u00e7\u00f5es para curso gratuito em Gest\u00e3o da Educa\u00e7\u00e3o Especial na Perspectiva Inclusiva<\/a><\/h3>\n\t\t\t<\/li>\n\t\t\t\t\t<li class=\"carousel-entry\">\n\t\t\t\t<div class=\"thumbnail\">\n\t\t\t\t\t\t\t\t\t\t\t<a href=\"https:\/\/wp.ufpel.edu.br\/aeeufpel\/2023\/05\/03\/selecao-para-curso-de-aperfeicoamento-em-intervencao-precoce-na-infancia-modalidade-ead-renafor\/\" style=\"background-image: url(https:\/\/wp.ufpel.edu.br\/aeeufpel\/files\/2023\/05\/EDITAL-2023-272x182.png)\">\n\t\t\t\t\t\t<\/a>\n\t\t\t\t\t\t\t\t\t<\/div>\n\t\t\t\t\t\t\t\t<h3><a href=\"https:\/\/wp.ufpel.edu.br\/aeeufpel\/2023\/05\/03\/selecao-para-curso-de-aperfeicoamento-em-intervencao-precoce-na-infancia-modalidade-ead-renafor\/\">Sele\u00e7\u00e3o para Curso de Aperfei\u00e7oamento em Interven\u00e7\u00e3o Precoce na Inf\u00e2ncia \u2013 modalidade EaD (RENAFOR)<\/a><\/h3>\n\t\t\t<\/li>\n\t\t\t\t\t<li class=\"carousel-entry\">\n\t\t\t\t<div class=\"thumbnail\">\n\t\t\t\t\t\t\t\t\t\t\t<a href=\"https:\/\/wp.ufpel.edu.br\/aeeufpel\/2022\/06\/04\/abertos-3-novos-cursos-em-aee-ano-de-2022\/\" style=\"background-image: url(https:\/\/wp.ufpel.edu.br\/aeeufpel\/files\/2022\/06\/01-272x182.jpg)\">\n\t\t\t\t\t\t<\/a>\n\t\t\t\t\t\t\t\t\t<\/div>\n\t\t\t\t\t\t\t\t<h3><a href=\"https:\/\/wp.ufpel.edu.br\/aeeufpel\/2022\/06\/04\/abertos-3-novos-cursos-em-aee-ano-de-2022\/\">Abertos 3 novos Cursos em AEE ano de 2022<\/a><\/h3>\n\t\t\t<\/li>\n\t\t\t\t\t<li class=\"carousel-entry\">\n\t\t\t\t<div class=\"thumbnail\">\n\t\t\t\t\t\t\t\t\t\t\t<a href=\"https:\/\/wp.ufpel.edu.br\/aeeufpel\/2022\/05\/25\/lista-de-homologados-dos-primeiros-cursos-de-aee-e-publicada\/\" style=\"background-image: url(https:\/\/wp.ufpel.edu.br\/aeeufpel\/files\/2022\/05\/Sem-titulo-272x182.png)\">\n\t\t\t\t\t\t<\/a>\n\t\t\t\t\t\t\t\t\t<\/div>\n\t\t\t\t\t\t\t\t<h3><a href=\"https:\/\/wp.ufpel.edu.br\/aeeufpel\/2022\/05\/25\/lista-de-homologados-dos-primeiros-cursos-de-aee-e-publicada\/\">Lista de homologados dos primeiros cursos de AEE \u00e9 publicada<\/a><\/h3>\n\t\t\t<\/li>\n\t\t\t\t\t<li class=\"carousel-entry\">\n\t\t\t\t<div class=\"thumbnail\">\n\t\t\t\t\t\t\t\t\t\t\t<a href=\"https:\/\/wp.ufpel.edu.br\/aeeufpel\/2021\/09\/04\/aee-no-contexto-da-pandemia\/\" style=\"background-image: url(https:\/\/wp.ufpel.edu.br\/aeeufpel\/files\/2021\/09\/dbbc288c-e451-4547-80a9-708dabefdf38-400x257-1-272x182.jpg)\">\n\t\t\t\t\t\t<\/a>\n\t\t\t\t\t\t\t\t\t<\/div>\n\t\t\t\t\t\t\t\t<h3><a href=\"https:\/\/wp.ufpel.edu.br\/aeeufpel\/2021\/09\/04\/aee-no-contexto-da-pandemia\/\">AEE no contexto da pandemia<\/a><\/h3>\n\t\t\t<\/li>\n\t\t\t\t\t<li class=\"carousel-entry\">\n\t\t\t\t<div class=\"thumbnail\">\n\t\t\t\t\t\t\t\t\t\t\t<a href=\"https:\/\/wp.ufpel.edu.br\/aeeufpel\/2021\/08\/19\/inscricoes-esgotadas-para-os-cursos-2021\/\" style=\"background-image: url(https:\/\/wp.ufpel.edu.br\/aeeufpel\/files\/2021\/08\/Sem-titulo-4_Prancheta-1-272x182.png)\">\n\t\t\t\t\t\t<\/a>\n\t\t\t\t\t\t\t\t\t<\/div>\n\t\t\t\t\t\t\t\t<h3><a href=\"https:\/\/wp.ufpel.edu.br\/aeeufpel\/2021\/08\/19\/inscricoes-esgotadas-para-os-cursos-2021\/\">Inscri\u00e7\u00f5es esgotadas para os cursos 2021<\/a><\/h3>\n\t\t\t<\/li>\n\t\t\t\t\t<li class=\"carousel-entry\">\n\t\t\t\t<div class=\"thumbnail\">\n\t\t\t\t\t\t\t\t\t\t\t<a href=\"https:\/\/wp.ufpel.edu.br\/aeeufpel\/2021\/07\/31\/inscricoes-para-os-tres-cursos-de-aperfeicoamento-serao-abertas-neste-domingo-dia-1o\/\" style=\"background-image: url(https:\/\/wp.ufpel.edu.br\/aeeufpel\/files\/2021\/07\/0262_2021_ufpel_card_cursos-aee-2021_600x600px_julho_Prancheta-1-copia-8-1-272x182.png)\">\n\t\t\t\t\t\t<\/a>\n\t\t\t\t\t\t\t\t\t<\/div>\n\t\t\t\t\t\t\t\t<h3><a href=\"https:\/\/wp.ufpel.edu.br\/aeeufpel\/2021\/07\/31\/inscricoes-para-os-tres-cursos-de-aperfeicoamento-serao-abertas-neste-domingo-dia-1o\/\">Inscri\u00e7\u00f5es para os tr\u00eas cursos de aperfei\u00e7oamento abrem neste domingo, dia 1\u00ba<\/a><\/h3>\n\t\t\t<\/li>\n\t\t\t\t\t<li class=\"carousel-entry\">\n\t\t\t\t<div class=\"thumbnail\">\n\t\t\t\t\t\t\t\t\t\t\t<a href=\"https:\/\/wp.ufpel.edu.br\/aeeufpel\/2021\/01\/16\/formacao-para-tutores-dos-cursos-de-aperfeicoamento-em-aee-da-ufpel\/\" style=\"background-image: url(https:\/\/wp.ufpel.edu.br\/aeeufpel\/files\/2021\/01\/WhatsApp-Image-2021-01-15-at-12.08.22-272x182.jpeg)\">\n\t\t\t\t\t\t<\/a>\n\t\t\t\t\t\t\t\t\t<\/div>\n\t\t\t\t\t\t\t\t<h3><a href=\"https:\/\/wp.ufpel.edu.br\/aeeufpel\/2021\/01\/16\/formacao-para-tutores-dos-cursos-de-aperfeicoamento-em-aee-da-ufpel\/\">Forma\u00e7\u00e3o para tutores dos cursos de aperfei\u00e7oamento em AEE da UFPEL<\/a><\/h3>\n\t\t\t<\/li>\n\t\t\t<\/ul>\n<\/div>\n<\/div><div id=\"panel-120-0-0-3\" class=\"so-panel widget widget_media_image\" data-index=\"3\" ><a href=\"https:\/\/estudiobrio.com.br\/ufpel\/\"><img loading=\"lazy\" decoding=\"async\" width=\"1250\" height=\"625\" src=\"https:\/\/wp.ufpel.edu.br\/aeeufpel\/files\/2023\/03\/banner-editora-estudio-brio.png\" class=\"image wp-image-909  attachment-full size-full\" alt=\"\" style=\"max-width: 100%; height: auto;\" srcset=\"https:\/\/wp.ufpel.edu.br\/aeeufpel\/files\/2023\/03\/banner-editora-estudio-brio.png 1250w, https:\/\/wp.ufpel.edu.br\/aeeufpel\/files\/2023\/03\/banner-editora-estudio-brio-400x200.png 400w, https:\/\/wp.ufpel.edu.br\/aeeufpel\/files\/2023\/03\/banner-editora-estudio-brio-1024x512.png 1024w, https:\/\/wp.ufpel.edu.br\/aeeufpel\/files\/2023\/03\/banner-editora-estudio-brio-768x384.png 768w, https:\/\/wp.ufpel.edu.br\/aeeufpel\/files\/2023\/03\/banner-editora-estudio-brio-960x480.png 960w\" sizes=\"auto, (max-width: 1250px) 100vw, 1250px\" \/><\/a><\/div><div id=\"panel-120-0-0-6\" class=\"so-panel widget widget_sow-button\" data-index=\"6\" ><div\n\t\t\t\n\t\t\tclass=\"so-widget-sow-button so-widget-sow-button-flat-1e520deaaef8-382\"\n\t\t\t\n\t\t><div class=\"ow-button-base ow-button-align-center\"\n>\n\t\t\t<a\n\t\t\t\tclass=\"sowb-button ow-icon-placement-left ow-button-hover\" \t>\n\t\t<span>\n\t\t\t\n\t\t\t\t\t<\/span>\n\t\t\t<\/a>\n\t<\/div>\n<\/div><\/div><div id=\"panel-120-0-0-7\" class=\"so-panel widget widget_block panel-last-child\" data-index=\"7\" ><\/div><\/div><\/div><\/div><div id=\"pg-120-1\"  class=\"panel-grid panel-no-style\" ><div id=\"pgc-120-1-0\"  class=\"panel-grid-cell\" ><div id=\"panel-120-1-0-0\" class=\"so-panel widget widget_media_image panel-first-child\" data-index=\"8\" ><img loading=\"lazy\" decoding=\"async\" width=\"4984\" height=\"818\" src=\"https:\/\/wp.ufpel.edu.br\/aeeufpel\/files\/2024\/06\/logos-topo_Prancheta-1.png\" class=\"image wp-image-1200  attachment-full size-full\" alt=\"\" style=\"max-width: 100%; height: auto;\" srcset=\"https:\/\/wp.ufpel.edu.br\/aeeufpel\/files\/2024\/06\/logos-topo_Prancheta-1.png 4984w, https:\/\/wp.ufpel.edu.br\/aeeufpel\/files\/2024\/06\/logos-topo_Prancheta-1-400x66.png 400w, https:\/\/wp.ufpel.edu.br\/aeeufpel\/files\/2024\/06\/logos-topo_Prancheta-1-1024x168.png 1024w, https:\/\/wp.ufpel.edu.br\/aeeufpel\/files\/2024\/06\/logos-topo_Prancheta-1-768x126.png 768w, https:\/\/wp.ufpel.edu.br\/aeeufpel\/files\/2024\/06\/logos-topo_Prancheta-1-1536x252.png 1536w, https:\/\/wp.ufpel.edu.br\/aeeufpel\/files\/2024\/06\/logos-topo_Prancheta-1-2048x336.png 2048w\" sizes=\"auto, (max-width: 4984px) 100vw, 4984px\" \/><\/div><div id=\"panel-120-1-0-1\" class=\"so-panel widget widget_vantage-social-media panel-last-child\" data-index=\"9\" ><h3 class=\"widget-title\">Curta nossa p\u00e1gina no Facebook<\/h3>\t\t\t\t<a\n\t\t\t\t\tclass=\"social-media-icon social-media-icon-facebook social-media-icon-size-medium\"\n\t\t\t\t\thref=\"https:\/\/www.facebook.com\/cursosaeeufpel\/\"\n\t\t\t\t\ttitle=\"Forma\u00e7\u00e3o em Servi\u00e7o de Atendimento Educacional Especializado Facebook\"\n\t\t\t\t\t\t\t\t\t>\n\t\t\t\t\t<span class=\"fa fa-facebook\"><\/span>\t\t\t\t<\/a>\n\t\t\t\t<\/div><\/div><\/div><\/div>","protected":false},"excerpt":{"rendered":"","protected":false},"author":1031,"featured_media":0,"parent":0,"menu_order":0,"comment_status":"closed","ping_status":"closed","template":"home-panels.php","meta":{"footnotes":""},"class_list":["post-120","page","type-page","status-publish","hentry","post","post-with-thumbnail","post-with-thumbnail-large"],"yoast_head":"<!-- This site is optimized with the Yoast SEO plugin v26.7 - https:\/\/yoast.com\/wordpress\/plugins\/seo\/ -->\n<title>P\u00e1gina Inicial - Forma\u00e7\u00e3o em Servi\u00e7o de Atendimento Educacional Especializado<\/title>\n<meta name=\"robots\" content=\"index, follow, max-snippet:-1, max-image-preview:large, max-video-preview:-1\" \/>\n<link rel=\"canonical\" href=\"https:\/\/wp.ufpel.edu.br\/aeeufpel\/\" \/>\n<meta property=\"og:locale\" content=\"pt_BR\" \/>\n<meta property=\"og:type\" content=\"article\" \/>\n<meta property=\"og:title\" content=\"P\u00e1gina Inicial - Forma\u00e7\u00e3o em Servi\u00e7o de Atendimento Educacional Especializado\" \/>\n<meta property=\"og:url\" content=\"https:\/\/wp.ufpel.edu.br\/aeeufpel\/\" \/>\n<meta property=\"og:site_name\" content=\"Forma\u00e7\u00e3o em Servi\u00e7o de Atendimento Educacional Especializado\" \/>\n<meta property=\"article:modified_time\" content=\"2026-02-24T13:21:33+00:00\" \/>\n<meta name=\"twitter:card\" content=\"summary_large_image\" \/>\n<meta name=\"twitter:label1\" content=\"Est. tempo de leitura\" \/>\n\t<meta name=\"twitter:data1\" content=\"1 minuto\" \/>\n<script type=\"application\/ld+json\" class=\"yoast-schema-graph\">{\"@context\":\"https:\/\/schema.org\",\"@graph\":[{\"@type\":\"WebPage\",\"@id\":\"https:\/\/wp.ufpel.edu.br\/aeeufpel\/\",\"url\":\"https:\/\/wp.ufpel.edu.br\/aeeufpel\/\",\"name\":\"P\u00e1gina Inicial - Forma\u00e7\u00e3o em Servi\u00e7o de Atendimento Educacional Especializado\",\"isPartOf\":{\"@id\":\"https:\/\/wp.ufpel.edu.br\/aeeufpel\/#website\"},\"datePublished\":\"2020-07-15T15:32:13+00:00\",\"dateModified\":\"2026-02-24T13:21:33+00:00\",\"breadcrumb\":{\"@id\":\"https:\/\/wp.ufpel.edu.br\/aeeufpel\/#breadcrumb\"},\"inLanguage\":\"pt-BR\",\"potentialAction\":[{\"@type\":\"ReadAction\",\"target\":[\"https:\/\/wp.ufpel.edu.br\/aeeufpel\/\"]}]},{\"@type\":\"BreadcrumbList\",\"@id\":\"https:\/\/wp.ufpel.edu.br\/aeeufpel\/#breadcrumb\",\"itemListElement\":[{\"@type\":\"ListItem\",\"position\":1,\"name\":\"In\u00edcio\",\"item\":\"https:\/\/wp.ufpel.edu.br\/aeeufpel\/\"},{\"@type\":\"ListItem\",\"position\":2,\"name\":\"P\u00e1gina Inicial\"}]},{\"@type\":\"WebSite\",\"@id\":\"https:\/\/wp.ufpel.edu.br\/aeeufpel\/#website\",\"url\":\"https:\/\/wp.ufpel.edu.br\/aeeufpel\/\",\"name\":\"Forma\u00e7\u00e3o em Servi\u00e7o de Atendimento Educacional Especializado\",\"description\":\"Universidade Federal de Pelotas - UFPEL\",\"potentialAction\":[{\"@type\":\"SearchAction\",\"target\":{\"@type\":\"EntryPoint\",\"urlTemplate\":\"https:\/\/wp.ufpel.edu.br\/aeeufpel\/?s={search_term_string}\"},\"query-input\":{\"@type\":\"PropertyValueSpecification\",\"valueRequired\":true,\"valueName\":\"search_term_string\"}}],\"inLanguage\":\"pt-BR\"}]}<\/script>\n<!-- \/ Yoast SEO plugin. -->","yoast_head_json":{"title":"P\u00e1gina Inicial - Forma\u00e7\u00e3o em Servi\u00e7o de Atendimento Educacional Especializado","robots":{"index":"index","follow":"follow","max-snippet":"max-snippet:-1","max-image-preview":"max-image-preview:large","max-video-preview":"max-video-preview:-1"},"canonical":"https:\/\/wp.ufpel.edu.br\/aeeufpel\/","og_locale":"pt_BR","og_type":"article","og_title":"P\u00e1gina Inicial - Forma\u00e7\u00e3o em Servi\u00e7o de Atendimento Educacional Especializado","og_url":"https:\/\/wp.ufpel.edu.br\/aeeufpel\/","og_site_name":"Forma\u00e7\u00e3o em Servi\u00e7o de Atendimento Educacional Especializado","article_modified_time":"2026-02-24T13:21:33+00:00","twitter_card":"summary_large_image","twitter_misc":{"Est. tempo de leitura":"1 minuto"},"schema":{"@context":"https:\/\/schema.org","@graph":[{"@type":"WebPage","@id":"https:\/\/wp.ufpel.edu.br\/aeeufpel\/","url":"https:\/\/wp.ufpel.edu.br\/aeeufpel\/","name":"P\u00e1gina Inicial - Forma\u00e7\u00e3o em Servi\u00e7o de Atendimento Educacional Especializado","isPartOf":{"@id":"https:\/\/wp.ufpel.edu.br\/aeeufpel\/#website"},"datePublished":"2020-07-15T15:32:13+00:00","dateModified":"2026-02-24T13:21:33+00:00","breadcrumb":{"@id":"https:\/\/wp.ufpel.edu.br\/aeeufpel\/#breadcrumb"},"inLanguage":"pt-BR","potentialAction":[{"@type":"ReadAction","target":["https:\/\/wp.ufpel.edu.br\/aeeufpel\/"]}]},{"@type":"BreadcrumbList","@id":"https:\/\/wp.ufpel.edu.br\/aeeufpel\/#breadcrumb","itemListElement":[{"@type":"ListItem","position":1,"name":"In\u00edcio","item":"https:\/\/wp.ufpel.edu.br\/aeeufpel\/"},{"@type":"ListItem","position":2,"name":"P\u00e1gina Inicial"}]},{"@type":"WebSite","@id":"https:\/\/wp.ufpel.edu.br\/aeeufpel\/#website","url":"https:\/\/wp.ufpel.edu.br\/aeeufpel\/","name":"Forma\u00e7\u00e3o em Servi\u00e7o de Atendimento Educacional Especializado","description":"Universidade Federal de Pelotas - UFPEL","potentialAction":[{"@type":"SearchAction","target":{"@type":"EntryPoint","urlTemplate":"https:\/\/wp.ufpel.edu.br\/aeeufpel\/?s={search_term_string}"},"query-input":{"@type":"PropertyValueSpecification","valueRequired":true,"valueName":"search_term_string"}}],"inLanguage":"pt-BR"}]}},"_links":{"self":[{"href":"https:\/\/wp.ufpel.edu.br\/aeeufpel\/wp-json\/wp\/v2\/pages\/120","targetHints":{"allow":["GET"]}}],"collection":[{"href":"https:\/\/wp.ufpel.edu.br\/aeeufpel\/wp-json\/wp\/v2\/pages"}],"about":[{"href":"https:\/\/wp.ufpel.edu.br\/aeeufpel\/wp-json\/wp\/v2\/types\/page"}],"author":[{"embeddable":true,"href":"https:\/\/wp.ufpel.edu.br\/aeeufpel\/wp-json\/wp\/v2\/users\/1031"}],"replies":[{"embeddable":true,"href":"https:\/\/wp.ufpel.edu.br\/aeeufpel\/wp-json\/wp\/v2\/comments?post=120"}],"version-history":[{"count":3,"href":"https:\/\/wp.ufpel.edu.br\/aeeufpel\/wp-json\/wp\/v2\/pages\/120\/revisions"}],"predecessor-version":[{"id":1415,"href":"https:\/\/wp.ufpel.edu.br\/aeeufpel\/wp-json\/wp\/v2\/pages\/120\/revisions\/1415"}],"wp:attachment":[{"href":"https:\/\/wp.ufpel.edu.br\/aeeufpel\/wp-json\/wp\/v2\/media?parent=120"}],"curies":[{"name":"wp","href":"https:\/\/api.w.org\/{rel}","templated":true}]}}