{"id":1139,"date":"2024-06-14T21:57:26","date_gmt":"2024-06-15T00:57:26","guid":{"rendered":"https:\/\/wp.ufpel.edu.br\/aeeufpel\/?page_id=1139"},"modified":"2024-08-02T11:30:43","modified_gmt":"2024-08-02T14:30:43","slug":"2024-2","status":"publish","type":"page","link":"https:\/\/wp.ufpel.edu.br\/aeeufpel\/2024-2\/","title":{"rendered":"2024"},"content":{"rendered":"<p><a href=\"https:\/\/wp.ufpel.edu.br\/aeeufpel\/curso-de-aperfeicoamento-em-gestao-da-educacao-especial-na-perspectiva-inclusiva-2024\/\"><img loading=\"lazy\" decoding=\"async\" class=\"alignnone wp-image-1141 size-medium\" src=\"https:\/\/wp.ufpel.edu.br\/aeeufpel\/files\/2024\/06\/0109_2024_ufpel_card_abertura-inscricoes_600x600px_junho_Prancheta-1-copia-2-400x157.png\" alt=\"\" width=\"400\" height=\"157\" srcset=\"https:\/\/wp.ufpel.edu.br\/aeeufpel\/files\/2024\/06\/0109_2024_ufpel_card_abertura-inscricoes_600x600px_junho_Prancheta-1-copia-2-400x157.png 400w, https:\/\/wp.ufpel.edu.br\/aeeufpel\/files\/2024\/06\/0109_2024_ufpel_card_abertura-inscricoes_600x600px_junho_Prancheta-1-copia-2-1024x403.png 1024w, https:\/\/wp.ufpel.edu.br\/aeeufpel\/files\/2024\/06\/0109_2024_ufpel_card_abertura-inscricoes_600x600px_junho_Prancheta-1-copia-2-768x302.png 768w, https:\/\/wp.ufpel.edu.br\/aeeufpel\/files\/2024\/06\/0109_2024_ufpel_card_abertura-inscricoes_600x600px_junho_Prancheta-1-copia-2.png 1251w\" sizes=\"auto, (max-width: 400px) 100vw, 400px\" \/><\/a><\/p>\n<p><a href=\"https:\/\/wp.ufpel.edu.br\/aeeufpel\/curso-de-aperfeicoamento-em-intervencao-precoce-na-infancia-2024\/\"><img loading=\"lazy\" decoding=\"async\" class=\"alignnone wp-image-1142 size-medium\" src=\"https:\/\/wp.ufpel.edu.br\/aeeufpel\/files\/2024\/06\/0109_2024_ufpel_card_abertura-inscricoes_600x600px_junho_Prancheta-1-copia-3-400x157.png\" alt=\"\" width=\"400\" height=\"157\" srcset=\"https:\/\/wp.ufpel.edu.br\/aeeufpel\/files\/2024\/06\/0109_2024_ufpel_card_abertura-inscricoes_600x600px_junho_Prancheta-1-copia-3-400x157.png 400w, https:\/\/wp.ufpel.edu.br\/aeeufpel\/files\/2024\/06\/0109_2024_ufpel_card_abertura-inscricoes_600x600px_junho_Prancheta-1-copia-3-1024x403.png 1024w, https:\/\/wp.ufpel.edu.br\/aeeufpel\/files\/2024\/06\/0109_2024_ufpel_card_abertura-inscricoes_600x600px_junho_Prancheta-1-copia-3-768x302.png 768w, https:\/\/wp.ufpel.edu.br\/aeeufpel\/files\/2024\/06\/0109_2024_ufpel_card_abertura-inscricoes_600x600px_junho_Prancheta-1-copia-3.png 1251w\" sizes=\"auto, (max-width: 400px) 100vw, 400px\" \/><\/a><\/p>\n<p><a href=\"https:\/\/wp.ufpel.edu.br\/aeeufpel\/curso-extensao-em-desenho-universal-para-a-aprendizagem-e-recursos-pedagogicos-acessiveis-para-o-ensino-de-ciencias-2024\/\"><img loading=\"lazy\" decoding=\"async\" class=\"alignnone wp-image-1146 size-medium\" src=\"https:\/\/wp.ufpel.edu.br\/aeeufpel\/files\/2024\/06\/0109_2024_ufpel_card_abertura-inscricoes_600x600px_junho_Prancheta-1-copia-4-1-400x157.png\" alt=\"\" width=\"400\" height=\"157\" srcset=\"https:\/\/wp.ufpel.edu.br\/aeeufpel\/files\/2024\/06\/0109_2024_ufpel_card_abertura-inscricoes_600x600px_junho_Prancheta-1-copia-4-1-400x157.png 400w, https:\/\/wp.ufpel.edu.br\/aeeufpel\/files\/2024\/06\/0109_2024_ufpel_card_abertura-inscricoes_600x600px_junho_Prancheta-1-copia-4-1-1024x403.png 1024w, https:\/\/wp.ufpel.edu.br\/aeeufpel\/files\/2024\/06\/0109_2024_ufpel_card_abertura-inscricoes_600x600px_junho_Prancheta-1-copia-4-1-768x302.png 768w, https:\/\/wp.ufpel.edu.br\/aeeufpel\/files\/2024\/06\/0109_2024_ufpel_card_abertura-inscricoes_600x600px_junho_Prancheta-1-copia-4-1.png 1250w\" sizes=\"auto, (max-width: 400px) 100vw, 400px\" \/><\/a><\/p>\n<p><a href=\"https:\/\/wp.ufpel.edu.br\/aeeufpel\/curso-de-extensao-em-gestao-da-educacao-especial-na-perspectiva-inclusiva-modalidade-semi-presencial-2024\/\"><img loading=\"lazy\" decoding=\"async\" class=\"alignnone wp-image-1240\" src=\"https:\/\/wp.ufpel.edu.br\/aeeufpel\/files\/2024\/08\/0109_2024_ufpel_marcas_cursos-2024_600x600px_junho_Prancheta-1-copia-5-1-400x157.png\" alt=\"\" width=\"438\" height=\"172\" srcset=\"https:\/\/wp.ufpel.edu.br\/aeeufpel\/files\/2024\/08\/0109_2024_ufpel_marcas_cursos-2024_600x600px_junho_Prancheta-1-copia-5-1-400x157.png 400w, https:\/\/wp.ufpel.edu.br\/aeeufpel\/files\/2024\/08\/0109_2024_ufpel_marcas_cursos-2024_600x600px_junho_Prancheta-1-copia-5-1-1024x403.png 1024w, https:\/\/wp.ufpel.edu.br\/aeeufpel\/files\/2024\/08\/0109_2024_ufpel_marcas_cursos-2024_600x600px_junho_Prancheta-1-copia-5-1-768x302.png 768w, https:\/\/wp.ufpel.edu.br\/aeeufpel\/files\/2024\/08\/0109_2024_ufpel_marcas_cursos-2024_600x600px_junho_Prancheta-1-copia-5-1.png 1251w\" sizes=\"auto, (max-width: 438px) 100vw, 438px\" \/><\/a><\/p>\n","protected":false},"excerpt":{"rendered":"","protected":false},"author":1031,"featured_media":0,"parent":0,"menu_order":0,"comment_status":"closed","ping_status":"closed","template":"","meta":{"footnotes":""},"class_list":["post-1139","page","type-page","status-publish","hentry","post"],"yoast_head":"<!-- This site is optimized with the Yoast SEO plugin v26.7 - https:\/\/yoast.com\/wordpress\/plugins\/seo\/ -->\n<title>2024 - Forma\u00e7\u00e3o em Servi\u00e7o de Atendimento Educacional Especializado<\/title>\n<meta name=\"robots\" content=\"index, follow, max-snippet:-1, max-image-preview:large, max-video-preview:-1\" \/>\n<link rel=\"canonical\" href=\"https:\/\/wp.ufpel.edu.br\/aeeufpel\/2024-2\/\" \/>\n<meta property=\"og:locale\" content=\"pt_BR\" \/>\n<meta property=\"og:type\" content=\"article\" \/>\n<meta property=\"og:title\" content=\"2024 - Forma\u00e7\u00e3o em Servi\u00e7o de Atendimento Educacional Especializado\" \/>\n<meta property=\"og:url\" content=\"https:\/\/wp.ufpel.edu.br\/aeeufpel\/2024-2\/\" \/>\n<meta property=\"og:site_name\" content=\"Forma\u00e7\u00e3o em Servi\u00e7o de Atendimento Educacional Especializado\" \/>\n<meta property=\"article:modified_time\" content=\"2024-08-02T14:30:43+00:00\" \/>\n<meta property=\"og:image\" content=\"https:\/\/wp.ufpel.edu.br\/aeeufpel\/files\/2024\/06\/0109_2024_ufpel_card_abertura-inscricoes_600x600px_junho_Prancheta-1-copia-2-400x157.png\" \/>\n<meta name=\"twitter:card\" content=\"summary_large_image\" \/>\n<meta name=\"twitter:label1\" content=\"Est. tempo de leitura\" \/>\n\t<meta name=\"twitter:data1\" content=\"1 minuto\" \/>\n<script type=\"application\/ld+json\" class=\"yoast-schema-graph\">{\"@context\":\"https:\/\/schema.org\",\"@graph\":[{\"@type\":\"WebPage\",\"@id\":\"https:\/\/wp.ufpel.edu.br\/aeeufpel\/2024-2\/\",\"url\":\"https:\/\/wp.ufpel.edu.br\/aeeufpel\/2024-2\/\",\"name\":\"2024 - Forma\u00e7\u00e3o em Servi\u00e7o de Atendimento Educacional Especializado\",\"isPartOf\":{\"@id\":\"https:\/\/wp.ufpel.edu.br\/aeeufpel\/#website\"},\"primaryImageOfPage\":{\"@id\":\"https:\/\/wp.ufpel.edu.br\/aeeufpel\/2024-2\/#primaryimage\"},\"image\":{\"@id\":\"https:\/\/wp.ufpel.edu.br\/aeeufpel\/2024-2\/#primaryimage\"},\"thumbnailUrl\":\"https:\/\/wp.ufpel.edu.br\/aeeufpel\/files\/2024\/06\/0109_2024_ufpel_card_abertura-inscricoes_600x600px_junho_Prancheta-1-copia-2-400x157.png\",\"datePublished\":\"2024-06-15T00:57:26+00:00\",\"dateModified\":\"2024-08-02T14:30:43+00:00\",\"breadcrumb\":{\"@id\":\"https:\/\/wp.ufpel.edu.br\/aeeufpel\/2024-2\/#breadcrumb\"},\"inLanguage\":\"pt-BR\",\"potentialAction\":[{\"@type\":\"ReadAction\",\"target\":[\"https:\/\/wp.ufpel.edu.br\/aeeufpel\/2024-2\/\"]}]},{\"@type\":\"ImageObject\",\"inLanguage\":\"pt-BR\",\"@id\":\"https:\/\/wp.ufpel.edu.br\/aeeufpel\/2024-2\/#primaryimage\",\"url\":\"https:\/\/wp.ufpel.edu.br\/aeeufpel\/files\/2024\/06\/0109_2024_ufpel_card_abertura-inscricoes_600x600px_junho_Prancheta-1-copia-2.png\",\"contentUrl\":\"https:\/\/wp.ufpel.edu.br\/aeeufpel\/files\/2024\/06\/0109_2024_ufpel_card_abertura-inscricoes_600x600px_junho_Prancheta-1-copia-2.png\",\"width\":1251,\"height\":492},{\"@type\":\"BreadcrumbList\",\"@id\":\"https:\/\/wp.ufpel.edu.br\/aeeufpel\/2024-2\/#breadcrumb\",\"itemListElement\":[{\"@type\":\"ListItem\",\"position\":1,\"name\":\"In\u00edcio\",\"item\":\"https:\/\/wp.ufpel.edu.br\/aeeufpel\/\"},{\"@type\":\"ListItem\",\"position\":2,\"name\":\"2024\"}]},{\"@type\":\"WebSite\",\"@id\":\"https:\/\/wp.ufpel.edu.br\/aeeufpel\/#website\",\"url\":\"https:\/\/wp.ufpel.edu.br\/aeeufpel\/\",\"name\":\"Forma\u00e7\u00e3o em Servi\u00e7o de Atendimento Educacional Especializado\",\"description\":\"Universidade Federal de Pelotas - UFPEL\",\"potentialAction\":[{\"@type\":\"SearchAction\",\"target\":{\"@type\":\"EntryPoint\",\"urlTemplate\":\"https:\/\/wp.ufpel.edu.br\/aeeufpel\/?s={search_term_string}\"},\"query-input\":{\"@type\":\"PropertyValueSpecification\",\"valueRequired\":true,\"valueName\":\"search_term_string\"}}],\"inLanguage\":\"pt-BR\"}]}<\/script>\n<!-- \/ Yoast SEO plugin. -->","yoast_head_json":{"title":"2024 - Forma\u00e7\u00e3o em Servi\u00e7o de Atendimento Educacional Especializado","robots":{"index":"index","follow":"follow","max-snippet":"max-snippet:-1","max-image-preview":"max-image-preview:large","max-video-preview":"max-video-preview:-1"},"canonical":"https:\/\/wp.ufpel.edu.br\/aeeufpel\/2024-2\/","og_locale":"pt_BR","og_type":"article","og_title":"2024 - Forma\u00e7\u00e3o em Servi\u00e7o de Atendimento Educacional Especializado","og_url":"https:\/\/wp.ufpel.edu.br\/aeeufpel\/2024-2\/","og_site_name":"Forma\u00e7\u00e3o em Servi\u00e7o de Atendimento Educacional Especializado","article_modified_time":"2024-08-02T14:30:43+00:00","og_image":[{"url":"https:\/\/wp.ufpel.edu.br\/aeeufpel\/files\/2024\/06\/0109_2024_ufpel_card_abertura-inscricoes_600x600px_junho_Prancheta-1-copia-2-400x157.png","type":"","width":"","height":""}],"twitter_card":"summary_large_image","twitter_misc":{"Est. tempo de leitura":"1 minuto"},"schema":{"@context":"https:\/\/schema.org","@graph":[{"@type":"WebPage","@id":"https:\/\/wp.ufpel.edu.br\/aeeufpel\/2024-2\/","url":"https:\/\/wp.ufpel.edu.br\/aeeufpel\/2024-2\/","name":"2024 - Forma\u00e7\u00e3o em Servi\u00e7o de Atendimento Educacional Especializado","isPartOf":{"@id":"https:\/\/wp.ufpel.edu.br\/aeeufpel\/#website"},"primaryImageOfPage":{"@id":"https:\/\/wp.ufpel.edu.br\/aeeufpel\/2024-2\/#primaryimage"},"image":{"@id":"https:\/\/wp.ufpel.edu.br\/aeeufpel\/2024-2\/#primaryimage"},"thumbnailUrl":"https:\/\/wp.ufpel.edu.br\/aeeufpel\/files\/2024\/06\/0109_2024_ufpel_card_abertura-inscricoes_600x600px_junho_Prancheta-1-copia-2-400x157.png","datePublished":"2024-06-15T00:57:26+00:00","dateModified":"2024-08-02T14:30:43+00:00","breadcrumb":{"@id":"https:\/\/wp.ufpel.edu.br\/aeeufpel\/2024-2\/#breadcrumb"},"inLanguage":"pt-BR","potentialAction":[{"@type":"ReadAction","target":["https:\/\/wp.ufpel.edu.br\/aeeufpel\/2024-2\/"]}]},{"@type":"ImageObject","inLanguage":"pt-BR","@id":"https:\/\/wp.ufpel.edu.br\/aeeufpel\/2024-2\/#primaryimage","url":"https:\/\/wp.ufpel.edu.br\/aeeufpel\/files\/2024\/06\/0109_2024_ufpel_card_abertura-inscricoes_600x600px_junho_Prancheta-1-copia-2.png","contentUrl":"https:\/\/wp.ufpel.edu.br\/aeeufpel\/files\/2024\/06\/0109_2024_ufpel_card_abertura-inscricoes_600x600px_junho_Prancheta-1-copia-2.png","width":1251,"height":492},{"@type":"BreadcrumbList","@id":"https:\/\/wp.ufpel.edu.br\/aeeufpel\/2024-2\/#breadcrumb","itemListElement":[{"@type":"ListItem","position":1,"name":"In\u00edcio","item":"https:\/\/wp.ufpel.edu.br\/aeeufpel\/"},{"@type":"ListItem","position":2,"name":"2024"}]},{"@type":"WebSite","@id":"https:\/\/wp.ufpel.edu.br\/aeeufpel\/#website","url":"https:\/\/wp.ufpel.edu.br\/aeeufpel\/","name":"Forma\u00e7\u00e3o em Servi\u00e7o de Atendimento Educacional Especializado","description":"Universidade Federal de Pelotas - UFPEL","potentialAction":[{"@type":"SearchAction","target":{"@type":"EntryPoint","urlTemplate":"https:\/\/wp.ufpel.edu.br\/aeeufpel\/?s={search_term_string}"},"query-input":{"@type":"PropertyValueSpecification","valueRequired":true,"valueName":"search_term_string"}}],"inLanguage":"pt-BR"}]}},"_links":{"self":[{"href":"https:\/\/wp.ufpel.edu.br\/aeeufpel\/wp-json\/wp\/v2\/pages\/1139","targetHints":{"allow":["GET"]}}],"collection":[{"href":"https:\/\/wp.ufpel.edu.br\/aeeufpel\/wp-json\/wp\/v2\/pages"}],"about":[{"href":"https:\/\/wp.ufpel.edu.br\/aeeufpel\/wp-json\/wp\/v2\/types\/page"}],"author":[{"embeddable":true,"href":"https:\/\/wp.ufpel.edu.br\/aeeufpel\/wp-json\/wp\/v2\/users\/1031"}],"replies":[{"embeddable":true,"href":"https:\/\/wp.ufpel.edu.br\/aeeufpel\/wp-json\/wp\/v2\/comments?post=1139"}],"version-history":[{"count":9,"href":"https:\/\/wp.ufpel.edu.br\/aeeufpel\/wp-json\/wp\/v2\/pages\/1139\/revisions"}],"predecessor-version":[{"id":1166,"href":"https:\/\/wp.ufpel.edu.br\/aeeufpel\/wp-json\/wp\/v2\/pages\/1139\/revisions\/1166"}],"wp:attachment":[{"href":"https:\/\/wp.ufpel.edu.br\/aeeufpel\/wp-json\/wp\/v2\/media?parent=1139"}],"curies":[{"name":"wp","href":"https:\/\/api.w.org\/{rel}","templated":true}]}}