{"id":1100,"date":"2023-08-04T20:26:25","date_gmt":"2023-08-04T23:26:25","guid":{"rendered":"https:\/\/wp.ufpel.edu.br\/aeeufpel\/?page_id=1100"},"modified":"2023-08-14T12:54:45","modified_gmt":"2023-08-14T15:54:45","slug":"curso-de-extensao-em-praticas-pedagogicas-inclusivas-na-perspectiva-do-desenho-universal-para-a-aprendizagem-2023","status":"publish","type":"page","link":"https:\/\/wp.ufpel.edu.br\/aeeufpel\/curso-de-extensao-em-praticas-pedagogicas-inclusivas-na-perspectiva-do-desenho-universal-para-a-aprendizagem-2023\/","title":{"rendered":"Curso de Extens\u00e3o em Pr\u00e1ticas Pedag\u00f3gicas Inclusivas na Perspectiva do Desenho Universal Para a Aprendizagem &#8211; 2023"},"content":{"rendered":"<p><span style=\"font-size: 14pt; color: #ff0000;\">INSCRI\u00c7\u00d5ES ENCERRADAS<\/span><\/p>\n<p>&nbsp;<\/p>\n<p><strong>ORIENTA\u00c7\u00d5ES GERAIS:<\/strong><\/p>\n<p><strong>\u00a0<\/strong>Antes de realizar a inscri\u00e7\u00e3o, leia atentamente as informa\u00e7\u00f5es a seguir, observe o per\u00edodo do curso e avalie a sua disponibilidade em participar da forma\u00e7\u00e3o, acompanhar as aulas, acessar os materiais te\u00f3ricos e realizar as atividades propostas. O curso \u00e9 ofertado de forma gratuita. Sendo composto por 6 (seis) disciplinas, al\u00e9m de aula b\u00f4nus, encontros s\u00edncronos e ass\u00edncronos, materiais te\u00f3ricos e atividades pr\u00e1ticas. Ao final de cada disciplina ser\u00e1 realizada atividades avaliativas, sendo est\u00e1s pr\u00e9-requisito para avalia\u00e7\u00e3o ao final de cada m\u00f3dulo.<\/p>\n<p>&nbsp;<\/p>\n<p><strong>P\u00daBLICO: <\/strong><\/p>\n<p><strong>\u00a0<\/strong><strong>\u00a0\u00a0\u00a0\u00a0\u00a0\u00a0\u00a0\u00a0\u00a0\u00a0\u00a0 <\/strong>Gestores e Professores da rede p\u00fablica de ensino de todos os estados do Brasil.<\/p>\n<p>&nbsp;<\/p>\n<p>&nbsp;<\/p>\n<p><strong>EMENTA:<\/strong><\/p>\n<p><strong>\u00a0<\/strong><strong>\u00a0\u00a0\u00a0\u00a0\u00a0\u00a0\u00a0\u00a0\u00a0\u00a0\u00a0 <\/strong>Proporcionar a forma\u00e7\u00e3o continuada de professores da educa\u00e7\u00e3o b\u00e1sica, que possibilite a concretiza\u00e7\u00e3o de pol\u00edticas, programas e pr\u00e1ticas que atendam a diversidade na perspectiva da educa\u00e7\u00e3o inclusiva.<\/p>\n<p>&nbsp;<\/p>\n<p><strong>CARGA HOR\u00c1RIA: <\/strong>100 horas.<\/p>\n<p>&nbsp;<\/p>\n<p><strong>PR\u00c9-REQUISITO:<\/strong><\/p>\n<ul>\n<li>Ser profissional da Educa\u00e7\u00e3o P\u00fablica;<\/li>\n<li>Ter disponibilidade para participar e realizar as atividades do curso;<\/li>\n<li>Acessar os materiais de estudos;<\/li>\n<li>Interagir com colegas e tutores;<\/li>\n<li>Concluir as atividades ao final de cada m\u00f3dulo;<\/li>\n<li>Participar dos encontros s\u00edncronos e ass\u00edncronos.<\/li>\n<\/ul>\n<p>&nbsp;<\/p>\n<p><strong>\u00a0<\/strong><strong>N\u00daMERO DE VAGAS: 650<\/strong><\/p>\n<p><strong>\u00a0<\/strong><strong>\u00a0<\/strong><\/p>\n<p><strong>PER\u00cdODO DE INSCRI\u00c7\u00c3O: <\/strong><\/p>\n<p>Inscri\u00e7\u00f5es de 09 de agosto a 13 de agosto de 2023 pelo site do programa <a href=\"https:\/\/wp.ufpel.edu.br\/aeeufpel\/\">https:\/\/wp.ufpel.edu.br\/aeeufpel\/<\/a>, aba editais. Preencha o formul\u00e1rio na \u00edntegra, com aten\u00e7\u00e3o aos dados.<\/p>\n<p>As vagas ser\u00e3o preenchidas de acordo com a ordem de chegada dos form\u00falarios contendo todos os dados preenchidos, documenta\u00e7\u00e3o leg\u00edvel e anexada, atendendo aos pr\u00e9-requistos. Excedido o n\u00famero de vagas, ser\u00e1 elaborada uma lista de espera.<\/p>\n<p>&nbsp;<\/p>\n<p><strong>HOMOLOGA\u00c7\u00c3O DAS INSCRI\u00c7\u00d5ES:<\/strong><\/p>\n<p>A lista com o resultado dos cursistas selecionados ser\u00e1 disponibilizada no site do programa <a href=\"https:\/\/wp.ufpel.edu.br\/aeeufpel\/\">https:\/\/wp.ufpel.edu.br\/aeeufpel\/<\/a>,na aba editais.<\/p>\n<p>Os cursistas selecionados receber\u00e3o um e-mail da coordena\u00e7\u00e3o do curso com as instru\u00e7\u00f5es para efetiva\u00e7\u00e3o da sua inscri\u00e7\u00e3o. Caso o e-mail do candidato seja identificado como inexistente, esse ser\u00e1 eliminado da lista de inscri\u00e7\u00e3o e ser\u00e1 chamado o pr\u00f3ximo da lista de espera.<\/p>\n<p>&nbsp;<\/p>\n<p><strong>PER\u00cdODO DO CURSO: 02\/09\/2023 \u00e0 30\/11\/2023<\/strong><\/p>\n<p><strong>\u00a0<\/strong><\/p>\n<p><strong>CERTIFICA\u00c7\u00c3O:<\/strong><\/p>\n<p>Os certificados ser\u00e3o emitidos, ap\u00f3s a conclus\u00e3o do curso, para os cursistas que cumprirem todos os cr\u00edterios de avalia\u00e7\u00e3o.<\/p>\n<p>&nbsp;<\/p>\n<p><strong>CRONOGRAMA<\/strong><\/p>\n<p>&nbsp;<\/p>\n<table width=\"716\">\n<tbody>\n<tr>\n<td width=\"716\">\n<p><strong>Reuni\u00e3o T\u00e9cnica: 01\/09\/2023<\/strong><\/p>\n<p><strong>Semin\u00e1rio de abertura: 02\/09\/2023 (S\u00e1bado)<\/strong><\/td>\n<\/tr>\n<tr>\n<td width=\"716\"><strong>M\u00d3DULO 1: EDUCA\u00c7\u00c3O ESPECIAL NA PERSPECTIVA DA EDUCA\u00c7\u00c3O INCLUSIVA &#8211; 50 HORAS<\/strong><\/td>\n<\/tr>\n<tr>\n<td width=\"716\">\n<p><strong>Disciplina 1: Educa\u00e7\u00e3o Inclusiva e seus ordenamentos legais<\/strong><\/p>\n<p>Carga hor\u00e1ria: 10 horas<\/td>\n<\/tr>\n<tr>\n<td width=\"716\">\n<p><strong>Disciplina 2: Tecnologia Assistiva e recursos digitais <\/strong><\/p>\n<p>Carga hor\u00e1ria: 20 horas<\/td>\n<\/tr>\n<tr>\n<td width=\"716\">\n<p><strong>Disciplina 3: Desenho Universal para Aprendizagem\u00a0 <\/strong><\/p>\n<p>Carga hor\u00e1ria: 20 horas<\/td>\n<\/tr>\n<tr>\n<td width=\"716\"><strong>Per\u00edodo de avalia\u00e7\u00e3o: 09\/10\/2023 \u00e0 16\/10\/2023<\/strong><\/td>\n<\/tr>\n<tr>\n<td width=\"716\"><strong>M\u00d3DULO 2:PR\u00c1TICAS PEDAG\u00d3GICAS PARA O ATENDIMENTO EDUCACIONAL ESPECIALIZADO EM CONTEXTO DA EDUCA\u00c7\u00c3O INCLUSIVA &#8211; 50 HORAS<\/strong><\/td>\n<\/tr>\n<tr>\n<td width=\"716\">\n<p><strong>Disciplina 4: Trabalho colaborativo no contexto da Educa\u00e7\u00e3o Inclusiva, a fun\u00e7\u00e3o do atendimento educacional especializado<\/strong><\/p>\n<p>Carga hor\u00e1ria: 10 horas<\/td>\n<\/tr>\n<tr>\n<td width=\"716\">\n<p><strong>Disciplina 5: Educa\u00e7\u00e3o Infantil na perspectiva inclusiva <\/strong><\/p>\n<p>Carga hor\u00e1ria: 20 horas<\/td>\n<\/tr>\n<tr>\n<td width=\"716\">\n<p><strong>Disciplina 6: Planejamento e organiza\u00e7\u00e3o da pr\u00e1tica pedag\u00f3gica inclusiva para os anos iniciais <\/strong><\/p>\n<p>Carga hor\u00e1ria: 20 horas<\/td>\n<\/tr>\n<tr>\n<td width=\"716\">\n<p><strong>Per\u00edodo de avalia\u00e7\u00e3o: 20\/11\/2023 \u00e0 30\/11\/2023<\/strong><\/p>\n<p><strong>Avalia\u00e7\u00e3o final do curso: 20\/11\/2023 \u00e0 30\/11\/2023<\/strong><\/td>\n<\/tr>\n<tr>\n<td width=\"716\"><strong>SEMIN\u00c1RIO DE ENCERRAMENTO: 02\/12\/2023<\/strong><\/td>\n<\/tr>\n<\/tbody>\n<\/table>\n<p>&nbsp;<\/p>\n","protected":false},"excerpt":{"rendered":"<p>INSCRI\u00c7\u00d5ES ENCERRADAS &nbsp; ORIENTA\u00c7\u00d5ES GERAIS: \u00a0Antes de realizar a inscri\u00e7\u00e3o, leia atentamente as informa\u00e7\u00f5es a seguir, observe o per\u00edodo do curso e avalie a sua disponibilidade em participar da forma\u00e7\u00e3o, acompanhar as aulas, acessar os materiais te\u00f3ricos e realizar as atividades propostas. O curso \u00e9 ofertado de forma gratuita. Sendo composto por 6 (seis) disciplinas, [&hellip;]<\/p>\n","protected":false},"author":1031,"featured_media":0,"parent":0,"menu_order":0,"comment_status":"closed","ping_status":"closed","template":"","meta":{"footnotes":""},"class_list":["post-1100","page","type-page","status-publish","hentry","post"],"yoast_head":"<!-- This site is optimized with the Yoast SEO plugin v26.7 - https:\/\/yoast.com\/wordpress\/plugins\/seo\/ -->\n<title>Curso de Extens\u00e3o em Pr\u00e1ticas Pedag\u00f3gicas Inclusivas na Perspectiva do Desenho Universal Para a Aprendizagem - 2023 - Forma\u00e7\u00e3o em Servi\u00e7o de Atendimento Educacional Especializado<\/title>\n<meta name=\"robots\" content=\"index, follow, max-snippet:-1, max-image-preview:large, max-video-preview:-1\" \/>\n<link rel=\"canonical\" href=\"https:\/\/wp.ufpel.edu.br\/aeeufpel\/curso-de-extensao-em-praticas-pedagogicas-inclusivas-na-perspectiva-do-desenho-universal-para-a-aprendizagem-2023\/\" \/>\n<meta property=\"og:locale\" content=\"pt_BR\" \/>\n<meta property=\"og:type\" content=\"article\" \/>\n<meta property=\"og:title\" content=\"Curso de Extens\u00e3o em Pr\u00e1ticas Pedag\u00f3gicas Inclusivas na Perspectiva do Desenho Universal Para a Aprendizagem - 2023 - Forma\u00e7\u00e3o em Servi\u00e7o de Atendimento Educacional Especializado\" \/>\n<meta property=\"og:description\" content=\"INSCRI\u00c7\u00d5ES ENCERRADAS &nbsp; ORIENTA\u00c7\u00d5ES GERAIS: \u00a0Antes de realizar a inscri\u00e7\u00e3o, leia atentamente as informa\u00e7\u00f5es a seguir, observe o per\u00edodo do curso e avalie a sua disponibilidade em participar da forma\u00e7\u00e3o, acompanhar as aulas, acessar os materiais te\u00f3ricos e realizar as atividades propostas. O curso \u00e9 ofertado de forma gratuita. Sendo composto por 6 (seis) disciplinas, [&hellip;]\" \/>\n<meta property=\"og:url\" content=\"https:\/\/wp.ufpel.edu.br\/aeeufpel\/curso-de-extensao-em-praticas-pedagogicas-inclusivas-na-perspectiva-do-desenho-universal-para-a-aprendizagem-2023\/\" \/>\n<meta property=\"og:site_name\" content=\"Forma\u00e7\u00e3o em Servi\u00e7o de Atendimento Educacional Especializado\" \/>\n<meta property=\"article:modified_time\" content=\"2023-08-14T15:54:45+00:00\" \/>\n<meta name=\"twitter:card\" content=\"summary_large_image\" \/>\n<meta name=\"twitter:label1\" content=\"Est. tempo de leitura\" \/>\n\t<meta name=\"twitter:data1\" content=\"3 minutos\" \/>\n<script type=\"application\/ld+json\" class=\"yoast-schema-graph\">{\"@context\":\"https:\/\/schema.org\",\"@graph\":[{\"@type\":\"WebPage\",\"@id\":\"https:\/\/wp.ufpel.edu.br\/aeeufpel\/curso-de-extensao-em-praticas-pedagogicas-inclusivas-na-perspectiva-do-desenho-universal-para-a-aprendizagem-2023\/\",\"url\":\"https:\/\/wp.ufpel.edu.br\/aeeufpel\/curso-de-extensao-em-praticas-pedagogicas-inclusivas-na-perspectiva-do-desenho-universal-para-a-aprendizagem-2023\/\",\"name\":\"Curso de Extens\u00e3o em Pr\u00e1ticas Pedag\u00f3gicas Inclusivas na Perspectiva do Desenho Universal Para a Aprendizagem - 2023 - Forma\u00e7\u00e3o em Servi\u00e7o de Atendimento Educacional Especializado\",\"isPartOf\":{\"@id\":\"https:\/\/wp.ufpel.edu.br\/aeeufpel\/#website\"},\"datePublished\":\"2023-08-04T23:26:25+00:00\",\"dateModified\":\"2023-08-14T15:54:45+00:00\",\"breadcrumb\":{\"@id\":\"https:\/\/wp.ufpel.edu.br\/aeeufpel\/curso-de-extensao-em-praticas-pedagogicas-inclusivas-na-perspectiva-do-desenho-universal-para-a-aprendizagem-2023\/#breadcrumb\"},\"inLanguage\":\"pt-BR\",\"potentialAction\":[{\"@type\":\"ReadAction\",\"target\":[\"https:\/\/wp.ufpel.edu.br\/aeeufpel\/curso-de-extensao-em-praticas-pedagogicas-inclusivas-na-perspectiva-do-desenho-universal-para-a-aprendizagem-2023\/\"]}]},{\"@type\":\"BreadcrumbList\",\"@id\":\"https:\/\/wp.ufpel.edu.br\/aeeufpel\/curso-de-extensao-em-praticas-pedagogicas-inclusivas-na-perspectiva-do-desenho-universal-para-a-aprendizagem-2023\/#breadcrumb\",\"itemListElement\":[{\"@type\":\"ListItem\",\"position\":1,\"name\":\"In\u00edcio\",\"item\":\"https:\/\/wp.ufpel.edu.br\/aeeufpel\/\"},{\"@type\":\"ListItem\",\"position\":2,\"name\":\"Curso de Extens\u00e3o em Pr\u00e1ticas Pedag\u00f3gicas Inclusivas na Perspectiva do Desenho Universal Para a Aprendizagem &#8211; 2023\"}]},{\"@type\":\"WebSite\",\"@id\":\"https:\/\/wp.ufpel.edu.br\/aeeufpel\/#website\",\"url\":\"https:\/\/wp.ufpel.edu.br\/aeeufpel\/\",\"name\":\"Forma\u00e7\u00e3o em Servi\u00e7o de Atendimento Educacional Especializado\",\"description\":\"Universidade Federal de Pelotas - UFPEL\",\"potentialAction\":[{\"@type\":\"SearchAction\",\"target\":{\"@type\":\"EntryPoint\",\"urlTemplate\":\"https:\/\/wp.ufpel.edu.br\/aeeufpel\/?s={search_term_string}\"},\"query-input\":{\"@type\":\"PropertyValueSpecification\",\"valueRequired\":true,\"valueName\":\"search_term_string\"}}],\"inLanguage\":\"pt-BR\"}]}<\/script>\n<!-- \/ Yoast SEO plugin. -->","yoast_head_json":{"title":"Curso de Extens\u00e3o em Pr\u00e1ticas Pedag\u00f3gicas Inclusivas na Perspectiva do Desenho Universal Para a Aprendizagem - 2023 - Forma\u00e7\u00e3o em Servi\u00e7o de Atendimento Educacional Especializado","robots":{"index":"index","follow":"follow","max-snippet":"max-snippet:-1","max-image-preview":"max-image-preview:large","max-video-preview":"max-video-preview:-1"},"canonical":"https:\/\/wp.ufpel.edu.br\/aeeufpel\/curso-de-extensao-em-praticas-pedagogicas-inclusivas-na-perspectiva-do-desenho-universal-para-a-aprendizagem-2023\/","og_locale":"pt_BR","og_type":"article","og_title":"Curso de Extens\u00e3o em Pr\u00e1ticas Pedag\u00f3gicas Inclusivas na Perspectiva do Desenho Universal Para a Aprendizagem - 2023 - Forma\u00e7\u00e3o em Servi\u00e7o de Atendimento Educacional Especializado","og_description":"INSCRI\u00c7\u00d5ES ENCERRADAS &nbsp; ORIENTA\u00c7\u00d5ES GERAIS: \u00a0Antes de realizar a inscri\u00e7\u00e3o, leia atentamente as informa\u00e7\u00f5es a seguir, observe o per\u00edodo do curso e avalie a sua disponibilidade em participar da forma\u00e7\u00e3o, acompanhar as aulas, acessar os materiais te\u00f3ricos e realizar as atividades propostas. O curso \u00e9 ofertado de forma gratuita. Sendo composto por 6 (seis) disciplinas, [&hellip;]","og_url":"https:\/\/wp.ufpel.edu.br\/aeeufpel\/curso-de-extensao-em-praticas-pedagogicas-inclusivas-na-perspectiva-do-desenho-universal-para-a-aprendizagem-2023\/","og_site_name":"Forma\u00e7\u00e3o em Servi\u00e7o de Atendimento Educacional Especializado","article_modified_time":"2023-08-14T15:54:45+00:00","twitter_card":"summary_large_image","twitter_misc":{"Est. tempo de leitura":"3 minutos"},"schema":{"@context":"https:\/\/schema.org","@graph":[{"@type":"WebPage","@id":"https:\/\/wp.ufpel.edu.br\/aeeufpel\/curso-de-extensao-em-praticas-pedagogicas-inclusivas-na-perspectiva-do-desenho-universal-para-a-aprendizagem-2023\/","url":"https:\/\/wp.ufpel.edu.br\/aeeufpel\/curso-de-extensao-em-praticas-pedagogicas-inclusivas-na-perspectiva-do-desenho-universal-para-a-aprendizagem-2023\/","name":"Curso de Extens\u00e3o em Pr\u00e1ticas Pedag\u00f3gicas Inclusivas na Perspectiva do Desenho Universal Para a Aprendizagem - 2023 - Forma\u00e7\u00e3o em Servi\u00e7o de Atendimento Educacional Especializado","isPartOf":{"@id":"https:\/\/wp.ufpel.edu.br\/aeeufpel\/#website"},"datePublished":"2023-08-04T23:26:25+00:00","dateModified":"2023-08-14T15:54:45+00:00","breadcrumb":{"@id":"https:\/\/wp.ufpel.edu.br\/aeeufpel\/curso-de-extensao-em-praticas-pedagogicas-inclusivas-na-perspectiva-do-desenho-universal-para-a-aprendizagem-2023\/#breadcrumb"},"inLanguage":"pt-BR","potentialAction":[{"@type":"ReadAction","target":["https:\/\/wp.ufpel.edu.br\/aeeufpel\/curso-de-extensao-em-praticas-pedagogicas-inclusivas-na-perspectiva-do-desenho-universal-para-a-aprendizagem-2023\/"]}]},{"@type":"BreadcrumbList","@id":"https:\/\/wp.ufpel.edu.br\/aeeufpel\/curso-de-extensao-em-praticas-pedagogicas-inclusivas-na-perspectiva-do-desenho-universal-para-a-aprendizagem-2023\/#breadcrumb","itemListElement":[{"@type":"ListItem","position":1,"name":"In\u00edcio","item":"https:\/\/wp.ufpel.edu.br\/aeeufpel\/"},{"@type":"ListItem","position":2,"name":"Curso de Extens\u00e3o em Pr\u00e1ticas Pedag\u00f3gicas Inclusivas na Perspectiva do Desenho Universal Para a Aprendizagem &#8211; 2023"}]},{"@type":"WebSite","@id":"https:\/\/wp.ufpel.edu.br\/aeeufpel\/#website","url":"https:\/\/wp.ufpel.edu.br\/aeeufpel\/","name":"Forma\u00e7\u00e3o em Servi\u00e7o de Atendimento Educacional Especializado","description":"Universidade Federal de Pelotas - UFPEL","potentialAction":[{"@type":"SearchAction","target":{"@type":"EntryPoint","urlTemplate":"https:\/\/wp.ufpel.edu.br\/aeeufpel\/?s={search_term_string}"},"query-input":{"@type":"PropertyValueSpecification","valueRequired":true,"valueName":"search_term_string"}}],"inLanguage":"pt-BR"}]}},"_links":{"self":[{"href":"https:\/\/wp.ufpel.edu.br\/aeeufpel\/wp-json\/wp\/v2\/pages\/1100","targetHints":{"allow":["GET"]}}],"collection":[{"href":"https:\/\/wp.ufpel.edu.br\/aeeufpel\/wp-json\/wp\/v2\/pages"}],"about":[{"href":"https:\/\/wp.ufpel.edu.br\/aeeufpel\/wp-json\/wp\/v2\/types\/page"}],"author":[{"embeddable":true,"href":"https:\/\/wp.ufpel.edu.br\/aeeufpel\/wp-json\/wp\/v2\/users\/1031"}],"replies":[{"embeddable":true,"href":"https:\/\/wp.ufpel.edu.br\/aeeufpel\/wp-json\/wp\/v2\/comments?post=1100"}],"version-history":[{"count":5,"href":"https:\/\/wp.ufpel.edu.br\/aeeufpel\/wp-json\/wp\/v2\/pages\/1100\/revisions"}],"predecessor-version":[{"id":1122,"href":"https:\/\/wp.ufpel.edu.br\/aeeufpel\/wp-json\/wp\/v2\/pages\/1100\/revisions\/1122"}],"wp:attachment":[{"href":"https:\/\/wp.ufpel.edu.br\/aeeufpel\/wp-json\/wp\/v2\/media?parent=1100"}],"curies":[{"name":"wp","href":"https:\/\/api.w.org\/{rel}","templated":true}]}}