{"id":1055,"date":"2023-07-06T11:44:05","date_gmt":"2023-07-06T14:44:05","guid":{"rendered":"https:\/\/wp.ufpel.edu.br\/aeeufpel\/?page_id=1055"},"modified":"2023-07-11T21:13:04","modified_gmt":"2023-07-12T00:13:04","slug":"curso-de-aperfeicoamento-em-tecnologias-para-a-mediacao-da-aprendizagem-no-contexto-da-educacao-inclusiva-2023","status":"publish","type":"page","link":"https:\/\/wp.ufpel.edu.br\/aeeufpel\/curso-de-aperfeicoamento-em-tecnologias-para-a-mediacao-da-aprendizagem-no-contexto-da-educacao-inclusiva-2023\/","title":{"rendered":"Curso De Aperfei\u00e7oamento em Tecnologias Para A Media\u00e7\u00e3o Da  Aprendizagem No Contexto Da Educa\u00e7\u00e3o Inclusiva &#8211; 2023"},"content":{"rendered":"<p><span style=\"color: #ffffff;\"><strong><span style=\"background-color: #ff0000;\">INSCRI\u00c7\u00d5ES ENCERRADAS<\/span><\/strong><\/span><\/p>\n<p><strong><u>ORIENTA\u00c7\u00d5ES GERAIS<\/u><\/strong><\/p>\n<p><strong><u>\u00a0<\/u><\/strong><\/p>\n<p><strong>Orienta\u00e7\u00f5es Gerais:<\/strong> Antes de realizar a inscri\u00e7\u00e3o, leia atentamente as informa\u00e7\u00f5es a seguir, observe o per\u00edodo do curso e avalie a sua disponibilidade em participar da forma\u00e7\u00e3o, acompanhar as aulas, acessar os materiais te\u00f3ricos e realizar as atividades propostas. O curso \u00e9 ofertado de forma gratuita, \u00a0composto por dez (10) disciplinas, materiais e atividades pr\u00e1ticas bem como de aulas ass\u00edncronas e s\u00edncronas aos s\u00e1bados. Ao cursista ser\u00e1 ofertado per\u00edodo de recupera\u00e7\u00e3o, ao final de cada m\u00f3dulo,\u00a0 para que o mesmo conclua as atividades pendentes.\u00a0 Concluir o trabalho final. No per\u00edodo de inscri\u00e7\u00e3o preencha o formul\u00e1rio na \u00edntegra e anexe os documentos solicitados.<\/p>\n<p><strong><u>\u00a0<\/u><\/strong><\/p>\n<p><strong>P\u00fablico:<\/strong> Professores da Educa\u00e7\u00e3o B\u00e1sica da rede p\u00fablica de ensino.<\/p>\n<p>&nbsp;<\/p>\n<p><strong>Ementa: <\/strong>Oportunizar a reflex\u00e3o e o debate sobre conceitos e pr\u00e1ticas atrav\u00e9s do emprego das tecnologias no espa\u00e7o escolar; as singularidades e desafios para o ensino atrav\u00e9s das tecnologias; Desenvolvimento Universal da Aprendizagem e o\u00a0 trabalho colaborativo para inclus\u00e3o na sala de aula comum e o papel do Servi\u00e7os de Atendimento Educacional Especializado na produ\u00e7\u00e3o e\u00a0 elabora\u00e7\u00e3o de materiais e atividades; Desenvolver processos de identifica\u00e7\u00e3o, avalia\u00e7\u00e3o e produ\u00e7\u00e3o de interven\u00e7\u00f5es pedag\u00f3gicas para a acessibilidade escolar; Fomentar o uso da Tecnologia\u00a0 Assistiva e a cria\u00e7\u00e3o de recursos e materiais adaptados que possibilitem acessibilidade e inclus\u00e3o, eliminando barreiras poss\u00edveis barreiras no espa\u00e7o escolar.<\/p>\n<p>&nbsp;<\/p>\n<p><strong>Carga Hor\u00e1ria:<\/strong> 180 horas.<\/p>\n<p>&nbsp;<\/p>\n<p><strong>Pr\u00e9-Requisitos:<\/strong> Para a realiza\u00e7\u00e3o da inscri\u00e7\u00e3o na forma\u00e7\u00e3o \u00e9 necess\u00e1rio:<\/p>\n<ul>\n<li>Ser profissional da Educa\u00e7\u00e3o P\u00fablica;<\/li>\n<li>Ter disponibilidade para participar e realizar as atividades do curso \u00e0 dist\u00e2ncia;<\/li>\n<li>Acessar os materiais de estudo;<\/li>\n<li>Interagir com os tutores e com os colegas;<\/li>\n<li>Concluir o trabalho final;<\/li>\n<li>Participar das aulas s\u00edncronas e ass\u00edncronas.<\/li>\n<\/ul>\n<p>&nbsp;<\/p>\n<p><strong>N\u00ba de Vagas:<\/strong> 650<\/p>\n<p>&nbsp;<\/p>\n<p><strong>Per\u00edodo de Inscri\u00e7\u00e3o:<\/strong>. Inscri\u00e7\u00f5es de 08 de julho a 15 de julho de 2023 <a href=\"https:\/\/wp.ufpel.edu.br\/aeeufpel\/\">no site dos cursos de AEE da UFPel<\/a> <a href=\"https:\/\/wp.ufpel.edu.br\/aeeufpel\/\">https:\/\/wp.ufpel.edu.br\/aeeufpel\/<\/a>.<\/p>\n<p>Preencha o formul\u00e1rio na \u00edntegra com aten\u00e7\u00e3o aos dados. As vagas ser\u00e3o preenchidas por ordem de inscri\u00e7\u00e3o. Excedido o n\u00famero de vagas, ser\u00e1 elaborada uma lista de suplentes.<\/p>\n<p>Preencha o formul\u00e1rio na \u00edntegra com aten\u00e7\u00e3o aos dados. As vagas ser\u00e3o preenchidas de acordo com a ordem de chegada dos formul\u00e1rios contendo todos os dados preenchidos, documenta\u00e7\u00e3o leg\u00edvel e anexada de candidatos que atendam aos pr\u00e9-requisitos. Excedido o n\u00famero de vagas, ser\u00e1 elaborada uma lista de espera.<\/p>\n<p>&nbsp;<\/p>\n<p><strong>Homologa\u00e7\u00e3o das inscri\u00e7\u00f5es: <\/strong>a lista com o resultado dos cursistas selecionados ser\u00e1 disponibilizada no site<strong> .\u00a0 <\/strong>Os cursistas selecionados receber\u00e3o um e-mail da coordena\u00e7\u00e3o do curso (aee.acessibilidade.tecnologias@gmail.com) com as instru\u00e7\u00f5es para efetiva\u00e7\u00e3o da sua inscri\u00e7\u00e3o. Caso o e-mail do candidato seja identificado como inexistente, esse ser\u00e1 eliminado da lista de inscri\u00e7\u00e3o e ser\u00e1 chamado um outro da lista de espera.<\/p>\n<p>&nbsp;<\/p>\n<p><strong>Per\u00edodo do Curso: <\/strong>05\/08\/2023 a 20\/01\/2023.<\/p>\n<p>&nbsp;<\/p>\n<p><strong>Certifica\u00e7\u00e3o:<\/strong> Os certificados ser\u00e3o emitidos, ap\u00f3s a conclus\u00e3o do curso e do per\u00edodo de tramita\u00e7\u00e3o dos mesmos,\u00a0 para os cursistas que cumprirem os crit\u00e9rios de avalia\u00e7\u00e3o e ser\u00e3o enviados com base nas informa\u00e7\u00f5es de e-mail registradas no formul\u00e1rio de inscri\u00e7\u00e3o.<\/p>\n<p>&nbsp;<\/p>\n<p><strong>Cronograma\/M\u00f3dulos e Disciplinas:<\/strong> \u00a0O curso de Aperfei\u00e7oamento em Tecnologias para a media\u00e7\u00e3o da aprendizagem no contexto da Educa\u00e7\u00e3o Inclusiva ser\u00e1 organizado em tr\u00eas m\u00f3dulos totalizando 180 horas.<\/p>\n<p>&nbsp;<\/p>\n<p><u>Apresenta\u00e7\u00e3o e Reuni\u00e3o Inicial:<\/u><\/p>\n<p>&nbsp;<\/p>\n<p><u>Semin\u00e1rio de Abertura:<\/u><\/p>\n<p>&nbsp;<\/p>\n<ol>\n<li><u>M\u00d3DULO 1: Contexto Escolar Inclusivo: possibilidades, recursos e estrat\u00e9gias &#8211; 40 horas<\/u><\/li>\n<\/ol>\n<p>Disciplina I- Tecnologia Assistiva- 20 horas<\/p>\n<p>Disciplina II- Desenho Universal para a Aprendizagem- 20 horas<\/p>\n<ol start=\"2\">\n<li><u>M\u00d3DULO 2: Processo de identifica\u00e7\u00e3o, avalia\u00e7\u00e3o e produ\u00e7\u00e3o de interven\u00e7\u00f5es pedag\u00f3gicas para a acessibilidade escolar &#8211; 60 horas<\/u><\/li>\n<\/ol>\n<p>Disciplina I &#8211; O Servi\u00e7o de Atendimento Educacional Especializado como apoio \u00e0 aprendizagem e a utiliza\u00e7\u00e3o da Tecnologia Assistiva no contexto da Educa\u00e7\u00e3o Inclusiva<\/p>\n<p><strong>\u00a0\u00a0\u00a0\u00a0\u00a0\u00a0\u00a0\u00a0\u00a0\u00a0\u00a0\u00a0 <\/strong>Disciplina II- Constru\u00e7\u00e3o de Recursos Pedag\u00f3gicos Acess\u00edveis &#8211; 20 horas<\/p>\n<p><strong>\u00a0\u00a0\u00a0\u00a0\u00a0\u00a0\u00a0\u00a0\u00a0\u00a0\u00a0\u00a0 <\/strong>Disciplina III- A Audiodescri\u00e7\u00e3o no contexto escolar inclusivo &#8211;\u00a0 20 horas<\/p>\n<p>&nbsp;<\/p>\n<ol start=\"3\">\n<li><u>M\u00d3DULO 3: O Servi\u00e7o de Atendimento Educacional Especializado (SAEE) e as Pr\u00e1ticas Pedag\u00f3gicas ofertadas atrav\u00e9s das tecnologias &#8211; 80 horas<br \/>\n<\/u>Disciplina I &#8211;\u00a0 Leitura e edi\u00e7\u00e3o de atividades atrav\u00e9s do NVDA &#8211; 20 horas<\/li>\n<\/ol>\n<p>Disciplina II &#8211; Elimina\u00e7\u00e3o de Barreiras de acesso a Recursos Educacionais Digitais &#8211; 20 horas<\/p>\n<p>Disciplina III &#8211; Produ\u00e7\u00e3o de atividades interativas- 10 horas<\/p>\n<p>Disciplina IV- PODCAST: produ\u00e7\u00e3o e estrat\u00e9gias inclusivas no contexto escolar &#8211;\u00a0 10\u00a0 horas<\/p>\n<p>Disciplina V- Elabora\u00e7\u00e3o de Jogos Educativos na perspectiva da Educa\u00e7\u00e3o Inclusiva- 20 horas<\/p>\n<p><strong>\u00a0<\/strong><\/p>\n<p><u>Semin\u00e1rio de Encerramento:<\/u><\/p>\n<p>&nbsp;<\/p>\n<p><strong>Aulas: <\/strong>As aulas ser\u00e3o organizadas com diversas ferramentas para intera\u00e7\u00e3o do(a) cursista com seus colegas, tutores e professor(a) formador(a). Ser\u00e3o elaborados materiais instrucionais, tarefas pr\u00e1ticas relacionadas \u00e0 disciplina vigente e aulas\u00a0 ass\u00edncrona e s\u00edncrona aos s\u00e1bados pela manh\u00e3 de acordo com cronograma disponibilizado no ambiente de aprendizagem. Para a qualifica\u00e7\u00e3o da forma\u00e7\u00e3o, aos cursistas ser\u00e1 ofertado, LIVES B\u00d4NUS com tem\u00e1ticas que complementem e ampliem as suas aprendizagens ao longo do curso visando a acessibilidade atrav\u00e9s do uso das tecnologias.<\/p>\n<p><strong>Avalia\u00e7\u00f5es: <\/strong>Tarefas pr\u00e1ticas ao longo de cada disciplina e a conclus\u00e3o de um trabalho final que ser\u00e1 organizado e constru\u00eddo ao longo do curso.<\/p>\n","protected":false},"excerpt":{"rendered":"<p>INSCRI\u00c7\u00d5ES ENCERRADAS ORIENTA\u00c7\u00d5ES GERAIS \u00a0 Orienta\u00e7\u00f5es Gerais: Antes de realizar a inscri\u00e7\u00e3o, leia atentamente as informa\u00e7\u00f5es a seguir, observe o per\u00edodo do curso e avalie a sua disponibilidade em participar da forma\u00e7\u00e3o, acompanhar as aulas, acessar os materiais te\u00f3ricos e realizar as atividades propostas. O curso \u00e9 ofertado de forma gratuita, \u00a0composto por dez (10) [&hellip;]<\/p>\n","protected":false},"author":1031,"featured_media":0,"parent":0,"menu_order":0,"comment_status":"closed","ping_status":"closed","template":"","meta":{"footnotes":""},"class_list":["post-1055","page","type-page","status-publish","hentry","post"],"yoast_head":"<!-- This site is optimized with the Yoast SEO plugin v26.7 - https:\/\/yoast.com\/wordpress\/plugins\/seo\/ -->\n<title>Curso De Aperfei\u00e7oamento em Tecnologias Para A Media\u00e7\u00e3o Da Aprendizagem No Contexto Da Educa\u00e7\u00e3o Inclusiva - 2023 - Forma\u00e7\u00e3o em Servi\u00e7o de Atendimento Educacional Especializado<\/title>\n<meta name=\"robots\" content=\"index, follow, max-snippet:-1, max-image-preview:large, max-video-preview:-1\" \/>\n<link rel=\"canonical\" href=\"https:\/\/wp.ufpel.edu.br\/aeeufpel\/curso-de-aperfeicoamento-em-tecnologias-para-a-mediacao-da-aprendizagem-no-contexto-da-educacao-inclusiva-2023\/\" \/>\n<meta property=\"og:locale\" content=\"pt_BR\" \/>\n<meta property=\"og:type\" content=\"article\" \/>\n<meta property=\"og:title\" content=\"Curso De Aperfei\u00e7oamento em Tecnologias Para A Media\u00e7\u00e3o Da Aprendizagem No Contexto Da Educa\u00e7\u00e3o Inclusiva - 2023 - Forma\u00e7\u00e3o em Servi\u00e7o de Atendimento Educacional Especializado\" \/>\n<meta property=\"og:description\" content=\"INSCRI\u00c7\u00d5ES ENCERRADAS ORIENTA\u00c7\u00d5ES GERAIS \u00a0 Orienta\u00e7\u00f5es Gerais: Antes de realizar a inscri\u00e7\u00e3o, leia atentamente as informa\u00e7\u00f5es a seguir, observe o per\u00edodo do curso e avalie a sua disponibilidade em participar da forma\u00e7\u00e3o, acompanhar as aulas, acessar os materiais te\u00f3ricos e realizar as atividades propostas. O curso \u00e9 ofertado de forma gratuita, \u00a0composto por dez (10) [&hellip;]\" \/>\n<meta property=\"og:url\" content=\"https:\/\/wp.ufpel.edu.br\/aeeufpel\/curso-de-aperfeicoamento-em-tecnologias-para-a-mediacao-da-aprendizagem-no-contexto-da-educacao-inclusiva-2023\/\" \/>\n<meta property=\"og:site_name\" content=\"Forma\u00e7\u00e3o em Servi\u00e7o de Atendimento Educacional Especializado\" \/>\n<meta property=\"article:modified_time\" content=\"2023-07-12T00:13:04+00:00\" \/>\n<meta name=\"twitter:card\" content=\"summary_large_image\" \/>\n<meta name=\"twitter:label1\" content=\"Est. tempo de leitura\" \/>\n\t<meta name=\"twitter:data1\" content=\"5 minutos\" \/>\n<script type=\"application\/ld+json\" class=\"yoast-schema-graph\">{\"@context\":\"https:\/\/schema.org\",\"@graph\":[{\"@type\":\"WebPage\",\"@id\":\"https:\/\/wp.ufpel.edu.br\/aeeufpel\/curso-de-aperfeicoamento-em-tecnologias-para-a-mediacao-da-aprendizagem-no-contexto-da-educacao-inclusiva-2023\/\",\"url\":\"https:\/\/wp.ufpel.edu.br\/aeeufpel\/curso-de-aperfeicoamento-em-tecnologias-para-a-mediacao-da-aprendizagem-no-contexto-da-educacao-inclusiva-2023\/\",\"name\":\"Curso De Aperfei\u00e7oamento em Tecnologias Para A Media\u00e7\u00e3o Da Aprendizagem No Contexto Da Educa\u00e7\u00e3o Inclusiva - 2023 - Forma\u00e7\u00e3o em Servi\u00e7o de Atendimento Educacional Especializado\",\"isPartOf\":{\"@id\":\"https:\/\/wp.ufpel.edu.br\/aeeufpel\/#website\"},\"datePublished\":\"2023-07-06T14:44:05+00:00\",\"dateModified\":\"2023-07-12T00:13:04+00:00\",\"breadcrumb\":{\"@id\":\"https:\/\/wp.ufpel.edu.br\/aeeufpel\/curso-de-aperfeicoamento-em-tecnologias-para-a-mediacao-da-aprendizagem-no-contexto-da-educacao-inclusiva-2023\/#breadcrumb\"},\"inLanguage\":\"pt-BR\",\"potentialAction\":[{\"@type\":\"ReadAction\",\"target\":[\"https:\/\/wp.ufpel.edu.br\/aeeufpel\/curso-de-aperfeicoamento-em-tecnologias-para-a-mediacao-da-aprendizagem-no-contexto-da-educacao-inclusiva-2023\/\"]}]},{\"@type\":\"BreadcrumbList\",\"@id\":\"https:\/\/wp.ufpel.edu.br\/aeeufpel\/curso-de-aperfeicoamento-em-tecnologias-para-a-mediacao-da-aprendizagem-no-contexto-da-educacao-inclusiva-2023\/#breadcrumb\",\"itemListElement\":[{\"@type\":\"ListItem\",\"position\":1,\"name\":\"In\u00edcio\",\"item\":\"https:\/\/wp.ufpel.edu.br\/aeeufpel\/\"},{\"@type\":\"ListItem\",\"position\":2,\"name\":\"Curso De Aperfei\u00e7oamento em Tecnologias Para A Media\u00e7\u00e3o Da Aprendizagem No Contexto Da Educa\u00e7\u00e3o Inclusiva &#8211; 2023\"}]},{\"@type\":\"WebSite\",\"@id\":\"https:\/\/wp.ufpel.edu.br\/aeeufpel\/#website\",\"url\":\"https:\/\/wp.ufpel.edu.br\/aeeufpel\/\",\"name\":\"Forma\u00e7\u00e3o em Servi\u00e7o de Atendimento Educacional Especializado\",\"description\":\"Universidade Federal de Pelotas - UFPEL\",\"potentialAction\":[{\"@type\":\"SearchAction\",\"target\":{\"@type\":\"EntryPoint\",\"urlTemplate\":\"https:\/\/wp.ufpel.edu.br\/aeeufpel\/?s={search_term_string}\"},\"query-input\":{\"@type\":\"PropertyValueSpecification\",\"valueRequired\":true,\"valueName\":\"search_term_string\"}}],\"inLanguage\":\"pt-BR\"}]}<\/script>\n<!-- \/ Yoast SEO plugin. -->","yoast_head_json":{"title":"Curso De Aperfei\u00e7oamento em Tecnologias Para A Media\u00e7\u00e3o Da Aprendizagem No Contexto Da Educa\u00e7\u00e3o Inclusiva - 2023 - Forma\u00e7\u00e3o em Servi\u00e7o de Atendimento Educacional Especializado","robots":{"index":"index","follow":"follow","max-snippet":"max-snippet:-1","max-image-preview":"max-image-preview:large","max-video-preview":"max-video-preview:-1"},"canonical":"https:\/\/wp.ufpel.edu.br\/aeeufpel\/curso-de-aperfeicoamento-em-tecnologias-para-a-mediacao-da-aprendizagem-no-contexto-da-educacao-inclusiva-2023\/","og_locale":"pt_BR","og_type":"article","og_title":"Curso De Aperfei\u00e7oamento em Tecnologias Para A Media\u00e7\u00e3o Da Aprendizagem No Contexto Da Educa\u00e7\u00e3o Inclusiva - 2023 - Forma\u00e7\u00e3o em Servi\u00e7o de Atendimento Educacional Especializado","og_description":"INSCRI\u00c7\u00d5ES ENCERRADAS ORIENTA\u00c7\u00d5ES GERAIS \u00a0 Orienta\u00e7\u00f5es Gerais: Antes de realizar a inscri\u00e7\u00e3o, leia atentamente as informa\u00e7\u00f5es a seguir, observe o per\u00edodo do curso e avalie a sua disponibilidade em participar da forma\u00e7\u00e3o, acompanhar as aulas, acessar os materiais te\u00f3ricos e realizar as atividades propostas. O curso \u00e9 ofertado de forma gratuita, \u00a0composto por dez (10) [&hellip;]","og_url":"https:\/\/wp.ufpel.edu.br\/aeeufpel\/curso-de-aperfeicoamento-em-tecnologias-para-a-mediacao-da-aprendizagem-no-contexto-da-educacao-inclusiva-2023\/","og_site_name":"Forma\u00e7\u00e3o em Servi\u00e7o de Atendimento Educacional Especializado","article_modified_time":"2023-07-12T00:13:04+00:00","twitter_card":"summary_large_image","twitter_misc":{"Est. tempo de leitura":"5 minutos"},"schema":{"@context":"https:\/\/schema.org","@graph":[{"@type":"WebPage","@id":"https:\/\/wp.ufpel.edu.br\/aeeufpel\/curso-de-aperfeicoamento-em-tecnologias-para-a-mediacao-da-aprendizagem-no-contexto-da-educacao-inclusiva-2023\/","url":"https:\/\/wp.ufpel.edu.br\/aeeufpel\/curso-de-aperfeicoamento-em-tecnologias-para-a-mediacao-da-aprendizagem-no-contexto-da-educacao-inclusiva-2023\/","name":"Curso De Aperfei\u00e7oamento em Tecnologias Para A Media\u00e7\u00e3o Da Aprendizagem No Contexto Da Educa\u00e7\u00e3o Inclusiva - 2023 - Forma\u00e7\u00e3o em Servi\u00e7o de Atendimento Educacional Especializado","isPartOf":{"@id":"https:\/\/wp.ufpel.edu.br\/aeeufpel\/#website"},"datePublished":"2023-07-06T14:44:05+00:00","dateModified":"2023-07-12T00:13:04+00:00","breadcrumb":{"@id":"https:\/\/wp.ufpel.edu.br\/aeeufpel\/curso-de-aperfeicoamento-em-tecnologias-para-a-mediacao-da-aprendizagem-no-contexto-da-educacao-inclusiva-2023\/#breadcrumb"},"inLanguage":"pt-BR","potentialAction":[{"@type":"ReadAction","target":["https:\/\/wp.ufpel.edu.br\/aeeufpel\/curso-de-aperfeicoamento-em-tecnologias-para-a-mediacao-da-aprendizagem-no-contexto-da-educacao-inclusiva-2023\/"]}]},{"@type":"BreadcrumbList","@id":"https:\/\/wp.ufpel.edu.br\/aeeufpel\/curso-de-aperfeicoamento-em-tecnologias-para-a-mediacao-da-aprendizagem-no-contexto-da-educacao-inclusiva-2023\/#breadcrumb","itemListElement":[{"@type":"ListItem","position":1,"name":"In\u00edcio","item":"https:\/\/wp.ufpel.edu.br\/aeeufpel\/"},{"@type":"ListItem","position":2,"name":"Curso De Aperfei\u00e7oamento em Tecnologias Para A Media\u00e7\u00e3o Da Aprendizagem No Contexto Da Educa\u00e7\u00e3o Inclusiva &#8211; 2023"}]},{"@type":"WebSite","@id":"https:\/\/wp.ufpel.edu.br\/aeeufpel\/#website","url":"https:\/\/wp.ufpel.edu.br\/aeeufpel\/","name":"Forma\u00e7\u00e3o em Servi\u00e7o de Atendimento Educacional Especializado","description":"Universidade Federal de Pelotas - UFPEL","potentialAction":[{"@type":"SearchAction","target":{"@type":"EntryPoint","urlTemplate":"https:\/\/wp.ufpel.edu.br\/aeeufpel\/?s={search_term_string}"},"query-input":{"@type":"PropertyValueSpecification","valueRequired":true,"valueName":"search_term_string"}}],"inLanguage":"pt-BR"}]}},"_links":{"self":[{"href":"https:\/\/wp.ufpel.edu.br\/aeeufpel\/wp-json\/wp\/v2\/pages\/1055","targetHints":{"allow":["GET"]}}],"collection":[{"href":"https:\/\/wp.ufpel.edu.br\/aeeufpel\/wp-json\/wp\/v2\/pages"}],"about":[{"href":"https:\/\/wp.ufpel.edu.br\/aeeufpel\/wp-json\/wp\/v2\/types\/page"}],"author":[{"embeddable":true,"href":"https:\/\/wp.ufpel.edu.br\/aeeufpel\/wp-json\/wp\/v2\/users\/1031"}],"replies":[{"embeddable":true,"href":"https:\/\/wp.ufpel.edu.br\/aeeufpel\/wp-json\/wp\/v2\/comments?post=1055"}],"version-history":[{"count":2,"href":"https:\/\/wp.ufpel.edu.br\/aeeufpel\/wp-json\/wp\/v2\/pages\/1055\/revisions"}],"predecessor-version":[{"id":1079,"href":"https:\/\/wp.ufpel.edu.br\/aeeufpel\/wp-json\/wp\/v2\/pages\/1055\/revisions\/1079"}],"wp:attachment":[{"href":"https:\/\/wp.ufpel.edu.br\/aeeufpel\/wp-json\/wp\/v2\/media?parent=1055"}],"curies":[{"name":"wp","href":"https:\/\/api.w.org\/{rel}","templated":true}]}}