{"id":1052,"date":"2023-07-06T11:43:12","date_gmt":"2023-07-06T14:43:12","guid":{"rendered":"https:\/\/wp.ufpel.edu.br\/aeeufpel\/?page_id=1052"},"modified":"2023-07-11T21:13:48","modified_gmt":"2023-07-12T00:13:48","slug":"curso-de-aperfeicoamento-em-gestao-da-educacao-especial-na-perspectiva-inclusiva-2023","status":"publish","type":"page","link":"https:\/\/wp.ufpel.edu.br\/aeeufpel\/curso-de-aperfeicoamento-em-gestao-da-educacao-especial-na-perspectiva-inclusiva-2023\/","title":{"rendered":"Curso De Aperfei\u00e7oamento Em Gest\u00e3o Da Educa\u00e7\u00e3o Especial Na Perspectiva Inclusiva &#8211; 2023"},"content":{"rendered":"<p><span style=\"color: #ffffff;\"><strong><span style=\"background-color: #ff0000;\">INSCRI\u00c7\u00d5ES ENCERRADAS<\/span><\/strong><\/span><\/p>\n<p><strong><u>ORIENTA\u00c7\u00d5ES GERAIS<\/u><\/strong><\/p>\n<p><strong><u>\u00a0<\/u><\/strong><\/p>\n<p><strong>Orienta\u00e7\u00f5es Gerais:<\/strong> Antes de realizar a inscri\u00e7\u00e3o, leia atentamente as informa\u00e7\u00f5es a seguir, observe o per\u00edodo do curso e avalie a sua disponibilidade em participar da forma\u00e7\u00e3o, acompanhar as aulas, acessar os materiais te\u00f3ricos e realizar as atividades propostas. O curso \u00e9 ofertado de forma gratuita. \u00c9 composto por nove (9) disciplinas, al\u00e9m de aulas b\u00f4nus e extras, materiais e atividades pr\u00e1ticas. Outrossim, o curso conta com aulas ass\u00edncronas e s\u00edncronas (sendo a \u00faltima ocorrendo aos s\u00e1bados). Ao cursista, ser\u00e1 ofertado per\u00edodo de recupera\u00e7\u00e3o, ao final de cada m\u00f3dulo, para que o mesmo conclua as atividades pendentes. Nesse sentido, salienta-se que a realiza\u00e7\u00e3o das atividades \u00e9 um pr\u00e9-requisito para que o trabalho final seja aceito. Ademais, o cursista dever\u00e1 realizar e entregar o trabalho final para que haja a certifica\u00e7\u00e3o. No per\u00edodo de inscri\u00e7\u00e3o, preencha o formul\u00e1rio na \u00edntegra e anexe os documentos solicitados.<\/p>\n<p><strong><u>\u00a0<\/u><\/strong><\/p>\n<p><strong>P\u00fablico:<\/strong> Professores da Educa\u00e7\u00e3o B\u00e1sica da rede p\u00fablica de ensino; Gestores de escolas e profissionais da educa\u00e7\u00e3o.<\/p>\n<p>&nbsp;<\/p>\n<p><strong>Ementa: <\/strong>Oportunizar a reflex\u00e3o e o debate sobre a Educa\u00e7\u00e3o Especial na Perspectiva Inclusiva, princ\u00edpios, pr\u00e1ticas e estrutura, e do atendimento educacional especializado, analisando o papel do gestor neste contexto.<\/p>\n<p>&nbsp;<\/p>\n<p><strong>Carga Hor\u00e1ria:<\/strong> 180 horas.<\/p>\n<p>&nbsp;<\/p>\n<p><strong>Pr\u00e9-Requisitos:<\/strong> Para a realiza\u00e7\u00e3o da inscri\u00e7\u00e3o na forma\u00e7\u00e3o, \u00e9 necess\u00e1rio:<\/p>\n<ul>\n<li>Ser profissional da Educa\u00e7\u00e3o P\u00fablica;<\/li>\n<li>Ter disponibilidade para participar e realizar as atividades do curso \u00e0 dist\u00e2ncia;<\/li>\n<li>Acessar os materiais de estudo;<\/li>\n<li>Interagir com os tutores e com os colegas;<\/li>\n<li>Concluir o trabalho final;<\/li>\n<li>Participar das aulas s\u00edncronas.<\/li>\n<\/ul>\n<p>&nbsp;<\/p>\n<p><strong>N\u00ba de Vagas:<\/strong> 650<\/p>\n<p>&nbsp;<\/p>\n<p><strong>Per\u00edodo de Inscri\u00e7\u00e3o: <\/strong>\u00a0Inscri\u00e7\u00f5es de 08 de julho a 15 de julho de 2023 <a href=\"https:\/\/wp.ufpel.edu.br\/aeeufpel\/\">no site dos cursos de AEE da UFPel<\/a>. Preencha o formul\u00e1rio na \u00edntegra com aten\u00e7\u00e3o aos dados. As vagas ser\u00e3o preenchidas por ordem de inscri\u00e7\u00e3o. Excedido o n\u00famero de vagas, ser\u00e1 elaborada uma lista de suplentes.<\/p>\n<p>&nbsp;<\/p>\n<p><strong>Homologa\u00e7\u00e3o das inscri\u00e7\u00f5es: <\/strong>A lista com o resultado dos cursistas selecionados ser\u00e1 disponibilizada no mesmo site de inscri\u00e7\u00e3o, na aba \u201cEditais\u201d<strong>. <\/strong>Os cursistas contemplados com a vaga, receber\u00e3o um e-mail da coordena\u00e7\u00e3o do curso com as instru\u00e7\u00f5es para efetiva\u00e7\u00e3o da sua inscri\u00e7\u00e3o. Caso o e-mail do candidato seja identificado como inexistente, o cursista ser\u00e1 acionado via WhatsApp, contudo, caso ainda assim n\u00e3o haja retorno por parte do aluno, este ser\u00e1 eliminado da lista de homologados e um suplente ser\u00e1 chamado.<\/p>\n<p>&nbsp;<\/p>\n<p><strong>Per\u00edodo do Curso: <\/strong>04\/08\/2023 a 20\/01\/2024<\/p>\n<p>&nbsp;<\/p>\n<p><strong>Certifica\u00e7\u00e3o:<\/strong> Os certificados ser\u00e3o emitidos, ap\u00f3s a conclus\u00e3o do curso e do per\u00edodo de tramita\u00e7\u00e3o dos mesmos,\u00a0 para os cursistas que cumprirem os crit\u00e9rios de avalia\u00e7\u00e3o. <u>Ademais, os dados constantes no certificado, ter\u00e3o como base os dados do formul\u00e1rio de inscri\u00e7\u00e3o.<\/u> Salienta-se que os certificados seguem em tramita\u00e7\u00e3o interna na UFPel por at\u00e9 seis (6) meses ap\u00f3s a finaliza\u00e7\u00e3o do curso, e s\u00e3o disponibilizados no <a href=\"https:\/\/cobalto.ufpel.edu.br\/dashboard\/\">site do Cobalto<\/a>, na aba \u201cCertificados\u201d, na lateral esquerda. Nesse per\u00edodo, atestados podem ser solicitados via tutor.<\/p>\n<p>&nbsp;<\/p>\n<p><strong>M\u00f3dulos e Disciplinas:<\/strong> \u00a0O curso de Aperfei\u00e7oamento em Gest\u00e3o da Educa\u00e7\u00e3o Especial na Perspectiva Inclusiva ser\u00e1 organizado em tr\u00eas (3) m\u00f3dulos, totalizando 180 horas.<\/p>\n<p>&nbsp;<\/p>\n<ul>\n<li>Encontro geral;<\/li>\n<li>Semin\u00e1rio de abertura<\/li>\n<li><u>M\u00d3DULO I: Educa\u00e7\u00e3o Inclusiva: Concep\u00e7\u00f5es Te\u00f3rico-pr\u00e1ticas<\/u><\/li>\n<\/ul>\n<p>Disciplina 1: Pol\u00edticas P\u00fablicas e ordenamentos legais da educa\u00e7\u00e3o especial no contexto da educa\u00e7\u00e3o inclusiva<\/p>\n<p>Disciplina 2: Caracteriza\u00e7\u00f5es gerais das defici\u00eancias e transtornos<\/p>\n<p>Disciplina 3: Desenvolvimento e interven\u00e7\u00e3o precoce<\/p>\n<p>Aula b\u00f4nus 1: A import\u00e2ncia do l\u00fadico na pr\u00e1tica escolar<\/p>\n<p>Disciplina 4: Fundamentos neurobiol\u00f3gicos da aprendizagem<\/p>\n<p>Disciplina 5: Tecnologia assistiva e recursos adaptados<\/p>\n<p>Aula b\u00f4nus 2: Desenho Universal para Aprendizagem (DUA)<\/p>\n<p>Disciplina 6: Redes de apoio e fam\u00edlia no contexto da educa\u00e7\u00e3o especial na perspectiva inclusiva<\/p>\n<ul>\n<li>Recupera\u00e7\u00e3o da aprendizagem (M\u00f3dulo I)<\/li>\n<li><u>M\u00d3DULO II: Organiza\u00e7\u00e3o e Pr\u00e1tica da Escola Inclusiva<\/u><\/li>\n<\/ul>\n<p>Disciplina 7: Gest\u00e3o da Educa\u00e7\u00e3o<\/p>\n<p>Disciplina 8: Organiza\u00e7\u00e3o e Pr\u00e1tica da Escola Inclusiva<\/p>\n<p>Aula extra: Index<\/p>\n<p>Disciplina 9: Diversidade e Inclus\u00e3o<\/p>\n<ul>\n<li>Recupera\u00e7\u00e3o da aprendizagem (M\u00f3dulo II)<\/li>\n<li><u>M\u00d3DULO III: M\u00f3dulo final<\/u><\/li>\n<\/ul>\n<p>Trabalho final do curso<\/p>\n<ul>\n<li>Semin\u00e1rio de encerramento<\/li>\n<\/ul>\n<p>&nbsp;<\/p>\n<p><strong>Aulas: <\/strong>As aulas ser\u00e3o organizadas com diversas ferramentas para intera\u00e7\u00e3o do(a) cursista com seus colegas, tutores e professor(a) formador(a). Ser\u00e3o elaborados materiais instrucionais, tarefas pr\u00e1ticas relacionadas \u00e0 disciplina vigente e aulas\u00a0 ass\u00edncrona e s\u00edncrona aos s\u00e1bados pela manh\u00e3, de acordo com cronograma disponibilizado no ambiente de aprendizagem. Para a qualifica\u00e7\u00e3o da forma\u00e7\u00e3o, ser\u00e3o ofertadas LIVES B\u00d4NUS com tem\u00e1ticas que complementem e ampliem as suas aprendizagens ao longo do curso.<\/p>\n<p><strong>Avalia\u00e7\u00f5es: <\/strong>Tarefas pr\u00e1ticas ao longo de cada disciplina, al\u00e9m da elabora\u00e7\u00e3o e entrega de um trabalho final que ser\u00e1 organizado e constru\u00eddo ao longo do curso.<\/p>\n<p>&nbsp;<\/p>\n<p>Quaisquer outras d\u00favidas que n\u00e3o foram tratadas acima, podem ser encaminhadas ao e-mail da coordena\u00e7\u00e3o do curso: <a href=\"mailto:gestaoeducacaoinclusivaufpel@gmail.com\">gestaoeducacaoinclusivaufpel@gmail.com<\/a><\/p>\n<p>&nbsp;<\/p>\n<p>Sauda\u00e7\u00f5es e at\u00e9 breve!<\/p>\n<p><strong>\u00a0<\/strong><\/p>\n","protected":false},"excerpt":{"rendered":"<p>INSCRI\u00c7\u00d5ES ENCERRADAS ORIENTA\u00c7\u00d5ES GERAIS \u00a0 Orienta\u00e7\u00f5es Gerais: Antes de realizar a inscri\u00e7\u00e3o, leia atentamente as informa\u00e7\u00f5es a seguir, observe o per\u00edodo do curso e avalie a sua disponibilidade em participar da forma\u00e7\u00e3o, acompanhar as aulas, acessar os materiais te\u00f3ricos e realizar as atividades propostas. O curso \u00e9 ofertado de forma gratuita. \u00c9 composto por nove [&hellip;]<\/p>\n","protected":false},"author":1031,"featured_media":0,"parent":0,"menu_order":0,"comment_status":"closed","ping_status":"closed","template":"","meta":{"footnotes":""},"class_list":["post-1052","page","type-page","status-publish","hentry","post"],"yoast_head":"<!-- This site is optimized with the Yoast SEO plugin v26.7 - https:\/\/yoast.com\/wordpress\/plugins\/seo\/ -->\n<title>Curso De Aperfei\u00e7oamento Em Gest\u00e3o Da Educa\u00e7\u00e3o Especial Na Perspectiva Inclusiva - 2023 - Forma\u00e7\u00e3o em Servi\u00e7o de Atendimento Educacional Especializado<\/title>\n<meta name=\"robots\" content=\"index, follow, max-snippet:-1, max-image-preview:large, max-video-preview:-1\" \/>\n<link rel=\"canonical\" href=\"https:\/\/wp.ufpel.edu.br\/aeeufpel\/curso-de-aperfeicoamento-em-gestao-da-educacao-especial-na-perspectiva-inclusiva-2023\/\" \/>\n<meta property=\"og:locale\" content=\"pt_BR\" \/>\n<meta property=\"og:type\" content=\"article\" \/>\n<meta property=\"og:title\" content=\"Curso De Aperfei\u00e7oamento Em Gest\u00e3o Da Educa\u00e7\u00e3o Especial Na Perspectiva Inclusiva - 2023 - Forma\u00e7\u00e3o em Servi\u00e7o de Atendimento Educacional Especializado\" \/>\n<meta property=\"og:description\" content=\"INSCRI\u00c7\u00d5ES ENCERRADAS ORIENTA\u00c7\u00d5ES GERAIS \u00a0 Orienta\u00e7\u00f5es Gerais: Antes de realizar a inscri\u00e7\u00e3o, leia atentamente as informa\u00e7\u00f5es a seguir, observe o per\u00edodo do curso e avalie a sua disponibilidade em participar da forma\u00e7\u00e3o, acompanhar as aulas, acessar os materiais te\u00f3ricos e realizar as atividades propostas. O curso \u00e9 ofertado de forma gratuita. \u00c9 composto por nove [&hellip;]\" \/>\n<meta property=\"og:url\" content=\"https:\/\/wp.ufpel.edu.br\/aeeufpel\/curso-de-aperfeicoamento-em-gestao-da-educacao-especial-na-perspectiva-inclusiva-2023\/\" \/>\n<meta property=\"og:site_name\" content=\"Forma\u00e7\u00e3o em Servi\u00e7o de Atendimento Educacional Especializado\" \/>\n<meta property=\"article:modified_time\" content=\"2023-07-12T00:13:48+00:00\" \/>\n<meta name=\"twitter:card\" content=\"summary_large_image\" \/>\n<meta name=\"twitter:label1\" content=\"Est. tempo de leitura\" \/>\n\t<meta name=\"twitter:data1\" content=\"5 minutos\" \/>\n<script type=\"application\/ld+json\" class=\"yoast-schema-graph\">{\"@context\":\"https:\/\/schema.org\",\"@graph\":[{\"@type\":\"WebPage\",\"@id\":\"https:\/\/wp.ufpel.edu.br\/aeeufpel\/curso-de-aperfeicoamento-em-gestao-da-educacao-especial-na-perspectiva-inclusiva-2023\/\",\"url\":\"https:\/\/wp.ufpel.edu.br\/aeeufpel\/curso-de-aperfeicoamento-em-gestao-da-educacao-especial-na-perspectiva-inclusiva-2023\/\",\"name\":\"Curso De Aperfei\u00e7oamento Em Gest\u00e3o Da Educa\u00e7\u00e3o Especial Na Perspectiva Inclusiva - 2023 - Forma\u00e7\u00e3o em Servi\u00e7o de Atendimento Educacional Especializado\",\"isPartOf\":{\"@id\":\"https:\/\/wp.ufpel.edu.br\/aeeufpel\/#website\"},\"datePublished\":\"2023-07-06T14:43:12+00:00\",\"dateModified\":\"2023-07-12T00:13:48+00:00\",\"breadcrumb\":{\"@id\":\"https:\/\/wp.ufpel.edu.br\/aeeufpel\/curso-de-aperfeicoamento-em-gestao-da-educacao-especial-na-perspectiva-inclusiva-2023\/#breadcrumb\"},\"inLanguage\":\"pt-BR\",\"potentialAction\":[{\"@type\":\"ReadAction\",\"target\":[\"https:\/\/wp.ufpel.edu.br\/aeeufpel\/curso-de-aperfeicoamento-em-gestao-da-educacao-especial-na-perspectiva-inclusiva-2023\/\"]}]},{\"@type\":\"BreadcrumbList\",\"@id\":\"https:\/\/wp.ufpel.edu.br\/aeeufpel\/curso-de-aperfeicoamento-em-gestao-da-educacao-especial-na-perspectiva-inclusiva-2023\/#breadcrumb\",\"itemListElement\":[{\"@type\":\"ListItem\",\"position\":1,\"name\":\"In\u00edcio\",\"item\":\"https:\/\/wp.ufpel.edu.br\/aeeufpel\/\"},{\"@type\":\"ListItem\",\"position\":2,\"name\":\"Curso De Aperfei\u00e7oamento Em Gest\u00e3o Da Educa\u00e7\u00e3o Especial Na Perspectiva Inclusiva &#8211; 2023\"}]},{\"@type\":\"WebSite\",\"@id\":\"https:\/\/wp.ufpel.edu.br\/aeeufpel\/#website\",\"url\":\"https:\/\/wp.ufpel.edu.br\/aeeufpel\/\",\"name\":\"Forma\u00e7\u00e3o em Servi\u00e7o de Atendimento Educacional Especializado\",\"description\":\"Universidade Federal de Pelotas - UFPEL\",\"potentialAction\":[{\"@type\":\"SearchAction\",\"target\":{\"@type\":\"EntryPoint\",\"urlTemplate\":\"https:\/\/wp.ufpel.edu.br\/aeeufpel\/?s={search_term_string}\"},\"query-input\":{\"@type\":\"PropertyValueSpecification\",\"valueRequired\":true,\"valueName\":\"search_term_string\"}}],\"inLanguage\":\"pt-BR\"}]}<\/script>\n<!-- \/ Yoast SEO plugin. -->","yoast_head_json":{"title":"Curso De Aperfei\u00e7oamento Em Gest\u00e3o Da Educa\u00e7\u00e3o Especial Na Perspectiva Inclusiva - 2023 - Forma\u00e7\u00e3o em Servi\u00e7o de Atendimento Educacional Especializado","robots":{"index":"index","follow":"follow","max-snippet":"max-snippet:-1","max-image-preview":"max-image-preview:large","max-video-preview":"max-video-preview:-1"},"canonical":"https:\/\/wp.ufpel.edu.br\/aeeufpel\/curso-de-aperfeicoamento-em-gestao-da-educacao-especial-na-perspectiva-inclusiva-2023\/","og_locale":"pt_BR","og_type":"article","og_title":"Curso De Aperfei\u00e7oamento Em Gest\u00e3o Da Educa\u00e7\u00e3o Especial Na Perspectiva Inclusiva - 2023 - Forma\u00e7\u00e3o em Servi\u00e7o de Atendimento Educacional Especializado","og_description":"INSCRI\u00c7\u00d5ES ENCERRADAS ORIENTA\u00c7\u00d5ES GERAIS \u00a0 Orienta\u00e7\u00f5es Gerais: Antes de realizar a inscri\u00e7\u00e3o, leia atentamente as informa\u00e7\u00f5es a seguir, observe o per\u00edodo do curso e avalie a sua disponibilidade em participar da forma\u00e7\u00e3o, acompanhar as aulas, acessar os materiais te\u00f3ricos e realizar as atividades propostas. O curso \u00e9 ofertado de forma gratuita. \u00c9 composto por nove [&hellip;]","og_url":"https:\/\/wp.ufpel.edu.br\/aeeufpel\/curso-de-aperfeicoamento-em-gestao-da-educacao-especial-na-perspectiva-inclusiva-2023\/","og_site_name":"Forma\u00e7\u00e3o em Servi\u00e7o de Atendimento Educacional Especializado","article_modified_time":"2023-07-12T00:13:48+00:00","twitter_card":"summary_large_image","twitter_misc":{"Est. tempo de leitura":"5 minutos"},"schema":{"@context":"https:\/\/schema.org","@graph":[{"@type":"WebPage","@id":"https:\/\/wp.ufpel.edu.br\/aeeufpel\/curso-de-aperfeicoamento-em-gestao-da-educacao-especial-na-perspectiva-inclusiva-2023\/","url":"https:\/\/wp.ufpel.edu.br\/aeeufpel\/curso-de-aperfeicoamento-em-gestao-da-educacao-especial-na-perspectiva-inclusiva-2023\/","name":"Curso De Aperfei\u00e7oamento Em Gest\u00e3o Da Educa\u00e7\u00e3o Especial Na Perspectiva Inclusiva - 2023 - Forma\u00e7\u00e3o em Servi\u00e7o de Atendimento Educacional Especializado","isPartOf":{"@id":"https:\/\/wp.ufpel.edu.br\/aeeufpel\/#website"},"datePublished":"2023-07-06T14:43:12+00:00","dateModified":"2023-07-12T00:13:48+00:00","breadcrumb":{"@id":"https:\/\/wp.ufpel.edu.br\/aeeufpel\/curso-de-aperfeicoamento-em-gestao-da-educacao-especial-na-perspectiva-inclusiva-2023\/#breadcrumb"},"inLanguage":"pt-BR","potentialAction":[{"@type":"ReadAction","target":["https:\/\/wp.ufpel.edu.br\/aeeufpel\/curso-de-aperfeicoamento-em-gestao-da-educacao-especial-na-perspectiva-inclusiva-2023\/"]}]},{"@type":"BreadcrumbList","@id":"https:\/\/wp.ufpel.edu.br\/aeeufpel\/curso-de-aperfeicoamento-em-gestao-da-educacao-especial-na-perspectiva-inclusiva-2023\/#breadcrumb","itemListElement":[{"@type":"ListItem","position":1,"name":"In\u00edcio","item":"https:\/\/wp.ufpel.edu.br\/aeeufpel\/"},{"@type":"ListItem","position":2,"name":"Curso De Aperfei\u00e7oamento Em Gest\u00e3o Da Educa\u00e7\u00e3o Especial Na Perspectiva Inclusiva &#8211; 2023"}]},{"@type":"WebSite","@id":"https:\/\/wp.ufpel.edu.br\/aeeufpel\/#website","url":"https:\/\/wp.ufpel.edu.br\/aeeufpel\/","name":"Forma\u00e7\u00e3o em Servi\u00e7o de Atendimento Educacional Especializado","description":"Universidade Federal de Pelotas - UFPEL","potentialAction":[{"@type":"SearchAction","target":{"@type":"EntryPoint","urlTemplate":"https:\/\/wp.ufpel.edu.br\/aeeufpel\/?s={search_term_string}"},"query-input":{"@type":"PropertyValueSpecification","valueRequired":true,"valueName":"search_term_string"}}],"inLanguage":"pt-BR"}]}},"_links":{"self":[{"href":"https:\/\/wp.ufpel.edu.br\/aeeufpel\/wp-json\/wp\/v2\/pages\/1052","targetHints":{"allow":["GET"]}}],"collection":[{"href":"https:\/\/wp.ufpel.edu.br\/aeeufpel\/wp-json\/wp\/v2\/pages"}],"about":[{"href":"https:\/\/wp.ufpel.edu.br\/aeeufpel\/wp-json\/wp\/v2\/types\/page"}],"author":[{"embeddable":true,"href":"https:\/\/wp.ufpel.edu.br\/aeeufpel\/wp-json\/wp\/v2\/users\/1031"}],"replies":[{"embeddable":true,"href":"https:\/\/wp.ufpel.edu.br\/aeeufpel\/wp-json\/wp\/v2\/comments?post=1052"}],"version-history":[{"count":2,"href":"https:\/\/wp.ufpel.edu.br\/aeeufpel\/wp-json\/wp\/v2\/pages\/1052\/revisions"}],"predecessor-version":[{"id":1080,"href":"https:\/\/wp.ufpel.edu.br\/aeeufpel\/wp-json\/wp\/v2\/pages\/1052\/revisions\/1080"}],"wp:attachment":[{"href":"https:\/\/wp.ufpel.edu.br\/aeeufpel\/wp-json\/wp\/v2\/media?parent=1052"}],"curies":[{"name":"wp","href":"https:\/\/api.w.org\/{rel}","templated":true}]}}