{"id":88,"date":"2015-11-03T21:20:09","date_gmt":"2015-11-03T23:20:09","guid":{"rendered":"https:\/\/wp.ufpel.edu.br\/aditeme\/?page_id=88"},"modified":"2015-11-04T20:39:48","modified_gmt":"2015-11-04T22:39:48","slug":"certificados","status":"publish","type":"page","link":"https:\/\/wp.ufpel.edu.br\/aditeme\/atendimento-especial-de-pacientes-com-disfuncao-da-articulacao-temporomandibular-aditeme\/certificados\/","title":{"rendered":"Certificados"},"content":{"rendered":"<p style=\"text-align: justify\">De acordo com os relat\u00f3rios anuais remetidos \u00e0 Pr\u00f3-reitoria de Extens\u00e3o e Cultura da UFPEL \u2013 PREC, s\u00e3o impressos os certificados oficiais do ADITEME. V\u00e1rios destes Certificados j\u00e1 foram confeccionados e entregues, mas alguns ainda est\u00e3o em posse da Coordena\u00e7\u00e3o do projeto. Aos que ainda n\u00e3o retiraram, favor faz\u00ea-lo mais breve poss\u00edvel.<\/p>\n<p style=\"text-align: justify\">Excepcionalmente, enquanto a PREC n\u00e3o confecciona os certificados, a Coordena\u00e7\u00e3o Geral do projeto providenciar\u00e1 um \u201cAtestado de Participa\u00e7\u00e3o\u201d impresso e assinado, que n\u00e3o substitui mas justifica o Certificado, aos alunos que o solicitarem.<\/p>\n<p>E aos egressos do ADITEME , n\u00e3o se esque\u00e7am de enviar not\u00edcias de onde se encontram!<\/p>\n<p>Att<\/p>\n<p>Guilherme B. Camacho<\/p>\n<p>Coordena\u00e7\u00e3o Geral do ADITEME<\/p>\n<p>&nbsp;<\/p>\n","protected":false},"excerpt":{"rendered":"<p>De acordo com os relat\u00f3rios anuais remetidos \u00e0 Pr\u00f3-reitoria de Extens\u00e3o e Cultura da UFPEL \u2013 PREC, s\u00e3o impressos os certificados oficiais do ADITEME. V\u00e1rios destes Certificados j\u00e1 foram confeccionados e entregues, mas alguns ainda est\u00e3o em posse da Coordena\u00e7\u00e3o &hellip; <a href=\"https:\/\/wp.ufpel.edu.br\/aditeme\/atendimento-especial-de-pacientes-com-disfuncao-da-articulacao-temporomandibular-aditeme\/certificados\/\">Continue lendo <span class=\"meta-nav\">&rarr;<\/span><\/a><\/p>\n","protected":false},"author":575,"featured_media":0,"parent":6,"menu_order":4,"comment_status":"closed","ping_status":"closed","template":"","meta":{"jetpack_post_was_ever_published":false,"footnotes":""},"class_list":["post-88","page","type-page","status-publish","hentry"],"jetpack_sharing_enabled":true,"jetpack_shortlink":"https:\/\/wp.me\/P6TkMU-1q","jetpack-related-posts":[],"_links":{"self":[{"href":"https:\/\/wp.ufpel.edu.br\/aditeme\/wp-json\/wp\/v2\/pages\/88","targetHints":{"allow":["GET"]}}],"collection":[{"href":"https:\/\/wp.ufpel.edu.br\/aditeme\/wp-json\/wp\/v2\/pages"}],"about":[{"href":"https:\/\/wp.ufpel.edu.br\/aditeme\/wp-json\/wp\/v2\/types\/page"}],"author":[{"embeddable":true,"href":"https:\/\/wp.ufpel.edu.br\/aditeme\/wp-json\/wp\/v2\/users\/575"}],"replies":[{"embeddable":true,"href":"https:\/\/wp.ufpel.edu.br\/aditeme\/wp-json\/wp\/v2\/comments?post=88"}],"version-history":[{"count":2,"href":"https:\/\/wp.ufpel.edu.br\/aditeme\/wp-json\/wp\/v2\/pages\/88\/revisions"}],"predecessor-version":[{"id":90,"href":"https:\/\/wp.ufpel.edu.br\/aditeme\/wp-json\/wp\/v2\/pages\/88\/revisions\/90"}],"up":[{"embeddable":true,"href":"https:\/\/wp.ufpel.edu.br\/aditeme\/wp-json\/wp\/v2\/pages\/6"}],"wp:attachment":[{"href":"https:\/\/wp.ufpel.edu.br\/aditeme\/wp-json\/wp\/v2\/media?parent=88"}],"curies":[{"name":"wp","href":"https:\/\/api.w.org\/{rel}","templated":true}]}}