{"id":6,"date":"2015-10-17T20:42:54","date_gmt":"2015-10-17T23:42:54","guid":{"rendered":"https:\/\/wp.ufpel.edu.br\/aditeme\/?page_id=6"},"modified":"2016-04-01T15:50:30","modified_gmt":"2016-04-01T18:50:30","slug":"atendimento-especial-de-pacientes-com-disfuncao-da-articulacao-temporomandibular-aditeme","status":"publish","type":"page","link":"https:\/\/wp.ufpel.edu.br\/aditeme\/atendimento-especial-de-pacientes-com-disfuncao-da-articulacao-temporomandibular-aditeme\/","title":{"rendered":"ADITEME"},"content":{"rendered":"<p><span style=\"color: #00478e;font-family: arial,helvetica,sans-serif;font-size: 18pt\"><small><b><i><small><span style=\"font-size: 12pt\"> Esta p\u00e1gina pertence ao Projeto de Extens\u00e3o Universit\u00e1ria ADITEME, c\u00f3digo PREC 52648039, da Faculdade de Odontologia, Universidade Federal de Pelotas. Este \u00e9 um espa\u00e7o livre para os Membros do Projeto. Todos os arquivos dispon\u00edveis neste portal est\u00e3o livres de v\u00edrus<\/span>.<\/small><\/i><\/b><\/small><\/span><\/p>\n<p><span style=\"color: #800000\">Coordenador do Projeto: Prof. Dr. Guilherme Bri\u00e3o Camacho<\/span><\/p>\n<p><span style=\"color: #800000\">Vice-Coordenador: Prof. Dr. Renato Fabr\u00edcio de Andrade Waldemarin<\/span><\/p>\n<p><span style=\"color: #800000\">Colaboradores:<\/span><\/p>\n<p><span style=\"color: #800000\">Prof. Dr. Eduardo Luiz Barbin<\/span><\/p>\n<p><span style=\"color: #800000\">Prof. Dr. J\u00falio C\u00e9sar Emboava Span\u00f3<\/span><\/p>\n<p><span style=\"color: #800000\">T.A. Cl\u00e1udia Petry Machado<\/span><\/p>\n<p><span style=\"color: #800000\">T.A. Cl\u00e1udio Rosa dos Santos<\/span><\/p>\n<p><span style=\"color: #800000\">T.A. Nilso Blanco Neto<\/span><\/p>\n<h6 style=\"text-align: justify\"><strong><span style=\"color: #339966\"><small><small><big><big><small><small><big><big>\u00a0 <span style=\"color: #008000\">ADITEME &#8211; O Projeto\u00a0 funciona \u00e0s sextas-feiras em dois turnos: das 13,30 \u00e0s 15,30 hs em primeiro turno; das 15,00 \u00e0s 17,00hs em segundo, onde existem equipes de extensionistas que optam por um ou outro per\u00edodo. <\/span><\/big><\/big><\/small><\/small><\/big><\/big><\/small><\/small><span style=\"color: #008000\"><small><i><small><big><big><small><small><big><big><br \/>\n<\/big><\/big><\/small><\/small><\/big><\/big><\/small><\/i><\/small><\/span><\/span><\/strong><small><b><i><small><big><big><small><span style=\"font-family: Times New Roman,Times,serif\"><b><i><small><big><big><span style=\"color: #009900;font-family: arial,helvetica,sans-serif\"><span style=\"color: #3333ff\"><strong><span style=\"color: #99ccff\"><small><br \/>\n<\/small><\/span><\/strong>\u00a0<\/span><\/span><br \/>\n<span style=\"color: #009900\"><span style=\"color: #000000\"><span style=\"font-family: arial,helvetica,sans-serif\">STATUS ATUAL DO PROJETO: <\/span><\/span><\/span><\/big><\/big><\/small><\/i><\/b><\/span><\/small><\/big><\/big><\/small><\/i><\/b><strong><i><small><big><big><small><span style=\"font-family: Times New Roman,Times,serif\"><i><small><big><big><span style=\"color: #009900\"><span style=\"color: #000000\"><span style=\"font-family: Times New Roman,Times,serif\"><span style=\"font-family: arial,helvetica,sans-serif\">em funcionamento<\/span><\/span><\/span><\/span><\/big><\/big><\/small><\/i><\/span><\/small><\/big><\/big><\/small><\/i><\/strong><i><small><big><big><small><span style=\"font-family: Times New Roman,Times,serif\"><i><small><big><big><span style=\"color: #009900\"><span style=\"color: #000000\"><span style=\"font-family: Times New Roman,Times,serif\"><span style=\"font-family: arial,helvetica,sans-serif\"><strong>!<\/strong><\/span><\/span><\/span><\/span><\/big><\/big><\/small><\/i><\/span><\/small><\/big><\/big><\/small><\/i><b><i><small><big><big><small><span style=\"font-family: Times New Roman,Times,serif\"><b><i><small><big><big><span style=\"color: #009900\"><span style=\"color: #000000\"><span style=\"font-family: Times New Roman,Times,serif\"><br \/>\n<\/span><\/span><\/span><\/big><\/big><\/small><\/i><\/b><\/span><\/small><\/big><\/big><\/small><\/i><\/b><\/small><\/h6>\n<p><span style=\"color: #ff0000\"><strong><em>LINK para o site <a style=\"color: #ff0000\" href=\"http:\/\/odonto.ufpel.edu.br\/DepOdontRestau\/ADITEME.html\" target=\"_blank\">ANTIGO!<\/a><\/em><\/strong><\/span><\/p>\n","protected":false},"excerpt":{"rendered":"<p>Esta p\u00e1gina pertence ao Projeto de Extens\u00e3o Universit\u00e1ria ADITEME, c\u00f3digo PREC 52648039, da Faculdade de Odontologia, Universidade Federal de Pelotas. Este \u00e9 um espa\u00e7o livre para os Membros do Projeto. Todos os arquivos dispon\u00edveis neste portal est\u00e3o livres de v\u00edrus. &hellip; <a href=\"https:\/\/wp.ufpel.edu.br\/aditeme\/atendimento-especial-de-pacientes-com-disfuncao-da-articulacao-temporomandibular-aditeme\/\">Continue lendo <span class=\"meta-nav\">&rarr;<\/span><\/a><\/p>\n","protected":false},"author":575,"featured_media":7,"parent":0,"menu_order":0,"comment_status":"closed","ping_status":"closed","template":"","meta":{"jetpack_post_was_ever_published":false,"footnotes":""},"class_list":["post-6","page","type-page","status-publish","has-post-thumbnail","hentry"],"jetpack_sharing_enabled":true,"jetpack_shortlink":"https:\/\/wp.me\/P6TkMU-6","jetpack-related-posts":[],"_links":{"self":[{"href":"https:\/\/wp.ufpel.edu.br\/aditeme\/wp-json\/wp\/v2\/pages\/6","targetHints":{"allow":["GET"]}}],"collection":[{"href":"https:\/\/wp.ufpel.edu.br\/aditeme\/wp-json\/wp\/v2\/pages"}],"about":[{"href":"https:\/\/wp.ufpel.edu.br\/aditeme\/wp-json\/wp\/v2\/types\/page"}],"author":[{"embeddable":true,"href":"https:\/\/wp.ufpel.edu.br\/aditeme\/wp-json\/wp\/v2\/users\/575"}],"replies":[{"embeddable":true,"href":"https:\/\/wp.ufpel.edu.br\/aditeme\/wp-json\/wp\/v2\/comments?post=6"}],"version-history":[{"count":22,"href":"https:\/\/wp.ufpel.edu.br\/aditeme\/wp-json\/wp\/v2\/pages\/6\/revisions"}],"predecessor-version":[{"id":198,"href":"https:\/\/wp.ufpel.edu.br\/aditeme\/wp-json\/wp\/v2\/pages\/6\/revisions\/198"}],"wp:featuredmedia":[{"embeddable":true,"href":"https:\/\/wp.ufpel.edu.br\/aditeme\/wp-json\/wp\/v2\/media\/7"}],"wp:attachment":[{"href":"https:\/\/wp.ufpel.edu.br\/aditeme\/wp-json\/wp\/v2\/media?parent=6"}],"curies":[{"name":"wp","href":"https:\/\/api.w.org\/{rel}","templated":true}]}}