{"id":575,"date":"2021-01-15T16:04:13","date_gmt":"2021-01-15T19:04:13","guid":{"rendered":"https:\/\/wp.ufpel.edu.br\/aditeme\/?page_id=575"},"modified":"2021-12-30T19:58:57","modified_gmt":"2021-12-30T22:58:57","slug":"producao-atividades-remotas","status":"publish","type":"page","link":"https:\/\/wp.ufpel.edu.br\/aditeme\/producao-atividades-remotas\/","title":{"rendered":"PRODU\u00c7\u00c3O &#8211; Atividades Remotas"},"content":{"rendered":"<p>Produ\u00e7\u00e3o acad\u00eamica individual e coletiva, com e sem revis\u00e3o editorial, durante a A\u00e7\u00e3o Remota\u00a0 2020 do ADITEME:<\/p>\n<table width=\"95%\">\n<tbody>\n<tr>\n<td width=\"45%\">Aluno(s)<\/td>\n<td width=\"54%\">Tema<\/td>\n<\/tr>\n<tr>\n<td>\n<p><strong>Salma B. Salybi\u00a0 <\/strong><\/p>\n<p><strong>Fernanda Isabel Rom\u00e1n Ramos<\/strong><\/td>\n<td><a href=\"https:\/\/wp.ufpel.edu.br\/aditeme\/files\/2021\/12\/DesordensInflamatorias-SinoviteCapsulite_2021.pdf\" target=\"_blank\" rel=\"noopener\">Desordens inflamat\u00f3rias da ATM &#8211; Sinovite e Capsulite: Uma revis\u00e3o narrativa da literatura<\/a><\/td>\n<\/tr>\n<tr>\n<td><strong>Bruna Vettorazzi Liskoski<\/strong><\/td>\n<td><a href=\"https:\/\/wp.ufpel.edu.br\/aditeme\/files\/2021\/12\/Bruxismo-e-fatores-psicossociais-ADITEME_2021.pdf\" target=\"_blank\" rel=\"noopener\">Associa\u00e7\u00e3o entre Bruxismo e Fatores Psicossociais<\/a><\/td>\n<\/tr>\n<tr>\n<td width=\"45%\"><strong>Marcelo Brito de Oliveira Filho<\/strong><\/td>\n<td width=\"54%\"><a href=\"https:\/\/wp.ufpel.edu.br\/aditeme\/files\/2021\/01\/TRATAMENTO-DAS-DESORDENS-DOS-MUSCULOS-MASTIGATORIOS_Resenha.pdf\" target=\"_blank\" rel=\"noopener noreferrer\">Tratamento das Desordens dos M\u00fasculos Mastigat\u00f3rios &#8211; Resenha<\/a><\/td>\n<\/tr>\n<tr>\n<td width=\"45%\"><strong>Marcelo Brito de Oliveira Filho<\/strong><\/td>\n<td width=\"54%\"><a href=\"https:\/\/wp.ufpel.edu.br\/aditeme\/files\/2021\/01\/IDENTIFICACAO-DOS-FATORES-ETIOLOGICOS-DAS-DTM-REVISAO-NARRATIVA-DE-LITERATURA_Rev01.pdf\" target=\"_blank\" rel=\"noopener noreferrer\">Identifica\u00e7\u00e3o dos Fatores Etiol\u00f3gicos das Desordens Temporomandibulares: Revis\u00e3o Narrativa de Literatura<\/a><\/td>\n<\/tr>\n<tr>\n<td width=\"45%\">\n<p><strong>Amanda dos Santos Figueiredo<\/strong><\/p>\n<p><strong>Daniela Haubman Pereira<\/strong><\/p>\n<p><strong>Gabriel Lima Braz<\/strong><\/td>\n<td width=\"54%\"><a href=\"https:\/\/wp.ufpel.edu.br\/aditeme\/files\/2021\/01\/Aplicacao-de-Toxina-Botulinica-nas-Desordens-Temporomandibulares-de-Origem-Muscular_Rev01.pdf\" target=\"_blank\" rel=\"noopener noreferrer\">Aplica\u00e7\u00e3o de Toxina Botul\u00ednica nas Desordens Temporomandibulares de Origem Muscular<\/a><\/td>\n<\/tr>\n<tr>\n<td width=\"45%\">\n<p><strong>Alberto Carlos Vasconcellos Costa Filho<\/strong><\/p>\n<p><strong>Douglas Silva de Almeida<\/strong><\/td>\n<td width=\"54%\"><a href=\"https:\/\/wp.ufpel.edu.br\/aditeme\/files\/2021\/01\/Anatomia-funcional-e-a-biomecanica-do-Sistema-Mastigatorio_Rev01.pdf\" target=\"_blank\" rel=\"noopener noreferrer\">Anatomia Funcional e a Biomec\u00e2nica do Sistema Mastigat\u00f3rio &#8211; Resenha<\/a><\/td>\n<\/tr>\n<tr>\n<td width=\"45%\"><strong>Guilherme Espinosa Dutra<\/strong><\/td>\n<td width=\"54%\"><a href=\"https:\/\/wp.ufpel.edu.br\/aditeme\/files\/2021\/01\/CRITERIOS-PARA-UMA-OCLUSAO-FUNCIONAL-IDEAL_Rev01.pdf\" target=\"_blank\" rel=\"noopener noreferrer\">Crit\u00e9rios para uma Oclus\u00e3o Funcional Ideal &#8211; Resenha<\/a><\/td>\n<\/tr>\n<tr>\n<td width=\"45%\">\n<p><strong>Henrique Peres<\/strong><\/p>\n<p><strong>\u00a0Nat\u00e1lia Brito<\/strong><\/p>\n<p><strong>\u00a0Eduarda Heidmann<\/strong><\/td>\n<td width=\"54%\"><a href=\"https:\/\/wp.ufpel.edu.br\/aditeme\/files\/2021\/01\/Relacao-entre-a-Disfuncao-Temporomandibular-DTM-e-a-Coluna-Cervical_Rev01.pdf\" target=\"_blank\" rel=\"noopener noreferrer\">Rela\u00e7\u00e3o entre a Desordem Temporomandibular (DTM) e a Coluna Cervical<\/a><\/td>\n<\/tr>\n<tr>\n<td>\n<p><strong>Erika Lima Fonseca<\/strong><\/p>\n<p><strong>Fernando Ant\u00f4nio Vargas Junior<br \/>\n<\/strong><\/td>\n<td><a href=\"https:\/\/wp.ufpel.edu.br\/aditeme\/files\/2021\/03\/DISFUNCAO-DA-ARTICULACAO-TEMPOROMANDIBULAR_Rev01.pdf\" target=\"_blank\" rel=\"noopener noreferrer\">Desordens Funcionais da Articula\u00e7\u00e3o Temporomandibular<\/a><\/td>\n<\/tr>\n<\/tbody>\n<\/table>\n<p>&nbsp;<\/p>\n<p>&nbsp;<\/p>\n<p>&nbsp;<\/p>\n","protected":false},"excerpt":{"rendered":"<p>Produ\u00e7\u00e3o acad\u00eamica individual e coletiva, com e sem revis\u00e3o editorial, durante a A\u00e7\u00e3o Remota\u00a0 2020 do ADITEME: Aluno(s) Tema Salma B. Salybi\u00a0 Fernanda Isabel Rom\u00e1n Ramos Desordens inflamat\u00f3rias da ATM &#8211; Sinovite e Capsulite: Uma revis\u00e3o narrativa da literatura Bruna &hellip; <a href=\"https:\/\/wp.ufpel.edu.br\/aditeme\/producao-atividades-remotas\/\">Continue lendo <span class=\"meta-nav\">&rarr;<\/span><\/a><\/p>\n","protected":false},"author":575,"featured_media":0,"parent":0,"menu_order":0,"comment_status":"closed","ping_status":"closed","template":"","meta":{"jetpack_post_was_ever_published":false,"footnotes":""},"class_list":["post-575","page","type-page","status-publish","hentry"],"jetpack_sharing_enabled":true,"jetpack_shortlink":"https:\/\/wp.me\/P6TkMU-9h","jetpack-related-posts":[],"_links":{"self":[{"href":"https:\/\/wp.ufpel.edu.br\/aditeme\/wp-json\/wp\/v2\/pages\/575","targetHints":{"allow":["GET"]}}],"collection":[{"href":"https:\/\/wp.ufpel.edu.br\/aditeme\/wp-json\/wp\/v2\/pages"}],"about":[{"href":"https:\/\/wp.ufpel.edu.br\/aditeme\/wp-json\/wp\/v2\/types\/page"}],"author":[{"embeddable":true,"href":"https:\/\/wp.ufpel.edu.br\/aditeme\/wp-json\/wp\/v2\/users\/575"}],"replies":[{"embeddable":true,"href":"https:\/\/wp.ufpel.edu.br\/aditeme\/wp-json\/wp\/v2\/comments?post=575"}],"version-history":[{"count":16,"href":"https:\/\/wp.ufpel.edu.br\/aditeme\/wp-json\/wp\/v2\/pages\/575\/revisions"}],"predecessor-version":[{"id":654,"href":"https:\/\/wp.ufpel.edu.br\/aditeme\/wp-json\/wp\/v2\/pages\/575\/revisions\/654"}],"wp:attachment":[{"href":"https:\/\/wp.ufpel.edu.br\/aditeme\/wp-json\/wp\/v2\/media?parent=575"}],"curies":[{"name":"wp","href":"https:\/\/api.w.org\/{rel}","templated":true}]}}