{"id":33,"date":"2015-10-27T22:23:17","date_gmt":"2015-10-28T00:23:17","guid":{"rendered":"https:\/\/wp.ufpel.edu.br\/aditeme\/?page_id=33"},"modified":"2021-01-15T18:11:44","modified_gmt":"2021-01-15T21:11:44","slug":"arquivos-em-oclusaodtm","status":"publish","type":"page","link":"https:\/\/wp.ufpel.edu.br\/aditeme\/atendimento-especial-de-pacientes-com-disfuncao-da-articulacao-temporomandibular-aditeme\/arquivos-em-oclusaodtm\/","title":{"rendered":"Arquivos"},"content":{"rendered":"<p><span style=\"color: #800000\"><strong><em>ATEN\u00c7\u00c3O:\u00a0 Todos os arquivos dispon\u00edveis neste portal est\u00e3o livres de v\u00edrus. Os arquivos s\u00e3o livres para leitura e divulga\u00e7\u00e3o desde que citada a origem dos textos. N\u00e3o \u00e9 permitido seu uso para fins comerciais, alterar ou adicionar\/remover textos do conte\u00fado dispon\u00edvel.<\/em><\/strong><\/span><\/p>\n<p><span style=\"color: #800000\"><strong><em><strong><em> Arquivos para Baixar:<\/em><\/strong><\/em><\/strong><\/span><\/p>\n<p>&nbsp;<\/p>\n<ul>\n<li>Normas de funcionamento: <a href=\"http:\/\/odonto.ufpel.edu.br\/DepOdontRestau\/Normas_Funcion.pdf\">&#8211; clique aqui!<\/a><\/li>\n<li>Instru\u00e7\u00f5es aos Extensionistas<a href=\"http:\/\/odonto.ufpel.edu.br\/DepOdontRestau\/Normas_Instrucoes.pdf\"> &#8211; clique aqui!<\/a><\/li>\n<li>Bibliografia b\u00e1sica <a href=\"http:\/\/odonto.ufpel.edu.br\/DepOdontRestau\/Bibliografia_052015.pdf\">&#8211; clique aqui!<\/a><\/li>\n<\/ul>\n<p>Temas em Oclus\u00e3o:<\/p>\n<table style=\"height: 1237px\" width=\"738\">\n<tbody>\n<tr>\n<td style=\"text-align: center;width: 353px\" width=\"386\"><span style=\"color: #800000\"><strong><span style=\"font-family: arial,helvetica,sans-serif\">Assunto<\/span><\/strong><\/span><\/td>\n<td style=\"text-align: center;width: 286px\" width=\"195\"><span style=\"color: #800000\"><strong><span style=\"font-family: arial,helvetica,sans-serif\">Arquivo<\/span><\/strong><\/span><\/td>\n<\/tr>\n<tr>\n<td style=\"width: 353px\" width=\"386\">\u00a0 Rela\u00e7\u00e3o C\u00eantrica<\/td>\n<td style=\"width: 286px\" width=\"195\"><a href=\"https:\/\/wp.ufpel.edu.br\/aditeme\/files\/2019\/10\/RC_2019.pdf\" target=\"_blank\" rel=\"noopener noreferrer\"><strong><em>RC.pdf! <\/em><\/strong><\/a><\/td>\n<\/tr>\n<tr>\n<td style=\"width: 353px\" width=\"386\">\u00a0 Rela\u00e7\u00e3o C\u00eantrica &#8211; Becker etal (2000)<\/td>\n<td style=\"width: 286px\" width=\"195\"><a href=\"http:\/\/odonto.ufpel.edu.br\/DepOdontRestau\/RC_Becker_etal.pdf\"><strong><em>RC-Becker.pdf!<\/em><\/strong><\/a><\/td>\n<\/tr>\n<tr>\n<td style=\"width: 353px\" width=\"386\"><strong><em>Os temas a seguir dizem respeito ao assunto: &#8220;Conceitos Restauradores de Oclus\u00e3o&#8221;<\/em><\/strong> \u00a0 \u00a0(vide refer\u00eancias do Projeto)<\/td>\n<td style=\"width: 286px\" width=\"195\"><\/td>\n<\/tr>\n<tr>\n<td style=\"width: 353px\" width=\"386\">&#8220;Conceito Gnatol\u00f3gico&#8221;<br \/>\n&#8220;Conceitos de C\u00eantrica Longa&#8221;*<\/td>\n<td style=\"width: 286px\" width=\"195\"><a href=\"https:\/\/wp.ufpel.edu.br\/aditeme\/files\/2016\/03\/CONC_GNATOL_2012.pdf\" target=\"_blank\" rel=\"noopener noreferrer\"><strong><em>ConcGnatoCLonga.pdf!<\/em><\/strong><\/a><\/td>\n<\/tr>\n<tr>\n<td style=\"width: 353px\" width=\"386\">&#8220;Conceito de Schuyler&#8221;<br \/>\n&#8220;Conceito de Pankey-Mann\/Schuyler&#8221;<\/td>\n<td style=\"width: 286px\" width=\"195\"><a href=\"https:\/\/wp.ufpel.edu.br\/aditeme\/files\/2016\/03\/Schuyler_2011.pdf\" target=\"_blank\" rel=\"noopener noreferrer\"><strong><em>ConcSchuyler.pdf!<\/em><\/strong><\/a><br \/>\n<strong><br \/>\n<\/strong><\/td>\n<\/tr>\n<tr>\n<td style=\"width: 353px\" width=\"386\">&#8220;A Liberdade em C\u00eantrica de Ramfjord e Ash&#8221;<br \/>\n&#8220;Conceito da Perda de Dimens\u00e3o de Oclus\u00e3o&#8221; \u00a0&#8211;<\/td>\n<td style=\"width: 286px\" width=\"195\"><strong><em><a href=\"https:\/\/wp.ufpel.edu.br\/aditeme\/files\/2016\/03\/Liberd_Centr_2014-1.pdf\">LiberdCentric.pdf!<\/a><br \/>\n<\/em><\/strong><\/td>\n<\/tr>\n<tr>\n<td style=\"width: 353px\" width=\"386\">&#8220;Princ\u00edpios da Guia Anterior de Oclus\u00e3o&#8221;<\/td>\n<td style=\"width: 286px\" width=\"195\"><strong><em><a href=\"https:\/\/wp.ufpel.edu.br\/aditeme\/files\/2016\/03\/Guia_anterior_2015.pdf\" target=\"_blank\" rel=\"noopener noreferrer\">Guia anterior.pdf! <\/a><br \/>\n<\/em><\/strong><\/td>\n<\/tr>\n<tr>\n<td style=\"width: 353px\" width=\"386\">&#8220;Guia e Determinantes da Oclus\u00e3o&#8221; e<br \/>\n&#8220;Caracter\u00edsticas autoprotetoras da denti\u00e7\u00e3o&#8221;<\/td>\n<td style=\"width: 286px\" width=\"195\"><a href=\"https:\/\/wp.ufpel.edu.br\/aditeme\/files\/2016\/03\/Determinantes_2014.pdf\" target=\"_blank\" rel=\"noopener noreferrer\"><strong><em>Determinantes.pdf!<\/em><\/strong><\/a><\/td>\n<\/tr>\n<tr>\n<td style=\"width: 353px\" width=\"386\">&#8220;Bruxismo: uma experi\u00eancia com pacientes&#8221; 9 p. &#8211; Coordena\u00e7\u00e3o<\/td>\n<td style=\"width: 286px\" width=\"195\"><a href=\"https:\/\/wp.ufpel.edu.br\/aditeme\/files\/2017\/02\/Bruxismo_Part2_2016.pdf\" target=\"_blank\" rel=\"noopener noreferrer\"><strong>Bruxismo.pdf<\/strong><\/a><\/td>\n<\/tr>\n<tr>\n<td style=\"width: 353px\" width=\"386\">&#8220;Etiologia das DTMs&#8221; &#8211; Coordena\u00e7\u00e3o<\/td>\n<td style=\"width: 286px\" width=\"195\"><a href=\"https:\/\/wp.ufpel.edu.br\/aditeme\/files\/2020\/12\/ETIOLOGIA_DTM_2020.pdf\" target=\"_blank\" rel=\"noopener noreferrer\"><strong>Etiologia.pdf<\/strong><\/a><\/td>\n<\/tr>\n<tr>\n<td style=\"width: 353px\" width=\"386\">&#8220;Bruxismo: considera\u00e7\u00f5es te\u00f3ricas&#8221; 14 p.- Coordena\u00e7\u00e3o<\/td>\n<td style=\"width: 286px\" width=\"195\"><a href=\"https:\/\/wp.ufpel.edu.br\/aditeme\/files\/2019\/10\/Bruxismo_2019.pdf\" target=\"_blank\" rel=\"noopener noreferrer\"><strong>Bruxismo_2<\/strong><strong>.pdf<\/strong><\/a><\/td>\n<\/tr>\n<tr>\n<td style=\"width: 353px\">&#8220;Rela\u00e7\u00f5es Din\u00e2micas dos Maxilares&#8221; &#8211; Coordena\u00e7\u00e3o<\/td>\n<td style=\"width: 286px\"><a href=\"https:\/\/wp.ufpel.edu.br\/aditeme\/files\/2016\/03\/Dinamica_MM_2014.pdf\" target=\"_blank\" rel=\"noopener noreferrer\"><b>Rela\u00e7\u00f5es_MM.pdf<\/b><\/a><\/td>\n<\/tr>\n<tr>\n<td style=\"width: 353px\">ACUPUNTURA E O TRATAMENTO DAS DISFUN\u00c7\u00d5ES TEMPOROMANDIBULARES&#8221; 13 p.<\/td>\n<td style=\"width: 286px\"><a href=\"https:\/\/wp.ufpel.edu.br\/aditeme\/files\/2017\/02\/Acupuntura_ADITEME_2016.pdf\" target=\"_blank\" rel=\"noopener noreferrer\">ACUPUNTURA_Odontologia.pdf<\/a><\/td>\n<\/tr>\n<tr>\n<td style=\"width: 353px\">AJUSTE OCLUSAL &#8211; CORONOPLASTIA, 51 pg.<\/td>\n<td style=\"width: 286px\"><strong><a href=\"https:\/\/wp.ufpel.edu.br\/aditeme\/files\/2016\/03\/Plano_Oclusal_2014.pdf\" target=\"_blank\" rel=\"noopener noreferrer\">Ajuste_Oclusal_1.pdf<\/a><\/strong><\/td>\n<\/tr>\n<tr>\n<td style=\"width: 353px\">AJUSTE OCLUSAL, 25 pg.<\/td>\n<td style=\"width: 286px\"><strong><a href=\"https:\/\/wp.ufpel.edu.br\/protparcial\/files\/2016\/02\/AJUSTE-OCLUSAL-Guilherme-Guimar\u00e3es_2015.pdf\" target=\"_blank\" rel=\"noopener noreferrer\">Ajuste_Oclusal_1.pdf<\/a><\/strong><\/td>\n<\/tr>\n<tr>\n<td style=\"width: 353px\">Conceitos B\u00e1sicos da Anatomia da Articula\u00e7\u00e3o Temporomandibular<\/td>\n<td style=\"width: 286px\"><strong><a href=\"https:\/\/wp.ufpel.edu.br\/aditeme\/files\/2019\/10\/Anatomia_ATM_2019.pdf\" target=\"_blank\" rel=\"noopener noreferrer\">Anatomia_ATM.pdf<\/a><\/strong><\/td>\n<\/tr>\n<tr>\n<td style=\"width: 353px\">Preval\u00eancia de DTM na popula\u00e7\u00e3o adulta &#8211; Revis\u00e3o 2020, 39p.<\/td>\n<td style=\"width: 286px\"><strong><a href=\"https:\/\/wp.ufpel.edu.br\/aditeme\/files\/2020\/12\/Prevalencia_DTM_2020.pdf\" target=\"_blank\" rel=\"noopener noreferrer\">Prevalencia_DTM.pdf<\/a><\/strong><\/td>\n<\/tr>\n<tr>\n<td style=\"width: 353px\">Tese de Professor Titular: Estudo retrospectivo de 15 anos em pacientes com Disfun\u00e7\u00e3o da Articula\u00e7\u00e3o Temporomandibular &#8211; DTM, 2014. 113 pg.<\/td>\n<td style=\"width: 286px\"><strong><a href=\"https:\/\/wp.ufpel.edu.br\/protparcial\/files\/2015\/11\/Titular-Livre_Defesa_Final.pdf\" target=\"_blank\" rel=\"noopener noreferrer\">Tese_DTM_2014.pdf<\/a><\/strong><\/td>\n<\/tr>\n<tr>\n<td style=\"width: 353px\">\n<ul>\n<li>T\u00e9cnica de confe\u00e7\u00e3o de Plato Frontal ou Aparelho de SVED &#8211; Revis\u00e3o 2019-20;<\/li>\n<\/ul>\n<\/td>\n<td style=\"width: 286px\">\n<ul>\n<li><a href=\"https:\/\/wp.ufpel.edu.br\/aditeme\/files\/2020\/03\/Plato_Frontal_2019_20.pdf\" target=\"_blank\" rel=\"noopener noreferrer\">Plato Frontal ou Aparelho de SVED;<\/a><\/li>\n<\/ul>\n<\/td>\n<\/tr>\n<tr>\n<td style=\"width: 353px\">DTM, Desordens articulares<\/td>\n<td style=\"width: 286px\">\n<ul>\n<li><a href=\"https:\/\/wp.ufpel.edu.br\/aditeme\/files\/2020\/11\/Desordens_ATM_Titulos.pdf\" target=\"_blank\" rel=\"noopener noreferrer\">RESUMO;<\/a><\/li>\n<\/ul>\n<\/td>\n<\/tr>\n<tr>\n<td style=\"width: 353px\">DTM, Desordens musculares<\/td>\n<td style=\"width: 286px\">\n<ul>\n<li><a href=\"https:\/\/wp.ufpel.edu.br\/aditeme\/files\/2020\/11\/Desordens_Musculares_Titulos.pdf\" target=\"_blank\" rel=\"noopener noreferrer\">RESUMO<\/a>;<\/li>\n<\/ul>\n<\/td>\n<\/tr>\n<\/tbody>\n<\/table>\n<p>&nbsp;<\/p>\n<p>* Os conceitos &#8220;C\u00eantrica Longa&#8221; \u00a0e &#8220;Liberdade em C\u00eantrica&#8221; <strong>n\u00e3o s\u00e3o sin\u00f4nimos!<\/strong><\/p>\n","protected":false},"excerpt":{"rendered":"<p>ATEN\u00c7\u00c3O:\u00a0 Todos os arquivos dispon\u00edveis neste portal est\u00e3o livres de v\u00edrus. Os arquivos s\u00e3o livres para leitura e divulga\u00e7\u00e3o desde que citada a origem dos textos. N\u00e3o \u00e9 permitido seu uso para fins comerciais, alterar ou adicionar\/remover textos do conte\u00fado &hellip; <a href=\"https:\/\/wp.ufpel.edu.br\/aditeme\/atendimento-especial-de-pacientes-com-disfuncao-da-articulacao-temporomandibular-aditeme\/arquivos-em-oclusaodtm\/\">Continue lendo <span class=\"meta-nav\">&rarr;<\/span><\/a><\/p>\n","protected":false},"author":575,"featured_media":0,"parent":6,"menu_order":3,"comment_status":"closed","ping_status":"closed","template":"","meta":{"jetpack_post_was_ever_published":false,"footnotes":""},"class_list":["post-33","page","type-page","status-publish","hentry"],"jetpack_sharing_enabled":true,"jetpack_shortlink":"https:\/\/wp.me\/P6TkMU-x","jetpack-related-posts":[],"_links":{"self":[{"href":"https:\/\/wp.ufpel.edu.br\/aditeme\/wp-json\/wp\/v2\/pages\/33","targetHints":{"allow":["GET"]}}],"collection":[{"href":"https:\/\/wp.ufpel.edu.br\/aditeme\/wp-json\/wp\/v2\/pages"}],"about":[{"href":"https:\/\/wp.ufpel.edu.br\/aditeme\/wp-json\/wp\/v2\/types\/page"}],"author":[{"embeddable":true,"href":"https:\/\/wp.ufpel.edu.br\/aditeme\/wp-json\/wp\/v2\/users\/575"}],"replies":[{"embeddable":true,"href":"https:\/\/wp.ufpel.edu.br\/aditeme\/wp-json\/wp\/v2\/comments?post=33"}],"version-history":[{"count":41,"href":"https:\/\/wp.ufpel.edu.br\/aditeme\/wp-json\/wp\/v2\/pages\/33\/revisions"}],"predecessor-version":[{"id":605,"href":"https:\/\/wp.ufpel.edu.br\/aditeme\/wp-json\/wp\/v2\/pages\/33\/revisions\/605"}],"up":[{"embeddable":true,"href":"https:\/\/wp.ufpel.edu.br\/aditeme\/wp-json\/wp\/v2\/pages\/6"}],"wp:attachment":[{"href":"https:\/\/wp.ufpel.edu.br\/aditeme\/wp-json\/wp\/v2\/media?parent=33"}],"curies":[{"name":"wp","href":"https:\/\/api.w.org\/{rel}","templated":true}]}}